{"id":17864,"date":"2025-03-09T20:25:08","date_gmt":"2025-03-09T20:25:08","guid":{"rendered":"https:\/\/aigleshopping.ca\/produit\/alimentation-mobile-bidirectionnelle-a-charge-rapide-avec-mini-cable-integre\/"},"modified":"2025-03-09T20:25:08","modified_gmt":"2025-03-09T20:25:08","slug":"alimentation-mobile-bidirectionnelle-a-charge-rapide-avec-mini-cable-integre","status":"publish","type":"product","link":"https:\/\/aigleshopping.ca\/fr\/produit\/alimentation-mobile-bidirectionnelle-a-charge-rapide-avec-mini-cable-integre\/","title":{"rendered":"Alimentation mobile bidirectionnelle \u00e0 charge rapide avec mini-c\u00e2ble int\u00e9gr\u00e9"},"content":{"rendered":"<p>  <b> Informations sur le produit : <br \/> <\/b> Type de batterie : batterie lithium-ion polym\u00e8re <br \/> Mat\u00e9riau de la coque : plastique <br \/> Couleur : noir, blanc, rose, vert <br \/> Capacit\u00e9 d&rsquo;alimentation : 10000mAh (version \u00e0 charge rapide 66W) <br \/> Fonction : Prise en charge de la charge rapide <\/p>\n<p> <b> Informations sur les dimensions : <\/b> <b> <br \/>  Taille : 83 * 64.5 * 25.5mm <\/b> <\/p>\n<p> <b> Liste d&#8217;emballage : <\/b> <b> <br \/>  Banc d&rsquo;alimentation*1 <\/b>  <\/p>\n<p> <img decoding=\"async\" src=\"https:\/\/cf.cjdropshipping.com\/c58ded57-e5dc-4561-ad14-27aa9d23cfc6.jpg\"> <img decoding=\"async\" src=\"https:\/\/cf.cjdropshipping.com\/a39587d0-c922-4b50-be07-8cfa9447bf76.jpg\"> <img decoding=\"async\" src=\"https:\/\/cf.cjdropshipping.com\/e03d1648-6e2d-4656-adc4-b4b59e70829d.jpg\"> <img decoding=\"async\" src=\"https:\/\/cf.cjdropshipping.com\/e31742d3-4d26-4303-a4ef-c12a899d7477.jpg\"> <img decoding=\"async\" src=\"https:\/\/cf.cjdropshipping.com\/69f8c959-3edd-470b-93ad-6dd48c79964e.jpg\"> <img decoding=\"async\" src=\"https:\/\/cf.cjdropshipping.com\/04dd98fa-fa56-4d81-9d67-1f7ce90c2463.jpg\">  <\/p>\n","protected":false},"excerpt":{"rendered":"<p>Informations sur le produit : Type de batterie : batterie lithium-ion polym\u00e8re Mat\u00e9riau de la coque : plastique Couleur : noir, blanc, rose, vert Capacit\u00e9 d&rsquo;alimentation : 10000mAh (version \u00e0 charge rapide 66W) Fonction : Prise en charge de la charge rapide Informations sur les dimensions : Taille : 83 * 64.5 * 25.5mm Liste [&hellip;]<\/p>\n","protected":false},"featured_media":17773,"comment_status":"open","ping_status":"closed","template":"","meta":{"content-type":""},"product_brand":[],"product_cat":[739],"product_tag":[],"class_list":{"0":"post-17864","1":"product","2":"type-product","3":"status-publish","4":"has-post-thumbnail","6":"product_cat-banque-denergie-et-station-de-recharge","8":"first","9":"instock","10":"taxable","11":"shipping-taxable","12":"purchasable","13":"product-type-variable","14":"add-to-wishlist-after_add_to_cart"},"yoast_head":"<!-- This site is optimized with the Yoast SEO plugin v27.4 - https:\/\/yoast.com\/product\/yoast-seo-wordpress\/ -->\n<title>Alimentation mobile bidirectionnelle \u00e0 charge rapide avec mini-c\u00e2ble int\u00e9gr\u00e9 - Aigle Shopping Canada<\/title>\n<meta name=\"robots\" content=\"index, follow, max-snippet:-1, max-image-preview:large, max-video-preview:-1\" \/>\n<link rel=\"canonical\" href=\"https:\/\/aigleshopping.ca\/fr\/produit\/alimentation-mobile-bidirectionnelle-a-charge-rapide-avec-mini-cable-integre\/\" \/>\n<meta property=\"og:locale\" content=\"fr_FR\" \/>\n<meta property=\"og:type\" content=\"article\" \/>\n<meta property=\"og:title\" content=\"Alimentation mobile bidirectionnelle \u00e0 charge rapide avec mini-c\u00e2ble int\u00e9gr\u00e9 - Aigle Shopping Canada\" \/>\n<meta property=\"og:description\" content=\"Informations sur le produit : Type de batterie : batterie lithium-ion polym\u00e8re Mat\u00e9riau de la coque : plastique Couleur : noir, blanc, rose, vert Capacit\u00e9 d&rsquo;alimentation : 10000mAh (version \u00e0 charge rapide 66W) Fonction : Prise en charge de la charge rapide Informations sur les dimensions : Taille : 83 * 64.5 * 25.5mm Liste [&hellip;]\" \/>\n<meta property=\"og:url\" content=\"https:\/\/aigleshopping.ca\/fr\/produit\/alimentation-mobile-bidirectionnelle-a-charge-rapide-avec-mini-cable-integre\/\" \/>\n<meta property=\"og:site_name\" content=\"Aigle Shopping Canada\" \/>\n<meta property=\"og:image\" content=\"https:\/\/aigleshopping.ca\/wp-content\/uploads\/2025\/03\/790ffd15-546f-4e02-ad31-f413934be9f8.jpg\" \/>\n\t<meta property=\"og:image:width\" content=\"790\" \/>\n\t<meta property=\"og:image:height\" content=\"790\" \/>\n\t<meta property=\"og:image:type\" content=\"image\/jpeg\" \/>\n<meta name=\"twitter:card\" content=\"summary_large_image\" \/>\n<script type=\"application\/ld+json\" class=\"yoast-schema-graph\">{\"@context\":\"https:\\\/\\\/schema.org\",\"@graph\":[{\"@type\":\"WebPage\",\"@id\":\"https:\\\/\\\/aigleshopping.ca\\\/fr\\\/produit\\\/alimentation-mobile-bidirectionnelle-a-charge-rapide-avec-mini-cable-integre\\\/\",\"url\":\"https:\\\/\\\/aigleshopping.ca\\\/fr\\\/produit\\\/alimentation-mobile-bidirectionnelle-a-charge-rapide-avec-mini-cable-integre\\\/\",\"name\":\"Alimentation mobile bidirectionnelle \u00e0 charge rapide avec mini-c\u00e2ble int\u00e9gr\u00e9 - Aigle Shopping Canada\",\"isPartOf\":{\"@id\":\"https:\\\/\\\/aigleshopping.ca\\\/#website\"},\"primaryImageOfPage\":{\"@id\":\"https:\\\/\\\/aigleshopping.ca\\\/fr\\\/produit\\\/alimentation-mobile-bidirectionnelle-a-charge-rapide-avec-mini-cable-integre\\\/#primaryimage\"},\"image\":{\"@id\":\"https:\\\/\\\/aigleshopping.ca\\\/fr\\\/produit\\\/alimentation-mobile-bidirectionnelle-a-charge-rapide-avec-mini-cable-integre\\\/#primaryimage\"},\"thumbnailUrl\":\"https:\\\/\\\/aigleshopping.ca\\\/wp-content\\\/uploads\\\/2025\\\/03\\\/790ffd15-546f-4e02-ad31-f413934be9f8.jpg\",\"datePublished\":\"2025-03-09T20:25:08+00:00\",\"breadcrumb\":{\"@id\":\"https:\\\/\\\/aigleshopping.ca\\\/fr\\\/produit\\\/alimentation-mobile-bidirectionnelle-a-charge-rapide-avec-mini-cable-integre\\\/#breadcrumb\"},\"inLanguage\":\"fr-FR\",\"potentialAction\":[{\"@type\":\"ReadAction\",\"target\":[\"https:\\\/\\\/aigleshopping.ca\\\/fr\\\/produit\\\/alimentation-mobile-bidirectionnelle-a-charge-rapide-avec-mini-cable-integre\\\/\"]}]},{\"@type\":\"ImageObject\",\"inLanguage\":\"fr-FR\",\"@id\":\"https:\\\/\\\/aigleshopping.ca\\\/fr\\\/produit\\\/alimentation-mobile-bidirectionnelle-a-charge-rapide-avec-mini-cable-integre\\\/#primaryimage\",\"url\":\"https:\\\/\\\/aigleshopping.ca\\\/wp-content\\\/uploads\\\/2025\\\/03\\\/790ffd15-546f-4e02-ad31-f413934be9f8.jpg\",\"contentUrl\":\"https:\\\/\\\/aigleshopping.ca\\\/wp-content\\\/uploads\\\/2025\\\/03\\\/790ffd15-546f-4e02-ad31-f413934be9f8.jpg\",\"width\":790,\"height\":790},{\"@type\":\"BreadcrumbList\",\"@id\":\"https:\\\/\\\/aigleshopping.ca\\\/fr\\\/produit\\\/alimentation-mobile-bidirectionnelle-a-charge-rapide-avec-mini-cable-integre\\\/#breadcrumb\",\"itemListElement\":[{\"@type\":\"ListItem\",\"position\":1,\"name\":\"Home\",\"item\":\"https:\\\/\\\/aigleshopping.ca\\\/fr\\\/home\\\/\"},{\"@type\":\"ListItem\",\"position\":2,\"name\":\"Products\",\"item\":\"https:\\\/\\\/aigleshopping.ca\\\/shop\\\/\"},{\"@type\":\"ListItem\",\"position\":3,\"name\":\"Alimentation mobile bidirectionnelle \u00e0 charge rapide avec mini-c\u00e2ble int\u00e9gr\u00e9\"}]},{\"@type\":\"WebSite\",\"@id\":\"https:\\\/\\\/aigleshopping.ca\\\/#website\",\"url\":\"https:\\\/\\\/aigleshopping.ca\\\/\",\"name\":\"Aigle Shopping Canada\",\"description\":\"Au-del\u00e0 des fronti\u00e8res, pour vous offrir le\u00a0meilleur!\",\"publisher\":{\"@id\":\"https:\\\/\\\/aigleshopping.ca\\\/#organization\"},\"potentialAction\":[{\"@type\":\"SearchAction\",\"target\":{\"@type\":\"EntryPoint\",\"urlTemplate\":\"https:\\\/\\\/aigleshopping.ca\\\/?s={search_term_string}\"},\"query-input\":{\"@type\":\"PropertyValueSpecification\",\"valueRequired\":true,\"valueName\":\"search_term_string\"}}],\"inLanguage\":\"fr-FR\"},{\"@type\":\"Organization\",\"@id\":\"https:\\\/\\\/aigleshopping.ca\\\/#organization\",\"name\":\"Aigle Shopping Canada\",\"url\":\"https:\\\/\\\/aigleshopping.ca\\\/\",\"logo\":{\"@type\":\"ImageObject\",\"inLanguage\":\"fr-FR\",\"@id\":\"https:\\\/\\\/aigleshopping.ca\\\/#\\\/schema\\\/logo\\\/image\\\/\",\"url\":\"https:\\\/\\\/aigleshopping.ca\\\/wp-content\\\/uploads\\\/2025\\\/12\\\/logo_aigleshopping_ca.png\",\"contentUrl\":\"https:\\\/\\\/aigleshopping.ca\\\/wp-content\\\/uploads\\\/2025\\\/12\\\/logo_aigleshopping_ca.png\",\"width\":800,\"height\":233,\"caption\":\"Aigle Shopping Canada\"},\"image\":{\"@id\":\"https:\\\/\\\/aigleshopping.ca\\\/#\\\/schema\\\/logo\\\/image\\\/\"}}]}<\/script>\n<!-- \/ Yoast SEO plugin. -->","yoast_head_json":{"title":"Alimentation mobile bidirectionnelle \u00e0 charge rapide avec mini-c\u00e2ble int\u00e9gr\u00e9 - Aigle Shopping Canada","robots":{"index":"index","follow":"follow","max-snippet":"max-snippet:-1","max-image-preview":"max-image-preview:large","max-video-preview":"max-video-preview:-1"},"canonical":"https:\/\/aigleshopping.ca\/fr\/produit\/alimentation-mobile-bidirectionnelle-a-charge-rapide-avec-mini-cable-integre\/","og_locale":"fr_FR","og_type":"article","og_title":"Alimentation mobile bidirectionnelle \u00e0 charge rapide avec mini-c\u00e2ble int\u00e9gr\u00e9 - Aigle Shopping Canada","og_description":"Informations sur le produit : Type de batterie : batterie lithium-ion polym\u00e8re Mat\u00e9riau de la coque : plastique Couleur : noir, blanc, rose, vert Capacit\u00e9 d&rsquo;alimentation : 10000mAh (version \u00e0 charge rapide 66W) Fonction : Prise en charge de la charge rapide Informations sur les dimensions : Taille : 83 * 64.5 * 25.5mm Liste [&hellip;]","og_url":"https:\/\/aigleshopping.ca\/fr\/produit\/alimentation-mobile-bidirectionnelle-a-charge-rapide-avec-mini-cable-integre\/","og_site_name":"Aigle Shopping Canada","og_image":[{"width":790,"height":790,"url":"https:\/\/aigleshopping.ca\/wp-content\/uploads\/2025\/03\/790ffd15-546f-4e02-ad31-f413934be9f8.jpg","type":"image\/jpeg"}],"twitter_card":"summary_large_image","schema":{"@context":"https:\/\/schema.org","@graph":[{"@type":"WebPage","@id":"https:\/\/aigleshopping.ca\/fr\/produit\/alimentation-mobile-bidirectionnelle-a-charge-rapide-avec-mini-cable-integre\/","url":"https:\/\/aigleshopping.ca\/fr\/produit\/alimentation-mobile-bidirectionnelle-a-charge-rapide-avec-mini-cable-integre\/","name":"Alimentation mobile bidirectionnelle \u00e0 charge rapide avec mini-c\u00e2ble int\u00e9gr\u00e9 - Aigle Shopping Canada","isPartOf":{"@id":"https:\/\/aigleshopping.ca\/#website"},"primaryImageOfPage":{"@id":"https:\/\/aigleshopping.ca\/fr\/produit\/alimentation-mobile-bidirectionnelle-a-charge-rapide-avec-mini-cable-integre\/#primaryimage"},"image":{"@id":"https:\/\/aigleshopping.ca\/fr\/produit\/alimentation-mobile-bidirectionnelle-a-charge-rapide-avec-mini-cable-integre\/#primaryimage"},"thumbnailUrl":"https:\/\/aigleshopping.ca\/wp-content\/uploads\/2025\/03\/790ffd15-546f-4e02-ad31-f413934be9f8.jpg","datePublished":"2025-03-09T20:25:08+00:00","breadcrumb":{"@id":"https:\/\/aigleshopping.ca\/fr\/produit\/alimentation-mobile-bidirectionnelle-a-charge-rapide-avec-mini-cable-integre\/#breadcrumb"},"inLanguage":"fr-FR","potentialAction":[{"@type":"ReadAction","target":["https:\/\/aigleshopping.ca\/fr\/produit\/alimentation-mobile-bidirectionnelle-a-charge-rapide-avec-mini-cable-integre\/"]}]},{"@type":"ImageObject","inLanguage":"fr-FR","@id":"https:\/\/aigleshopping.ca\/fr\/produit\/alimentation-mobile-bidirectionnelle-a-charge-rapide-avec-mini-cable-integre\/#primaryimage","url":"https:\/\/aigleshopping.ca\/wp-content\/uploads\/2025\/03\/790ffd15-546f-4e02-ad31-f413934be9f8.jpg","contentUrl":"https:\/\/aigleshopping.ca\/wp-content\/uploads\/2025\/03\/790ffd15-546f-4e02-ad31-f413934be9f8.jpg","width":790,"height":790},{"@type":"BreadcrumbList","@id":"https:\/\/aigleshopping.ca\/fr\/produit\/alimentation-mobile-bidirectionnelle-a-charge-rapide-avec-mini-cable-integre\/#breadcrumb","itemListElement":[{"@type":"ListItem","position":1,"name":"Home","item":"https:\/\/aigleshopping.ca\/fr\/home\/"},{"@type":"ListItem","position":2,"name":"Products","item":"https:\/\/aigleshopping.ca\/shop\/"},{"@type":"ListItem","position":3,"name":"Alimentation mobile bidirectionnelle \u00e0 charge rapide avec mini-c\u00e2ble int\u00e9gr\u00e9"}]},{"@type":"WebSite","@id":"https:\/\/aigleshopping.ca\/#website","url":"https:\/\/aigleshopping.ca\/","name":"Aigle Shopping Canada","description":"Au-del\u00e0 des fronti\u00e8res, pour vous offrir le\u00a0meilleur!","publisher":{"@id":"https:\/\/aigleshopping.ca\/#organization"},"potentialAction":[{"@type":"SearchAction","target":{"@type":"EntryPoint","urlTemplate":"https:\/\/aigleshopping.ca\/?s={search_term_string}"},"query-input":{"@type":"PropertyValueSpecification","valueRequired":true,"valueName":"search_term_string"}}],"inLanguage":"fr-FR"},{"@type":"Organization","@id":"https:\/\/aigleshopping.ca\/#organization","name":"Aigle Shopping Canada","url":"https:\/\/aigleshopping.ca\/","logo":{"@type":"ImageObject","inLanguage":"fr-FR","@id":"https:\/\/aigleshopping.ca\/#\/schema\/logo\/image\/","url":"https:\/\/aigleshopping.ca\/wp-content\/uploads\/2025\/12\/logo_aigleshopping_ca.png","contentUrl":"https:\/\/aigleshopping.ca\/wp-content\/uploads\/2025\/12\/logo_aigleshopping_ca.png","width":800,"height":233,"caption":"Aigle Shopping Canada"},"image":{"@id":"https:\/\/aigleshopping.ca\/#\/schema\/logo\/image\/"}}]}},"jetpack_sharing_enabled":true,"_links":{"self":[{"href":"https:\/\/aigleshopping.ca\/fr\/wp-json\/wp\/v2\/product\/17864","targetHints":{"allow":["GET"]}}],"collection":[{"href":"https:\/\/aigleshopping.ca\/fr\/wp-json\/wp\/v2\/product"}],"about":[{"href":"https:\/\/aigleshopping.ca\/fr\/wp-json\/wp\/v2\/types\/product"}],"replies":[{"embeddable":true,"href":"https:\/\/aigleshopping.ca\/fr\/wp-json\/wp\/v2\/comments?post=17864"}],"wp:featuredmedia":[{"embeddable":true,"href":"https:\/\/aigleshopping.ca\/fr\/wp-json\/wp\/v2\/media\/17773"}],"wp:attachment":[{"href":"https:\/\/aigleshopping.ca\/fr\/wp-json\/wp\/v2\/media?parent=17864"}],"wp:term":[{"taxonomy":"product_brand","embeddable":true,"href":"https:\/\/aigleshopping.ca\/fr\/wp-json\/wp\/v2\/product_brand?post=17864"},{"taxonomy":"product_cat","embeddable":true,"href":"https:\/\/aigleshopping.ca\/fr\/wp-json\/wp\/v2\/product_cat?post=17864"},{"taxonomy":"product_tag","embeddable":true,"href":"https:\/\/aigleshopping.ca\/fr\/wp-json\/wp\/v2\/product_tag?post=17864"}],"curies":[{"name":"wp","href":"https:\/\/api.w.org\/{rel}","templated":true}]}}