{"id":20546,"date":"2025-03-08T18:59:25","date_gmt":"2025-03-08T18:59:25","guid":{"rendered":"https:\/\/aigleshopping.ca\/produit\/filet-de-volleyball-pliant-hauteur-ajustable-filet-de-badminton-ourdoor-ball-accessoires-sportifs-utilisation-pour-plage\/"},"modified":"2025-03-08T18:59:25","modified_gmt":"2025-03-08T18:59:25","slug":"filet-de-volleyball-pliant-hauteur-ajustable-filet-de-badminton-ourdoor-ball-accessoires-sportifs-utilisation-pour-plage","status":"publish","type":"product","link":"https:\/\/aigleshopping.ca\/fr\/produit\/filet-de-volleyball-pliant-hauteur-ajustable-filet-de-badminton-ourdoor-ball-accessoires-sportifs-utilisation-pour-plage\/","title":{"rendered":"Filet de Volleyball Pliant Hauteur Ajustable Filet de Badminton Ourdoor Ball Accessoires Sportifs Utilisation Pour Plage"},"content":{"rendered":"<p> <b>Vue d&rsquo;ensemble\uff1a<\/b>  <\/p>\n<p>  1. pliable : Ce cadre de filet de volley-ball pliable peut \u00eatre install\u00e9 rapidement. Il convient aux sports de plein air tels que le volley-ball et le tennis. La hauteur du cadre de filet est r\u00e9glable, simple et pratique, ajoutant du plaisir \u00e0 vos activit\u00e9s de plein air.    <br \/>  2. r\u00e9glable en hauteur : Il peut \u00eatre ajust\u00e9 \u00e0 3 hauteurs (215.9cm, 182.8cm, 154.9cm) en ajustant la boucle sur le poteau assure l&rsquo;ajustement de la hauteur du filet entre les poteaux.  <br \/>  3. filet r\u00e9sistant \u00e0 l&rsquo;usure : Le filet tiss\u00e9 est durable, solide, anticorrosion et r\u00e9sistant \u00e0 l&rsquo;usure.  <br \/>  4. facile \u00e0 installer : Rapide et facile \u00e0 installer, vos amis s&rsquo;impliqueront rapidement dans les jeux sportifs.  <br \/>  5.Occasion : Il convient \u00e0 la construction ext\u00e9rieure dans les arri\u00e8re-cours, les parcs, les plages et d&rsquo;autres lieux ext\u00e9rieurs.  <\/p>\n<p> <b> <br \/> <\/b> <\/p>\n<p> <b>Sp\u00e9cification\uff1a<\/b> <b> <br \/> <\/b> <\/p>\n<p>  Cat\u00e9gorie de produit : Filet de volleyball <br \/> Mat\u00e9riau : PP <br \/> Couleur : bleu <br \/> Num\u00e9ro d&rsquo;article : Sans table de sable <br \/> Sc\u00e8ne d&rsquo;application : autres jeux de balle, \u00e9quipement de terrain de jeu <br \/> Poids : 1.4KG Taille de l&#8217;emballage : 59*14*7cm  <\/p>\n<p> <b>Contenu du paquet<\/b> <b>:<\/b> <\/p>\n<p>1*Cadre de filet de volley-ball<\/p>\n<p> <img decoding=\"async\" src=\"https:\/\/cf.cjdropshipping.com\/2142e367-ff20-40c6-9029-47adcee3cecb.jpg\" width=\"50%\"> <img decoding=\"async\" src=\"https:\/\/cf.cjdropshipping.com\/8ae801bc-02e4-4889-9860-ba2e852cff8b.jpg\" width=\"50%\"> <img decoding=\"async\" src=\"https:\/\/cf.cjdropshipping.com\/363fb981-3a91-4cc0-93b2-6ae1fdb690a7.jpg?imgInfringementPass=true\" width=\"50%\"> <img decoding=\"async\" src=\"https:\/\/cf.cjdropshipping.com\/37a92697-0be7-45e5-bc01-a4ee6eac2a34.jpg?imgInfringementPass=true\" width=\"50%\">  <\/p>\n","protected":false},"excerpt":{"rendered":"<p>Vue d&rsquo;ensemble\uff1a 1. pliable : Ce cadre de filet de volley-ball pliable peut \u00eatre install\u00e9 rapidement. Il convient aux sports de plein air tels que le volley-ball et le tennis. La hauteur du cadre de filet est r\u00e9glable, simple et pratique, ajoutant du plaisir \u00e0 vos activit\u00e9s de plein air. 2. r\u00e9glable en hauteur : [&hellip;]<\/p>\n","protected":false},"featured_media":14742,"comment_status":"open","ping_status":"closed","template":"","meta":{"content-type":""},"product_brand":[],"product_cat":[217],"product_tag":[],"class_list":{"0":"post-20546","1":"product","2":"type-product","3":"status-publish","4":"has-post-thumbnail","6":"product_cat-sport-fr","8":"first","9":"instock","10":"taxable","11":"shipping-taxable","12":"purchasable","13":"product-type-variable","14":"add-to-wishlist-after_add_to_cart"},"yoast_head":"<!-- This site is optimized with the Yoast SEO plugin v27.4 - https:\/\/yoast.com\/product\/yoast-seo-wordpress\/ -->\n<title>Filet de Volleyball Pliant Hauteur Ajustable Filet de Badminton Ourdoor Ball Accessoires Sportifs Utilisation Pour Plage - Aigle Shopping Canada<\/title>\n<meta name=\"robots\" content=\"index, follow, max-snippet:-1, max-image-preview:large, max-video-preview:-1\" \/>\n<link rel=\"canonical\" href=\"https:\/\/aigleshopping.ca\/fr\/produit\/filet-de-volleyball-pliant-hauteur-ajustable-filet-de-badminton-ourdoor-ball-accessoires-sportifs-utilisation-pour-plage\/\" \/>\n<meta property=\"og:locale\" content=\"fr_FR\" \/>\n<meta property=\"og:type\" content=\"article\" \/>\n<meta property=\"og:title\" content=\"Filet de Volleyball Pliant Hauteur Ajustable Filet de Badminton Ourdoor Ball Accessoires Sportifs Utilisation Pour Plage - Aigle Shopping Canada\" \/>\n<meta property=\"og:description\" content=\"Vue d&rsquo;ensemble\uff1a 1. pliable : Ce cadre de filet de volley-ball pliable peut \u00eatre install\u00e9 rapidement. Il convient aux sports de plein air tels que le volley-ball et le tennis. La hauteur du cadre de filet est r\u00e9glable, simple et pratique, ajoutant du plaisir \u00e0 vos activit\u00e9s de plein air. 2. r\u00e9glable en hauteur : [&hellip;]\" \/>\n<meta property=\"og:url\" content=\"https:\/\/aigleshopping.ca\/fr\/produit\/filet-de-volleyball-pliant-hauteur-ajustable-filet-de-badminton-ourdoor-ball-accessoires-sportifs-utilisation-pour-plage\/\" \/>\n<meta property=\"og:site_name\" content=\"Aigle Shopping Canada\" \/>\n<meta property=\"og:image\" content=\"https:\/\/aigleshopping.ca\/wp-content\/uploads\/2025\/03\/1624087672991.jpg\" \/>\n\t<meta property=\"og:image:width\" content=\"750\" \/>\n\t<meta property=\"og:image:height\" content=\"617\" \/>\n\t<meta property=\"og:image:type\" content=\"image\/jpeg\" \/>\n<meta name=\"twitter:card\" content=\"summary_large_image\" \/>\n<meta name=\"twitter:label1\" content=\"Dur\u00e9e de lecture estim\u00e9e\" \/>\n\t<meta name=\"twitter:data1\" content=\"1 minute\" \/>\n<script type=\"application\/ld+json\" class=\"yoast-schema-graph\">{\"@context\":\"https:\\\/\\\/schema.org\",\"@graph\":[{\"@type\":\"WebPage\",\"@id\":\"https:\\\/\\\/aigleshopping.ca\\\/fr\\\/produit\\\/filet-de-volleyball-pliant-hauteur-ajustable-filet-de-badminton-ourdoor-ball-accessoires-sportifs-utilisation-pour-plage\\\/\",\"url\":\"https:\\\/\\\/aigleshopping.ca\\\/fr\\\/produit\\\/filet-de-volleyball-pliant-hauteur-ajustable-filet-de-badminton-ourdoor-ball-accessoires-sportifs-utilisation-pour-plage\\\/\",\"name\":\"Filet de Volleyball Pliant Hauteur Ajustable Filet de Badminton Ourdoor Ball Accessoires Sportifs Utilisation Pour Plage - Aigle Shopping Canada\",\"isPartOf\":{\"@id\":\"https:\\\/\\\/aigleshopping.ca\\\/#website\"},\"primaryImageOfPage\":{\"@id\":\"https:\\\/\\\/aigleshopping.ca\\\/fr\\\/produit\\\/filet-de-volleyball-pliant-hauteur-ajustable-filet-de-badminton-ourdoor-ball-accessoires-sportifs-utilisation-pour-plage\\\/#primaryimage\"},\"image\":{\"@id\":\"https:\\\/\\\/aigleshopping.ca\\\/fr\\\/produit\\\/filet-de-volleyball-pliant-hauteur-ajustable-filet-de-badminton-ourdoor-ball-accessoires-sportifs-utilisation-pour-plage\\\/#primaryimage\"},\"thumbnailUrl\":\"https:\\\/\\\/aigleshopping.ca\\\/wp-content\\\/uploads\\\/2025\\\/03\\\/1624087672991.jpg\",\"datePublished\":\"2025-03-08T18:59:25+00:00\",\"breadcrumb\":{\"@id\":\"https:\\\/\\\/aigleshopping.ca\\\/fr\\\/produit\\\/filet-de-volleyball-pliant-hauteur-ajustable-filet-de-badminton-ourdoor-ball-accessoires-sportifs-utilisation-pour-plage\\\/#breadcrumb\"},\"inLanguage\":\"fr-FR\",\"potentialAction\":[{\"@type\":\"ReadAction\",\"target\":[\"https:\\\/\\\/aigleshopping.ca\\\/fr\\\/produit\\\/filet-de-volleyball-pliant-hauteur-ajustable-filet-de-badminton-ourdoor-ball-accessoires-sportifs-utilisation-pour-plage\\\/\"]}]},{\"@type\":\"ImageObject\",\"inLanguage\":\"fr-FR\",\"@id\":\"https:\\\/\\\/aigleshopping.ca\\\/fr\\\/produit\\\/filet-de-volleyball-pliant-hauteur-ajustable-filet-de-badminton-ourdoor-ball-accessoires-sportifs-utilisation-pour-plage\\\/#primaryimage\",\"url\":\"https:\\\/\\\/aigleshopping.ca\\\/wp-content\\\/uploads\\\/2025\\\/03\\\/1624087672991.jpg\",\"contentUrl\":\"https:\\\/\\\/aigleshopping.ca\\\/wp-content\\\/uploads\\\/2025\\\/03\\\/1624087672991.jpg\",\"width\":750,\"height\":617},{\"@type\":\"BreadcrumbList\",\"@id\":\"https:\\\/\\\/aigleshopping.ca\\\/fr\\\/produit\\\/filet-de-volleyball-pliant-hauteur-ajustable-filet-de-badminton-ourdoor-ball-accessoires-sportifs-utilisation-pour-plage\\\/#breadcrumb\",\"itemListElement\":[{\"@type\":\"ListItem\",\"position\":1,\"name\":\"Home\",\"item\":\"https:\\\/\\\/aigleshopping.ca\\\/fr\\\/home\\\/\"},{\"@type\":\"ListItem\",\"position\":2,\"name\":\"Products\",\"item\":\"https:\\\/\\\/aigleshopping.ca\\\/shop\\\/\"},{\"@type\":\"ListItem\",\"position\":3,\"name\":\"Filet de Volleyball Pliant Hauteur Ajustable Filet de Badminton Ourdoor Ball Accessoires Sportifs Utilisation Pour Plage\"}]},{\"@type\":\"WebSite\",\"@id\":\"https:\\\/\\\/aigleshopping.ca\\\/#website\",\"url\":\"https:\\\/\\\/aigleshopping.ca\\\/\",\"name\":\"Aigle Shopping Canada\",\"description\":\"Au-del\u00e0 des fronti\u00e8res, pour vous offrir le\u00a0meilleur!\",\"publisher\":{\"@id\":\"https:\\\/\\\/aigleshopping.ca\\\/#organization\"},\"potentialAction\":[{\"@type\":\"SearchAction\",\"target\":{\"@type\":\"EntryPoint\",\"urlTemplate\":\"https:\\\/\\\/aigleshopping.ca\\\/?s={search_term_string}\"},\"query-input\":{\"@type\":\"PropertyValueSpecification\",\"valueRequired\":true,\"valueName\":\"search_term_string\"}}],\"inLanguage\":\"fr-FR\"},{\"@type\":\"Organization\",\"@id\":\"https:\\\/\\\/aigleshopping.ca\\\/#organization\",\"name\":\"Aigle Shopping Canada\",\"url\":\"https:\\\/\\\/aigleshopping.ca\\\/\",\"logo\":{\"@type\":\"ImageObject\",\"inLanguage\":\"fr-FR\",\"@id\":\"https:\\\/\\\/aigleshopping.ca\\\/#\\\/schema\\\/logo\\\/image\\\/\",\"url\":\"https:\\\/\\\/aigleshopping.ca\\\/wp-content\\\/uploads\\\/2025\\\/12\\\/logo_aigleshopping_ca.png\",\"contentUrl\":\"https:\\\/\\\/aigleshopping.ca\\\/wp-content\\\/uploads\\\/2025\\\/12\\\/logo_aigleshopping_ca.png\",\"width\":800,\"height\":233,\"caption\":\"Aigle Shopping Canada\"},\"image\":{\"@id\":\"https:\\\/\\\/aigleshopping.ca\\\/#\\\/schema\\\/logo\\\/image\\\/\"}}]}<\/script>\n<!-- \/ Yoast SEO plugin. -->","yoast_head_json":{"title":"Filet de Volleyball Pliant Hauteur Ajustable Filet de Badminton Ourdoor Ball Accessoires Sportifs Utilisation Pour Plage - Aigle Shopping Canada","robots":{"index":"index","follow":"follow","max-snippet":"max-snippet:-1","max-image-preview":"max-image-preview:large","max-video-preview":"max-video-preview:-1"},"canonical":"https:\/\/aigleshopping.ca\/fr\/produit\/filet-de-volleyball-pliant-hauteur-ajustable-filet-de-badminton-ourdoor-ball-accessoires-sportifs-utilisation-pour-plage\/","og_locale":"fr_FR","og_type":"article","og_title":"Filet de Volleyball Pliant Hauteur Ajustable Filet de Badminton Ourdoor Ball Accessoires Sportifs Utilisation Pour Plage - Aigle Shopping Canada","og_description":"Vue d&rsquo;ensemble\uff1a 1. pliable : Ce cadre de filet de volley-ball pliable peut \u00eatre install\u00e9 rapidement. Il convient aux sports de plein air tels que le volley-ball et le tennis. La hauteur du cadre de filet est r\u00e9glable, simple et pratique, ajoutant du plaisir \u00e0 vos activit\u00e9s de plein air. 2. r\u00e9glable en hauteur : [&hellip;]","og_url":"https:\/\/aigleshopping.ca\/fr\/produit\/filet-de-volleyball-pliant-hauteur-ajustable-filet-de-badminton-ourdoor-ball-accessoires-sportifs-utilisation-pour-plage\/","og_site_name":"Aigle Shopping Canada","og_image":[{"width":750,"height":617,"url":"https:\/\/aigleshopping.ca\/wp-content\/uploads\/2025\/03\/1624087672991.jpg","type":"image\/jpeg"}],"twitter_card":"summary_large_image","twitter_misc":{"Dur\u00e9e de lecture estim\u00e9e":"1 minute"},"schema":{"@context":"https:\/\/schema.org","@graph":[{"@type":"WebPage","@id":"https:\/\/aigleshopping.ca\/fr\/produit\/filet-de-volleyball-pliant-hauteur-ajustable-filet-de-badminton-ourdoor-ball-accessoires-sportifs-utilisation-pour-plage\/","url":"https:\/\/aigleshopping.ca\/fr\/produit\/filet-de-volleyball-pliant-hauteur-ajustable-filet-de-badminton-ourdoor-ball-accessoires-sportifs-utilisation-pour-plage\/","name":"Filet de Volleyball Pliant Hauteur Ajustable Filet de Badminton Ourdoor Ball Accessoires Sportifs Utilisation Pour Plage - Aigle Shopping Canada","isPartOf":{"@id":"https:\/\/aigleshopping.ca\/#website"},"primaryImageOfPage":{"@id":"https:\/\/aigleshopping.ca\/fr\/produit\/filet-de-volleyball-pliant-hauteur-ajustable-filet-de-badminton-ourdoor-ball-accessoires-sportifs-utilisation-pour-plage\/#primaryimage"},"image":{"@id":"https:\/\/aigleshopping.ca\/fr\/produit\/filet-de-volleyball-pliant-hauteur-ajustable-filet-de-badminton-ourdoor-ball-accessoires-sportifs-utilisation-pour-plage\/#primaryimage"},"thumbnailUrl":"https:\/\/aigleshopping.ca\/wp-content\/uploads\/2025\/03\/1624087672991.jpg","datePublished":"2025-03-08T18:59:25+00:00","breadcrumb":{"@id":"https:\/\/aigleshopping.ca\/fr\/produit\/filet-de-volleyball-pliant-hauteur-ajustable-filet-de-badminton-ourdoor-ball-accessoires-sportifs-utilisation-pour-plage\/#breadcrumb"},"inLanguage":"fr-FR","potentialAction":[{"@type":"ReadAction","target":["https:\/\/aigleshopping.ca\/fr\/produit\/filet-de-volleyball-pliant-hauteur-ajustable-filet-de-badminton-ourdoor-ball-accessoires-sportifs-utilisation-pour-plage\/"]}]},{"@type":"ImageObject","inLanguage":"fr-FR","@id":"https:\/\/aigleshopping.ca\/fr\/produit\/filet-de-volleyball-pliant-hauteur-ajustable-filet-de-badminton-ourdoor-ball-accessoires-sportifs-utilisation-pour-plage\/#primaryimage","url":"https:\/\/aigleshopping.ca\/wp-content\/uploads\/2025\/03\/1624087672991.jpg","contentUrl":"https:\/\/aigleshopping.ca\/wp-content\/uploads\/2025\/03\/1624087672991.jpg","width":750,"height":617},{"@type":"BreadcrumbList","@id":"https:\/\/aigleshopping.ca\/fr\/produit\/filet-de-volleyball-pliant-hauteur-ajustable-filet-de-badminton-ourdoor-ball-accessoires-sportifs-utilisation-pour-plage\/#breadcrumb","itemListElement":[{"@type":"ListItem","position":1,"name":"Home","item":"https:\/\/aigleshopping.ca\/fr\/home\/"},{"@type":"ListItem","position":2,"name":"Products","item":"https:\/\/aigleshopping.ca\/shop\/"},{"@type":"ListItem","position":3,"name":"Filet de Volleyball Pliant Hauteur Ajustable Filet de Badminton Ourdoor Ball Accessoires Sportifs Utilisation Pour Plage"}]},{"@type":"WebSite","@id":"https:\/\/aigleshopping.ca\/#website","url":"https:\/\/aigleshopping.ca\/","name":"Aigle Shopping Canada","description":"Au-del\u00e0 des fronti\u00e8res, pour vous offrir le\u00a0meilleur!","publisher":{"@id":"https:\/\/aigleshopping.ca\/#organization"},"potentialAction":[{"@type":"SearchAction","target":{"@type":"EntryPoint","urlTemplate":"https:\/\/aigleshopping.ca\/?s={search_term_string}"},"query-input":{"@type":"PropertyValueSpecification","valueRequired":true,"valueName":"search_term_string"}}],"inLanguage":"fr-FR"},{"@type":"Organization","@id":"https:\/\/aigleshopping.ca\/#organization","name":"Aigle Shopping Canada","url":"https:\/\/aigleshopping.ca\/","logo":{"@type":"ImageObject","inLanguage":"fr-FR","@id":"https:\/\/aigleshopping.ca\/#\/schema\/logo\/image\/","url":"https:\/\/aigleshopping.ca\/wp-content\/uploads\/2025\/12\/logo_aigleshopping_ca.png","contentUrl":"https:\/\/aigleshopping.ca\/wp-content\/uploads\/2025\/12\/logo_aigleshopping_ca.png","width":800,"height":233,"caption":"Aigle Shopping Canada"},"image":{"@id":"https:\/\/aigleshopping.ca\/#\/schema\/logo\/image\/"}}]}},"jetpack_sharing_enabled":true,"_links":{"self":[{"href":"https:\/\/aigleshopping.ca\/fr\/wp-json\/wp\/v2\/product\/20546","targetHints":{"allow":["GET"]}}],"collection":[{"href":"https:\/\/aigleshopping.ca\/fr\/wp-json\/wp\/v2\/product"}],"about":[{"href":"https:\/\/aigleshopping.ca\/fr\/wp-json\/wp\/v2\/types\/product"}],"replies":[{"embeddable":true,"href":"https:\/\/aigleshopping.ca\/fr\/wp-json\/wp\/v2\/comments?post=20546"}],"wp:featuredmedia":[{"embeddable":true,"href":"https:\/\/aigleshopping.ca\/fr\/wp-json\/wp\/v2\/media\/14742"}],"wp:attachment":[{"href":"https:\/\/aigleshopping.ca\/fr\/wp-json\/wp\/v2\/media?parent=20546"}],"wp:term":[{"taxonomy":"product_brand","embeddable":true,"href":"https:\/\/aigleshopping.ca\/fr\/wp-json\/wp\/v2\/product_brand?post=20546"},{"taxonomy":"product_cat","embeddable":true,"href":"https:\/\/aigleshopping.ca\/fr\/wp-json\/wp\/v2\/product_cat?post=20546"},{"taxonomy":"product_tag","embeddable":true,"href":"https:\/\/aigleshopping.ca\/fr\/wp-json\/wp\/v2\/product_tag?post=20546"}],"curies":[{"name":"wp","href":"https:\/\/api.w.org\/{rel}","templated":true}]}}