{"id":20563,"date":"2025-03-08T18:57:35","date_gmt":"2025-03-08T18:57:35","guid":{"rendered":"https:\/\/aigleshopping.ca\/produit\/compte-a-rebours-saut-a-la-corde-fitness-sports-port-de-poids-professionnel-bruler-les-graisses-entrainement-par-gravite\/"},"modified":"2025-03-08T18:57:35","modified_gmt":"2025-03-08T18:57:35","slug":"compte-a-rebours-saut-a-la-corde-fitness-sports-port-de-poids-professionnel-bruler-les-graisses-entrainement-par-gravite","status":"publish","type":"product","link":"https:\/\/aigleshopping.ca\/fr\/produit\/compte-a-rebours-saut-a-la-corde-fitness-sports-port-de-poids-professionnel-bruler-les-graisses-entrainement-par-gravite\/","title":{"rendered":"Compte \u00e0 rebours Saut \u00e0 la corde Fitness Sports Port de poids Professionnel Br\u00fbler les graisses Entra\u00eenement par gravit\u00e9"},"content":{"rendered":"<p> <b>Informations sur le produit :<\/b> <br \/> Couleur : gris argent\u00e9, or champagne  <br \/>  Sports d&rsquo;int\u00e9rieur ; utilisez une balle sans fil  <br \/>  Sports de plein air : choisissez une longue corde  <br \/>  Longueur du produit : 2,8 m\u00e8tres  <br \/>  Mode d&rsquo;affichage : Affichage LCD haute d\u00e9finition  <br \/>  Taille de la poign\u00e9e : longueur 156 mm, diam\u00e8tre 26 mm  <br \/>  Mode d&rsquo;alimentation : La batterie au lithium peut \u00eatre aliment\u00e9e  <\/p>\n<p> <b>Informations sur la taille :<\/b> <br \/> Taille de la poign\u00e9e : longueur 156 mm, diam\u00e8tre 26 mm  <\/p>\n<p> <b>Liste d&#8217;emballage<\/b> <br \/> Sac en flanelle*1, c\u00e2ble de chargement*1, manuel*1, h\u00f4te*1  <\/p>\n<p> <img decoding=\"async\" src=\"https:\/\/cf.cjdropshipping.com\/9c86adc7-b0d4-40a0-9d70-247fe074e8cf.jpg\"> <img decoding=\"async\" src=\"https:\/\/cf.cjdropshipping.com\/93c74b4b-5032-4623-8feb-3f8453e714c5.png\"> <img decoding=\"async\" src=\"https:\/\/cf.cjdropshipping.com\/aee32276-59e3-4793-ba9b-01ec96193070.jpg\"> <img decoding=\"async\" src=\"https:\/\/cf.cjdropshipping.com\/6948351a-6ecf-4e66-bbf3-dbe45a6595ca.jpg\"> <img decoding=\"async\" src=\"https:\/\/cf.cjdropshipping.com\/a0d2369e-1724-4d58-a924-ac41858b8188.png\">  <\/p>\n","protected":false},"excerpt":{"rendered":"<p>Informations sur le produit : Couleur : gris argent\u00e9, or champagne Sports d&rsquo;int\u00e9rieur ; utilisez une balle sans fil Sports de plein air : choisissez une longue corde Longueur du produit : 2,8 m\u00e8tres Mode d&rsquo;affichage : Affichage LCD haute d\u00e9finition Taille de la poign\u00e9e : longueur 156 mm, diam\u00e8tre 26 mm Mode d&rsquo;alimentation : [&hellip;]<\/p>\n","protected":false},"featured_media":14689,"comment_status":"open","ping_status":"closed","template":"","meta":{"content-type":""},"product_brand":[],"product_cat":[217],"product_tag":[],"class_list":{"0":"post-20563","1":"product","2":"type-product","3":"status-publish","4":"has-post-thumbnail","6":"product_cat-sport-fr","8":"first","9":"instock","10":"taxable","11":"shipping-taxable","12":"purchasable","13":"product-type-variable","14":"add-to-wishlist-after_add_to_cart"},"yoast_head":"<!-- This site is optimized with the Yoast SEO plugin v27.4 - https:\/\/yoast.com\/product\/yoast-seo-wordpress\/ -->\n<title>Compte \u00e0 rebours Saut \u00e0 la corde Fitness Sports Port de poids Professionnel Br\u00fbler les graisses Entra\u00eenement par gravit\u00e9 - Aigle Shopping Canada<\/title>\n<meta name=\"robots\" content=\"index, follow, max-snippet:-1, max-image-preview:large, max-video-preview:-1\" \/>\n<link rel=\"canonical\" href=\"https:\/\/aigleshopping.ca\/fr\/produit\/compte-a-rebours-saut-a-la-corde-fitness-sports-port-de-poids-professionnel-bruler-les-graisses-entrainement-par-gravite\/\" \/>\n<meta property=\"og:locale\" content=\"fr_FR\" \/>\n<meta property=\"og:type\" content=\"article\" \/>\n<meta property=\"og:title\" content=\"Compte \u00e0 rebours Saut \u00e0 la corde Fitness Sports Port de poids Professionnel Br\u00fbler les graisses Entra\u00eenement par gravit\u00e9 - Aigle Shopping Canada\" \/>\n<meta property=\"og:description\" content=\"Informations sur le produit : Couleur : gris argent\u00e9, or champagne Sports d&rsquo;int\u00e9rieur ; utilisez une balle sans fil Sports de plein air : choisissez une longue corde Longueur du produit : 2,8 m\u00e8tres Mode d&rsquo;affichage : Affichage LCD haute d\u00e9finition Taille de la poign\u00e9e : longueur 156 mm, diam\u00e8tre 26 mm Mode d&rsquo;alimentation : [&hellip;]\" \/>\n<meta property=\"og:url\" content=\"https:\/\/aigleshopping.ca\/fr\/produit\/compte-a-rebours-saut-a-la-corde-fitness-sports-port-de-poids-professionnel-bruler-les-graisses-entrainement-par-gravite\/\" \/>\n<meta property=\"og:site_name\" content=\"Aigle Shopping Canada\" \/>\n<meta property=\"og:image\" content=\"https:\/\/aigleshopping.ca\/wp-content\/uploads\/2025\/03\/6af49073-a993-4933-8222-8c925bfecc84.jpg\" \/>\n\t<meta property=\"og:image:width\" content=\"800\" \/>\n\t<meta property=\"og:image:height\" content=\"800\" \/>\n\t<meta property=\"og:image:type\" content=\"image\/jpeg\" \/>\n<meta name=\"twitter:card\" content=\"summary_large_image\" \/>\n<script type=\"application\/ld+json\" class=\"yoast-schema-graph\">{\"@context\":\"https:\\\/\\\/schema.org\",\"@graph\":[{\"@type\":\"WebPage\",\"@id\":\"https:\\\/\\\/aigleshopping.ca\\\/fr\\\/produit\\\/compte-a-rebours-saut-a-la-corde-fitness-sports-port-de-poids-professionnel-bruler-les-graisses-entrainement-par-gravite\\\/\",\"url\":\"https:\\\/\\\/aigleshopping.ca\\\/fr\\\/produit\\\/compte-a-rebours-saut-a-la-corde-fitness-sports-port-de-poids-professionnel-bruler-les-graisses-entrainement-par-gravite\\\/\",\"name\":\"Compte \u00e0 rebours Saut \u00e0 la corde Fitness Sports Port de poids Professionnel Br\u00fbler les graisses Entra\u00eenement par gravit\u00e9 - Aigle Shopping Canada\",\"isPartOf\":{\"@id\":\"https:\\\/\\\/aigleshopping.ca\\\/#website\"},\"primaryImageOfPage\":{\"@id\":\"https:\\\/\\\/aigleshopping.ca\\\/fr\\\/produit\\\/compte-a-rebours-saut-a-la-corde-fitness-sports-port-de-poids-professionnel-bruler-les-graisses-entrainement-par-gravite\\\/#primaryimage\"},\"image\":{\"@id\":\"https:\\\/\\\/aigleshopping.ca\\\/fr\\\/produit\\\/compte-a-rebours-saut-a-la-corde-fitness-sports-port-de-poids-professionnel-bruler-les-graisses-entrainement-par-gravite\\\/#primaryimage\"},\"thumbnailUrl\":\"https:\\\/\\\/aigleshopping.ca\\\/wp-content\\\/uploads\\\/2025\\\/03\\\/6af49073-a993-4933-8222-8c925bfecc84.jpg\",\"datePublished\":\"2025-03-08T18:57:35+00:00\",\"breadcrumb\":{\"@id\":\"https:\\\/\\\/aigleshopping.ca\\\/fr\\\/produit\\\/compte-a-rebours-saut-a-la-corde-fitness-sports-port-de-poids-professionnel-bruler-les-graisses-entrainement-par-gravite\\\/#breadcrumb\"},\"inLanguage\":\"fr-FR\",\"potentialAction\":[{\"@type\":\"ReadAction\",\"target\":[\"https:\\\/\\\/aigleshopping.ca\\\/fr\\\/produit\\\/compte-a-rebours-saut-a-la-corde-fitness-sports-port-de-poids-professionnel-bruler-les-graisses-entrainement-par-gravite\\\/\"]}]},{\"@type\":\"ImageObject\",\"inLanguage\":\"fr-FR\",\"@id\":\"https:\\\/\\\/aigleshopping.ca\\\/fr\\\/produit\\\/compte-a-rebours-saut-a-la-corde-fitness-sports-port-de-poids-professionnel-bruler-les-graisses-entrainement-par-gravite\\\/#primaryimage\",\"url\":\"https:\\\/\\\/aigleshopping.ca\\\/wp-content\\\/uploads\\\/2025\\\/03\\\/6af49073-a993-4933-8222-8c925bfecc84.jpg\",\"contentUrl\":\"https:\\\/\\\/aigleshopping.ca\\\/wp-content\\\/uploads\\\/2025\\\/03\\\/6af49073-a993-4933-8222-8c925bfecc84.jpg\",\"width\":800,\"height\":800},{\"@type\":\"BreadcrumbList\",\"@id\":\"https:\\\/\\\/aigleshopping.ca\\\/fr\\\/produit\\\/compte-a-rebours-saut-a-la-corde-fitness-sports-port-de-poids-professionnel-bruler-les-graisses-entrainement-par-gravite\\\/#breadcrumb\",\"itemListElement\":[{\"@type\":\"ListItem\",\"position\":1,\"name\":\"Home\",\"item\":\"https:\\\/\\\/aigleshopping.ca\\\/fr\\\/home\\\/\"},{\"@type\":\"ListItem\",\"position\":2,\"name\":\"Products\",\"item\":\"https:\\\/\\\/aigleshopping.ca\\\/shop\\\/\"},{\"@type\":\"ListItem\",\"position\":3,\"name\":\"Compte \u00e0 rebours Saut \u00e0 la corde Fitness Sports Port de poids Professionnel Br\u00fbler les graisses Entra\u00eenement par gravit\u00e9\"}]},{\"@type\":\"WebSite\",\"@id\":\"https:\\\/\\\/aigleshopping.ca\\\/#website\",\"url\":\"https:\\\/\\\/aigleshopping.ca\\\/\",\"name\":\"Aigle Shopping Canada\",\"description\":\"Au-del\u00e0 des fronti\u00e8res, pour vous offrir le\u00a0meilleur!\",\"publisher\":{\"@id\":\"https:\\\/\\\/aigleshopping.ca\\\/#organization\"},\"potentialAction\":[{\"@type\":\"SearchAction\",\"target\":{\"@type\":\"EntryPoint\",\"urlTemplate\":\"https:\\\/\\\/aigleshopping.ca\\\/?s={search_term_string}\"},\"query-input\":{\"@type\":\"PropertyValueSpecification\",\"valueRequired\":true,\"valueName\":\"search_term_string\"}}],\"inLanguage\":\"fr-FR\"},{\"@type\":\"Organization\",\"@id\":\"https:\\\/\\\/aigleshopping.ca\\\/#organization\",\"name\":\"Aigle Shopping Canada\",\"url\":\"https:\\\/\\\/aigleshopping.ca\\\/\",\"logo\":{\"@type\":\"ImageObject\",\"inLanguage\":\"fr-FR\",\"@id\":\"https:\\\/\\\/aigleshopping.ca\\\/#\\\/schema\\\/logo\\\/image\\\/\",\"url\":\"https:\\\/\\\/aigleshopping.ca\\\/wp-content\\\/uploads\\\/2025\\\/12\\\/logo_aigleshopping_ca.png\",\"contentUrl\":\"https:\\\/\\\/aigleshopping.ca\\\/wp-content\\\/uploads\\\/2025\\\/12\\\/logo_aigleshopping_ca.png\",\"width\":800,\"height\":233,\"caption\":\"Aigle Shopping Canada\"},\"image\":{\"@id\":\"https:\\\/\\\/aigleshopping.ca\\\/#\\\/schema\\\/logo\\\/image\\\/\"}}]}<\/script>\n<!-- \/ Yoast SEO plugin. -->","yoast_head_json":{"title":"Compte \u00e0 rebours Saut \u00e0 la corde Fitness Sports Port de poids Professionnel Br\u00fbler les graisses Entra\u00eenement par gravit\u00e9 - Aigle Shopping Canada","robots":{"index":"index","follow":"follow","max-snippet":"max-snippet:-1","max-image-preview":"max-image-preview:large","max-video-preview":"max-video-preview:-1"},"canonical":"https:\/\/aigleshopping.ca\/fr\/produit\/compte-a-rebours-saut-a-la-corde-fitness-sports-port-de-poids-professionnel-bruler-les-graisses-entrainement-par-gravite\/","og_locale":"fr_FR","og_type":"article","og_title":"Compte \u00e0 rebours Saut \u00e0 la corde Fitness Sports Port de poids Professionnel Br\u00fbler les graisses Entra\u00eenement par gravit\u00e9 - Aigle Shopping Canada","og_description":"Informations sur le produit : Couleur : gris argent\u00e9, or champagne Sports d&rsquo;int\u00e9rieur ; utilisez une balle sans fil Sports de plein air : choisissez une longue corde Longueur du produit : 2,8 m\u00e8tres Mode d&rsquo;affichage : Affichage LCD haute d\u00e9finition Taille de la poign\u00e9e : longueur 156 mm, diam\u00e8tre 26 mm Mode d&rsquo;alimentation : [&hellip;]","og_url":"https:\/\/aigleshopping.ca\/fr\/produit\/compte-a-rebours-saut-a-la-corde-fitness-sports-port-de-poids-professionnel-bruler-les-graisses-entrainement-par-gravite\/","og_site_name":"Aigle Shopping Canada","og_image":[{"width":800,"height":800,"url":"https:\/\/aigleshopping.ca\/wp-content\/uploads\/2025\/03\/6af49073-a993-4933-8222-8c925bfecc84.jpg","type":"image\/jpeg"}],"twitter_card":"summary_large_image","schema":{"@context":"https:\/\/schema.org","@graph":[{"@type":"WebPage","@id":"https:\/\/aigleshopping.ca\/fr\/produit\/compte-a-rebours-saut-a-la-corde-fitness-sports-port-de-poids-professionnel-bruler-les-graisses-entrainement-par-gravite\/","url":"https:\/\/aigleshopping.ca\/fr\/produit\/compte-a-rebours-saut-a-la-corde-fitness-sports-port-de-poids-professionnel-bruler-les-graisses-entrainement-par-gravite\/","name":"Compte \u00e0 rebours Saut \u00e0 la corde Fitness Sports Port de poids Professionnel Br\u00fbler les graisses Entra\u00eenement par gravit\u00e9 - Aigle Shopping Canada","isPartOf":{"@id":"https:\/\/aigleshopping.ca\/#website"},"primaryImageOfPage":{"@id":"https:\/\/aigleshopping.ca\/fr\/produit\/compte-a-rebours-saut-a-la-corde-fitness-sports-port-de-poids-professionnel-bruler-les-graisses-entrainement-par-gravite\/#primaryimage"},"image":{"@id":"https:\/\/aigleshopping.ca\/fr\/produit\/compte-a-rebours-saut-a-la-corde-fitness-sports-port-de-poids-professionnel-bruler-les-graisses-entrainement-par-gravite\/#primaryimage"},"thumbnailUrl":"https:\/\/aigleshopping.ca\/wp-content\/uploads\/2025\/03\/6af49073-a993-4933-8222-8c925bfecc84.jpg","datePublished":"2025-03-08T18:57:35+00:00","breadcrumb":{"@id":"https:\/\/aigleshopping.ca\/fr\/produit\/compte-a-rebours-saut-a-la-corde-fitness-sports-port-de-poids-professionnel-bruler-les-graisses-entrainement-par-gravite\/#breadcrumb"},"inLanguage":"fr-FR","potentialAction":[{"@type":"ReadAction","target":["https:\/\/aigleshopping.ca\/fr\/produit\/compte-a-rebours-saut-a-la-corde-fitness-sports-port-de-poids-professionnel-bruler-les-graisses-entrainement-par-gravite\/"]}]},{"@type":"ImageObject","inLanguage":"fr-FR","@id":"https:\/\/aigleshopping.ca\/fr\/produit\/compte-a-rebours-saut-a-la-corde-fitness-sports-port-de-poids-professionnel-bruler-les-graisses-entrainement-par-gravite\/#primaryimage","url":"https:\/\/aigleshopping.ca\/wp-content\/uploads\/2025\/03\/6af49073-a993-4933-8222-8c925bfecc84.jpg","contentUrl":"https:\/\/aigleshopping.ca\/wp-content\/uploads\/2025\/03\/6af49073-a993-4933-8222-8c925bfecc84.jpg","width":800,"height":800},{"@type":"BreadcrumbList","@id":"https:\/\/aigleshopping.ca\/fr\/produit\/compte-a-rebours-saut-a-la-corde-fitness-sports-port-de-poids-professionnel-bruler-les-graisses-entrainement-par-gravite\/#breadcrumb","itemListElement":[{"@type":"ListItem","position":1,"name":"Home","item":"https:\/\/aigleshopping.ca\/fr\/home\/"},{"@type":"ListItem","position":2,"name":"Products","item":"https:\/\/aigleshopping.ca\/shop\/"},{"@type":"ListItem","position":3,"name":"Compte \u00e0 rebours Saut \u00e0 la corde Fitness Sports Port de poids Professionnel Br\u00fbler les graisses Entra\u00eenement par gravit\u00e9"}]},{"@type":"WebSite","@id":"https:\/\/aigleshopping.ca\/#website","url":"https:\/\/aigleshopping.ca\/","name":"Aigle Shopping Canada","description":"Au-del\u00e0 des fronti\u00e8res, pour vous offrir le\u00a0meilleur!","publisher":{"@id":"https:\/\/aigleshopping.ca\/#organization"},"potentialAction":[{"@type":"SearchAction","target":{"@type":"EntryPoint","urlTemplate":"https:\/\/aigleshopping.ca\/?s={search_term_string}"},"query-input":{"@type":"PropertyValueSpecification","valueRequired":true,"valueName":"search_term_string"}}],"inLanguage":"fr-FR"},{"@type":"Organization","@id":"https:\/\/aigleshopping.ca\/#organization","name":"Aigle Shopping Canada","url":"https:\/\/aigleshopping.ca\/","logo":{"@type":"ImageObject","inLanguage":"fr-FR","@id":"https:\/\/aigleshopping.ca\/#\/schema\/logo\/image\/","url":"https:\/\/aigleshopping.ca\/wp-content\/uploads\/2025\/12\/logo_aigleshopping_ca.png","contentUrl":"https:\/\/aigleshopping.ca\/wp-content\/uploads\/2025\/12\/logo_aigleshopping_ca.png","width":800,"height":233,"caption":"Aigle Shopping Canada"},"image":{"@id":"https:\/\/aigleshopping.ca\/#\/schema\/logo\/image\/"}}]}},"jetpack_sharing_enabled":true,"_links":{"self":[{"href":"https:\/\/aigleshopping.ca\/fr\/wp-json\/wp\/v2\/product\/20563","targetHints":{"allow":["GET"]}}],"collection":[{"href":"https:\/\/aigleshopping.ca\/fr\/wp-json\/wp\/v2\/product"}],"about":[{"href":"https:\/\/aigleshopping.ca\/fr\/wp-json\/wp\/v2\/types\/product"}],"replies":[{"embeddable":true,"href":"https:\/\/aigleshopping.ca\/fr\/wp-json\/wp\/v2\/comments?post=20563"}],"wp:featuredmedia":[{"embeddable":true,"href":"https:\/\/aigleshopping.ca\/fr\/wp-json\/wp\/v2\/media\/14689"}],"wp:attachment":[{"href":"https:\/\/aigleshopping.ca\/fr\/wp-json\/wp\/v2\/media?parent=20563"}],"wp:term":[{"taxonomy":"product_brand","embeddable":true,"href":"https:\/\/aigleshopping.ca\/fr\/wp-json\/wp\/v2\/product_brand?post=20563"},{"taxonomy":"product_cat","embeddable":true,"href":"https:\/\/aigleshopping.ca\/fr\/wp-json\/wp\/v2\/product_cat?post=20563"},{"taxonomy":"product_tag","embeddable":true,"href":"https:\/\/aigleshopping.ca\/fr\/wp-json\/wp\/v2\/product_tag?post=20563"}],"curies":[{"name":"wp","href":"https:\/\/api.w.org\/{rel}","templated":true}]}}