{"id":20567,"date":"2025-03-08T19:00:55","date_gmt":"2025-03-08T19:00:55","guid":{"rendered":"https:\/\/aigleshopping.ca\/produit\/tapis-de-yoga-antiderapant-3-tapis-de-gymnastique-pliant-tapis-de-gymnastique-oxford-airtrack-panel-tumbling-climbing-pilates-pad-air-track\/"},"modified":"2025-03-08T19:00:55","modified_gmt":"2025-03-08T19:00:55","slug":"tapis-de-yoga-antiderapant-3-tapis-de-gymnastique-pliant-tapis-de-gymnastique-oxford-airtrack-panel-tumbling-climbing-pilates-pad-air-track","status":"publish","type":"product","link":"https:\/\/aigleshopping.ca\/fr\/produit\/tapis-de-yoga-antiderapant-3-tapis-de-gymnastique-pliant-tapis-de-gymnastique-oxford-airtrack-panel-tumbling-climbing-pilates-pad-air-track\/","title":{"rendered":"Tapis de yoga antid\u00e9rapant 3 tapis de gymnastique pliant Tapis de gymnastique Oxford Airtrack Panel Tumbling Climbing Pilates Pad Air Track"},"content":{"rendered":"<p> <b>Vue d&rsquo;ensemble<\/b> <br \/> 1. Fabriqu\u00e9 en mousse haute densit\u00e9, il amortit bien les chocs <br \/> 2. La surface lisse est facile \u00e0 nettoyer <br \/> 3. Conception pliable, pour \u00e9conomiser de l&rsquo;espace et faciliter le stockage <br \/> 4. Fermeture \u00e0 glissi\u00e8re : facile \u00e0 d\u00e9monter et \u00e0 nettoyer la veste de coussin <br \/> 5. Poign\u00e9es : le c\u00f4t\u00e9 du coussin est muni de poign\u00e9es, faciles \u00e0 transporter <br \/> 6. Parfait pour la maison ou la salle de sport, le tapis de haute qualit\u00e9 d\u00e9finit non seulement votre espace d&rsquo;entra\u00eenement personnel, mais il cr\u00e9e \u00e9galement une couche d&rsquo;amortissement b\u00e9n\u00e9fique entre vous et le sol.        <\/p>\n<p> <b>Sp\u00e9cification<\/b> <br \/> Mat\u00e9riau PVC <br \/> Sp\u00e9cification 173x61x0.4cm (cm) <br \/> Couleur Pliage bleu, pliage rouge, pliage violet, pliage rose, pliage gris, pliage vert, pliage orange, pliage noir <br \/> Sc\u00e8nes d&rsquo;application : \u00e9quipement de fitness, massage de sant\u00e9, corps de fitness, tendances sportives, d\u00e9fis extr\u00eames, sports de danse  <\/p>\n<p> <b>Contenu de l&#8217;emballage<\/b> <br \/> 1*Matelas de yoga  <\/p>\n<p> <img decoding=\"async\" src=\"https:\/\/cf.cjdropshipping.com\/ebaa3a9d-ed30-44ee-aa78-bc53d6d507cc.jpg\"> <img decoding=\"async\" src=\"https:\/\/cf.cjdropshipping.com\/85ffb202-82b4-4a4c-b982-48a46671802d.jpg\"> <img decoding=\"async\" src=\"https:\/\/cf.cjdropshipping.com\/c2c9a25a-ac65-4974-b4c1-649b05258b91.jpg\"> <img decoding=\"async\" src=\"https:\/\/cf.cjdropshipping.com\/1adebdf0-f56a-4018-90b3-1cc30f48457f.jpg\"> <img decoding=\"async\" src=\"https:\/\/cf.cjdropshipping.com\/36d8a9cb-dc35-47da-8398-d40ad097e7c1.jpg\"> <img decoding=\"async\" src=\"https:\/\/cf.cjdropshipping.com\/59ed1292-c2b7-4f02-9544-c32b28d4513a.jpg\"> <img decoding=\"async\" src=\"https:\/\/cf.cjdropshipping.com\/33f5f91d-6247-4d63-9533-a639feec4fc9.jpg\"> <img decoding=\"async\" src=\"https:\/\/cf.cjdropshipping.com\/418d4cd8-441c-4ccb-9829-a65e3ba3e974.jpg\"> <img decoding=\"async\" src=\"https:\/\/cf.cjdropshipping.com\/a937b491-6347-4484-b5f2-c96acae4478e.jpg\"> <img decoding=\"async\" src=\"https:\/\/cf.cjdropshipping.com\/d1f00e21-f272-4ef8-a324-7d1a2b2a4ce8.jpg\">  <\/p>\n","protected":false},"excerpt":{"rendered":"<p>Vue d&rsquo;ensemble 1. Fabriqu\u00e9 en mousse haute densit\u00e9, il amortit bien les chocs 2. La surface lisse est facile \u00e0 nettoyer 3. Conception pliable, pour \u00e9conomiser de l&rsquo;espace et faciliter le stockage 4. Fermeture \u00e0 glissi\u00e8re : facile \u00e0 d\u00e9monter et \u00e0 nettoyer la veste de coussin 5. Poign\u00e9es : le c\u00f4t\u00e9 du coussin est [&hellip;]<\/p>\n","protected":false},"featured_media":14785,"comment_status":"open","ping_status":"closed","template":"","meta":{"content-type":""},"product_brand":[],"product_cat":[217],"product_tag":[],"class_list":{"0":"post-20567","1":"product","2":"type-product","3":"status-publish","4":"has-post-thumbnail","6":"product_cat-sport-fr","8":"first","9":"instock","10":"taxable","11":"shipping-taxable","12":"purchasable","13":"product-type-variable","14":"add-to-wishlist-after_add_to_cart"},"yoast_head":"<!-- This site is optimized with the Yoast SEO plugin v27.4 - https:\/\/yoast.com\/product\/yoast-seo-wordpress\/ -->\n<title>Tapis de yoga antid\u00e9rapant 3 tapis de gymnastique pliant Tapis de gymnastique Oxford Airtrack Panel Tumbling Climbing Pilates Pad Air Track - Aigle Shopping Canada<\/title>\n<meta name=\"robots\" content=\"index, follow, max-snippet:-1, max-image-preview:large, max-video-preview:-1\" \/>\n<link rel=\"canonical\" href=\"https:\/\/aigleshopping.ca\/fr\/produit\/tapis-de-yoga-antiderapant-3-tapis-de-gymnastique-pliant-tapis-de-gymnastique-oxford-airtrack-panel-tumbling-climbing-pilates-pad-air-track\/\" \/>\n<meta property=\"og:locale\" content=\"fr_FR\" \/>\n<meta property=\"og:type\" content=\"article\" \/>\n<meta property=\"og:title\" content=\"Tapis de yoga antid\u00e9rapant 3 tapis de gymnastique pliant Tapis de gymnastique Oxford Airtrack Panel Tumbling Climbing Pilates Pad Air Track - Aigle Shopping Canada\" \/>\n<meta property=\"og:description\" content=\"Vue d&rsquo;ensemble 1. Fabriqu\u00e9 en mousse haute densit\u00e9, il amortit bien les chocs 2. La surface lisse est facile \u00e0 nettoyer 3. Conception pliable, pour \u00e9conomiser de l&rsquo;espace et faciliter le stockage 4. Fermeture \u00e0 glissi\u00e8re : facile \u00e0 d\u00e9monter et \u00e0 nettoyer la veste de coussin 5. Poign\u00e9es : le c\u00f4t\u00e9 du coussin est [&hellip;]\" \/>\n<meta property=\"og:url\" content=\"https:\/\/aigleshopping.ca\/fr\/produit\/tapis-de-yoga-antiderapant-3-tapis-de-gymnastique-pliant-tapis-de-gymnastique-oxford-airtrack-panel-tumbling-climbing-pilates-pad-air-track\/\" \/>\n<meta property=\"og:site_name\" content=\"Aigle Shopping Canada\" \/>\n<meta property=\"og:image\" content=\"https:\/\/aigleshopping.ca\/wp-content\/uploads\/2025\/03\/270707946330.jpg\" \/>\n\t<meta property=\"og:image:width\" content=\"1000\" \/>\n\t<meta property=\"og:image:height\" content=\"1000\" \/>\n\t<meta property=\"og:image:type\" content=\"image\/jpeg\" \/>\n<meta name=\"twitter:card\" content=\"summary_large_image\" \/>\n<meta name=\"twitter:label1\" content=\"Dur\u00e9e de lecture estim\u00e9e\" \/>\n\t<meta name=\"twitter:data1\" content=\"1 minute\" \/>\n<script type=\"application\/ld+json\" class=\"yoast-schema-graph\">{\"@context\":\"https:\\\/\\\/schema.org\",\"@graph\":[{\"@type\":\"WebPage\",\"@id\":\"https:\\\/\\\/aigleshopping.ca\\\/fr\\\/produit\\\/tapis-de-yoga-antiderapant-3-tapis-de-gymnastique-pliant-tapis-de-gymnastique-oxford-airtrack-panel-tumbling-climbing-pilates-pad-air-track\\\/\",\"url\":\"https:\\\/\\\/aigleshopping.ca\\\/fr\\\/produit\\\/tapis-de-yoga-antiderapant-3-tapis-de-gymnastique-pliant-tapis-de-gymnastique-oxford-airtrack-panel-tumbling-climbing-pilates-pad-air-track\\\/\",\"name\":\"Tapis de yoga antid\u00e9rapant 3 tapis de gymnastique pliant Tapis de gymnastique Oxford Airtrack Panel Tumbling Climbing Pilates Pad Air Track - Aigle Shopping Canada\",\"isPartOf\":{\"@id\":\"https:\\\/\\\/aigleshopping.ca\\\/#website\"},\"primaryImageOfPage\":{\"@id\":\"https:\\\/\\\/aigleshopping.ca\\\/fr\\\/produit\\\/tapis-de-yoga-antiderapant-3-tapis-de-gymnastique-pliant-tapis-de-gymnastique-oxford-airtrack-panel-tumbling-climbing-pilates-pad-air-track\\\/#primaryimage\"},\"image\":{\"@id\":\"https:\\\/\\\/aigleshopping.ca\\\/fr\\\/produit\\\/tapis-de-yoga-antiderapant-3-tapis-de-gymnastique-pliant-tapis-de-gymnastique-oxford-airtrack-panel-tumbling-climbing-pilates-pad-air-track\\\/#primaryimage\"},\"thumbnailUrl\":\"https:\\\/\\\/aigleshopping.ca\\\/wp-content\\\/uploads\\\/2025\\\/03\\\/270707946330.jpg\",\"datePublished\":\"2025-03-08T19:00:55+00:00\",\"breadcrumb\":{\"@id\":\"https:\\\/\\\/aigleshopping.ca\\\/fr\\\/produit\\\/tapis-de-yoga-antiderapant-3-tapis-de-gymnastique-pliant-tapis-de-gymnastique-oxford-airtrack-panel-tumbling-climbing-pilates-pad-air-track\\\/#breadcrumb\"},\"inLanguage\":\"fr-FR\",\"potentialAction\":[{\"@type\":\"ReadAction\",\"target\":[\"https:\\\/\\\/aigleshopping.ca\\\/fr\\\/produit\\\/tapis-de-yoga-antiderapant-3-tapis-de-gymnastique-pliant-tapis-de-gymnastique-oxford-airtrack-panel-tumbling-climbing-pilates-pad-air-track\\\/\"]}]},{\"@type\":\"ImageObject\",\"inLanguage\":\"fr-FR\",\"@id\":\"https:\\\/\\\/aigleshopping.ca\\\/fr\\\/produit\\\/tapis-de-yoga-antiderapant-3-tapis-de-gymnastique-pliant-tapis-de-gymnastique-oxford-airtrack-panel-tumbling-climbing-pilates-pad-air-track\\\/#primaryimage\",\"url\":\"https:\\\/\\\/aigleshopping.ca\\\/wp-content\\\/uploads\\\/2025\\\/03\\\/270707946330.jpg\",\"contentUrl\":\"https:\\\/\\\/aigleshopping.ca\\\/wp-content\\\/uploads\\\/2025\\\/03\\\/270707946330.jpg\",\"width\":1000,\"height\":1000},{\"@type\":\"BreadcrumbList\",\"@id\":\"https:\\\/\\\/aigleshopping.ca\\\/fr\\\/produit\\\/tapis-de-yoga-antiderapant-3-tapis-de-gymnastique-pliant-tapis-de-gymnastique-oxford-airtrack-panel-tumbling-climbing-pilates-pad-air-track\\\/#breadcrumb\",\"itemListElement\":[{\"@type\":\"ListItem\",\"position\":1,\"name\":\"Home\",\"item\":\"https:\\\/\\\/aigleshopping.ca\\\/fr\\\/home\\\/\"},{\"@type\":\"ListItem\",\"position\":2,\"name\":\"Products\",\"item\":\"https:\\\/\\\/aigleshopping.ca\\\/shop\\\/\"},{\"@type\":\"ListItem\",\"position\":3,\"name\":\"Tapis de yoga antid\u00e9rapant 3 tapis de gymnastique pliant Tapis de gymnastique Oxford Airtrack Panel Tumbling Climbing Pilates Pad Air Track\"}]},{\"@type\":\"WebSite\",\"@id\":\"https:\\\/\\\/aigleshopping.ca\\\/#website\",\"url\":\"https:\\\/\\\/aigleshopping.ca\\\/\",\"name\":\"Aigle Shopping Canada\",\"description\":\"Au-del\u00e0 des fronti\u00e8res, pour vous offrir le\u00a0meilleur!\",\"publisher\":{\"@id\":\"https:\\\/\\\/aigleshopping.ca\\\/#organization\"},\"potentialAction\":[{\"@type\":\"SearchAction\",\"target\":{\"@type\":\"EntryPoint\",\"urlTemplate\":\"https:\\\/\\\/aigleshopping.ca\\\/?s={search_term_string}\"},\"query-input\":{\"@type\":\"PropertyValueSpecification\",\"valueRequired\":true,\"valueName\":\"search_term_string\"}}],\"inLanguage\":\"fr-FR\"},{\"@type\":\"Organization\",\"@id\":\"https:\\\/\\\/aigleshopping.ca\\\/#organization\",\"name\":\"Aigle Shopping Canada\",\"url\":\"https:\\\/\\\/aigleshopping.ca\\\/\",\"logo\":{\"@type\":\"ImageObject\",\"inLanguage\":\"fr-FR\",\"@id\":\"https:\\\/\\\/aigleshopping.ca\\\/#\\\/schema\\\/logo\\\/image\\\/\",\"url\":\"https:\\\/\\\/aigleshopping.ca\\\/wp-content\\\/uploads\\\/2025\\\/12\\\/logo_aigleshopping_ca.png\",\"contentUrl\":\"https:\\\/\\\/aigleshopping.ca\\\/wp-content\\\/uploads\\\/2025\\\/12\\\/logo_aigleshopping_ca.png\",\"width\":800,\"height\":233,\"caption\":\"Aigle Shopping Canada\"},\"image\":{\"@id\":\"https:\\\/\\\/aigleshopping.ca\\\/#\\\/schema\\\/logo\\\/image\\\/\"}}]}<\/script>\n<!-- \/ Yoast SEO plugin. -->","yoast_head_json":{"title":"Tapis de yoga antid\u00e9rapant 3 tapis de gymnastique pliant Tapis de gymnastique Oxford Airtrack Panel Tumbling Climbing Pilates Pad Air Track - Aigle Shopping Canada","robots":{"index":"index","follow":"follow","max-snippet":"max-snippet:-1","max-image-preview":"max-image-preview:large","max-video-preview":"max-video-preview:-1"},"canonical":"https:\/\/aigleshopping.ca\/fr\/produit\/tapis-de-yoga-antiderapant-3-tapis-de-gymnastique-pliant-tapis-de-gymnastique-oxford-airtrack-panel-tumbling-climbing-pilates-pad-air-track\/","og_locale":"fr_FR","og_type":"article","og_title":"Tapis de yoga antid\u00e9rapant 3 tapis de gymnastique pliant Tapis de gymnastique Oxford Airtrack Panel Tumbling Climbing Pilates Pad Air Track - Aigle Shopping Canada","og_description":"Vue d&rsquo;ensemble 1. Fabriqu\u00e9 en mousse haute densit\u00e9, il amortit bien les chocs 2. La surface lisse est facile \u00e0 nettoyer 3. Conception pliable, pour \u00e9conomiser de l&rsquo;espace et faciliter le stockage 4. Fermeture \u00e0 glissi\u00e8re : facile \u00e0 d\u00e9monter et \u00e0 nettoyer la veste de coussin 5. Poign\u00e9es : le c\u00f4t\u00e9 du coussin est [&hellip;]","og_url":"https:\/\/aigleshopping.ca\/fr\/produit\/tapis-de-yoga-antiderapant-3-tapis-de-gymnastique-pliant-tapis-de-gymnastique-oxford-airtrack-panel-tumbling-climbing-pilates-pad-air-track\/","og_site_name":"Aigle Shopping Canada","og_image":[{"width":1000,"height":1000,"url":"https:\/\/aigleshopping.ca\/wp-content\/uploads\/2025\/03\/270707946330.jpg","type":"image\/jpeg"}],"twitter_card":"summary_large_image","twitter_misc":{"Dur\u00e9e de lecture estim\u00e9e":"1 minute"},"schema":{"@context":"https:\/\/schema.org","@graph":[{"@type":"WebPage","@id":"https:\/\/aigleshopping.ca\/fr\/produit\/tapis-de-yoga-antiderapant-3-tapis-de-gymnastique-pliant-tapis-de-gymnastique-oxford-airtrack-panel-tumbling-climbing-pilates-pad-air-track\/","url":"https:\/\/aigleshopping.ca\/fr\/produit\/tapis-de-yoga-antiderapant-3-tapis-de-gymnastique-pliant-tapis-de-gymnastique-oxford-airtrack-panel-tumbling-climbing-pilates-pad-air-track\/","name":"Tapis de yoga antid\u00e9rapant 3 tapis de gymnastique pliant Tapis de gymnastique Oxford Airtrack Panel Tumbling Climbing Pilates Pad Air Track - Aigle Shopping Canada","isPartOf":{"@id":"https:\/\/aigleshopping.ca\/#website"},"primaryImageOfPage":{"@id":"https:\/\/aigleshopping.ca\/fr\/produit\/tapis-de-yoga-antiderapant-3-tapis-de-gymnastique-pliant-tapis-de-gymnastique-oxford-airtrack-panel-tumbling-climbing-pilates-pad-air-track\/#primaryimage"},"image":{"@id":"https:\/\/aigleshopping.ca\/fr\/produit\/tapis-de-yoga-antiderapant-3-tapis-de-gymnastique-pliant-tapis-de-gymnastique-oxford-airtrack-panel-tumbling-climbing-pilates-pad-air-track\/#primaryimage"},"thumbnailUrl":"https:\/\/aigleshopping.ca\/wp-content\/uploads\/2025\/03\/270707946330.jpg","datePublished":"2025-03-08T19:00:55+00:00","breadcrumb":{"@id":"https:\/\/aigleshopping.ca\/fr\/produit\/tapis-de-yoga-antiderapant-3-tapis-de-gymnastique-pliant-tapis-de-gymnastique-oxford-airtrack-panel-tumbling-climbing-pilates-pad-air-track\/#breadcrumb"},"inLanguage":"fr-FR","potentialAction":[{"@type":"ReadAction","target":["https:\/\/aigleshopping.ca\/fr\/produit\/tapis-de-yoga-antiderapant-3-tapis-de-gymnastique-pliant-tapis-de-gymnastique-oxford-airtrack-panel-tumbling-climbing-pilates-pad-air-track\/"]}]},{"@type":"ImageObject","inLanguage":"fr-FR","@id":"https:\/\/aigleshopping.ca\/fr\/produit\/tapis-de-yoga-antiderapant-3-tapis-de-gymnastique-pliant-tapis-de-gymnastique-oxford-airtrack-panel-tumbling-climbing-pilates-pad-air-track\/#primaryimage","url":"https:\/\/aigleshopping.ca\/wp-content\/uploads\/2025\/03\/270707946330.jpg","contentUrl":"https:\/\/aigleshopping.ca\/wp-content\/uploads\/2025\/03\/270707946330.jpg","width":1000,"height":1000},{"@type":"BreadcrumbList","@id":"https:\/\/aigleshopping.ca\/fr\/produit\/tapis-de-yoga-antiderapant-3-tapis-de-gymnastique-pliant-tapis-de-gymnastique-oxford-airtrack-panel-tumbling-climbing-pilates-pad-air-track\/#breadcrumb","itemListElement":[{"@type":"ListItem","position":1,"name":"Home","item":"https:\/\/aigleshopping.ca\/fr\/home\/"},{"@type":"ListItem","position":2,"name":"Products","item":"https:\/\/aigleshopping.ca\/shop\/"},{"@type":"ListItem","position":3,"name":"Tapis de yoga antid\u00e9rapant 3 tapis de gymnastique pliant Tapis de gymnastique Oxford Airtrack Panel Tumbling Climbing Pilates Pad Air Track"}]},{"@type":"WebSite","@id":"https:\/\/aigleshopping.ca\/#website","url":"https:\/\/aigleshopping.ca\/","name":"Aigle Shopping Canada","description":"Au-del\u00e0 des fronti\u00e8res, pour vous offrir le\u00a0meilleur!","publisher":{"@id":"https:\/\/aigleshopping.ca\/#organization"},"potentialAction":[{"@type":"SearchAction","target":{"@type":"EntryPoint","urlTemplate":"https:\/\/aigleshopping.ca\/?s={search_term_string}"},"query-input":{"@type":"PropertyValueSpecification","valueRequired":true,"valueName":"search_term_string"}}],"inLanguage":"fr-FR"},{"@type":"Organization","@id":"https:\/\/aigleshopping.ca\/#organization","name":"Aigle Shopping Canada","url":"https:\/\/aigleshopping.ca\/","logo":{"@type":"ImageObject","inLanguage":"fr-FR","@id":"https:\/\/aigleshopping.ca\/#\/schema\/logo\/image\/","url":"https:\/\/aigleshopping.ca\/wp-content\/uploads\/2025\/12\/logo_aigleshopping_ca.png","contentUrl":"https:\/\/aigleshopping.ca\/wp-content\/uploads\/2025\/12\/logo_aigleshopping_ca.png","width":800,"height":233,"caption":"Aigle Shopping Canada"},"image":{"@id":"https:\/\/aigleshopping.ca\/#\/schema\/logo\/image\/"}}]}},"jetpack_sharing_enabled":true,"_links":{"self":[{"href":"https:\/\/aigleshopping.ca\/fr\/wp-json\/wp\/v2\/product\/20567","targetHints":{"allow":["GET"]}}],"collection":[{"href":"https:\/\/aigleshopping.ca\/fr\/wp-json\/wp\/v2\/product"}],"about":[{"href":"https:\/\/aigleshopping.ca\/fr\/wp-json\/wp\/v2\/types\/product"}],"replies":[{"embeddable":true,"href":"https:\/\/aigleshopping.ca\/fr\/wp-json\/wp\/v2\/comments?post=20567"}],"wp:featuredmedia":[{"embeddable":true,"href":"https:\/\/aigleshopping.ca\/fr\/wp-json\/wp\/v2\/media\/14785"}],"wp:attachment":[{"href":"https:\/\/aigleshopping.ca\/fr\/wp-json\/wp\/v2\/media?parent=20567"}],"wp:term":[{"taxonomy":"product_brand","embeddable":true,"href":"https:\/\/aigleshopping.ca\/fr\/wp-json\/wp\/v2\/product_brand?post=20567"},{"taxonomy":"product_cat","embeddable":true,"href":"https:\/\/aigleshopping.ca\/fr\/wp-json\/wp\/v2\/product_cat?post=20567"},{"taxonomy":"product_tag","embeddable":true,"href":"https:\/\/aigleshopping.ca\/fr\/wp-json\/wp\/v2\/product_tag?post=20567"}],"curies":[{"name":"wp","href":"https:\/\/api.w.org\/{rel}","templated":true}]}}