{"id":20568,"date":"2025-03-08T18:56:57","date_gmt":"2025-03-08T18:56:57","guid":{"rendered":"https:\/\/aigleshopping.ca\/produit\/machine-a-modeler-la-taille-ab-rocket-abdominal-muscle-fitness-equipment\/"},"modified":"2025-03-08T18:56:57","modified_gmt":"2025-03-08T18:56:57","slug":"machine-a-modeler-la-taille-ab-rocket-abdominal-muscle-fitness-equipment","status":"publish","type":"product","link":"https:\/\/aigleshopping.ca\/fr\/produit\/machine-a-modeler-la-taille-ab-rocket-abdominal-muscle-fitness-equipment\/","title":{"rendered":"Machine \u00e0 modeler la taille AB Rocket Abdominal Muscle Fitness Equipment"},"content":{"rendered":"<p> <b>Informations sur le produit :<\/b> <br \/> Mat\u00e9riau : ABS\/tube d&rsquo;acier\/mousse <br \/> Sc\u00e9narios d&rsquo;application : \u00e9quipement de fitness, fitness et modelage du corps <br \/> Sp\u00e9cifications : Cordon de comptage rose, cordon de comptage bleu  <\/p>\n<p> <br \/>\n<b>Liste d&#8217;emballage :  <\/b><br \/>\n <\/p>\n<p>\u00c9quipement de fitness * 1<\/p>\n<p><b>Image du produit :<\/b><br \/>\n<br \/> <br \/>\n<img decoding=\"async\" src=\"https:\/\/oss-cf.cjdropshipping.com\/product\/2025\/01\/10\/05\/513d5637-de02-4930-8f92-7198d8c1eef9_trans.jpeg\"><br \/>\n<img decoding=\"async\" src=\"https:\/\/oss-cf.cjdropshipping.com\/product\/2025\/01\/10\/05\/1bd9da76-5bb3-45fc-bdd8-e1d4f6577989_trans.jpeg\"><br \/>\n<img decoding=\"async\" src=\"https:\/\/oss-cf.cjdropshipping.com\/product\/2025\/01\/10\/05\/9466f4da-f469-46e1-8513-df2677152911_trans.jpeg\"><br \/>\n<img decoding=\"async\" src=\"https:\/\/oss-cf.cjdropshipping.com\/product\/2025\/01\/10\/05\/8629e387-e711-4a8e-b6de-ae2b68f047de_trans.jpeg\"><br \/>\n<img decoding=\"async\" src=\"https:\/\/oss-cf.cjdropshipping.com\/product\/2025\/01\/10\/05\/f365707e-bccc-44c7-919f-098ab422c4a3_trans.jpeg\"><br \/>\n<img decoding=\"async\" src=\"https:\/\/oss-cf.cjdropshipping.com\/product\/2025\/01\/10\/05\/9579a173-b3ef-46d3-b1fb-1f002f0a2dd2_trans.jpeg\"><br \/>\n<img decoding=\"async\" src=\"https:\/\/oss-cf.cjdropshipping.com\/product\/2025\/01\/10\/05\/f3fd8122-e093-4714-bdb9-77ac5de4d495_trans.jpeg\"><br \/>\n<img decoding=\"async\" src=\"https:\/\/oss-cf.cjdropshipping.com\/product\/2025\/01\/10\/05\/641e8acd-3558-45d2-a7b3-70ee4ec3e050_trans.jpeg\"><br \/>\n<img decoding=\"async\" src=\"https:\/\/oss-cf.cjdropshipping.com\/product\/2025\/01\/10\/05\/27e11fff-3df5-4bb3-976b-4e2a57be1ef6_trans.jpeg\"><br \/>\n<img decoding=\"async\" src=\"https:\/\/oss-cf.cjdropshipping.com\/product\/2025\/01\/10\/05\/3dac3fc5-73c0-40ff-ae19-91d3c458fed5_trans.jpeg\"><br \/>\n<img decoding=\"async\" src=\"https:\/\/oss-cf.cjdropshipping.com\/product\/2025\/01\/10\/05\/7b521224-b86c-4d79-b222-85532df155fe_trans.jpeg\"><br \/>\n<img decoding=\"async\" src=\"https:\/\/oss-cf.cjdropshipping.com\/product\/2025\/01\/10\/05\/882a7cfa-ff01-4b79-adaf-7a42cf956385_trans.jpeg\"><\/p>\n","protected":false},"excerpt":{"rendered":"<p>Informations sur le produit : Mat\u00e9riau : ABS\/tube d&rsquo;acier\/mousse Sc\u00e9narios d&rsquo;application : \u00e9quipement de fitness, fitness et modelage du corps Sp\u00e9cifications : Cordon de comptage rose, cordon de comptage bleu Liste d&#8217;emballage : \u00c9quipement de fitness * 1 Image du produit :<\/p>\n","protected":false},"featured_media":14672,"comment_status":"open","ping_status":"closed","template":"","meta":{"content-type":""},"product_brand":[],"product_cat":[217],"product_tag":[],"class_list":{"0":"post-20568","1":"product","2":"type-product","3":"status-publish","4":"has-post-thumbnail","6":"product_cat-sport-fr","8":"first","9":"instock","10":"taxable","11":"shipping-taxable","12":"purchasable","13":"product-type-variable","14":"add-to-wishlist-after_add_to_cart"},"yoast_head":"<!-- This site is optimized with the Yoast SEO plugin v27.4 - https:\/\/yoast.com\/product\/yoast-seo-wordpress\/ -->\n<title>Machine \u00e0 modeler la taille AB Rocket Abdominal Muscle Fitness Equipment - Aigle Shopping Canada<\/title>\n<meta name=\"robots\" content=\"index, follow, max-snippet:-1, max-image-preview:large, max-video-preview:-1\" \/>\n<link rel=\"canonical\" href=\"https:\/\/aigleshopping.ca\/fr\/produit\/machine-a-modeler-la-taille-ab-rocket-abdominal-muscle-fitness-equipment\/\" \/>\n<meta property=\"og:locale\" content=\"fr_FR\" \/>\n<meta property=\"og:type\" content=\"article\" \/>\n<meta property=\"og:title\" content=\"Machine \u00e0 modeler la taille AB Rocket Abdominal Muscle Fitness Equipment - Aigle Shopping Canada\" \/>\n<meta property=\"og:description\" content=\"Informations sur le produit : Mat\u00e9riau : ABS\/tube d&rsquo;acier\/mousse Sc\u00e9narios d&rsquo;application : \u00e9quipement de fitness, fitness et modelage du corps Sp\u00e9cifications : Cordon de comptage rose, cordon de comptage bleu Liste d&#8217;emballage : \u00c9quipement de fitness * 1 Image du produit :\" \/>\n<meta property=\"og:url\" content=\"https:\/\/aigleshopping.ca\/fr\/produit\/machine-a-modeler-la-taille-ab-rocket-abdominal-muscle-fitness-equipment\/\" \/>\n<meta property=\"og:site_name\" content=\"Aigle Shopping Canada\" \/>\n<meta property=\"og:image\" content=\"https:\/\/aigleshopping.ca\/wp-content\/uploads\/2025\/03\/45b7cb57-5355-4e88-a2ce-78194934d8ac_trans.jpeg\" \/>\n\t<meta property=\"og:image:width\" content=\"800\" \/>\n\t<meta property=\"og:image:height\" content=\"800\" \/>\n\t<meta property=\"og:image:type\" content=\"image\/jpeg\" \/>\n<meta name=\"twitter:card\" content=\"summary_large_image\" \/>\n<script type=\"application\/ld+json\" class=\"yoast-schema-graph\">{\"@context\":\"https:\\\/\\\/schema.org\",\"@graph\":[{\"@type\":\"WebPage\",\"@id\":\"https:\\\/\\\/aigleshopping.ca\\\/fr\\\/produit\\\/machine-a-modeler-la-taille-ab-rocket-abdominal-muscle-fitness-equipment\\\/\",\"url\":\"https:\\\/\\\/aigleshopping.ca\\\/fr\\\/produit\\\/machine-a-modeler-la-taille-ab-rocket-abdominal-muscle-fitness-equipment\\\/\",\"name\":\"Machine \u00e0 modeler la taille AB Rocket Abdominal Muscle Fitness Equipment - Aigle Shopping Canada\",\"isPartOf\":{\"@id\":\"https:\\\/\\\/aigleshopping.ca\\\/#website\"},\"primaryImageOfPage\":{\"@id\":\"https:\\\/\\\/aigleshopping.ca\\\/fr\\\/produit\\\/machine-a-modeler-la-taille-ab-rocket-abdominal-muscle-fitness-equipment\\\/#primaryimage\"},\"image\":{\"@id\":\"https:\\\/\\\/aigleshopping.ca\\\/fr\\\/produit\\\/machine-a-modeler-la-taille-ab-rocket-abdominal-muscle-fitness-equipment\\\/#primaryimage\"},\"thumbnailUrl\":\"https:\\\/\\\/aigleshopping.ca\\\/wp-content\\\/uploads\\\/2025\\\/03\\\/45b7cb57-5355-4e88-a2ce-78194934d8ac_trans.jpeg\",\"datePublished\":\"2025-03-08T18:56:57+00:00\",\"breadcrumb\":{\"@id\":\"https:\\\/\\\/aigleshopping.ca\\\/fr\\\/produit\\\/machine-a-modeler-la-taille-ab-rocket-abdominal-muscle-fitness-equipment\\\/#breadcrumb\"},\"inLanguage\":\"fr-FR\",\"potentialAction\":[{\"@type\":\"ReadAction\",\"target\":[\"https:\\\/\\\/aigleshopping.ca\\\/fr\\\/produit\\\/machine-a-modeler-la-taille-ab-rocket-abdominal-muscle-fitness-equipment\\\/\"]}]},{\"@type\":\"ImageObject\",\"inLanguage\":\"fr-FR\",\"@id\":\"https:\\\/\\\/aigleshopping.ca\\\/fr\\\/produit\\\/machine-a-modeler-la-taille-ab-rocket-abdominal-muscle-fitness-equipment\\\/#primaryimage\",\"url\":\"https:\\\/\\\/aigleshopping.ca\\\/wp-content\\\/uploads\\\/2025\\\/03\\\/45b7cb57-5355-4e88-a2ce-78194934d8ac_trans.jpeg\",\"contentUrl\":\"https:\\\/\\\/aigleshopping.ca\\\/wp-content\\\/uploads\\\/2025\\\/03\\\/45b7cb57-5355-4e88-a2ce-78194934d8ac_trans.jpeg\",\"width\":800,\"height\":800},{\"@type\":\"BreadcrumbList\",\"@id\":\"https:\\\/\\\/aigleshopping.ca\\\/fr\\\/produit\\\/machine-a-modeler-la-taille-ab-rocket-abdominal-muscle-fitness-equipment\\\/#breadcrumb\",\"itemListElement\":[{\"@type\":\"ListItem\",\"position\":1,\"name\":\"Home\",\"item\":\"https:\\\/\\\/aigleshopping.ca\\\/fr\\\/home\\\/\"},{\"@type\":\"ListItem\",\"position\":2,\"name\":\"Products\",\"item\":\"https:\\\/\\\/aigleshopping.ca\\\/shop\\\/\"},{\"@type\":\"ListItem\",\"position\":3,\"name\":\"Machine \u00e0 modeler la taille AB Rocket Abdominal Muscle Fitness Equipment\"}]},{\"@type\":\"WebSite\",\"@id\":\"https:\\\/\\\/aigleshopping.ca\\\/#website\",\"url\":\"https:\\\/\\\/aigleshopping.ca\\\/\",\"name\":\"Aigle Shopping Canada\",\"description\":\"Au-del\u00e0 des fronti\u00e8res, pour vous offrir le\u00a0meilleur!\",\"publisher\":{\"@id\":\"https:\\\/\\\/aigleshopping.ca\\\/#organization\"},\"potentialAction\":[{\"@type\":\"SearchAction\",\"target\":{\"@type\":\"EntryPoint\",\"urlTemplate\":\"https:\\\/\\\/aigleshopping.ca\\\/?s={search_term_string}\"},\"query-input\":{\"@type\":\"PropertyValueSpecification\",\"valueRequired\":true,\"valueName\":\"search_term_string\"}}],\"inLanguage\":\"fr-FR\"},{\"@type\":\"Organization\",\"@id\":\"https:\\\/\\\/aigleshopping.ca\\\/#organization\",\"name\":\"Aigle Shopping Canada\",\"url\":\"https:\\\/\\\/aigleshopping.ca\\\/\",\"logo\":{\"@type\":\"ImageObject\",\"inLanguage\":\"fr-FR\",\"@id\":\"https:\\\/\\\/aigleshopping.ca\\\/#\\\/schema\\\/logo\\\/image\\\/\",\"url\":\"https:\\\/\\\/aigleshopping.ca\\\/wp-content\\\/uploads\\\/2025\\\/12\\\/logo_aigleshopping_ca.png\",\"contentUrl\":\"https:\\\/\\\/aigleshopping.ca\\\/wp-content\\\/uploads\\\/2025\\\/12\\\/logo_aigleshopping_ca.png\",\"width\":800,\"height\":233,\"caption\":\"Aigle Shopping Canada\"},\"image\":{\"@id\":\"https:\\\/\\\/aigleshopping.ca\\\/#\\\/schema\\\/logo\\\/image\\\/\"}}]}<\/script>\n<!-- \/ Yoast SEO plugin. -->","yoast_head_json":{"title":"Machine \u00e0 modeler la taille AB Rocket Abdominal Muscle Fitness Equipment - Aigle Shopping Canada","robots":{"index":"index","follow":"follow","max-snippet":"max-snippet:-1","max-image-preview":"max-image-preview:large","max-video-preview":"max-video-preview:-1"},"canonical":"https:\/\/aigleshopping.ca\/fr\/produit\/machine-a-modeler-la-taille-ab-rocket-abdominal-muscle-fitness-equipment\/","og_locale":"fr_FR","og_type":"article","og_title":"Machine \u00e0 modeler la taille AB Rocket Abdominal Muscle Fitness Equipment - Aigle Shopping Canada","og_description":"Informations sur le produit : Mat\u00e9riau : ABS\/tube d&rsquo;acier\/mousse Sc\u00e9narios d&rsquo;application : \u00e9quipement de fitness, fitness et modelage du corps Sp\u00e9cifications : Cordon de comptage rose, cordon de comptage bleu Liste d&#8217;emballage : \u00c9quipement de fitness * 1 Image du produit :","og_url":"https:\/\/aigleshopping.ca\/fr\/produit\/machine-a-modeler-la-taille-ab-rocket-abdominal-muscle-fitness-equipment\/","og_site_name":"Aigle Shopping Canada","og_image":[{"width":800,"height":800,"url":"https:\/\/aigleshopping.ca\/wp-content\/uploads\/2025\/03\/45b7cb57-5355-4e88-a2ce-78194934d8ac_trans.jpeg","type":"image\/jpeg"}],"twitter_card":"summary_large_image","schema":{"@context":"https:\/\/schema.org","@graph":[{"@type":"WebPage","@id":"https:\/\/aigleshopping.ca\/fr\/produit\/machine-a-modeler-la-taille-ab-rocket-abdominal-muscle-fitness-equipment\/","url":"https:\/\/aigleshopping.ca\/fr\/produit\/machine-a-modeler-la-taille-ab-rocket-abdominal-muscle-fitness-equipment\/","name":"Machine \u00e0 modeler la taille AB Rocket Abdominal Muscle Fitness Equipment - Aigle Shopping Canada","isPartOf":{"@id":"https:\/\/aigleshopping.ca\/#website"},"primaryImageOfPage":{"@id":"https:\/\/aigleshopping.ca\/fr\/produit\/machine-a-modeler-la-taille-ab-rocket-abdominal-muscle-fitness-equipment\/#primaryimage"},"image":{"@id":"https:\/\/aigleshopping.ca\/fr\/produit\/machine-a-modeler-la-taille-ab-rocket-abdominal-muscle-fitness-equipment\/#primaryimage"},"thumbnailUrl":"https:\/\/aigleshopping.ca\/wp-content\/uploads\/2025\/03\/45b7cb57-5355-4e88-a2ce-78194934d8ac_trans.jpeg","datePublished":"2025-03-08T18:56:57+00:00","breadcrumb":{"@id":"https:\/\/aigleshopping.ca\/fr\/produit\/machine-a-modeler-la-taille-ab-rocket-abdominal-muscle-fitness-equipment\/#breadcrumb"},"inLanguage":"fr-FR","potentialAction":[{"@type":"ReadAction","target":["https:\/\/aigleshopping.ca\/fr\/produit\/machine-a-modeler-la-taille-ab-rocket-abdominal-muscle-fitness-equipment\/"]}]},{"@type":"ImageObject","inLanguage":"fr-FR","@id":"https:\/\/aigleshopping.ca\/fr\/produit\/machine-a-modeler-la-taille-ab-rocket-abdominal-muscle-fitness-equipment\/#primaryimage","url":"https:\/\/aigleshopping.ca\/wp-content\/uploads\/2025\/03\/45b7cb57-5355-4e88-a2ce-78194934d8ac_trans.jpeg","contentUrl":"https:\/\/aigleshopping.ca\/wp-content\/uploads\/2025\/03\/45b7cb57-5355-4e88-a2ce-78194934d8ac_trans.jpeg","width":800,"height":800},{"@type":"BreadcrumbList","@id":"https:\/\/aigleshopping.ca\/fr\/produit\/machine-a-modeler-la-taille-ab-rocket-abdominal-muscle-fitness-equipment\/#breadcrumb","itemListElement":[{"@type":"ListItem","position":1,"name":"Home","item":"https:\/\/aigleshopping.ca\/fr\/home\/"},{"@type":"ListItem","position":2,"name":"Products","item":"https:\/\/aigleshopping.ca\/shop\/"},{"@type":"ListItem","position":3,"name":"Machine \u00e0 modeler la taille AB Rocket Abdominal Muscle Fitness Equipment"}]},{"@type":"WebSite","@id":"https:\/\/aigleshopping.ca\/#website","url":"https:\/\/aigleshopping.ca\/","name":"Aigle Shopping Canada","description":"Au-del\u00e0 des fronti\u00e8res, pour vous offrir le\u00a0meilleur!","publisher":{"@id":"https:\/\/aigleshopping.ca\/#organization"},"potentialAction":[{"@type":"SearchAction","target":{"@type":"EntryPoint","urlTemplate":"https:\/\/aigleshopping.ca\/?s={search_term_string}"},"query-input":{"@type":"PropertyValueSpecification","valueRequired":true,"valueName":"search_term_string"}}],"inLanguage":"fr-FR"},{"@type":"Organization","@id":"https:\/\/aigleshopping.ca\/#organization","name":"Aigle Shopping Canada","url":"https:\/\/aigleshopping.ca\/","logo":{"@type":"ImageObject","inLanguage":"fr-FR","@id":"https:\/\/aigleshopping.ca\/#\/schema\/logo\/image\/","url":"https:\/\/aigleshopping.ca\/wp-content\/uploads\/2025\/12\/logo_aigleshopping_ca.png","contentUrl":"https:\/\/aigleshopping.ca\/wp-content\/uploads\/2025\/12\/logo_aigleshopping_ca.png","width":800,"height":233,"caption":"Aigle Shopping Canada"},"image":{"@id":"https:\/\/aigleshopping.ca\/#\/schema\/logo\/image\/"}}]}},"jetpack_sharing_enabled":true,"_links":{"self":[{"href":"https:\/\/aigleshopping.ca\/fr\/wp-json\/wp\/v2\/product\/20568","targetHints":{"allow":["GET"]}}],"collection":[{"href":"https:\/\/aigleshopping.ca\/fr\/wp-json\/wp\/v2\/product"}],"about":[{"href":"https:\/\/aigleshopping.ca\/fr\/wp-json\/wp\/v2\/types\/product"}],"replies":[{"embeddable":true,"href":"https:\/\/aigleshopping.ca\/fr\/wp-json\/wp\/v2\/comments?post=20568"}],"wp:featuredmedia":[{"embeddable":true,"href":"https:\/\/aigleshopping.ca\/fr\/wp-json\/wp\/v2\/media\/14672"}],"wp:attachment":[{"href":"https:\/\/aigleshopping.ca\/fr\/wp-json\/wp\/v2\/media?parent=20568"}],"wp:term":[{"taxonomy":"product_brand","embeddable":true,"href":"https:\/\/aigleshopping.ca\/fr\/wp-json\/wp\/v2\/product_brand?post=20568"},{"taxonomy":"product_cat","embeddable":true,"href":"https:\/\/aigleshopping.ca\/fr\/wp-json\/wp\/v2\/product_cat?post=20568"},{"taxonomy":"product_tag","embeddable":true,"href":"https:\/\/aigleshopping.ca\/fr\/wp-json\/wp\/v2\/product_tag?post=20568"}],"curies":[{"name":"wp","href":"https:\/\/api.w.org\/{rel}","templated":true}]}}