{"id":20595,"date":"2025-03-08T19:03:32","date_gmt":"2025-03-08T19:03:32","guid":{"rendered":"https:\/\/aigleshopping.ca\/produit\/pratique-professionnelle-masculine-force-de-la-main-avant-bras-poignet\/"},"modified":"2025-03-08T19:03:32","modified_gmt":"2025-03-08T19:03:32","slug":"pratique-professionnelle-masculine-force-de-la-main-avant-bras-poignet","status":"publish","type":"product","link":"https:\/\/aigleshopping.ca\/fr\/produit\/pratique-professionnelle-masculine-force-de-la-main-avant-bras-poignet\/","title":{"rendered":"Pratique professionnelle masculine Force de la main Avant-bras Poignet"},"content":{"rendered":"<p> <span style=\"font-weight: bold\">Description :<\/span> <br \/> 1. Aide \u00e0 renforcer les doigts, les mains et les avant-bras.   <br \/>  2. Fabriqu\u00e9 en acier, solide et durable.   <br \/>  3. L\u00e9ger, adapt\u00e9 \u00e0 l&rsquo;entra\u00eenement quotidien ou \u00e0 la remise en forme pour les hommes et les femmes.   <br \/>  4. Il peut \u00eatre utilis\u00e9 pour pr\u00e9venir les blessures aux mains, l&rsquo;arthrite, la tendinite, etc.   <\/p>\n<p> <span style=\"font-weight: bold\">Sp\u00e9cification :<\/span> <br \/> Sexe : Hommes  <br \/>  Couleur : Noir  <br \/>  Type : Lumi\u00e8re  <br \/>  Mat\u00e9riau : Acier  <br \/>  Taille (approximative) : (longueur du bas * largeur du bas * hauteur) 21.5 * 21.5 * 36cm  <\/p>\n<p> <span style=\"font-weight: bold\">Le paquet comprend :<\/span> <br \/> Poign\u00e9e x1 Base de la ventouse x1 Ecrou fixe x1 Rondelle fixe x1 Mini cl\u00e9 x1 <\/p>\n<p> <span style=\"font-weight: bold\">Note :<\/span> <br \/> 1. En raison de la diff\u00e9rence de lumi\u00e8re et d&rsquo;\u00e9cran, la couleur de l&rsquo;article peut \u00eatre l\u00e9g\u00e8rement diff\u00e9rente de celle de l&rsquo;image.   <br \/>  2. En raison des mesures manuelles, veuillez tol\u00e9rer une diff\u00e9rence de 0,5 \u00e0 2 cm.   <\/p>\n<p> <img decoding=\"async\" src=\"https:\/\/cf.cjdropshipping.com\/e169cacc-25bf-4293-8f96-8a00062731ac.png\"> <img decoding=\"async\" src=\"https:\/\/cf.cjdropshipping.com\/a89dcaee-0d98-415f-ac35-b24cab5bc39b.png\"> <img decoding=\"async\" src=\"https:\/\/cf.cjdropshipping.com\/162ea7d0-99d2-4dba-bde7-329ac0595167.png\"> <img decoding=\"async\" src=\"https:\/\/cf.cjdropshipping.com\/218d55b7-3620-434a-9642-6630cd94532b.png\"> <img decoding=\"async\" src=\"https:\/\/cf.cjdropshipping.com\/64fc4dd3-a366-4a1a-babf-8afced3f0f45.png\"> <img decoding=\"async\" src=\"https:\/\/cf.cjdropshipping.com\/661e1392-4cff-4de4-b5f2-534b396a9ebc.png\">  <\/p>\n","protected":false},"excerpt":{"rendered":"<p>Description : 1. Aide \u00e0 renforcer les doigts, les mains et les avant-bras. 2. Fabriqu\u00e9 en acier, solide et durable. 3. L\u00e9ger, adapt\u00e9 \u00e0 l&rsquo;entra\u00eenement quotidien ou \u00e0 la remise en forme pour les hommes et les femmes. 4. Il peut \u00eatre utilis\u00e9 pour pr\u00e9venir les blessures aux mains, l&rsquo;arthrite, la tendinite, etc. Sp\u00e9cification : [&hellip;]<\/p>\n","protected":false},"featured_media":14853,"comment_status":"open","ping_status":"closed","template":"","meta":{"content-type":""},"product_brand":[],"product_cat":[217],"product_tag":[],"class_list":{"0":"post-20595","1":"product","2":"type-product","3":"status-publish","4":"has-post-thumbnail","6":"product_cat-sport-fr","8":"first","9":"instock","10":"taxable","11":"shipping-taxable","12":"purchasable","13":"product-type-variable","14":"add-to-wishlist-after_add_to_cart"},"yoast_head":"<!-- This site is optimized with the Yoast SEO plugin v27.4 - https:\/\/yoast.com\/product\/yoast-seo-wordpress\/ -->\n<title>Pratique professionnelle masculine Force de la main Avant-bras Poignet - Aigle Shopping Canada<\/title>\n<meta name=\"robots\" content=\"index, follow, max-snippet:-1, max-image-preview:large, max-video-preview:-1\" \/>\n<link rel=\"canonical\" href=\"https:\/\/aigleshopping.ca\/fr\/produit\/pratique-professionnelle-masculine-force-de-la-main-avant-bras-poignet\/\" \/>\n<meta property=\"og:locale\" content=\"fr_FR\" \/>\n<meta property=\"og:type\" content=\"article\" \/>\n<meta property=\"og:title\" content=\"Pratique professionnelle masculine Force de la main Avant-bras Poignet - Aigle Shopping Canada\" \/>\n<meta property=\"og:description\" content=\"Description : 1. Aide \u00e0 renforcer les doigts, les mains et les avant-bras. 2. Fabriqu\u00e9 en acier, solide et durable. 3. L\u00e9ger, adapt\u00e9 \u00e0 l&rsquo;entra\u00eenement quotidien ou \u00e0 la remise en forme pour les hommes et les femmes. 4. Il peut \u00eatre utilis\u00e9 pour pr\u00e9venir les blessures aux mains, l&rsquo;arthrite, la tendinite, etc. Sp\u00e9cification : [&hellip;]\" \/>\n<meta property=\"og:url\" content=\"https:\/\/aigleshopping.ca\/fr\/produit\/pratique-professionnelle-masculine-force-de-la-main-avant-bras-poignet\/\" \/>\n<meta property=\"og:site_name\" content=\"Aigle Shopping Canada\" \/>\n<meta property=\"og:image\" content=\"https:\/\/aigleshopping.ca\/wp-content\/uploads\/2025\/03\/1681652482276.jpg\" \/>\n\t<meta property=\"og:image:width\" content=\"477\" \/>\n\t<meta property=\"og:image:height\" content=\"471\" \/>\n\t<meta property=\"og:image:type\" content=\"image\/jpeg\" \/>\n<meta name=\"twitter:card\" content=\"summary_large_image\" \/>\n<meta name=\"twitter:label1\" content=\"Dur\u00e9e de lecture estim\u00e9e\" \/>\n\t<meta name=\"twitter:data1\" content=\"1 minute\" \/>\n<script type=\"application\/ld+json\" class=\"yoast-schema-graph\">{\"@context\":\"https:\\\/\\\/schema.org\",\"@graph\":[{\"@type\":\"WebPage\",\"@id\":\"https:\\\/\\\/aigleshopping.ca\\\/fr\\\/produit\\\/pratique-professionnelle-masculine-force-de-la-main-avant-bras-poignet\\\/\",\"url\":\"https:\\\/\\\/aigleshopping.ca\\\/fr\\\/produit\\\/pratique-professionnelle-masculine-force-de-la-main-avant-bras-poignet\\\/\",\"name\":\"Pratique professionnelle masculine Force de la main Avant-bras Poignet - Aigle Shopping Canada\",\"isPartOf\":{\"@id\":\"https:\\\/\\\/aigleshopping.ca\\\/#website\"},\"primaryImageOfPage\":{\"@id\":\"https:\\\/\\\/aigleshopping.ca\\\/fr\\\/produit\\\/pratique-professionnelle-masculine-force-de-la-main-avant-bras-poignet\\\/#primaryimage\"},\"image\":{\"@id\":\"https:\\\/\\\/aigleshopping.ca\\\/fr\\\/produit\\\/pratique-professionnelle-masculine-force-de-la-main-avant-bras-poignet\\\/#primaryimage\"},\"thumbnailUrl\":\"https:\\\/\\\/aigleshopping.ca\\\/wp-content\\\/uploads\\\/2025\\\/03\\\/1681652482276.jpg\",\"datePublished\":\"2025-03-08T19:03:32+00:00\",\"breadcrumb\":{\"@id\":\"https:\\\/\\\/aigleshopping.ca\\\/fr\\\/produit\\\/pratique-professionnelle-masculine-force-de-la-main-avant-bras-poignet\\\/#breadcrumb\"},\"inLanguage\":\"fr-FR\",\"potentialAction\":[{\"@type\":\"ReadAction\",\"target\":[\"https:\\\/\\\/aigleshopping.ca\\\/fr\\\/produit\\\/pratique-professionnelle-masculine-force-de-la-main-avant-bras-poignet\\\/\"]}]},{\"@type\":\"ImageObject\",\"inLanguage\":\"fr-FR\",\"@id\":\"https:\\\/\\\/aigleshopping.ca\\\/fr\\\/produit\\\/pratique-professionnelle-masculine-force-de-la-main-avant-bras-poignet\\\/#primaryimage\",\"url\":\"https:\\\/\\\/aigleshopping.ca\\\/wp-content\\\/uploads\\\/2025\\\/03\\\/1681652482276.jpg\",\"contentUrl\":\"https:\\\/\\\/aigleshopping.ca\\\/wp-content\\\/uploads\\\/2025\\\/03\\\/1681652482276.jpg\",\"width\":477,\"height\":471},{\"@type\":\"BreadcrumbList\",\"@id\":\"https:\\\/\\\/aigleshopping.ca\\\/fr\\\/produit\\\/pratique-professionnelle-masculine-force-de-la-main-avant-bras-poignet\\\/#breadcrumb\",\"itemListElement\":[{\"@type\":\"ListItem\",\"position\":1,\"name\":\"Home\",\"item\":\"https:\\\/\\\/aigleshopping.ca\\\/fr\\\/home\\\/\"},{\"@type\":\"ListItem\",\"position\":2,\"name\":\"Products\",\"item\":\"https:\\\/\\\/aigleshopping.ca\\\/shop\\\/\"},{\"@type\":\"ListItem\",\"position\":3,\"name\":\"Pratique professionnelle masculine Force de la main Avant-bras Poignet\"}]},{\"@type\":\"WebSite\",\"@id\":\"https:\\\/\\\/aigleshopping.ca\\\/#website\",\"url\":\"https:\\\/\\\/aigleshopping.ca\\\/\",\"name\":\"Aigle Shopping Canada\",\"description\":\"Au-del\u00e0 des fronti\u00e8res, pour vous offrir le\u00a0meilleur!\",\"publisher\":{\"@id\":\"https:\\\/\\\/aigleshopping.ca\\\/#organization\"},\"potentialAction\":[{\"@type\":\"SearchAction\",\"target\":{\"@type\":\"EntryPoint\",\"urlTemplate\":\"https:\\\/\\\/aigleshopping.ca\\\/?s={search_term_string}\"},\"query-input\":{\"@type\":\"PropertyValueSpecification\",\"valueRequired\":true,\"valueName\":\"search_term_string\"}}],\"inLanguage\":\"fr-FR\"},{\"@type\":\"Organization\",\"@id\":\"https:\\\/\\\/aigleshopping.ca\\\/#organization\",\"name\":\"Aigle Shopping Canada\",\"url\":\"https:\\\/\\\/aigleshopping.ca\\\/\",\"logo\":{\"@type\":\"ImageObject\",\"inLanguage\":\"fr-FR\",\"@id\":\"https:\\\/\\\/aigleshopping.ca\\\/#\\\/schema\\\/logo\\\/image\\\/\",\"url\":\"https:\\\/\\\/aigleshopping.ca\\\/wp-content\\\/uploads\\\/2025\\\/12\\\/logo_aigleshopping_ca.png\",\"contentUrl\":\"https:\\\/\\\/aigleshopping.ca\\\/wp-content\\\/uploads\\\/2025\\\/12\\\/logo_aigleshopping_ca.png\",\"width\":800,\"height\":233,\"caption\":\"Aigle Shopping Canada\"},\"image\":{\"@id\":\"https:\\\/\\\/aigleshopping.ca\\\/#\\\/schema\\\/logo\\\/image\\\/\"}}]}<\/script>\n<!-- \/ Yoast SEO plugin. -->","yoast_head_json":{"title":"Pratique professionnelle masculine Force de la main Avant-bras Poignet - Aigle Shopping Canada","robots":{"index":"index","follow":"follow","max-snippet":"max-snippet:-1","max-image-preview":"max-image-preview:large","max-video-preview":"max-video-preview:-1"},"canonical":"https:\/\/aigleshopping.ca\/fr\/produit\/pratique-professionnelle-masculine-force-de-la-main-avant-bras-poignet\/","og_locale":"fr_FR","og_type":"article","og_title":"Pratique professionnelle masculine Force de la main Avant-bras Poignet - Aigle Shopping Canada","og_description":"Description : 1. Aide \u00e0 renforcer les doigts, les mains et les avant-bras. 2. Fabriqu\u00e9 en acier, solide et durable. 3. L\u00e9ger, adapt\u00e9 \u00e0 l&rsquo;entra\u00eenement quotidien ou \u00e0 la remise en forme pour les hommes et les femmes. 4. Il peut \u00eatre utilis\u00e9 pour pr\u00e9venir les blessures aux mains, l&rsquo;arthrite, la tendinite, etc. Sp\u00e9cification : [&hellip;]","og_url":"https:\/\/aigleshopping.ca\/fr\/produit\/pratique-professionnelle-masculine-force-de-la-main-avant-bras-poignet\/","og_site_name":"Aigle Shopping Canada","og_image":[{"width":477,"height":471,"url":"https:\/\/aigleshopping.ca\/wp-content\/uploads\/2025\/03\/1681652482276.jpg","type":"image\/jpeg"}],"twitter_card":"summary_large_image","twitter_misc":{"Dur\u00e9e de lecture estim\u00e9e":"1 minute"},"schema":{"@context":"https:\/\/schema.org","@graph":[{"@type":"WebPage","@id":"https:\/\/aigleshopping.ca\/fr\/produit\/pratique-professionnelle-masculine-force-de-la-main-avant-bras-poignet\/","url":"https:\/\/aigleshopping.ca\/fr\/produit\/pratique-professionnelle-masculine-force-de-la-main-avant-bras-poignet\/","name":"Pratique professionnelle masculine Force de la main Avant-bras Poignet - Aigle Shopping Canada","isPartOf":{"@id":"https:\/\/aigleshopping.ca\/#website"},"primaryImageOfPage":{"@id":"https:\/\/aigleshopping.ca\/fr\/produit\/pratique-professionnelle-masculine-force-de-la-main-avant-bras-poignet\/#primaryimage"},"image":{"@id":"https:\/\/aigleshopping.ca\/fr\/produit\/pratique-professionnelle-masculine-force-de-la-main-avant-bras-poignet\/#primaryimage"},"thumbnailUrl":"https:\/\/aigleshopping.ca\/wp-content\/uploads\/2025\/03\/1681652482276.jpg","datePublished":"2025-03-08T19:03:32+00:00","breadcrumb":{"@id":"https:\/\/aigleshopping.ca\/fr\/produit\/pratique-professionnelle-masculine-force-de-la-main-avant-bras-poignet\/#breadcrumb"},"inLanguage":"fr-FR","potentialAction":[{"@type":"ReadAction","target":["https:\/\/aigleshopping.ca\/fr\/produit\/pratique-professionnelle-masculine-force-de-la-main-avant-bras-poignet\/"]}]},{"@type":"ImageObject","inLanguage":"fr-FR","@id":"https:\/\/aigleshopping.ca\/fr\/produit\/pratique-professionnelle-masculine-force-de-la-main-avant-bras-poignet\/#primaryimage","url":"https:\/\/aigleshopping.ca\/wp-content\/uploads\/2025\/03\/1681652482276.jpg","contentUrl":"https:\/\/aigleshopping.ca\/wp-content\/uploads\/2025\/03\/1681652482276.jpg","width":477,"height":471},{"@type":"BreadcrumbList","@id":"https:\/\/aigleshopping.ca\/fr\/produit\/pratique-professionnelle-masculine-force-de-la-main-avant-bras-poignet\/#breadcrumb","itemListElement":[{"@type":"ListItem","position":1,"name":"Home","item":"https:\/\/aigleshopping.ca\/fr\/home\/"},{"@type":"ListItem","position":2,"name":"Products","item":"https:\/\/aigleshopping.ca\/shop\/"},{"@type":"ListItem","position":3,"name":"Pratique professionnelle masculine Force de la main Avant-bras Poignet"}]},{"@type":"WebSite","@id":"https:\/\/aigleshopping.ca\/#website","url":"https:\/\/aigleshopping.ca\/","name":"Aigle Shopping Canada","description":"Au-del\u00e0 des fronti\u00e8res, pour vous offrir le\u00a0meilleur!","publisher":{"@id":"https:\/\/aigleshopping.ca\/#organization"},"potentialAction":[{"@type":"SearchAction","target":{"@type":"EntryPoint","urlTemplate":"https:\/\/aigleshopping.ca\/?s={search_term_string}"},"query-input":{"@type":"PropertyValueSpecification","valueRequired":true,"valueName":"search_term_string"}}],"inLanguage":"fr-FR"},{"@type":"Organization","@id":"https:\/\/aigleshopping.ca\/#organization","name":"Aigle Shopping Canada","url":"https:\/\/aigleshopping.ca\/","logo":{"@type":"ImageObject","inLanguage":"fr-FR","@id":"https:\/\/aigleshopping.ca\/#\/schema\/logo\/image\/","url":"https:\/\/aigleshopping.ca\/wp-content\/uploads\/2025\/12\/logo_aigleshopping_ca.png","contentUrl":"https:\/\/aigleshopping.ca\/wp-content\/uploads\/2025\/12\/logo_aigleshopping_ca.png","width":800,"height":233,"caption":"Aigle Shopping Canada"},"image":{"@id":"https:\/\/aigleshopping.ca\/#\/schema\/logo\/image\/"}}]}},"jetpack_sharing_enabled":true,"_links":{"self":[{"href":"https:\/\/aigleshopping.ca\/fr\/wp-json\/wp\/v2\/product\/20595","targetHints":{"allow":["GET"]}}],"collection":[{"href":"https:\/\/aigleshopping.ca\/fr\/wp-json\/wp\/v2\/product"}],"about":[{"href":"https:\/\/aigleshopping.ca\/fr\/wp-json\/wp\/v2\/types\/product"}],"replies":[{"embeddable":true,"href":"https:\/\/aigleshopping.ca\/fr\/wp-json\/wp\/v2\/comments?post=20595"}],"wp:featuredmedia":[{"embeddable":true,"href":"https:\/\/aigleshopping.ca\/fr\/wp-json\/wp\/v2\/media\/14853"}],"wp:attachment":[{"href":"https:\/\/aigleshopping.ca\/fr\/wp-json\/wp\/v2\/media?parent=20595"}],"wp:term":[{"taxonomy":"product_brand","embeddable":true,"href":"https:\/\/aigleshopping.ca\/fr\/wp-json\/wp\/v2\/product_brand?post=20595"},{"taxonomy":"product_cat","embeddable":true,"href":"https:\/\/aigleshopping.ca\/fr\/wp-json\/wp\/v2\/product_cat?post=20595"},{"taxonomy":"product_tag","embeddable":true,"href":"https:\/\/aigleshopping.ca\/fr\/wp-json\/wp\/v2\/product_tag?post=20595"}],"curies":[{"name":"wp","href":"https:\/\/api.w.org\/{rel}","templated":true}]}}