{"id":20607,"date":"2025-03-08T19:04:07","date_gmt":"2025-03-08T19:04:07","guid":{"rendered":"https:\/\/aigleshopping.ca\/produit\/ceinture-abdominale-sports-fitness-taille-rapide-meche-neoprene-corset\/"},"modified":"2025-03-08T19:04:07","modified_gmt":"2025-03-08T19:04:07","slug":"ceinture-abdominale-sports-fitness-taille-rapide-meche-neoprene-corset","status":"publish","type":"product","link":"https:\/\/aigleshopping.ca\/fr\/produit\/ceinture-abdominale-sports-fitness-taille-rapide-meche-neoprene-corset\/","title":{"rendered":"Ceinture abdominale Sports Fitness Taille Rapide M\u00e8che N\u00e9opr\u00e8ne Corset"},"content":{"rendered":"<p>  <b> Informations sur le produit : <\/b> <b> <br \/>  Nom du tissu : tissu de plong\u00e9e <\/b> <br \/> Composition du tissu principal : fibre chlor\u00e9e (fibre chlor\u00e9e) <br \/> Contenu de l&rsquo;ingr\u00e9dient principal du tissu : 99 (%) <br \/> Fonction : protection de la taille, modelage du corps, abdomen <br \/> Couleur : gris, noir <\/p>\n<p> <b> Information sur la taille <br \/> <\/b> S, M, L, XL, XXL, XXXL, 4XL, 5XL  <br \/> <img decoding=\"async\" src=\"https:\/\/oss-cf.cjdropshipping.com\/product\/2025\/02\/20\/12\/4e363080-28a9-4892-b322-bb8dc1e0440b_trans.jpeg\"> <\/p>\n<p>  <b> Note : <br \/> <\/b> 1.&nbsp;Asiatique&nbsp;tailles&nbsp;sont&nbsp;1&nbsp;\u00e0&nbsp;2&nbsp;tailles&nbsp;plus petit&nbsp;que les Europ\u00e9ens et les Am\u00e9ricains.&nbsp;Choisissez&nbsp;les&nbsp;plus grande&nbsp;taille&nbsp;si&nbsp;votre taille entre deux tailles.&nbsp;S&rsquo;il vous pla\u00eet&nbsp;permettre&nbsp;2-3cm&nbsp;Les diff\u00e9rences sont dues \u00e0 des mesures manuelles.&nbsp; <br \/>  2.&nbsp;S&rsquo;il vous pla\u00eet&nbsp;v\u00e9rifier&nbsp;les&nbsp;taille&nbsp;tableau&nbsp;avec soin&nbsp;avant&nbsp;vous&nbsp;acheter&nbsp;les&nbsp;article,&nbsp;si&nbsp;vous&nbsp;ne&nbsp;savoir&nbsp;comment&nbsp;\u00e0&nbsp;choisir&nbsp;taille,&nbsp;veuillez contacter notre service client\u00e8le.  <br \/>  3.As&nbsp;vous&nbsp;savoir,&nbsp;les&nbsp;diff\u00e9rents&nbsp;ordinateurs&nbsp;affichage&nbsp;couleurs&nbsp;diff\u00e9remment,&nbsp;les&nbsp;couleur&nbsp;de&nbsp;les&nbsp;r\u00e9el&nbsp;article&nbsp;peut&nbsp;varier&nbsp;l\u00e9g\u00e8rement \u00e0 partir des images suivantes.  <\/p>\n<p>  <b> Emballage <br \/> <\/b> Haut en plastique \u00e0 manches courtes en n\u00e9opr\u00e8ne pour femmes*1  <\/p>\n<p> <img decoding=\"async\" src=\"https:\/\/cf.cjdropshipping.com\/c7ca5734-9058-4c3c-8058-9edf41e7b279.jpg\"> <img decoding=\"async\" src=\"https:\/\/cf.cjdropshipping.com\/e543f37c-0002-420f-961f-c78d534bc883.jpg\"> <img decoding=\"async\" src=\"https:\/\/cf.cjdropshipping.com\/f5936264-71da-452c-9724-26affc9a8003.jpg\"> <img decoding=\"async\" src=\"https:\/\/cf.cjdropshipping.com\/3286b1e7-d6e1-4340-a8e4-f5a84819832e.jpg\"> <img decoding=\"async\" src=\"https:\/\/cf.cjdropshipping.com\/705846ae-ffee-40d3-bcee-11ae6f4df340.jpg\">  <\/p>\n","protected":false},"excerpt":{"rendered":"<p>Informations sur le produit : Nom du tissu : tissu de plong\u00e9e Composition du tissu principal : fibre chlor\u00e9e (fibre chlor\u00e9e) Contenu de l&rsquo;ingr\u00e9dient principal du tissu : 99 (%) Fonction : protection de la taille, modelage du corps, abdomen Couleur : gris, noir Information sur la taille S, M, L, XL, XXL, XXXL, 4XL, [&hellip;]<\/p>\n","protected":false},"featured_media":14869,"comment_status":"open","ping_status":"closed","template":"","meta":{"content-type":""},"product_brand":[],"product_cat":[217],"product_tag":[],"class_list":{"0":"post-20607","1":"product","2":"type-product","3":"status-publish","4":"has-post-thumbnail","6":"product_cat-sport-fr","8":"first","9":"instock","10":"taxable","11":"shipping-taxable","12":"purchasable","13":"product-type-variable","14":"add-to-wishlist-after_add_to_cart"},"yoast_head":"<!-- This site is optimized with the Yoast SEO plugin v27.4 - https:\/\/yoast.com\/product\/yoast-seo-wordpress\/ -->\n<title>Ceinture abdominale Sports Fitness Taille Rapide M\u00e8che N\u00e9opr\u00e8ne Corset - Aigle Shopping Canada<\/title>\n<meta name=\"robots\" content=\"index, follow, max-snippet:-1, max-image-preview:large, max-video-preview:-1\" \/>\n<link rel=\"canonical\" href=\"https:\/\/aigleshopping.ca\/fr\/produit\/ceinture-abdominale-sports-fitness-taille-rapide-meche-neoprene-corset\/\" \/>\n<meta property=\"og:locale\" content=\"fr_FR\" \/>\n<meta property=\"og:type\" content=\"article\" \/>\n<meta property=\"og:title\" content=\"Ceinture abdominale Sports Fitness Taille Rapide M\u00e8che N\u00e9opr\u00e8ne Corset - Aigle Shopping Canada\" \/>\n<meta property=\"og:description\" content=\"Informations sur le produit : Nom du tissu : tissu de plong\u00e9e Composition du tissu principal : fibre chlor\u00e9e (fibre chlor\u00e9e) Contenu de l&rsquo;ingr\u00e9dient principal du tissu : 99 (%) Fonction : protection de la taille, modelage du corps, abdomen Couleur : gris, noir Information sur la taille S, M, L, XL, XXL, XXXL, 4XL, [&hellip;]\" \/>\n<meta property=\"og:url\" content=\"https:\/\/aigleshopping.ca\/fr\/produit\/ceinture-abdominale-sports-fitness-taille-rapide-meche-neoprene-corset\/\" \/>\n<meta property=\"og:site_name\" content=\"Aigle Shopping Canada\" \/>\n<meta property=\"og:image\" content=\"https:\/\/aigleshopping.ca\/wp-content\/uploads\/2025\/03\/e96805a9-bbc9-47f0-98d1-8c72b5128ae4.jpg\" \/>\n\t<meta property=\"og:image:width\" content=\"507\" \/>\n\t<meta property=\"og:image:height\" content=\"466\" \/>\n\t<meta property=\"og:image:type\" content=\"image\/jpeg\" \/>\n<meta name=\"twitter:card\" content=\"summary_large_image\" \/>\n<meta name=\"twitter:label1\" content=\"Dur\u00e9e de lecture estim\u00e9e\" \/>\n\t<meta name=\"twitter:data1\" content=\"1 minute\" \/>\n<script type=\"application\/ld+json\" class=\"yoast-schema-graph\">{\"@context\":\"https:\\\/\\\/schema.org\",\"@graph\":[{\"@type\":\"WebPage\",\"@id\":\"https:\\\/\\\/aigleshopping.ca\\\/fr\\\/produit\\\/ceinture-abdominale-sports-fitness-taille-rapide-meche-neoprene-corset\\\/\",\"url\":\"https:\\\/\\\/aigleshopping.ca\\\/fr\\\/produit\\\/ceinture-abdominale-sports-fitness-taille-rapide-meche-neoprene-corset\\\/\",\"name\":\"Ceinture abdominale Sports Fitness Taille Rapide M\u00e8che N\u00e9opr\u00e8ne Corset - Aigle Shopping Canada\",\"isPartOf\":{\"@id\":\"https:\\\/\\\/aigleshopping.ca\\\/#website\"},\"primaryImageOfPage\":{\"@id\":\"https:\\\/\\\/aigleshopping.ca\\\/fr\\\/produit\\\/ceinture-abdominale-sports-fitness-taille-rapide-meche-neoprene-corset\\\/#primaryimage\"},\"image\":{\"@id\":\"https:\\\/\\\/aigleshopping.ca\\\/fr\\\/produit\\\/ceinture-abdominale-sports-fitness-taille-rapide-meche-neoprene-corset\\\/#primaryimage\"},\"thumbnailUrl\":\"https:\\\/\\\/aigleshopping.ca\\\/wp-content\\\/uploads\\\/2025\\\/03\\\/e96805a9-bbc9-47f0-98d1-8c72b5128ae4.jpg\",\"datePublished\":\"2025-03-08T19:04:07+00:00\",\"breadcrumb\":{\"@id\":\"https:\\\/\\\/aigleshopping.ca\\\/fr\\\/produit\\\/ceinture-abdominale-sports-fitness-taille-rapide-meche-neoprene-corset\\\/#breadcrumb\"},\"inLanguage\":\"fr-FR\",\"potentialAction\":[{\"@type\":\"ReadAction\",\"target\":[\"https:\\\/\\\/aigleshopping.ca\\\/fr\\\/produit\\\/ceinture-abdominale-sports-fitness-taille-rapide-meche-neoprene-corset\\\/\"]}]},{\"@type\":\"ImageObject\",\"inLanguage\":\"fr-FR\",\"@id\":\"https:\\\/\\\/aigleshopping.ca\\\/fr\\\/produit\\\/ceinture-abdominale-sports-fitness-taille-rapide-meche-neoprene-corset\\\/#primaryimage\",\"url\":\"https:\\\/\\\/aigleshopping.ca\\\/wp-content\\\/uploads\\\/2025\\\/03\\\/e96805a9-bbc9-47f0-98d1-8c72b5128ae4.jpg\",\"contentUrl\":\"https:\\\/\\\/aigleshopping.ca\\\/wp-content\\\/uploads\\\/2025\\\/03\\\/e96805a9-bbc9-47f0-98d1-8c72b5128ae4.jpg\",\"width\":507,\"height\":466},{\"@type\":\"BreadcrumbList\",\"@id\":\"https:\\\/\\\/aigleshopping.ca\\\/fr\\\/produit\\\/ceinture-abdominale-sports-fitness-taille-rapide-meche-neoprene-corset\\\/#breadcrumb\",\"itemListElement\":[{\"@type\":\"ListItem\",\"position\":1,\"name\":\"Home\",\"item\":\"https:\\\/\\\/aigleshopping.ca\\\/fr\\\/home\\\/\"},{\"@type\":\"ListItem\",\"position\":2,\"name\":\"Products\",\"item\":\"https:\\\/\\\/aigleshopping.ca\\\/shop\\\/\"},{\"@type\":\"ListItem\",\"position\":3,\"name\":\"Ceinture abdominale Sports Fitness Taille Rapide M\u00e8che N\u00e9opr\u00e8ne Corset\"}]},{\"@type\":\"WebSite\",\"@id\":\"https:\\\/\\\/aigleshopping.ca\\\/#website\",\"url\":\"https:\\\/\\\/aigleshopping.ca\\\/\",\"name\":\"Aigle Shopping Canada\",\"description\":\"Au-del\u00e0 des fronti\u00e8res, pour vous offrir le\u00a0meilleur!\",\"publisher\":{\"@id\":\"https:\\\/\\\/aigleshopping.ca\\\/#organization\"},\"potentialAction\":[{\"@type\":\"SearchAction\",\"target\":{\"@type\":\"EntryPoint\",\"urlTemplate\":\"https:\\\/\\\/aigleshopping.ca\\\/?s={search_term_string}\"},\"query-input\":{\"@type\":\"PropertyValueSpecification\",\"valueRequired\":true,\"valueName\":\"search_term_string\"}}],\"inLanguage\":\"fr-FR\"},{\"@type\":\"Organization\",\"@id\":\"https:\\\/\\\/aigleshopping.ca\\\/#organization\",\"name\":\"Aigle Shopping Canada\",\"url\":\"https:\\\/\\\/aigleshopping.ca\\\/\",\"logo\":{\"@type\":\"ImageObject\",\"inLanguage\":\"fr-FR\",\"@id\":\"https:\\\/\\\/aigleshopping.ca\\\/#\\\/schema\\\/logo\\\/image\\\/\",\"url\":\"https:\\\/\\\/aigleshopping.ca\\\/wp-content\\\/uploads\\\/2025\\\/12\\\/logo_aigleshopping_ca.png\",\"contentUrl\":\"https:\\\/\\\/aigleshopping.ca\\\/wp-content\\\/uploads\\\/2025\\\/12\\\/logo_aigleshopping_ca.png\",\"width\":800,\"height\":233,\"caption\":\"Aigle Shopping Canada\"},\"image\":{\"@id\":\"https:\\\/\\\/aigleshopping.ca\\\/#\\\/schema\\\/logo\\\/image\\\/\"}}]}<\/script>\n<!-- \/ Yoast SEO plugin. -->","yoast_head_json":{"title":"Ceinture abdominale Sports Fitness Taille Rapide M\u00e8che N\u00e9opr\u00e8ne Corset - Aigle Shopping Canada","robots":{"index":"index","follow":"follow","max-snippet":"max-snippet:-1","max-image-preview":"max-image-preview:large","max-video-preview":"max-video-preview:-1"},"canonical":"https:\/\/aigleshopping.ca\/fr\/produit\/ceinture-abdominale-sports-fitness-taille-rapide-meche-neoprene-corset\/","og_locale":"fr_FR","og_type":"article","og_title":"Ceinture abdominale Sports Fitness Taille Rapide M\u00e8che N\u00e9opr\u00e8ne Corset - Aigle Shopping Canada","og_description":"Informations sur le produit : Nom du tissu : tissu de plong\u00e9e Composition du tissu principal : fibre chlor\u00e9e (fibre chlor\u00e9e) Contenu de l&rsquo;ingr\u00e9dient principal du tissu : 99 (%) Fonction : protection de la taille, modelage du corps, abdomen Couleur : gris, noir Information sur la taille S, M, L, XL, XXL, XXXL, 4XL, [&hellip;]","og_url":"https:\/\/aigleshopping.ca\/fr\/produit\/ceinture-abdominale-sports-fitness-taille-rapide-meche-neoprene-corset\/","og_site_name":"Aigle Shopping Canada","og_image":[{"width":507,"height":466,"url":"https:\/\/aigleshopping.ca\/wp-content\/uploads\/2025\/03\/e96805a9-bbc9-47f0-98d1-8c72b5128ae4.jpg","type":"image\/jpeg"}],"twitter_card":"summary_large_image","twitter_misc":{"Dur\u00e9e de lecture estim\u00e9e":"1 minute"},"schema":{"@context":"https:\/\/schema.org","@graph":[{"@type":"WebPage","@id":"https:\/\/aigleshopping.ca\/fr\/produit\/ceinture-abdominale-sports-fitness-taille-rapide-meche-neoprene-corset\/","url":"https:\/\/aigleshopping.ca\/fr\/produit\/ceinture-abdominale-sports-fitness-taille-rapide-meche-neoprene-corset\/","name":"Ceinture abdominale Sports Fitness Taille Rapide M\u00e8che N\u00e9opr\u00e8ne Corset - Aigle Shopping Canada","isPartOf":{"@id":"https:\/\/aigleshopping.ca\/#website"},"primaryImageOfPage":{"@id":"https:\/\/aigleshopping.ca\/fr\/produit\/ceinture-abdominale-sports-fitness-taille-rapide-meche-neoprene-corset\/#primaryimage"},"image":{"@id":"https:\/\/aigleshopping.ca\/fr\/produit\/ceinture-abdominale-sports-fitness-taille-rapide-meche-neoprene-corset\/#primaryimage"},"thumbnailUrl":"https:\/\/aigleshopping.ca\/wp-content\/uploads\/2025\/03\/e96805a9-bbc9-47f0-98d1-8c72b5128ae4.jpg","datePublished":"2025-03-08T19:04:07+00:00","breadcrumb":{"@id":"https:\/\/aigleshopping.ca\/fr\/produit\/ceinture-abdominale-sports-fitness-taille-rapide-meche-neoprene-corset\/#breadcrumb"},"inLanguage":"fr-FR","potentialAction":[{"@type":"ReadAction","target":["https:\/\/aigleshopping.ca\/fr\/produit\/ceinture-abdominale-sports-fitness-taille-rapide-meche-neoprene-corset\/"]}]},{"@type":"ImageObject","inLanguage":"fr-FR","@id":"https:\/\/aigleshopping.ca\/fr\/produit\/ceinture-abdominale-sports-fitness-taille-rapide-meche-neoprene-corset\/#primaryimage","url":"https:\/\/aigleshopping.ca\/wp-content\/uploads\/2025\/03\/e96805a9-bbc9-47f0-98d1-8c72b5128ae4.jpg","contentUrl":"https:\/\/aigleshopping.ca\/wp-content\/uploads\/2025\/03\/e96805a9-bbc9-47f0-98d1-8c72b5128ae4.jpg","width":507,"height":466},{"@type":"BreadcrumbList","@id":"https:\/\/aigleshopping.ca\/fr\/produit\/ceinture-abdominale-sports-fitness-taille-rapide-meche-neoprene-corset\/#breadcrumb","itemListElement":[{"@type":"ListItem","position":1,"name":"Home","item":"https:\/\/aigleshopping.ca\/fr\/home\/"},{"@type":"ListItem","position":2,"name":"Products","item":"https:\/\/aigleshopping.ca\/shop\/"},{"@type":"ListItem","position":3,"name":"Ceinture abdominale Sports Fitness Taille Rapide M\u00e8che N\u00e9opr\u00e8ne Corset"}]},{"@type":"WebSite","@id":"https:\/\/aigleshopping.ca\/#website","url":"https:\/\/aigleshopping.ca\/","name":"Aigle Shopping Canada","description":"Au-del\u00e0 des fronti\u00e8res, pour vous offrir le\u00a0meilleur!","publisher":{"@id":"https:\/\/aigleshopping.ca\/#organization"},"potentialAction":[{"@type":"SearchAction","target":{"@type":"EntryPoint","urlTemplate":"https:\/\/aigleshopping.ca\/?s={search_term_string}"},"query-input":{"@type":"PropertyValueSpecification","valueRequired":true,"valueName":"search_term_string"}}],"inLanguage":"fr-FR"},{"@type":"Organization","@id":"https:\/\/aigleshopping.ca\/#organization","name":"Aigle Shopping Canada","url":"https:\/\/aigleshopping.ca\/","logo":{"@type":"ImageObject","inLanguage":"fr-FR","@id":"https:\/\/aigleshopping.ca\/#\/schema\/logo\/image\/","url":"https:\/\/aigleshopping.ca\/wp-content\/uploads\/2025\/12\/logo_aigleshopping_ca.png","contentUrl":"https:\/\/aigleshopping.ca\/wp-content\/uploads\/2025\/12\/logo_aigleshopping_ca.png","width":800,"height":233,"caption":"Aigle Shopping Canada"},"image":{"@id":"https:\/\/aigleshopping.ca\/#\/schema\/logo\/image\/"}}]}},"jetpack_sharing_enabled":true,"_links":{"self":[{"href":"https:\/\/aigleshopping.ca\/fr\/wp-json\/wp\/v2\/product\/20607","targetHints":{"allow":["GET"]}}],"collection":[{"href":"https:\/\/aigleshopping.ca\/fr\/wp-json\/wp\/v2\/product"}],"about":[{"href":"https:\/\/aigleshopping.ca\/fr\/wp-json\/wp\/v2\/types\/product"}],"replies":[{"embeddable":true,"href":"https:\/\/aigleshopping.ca\/fr\/wp-json\/wp\/v2\/comments?post=20607"}],"wp:featuredmedia":[{"embeddable":true,"href":"https:\/\/aigleshopping.ca\/fr\/wp-json\/wp\/v2\/media\/14869"}],"wp:attachment":[{"href":"https:\/\/aigleshopping.ca\/fr\/wp-json\/wp\/v2\/media?parent=20607"}],"wp:term":[{"taxonomy":"product_brand","embeddable":true,"href":"https:\/\/aigleshopping.ca\/fr\/wp-json\/wp\/v2\/product_brand?post=20607"},{"taxonomy":"product_cat","embeddable":true,"href":"https:\/\/aigleshopping.ca\/fr\/wp-json\/wp\/v2\/product_cat?post=20607"},{"taxonomy":"product_tag","embeddable":true,"href":"https:\/\/aigleshopping.ca\/fr\/wp-json\/wp\/v2\/product_tag?post=20607"}],"curies":[{"name":"wp","href":"https:\/\/api.w.org\/{rel}","templated":true}]}}