{"id":20640,"date":"2025-03-08T19:11:24","date_gmt":"2025-03-08T19:11:24","guid":{"rendered":"https:\/\/aigleshopping.ca\/produit\/color-sports-environmental-protection-dip-plastic-small-yiling-hexagonal-household-dumbbells\/"},"modified":"2025-03-08T19:11:24","modified_gmt":"2025-03-08T19:11:24","slug":"color-sports-environmental-protection-dip-plastic-small-yiling-hexagonal-household-dumbbells","status":"publish","type":"product","link":"https:\/\/aigleshopping.ca\/fr\/produit\/color-sports-environmental-protection-dip-plastic-small-yiling-hexagonal-household-dumbbells\/","title":{"rendered":"Color Sports Environmental Protection Dip Plastic Small Yiling Hexagonal Household Dumbbells"},"content":{"rendered":"<p> <b>Informations sur le produit :<\/b>  <\/p>\n<p>  Mat\u00e9riau :PVC <br \/> Taille :20 (cm) <br \/> Sc\u00e9nario d&rsquo;application : Equipement de fitness, massage de sant\u00e9, fitness et beaut\u00e9 <br \/> Nom du produit : halt\u00e8re de plong\u00e9e  <\/p>\n<p> <\/p>\n<p> <b>Liste d&#8217;emballage :<\/b> <\/p>\n<p>1* halt\u00e8re<\/p>\n<p> <b>Image du produit :<\/b> <\/p>\n<p> <b> <br \/> <\/b> <\/p>\n<p> <img decoding=\"async\" src=\"https:\/\/cf.cjdropshipping.com\/3840dfa2-4b2d-426c-84f6-bd60d7474e9b.jpg\"> <img decoding=\"async\" src=\"https:\/\/cf.cjdropshipping.com\/cf8cc07a-3926-4e1b-b822-bba5a34c08de.jpg\"> <img decoding=\"async\" src=\"https:\/\/cf.cjdropshipping.com\/a32adcfb-b616-4856-bf48-dfcde4955489.jpg\"> <img decoding=\"async\" src=\"https:\/\/cf.cjdropshipping.com\/1ee07480-5acf-4bf2-a401-43341a89fb4f.jpg\"> <img decoding=\"async\" src=\"https:\/\/cf.cjdropshipping.com\/fd522b40-c59d-43be-b4e3-6b7d5cbb4c94.jpg\"> <img decoding=\"async\" src=\"https:\/\/cf.cjdropshipping.com\/cdea6083-ad92-4ffc-8e47-f4201077234c.jpg\"> <img decoding=\"async\" src=\"https:\/\/cf.cjdropshipping.com\/b7e9cdb4-b9e4-4285-94ed-f923a08ea524.jpg\"> <img decoding=\"async\" src=\"https:\/\/cf.cjdropshipping.com\/ac3fb106-7416-4edb-9b4c-a40e4d381fb9.jpg\"> <img decoding=\"async\" src=\"https:\/\/cf.cjdropshipping.com\/717c7a7b-f582-4766-93a9-3602339896f2.jpg\"> <img decoding=\"async\" src=\"https:\/\/cf.cjdropshipping.com\/0887f7d0-fc67-4226-aa57-81abbccf4b38.jpg\"> <img decoding=\"async\" src=\"https:\/\/cf.cjdropshipping.com\/06cca3b0-2676-4616-b323-10d3984a1407.jpg\"> <img decoding=\"async\" src=\"https:\/\/cf.cjdropshipping.com\/016b056a-da64-40a7-99e1-35f867bd9651.jpg\"> <b> <br \/> <\/b> <\/p>\n","protected":false},"excerpt":{"rendered":"<p>Informations sur le produit : Mat\u00e9riau :PVC Taille :20 (cm) Sc\u00e9nario d&rsquo;application : Equipement de fitness, massage de sant\u00e9, fitness et beaut\u00e9 Nom du produit : halt\u00e8re de plong\u00e9e Liste d&#8217;emballage : 1* halt\u00e8re Image du produit :<\/p>\n","protected":false},"featured_media":15147,"comment_status":"open","ping_status":"closed","template":"","meta":{"content-type":""},"product_brand":[],"product_cat":[217],"product_tag":[],"class_list":{"0":"post-20640","1":"product","2":"type-product","3":"status-publish","4":"has-post-thumbnail","6":"product_cat-sport-fr","8":"first","9":"instock","10":"taxable","11":"shipping-taxable","12":"purchasable","13":"product-type-variable","14":"add-to-wishlist-after_add_to_cart"},"yoast_head":"<!-- This site is optimized with the Yoast SEO plugin v27.4 - https:\/\/yoast.com\/product\/yoast-seo-wordpress\/ -->\n<title>Color Sports Environmental Protection Dip Plastic Small Yiling Hexagonal Household Dumbbells - Aigle Shopping Canada<\/title>\n<meta name=\"robots\" content=\"index, follow, max-snippet:-1, max-image-preview:large, max-video-preview:-1\" \/>\n<link rel=\"canonical\" href=\"https:\/\/aigleshopping.ca\/fr\/produit\/color-sports-environmental-protection-dip-plastic-small-yiling-hexagonal-household-dumbbells\/\" \/>\n<meta property=\"og:locale\" content=\"fr_FR\" \/>\n<meta property=\"og:type\" content=\"article\" \/>\n<meta property=\"og:title\" content=\"Color Sports Environmental Protection Dip Plastic Small Yiling Hexagonal Household Dumbbells - Aigle Shopping Canada\" \/>\n<meta property=\"og:description\" content=\"Informations sur le produit : Mat\u00e9riau :PVC Taille :20 (cm) Sc\u00e9nario d&rsquo;application : Equipement de fitness, massage de sant\u00e9, fitness et beaut\u00e9 Nom du produit : halt\u00e8re de plong\u00e9e Liste d&#8217;emballage : 1* halt\u00e8re Image du produit :\" \/>\n<meta property=\"og:url\" content=\"https:\/\/aigleshopping.ca\/fr\/produit\/color-sports-environmental-protection-dip-plastic-small-yiling-hexagonal-household-dumbbells\/\" \/>\n<meta property=\"og:site_name\" content=\"Aigle Shopping Canada\" \/>\n<meta property=\"og:image\" content=\"https:\/\/aigleshopping.ca\/wp-content\/uploads\/2025\/03\/85a8d84d-75f7-4aa5-af33-a7dd56f0ac4b.jpg\" \/>\n\t<meta property=\"og:image:width\" content=\"800\" \/>\n\t<meta property=\"og:image:height\" content=\"800\" \/>\n\t<meta property=\"og:image:type\" content=\"image\/jpeg\" \/>\n<meta name=\"twitter:card\" content=\"summary_large_image\" \/>\n<script type=\"application\/ld+json\" class=\"yoast-schema-graph\">{\"@context\":\"https:\\\/\\\/schema.org\",\"@graph\":[{\"@type\":\"WebPage\",\"@id\":\"https:\\\/\\\/aigleshopping.ca\\\/fr\\\/produit\\\/color-sports-environmental-protection-dip-plastic-small-yiling-hexagonal-household-dumbbells\\\/\",\"url\":\"https:\\\/\\\/aigleshopping.ca\\\/fr\\\/produit\\\/color-sports-environmental-protection-dip-plastic-small-yiling-hexagonal-household-dumbbells\\\/\",\"name\":\"Color Sports Environmental Protection Dip Plastic Small Yiling Hexagonal Household Dumbbells - Aigle Shopping Canada\",\"isPartOf\":{\"@id\":\"https:\\\/\\\/aigleshopping.ca\\\/#website\"},\"primaryImageOfPage\":{\"@id\":\"https:\\\/\\\/aigleshopping.ca\\\/fr\\\/produit\\\/color-sports-environmental-protection-dip-plastic-small-yiling-hexagonal-household-dumbbells\\\/#primaryimage\"},\"image\":{\"@id\":\"https:\\\/\\\/aigleshopping.ca\\\/fr\\\/produit\\\/color-sports-environmental-protection-dip-plastic-small-yiling-hexagonal-household-dumbbells\\\/#primaryimage\"},\"thumbnailUrl\":\"https:\\\/\\\/aigleshopping.ca\\\/wp-content\\\/uploads\\\/2025\\\/03\\\/85a8d84d-75f7-4aa5-af33-a7dd56f0ac4b.jpg\",\"datePublished\":\"2025-03-08T19:11:24+00:00\",\"breadcrumb\":{\"@id\":\"https:\\\/\\\/aigleshopping.ca\\\/fr\\\/produit\\\/color-sports-environmental-protection-dip-plastic-small-yiling-hexagonal-household-dumbbells\\\/#breadcrumb\"},\"inLanguage\":\"fr-FR\",\"potentialAction\":[{\"@type\":\"ReadAction\",\"target\":[\"https:\\\/\\\/aigleshopping.ca\\\/fr\\\/produit\\\/color-sports-environmental-protection-dip-plastic-small-yiling-hexagonal-household-dumbbells\\\/\"]}]},{\"@type\":\"ImageObject\",\"inLanguage\":\"fr-FR\",\"@id\":\"https:\\\/\\\/aigleshopping.ca\\\/fr\\\/produit\\\/color-sports-environmental-protection-dip-plastic-small-yiling-hexagonal-household-dumbbells\\\/#primaryimage\",\"url\":\"https:\\\/\\\/aigleshopping.ca\\\/wp-content\\\/uploads\\\/2025\\\/03\\\/85a8d84d-75f7-4aa5-af33-a7dd56f0ac4b.jpg\",\"contentUrl\":\"https:\\\/\\\/aigleshopping.ca\\\/wp-content\\\/uploads\\\/2025\\\/03\\\/85a8d84d-75f7-4aa5-af33-a7dd56f0ac4b.jpg\",\"width\":800,\"height\":800},{\"@type\":\"BreadcrumbList\",\"@id\":\"https:\\\/\\\/aigleshopping.ca\\\/fr\\\/produit\\\/color-sports-environmental-protection-dip-plastic-small-yiling-hexagonal-household-dumbbells\\\/#breadcrumb\",\"itemListElement\":[{\"@type\":\"ListItem\",\"position\":1,\"name\":\"Home\",\"item\":\"https:\\\/\\\/aigleshopping.ca\\\/fr\\\/home\\\/\"},{\"@type\":\"ListItem\",\"position\":2,\"name\":\"Products\",\"item\":\"https:\\\/\\\/aigleshopping.ca\\\/shop\\\/\"},{\"@type\":\"ListItem\",\"position\":3,\"name\":\"Color Sports Environmental Protection Dip Plastic Small Yiling Hexagonal Household Dumbbells\"}]},{\"@type\":\"WebSite\",\"@id\":\"https:\\\/\\\/aigleshopping.ca\\\/#website\",\"url\":\"https:\\\/\\\/aigleshopping.ca\\\/\",\"name\":\"Aigle Shopping Canada\",\"description\":\"Au-del\u00e0 des fronti\u00e8res, pour vous offrir le\u00a0meilleur!\",\"publisher\":{\"@id\":\"https:\\\/\\\/aigleshopping.ca\\\/#organization\"},\"potentialAction\":[{\"@type\":\"SearchAction\",\"target\":{\"@type\":\"EntryPoint\",\"urlTemplate\":\"https:\\\/\\\/aigleshopping.ca\\\/?s={search_term_string}\"},\"query-input\":{\"@type\":\"PropertyValueSpecification\",\"valueRequired\":true,\"valueName\":\"search_term_string\"}}],\"inLanguage\":\"fr-FR\"},{\"@type\":\"Organization\",\"@id\":\"https:\\\/\\\/aigleshopping.ca\\\/#organization\",\"name\":\"Aigle Shopping Canada\",\"url\":\"https:\\\/\\\/aigleshopping.ca\\\/\",\"logo\":{\"@type\":\"ImageObject\",\"inLanguage\":\"fr-FR\",\"@id\":\"https:\\\/\\\/aigleshopping.ca\\\/#\\\/schema\\\/logo\\\/image\\\/\",\"url\":\"https:\\\/\\\/aigleshopping.ca\\\/wp-content\\\/uploads\\\/2025\\\/12\\\/logo_aigleshopping_ca.png\",\"contentUrl\":\"https:\\\/\\\/aigleshopping.ca\\\/wp-content\\\/uploads\\\/2025\\\/12\\\/logo_aigleshopping_ca.png\",\"width\":800,\"height\":233,\"caption\":\"Aigle Shopping Canada\"},\"image\":{\"@id\":\"https:\\\/\\\/aigleshopping.ca\\\/#\\\/schema\\\/logo\\\/image\\\/\"}}]}<\/script>\n<!-- \/ Yoast SEO plugin. -->","yoast_head_json":{"title":"Color Sports Environmental Protection Dip Plastic Small Yiling Hexagonal Household Dumbbells - Aigle Shopping Canada","robots":{"index":"index","follow":"follow","max-snippet":"max-snippet:-1","max-image-preview":"max-image-preview:large","max-video-preview":"max-video-preview:-1"},"canonical":"https:\/\/aigleshopping.ca\/fr\/produit\/color-sports-environmental-protection-dip-plastic-small-yiling-hexagonal-household-dumbbells\/","og_locale":"fr_FR","og_type":"article","og_title":"Color Sports Environmental Protection Dip Plastic Small Yiling Hexagonal Household Dumbbells - Aigle Shopping Canada","og_description":"Informations sur le produit : Mat\u00e9riau :PVC Taille :20 (cm) Sc\u00e9nario d&rsquo;application : Equipement de fitness, massage de sant\u00e9, fitness et beaut\u00e9 Nom du produit : halt\u00e8re de plong\u00e9e Liste d&#8217;emballage : 1* halt\u00e8re Image du produit :","og_url":"https:\/\/aigleshopping.ca\/fr\/produit\/color-sports-environmental-protection-dip-plastic-small-yiling-hexagonal-household-dumbbells\/","og_site_name":"Aigle Shopping Canada","og_image":[{"width":800,"height":800,"url":"https:\/\/aigleshopping.ca\/wp-content\/uploads\/2025\/03\/85a8d84d-75f7-4aa5-af33-a7dd56f0ac4b.jpg","type":"image\/jpeg"}],"twitter_card":"summary_large_image","schema":{"@context":"https:\/\/schema.org","@graph":[{"@type":"WebPage","@id":"https:\/\/aigleshopping.ca\/fr\/produit\/color-sports-environmental-protection-dip-plastic-small-yiling-hexagonal-household-dumbbells\/","url":"https:\/\/aigleshopping.ca\/fr\/produit\/color-sports-environmental-protection-dip-plastic-small-yiling-hexagonal-household-dumbbells\/","name":"Color Sports Environmental Protection Dip Plastic Small Yiling Hexagonal Household Dumbbells - Aigle Shopping Canada","isPartOf":{"@id":"https:\/\/aigleshopping.ca\/#website"},"primaryImageOfPage":{"@id":"https:\/\/aigleshopping.ca\/fr\/produit\/color-sports-environmental-protection-dip-plastic-small-yiling-hexagonal-household-dumbbells\/#primaryimage"},"image":{"@id":"https:\/\/aigleshopping.ca\/fr\/produit\/color-sports-environmental-protection-dip-plastic-small-yiling-hexagonal-household-dumbbells\/#primaryimage"},"thumbnailUrl":"https:\/\/aigleshopping.ca\/wp-content\/uploads\/2025\/03\/85a8d84d-75f7-4aa5-af33-a7dd56f0ac4b.jpg","datePublished":"2025-03-08T19:11:24+00:00","breadcrumb":{"@id":"https:\/\/aigleshopping.ca\/fr\/produit\/color-sports-environmental-protection-dip-plastic-small-yiling-hexagonal-household-dumbbells\/#breadcrumb"},"inLanguage":"fr-FR","potentialAction":[{"@type":"ReadAction","target":["https:\/\/aigleshopping.ca\/fr\/produit\/color-sports-environmental-protection-dip-plastic-small-yiling-hexagonal-household-dumbbells\/"]}]},{"@type":"ImageObject","inLanguage":"fr-FR","@id":"https:\/\/aigleshopping.ca\/fr\/produit\/color-sports-environmental-protection-dip-plastic-small-yiling-hexagonal-household-dumbbells\/#primaryimage","url":"https:\/\/aigleshopping.ca\/wp-content\/uploads\/2025\/03\/85a8d84d-75f7-4aa5-af33-a7dd56f0ac4b.jpg","contentUrl":"https:\/\/aigleshopping.ca\/wp-content\/uploads\/2025\/03\/85a8d84d-75f7-4aa5-af33-a7dd56f0ac4b.jpg","width":800,"height":800},{"@type":"BreadcrumbList","@id":"https:\/\/aigleshopping.ca\/fr\/produit\/color-sports-environmental-protection-dip-plastic-small-yiling-hexagonal-household-dumbbells\/#breadcrumb","itemListElement":[{"@type":"ListItem","position":1,"name":"Home","item":"https:\/\/aigleshopping.ca\/fr\/home\/"},{"@type":"ListItem","position":2,"name":"Products","item":"https:\/\/aigleshopping.ca\/shop\/"},{"@type":"ListItem","position":3,"name":"Color Sports Environmental Protection Dip Plastic Small Yiling Hexagonal Household Dumbbells"}]},{"@type":"WebSite","@id":"https:\/\/aigleshopping.ca\/#website","url":"https:\/\/aigleshopping.ca\/","name":"Aigle Shopping Canada","description":"Au-del\u00e0 des fronti\u00e8res, pour vous offrir le\u00a0meilleur!","publisher":{"@id":"https:\/\/aigleshopping.ca\/#organization"},"potentialAction":[{"@type":"SearchAction","target":{"@type":"EntryPoint","urlTemplate":"https:\/\/aigleshopping.ca\/?s={search_term_string}"},"query-input":{"@type":"PropertyValueSpecification","valueRequired":true,"valueName":"search_term_string"}}],"inLanguage":"fr-FR"},{"@type":"Organization","@id":"https:\/\/aigleshopping.ca\/#organization","name":"Aigle Shopping Canada","url":"https:\/\/aigleshopping.ca\/","logo":{"@type":"ImageObject","inLanguage":"fr-FR","@id":"https:\/\/aigleshopping.ca\/#\/schema\/logo\/image\/","url":"https:\/\/aigleshopping.ca\/wp-content\/uploads\/2025\/12\/logo_aigleshopping_ca.png","contentUrl":"https:\/\/aigleshopping.ca\/wp-content\/uploads\/2025\/12\/logo_aigleshopping_ca.png","width":800,"height":233,"caption":"Aigle Shopping Canada"},"image":{"@id":"https:\/\/aigleshopping.ca\/#\/schema\/logo\/image\/"}}]}},"jetpack_sharing_enabled":true,"_links":{"self":[{"href":"https:\/\/aigleshopping.ca\/fr\/wp-json\/wp\/v2\/product\/20640","targetHints":{"allow":["GET"]}}],"collection":[{"href":"https:\/\/aigleshopping.ca\/fr\/wp-json\/wp\/v2\/product"}],"about":[{"href":"https:\/\/aigleshopping.ca\/fr\/wp-json\/wp\/v2\/types\/product"}],"replies":[{"embeddable":true,"href":"https:\/\/aigleshopping.ca\/fr\/wp-json\/wp\/v2\/comments?post=20640"}],"wp:featuredmedia":[{"embeddable":true,"href":"https:\/\/aigleshopping.ca\/fr\/wp-json\/wp\/v2\/media\/15147"}],"wp:attachment":[{"href":"https:\/\/aigleshopping.ca\/fr\/wp-json\/wp\/v2\/media?parent=20640"}],"wp:term":[{"taxonomy":"product_brand","embeddable":true,"href":"https:\/\/aigleshopping.ca\/fr\/wp-json\/wp\/v2\/product_brand?post=20640"},{"taxonomy":"product_cat","embeddable":true,"href":"https:\/\/aigleshopping.ca\/fr\/wp-json\/wp\/v2\/product_cat?post=20640"},{"taxonomy":"product_tag","embeddable":true,"href":"https:\/\/aigleshopping.ca\/fr\/wp-json\/wp\/v2\/product_tag?post=20640"}],"curies":[{"name":"wp","href":"https:\/\/api.w.org\/{rel}","templated":true}]}}