{"id":20691,"date":"2025-03-08T19:18:50","date_gmt":"2025-03-08T19:18:50","guid":{"rendered":"https:\/\/aigleshopping.ca\/produit\/corde-a-sauter-reglable-corde-a-sauter-durable-pour-hommes-et-femmes-corde-a-sauter-de-vitesse-pour-le-cardio-et-lendurance-corde-a-sauter-pour-le-fitness-avec-entrainement-2-en-1-corde-a-saut"},"modified":"2025-03-08T19:18:50","modified_gmt":"2025-03-08T19:18:50","slug":"corde-a-sauter-reglable-corde-a-sauter-durable-pour-hommes-et-femmes-corde-a-sauter-de-vitesse-pour-le-cardio-et-lendurance-corde-a-sauter-pour-le-fitness-avec-entrainement-2-en-1-corde-a-sauter","status":"publish","type":"product","link":"https:\/\/aigleshopping.ca\/fr\/produit\/corde-a-sauter-reglable-corde-a-sauter-durable-pour-hommes-et-femmes-corde-a-sauter-de-vitesse-pour-le-cardio-et-lendurance-corde-a-sauter-pour-le-fitness-avec-entrainement-2-en-1-corde-a-sauter\/","title":{"rendered":"Corde \u00e0 sauter r\u00e9glable, corde \u00e0 sauter durable pour hommes et femmes, corde \u00e0 sauter de vitesse pour le cardio et l&rsquo;endurance, corde \u00e0 sauter pour le fitness avec entra\u00eenement 2 en 1, corde \u00e0 sauter r\u00e9glable sans arceau pour le fitness et les femmes."},"content":{"rendered":"<p>  Corde \u00e0 sauter sans fil : Livr\u00e9e avec deux balles lest\u00e9es qui sont attach\u00e9es \u00e0 l&rsquo;extr\u00e9mit\u00e9 de courts c\u00e2bles, simulant le mouvement d&rsquo;une corde. Ces balles offrent une r\u00e9sistance pour un entra\u00eenement efficace, tout en \u00e9tant faciles \u00e0 manipuler et \u00e0 ajuster en fonction du niveau de forme et des objectifs. Parfait pour les personnes qui veulent profiter des avantages de la corde \u00e0 sauter sans se soucier de tr\u00e9bucher sur une corde ou de s&#8217;emm\u00ealer.    <\/p>\n<p>  Longueur r\u00e9glable : La longueur r\u00e9glable de notre corde \u00e0 sauter assure un ajustement confortable et personnalis\u00e9 pour tous les utilisateurs. Que vous soyez grand ou petit, la longueur de la corde peut \u00eatre facilement ajust\u00e9e pour s&rsquo;adapter \u00e0 votre taille et \u00e0 l&rsquo;envergure de vos bras, ce qui vous permet de tirer le meilleur parti de votre entra\u00eenement.   <\/p>\n<p>  Remarque : veuillez suivre nos instructions pour ajuster la corde, n&rsquo;utilisez qu&rsquo;un coupe-fil ou une pince si vous devez couper la corde. N&rsquo;utilisez PAS de ciseaux car le fil d&rsquo;acier dur peut casser vos ciseaux.   <\/p>\n<p>  Parfait pour l&rsquo;exercice : La corde \u00e0 sauter convient \u00e0 tout le monde, vous pouvez commencer \u00e0 sauter \u00e0 n&rsquo;importe quel moment et n&rsquo;importe o\u00f9. La corde \u00e0 sauter sans corde est parfaite pour tous les \u00e2ges et tous les niveaux. Elle peut \u00eatre utilis\u00e9e au bureau, dans la chambre \u00e0 coucher, dans le salon et \u00e0 l&rsquo;ext\u00e9rieur, et peut \u00eatre utilis\u00e9e m\u00eame dans les petits espaces.    <\/p>\n<p>Longueur de la corde : 2,8 m<\/p>\n","protected":false},"excerpt":{"rendered":"<p>Corde \u00e0 sauter sans fil : Livr\u00e9e avec deux balles lest\u00e9es qui sont attach\u00e9es \u00e0 l&rsquo;extr\u00e9mit\u00e9 de courts c\u00e2bles, simulant le mouvement d&rsquo;une corde. Ces balles offrent une r\u00e9sistance pour un entra\u00eenement efficace, tout en \u00e9tant faciles \u00e0 manipuler et \u00e0 ajuster en fonction du niveau de forme et des objectifs. Parfait pour les personnes [&hellip;]<\/p>\n","protected":false},"featured_media":15465,"comment_status":"open","ping_status":"closed","template":"","meta":{"content-type":""},"product_brand":[],"product_cat":[217],"product_tag":[],"class_list":{"0":"post-20691","1":"product","2":"type-product","3":"status-publish","4":"has-post-thumbnail","6":"product_cat-sport-fr","8":"first","9":"instock","10":"taxable","11":"shipping-taxable","12":"purchasable","13":"product-type-variable","14":"add-to-wishlist-after_add_to_cart"},"yoast_head":"<!-- This site is optimized with the Yoast SEO plugin v27.4 - https:\/\/yoast.com\/product\/yoast-seo-wordpress\/ -->\n<title>Corde \u00e0 sauter r\u00e9glable, corde \u00e0 sauter durable pour hommes et femmes, corde \u00e0 sauter de vitesse pour le cardio et l&#039;endurance, corde \u00e0 sauter pour le fitness avec entra\u00eenement 2 en 1, corde \u00e0 sauter r\u00e9glable sans arceau pour le fitness et les femmes. - Aigle Shopping Canada<\/title>\n<meta name=\"robots\" content=\"index, follow, max-snippet:-1, max-image-preview:large, max-video-preview:-1\" \/>\n<link rel=\"canonical\" href=\"https:\/\/aigleshopping.ca\/fr\/produit\/corde-a-sauter-reglable-corde-a-sauter-durable-pour-hommes-et-femmes-corde-a-sauter-de-vitesse-pour-le-cardio-et-lendurance-corde-a-sauter-pour-le-fitness-avec-entrainement-2-en-1-corde-a-sauter\/\" \/>\n<meta property=\"og:locale\" content=\"fr_FR\" \/>\n<meta property=\"og:type\" content=\"article\" \/>\n<meta property=\"og:title\" content=\"Corde \u00e0 sauter r\u00e9glable, corde \u00e0 sauter durable pour hommes et femmes, corde \u00e0 sauter de vitesse pour le cardio et l&#039;endurance, corde \u00e0 sauter pour le fitness avec entra\u00eenement 2 en 1, corde \u00e0 sauter r\u00e9glable sans arceau pour le fitness et les femmes. - Aigle Shopping Canada\" \/>\n<meta property=\"og:description\" content=\"Corde \u00e0 sauter sans fil : Livr\u00e9e avec deux balles lest\u00e9es qui sont attach\u00e9es \u00e0 l&rsquo;extr\u00e9mit\u00e9 de courts c\u00e2bles, simulant le mouvement d&rsquo;une corde. Ces balles offrent une r\u00e9sistance pour un entra\u00eenement efficace, tout en \u00e9tant faciles \u00e0 manipuler et \u00e0 ajuster en fonction du niveau de forme et des objectifs. Parfait pour les personnes [&hellip;]\" \/>\n<meta property=\"og:url\" content=\"https:\/\/aigleshopping.ca\/fr\/produit\/corde-a-sauter-reglable-corde-a-sauter-durable-pour-hommes-et-femmes-corde-a-sauter-de-vitesse-pour-le-cardio-et-lendurance-corde-a-sauter-pour-le-fitness-avec-entrainement-2-en-1-corde-a-sauter\/\" \/>\n<meta property=\"og:site_name\" content=\"Aigle Shopping Canada\" \/>\n<meta property=\"og:image\" content=\"https:\/\/aigleshopping.ca\/wp-content\/uploads\/2025\/03\/f4f54060-da04-4ba3-829b-81e840763fc5.jpg\" \/>\n\t<meta property=\"og:image:width\" content=\"800\" \/>\n\t<meta property=\"og:image:height\" content=\"800\" \/>\n\t<meta property=\"og:image:type\" content=\"image\/jpeg\" \/>\n<meta name=\"twitter:card\" content=\"summary_large_image\" \/>\n<meta name=\"twitter:label1\" content=\"Dur\u00e9e de lecture estim\u00e9e\" \/>\n\t<meta name=\"twitter:data1\" content=\"1 minute\" \/>\n<script type=\"application\/ld+json\" class=\"yoast-schema-graph\">{\"@context\":\"https:\\\/\\\/schema.org\",\"@graph\":[{\"@type\":\"WebPage\",\"@id\":\"https:\\\/\\\/aigleshopping.ca\\\/fr\\\/produit\\\/corde-a-sauter-reglable-corde-a-sauter-durable-pour-hommes-et-femmes-corde-a-sauter-de-vitesse-pour-le-cardio-et-lendurance-corde-a-sauter-pour-le-fitness-avec-entrainement-2-en-1-corde-a-sauter\\\/\",\"url\":\"https:\\\/\\\/aigleshopping.ca\\\/fr\\\/produit\\\/corde-a-sauter-reglable-corde-a-sauter-durable-pour-hommes-et-femmes-corde-a-sauter-de-vitesse-pour-le-cardio-et-lendurance-corde-a-sauter-pour-le-fitness-avec-entrainement-2-en-1-corde-a-sauter\\\/\",\"name\":\"Corde \u00e0 sauter r\u00e9glable, corde \u00e0 sauter durable pour hommes et femmes, corde \u00e0 sauter de vitesse pour le cardio et l'endurance, corde \u00e0 sauter pour le fitness avec entra\u00eenement 2 en 1, corde \u00e0 sauter r\u00e9glable sans arceau pour le fitness et les femmes. - Aigle Shopping Canada\",\"isPartOf\":{\"@id\":\"https:\\\/\\\/aigleshopping.ca\\\/#website\"},\"primaryImageOfPage\":{\"@id\":\"https:\\\/\\\/aigleshopping.ca\\\/fr\\\/produit\\\/corde-a-sauter-reglable-corde-a-sauter-durable-pour-hommes-et-femmes-corde-a-sauter-de-vitesse-pour-le-cardio-et-lendurance-corde-a-sauter-pour-le-fitness-avec-entrainement-2-en-1-corde-a-sauter\\\/#primaryimage\"},\"image\":{\"@id\":\"https:\\\/\\\/aigleshopping.ca\\\/fr\\\/produit\\\/corde-a-sauter-reglable-corde-a-sauter-durable-pour-hommes-et-femmes-corde-a-sauter-de-vitesse-pour-le-cardio-et-lendurance-corde-a-sauter-pour-le-fitness-avec-entrainement-2-en-1-corde-a-sauter\\\/#primaryimage\"},\"thumbnailUrl\":\"https:\\\/\\\/aigleshopping.ca\\\/wp-content\\\/uploads\\\/2025\\\/03\\\/f4f54060-da04-4ba3-829b-81e840763fc5.jpg\",\"datePublished\":\"2025-03-08T19:18:50+00:00\",\"breadcrumb\":{\"@id\":\"https:\\\/\\\/aigleshopping.ca\\\/fr\\\/produit\\\/corde-a-sauter-reglable-corde-a-sauter-durable-pour-hommes-et-femmes-corde-a-sauter-de-vitesse-pour-le-cardio-et-lendurance-corde-a-sauter-pour-le-fitness-avec-entrainement-2-en-1-corde-a-sauter\\\/#breadcrumb\"},\"inLanguage\":\"fr-FR\",\"potentialAction\":[{\"@type\":\"ReadAction\",\"target\":[\"https:\\\/\\\/aigleshopping.ca\\\/fr\\\/produit\\\/corde-a-sauter-reglable-corde-a-sauter-durable-pour-hommes-et-femmes-corde-a-sauter-de-vitesse-pour-le-cardio-et-lendurance-corde-a-sauter-pour-le-fitness-avec-entrainement-2-en-1-corde-a-sauter\\\/\"]}]},{\"@type\":\"ImageObject\",\"inLanguage\":\"fr-FR\",\"@id\":\"https:\\\/\\\/aigleshopping.ca\\\/fr\\\/produit\\\/corde-a-sauter-reglable-corde-a-sauter-durable-pour-hommes-et-femmes-corde-a-sauter-de-vitesse-pour-le-cardio-et-lendurance-corde-a-sauter-pour-le-fitness-avec-entrainement-2-en-1-corde-a-sauter\\\/#primaryimage\",\"url\":\"https:\\\/\\\/aigleshopping.ca\\\/wp-content\\\/uploads\\\/2025\\\/03\\\/f4f54060-da04-4ba3-829b-81e840763fc5.jpg\",\"contentUrl\":\"https:\\\/\\\/aigleshopping.ca\\\/wp-content\\\/uploads\\\/2025\\\/03\\\/f4f54060-da04-4ba3-829b-81e840763fc5.jpg\",\"width\":800,\"height\":800},{\"@type\":\"BreadcrumbList\",\"@id\":\"https:\\\/\\\/aigleshopping.ca\\\/fr\\\/produit\\\/corde-a-sauter-reglable-corde-a-sauter-durable-pour-hommes-et-femmes-corde-a-sauter-de-vitesse-pour-le-cardio-et-lendurance-corde-a-sauter-pour-le-fitness-avec-entrainement-2-en-1-corde-a-sauter\\\/#breadcrumb\",\"itemListElement\":[{\"@type\":\"ListItem\",\"position\":1,\"name\":\"Home\",\"item\":\"https:\\\/\\\/aigleshopping.ca\\\/fr\\\/home\\\/\"},{\"@type\":\"ListItem\",\"position\":2,\"name\":\"Products\",\"item\":\"https:\\\/\\\/aigleshopping.ca\\\/shop\\\/\"},{\"@type\":\"ListItem\",\"position\":3,\"name\":\"Corde \u00e0 sauter r\u00e9glable, corde \u00e0 sauter durable pour hommes et femmes, corde \u00e0 sauter de vitesse pour le cardio et l&#8217;endurance, corde \u00e0 sauter pour le fitness avec entra\u00eenement 2 en 1, corde \u00e0 sauter r\u00e9glable sans arceau pour le fitness et les femmes.\"}]},{\"@type\":\"WebSite\",\"@id\":\"https:\\\/\\\/aigleshopping.ca\\\/#website\",\"url\":\"https:\\\/\\\/aigleshopping.ca\\\/\",\"name\":\"Aigle Shopping Canada\",\"description\":\"Au-del\u00e0 des fronti\u00e8res, pour vous offrir le\u00a0meilleur!\",\"publisher\":{\"@id\":\"https:\\\/\\\/aigleshopping.ca\\\/#organization\"},\"potentialAction\":[{\"@type\":\"SearchAction\",\"target\":{\"@type\":\"EntryPoint\",\"urlTemplate\":\"https:\\\/\\\/aigleshopping.ca\\\/?s={search_term_string}\"},\"query-input\":{\"@type\":\"PropertyValueSpecification\",\"valueRequired\":true,\"valueName\":\"search_term_string\"}}],\"inLanguage\":\"fr-FR\"},{\"@type\":\"Organization\",\"@id\":\"https:\\\/\\\/aigleshopping.ca\\\/#organization\",\"name\":\"Aigle Shopping Canada\",\"url\":\"https:\\\/\\\/aigleshopping.ca\\\/\",\"logo\":{\"@type\":\"ImageObject\",\"inLanguage\":\"fr-FR\",\"@id\":\"https:\\\/\\\/aigleshopping.ca\\\/#\\\/schema\\\/logo\\\/image\\\/\",\"url\":\"https:\\\/\\\/aigleshopping.ca\\\/wp-content\\\/uploads\\\/2025\\\/12\\\/logo_aigleshopping_ca.png\",\"contentUrl\":\"https:\\\/\\\/aigleshopping.ca\\\/wp-content\\\/uploads\\\/2025\\\/12\\\/logo_aigleshopping_ca.png\",\"width\":800,\"height\":233,\"caption\":\"Aigle Shopping Canada\"},\"image\":{\"@id\":\"https:\\\/\\\/aigleshopping.ca\\\/#\\\/schema\\\/logo\\\/image\\\/\"}}]}<\/script>\n<!-- \/ Yoast SEO plugin. -->","yoast_head_json":{"title":"Corde \u00e0 sauter r\u00e9glable, corde \u00e0 sauter durable pour hommes et femmes, corde \u00e0 sauter de vitesse pour le cardio et l'endurance, corde \u00e0 sauter pour le fitness avec entra\u00eenement 2 en 1, corde \u00e0 sauter r\u00e9glable sans arceau pour le fitness et les femmes. - Aigle Shopping Canada","robots":{"index":"index","follow":"follow","max-snippet":"max-snippet:-1","max-image-preview":"max-image-preview:large","max-video-preview":"max-video-preview:-1"},"canonical":"https:\/\/aigleshopping.ca\/fr\/produit\/corde-a-sauter-reglable-corde-a-sauter-durable-pour-hommes-et-femmes-corde-a-sauter-de-vitesse-pour-le-cardio-et-lendurance-corde-a-sauter-pour-le-fitness-avec-entrainement-2-en-1-corde-a-sauter\/","og_locale":"fr_FR","og_type":"article","og_title":"Corde \u00e0 sauter r\u00e9glable, corde \u00e0 sauter durable pour hommes et femmes, corde \u00e0 sauter de vitesse pour le cardio et l'endurance, corde \u00e0 sauter pour le fitness avec entra\u00eenement 2 en 1, corde \u00e0 sauter r\u00e9glable sans arceau pour le fitness et les femmes. - Aigle Shopping Canada","og_description":"Corde \u00e0 sauter sans fil : Livr\u00e9e avec deux balles lest\u00e9es qui sont attach\u00e9es \u00e0 l&rsquo;extr\u00e9mit\u00e9 de courts c\u00e2bles, simulant le mouvement d&rsquo;une corde. Ces balles offrent une r\u00e9sistance pour un entra\u00eenement efficace, tout en \u00e9tant faciles \u00e0 manipuler et \u00e0 ajuster en fonction du niveau de forme et des objectifs. Parfait pour les personnes [&hellip;]","og_url":"https:\/\/aigleshopping.ca\/fr\/produit\/corde-a-sauter-reglable-corde-a-sauter-durable-pour-hommes-et-femmes-corde-a-sauter-de-vitesse-pour-le-cardio-et-lendurance-corde-a-sauter-pour-le-fitness-avec-entrainement-2-en-1-corde-a-sauter\/","og_site_name":"Aigle Shopping Canada","og_image":[{"width":800,"height":800,"url":"https:\/\/aigleshopping.ca\/wp-content\/uploads\/2025\/03\/f4f54060-da04-4ba3-829b-81e840763fc5.jpg","type":"image\/jpeg"}],"twitter_card":"summary_large_image","twitter_misc":{"Dur\u00e9e de lecture estim\u00e9e":"1 minute"},"schema":{"@context":"https:\/\/schema.org","@graph":[{"@type":"WebPage","@id":"https:\/\/aigleshopping.ca\/fr\/produit\/corde-a-sauter-reglable-corde-a-sauter-durable-pour-hommes-et-femmes-corde-a-sauter-de-vitesse-pour-le-cardio-et-lendurance-corde-a-sauter-pour-le-fitness-avec-entrainement-2-en-1-corde-a-sauter\/","url":"https:\/\/aigleshopping.ca\/fr\/produit\/corde-a-sauter-reglable-corde-a-sauter-durable-pour-hommes-et-femmes-corde-a-sauter-de-vitesse-pour-le-cardio-et-lendurance-corde-a-sauter-pour-le-fitness-avec-entrainement-2-en-1-corde-a-sauter\/","name":"Corde \u00e0 sauter r\u00e9glable, corde \u00e0 sauter durable pour hommes et femmes, corde \u00e0 sauter de vitesse pour le cardio et l'endurance, corde \u00e0 sauter pour le fitness avec entra\u00eenement 2 en 1, corde \u00e0 sauter r\u00e9glable sans arceau pour le fitness et les femmes. - Aigle Shopping Canada","isPartOf":{"@id":"https:\/\/aigleshopping.ca\/#website"},"primaryImageOfPage":{"@id":"https:\/\/aigleshopping.ca\/fr\/produit\/corde-a-sauter-reglable-corde-a-sauter-durable-pour-hommes-et-femmes-corde-a-sauter-de-vitesse-pour-le-cardio-et-lendurance-corde-a-sauter-pour-le-fitness-avec-entrainement-2-en-1-corde-a-sauter\/#primaryimage"},"image":{"@id":"https:\/\/aigleshopping.ca\/fr\/produit\/corde-a-sauter-reglable-corde-a-sauter-durable-pour-hommes-et-femmes-corde-a-sauter-de-vitesse-pour-le-cardio-et-lendurance-corde-a-sauter-pour-le-fitness-avec-entrainement-2-en-1-corde-a-sauter\/#primaryimage"},"thumbnailUrl":"https:\/\/aigleshopping.ca\/wp-content\/uploads\/2025\/03\/f4f54060-da04-4ba3-829b-81e840763fc5.jpg","datePublished":"2025-03-08T19:18:50+00:00","breadcrumb":{"@id":"https:\/\/aigleshopping.ca\/fr\/produit\/corde-a-sauter-reglable-corde-a-sauter-durable-pour-hommes-et-femmes-corde-a-sauter-de-vitesse-pour-le-cardio-et-lendurance-corde-a-sauter-pour-le-fitness-avec-entrainement-2-en-1-corde-a-sauter\/#breadcrumb"},"inLanguage":"fr-FR","potentialAction":[{"@type":"ReadAction","target":["https:\/\/aigleshopping.ca\/fr\/produit\/corde-a-sauter-reglable-corde-a-sauter-durable-pour-hommes-et-femmes-corde-a-sauter-de-vitesse-pour-le-cardio-et-lendurance-corde-a-sauter-pour-le-fitness-avec-entrainement-2-en-1-corde-a-sauter\/"]}]},{"@type":"ImageObject","inLanguage":"fr-FR","@id":"https:\/\/aigleshopping.ca\/fr\/produit\/corde-a-sauter-reglable-corde-a-sauter-durable-pour-hommes-et-femmes-corde-a-sauter-de-vitesse-pour-le-cardio-et-lendurance-corde-a-sauter-pour-le-fitness-avec-entrainement-2-en-1-corde-a-sauter\/#primaryimage","url":"https:\/\/aigleshopping.ca\/wp-content\/uploads\/2025\/03\/f4f54060-da04-4ba3-829b-81e840763fc5.jpg","contentUrl":"https:\/\/aigleshopping.ca\/wp-content\/uploads\/2025\/03\/f4f54060-da04-4ba3-829b-81e840763fc5.jpg","width":800,"height":800},{"@type":"BreadcrumbList","@id":"https:\/\/aigleshopping.ca\/fr\/produit\/corde-a-sauter-reglable-corde-a-sauter-durable-pour-hommes-et-femmes-corde-a-sauter-de-vitesse-pour-le-cardio-et-lendurance-corde-a-sauter-pour-le-fitness-avec-entrainement-2-en-1-corde-a-sauter\/#breadcrumb","itemListElement":[{"@type":"ListItem","position":1,"name":"Home","item":"https:\/\/aigleshopping.ca\/fr\/home\/"},{"@type":"ListItem","position":2,"name":"Products","item":"https:\/\/aigleshopping.ca\/shop\/"},{"@type":"ListItem","position":3,"name":"Corde \u00e0 sauter r\u00e9glable, corde \u00e0 sauter durable pour hommes et femmes, corde \u00e0 sauter de vitesse pour le cardio et l&#8217;endurance, corde \u00e0 sauter pour le fitness avec entra\u00eenement 2 en 1, corde \u00e0 sauter r\u00e9glable sans arceau pour le fitness et les femmes."}]},{"@type":"WebSite","@id":"https:\/\/aigleshopping.ca\/#website","url":"https:\/\/aigleshopping.ca\/","name":"Aigle Shopping Canada","description":"Au-del\u00e0 des fronti\u00e8res, pour vous offrir le\u00a0meilleur!","publisher":{"@id":"https:\/\/aigleshopping.ca\/#organization"},"potentialAction":[{"@type":"SearchAction","target":{"@type":"EntryPoint","urlTemplate":"https:\/\/aigleshopping.ca\/?s={search_term_string}"},"query-input":{"@type":"PropertyValueSpecification","valueRequired":true,"valueName":"search_term_string"}}],"inLanguage":"fr-FR"},{"@type":"Organization","@id":"https:\/\/aigleshopping.ca\/#organization","name":"Aigle Shopping Canada","url":"https:\/\/aigleshopping.ca\/","logo":{"@type":"ImageObject","inLanguage":"fr-FR","@id":"https:\/\/aigleshopping.ca\/#\/schema\/logo\/image\/","url":"https:\/\/aigleshopping.ca\/wp-content\/uploads\/2025\/12\/logo_aigleshopping_ca.png","contentUrl":"https:\/\/aigleshopping.ca\/wp-content\/uploads\/2025\/12\/logo_aigleshopping_ca.png","width":800,"height":233,"caption":"Aigle Shopping Canada"},"image":{"@id":"https:\/\/aigleshopping.ca\/#\/schema\/logo\/image\/"}}]}},"jetpack_sharing_enabled":true,"_links":{"self":[{"href":"https:\/\/aigleshopping.ca\/fr\/wp-json\/wp\/v2\/product\/20691","targetHints":{"allow":["GET"]}}],"collection":[{"href":"https:\/\/aigleshopping.ca\/fr\/wp-json\/wp\/v2\/product"}],"about":[{"href":"https:\/\/aigleshopping.ca\/fr\/wp-json\/wp\/v2\/types\/product"}],"replies":[{"embeddable":true,"href":"https:\/\/aigleshopping.ca\/fr\/wp-json\/wp\/v2\/comments?post=20691"}],"wp:featuredmedia":[{"embeddable":true,"href":"https:\/\/aigleshopping.ca\/fr\/wp-json\/wp\/v2\/media\/15465"}],"wp:attachment":[{"href":"https:\/\/aigleshopping.ca\/fr\/wp-json\/wp\/v2\/media?parent=20691"}],"wp:term":[{"taxonomy":"product_brand","embeddable":true,"href":"https:\/\/aigleshopping.ca\/fr\/wp-json\/wp\/v2\/product_brand?post=20691"},{"taxonomy":"product_cat","embeddable":true,"href":"https:\/\/aigleshopping.ca\/fr\/wp-json\/wp\/v2\/product_cat?post=20691"},{"taxonomy":"product_tag","embeddable":true,"href":"https:\/\/aigleshopping.ca\/fr\/wp-json\/wp\/v2\/product_tag?post=20691"}],"curies":[{"name":"wp","href":"https:\/\/api.w.org\/{rel}","templated":true}]}}