{"id":20699,"date":"2025-03-08T19:14:57","date_gmt":"2025-03-08T19:14:57","guid":{"rendered":"https:\/\/aigleshopping.ca\/produit\/gants-de-boxe-homme-demi-doigts-gants-de-boxe-libre-mma-sanda-fighting-muay-thai-punching-sandbags\/"},"modified":"2025-03-08T19:14:57","modified_gmt":"2025-03-08T19:14:57","slug":"gants-de-boxe-homme-demi-doigts-gants-de-boxe-libre-mma-sanda-fighting-muay-thai-punching-sandbags","status":"publish","type":"product","link":"https:\/\/aigleshopping.ca\/fr\/produit\/gants-de-boxe-homme-demi-doigts-gants-de-boxe-libre-mma-sanda-fighting-muay-thai-punching-sandbags\/","title":{"rendered":"Gants de boxe homme demi-doigts Gants de boxe libre Mma Sanda Fighting Muay Thai Punching Sandbags"},"content":{"rendered":"<p> <b>Informations sur le produit<\/b> <\/p>\n<p>  Marque : TRY&amp;DO <br \/> Nom du produit : gants de boxe BOXING 4 <br \/> Mat\u00e9riau : polyur\u00e9thane, cuir antid\u00e9flagrant <br \/> Taille : M, L <br \/> Couleur : noir, blanc <br \/> Personnes concern\u00e9es : Adeptes de la boxe  <\/p>\n<p> <img decoding=\"async\" src=\"https:\/\/cf.cjdropshipping.com\/1619402351028.jpg\"> <img decoding=\"async\" src=\"https:\/\/cf.cjdropshipping.com\/1619402359174.jpg\"> <img decoding=\"async\" src=\"https:\/\/cf.cjdropshipping.com\/1619402362655.jpg\"> <img decoding=\"async\" src=\"https:\/\/cf.cjdropshipping.com\/1619402419656.jpg\">  <\/p>\n","protected":false},"excerpt":{"rendered":"<p>Informations sur le produit Marque : TRY&amp;DO Nom du produit : gants de boxe BOXING 4 Mat\u00e9riau : polyur\u00e9thane, cuir antid\u00e9flagrant Taille : M, L Couleur : noir, blanc Personnes concern\u00e9es : Adeptes de la boxe<\/p>\n","protected":false},"featured_media":15278,"comment_status":"open","ping_status":"closed","template":"","meta":{"content-type":""},"product_brand":[],"product_cat":[217],"product_tag":[],"class_list":{"0":"post-20699","1":"product","2":"type-product","3":"status-publish","4":"has-post-thumbnail","6":"product_cat-sport-fr","8":"first","9":"instock","10":"taxable","11":"shipping-taxable","12":"purchasable","13":"product-type-variable","14":"add-to-wishlist-after_add_to_cart"},"yoast_head":"<!-- This site is optimized with the Yoast SEO plugin v27.4 - https:\/\/yoast.com\/product\/yoast-seo-wordpress\/ -->\n<title>Gants de boxe homme demi-doigts Gants de boxe libre Mma Sanda Fighting Muay Thai Punching Sandbags - Aigle Shopping Canada<\/title>\n<meta name=\"robots\" content=\"index, follow, max-snippet:-1, max-image-preview:large, max-video-preview:-1\" \/>\n<link rel=\"canonical\" href=\"https:\/\/aigleshopping.ca\/fr\/produit\/gants-de-boxe-homme-demi-doigts-gants-de-boxe-libre-mma-sanda-fighting-muay-thai-punching-sandbags\/\" \/>\n<meta property=\"og:locale\" content=\"fr_FR\" \/>\n<meta property=\"og:type\" content=\"article\" \/>\n<meta property=\"og:title\" content=\"Gants de boxe homme demi-doigts Gants de boxe libre Mma Sanda Fighting Muay Thai Punching Sandbags - Aigle Shopping Canada\" \/>\n<meta property=\"og:description\" content=\"Informations sur le produit Marque : TRY&amp;DO Nom du produit : gants de boxe BOXING 4 Mat\u00e9riau : polyur\u00e9thane, cuir antid\u00e9flagrant Taille : M, L Couleur : noir, blanc Personnes concern\u00e9es : Adeptes de la boxe\" \/>\n<meta property=\"og:url\" content=\"https:\/\/aigleshopping.ca\/fr\/produit\/gants-de-boxe-homme-demi-doigts-gants-de-boxe-libre-mma-sanda-fighting-muay-thai-punching-sandbags\/\" \/>\n<meta property=\"og:site_name\" content=\"Aigle Shopping Canada\" \/>\n<meta property=\"og:image\" content=\"https:\/\/aigleshopping.ca\/wp-content\/uploads\/2025\/03\/1619402657465.jpg\" \/>\n\t<meta property=\"og:image:width\" content=\"790\" \/>\n\t<meta property=\"og:image:height\" content=\"782\" \/>\n\t<meta property=\"og:image:type\" content=\"image\/jpeg\" \/>\n<meta name=\"twitter:card\" content=\"summary_large_image\" \/>\n<script type=\"application\/ld+json\" class=\"yoast-schema-graph\">{\"@context\":\"https:\\\/\\\/schema.org\",\"@graph\":[{\"@type\":\"WebPage\",\"@id\":\"https:\\\/\\\/aigleshopping.ca\\\/fr\\\/produit\\\/gants-de-boxe-homme-demi-doigts-gants-de-boxe-libre-mma-sanda-fighting-muay-thai-punching-sandbags\\\/\",\"url\":\"https:\\\/\\\/aigleshopping.ca\\\/fr\\\/produit\\\/gants-de-boxe-homme-demi-doigts-gants-de-boxe-libre-mma-sanda-fighting-muay-thai-punching-sandbags\\\/\",\"name\":\"Gants de boxe homme demi-doigts Gants de boxe libre Mma Sanda Fighting Muay Thai Punching Sandbags - Aigle Shopping Canada\",\"isPartOf\":{\"@id\":\"https:\\\/\\\/aigleshopping.ca\\\/#website\"},\"primaryImageOfPage\":{\"@id\":\"https:\\\/\\\/aigleshopping.ca\\\/fr\\\/produit\\\/gants-de-boxe-homme-demi-doigts-gants-de-boxe-libre-mma-sanda-fighting-muay-thai-punching-sandbags\\\/#primaryimage\"},\"image\":{\"@id\":\"https:\\\/\\\/aigleshopping.ca\\\/fr\\\/produit\\\/gants-de-boxe-homme-demi-doigts-gants-de-boxe-libre-mma-sanda-fighting-muay-thai-punching-sandbags\\\/#primaryimage\"},\"thumbnailUrl\":\"https:\\\/\\\/aigleshopping.ca\\\/wp-content\\\/uploads\\\/2025\\\/03\\\/1619402657465.jpg\",\"datePublished\":\"2025-03-08T19:14:57+00:00\",\"breadcrumb\":{\"@id\":\"https:\\\/\\\/aigleshopping.ca\\\/fr\\\/produit\\\/gants-de-boxe-homme-demi-doigts-gants-de-boxe-libre-mma-sanda-fighting-muay-thai-punching-sandbags\\\/#breadcrumb\"},\"inLanguage\":\"fr-FR\",\"potentialAction\":[{\"@type\":\"ReadAction\",\"target\":[\"https:\\\/\\\/aigleshopping.ca\\\/fr\\\/produit\\\/gants-de-boxe-homme-demi-doigts-gants-de-boxe-libre-mma-sanda-fighting-muay-thai-punching-sandbags\\\/\"]}]},{\"@type\":\"ImageObject\",\"inLanguage\":\"fr-FR\",\"@id\":\"https:\\\/\\\/aigleshopping.ca\\\/fr\\\/produit\\\/gants-de-boxe-homme-demi-doigts-gants-de-boxe-libre-mma-sanda-fighting-muay-thai-punching-sandbags\\\/#primaryimage\",\"url\":\"https:\\\/\\\/aigleshopping.ca\\\/wp-content\\\/uploads\\\/2025\\\/03\\\/1619402657465.jpg\",\"contentUrl\":\"https:\\\/\\\/aigleshopping.ca\\\/wp-content\\\/uploads\\\/2025\\\/03\\\/1619402657465.jpg\",\"width\":790,\"height\":782},{\"@type\":\"BreadcrumbList\",\"@id\":\"https:\\\/\\\/aigleshopping.ca\\\/fr\\\/produit\\\/gants-de-boxe-homme-demi-doigts-gants-de-boxe-libre-mma-sanda-fighting-muay-thai-punching-sandbags\\\/#breadcrumb\",\"itemListElement\":[{\"@type\":\"ListItem\",\"position\":1,\"name\":\"Home\",\"item\":\"https:\\\/\\\/aigleshopping.ca\\\/fr\\\/home\\\/\"},{\"@type\":\"ListItem\",\"position\":2,\"name\":\"Products\",\"item\":\"https:\\\/\\\/aigleshopping.ca\\\/shop\\\/\"},{\"@type\":\"ListItem\",\"position\":3,\"name\":\"Gants de boxe homme demi-doigts Gants de boxe libre Mma Sanda Fighting Muay Thai Punching Sandbags\"}]},{\"@type\":\"WebSite\",\"@id\":\"https:\\\/\\\/aigleshopping.ca\\\/#website\",\"url\":\"https:\\\/\\\/aigleshopping.ca\\\/\",\"name\":\"Aigle Shopping Canada\",\"description\":\"Au-del\u00e0 des fronti\u00e8res, pour vous offrir le\u00a0meilleur!\",\"publisher\":{\"@id\":\"https:\\\/\\\/aigleshopping.ca\\\/#organization\"},\"potentialAction\":[{\"@type\":\"SearchAction\",\"target\":{\"@type\":\"EntryPoint\",\"urlTemplate\":\"https:\\\/\\\/aigleshopping.ca\\\/?s={search_term_string}\"},\"query-input\":{\"@type\":\"PropertyValueSpecification\",\"valueRequired\":true,\"valueName\":\"search_term_string\"}}],\"inLanguage\":\"fr-FR\"},{\"@type\":\"Organization\",\"@id\":\"https:\\\/\\\/aigleshopping.ca\\\/#organization\",\"name\":\"Aigle Shopping Canada\",\"url\":\"https:\\\/\\\/aigleshopping.ca\\\/\",\"logo\":{\"@type\":\"ImageObject\",\"inLanguage\":\"fr-FR\",\"@id\":\"https:\\\/\\\/aigleshopping.ca\\\/#\\\/schema\\\/logo\\\/image\\\/\",\"url\":\"https:\\\/\\\/aigleshopping.ca\\\/wp-content\\\/uploads\\\/2025\\\/12\\\/logo_aigleshopping_ca.png\",\"contentUrl\":\"https:\\\/\\\/aigleshopping.ca\\\/wp-content\\\/uploads\\\/2025\\\/12\\\/logo_aigleshopping_ca.png\",\"width\":800,\"height\":233,\"caption\":\"Aigle Shopping Canada\"},\"image\":{\"@id\":\"https:\\\/\\\/aigleshopping.ca\\\/#\\\/schema\\\/logo\\\/image\\\/\"}}]}<\/script>\n<!-- \/ Yoast SEO plugin. -->","yoast_head_json":{"title":"Gants de boxe homme demi-doigts Gants de boxe libre Mma Sanda Fighting Muay Thai Punching Sandbags - Aigle Shopping Canada","robots":{"index":"index","follow":"follow","max-snippet":"max-snippet:-1","max-image-preview":"max-image-preview:large","max-video-preview":"max-video-preview:-1"},"canonical":"https:\/\/aigleshopping.ca\/fr\/produit\/gants-de-boxe-homme-demi-doigts-gants-de-boxe-libre-mma-sanda-fighting-muay-thai-punching-sandbags\/","og_locale":"fr_FR","og_type":"article","og_title":"Gants de boxe homme demi-doigts Gants de boxe libre Mma Sanda Fighting Muay Thai Punching Sandbags - Aigle Shopping Canada","og_description":"Informations sur le produit Marque : TRY&amp;DO Nom du produit : gants de boxe BOXING 4 Mat\u00e9riau : polyur\u00e9thane, cuir antid\u00e9flagrant Taille : M, L Couleur : noir, blanc Personnes concern\u00e9es : Adeptes de la boxe","og_url":"https:\/\/aigleshopping.ca\/fr\/produit\/gants-de-boxe-homme-demi-doigts-gants-de-boxe-libre-mma-sanda-fighting-muay-thai-punching-sandbags\/","og_site_name":"Aigle Shopping Canada","og_image":[{"width":790,"height":782,"url":"https:\/\/aigleshopping.ca\/wp-content\/uploads\/2025\/03\/1619402657465.jpg","type":"image\/jpeg"}],"twitter_card":"summary_large_image","schema":{"@context":"https:\/\/schema.org","@graph":[{"@type":"WebPage","@id":"https:\/\/aigleshopping.ca\/fr\/produit\/gants-de-boxe-homme-demi-doigts-gants-de-boxe-libre-mma-sanda-fighting-muay-thai-punching-sandbags\/","url":"https:\/\/aigleshopping.ca\/fr\/produit\/gants-de-boxe-homme-demi-doigts-gants-de-boxe-libre-mma-sanda-fighting-muay-thai-punching-sandbags\/","name":"Gants de boxe homme demi-doigts Gants de boxe libre Mma Sanda Fighting Muay Thai Punching Sandbags - Aigle Shopping Canada","isPartOf":{"@id":"https:\/\/aigleshopping.ca\/#website"},"primaryImageOfPage":{"@id":"https:\/\/aigleshopping.ca\/fr\/produit\/gants-de-boxe-homme-demi-doigts-gants-de-boxe-libre-mma-sanda-fighting-muay-thai-punching-sandbags\/#primaryimage"},"image":{"@id":"https:\/\/aigleshopping.ca\/fr\/produit\/gants-de-boxe-homme-demi-doigts-gants-de-boxe-libre-mma-sanda-fighting-muay-thai-punching-sandbags\/#primaryimage"},"thumbnailUrl":"https:\/\/aigleshopping.ca\/wp-content\/uploads\/2025\/03\/1619402657465.jpg","datePublished":"2025-03-08T19:14:57+00:00","breadcrumb":{"@id":"https:\/\/aigleshopping.ca\/fr\/produit\/gants-de-boxe-homme-demi-doigts-gants-de-boxe-libre-mma-sanda-fighting-muay-thai-punching-sandbags\/#breadcrumb"},"inLanguage":"fr-FR","potentialAction":[{"@type":"ReadAction","target":["https:\/\/aigleshopping.ca\/fr\/produit\/gants-de-boxe-homme-demi-doigts-gants-de-boxe-libre-mma-sanda-fighting-muay-thai-punching-sandbags\/"]}]},{"@type":"ImageObject","inLanguage":"fr-FR","@id":"https:\/\/aigleshopping.ca\/fr\/produit\/gants-de-boxe-homme-demi-doigts-gants-de-boxe-libre-mma-sanda-fighting-muay-thai-punching-sandbags\/#primaryimage","url":"https:\/\/aigleshopping.ca\/wp-content\/uploads\/2025\/03\/1619402657465.jpg","contentUrl":"https:\/\/aigleshopping.ca\/wp-content\/uploads\/2025\/03\/1619402657465.jpg","width":790,"height":782},{"@type":"BreadcrumbList","@id":"https:\/\/aigleshopping.ca\/fr\/produit\/gants-de-boxe-homme-demi-doigts-gants-de-boxe-libre-mma-sanda-fighting-muay-thai-punching-sandbags\/#breadcrumb","itemListElement":[{"@type":"ListItem","position":1,"name":"Home","item":"https:\/\/aigleshopping.ca\/fr\/home\/"},{"@type":"ListItem","position":2,"name":"Products","item":"https:\/\/aigleshopping.ca\/shop\/"},{"@type":"ListItem","position":3,"name":"Gants de boxe homme demi-doigts Gants de boxe libre Mma Sanda Fighting Muay Thai Punching Sandbags"}]},{"@type":"WebSite","@id":"https:\/\/aigleshopping.ca\/#website","url":"https:\/\/aigleshopping.ca\/","name":"Aigle Shopping Canada","description":"Au-del\u00e0 des fronti\u00e8res, pour vous offrir le\u00a0meilleur!","publisher":{"@id":"https:\/\/aigleshopping.ca\/#organization"},"potentialAction":[{"@type":"SearchAction","target":{"@type":"EntryPoint","urlTemplate":"https:\/\/aigleshopping.ca\/?s={search_term_string}"},"query-input":{"@type":"PropertyValueSpecification","valueRequired":true,"valueName":"search_term_string"}}],"inLanguage":"fr-FR"},{"@type":"Organization","@id":"https:\/\/aigleshopping.ca\/#organization","name":"Aigle Shopping Canada","url":"https:\/\/aigleshopping.ca\/","logo":{"@type":"ImageObject","inLanguage":"fr-FR","@id":"https:\/\/aigleshopping.ca\/#\/schema\/logo\/image\/","url":"https:\/\/aigleshopping.ca\/wp-content\/uploads\/2025\/12\/logo_aigleshopping_ca.png","contentUrl":"https:\/\/aigleshopping.ca\/wp-content\/uploads\/2025\/12\/logo_aigleshopping_ca.png","width":800,"height":233,"caption":"Aigle Shopping Canada"},"image":{"@id":"https:\/\/aigleshopping.ca\/#\/schema\/logo\/image\/"}}]}},"jetpack_sharing_enabled":true,"_links":{"self":[{"href":"https:\/\/aigleshopping.ca\/fr\/wp-json\/wp\/v2\/product\/20699","targetHints":{"allow":["GET"]}}],"collection":[{"href":"https:\/\/aigleshopping.ca\/fr\/wp-json\/wp\/v2\/product"}],"about":[{"href":"https:\/\/aigleshopping.ca\/fr\/wp-json\/wp\/v2\/types\/product"}],"replies":[{"embeddable":true,"href":"https:\/\/aigleshopping.ca\/fr\/wp-json\/wp\/v2\/comments?post=20699"}],"wp:featuredmedia":[{"embeddable":true,"href":"https:\/\/aigleshopping.ca\/fr\/wp-json\/wp\/v2\/media\/15278"}],"wp:attachment":[{"href":"https:\/\/aigleshopping.ca\/fr\/wp-json\/wp\/v2\/media?parent=20699"}],"wp:term":[{"taxonomy":"product_brand","embeddable":true,"href":"https:\/\/aigleshopping.ca\/fr\/wp-json\/wp\/v2\/product_brand?post=20699"},{"taxonomy":"product_cat","embeddable":true,"href":"https:\/\/aigleshopping.ca\/fr\/wp-json\/wp\/v2\/product_cat?post=20699"},{"taxonomy":"product_tag","embeddable":true,"href":"https:\/\/aigleshopping.ca\/fr\/wp-json\/wp\/v2\/product_tag?post=20699"}],"curies":[{"name":"wp","href":"https:\/\/api.w.org\/{rel}","templated":true}]}}