{"id":20709,"date":"2025-03-08T19:15:57","date_gmt":"2025-03-08T19:15:57","guid":{"rendered":"https:\/\/aigleshopping.ca\/produit\/genouilleres-de-protection-pour-le-sport-leggings-running-squat-fitness\/"},"modified":"2025-03-08T19:15:57","modified_gmt":"2025-03-08T19:15:57","slug":"genouilleres-de-protection-pour-le-sport-leggings-running-squat-fitness","status":"publish","type":"product","link":"https:\/\/aigleshopping.ca\/fr\/produit\/genouilleres-de-protection-pour-le-sport-leggings-running-squat-fitness\/","title":{"rendered":"Genouill\u00e8res de protection pour le sport Leggings Running Squat Fitness"},"content":{"rendered":"<p> <b>Informations sur le produit :<\/b> <br \/> Num\u00e9ro d&rsquo;article : Genouill\u00e8res \u00e0 longues bretelles <br \/> Mat\u00e9riau du corps principal : Fibre de polyester <br \/> Personnes concern\u00e9es : Adultes <br \/> Sports concern\u00e9s : Football, basket-ball, volley-ball, escalade, course <br \/> Sc\u00e9narios d&rsquo;application : Equipement de fitness, massage de sant\u00e9, corps de fitness, accessoires de protection sportive <br \/> Sp\u00e9cification : Vert <br \/> Mat\u00e9riau : Polyester <br \/> Couleur : vert <br \/> Taille : S, M, L, XL, XXL, XXXL <br \/> Genouill\u00e8res \u00e0 sangles longues protection des genoux jambi\u00e8res antid\u00e9rapantes running squat fitness  <\/p>\n<p>  S\u00e9lection de la taille des genouill\u00e8res : <br \/> Le code S est adapt\u00e9 au poids 45-60kg <br \/> Le code M est adapt\u00e9 au poids 60-70kg <br \/> La taille L est adapt\u00e9e au poids 70-80kg <br \/> Le code XL est adapt\u00e9 au poids 80-90kg <br \/> Le code XXL est adapt\u00e9 au poids 90-100kg <br \/> Le code XXXL est adapt\u00e9 au poids 100-110kg  <\/p>\n<p> <img decoding=\"async\" src=\"https:\/\/cf.cjdropshipping.com\/1613528247588.jpg\"> <img decoding=\"async\" src=\"https:\/\/cf.cjdropshipping.com\/1613528251663.jpg\"> <img decoding=\"async\" src=\"https:\/\/cf.cjdropshipping.com\/1613528258386.jpg\"> <img decoding=\"async\" src=\"https:\/\/cf.cjdropshipping.com\/1613528262312.jpg\"> <img decoding=\"async\" src=\"https:\/\/cf.cjdropshipping.com\/1613528265894.jpg\">  <\/p>\n","protected":false},"excerpt":{"rendered":"<p>Informations sur le produit : Num\u00e9ro d&rsquo;article : Genouill\u00e8res \u00e0 longues bretelles Mat\u00e9riau du corps principal : Fibre de polyester Personnes concern\u00e9es : Adultes Sports concern\u00e9s : Football, basket-ball, volley-ball, escalade, course Sc\u00e9narios d&rsquo;application : Equipement de fitness, massage de sant\u00e9, corps de fitness, accessoires de protection sportive Sp\u00e9cification : Vert Mat\u00e9riau : Polyester Couleur [&hellip;]<\/p>\n","protected":false},"featured_media":15301,"comment_status":"open","ping_status":"closed","template":"","meta":{"content-type":""},"product_brand":[],"product_cat":[217],"product_tag":[],"class_list":{"0":"post-20709","1":"product","2":"type-product","3":"status-publish","4":"has-post-thumbnail","6":"product_cat-sport-fr","8":"first","9":"instock","10":"taxable","11":"shipping-taxable","12":"purchasable","13":"product-type-variable","14":"add-to-wishlist-after_add_to_cart"},"yoast_head":"<!-- This site is optimized with the Yoast SEO plugin v27.4 - https:\/\/yoast.com\/product\/yoast-seo-wordpress\/ -->\n<title>Genouill\u00e8res de protection pour le sport Leggings Running Squat Fitness - Aigle Shopping Canada<\/title>\n<meta name=\"robots\" content=\"index, follow, max-snippet:-1, max-image-preview:large, max-video-preview:-1\" \/>\n<link rel=\"canonical\" href=\"https:\/\/aigleshopping.ca\/fr\/produit\/genouilleres-de-protection-pour-le-sport-leggings-running-squat-fitness\/\" \/>\n<meta property=\"og:locale\" content=\"fr_FR\" \/>\n<meta property=\"og:type\" content=\"article\" \/>\n<meta property=\"og:title\" content=\"Genouill\u00e8res de protection pour le sport Leggings Running Squat Fitness - Aigle Shopping Canada\" \/>\n<meta property=\"og:description\" content=\"Informations sur le produit : Num\u00e9ro d&rsquo;article : Genouill\u00e8res \u00e0 longues bretelles Mat\u00e9riau du corps principal : Fibre de polyester Personnes concern\u00e9es : Adultes Sports concern\u00e9s : Football, basket-ball, volley-ball, escalade, course Sc\u00e9narios d&rsquo;application : Equipement de fitness, massage de sant\u00e9, corps de fitness, accessoires de protection sportive Sp\u00e9cification : Vert Mat\u00e9riau : Polyester Couleur [&hellip;]\" \/>\n<meta property=\"og:url\" content=\"https:\/\/aigleshopping.ca\/fr\/produit\/genouilleres-de-protection-pour-le-sport-leggings-running-squat-fitness\/\" \/>\n<meta property=\"og:site_name\" content=\"Aigle Shopping Canada\" \/>\n<meta property=\"og:image\" content=\"https:\/\/aigleshopping.ca\/wp-content\/uploads\/2025\/03\/1613528278171.jpg\" \/>\n\t<meta property=\"og:image:width\" content=\"800\" \/>\n\t<meta property=\"og:image:height\" content=\"800\" \/>\n\t<meta property=\"og:image:type\" content=\"image\/jpeg\" \/>\n<meta name=\"twitter:card\" content=\"summary_large_image\" \/>\n<meta name=\"twitter:label1\" content=\"Dur\u00e9e de lecture estim\u00e9e\" \/>\n\t<meta name=\"twitter:data1\" content=\"1 minute\" \/>\n<script type=\"application\/ld+json\" class=\"yoast-schema-graph\">{\"@context\":\"https:\\\/\\\/schema.org\",\"@graph\":[{\"@type\":\"WebPage\",\"@id\":\"https:\\\/\\\/aigleshopping.ca\\\/fr\\\/produit\\\/genouilleres-de-protection-pour-le-sport-leggings-running-squat-fitness\\\/\",\"url\":\"https:\\\/\\\/aigleshopping.ca\\\/fr\\\/produit\\\/genouilleres-de-protection-pour-le-sport-leggings-running-squat-fitness\\\/\",\"name\":\"Genouill\u00e8res de protection pour le sport Leggings Running Squat Fitness - Aigle Shopping Canada\",\"isPartOf\":{\"@id\":\"https:\\\/\\\/aigleshopping.ca\\\/#website\"},\"primaryImageOfPage\":{\"@id\":\"https:\\\/\\\/aigleshopping.ca\\\/fr\\\/produit\\\/genouilleres-de-protection-pour-le-sport-leggings-running-squat-fitness\\\/#primaryimage\"},\"image\":{\"@id\":\"https:\\\/\\\/aigleshopping.ca\\\/fr\\\/produit\\\/genouilleres-de-protection-pour-le-sport-leggings-running-squat-fitness\\\/#primaryimage\"},\"thumbnailUrl\":\"https:\\\/\\\/aigleshopping.ca\\\/wp-content\\\/uploads\\\/2025\\\/03\\\/1613528278171.jpg\",\"datePublished\":\"2025-03-08T19:15:57+00:00\",\"breadcrumb\":{\"@id\":\"https:\\\/\\\/aigleshopping.ca\\\/fr\\\/produit\\\/genouilleres-de-protection-pour-le-sport-leggings-running-squat-fitness\\\/#breadcrumb\"},\"inLanguage\":\"fr-FR\",\"potentialAction\":[{\"@type\":\"ReadAction\",\"target\":[\"https:\\\/\\\/aigleshopping.ca\\\/fr\\\/produit\\\/genouilleres-de-protection-pour-le-sport-leggings-running-squat-fitness\\\/\"]}]},{\"@type\":\"ImageObject\",\"inLanguage\":\"fr-FR\",\"@id\":\"https:\\\/\\\/aigleshopping.ca\\\/fr\\\/produit\\\/genouilleres-de-protection-pour-le-sport-leggings-running-squat-fitness\\\/#primaryimage\",\"url\":\"https:\\\/\\\/aigleshopping.ca\\\/wp-content\\\/uploads\\\/2025\\\/03\\\/1613528278171.jpg\",\"contentUrl\":\"https:\\\/\\\/aigleshopping.ca\\\/wp-content\\\/uploads\\\/2025\\\/03\\\/1613528278171.jpg\",\"width\":800,\"height\":800},{\"@type\":\"BreadcrumbList\",\"@id\":\"https:\\\/\\\/aigleshopping.ca\\\/fr\\\/produit\\\/genouilleres-de-protection-pour-le-sport-leggings-running-squat-fitness\\\/#breadcrumb\",\"itemListElement\":[{\"@type\":\"ListItem\",\"position\":1,\"name\":\"Home\",\"item\":\"https:\\\/\\\/aigleshopping.ca\\\/fr\\\/home\\\/\"},{\"@type\":\"ListItem\",\"position\":2,\"name\":\"Products\",\"item\":\"https:\\\/\\\/aigleshopping.ca\\\/shop\\\/\"},{\"@type\":\"ListItem\",\"position\":3,\"name\":\"Genouill\u00e8res de protection pour le sport Leggings Running Squat Fitness\"}]},{\"@type\":\"WebSite\",\"@id\":\"https:\\\/\\\/aigleshopping.ca\\\/#website\",\"url\":\"https:\\\/\\\/aigleshopping.ca\\\/\",\"name\":\"Aigle Shopping Canada\",\"description\":\"Au-del\u00e0 des fronti\u00e8res, pour vous offrir le\u00a0meilleur!\",\"publisher\":{\"@id\":\"https:\\\/\\\/aigleshopping.ca\\\/#organization\"},\"potentialAction\":[{\"@type\":\"SearchAction\",\"target\":{\"@type\":\"EntryPoint\",\"urlTemplate\":\"https:\\\/\\\/aigleshopping.ca\\\/?s={search_term_string}\"},\"query-input\":{\"@type\":\"PropertyValueSpecification\",\"valueRequired\":true,\"valueName\":\"search_term_string\"}}],\"inLanguage\":\"fr-FR\"},{\"@type\":\"Organization\",\"@id\":\"https:\\\/\\\/aigleshopping.ca\\\/#organization\",\"name\":\"Aigle Shopping Canada\",\"url\":\"https:\\\/\\\/aigleshopping.ca\\\/\",\"logo\":{\"@type\":\"ImageObject\",\"inLanguage\":\"fr-FR\",\"@id\":\"https:\\\/\\\/aigleshopping.ca\\\/#\\\/schema\\\/logo\\\/image\\\/\",\"url\":\"https:\\\/\\\/aigleshopping.ca\\\/wp-content\\\/uploads\\\/2025\\\/12\\\/logo_aigleshopping_ca.png\",\"contentUrl\":\"https:\\\/\\\/aigleshopping.ca\\\/wp-content\\\/uploads\\\/2025\\\/12\\\/logo_aigleshopping_ca.png\",\"width\":800,\"height\":233,\"caption\":\"Aigle Shopping Canada\"},\"image\":{\"@id\":\"https:\\\/\\\/aigleshopping.ca\\\/#\\\/schema\\\/logo\\\/image\\\/\"}}]}<\/script>\n<!-- \/ Yoast SEO plugin. -->","yoast_head_json":{"title":"Genouill\u00e8res de protection pour le sport Leggings Running Squat Fitness - Aigle Shopping Canada","robots":{"index":"index","follow":"follow","max-snippet":"max-snippet:-1","max-image-preview":"max-image-preview:large","max-video-preview":"max-video-preview:-1"},"canonical":"https:\/\/aigleshopping.ca\/fr\/produit\/genouilleres-de-protection-pour-le-sport-leggings-running-squat-fitness\/","og_locale":"fr_FR","og_type":"article","og_title":"Genouill\u00e8res de protection pour le sport Leggings Running Squat Fitness - Aigle Shopping Canada","og_description":"Informations sur le produit : Num\u00e9ro d&rsquo;article : Genouill\u00e8res \u00e0 longues bretelles Mat\u00e9riau du corps principal : Fibre de polyester Personnes concern\u00e9es : Adultes Sports concern\u00e9s : Football, basket-ball, volley-ball, escalade, course Sc\u00e9narios d&rsquo;application : Equipement de fitness, massage de sant\u00e9, corps de fitness, accessoires de protection sportive Sp\u00e9cification : Vert Mat\u00e9riau : Polyester Couleur [&hellip;]","og_url":"https:\/\/aigleshopping.ca\/fr\/produit\/genouilleres-de-protection-pour-le-sport-leggings-running-squat-fitness\/","og_site_name":"Aigle Shopping Canada","og_image":[{"width":800,"height":800,"url":"https:\/\/aigleshopping.ca\/wp-content\/uploads\/2025\/03\/1613528278171.jpg","type":"image\/jpeg"}],"twitter_card":"summary_large_image","twitter_misc":{"Dur\u00e9e de lecture estim\u00e9e":"1 minute"},"schema":{"@context":"https:\/\/schema.org","@graph":[{"@type":"WebPage","@id":"https:\/\/aigleshopping.ca\/fr\/produit\/genouilleres-de-protection-pour-le-sport-leggings-running-squat-fitness\/","url":"https:\/\/aigleshopping.ca\/fr\/produit\/genouilleres-de-protection-pour-le-sport-leggings-running-squat-fitness\/","name":"Genouill\u00e8res de protection pour le sport Leggings Running Squat Fitness - Aigle Shopping Canada","isPartOf":{"@id":"https:\/\/aigleshopping.ca\/#website"},"primaryImageOfPage":{"@id":"https:\/\/aigleshopping.ca\/fr\/produit\/genouilleres-de-protection-pour-le-sport-leggings-running-squat-fitness\/#primaryimage"},"image":{"@id":"https:\/\/aigleshopping.ca\/fr\/produit\/genouilleres-de-protection-pour-le-sport-leggings-running-squat-fitness\/#primaryimage"},"thumbnailUrl":"https:\/\/aigleshopping.ca\/wp-content\/uploads\/2025\/03\/1613528278171.jpg","datePublished":"2025-03-08T19:15:57+00:00","breadcrumb":{"@id":"https:\/\/aigleshopping.ca\/fr\/produit\/genouilleres-de-protection-pour-le-sport-leggings-running-squat-fitness\/#breadcrumb"},"inLanguage":"fr-FR","potentialAction":[{"@type":"ReadAction","target":["https:\/\/aigleshopping.ca\/fr\/produit\/genouilleres-de-protection-pour-le-sport-leggings-running-squat-fitness\/"]}]},{"@type":"ImageObject","inLanguage":"fr-FR","@id":"https:\/\/aigleshopping.ca\/fr\/produit\/genouilleres-de-protection-pour-le-sport-leggings-running-squat-fitness\/#primaryimage","url":"https:\/\/aigleshopping.ca\/wp-content\/uploads\/2025\/03\/1613528278171.jpg","contentUrl":"https:\/\/aigleshopping.ca\/wp-content\/uploads\/2025\/03\/1613528278171.jpg","width":800,"height":800},{"@type":"BreadcrumbList","@id":"https:\/\/aigleshopping.ca\/fr\/produit\/genouilleres-de-protection-pour-le-sport-leggings-running-squat-fitness\/#breadcrumb","itemListElement":[{"@type":"ListItem","position":1,"name":"Home","item":"https:\/\/aigleshopping.ca\/fr\/home\/"},{"@type":"ListItem","position":2,"name":"Products","item":"https:\/\/aigleshopping.ca\/shop\/"},{"@type":"ListItem","position":3,"name":"Genouill\u00e8res de protection pour le sport Leggings Running Squat Fitness"}]},{"@type":"WebSite","@id":"https:\/\/aigleshopping.ca\/#website","url":"https:\/\/aigleshopping.ca\/","name":"Aigle Shopping Canada","description":"Au-del\u00e0 des fronti\u00e8res, pour vous offrir le\u00a0meilleur!","publisher":{"@id":"https:\/\/aigleshopping.ca\/#organization"},"potentialAction":[{"@type":"SearchAction","target":{"@type":"EntryPoint","urlTemplate":"https:\/\/aigleshopping.ca\/?s={search_term_string}"},"query-input":{"@type":"PropertyValueSpecification","valueRequired":true,"valueName":"search_term_string"}}],"inLanguage":"fr-FR"},{"@type":"Organization","@id":"https:\/\/aigleshopping.ca\/#organization","name":"Aigle Shopping Canada","url":"https:\/\/aigleshopping.ca\/","logo":{"@type":"ImageObject","inLanguage":"fr-FR","@id":"https:\/\/aigleshopping.ca\/#\/schema\/logo\/image\/","url":"https:\/\/aigleshopping.ca\/wp-content\/uploads\/2025\/12\/logo_aigleshopping_ca.png","contentUrl":"https:\/\/aigleshopping.ca\/wp-content\/uploads\/2025\/12\/logo_aigleshopping_ca.png","width":800,"height":233,"caption":"Aigle Shopping Canada"},"image":{"@id":"https:\/\/aigleshopping.ca\/#\/schema\/logo\/image\/"}}]}},"jetpack_sharing_enabled":true,"_links":{"self":[{"href":"https:\/\/aigleshopping.ca\/fr\/wp-json\/wp\/v2\/product\/20709","targetHints":{"allow":["GET"]}}],"collection":[{"href":"https:\/\/aigleshopping.ca\/fr\/wp-json\/wp\/v2\/product"}],"about":[{"href":"https:\/\/aigleshopping.ca\/fr\/wp-json\/wp\/v2\/types\/product"}],"replies":[{"embeddable":true,"href":"https:\/\/aigleshopping.ca\/fr\/wp-json\/wp\/v2\/comments?post=20709"}],"wp:featuredmedia":[{"embeddable":true,"href":"https:\/\/aigleshopping.ca\/fr\/wp-json\/wp\/v2\/media\/15301"}],"wp:attachment":[{"href":"https:\/\/aigleshopping.ca\/fr\/wp-json\/wp\/v2\/media?parent=20709"}],"wp:term":[{"taxonomy":"product_brand","embeddable":true,"href":"https:\/\/aigleshopping.ca\/fr\/wp-json\/wp\/v2\/product_brand?post=20709"},{"taxonomy":"product_cat","embeddable":true,"href":"https:\/\/aigleshopping.ca\/fr\/wp-json\/wp\/v2\/product_cat?post=20709"},{"taxonomy":"product_tag","embeddable":true,"href":"https:\/\/aigleshopping.ca\/fr\/wp-json\/wp\/v2\/product_tag?post=20709"}],"curies":[{"name":"wp","href":"https:\/\/api.w.org\/{rel}","templated":true}]}}