{"id":20771,"date":"2025-03-08T19:17:08","date_gmt":"2025-03-08T19:17:08","guid":{"rendered":"https:\/\/aigleshopping.ca\/produit\/housse-de-protection-pour-les-equipements-pressurises-et-respirants\/"},"modified":"2025-03-08T19:17:08","modified_gmt":"2025-03-08T19:17:08","slug":"housse-de-protection-pour-les-equipements-pressurises-et-respirants","status":"publish","type":"product","link":"https:\/\/aigleshopping.ca\/fr\/produit\/housse-de-protection-pour-les-equipements-pressurises-et-respirants\/","title":{"rendered":"Housse de protection pour les \u00e9quipements pressuris\u00e9s et respirants"},"content":{"rendered":"<p> <b>Informations sur le produit :<\/b>  <\/p>\n<p>  Mat\u00e9riau du corps principal : nylon <br \/> Sp\u00e9cifications : M largeur d&rsquo;\u00e9paule 36-39cm L largeur d&rsquo;\u00e9paule 40-45cm XL largeur d&rsquo;\u00e9paule 46-51cm <br \/> Personnes concern\u00e9es : adultes <br \/> Sc\u00e9narios d&rsquo;application : \u00e9quipement de fitness, corps de fitness, accessoires de protection sportive <br \/> Taille : S largeur d&rsquo;\u00e9paule 36-39cm, M largeur d&rsquo;\u00e9paule 40-45cm, L largeur d&rsquo;\u00e9paule 46-51cm <br \/> Couleur : Noir  <\/p>\n<p> <\/p>\n<p> <b>Liste d&#8217;emballage :<\/b> <\/p>\n<p>\u00e9tui de protection *1<\/p>\n<p> <img decoding=\"async\" src=\"https:\/\/cf.cjdropshipping.com\/d97f1429-15cd-4e2b-893a-51adaf24eeb4.png\"> <img decoding=\"async\" src=\"https:\/\/cf.cjdropshipping.com\/0217c434-242d-4483-80af-ebdfb94f7966.png\"> <img decoding=\"async\" src=\"https:\/\/cf.cjdropshipping.com\/98779e49-0ee3-47bb-87ed-602376679139.png\"> <img decoding=\"async\" src=\"https:\/\/cf.cjdropshipping.com\/aac55348-4353-4dbe-bdb5-43f83fb9af53.png\"> <img decoding=\"async\" src=\"https:\/\/cf.cjdropshipping.com\/ef2db414-eeae-47d9-af69-8f0731d10748.png\"> <img decoding=\"async\" src=\"https:\/\/cf.cjdropshipping.com\/74b3e9a8-a58a-4e85-8b98-bb25bc151636.png\">  <\/p>\n","protected":false},"excerpt":{"rendered":"<p>Informations sur le produit : Mat\u00e9riau du corps principal : nylon Sp\u00e9cifications : M largeur d&rsquo;\u00e9paule 36-39cm L largeur d&rsquo;\u00e9paule 40-45cm XL largeur d&rsquo;\u00e9paule 46-51cm Personnes concern\u00e9es : adultes Sc\u00e9narios d&rsquo;application : \u00e9quipement de fitness, corps de fitness, accessoires de protection sportive Taille : S largeur d&rsquo;\u00e9paule 36-39cm, M largeur d&rsquo;\u00e9paule 40-45cm, L largeur d&rsquo;\u00e9paule [&hellip;]<\/p>\n","protected":false},"featured_media":15363,"comment_status":"open","ping_status":"closed","template":"","meta":{"content-type":""},"product_brand":[],"product_cat":[217],"product_tag":[],"class_list":{"0":"post-20771","1":"product","2":"type-product","3":"status-publish","4":"has-post-thumbnail","6":"product_cat-sport-fr","8":"first","9":"instock","10":"taxable","11":"shipping-taxable","12":"purchasable","13":"product-type-variable","14":"add-to-wishlist-after_add_to_cart"},"yoast_head":"<!-- This site is optimized with the Yoast SEO plugin v27.4 - https:\/\/yoast.com\/product\/yoast-seo-wordpress\/ -->\n<title>Housse de protection pour les \u00e9quipements pressuris\u00e9s et respirants - Aigle Shopping Canada<\/title>\n<meta name=\"robots\" content=\"index, follow, max-snippet:-1, max-image-preview:large, max-video-preview:-1\" \/>\n<link rel=\"canonical\" href=\"https:\/\/aigleshopping.ca\/fr\/produit\/housse-de-protection-pour-les-equipements-pressurises-et-respirants\/\" \/>\n<meta property=\"og:locale\" content=\"fr_FR\" \/>\n<meta property=\"og:type\" content=\"article\" \/>\n<meta property=\"og:title\" content=\"Housse de protection pour les \u00e9quipements pressuris\u00e9s et respirants - Aigle Shopping Canada\" \/>\n<meta property=\"og:description\" content=\"Informations sur le produit : Mat\u00e9riau du corps principal : nylon Sp\u00e9cifications : M largeur d&rsquo;\u00e9paule 36-39cm L largeur d&rsquo;\u00e9paule 40-45cm XL largeur d&rsquo;\u00e9paule 46-51cm Personnes concern\u00e9es : adultes Sc\u00e9narios d&rsquo;application : \u00e9quipement de fitness, corps de fitness, accessoires de protection sportive Taille : S largeur d&rsquo;\u00e9paule 36-39cm, M largeur d&rsquo;\u00e9paule 40-45cm, L largeur d&rsquo;\u00e9paule [&hellip;]\" \/>\n<meta property=\"og:url\" content=\"https:\/\/aigleshopping.ca\/fr\/produit\/housse-de-protection-pour-les-equipements-pressurises-et-respirants\/\" \/>\n<meta property=\"og:site_name\" content=\"Aigle Shopping Canada\" \/>\n<meta property=\"og:image\" content=\"https:\/\/aigleshopping.ca\/wp-content\/uploads\/2025\/03\/0ba5ceb9-4f56-451e-aaa1-b697c479246e.jpg\" \/>\n\t<meta property=\"og:image:width\" content=\"800\" \/>\n\t<meta property=\"og:image:height\" content=\"800\" \/>\n\t<meta property=\"og:image:type\" content=\"image\/jpeg\" \/>\n<meta name=\"twitter:card\" content=\"summary_large_image\" \/>\n<script type=\"application\/ld+json\" class=\"yoast-schema-graph\">{\"@context\":\"https:\\\/\\\/schema.org\",\"@graph\":[{\"@type\":\"WebPage\",\"@id\":\"https:\\\/\\\/aigleshopping.ca\\\/fr\\\/produit\\\/housse-de-protection-pour-les-equipements-pressurises-et-respirants\\\/\",\"url\":\"https:\\\/\\\/aigleshopping.ca\\\/fr\\\/produit\\\/housse-de-protection-pour-les-equipements-pressurises-et-respirants\\\/\",\"name\":\"Housse de protection pour les \u00e9quipements pressuris\u00e9s et respirants - Aigle Shopping Canada\",\"isPartOf\":{\"@id\":\"https:\\\/\\\/aigleshopping.ca\\\/#website\"},\"primaryImageOfPage\":{\"@id\":\"https:\\\/\\\/aigleshopping.ca\\\/fr\\\/produit\\\/housse-de-protection-pour-les-equipements-pressurises-et-respirants\\\/#primaryimage\"},\"image\":{\"@id\":\"https:\\\/\\\/aigleshopping.ca\\\/fr\\\/produit\\\/housse-de-protection-pour-les-equipements-pressurises-et-respirants\\\/#primaryimage\"},\"thumbnailUrl\":\"https:\\\/\\\/aigleshopping.ca\\\/wp-content\\\/uploads\\\/2025\\\/03\\\/0ba5ceb9-4f56-451e-aaa1-b697c479246e.jpg\",\"datePublished\":\"2025-03-08T19:17:08+00:00\",\"breadcrumb\":{\"@id\":\"https:\\\/\\\/aigleshopping.ca\\\/fr\\\/produit\\\/housse-de-protection-pour-les-equipements-pressurises-et-respirants\\\/#breadcrumb\"},\"inLanguage\":\"fr-FR\",\"potentialAction\":[{\"@type\":\"ReadAction\",\"target\":[\"https:\\\/\\\/aigleshopping.ca\\\/fr\\\/produit\\\/housse-de-protection-pour-les-equipements-pressurises-et-respirants\\\/\"]}]},{\"@type\":\"ImageObject\",\"inLanguage\":\"fr-FR\",\"@id\":\"https:\\\/\\\/aigleshopping.ca\\\/fr\\\/produit\\\/housse-de-protection-pour-les-equipements-pressurises-et-respirants\\\/#primaryimage\",\"url\":\"https:\\\/\\\/aigleshopping.ca\\\/wp-content\\\/uploads\\\/2025\\\/03\\\/0ba5ceb9-4f56-451e-aaa1-b697c479246e.jpg\",\"contentUrl\":\"https:\\\/\\\/aigleshopping.ca\\\/wp-content\\\/uploads\\\/2025\\\/03\\\/0ba5ceb9-4f56-451e-aaa1-b697c479246e.jpg\",\"width\":800,\"height\":800},{\"@type\":\"BreadcrumbList\",\"@id\":\"https:\\\/\\\/aigleshopping.ca\\\/fr\\\/produit\\\/housse-de-protection-pour-les-equipements-pressurises-et-respirants\\\/#breadcrumb\",\"itemListElement\":[{\"@type\":\"ListItem\",\"position\":1,\"name\":\"Home\",\"item\":\"https:\\\/\\\/aigleshopping.ca\\\/fr\\\/home\\\/\"},{\"@type\":\"ListItem\",\"position\":2,\"name\":\"Products\",\"item\":\"https:\\\/\\\/aigleshopping.ca\\\/shop\\\/\"},{\"@type\":\"ListItem\",\"position\":3,\"name\":\"Housse de protection pour les \u00e9quipements pressuris\u00e9s et respirants\"}]},{\"@type\":\"WebSite\",\"@id\":\"https:\\\/\\\/aigleshopping.ca\\\/#website\",\"url\":\"https:\\\/\\\/aigleshopping.ca\\\/\",\"name\":\"Aigle Shopping Canada\",\"description\":\"Au-del\u00e0 des fronti\u00e8res, pour vous offrir le\u00a0meilleur!\",\"publisher\":{\"@id\":\"https:\\\/\\\/aigleshopping.ca\\\/#organization\"},\"potentialAction\":[{\"@type\":\"SearchAction\",\"target\":{\"@type\":\"EntryPoint\",\"urlTemplate\":\"https:\\\/\\\/aigleshopping.ca\\\/?s={search_term_string}\"},\"query-input\":{\"@type\":\"PropertyValueSpecification\",\"valueRequired\":true,\"valueName\":\"search_term_string\"}}],\"inLanguage\":\"fr-FR\"},{\"@type\":\"Organization\",\"@id\":\"https:\\\/\\\/aigleshopping.ca\\\/#organization\",\"name\":\"Aigle Shopping Canada\",\"url\":\"https:\\\/\\\/aigleshopping.ca\\\/\",\"logo\":{\"@type\":\"ImageObject\",\"inLanguage\":\"fr-FR\",\"@id\":\"https:\\\/\\\/aigleshopping.ca\\\/#\\\/schema\\\/logo\\\/image\\\/\",\"url\":\"https:\\\/\\\/aigleshopping.ca\\\/wp-content\\\/uploads\\\/2025\\\/12\\\/logo_aigleshopping_ca.png\",\"contentUrl\":\"https:\\\/\\\/aigleshopping.ca\\\/wp-content\\\/uploads\\\/2025\\\/12\\\/logo_aigleshopping_ca.png\",\"width\":800,\"height\":233,\"caption\":\"Aigle Shopping Canada\"},\"image\":{\"@id\":\"https:\\\/\\\/aigleshopping.ca\\\/#\\\/schema\\\/logo\\\/image\\\/\"}}]}<\/script>\n<!-- \/ Yoast SEO plugin. -->","yoast_head_json":{"title":"Housse de protection pour les \u00e9quipements pressuris\u00e9s et respirants - Aigle Shopping Canada","robots":{"index":"index","follow":"follow","max-snippet":"max-snippet:-1","max-image-preview":"max-image-preview:large","max-video-preview":"max-video-preview:-1"},"canonical":"https:\/\/aigleshopping.ca\/fr\/produit\/housse-de-protection-pour-les-equipements-pressurises-et-respirants\/","og_locale":"fr_FR","og_type":"article","og_title":"Housse de protection pour les \u00e9quipements pressuris\u00e9s et respirants - Aigle Shopping Canada","og_description":"Informations sur le produit : Mat\u00e9riau du corps principal : nylon Sp\u00e9cifications : M largeur d&rsquo;\u00e9paule 36-39cm L largeur d&rsquo;\u00e9paule 40-45cm XL largeur d&rsquo;\u00e9paule 46-51cm Personnes concern\u00e9es : adultes Sc\u00e9narios d&rsquo;application : \u00e9quipement de fitness, corps de fitness, accessoires de protection sportive Taille : S largeur d&rsquo;\u00e9paule 36-39cm, M largeur d&rsquo;\u00e9paule 40-45cm, L largeur d&rsquo;\u00e9paule [&hellip;]","og_url":"https:\/\/aigleshopping.ca\/fr\/produit\/housse-de-protection-pour-les-equipements-pressurises-et-respirants\/","og_site_name":"Aigle Shopping Canada","og_image":[{"width":800,"height":800,"url":"https:\/\/aigleshopping.ca\/wp-content\/uploads\/2025\/03\/0ba5ceb9-4f56-451e-aaa1-b697c479246e.jpg","type":"image\/jpeg"}],"twitter_card":"summary_large_image","schema":{"@context":"https:\/\/schema.org","@graph":[{"@type":"WebPage","@id":"https:\/\/aigleshopping.ca\/fr\/produit\/housse-de-protection-pour-les-equipements-pressurises-et-respirants\/","url":"https:\/\/aigleshopping.ca\/fr\/produit\/housse-de-protection-pour-les-equipements-pressurises-et-respirants\/","name":"Housse de protection pour les \u00e9quipements pressuris\u00e9s et respirants - Aigle Shopping Canada","isPartOf":{"@id":"https:\/\/aigleshopping.ca\/#website"},"primaryImageOfPage":{"@id":"https:\/\/aigleshopping.ca\/fr\/produit\/housse-de-protection-pour-les-equipements-pressurises-et-respirants\/#primaryimage"},"image":{"@id":"https:\/\/aigleshopping.ca\/fr\/produit\/housse-de-protection-pour-les-equipements-pressurises-et-respirants\/#primaryimage"},"thumbnailUrl":"https:\/\/aigleshopping.ca\/wp-content\/uploads\/2025\/03\/0ba5ceb9-4f56-451e-aaa1-b697c479246e.jpg","datePublished":"2025-03-08T19:17:08+00:00","breadcrumb":{"@id":"https:\/\/aigleshopping.ca\/fr\/produit\/housse-de-protection-pour-les-equipements-pressurises-et-respirants\/#breadcrumb"},"inLanguage":"fr-FR","potentialAction":[{"@type":"ReadAction","target":["https:\/\/aigleshopping.ca\/fr\/produit\/housse-de-protection-pour-les-equipements-pressurises-et-respirants\/"]}]},{"@type":"ImageObject","inLanguage":"fr-FR","@id":"https:\/\/aigleshopping.ca\/fr\/produit\/housse-de-protection-pour-les-equipements-pressurises-et-respirants\/#primaryimage","url":"https:\/\/aigleshopping.ca\/wp-content\/uploads\/2025\/03\/0ba5ceb9-4f56-451e-aaa1-b697c479246e.jpg","contentUrl":"https:\/\/aigleshopping.ca\/wp-content\/uploads\/2025\/03\/0ba5ceb9-4f56-451e-aaa1-b697c479246e.jpg","width":800,"height":800},{"@type":"BreadcrumbList","@id":"https:\/\/aigleshopping.ca\/fr\/produit\/housse-de-protection-pour-les-equipements-pressurises-et-respirants\/#breadcrumb","itemListElement":[{"@type":"ListItem","position":1,"name":"Home","item":"https:\/\/aigleshopping.ca\/fr\/home\/"},{"@type":"ListItem","position":2,"name":"Products","item":"https:\/\/aigleshopping.ca\/shop\/"},{"@type":"ListItem","position":3,"name":"Housse de protection pour les \u00e9quipements pressuris\u00e9s et respirants"}]},{"@type":"WebSite","@id":"https:\/\/aigleshopping.ca\/#website","url":"https:\/\/aigleshopping.ca\/","name":"Aigle Shopping Canada","description":"Au-del\u00e0 des fronti\u00e8res, pour vous offrir le\u00a0meilleur!","publisher":{"@id":"https:\/\/aigleshopping.ca\/#organization"},"potentialAction":[{"@type":"SearchAction","target":{"@type":"EntryPoint","urlTemplate":"https:\/\/aigleshopping.ca\/?s={search_term_string}"},"query-input":{"@type":"PropertyValueSpecification","valueRequired":true,"valueName":"search_term_string"}}],"inLanguage":"fr-FR"},{"@type":"Organization","@id":"https:\/\/aigleshopping.ca\/#organization","name":"Aigle Shopping Canada","url":"https:\/\/aigleshopping.ca\/","logo":{"@type":"ImageObject","inLanguage":"fr-FR","@id":"https:\/\/aigleshopping.ca\/#\/schema\/logo\/image\/","url":"https:\/\/aigleshopping.ca\/wp-content\/uploads\/2025\/12\/logo_aigleshopping_ca.png","contentUrl":"https:\/\/aigleshopping.ca\/wp-content\/uploads\/2025\/12\/logo_aigleshopping_ca.png","width":800,"height":233,"caption":"Aigle Shopping Canada"},"image":{"@id":"https:\/\/aigleshopping.ca\/#\/schema\/logo\/image\/"}}]}},"jetpack_sharing_enabled":true,"_links":{"self":[{"href":"https:\/\/aigleshopping.ca\/fr\/wp-json\/wp\/v2\/product\/20771","targetHints":{"allow":["GET"]}}],"collection":[{"href":"https:\/\/aigleshopping.ca\/fr\/wp-json\/wp\/v2\/product"}],"about":[{"href":"https:\/\/aigleshopping.ca\/fr\/wp-json\/wp\/v2\/types\/product"}],"replies":[{"embeddable":true,"href":"https:\/\/aigleshopping.ca\/fr\/wp-json\/wp\/v2\/comments?post=20771"}],"wp:featuredmedia":[{"embeddable":true,"href":"https:\/\/aigleshopping.ca\/fr\/wp-json\/wp\/v2\/media\/15363"}],"wp:attachment":[{"href":"https:\/\/aigleshopping.ca\/fr\/wp-json\/wp\/v2\/media?parent=20771"}],"wp:term":[{"taxonomy":"product_brand","embeddable":true,"href":"https:\/\/aigleshopping.ca\/fr\/wp-json\/wp\/v2\/product_brand?post=20771"},{"taxonomy":"product_cat","embeddable":true,"href":"https:\/\/aigleshopping.ca\/fr\/wp-json\/wp\/v2\/product_cat?post=20771"},{"taxonomy":"product_tag","embeddable":true,"href":"https:\/\/aigleshopping.ca\/fr\/wp-json\/wp\/v2\/product_tag?post=20771"}],"curies":[{"name":"wp","href":"https:\/\/api.w.org\/{rel}","templated":true}]}}