{"id":20779,"date":"2025-03-08T19:23:38","date_gmt":"2025-03-08T19:23:38","guid":{"rendered":"https:\/\/aigleshopping.ca\/produit\/gants-de-boxe-adulte-gants-sanda-hommes-et-femmes-entrainement-muay-thai-fight-free-fight\/"},"modified":"2025-03-08T19:23:38","modified_gmt":"2025-03-08T19:23:38","slug":"gants-de-boxe-adulte-gants-sanda-hommes-et-femmes-entrainement-muay-thai-fight-free-fight","status":"publish","type":"product","link":"https:\/\/aigleshopping.ca\/fr\/produit\/gants-de-boxe-adulte-gants-sanda-hommes-et-femmes-entrainement-muay-thai-fight-free-fight\/","title":{"rendered":"Gants de boxe adulte Gants Sanda Hommes et Femmes Entra\u00eenement Muay Thai Fight Free Fight"},"content":{"rendered":"<p> <b>Informations sur le produit\uff1a<\/b>  <\/p>\n<p> <span style=\"font-size: 1em\">Cat\u00e9gorie de produit : gants de boxe<\/span>  <\/p>\n<p>  Sc\u00e8ne d&rsquo;application : arts martiaux, autod\u00e9fense <br \/> Taille : 8oz, 10oz, 12oz <br \/> Couleur : rouge, bleu, noir et vert, blanc, rose, or  <\/p>\n<p> <\/p>\n<p> <\/p>\n<p> <\/p>\n<p> <\/p>\n<p> <\/p>\n<p> <\/p>\n<p> <\/p>\n<p> <img decoding=\"async\" src=\"https:\/\/cf.cjdropshipping.com\/1618204745358.png\"> <img decoding=\"async\" src=\"https:\/\/cf.cjdropshipping.com\/1618204745364.png\"> <img decoding=\"async\" src=\"https:\/\/cf.cjdropshipping.com\/1618204745376.png\"> <img decoding=\"async\" src=\"https:\/\/cf.cjdropshipping.com\/1618204745374.png\"> <img decoding=\"async\" src=\"https:\/\/cf.cjdropshipping.com\/1618204745360.png\"> <img decoding=\"async\" src=\"https:\/\/cf.cjdropshipping.com\/1618204816058.png\">  <\/p>\n","protected":false},"excerpt":{"rendered":"<p>Informations sur le produit\uff1a Cat\u00e9gorie de produit : gants de boxe Sc\u00e8ne d&rsquo;application : arts martiaux, autod\u00e9fense Taille : 8oz, 10oz, 12oz Couleur : rouge, bleu, noir et vert, blanc, rose, or<\/p>\n","protected":false},"featured_media":15657,"comment_status":"open","ping_status":"closed","template":"","meta":{"content-type":""},"product_brand":[],"product_cat":[217],"product_tag":[],"class_list":{"0":"post-20779","1":"product","2":"type-product","3":"status-publish","4":"has-post-thumbnail","6":"product_cat-sport-fr","8":"first","9":"instock","10":"taxable","11":"shipping-taxable","12":"purchasable","13":"product-type-variable","14":"add-to-wishlist-after_add_to_cart"},"yoast_head":"<!-- This site is optimized with the Yoast SEO plugin v27.4 - https:\/\/yoast.com\/product\/yoast-seo-wordpress\/ -->\n<title>Gants de boxe adulte Gants Sanda Hommes et Femmes Entra\u00eenement Muay Thai Fight Free Fight - Aigle Shopping Canada<\/title>\n<meta name=\"robots\" content=\"index, follow, max-snippet:-1, max-image-preview:large, max-video-preview:-1\" \/>\n<link rel=\"canonical\" href=\"https:\/\/aigleshopping.ca\/fr\/produit\/gants-de-boxe-adulte-gants-sanda-hommes-et-femmes-entrainement-muay-thai-fight-free-fight\/\" \/>\n<meta property=\"og:locale\" content=\"fr_FR\" \/>\n<meta property=\"og:type\" content=\"article\" \/>\n<meta property=\"og:title\" content=\"Gants de boxe adulte Gants Sanda Hommes et Femmes Entra\u00eenement Muay Thai Fight Free Fight - Aigle Shopping Canada\" \/>\n<meta property=\"og:description\" content=\"Informations sur le produit\uff1a Cat\u00e9gorie de produit : gants de boxe Sc\u00e8ne d&rsquo;application : arts martiaux, autod\u00e9fense Taille : 8oz, 10oz, 12oz Couleur : rouge, bleu, noir et vert, blanc, rose, or\" \/>\n<meta property=\"og:url\" content=\"https:\/\/aigleshopping.ca\/fr\/produit\/gants-de-boxe-adulte-gants-sanda-hommes-et-femmes-entrainement-muay-thai-fight-free-fight\/\" \/>\n<meta property=\"og:site_name\" content=\"Aigle Shopping Canada\" \/>\n<meta property=\"og:image\" content=\"https:\/\/aigleshopping.ca\/wp-content\/uploads\/2025\/03\/1618204838102.jpg\" \/>\n\t<meta property=\"og:image:width\" content=\"540\" \/>\n\t<meta property=\"og:image:height\" content=\"480\" \/>\n\t<meta property=\"og:image:type\" content=\"image\/jpeg\" \/>\n<meta name=\"twitter:card\" content=\"summary_large_image\" \/>\n<script type=\"application\/ld+json\" class=\"yoast-schema-graph\">{\"@context\":\"https:\\\/\\\/schema.org\",\"@graph\":[{\"@type\":\"WebPage\",\"@id\":\"https:\\\/\\\/aigleshopping.ca\\\/fr\\\/produit\\\/gants-de-boxe-adulte-gants-sanda-hommes-et-femmes-entrainement-muay-thai-fight-free-fight\\\/\",\"url\":\"https:\\\/\\\/aigleshopping.ca\\\/fr\\\/produit\\\/gants-de-boxe-adulte-gants-sanda-hommes-et-femmes-entrainement-muay-thai-fight-free-fight\\\/\",\"name\":\"Gants de boxe adulte Gants Sanda Hommes et Femmes Entra\u00eenement Muay Thai Fight Free Fight - Aigle Shopping Canada\",\"isPartOf\":{\"@id\":\"https:\\\/\\\/aigleshopping.ca\\\/#website\"},\"primaryImageOfPage\":{\"@id\":\"https:\\\/\\\/aigleshopping.ca\\\/fr\\\/produit\\\/gants-de-boxe-adulte-gants-sanda-hommes-et-femmes-entrainement-muay-thai-fight-free-fight\\\/#primaryimage\"},\"image\":{\"@id\":\"https:\\\/\\\/aigleshopping.ca\\\/fr\\\/produit\\\/gants-de-boxe-adulte-gants-sanda-hommes-et-femmes-entrainement-muay-thai-fight-free-fight\\\/#primaryimage\"},\"thumbnailUrl\":\"https:\\\/\\\/aigleshopping.ca\\\/wp-content\\\/uploads\\\/2025\\\/03\\\/1618204838102.jpg\",\"datePublished\":\"2025-03-08T19:23:38+00:00\",\"breadcrumb\":{\"@id\":\"https:\\\/\\\/aigleshopping.ca\\\/fr\\\/produit\\\/gants-de-boxe-adulte-gants-sanda-hommes-et-femmes-entrainement-muay-thai-fight-free-fight\\\/#breadcrumb\"},\"inLanguage\":\"fr-FR\",\"potentialAction\":[{\"@type\":\"ReadAction\",\"target\":[\"https:\\\/\\\/aigleshopping.ca\\\/fr\\\/produit\\\/gants-de-boxe-adulte-gants-sanda-hommes-et-femmes-entrainement-muay-thai-fight-free-fight\\\/\"]}]},{\"@type\":\"ImageObject\",\"inLanguage\":\"fr-FR\",\"@id\":\"https:\\\/\\\/aigleshopping.ca\\\/fr\\\/produit\\\/gants-de-boxe-adulte-gants-sanda-hommes-et-femmes-entrainement-muay-thai-fight-free-fight\\\/#primaryimage\",\"url\":\"https:\\\/\\\/aigleshopping.ca\\\/wp-content\\\/uploads\\\/2025\\\/03\\\/1618204838102.jpg\",\"contentUrl\":\"https:\\\/\\\/aigleshopping.ca\\\/wp-content\\\/uploads\\\/2025\\\/03\\\/1618204838102.jpg\",\"width\":540,\"height\":480},{\"@type\":\"BreadcrumbList\",\"@id\":\"https:\\\/\\\/aigleshopping.ca\\\/fr\\\/produit\\\/gants-de-boxe-adulte-gants-sanda-hommes-et-femmes-entrainement-muay-thai-fight-free-fight\\\/#breadcrumb\",\"itemListElement\":[{\"@type\":\"ListItem\",\"position\":1,\"name\":\"Home\",\"item\":\"https:\\\/\\\/aigleshopping.ca\\\/fr\\\/home\\\/\"},{\"@type\":\"ListItem\",\"position\":2,\"name\":\"Products\",\"item\":\"https:\\\/\\\/aigleshopping.ca\\\/shop\\\/\"},{\"@type\":\"ListItem\",\"position\":3,\"name\":\"Gants de boxe adulte Gants Sanda Hommes et Femmes Entra\u00eenement Muay Thai Fight Free Fight\"}]},{\"@type\":\"WebSite\",\"@id\":\"https:\\\/\\\/aigleshopping.ca\\\/#website\",\"url\":\"https:\\\/\\\/aigleshopping.ca\\\/\",\"name\":\"Aigle Shopping Canada\",\"description\":\"Au-del\u00e0 des fronti\u00e8res, pour vous offrir le\u00a0meilleur!\",\"publisher\":{\"@id\":\"https:\\\/\\\/aigleshopping.ca\\\/#organization\"},\"potentialAction\":[{\"@type\":\"SearchAction\",\"target\":{\"@type\":\"EntryPoint\",\"urlTemplate\":\"https:\\\/\\\/aigleshopping.ca\\\/?s={search_term_string}\"},\"query-input\":{\"@type\":\"PropertyValueSpecification\",\"valueRequired\":true,\"valueName\":\"search_term_string\"}}],\"inLanguage\":\"fr-FR\"},{\"@type\":\"Organization\",\"@id\":\"https:\\\/\\\/aigleshopping.ca\\\/#organization\",\"name\":\"Aigle Shopping Canada\",\"url\":\"https:\\\/\\\/aigleshopping.ca\\\/\",\"logo\":{\"@type\":\"ImageObject\",\"inLanguage\":\"fr-FR\",\"@id\":\"https:\\\/\\\/aigleshopping.ca\\\/#\\\/schema\\\/logo\\\/image\\\/\",\"url\":\"https:\\\/\\\/aigleshopping.ca\\\/wp-content\\\/uploads\\\/2025\\\/12\\\/logo_aigleshopping_ca.png\",\"contentUrl\":\"https:\\\/\\\/aigleshopping.ca\\\/wp-content\\\/uploads\\\/2025\\\/12\\\/logo_aigleshopping_ca.png\",\"width\":800,\"height\":233,\"caption\":\"Aigle Shopping Canada\"},\"image\":{\"@id\":\"https:\\\/\\\/aigleshopping.ca\\\/#\\\/schema\\\/logo\\\/image\\\/\"}}]}<\/script>\n<!-- \/ Yoast SEO plugin. -->","yoast_head_json":{"title":"Gants de boxe adulte Gants Sanda Hommes et Femmes Entra\u00eenement Muay Thai Fight Free Fight - Aigle Shopping Canada","robots":{"index":"index","follow":"follow","max-snippet":"max-snippet:-1","max-image-preview":"max-image-preview:large","max-video-preview":"max-video-preview:-1"},"canonical":"https:\/\/aigleshopping.ca\/fr\/produit\/gants-de-boxe-adulte-gants-sanda-hommes-et-femmes-entrainement-muay-thai-fight-free-fight\/","og_locale":"fr_FR","og_type":"article","og_title":"Gants de boxe adulte Gants Sanda Hommes et Femmes Entra\u00eenement Muay Thai Fight Free Fight - Aigle Shopping Canada","og_description":"Informations sur le produit\uff1a Cat\u00e9gorie de produit : gants de boxe Sc\u00e8ne d&rsquo;application : arts martiaux, autod\u00e9fense Taille : 8oz, 10oz, 12oz Couleur : rouge, bleu, noir et vert, blanc, rose, or","og_url":"https:\/\/aigleshopping.ca\/fr\/produit\/gants-de-boxe-adulte-gants-sanda-hommes-et-femmes-entrainement-muay-thai-fight-free-fight\/","og_site_name":"Aigle Shopping Canada","og_image":[{"width":540,"height":480,"url":"https:\/\/aigleshopping.ca\/wp-content\/uploads\/2025\/03\/1618204838102.jpg","type":"image\/jpeg"}],"twitter_card":"summary_large_image","schema":{"@context":"https:\/\/schema.org","@graph":[{"@type":"WebPage","@id":"https:\/\/aigleshopping.ca\/fr\/produit\/gants-de-boxe-adulte-gants-sanda-hommes-et-femmes-entrainement-muay-thai-fight-free-fight\/","url":"https:\/\/aigleshopping.ca\/fr\/produit\/gants-de-boxe-adulte-gants-sanda-hommes-et-femmes-entrainement-muay-thai-fight-free-fight\/","name":"Gants de boxe adulte Gants Sanda Hommes et Femmes Entra\u00eenement Muay Thai Fight Free Fight - Aigle Shopping Canada","isPartOf":{"@id":"https:\/\/aigleshopping.ca\/#website"},"primaryImageOfPage":{"@id":"https:\/\/aigleshopping.ca\/fr\/produit\/gants-de-boxe-adulte-gants-sanda-hommes-et-femmes-entrainement-muay-thai-fight-free-fight\/#primaryimage"},"image":{"@id":"https:\/\/aigleshopping.ca\/fr\/produit\/gants-de-boxe-adulte-gants-sanda-hommes-et-femmes-entrainement-muay-thai-fight-free-fight\/#primaryimage"},"thumbnailUrl":"https:\/\/aigleshopping.ca\/wp-content\/uploads\/2025\/03\/1618204838102.jpg","datePublished":"2025-03-08T19:23:38+00:00","breadcrumb":{"@id":"https:\/\/aigleshopping.ca\/fr\/produit\/gants-de-boxe-adulte-gants-sanda-hommes-et-femmes-entrainement-muay-thai-fight-free-fight\/#breadcrumb"},"inLanguage":"fr-FR","potentialAction":[{"@type":"ReadAction","target":["https:\/\/aigleshopping.ca\/fr\/produit\/gants-de-boxe-adulte-gants-sanda-hommes-et-femmes-entrainement-muay-thai-fight-free-fight\/"]}]},{"@type":"ImageObject","inLanguage":"fr-FR","@id":"https:\/\/aigleshopping.ca\/fr\/produit\/gants-de-boxe-adulte-gants-sanda-hommes-et-femmes-entrainement-muay-thai-fight-free-fight\/#primaryimage","url":"https:\/\/aigleshopping.ca\/wp-content\/uploads\/2025\/03\/1618204838102.jpg","contentUrl":"https:\/\/aigleshopping.ca\/wp-content\/uploads\/2025\/03\/1618204838102.jpg","width":540,"height":480},{"@type":"BreadcrumbList","@id":"https:\/\/aigleshopping.ca\/fr\/produit\/gants-de-boxe-adulte-gants-sanda-hommes-et-femmes-entrainement-muay-thai-fight-free-fight\/#breadcrumb","itemListElement":[{"@type":"ListItem","position":1,"name":"Home","item":"https:\/\/aigleshopping.ca\/fr\/home\/"},{"@type":"ListItem","position":2,"name":"Products","item":"https:\/\/aigleshopping.ca\/shop\/"},{"@type":"ListItem","position":3,"name":"Gants de boxe adulte Gants Sanda Hommes et Femmes Entra\u00eenement Muay Thai Fight Free Fight"}]},{"@type":"WebSite","@id":"https:\/\/aigleshopping.ca\/#website","url":"https:\/\/aigleshopping.ca\/","name":"Aigle Shopping Canada","description":"Au-del\u00e0 des fronti\u00e8res, pour vous offrir le\u00a0meilleur!","publisher":{"@id":"https:\/\/aigleshopping.ca\/#organization"},"potentialAction":[{"@type":"SearchAction","target":{"@type":"EntryPoint","urlTemplate":"https:\/\/aigleshopping.ca\/?s={search_term_string}"},"query-input":{"@type":"PropertyValueSpecification","valueRequired":true,"valueName":"search_term_string"}}],"inLanguage":"fr-FR"},{"@type":"Organization","@id":"https:\/\/aigleshopping.ca\/#organization","name":"Aigle Shopping Canada","url":"https:\/\/aigleshopping.ca\/","logo":{"@type":"ImageObject","inLanguage":"fr-FR","@id":"https:\/\/aigleshopping.ca\/#\/schema\/logo\/image\/","url":"https:\/\/aigleshopping.ca\/wp-content\/uploads\/2025\/12\/logo_aigleshopping_ca.png","contentUrl":"https:\/\/aigleshopping.ca\/wp-content\/uploads\/2025\/12\/logo_aigleshopping_ca.png","width":800,"height":233,"caption":"Aigle Shopping Canada"},"image":{"@id":"https:\/\/aigleshopping.ca\/#\/schema\/logo\/image\/"}}]}},"jetpack_sharing_enabled":true,"_links":{"self":[{"href":"https:\/\/aigleshopping.ca\/fr\/wp-json\/wp\/v2\/product\/20779","targetHints":{"allow":["GET"]}}],"collection":[{"href":"https:\/\/aigleshopping.ca\/fr\/wp-json\/wp\/v2\/product"}],"about":[{"href":"https:\/\/aigleshopping.ca\/fr\/wp-json\/wp\/v2\/types\/product"}],"replies":[{"embeddable":true,"href":"https:\/\/aigleshopping.ca\/fr\/wp-json\/wp\/v2\/comments?post=20779"}],"wp:featuredmedia":[{"embeddable":true,"href":"https:\/\/aigleshopping.ca\/fr\/wp-json\/wp\/v2\/media\/15657"}],"wp:attachment":[{"href":"https:\/\/aigleshopping.ca\/fr\/wp-json\/wp\/v2\/media?parent=20779"}],"wp:term":[{"taxonomy":"product_brand","embeddable":true,"href":"https:\/\/aigleshopping.ca\/fr\/wp-json\/wp\/v2\/product_brand?post=20779"},{"taxonomy":"product_cat","embeddable":true,"href":"https:\/\/aigleshopping.ca\/fr\/wp-json\/wp\/v2\/product_cat?post=20779"},{"taxonomy":"product_tag","embeddable":true,"href":"https:\/\/aigleshopping.ca\/fr\/wp-json\/wp\/v2\/product_tag?post=20779"}],"curies":[{"name":"wp","href":"https:\/\/api.w.org\/{rel}","templated":true}]}}