{"id":20811,"date":"2025-03-08T19:26:46","date_gmt":"2025-03-08T19:26:46","guid":{"rendered":"https:\/\/aigleshopping.ca\/produit\/halteres-de-gymnastique-aquatique-halteres-de-gymnastique-aquatique-barre-a-main-pour-femmes-yoga-aquatique-fitness\/"},"modified":"2025-03-08T19:26:46","modified_gmt":"2025-03-08T19:26:46","slug":"halteres-de-gymnastique-aquatique-halteres-de-gymnastique-aquatique-barre-a-main-pour-femmes-yoga-aquatique-fitness","status":"publish","type":"product","link":"https:\/\/aigleshopping.ca\/fr\/produit\/halteres-de-gymnastique-aquatique-halteres-de-gymnastique-aquatique-barre-a-main-pour-femmes-yoga-aquatique-fitness\/","title":{"rendered":"Halt\u00e8res de gymnastique aquatique Halt\u00e8res de gymnastique aquatique Barre \u00e0 main pour femmes Yoga aquatique Fitness"},"content":{"rendered":"<p> <b>Vue d&rsquo;ensemble :<\/b> <\/p>\n<p>  1.Avantages multiples : l&rsquo;exercice avec halt\u00e8res dans l&rsquo;eau n&rsquo;est pas b\u00e9n\u00e9fique pour le syst\u00e8me cardiovasculaire, en raison de la r\u00e9sistance naturelle fournie par l&rsquo;eau, l&rsquo;exercice a\u00e9robique dans l&rsquo;eau est \u00e9galement un programme d&rsquo;entra\u00eenement de la force.  <br \/>  2. bon pour la forme physique : De nombreux professionnels de la sant\u00e9 et de la remise en forme recommandent les sports nautiques aux personnes qui ne peuvent pas s&rsquo;entra\u00eener confortablement sur la terre ferme, car la flottabilit\u00e9 de l&rsquo;eau peut r\u00e9duire la pression sur les articulations, les os et les muscles.  <br \/>  3) Remarque : Ne l&rsquo;utilisez pas comme dispositif de flottaison. Convient aux personnes \u00e2g\u00e9es de plus de 14 ans.  <br \/>  4. mat\u00e9riau de haute qualit\u00e9 : L&rsquo;halt\u00e8re d&rsquo;eau est fabriqu\u00e9 en mousse EVA de haute qualit\u00e9, tr\u00e8s l\u00e9g\u00e8re et imperm\u00e9able. Ils peuvent fournir un support flottant tout en renfor\u00e7ant la force du haut du corps. Pas de d\u00e9coloration, pas de d\u00e9gommage, un exercice s\u00fbr et parfait dans l&rsquo;eau.  <br \/>  5. applications de remise en forme : Les halt\u00e8res conviennent pour les piscines, les spas, les exercices de fitness, etc., pour les adultes et les enfants. Ces halt\u00e8res en mousse ne peuvent pas \u00eatre utilis\u00e9s comme dispositifs flottants.  <\/p>\n<p> <\/p>\n<p> <b>Sp\u00e9cification :<\/b>  <\/p>\n<p>  Nom : Halt\u00e8res \u00e0 eau DIY <br \/> Mat\u00e9riau : EVA : EVA <br \/> Proc\u00e9d\u00e9 : moulage int\u00e9gral <br \/> Taille : environ 27.5*9cm <br \/> Poids\uff1a136g\/paire <br \/> Caract\u00e9ristiques : montage et d\u00e9montage libre, facile \u00e0 transporter <br \/> Sc\u00e8nes applicables : \u00e9quipement de fitness, corps de fitness, tendances sportives, sports de natation et de pataugeage  <b> <br \/> <\/b> <\/p>\n<p> <\/p>\n<p> <b>Contenu de l&#8217;emballage :<\/b>  <\/p>\n<p>  1 paire d&rsquo;halt\u00e8res  <br \/> <img decoding=\"async\" src=\"https:\/\/cf.cjdropshipping.com\/17207424\/2407120319540324500.jpg\" width=\"50%\"> <img decoding=\"async\" src=\"https:\/\/cf.cjdropshipping.com\/17207424\/2407120319540325400.jpg\" width=\"50%\">  <\/p>\n<p> <img decoding=\"async\" src=\"https:\/\/cf.cjdropshipping.com\/17207424\/2407120319540326200.jpg\" width=\"50%\">  <\/p>\n<p> <img decoding=\"async\" src=\"https:\/\/cf.cjdropshipping.com\/17207424\/2407120319540327400.jpg\" width=\"50%\"> <img decoding=\"async\" src=\"https:\/\/cf.cjdropshipping.com\/17207424\/2407120319540328900.jpg\" width=\"50%\"> <img decoding=\"async\" src=\"https:\/\/cf.cjdropshipping.com\/17207424\/2407120319540329600.jpg\" width=\"50%\"> <img decoding=\"async\" src=\"https:\/\/cf.cjdropshipping.com\/17207424\/2407120319550320300.jpg\" width=\"50%\">  <\/p>\n","protected":false},"excerpt":{"rendered":"<p>Vue d&rsquo;ensemble : 1.Avantages multiples : l&rsquo;exercice avec halt\u00e8res dans l&rsquo;eau n&rsquo;est pas b\u00e9n\u00e9fique pour le syst\u00e8me cardiovasculaire, en raison de la r\u00e9sistance naturelle fournie par l&rsquo;eau, l&rsquo;exercice a\u00e9robique dans l&rsquo;eau est \u00e9galement un programme d&rsquo;entra\u00eenement de la force. 2. bon pour la forme physique : De nombreux professionnels de la sant\u00e9 et de la [&hellip;]<\/p>\n","protected":false},"featured_media":15777,"comment_status":"open","ping_status":"closed","template":"","meta":{"content-type":""},"product_brand":[],"product_cat":[217],"product_tag":[],"class_list":{"0":"post-20811","1":"product","2":"type-product","3":"status-publish","4":"has-post-thumbnail","6":"product_cat-sport-fr","8":"first","9":"instock","10":"taxable","11":"shipping-taxable","12":"purchasable","13":"product-type-variable","14":"add-to-wishlist-after_add_to_cart"},"yoast_head":"<!-- This site is optimized with the Yoast SEO plugin v27.3 - https:\/\/yoast.com\/product\/yoast-seo-wordpress\/ -->\n<title>Halt\u00e8res de gymnastique aquatique Halt\u00e8res de gymnastique aquatique Barre \u00e0 main pour femmes Yoga aquatique Fitness - Aigle Shopping Canada<\/title>\n<meta name=\"robots\" content=\"index, follow, max-snippet:-1, max-image-preview:large, max-video-preview:-1\" \/>\n<link rel=\"canonical\" href=\"https:\/\/aigleshopping.ca\/fr\/produit\/halteres-de-gymnastique-aquatique-halteres-de-gymnastique-aquatique-barre-a-main-pour-femmes-yoga-aquatique-fitness\/\" \/>\n<meta property=\"og:locale\" content=\"fr_FR\" \/>\n<meta property=\"og:type\" content=\"article\" \/>\n<meta property=\"og:title\" content=\"Halt\u00e8res de gymnastique aquatique Halt\u00e8res de gymnastique aquatique Barre \u00e0 main pour femmes Yoga aquatique Fitness - Aigle Shopping Canada\" \/>\n<meta property=\"og:description\" content=\"Vue d&rsquo;ensemble : 1.Avantages multiples : l&rsquo;exercice avec halt\u00e8res dans l&rsquo;eau n&rsquo;est pas b\u00e9n\u00e9fique pour le syst\u00e8me cardiovasculaire, en raison de la r\u00e9sistance naturelle fournie par l&rsquo;eau, l&rsquo;exercice a\u00e9robique dans l&rsquo;eau est \u00e9galement un programme d&rsquo;entra\u00eenement de la force. 2. bon pour la forme physique : De nombreux professionnels de la sant\u00e9 et de la [&hellip;]\" \/>\n<meta property=\"og:url\" content=\"https:\/\/aigleshopping.ca\/fr\/produit\/halteres-de-gymnastique-aquatique-halteres-de-gymnastique-aquatique-barre-a-main-pour-femmes-yoga-aquatique-fitness\/\" \/>\n<meta property=\"og:site_name\" content=\"Aigle Shopping Canada\" \/>\n<meta property=\"og:image\" content=\"https:\/\/aigleshopping.ca\/wp-content\/uploads\/2025\/03\/421dfcac-f624-4c9e-afc7-d91326537a12.jpg\" \/>\n\t<meta property=\"og:image:width\" content=\"1001\" \/>\n\t<meta property=\"og:image:height\" content=\"1001\" \/>\n\t<meta property=\"og:image:type\" content=\"image\/jpeg\" \/>\n<meta name=\"twitter:card\" content=\"summary_large_image\" \/>\n<meta name=\"twitter:label1\" content=\"Dur\u00e9e de lecture estim\u00e9e\" \/>\n\t<meta name=\"twitter:data1\" content=\"1 minute\" \/>\n<script type=\"application\/ld+json\" class=\"yoast-schema-graph\">{\"@context\":\"https:\\\/\\\/schema.org\",\"@graph\":[{\"@type\":\"WebPage\",\"@id\":\"https:\\\/\\\/aigleshopping.ca\\\/fr\\\/produit\\\/halteres-de-gymnastique-aquatique-halteres-de-gymnastique-aquatique-barre-a-main-pour-femmes-yoga-aquatique-fitness\\\/\",\"url\":\"https:\\\/\\\/aigleshopping.ca\\\/fr\\\/produit\\\/halteres-de-gymnastique-aquatique-halteres-de-gymnastique-aquatique-barre-a-main-pour-femmes-yoga-aquatique-fitness\\\/\",\"name\":\"Halt\u00e8res de gymnastique aquatique Halt\u00e8res de gymnastique aquatique Barre \u00e0 main pour femmes Yoga aquatique Fitness - Aigle Shopping Canada\",\"isPartOf\":{\"@id\":\"https:\\\/\\\/aigleshopping.ca\\\/#website\"},\"primaryImageOfPage\":{\"@id\":\"https:\\\/\\\/aigleshopping.ca\\\/fr\\\/produit\\\/halteres-de-gymnastique-aquatique-halteres-de-gymnastique-aquatique-barre-a-main-pour-femmes-yoga-aquatique-fitness\\\/#primaryimage\"},\"image\":{\"@id\":\"https:\\\/\\\/aigleshopping.ca\\\/fr\\\/produit\\\/halteres-de-gymnastique-aquatique-halteres-de-gymnastique-aquatique-barre-a-main-pour-femmes-yoga-aquatique-fitness\\\/#primaryimage\"},\"thumbnailUrl\":\"https:\\\/\\\/aigleshopping.ca\\\/wp-content\\\/uploads\\\/2025\\\/03\\\/421dfcac-f624-4c9e-afc7-d91326537a12.jpg\",\"datePublished\":\"2025-03-08T19:26:46+00:00\",\"breadcrumb\":{\"@id\":\"https:\\\/\\\/aigleshopping.ca\\\/fr\\\/produit\\\/halteres-de-gymnastique-aquatique-halteres-de-gymnastique-aquatique-barre-a-main-pour-femmes-yoga-aquatique-fitness\\\/#breadcrumb\"},\"inLanguage\":\"fr-FR\",\"potentialAction\":[{\"@type\":\"ReadAction\",\"target\":[\"https:\\\/\\\/aigleshopping.ca\\\/fr\\\/produit\\\/halteres-de-gymnastique-aquatique-halteres-de-gymnastique-aquatique-barre-a-main-pour-femmes-yoga-aquatique-fitness\\\/\"]}]},{\"@type\":\"ImageObject\",\"inLanguage\":\"fr-FR\",\"@id\":\"https:\\\/\\\/aigleshopping.ca\\\/fr\\\/produit\\\/halteres-de-gymnastique-aquatique-halteres-de-gymnastique-aquatique-barre-a-main-pour-femmes-yoga-aquatique-fitness\\\/#primaryimage\",\"url\":\"https:\\\/\\\/aigleshopping.ca\\\/wp-content\\\/uploads\\\/2025\\\/03\\\/421dfcac-f624-4c9e-afc7-d91326537a12.jpg\",\"contentUrl\":\"https:\\\/\\\/aigleshopping.ca\\\/wp-content\\\/uploads\\\/2025\\\/03\\\/421dfcac-f624-4c9e-afc7-d91326537a12.jpg\",\"width\":1001,\"height\":1001},{\"@type\":\"BreadcrumbList\",\"@id\":\"https:\\\/\\\/aigleshopping.ca\\\/fr\\\/produit\\\/halteres-de-gymnastique-aquatique-halteres-de-gymnastique-aquatique-barre-a-main-pour-femmes-yoga-aquatique-fitness\\\/#breadcrumb\",\"itemListElement\":[{\"@type\":\"ListItem\",\"position\":1,\"name\":\"Home\",\"item\":\"https:\\\/\\\/aigleshopping.ca\\\/fr\\\/home\\\/\"},{\"@type\":\"ListItem\",\"position\":2,\"name\":\"Products\",\"item\":\"https:\\\/\\\/aigleshopping.ca\\\/shop\\\/\"},{\"@type\":\"ListItem\",\"position\":3,\"name\":\"Halt\u00e8res de gymnastique aquatique Halt\u00e8res de gymnastique aquatique Barre \u00e0 main pour femmes Yoga aquatique Fitness\"}]},{\"@type\":\"WebSite\",\"@id\":\"https:\\\/\\\/aigleshopping.ca\\\/#website\",\"url\":\"https:\\\/\\\/aigleshopping.ca\\\/\",\"name\":\"Aigle Shopping Canada\",\"description\":\"Au-del\u00e0 des fronti\u00e8res, pour vous offrir le\u00a0meilleur!\",\"publisher\":{\"@id\":\"https:\\\/\\\/aigleshopping.ca\\\/#organization\"},\"potentialAction\":[{\"@type\":\"SearchAction\",\"target\":{\"@type\":\"EntryPoint\",\"urlTemplate\":\"https:\\\/\\\/aigleshopping.ca\\\/?s={search_term_string}\"},\"query-input\":{\"@type\":\"PropertyValueSpecification\",\"valueRequired\":true,\"valueName\":\"search_term_string\"}}],\"inLanguage\":\"fr-FR\"},{\"@type\":\"Organization\",\"@id\":\"https:\\\/\\\/aigleshopping.ca\\\/#organization\",\"name\":\"Aigle Shopping Canada\",\"url\":\"https:\\\/\\\/aigleshopping.ca\\\/\",\"logo\":{\"@type\":\"ImageObject\",\"inLanguage\":\"fr-FR\",\"@id\":\"https:\\\/\\\/aigleshopping.ca\\\/#\\\/schema\\\/logo\\\/image\\\/\",\"url\":\"https:\\\/\\\/aigleshopping.ca\\\/wp-content\\\/uploads\\\/2025\\\/12\\\/logo_aigleshopping_ca.png\",\"contentUrl\":\"https:\\\/\\\/aigleshopping.ca\\\/wp-content\\\/uploads\\\/2025\\\/12\\\/logo_aigleshopping_ca.png\",\"width\":800,\"height\":233,\"caption\":\"Aigle Shopping Canada\"},\"image\":{\"@id\":\"https:\\\/\\\/aigleshopping.ca\\\/#\\\/schema\\\/logo\\\/image\\\/\"}}]}<\/script>\n<!-- \/ Yoast SEO plugin. -->","yoast_head_json":{"title":"Halt\u00e8res de gymnastique aquatique Halt\u00e8res de gymnastique aquatique Barre \u00e0 main pour femmes Yoga aquatique Fitness - Aigle Shopping Canada","robots":{"index":"index","follow":"follow","max-snippet":"max-snippet:-1","max-image-preview":"max-image-preview:large","max-video-preview":"max-video-preview:-1"},"canonical":"https:\/\/aigleshopping.ca\/fr\/produit\/halteres-de-gymnastique-aquatique-halteres-de-gymnastique-aquatique-barre-a-main-pour-femmes-yoga-aquatique-fitness\/","og_locale":"fr_FR","og_type":"article","og_title":"Halt\u00e8res de gymnastique aquatique Halt\u00e8res de gymnastique aquatique Barre \u00e0 main pour femmes Yoga aquatique Fitness - Aigle Shopping Canada","og_description":"Vue d&rsquo;ensemble : 1.Avantages multiples : l&rsquo;exercice avec halt\u00e8res dans l&rsquo;eau n&rsquo;est pas b\u00e9n\u00e9fique pour le syst\u00e8me cardiovasculaire, en raison de la r\u00e9sistance naturelle fournie par l&rsquo;eau, l&rsquo;exercice a\u00e9robique dans l&rsquo;eau est \u00e9galement un programme d&rsquo;entra\u00eenement de la force. 2. bon pour la forme physique : De nombreux professionnels de la sant\u00e9 et de la [&hellip;]","og_url":"https:\/\/aigleshopping.ca\/fr\/produit\/halteres-de-gymnastique-aquatique-halteres-de-gymnastique-aquatique-barre-a-main-pour-femmes-yoga-aquatique-fitness\/","og_site_name":"Aigle Shopping Canada","og_image":[{"width":1001,"height":1001,"url":"https:\/\/aigleshopping.ca\/wp-content\/uploads\/2025\/03\/421dfcac-f624-4c9e-afc7-d91326537a12.jpg","type":"image\/jpeg"}],"twitter_card":"summary_large_image","twitter_misc":{"Dur\u00e9e de lecture estim\u00e9e":"1 minute"},"schema":{"@context":"https:\/\/schema.org","@graph":[{"@type":"WebPage","@id":"https:\/\/aigleshopping.ca\/fr\/produit\/halteres-de-gymnastique-aquatique-halteres-de-gymnastique-aquatique-barre-a-main-pour-femmes-yoga-aquatique-fitness\/","url":"https:\/\/aigleshopping.ca\/fr\/produit\/halteres-de-gymnastique-aquatique-halteres-de-gymnastique-aquatique-barre-a-main-pour-femmes-yoga-aquatique-fitness\/","name":"Halt\u00e8res de gymnastique aquatique Halt\u00e8res de gymnastique aquatique Barre \u00e0 main pour femmes Yoga aquatique Fitness - Aigle Shopping Canada","isPartOf":{"@id":"https:\/\/aigleshopping.ca\/#website"},"primaryImageOfPage":{"@id":"https:\/\/aigleshopping.ca\/fr\/produit\/halteres-de-gymnastique-aquatique-halteres-de-gymnastique-aquatique-barre-a-main-pour-femmes-yoga-aquatique-fitness\/#primaryimage"},"image":{"@id":"https:\/\/aigleshopping.ca\/fr\/produit\/halteres-de-gymnastique-aquatique-halteres-de-gymnastique-aquatique-barre-a-main-pour-femmes-yoga-aquatique-fitness\/#primaryimage"},"thumbnailUrl":"https:\/\/aigleshopping.ca\/wp-content\/uploads\/2025\/03\/421dfcac-f624-4c9e-afc7-d91326537a12.jpg","datePublished":"2025-03-08T19:26:46+00:00","breadcrumb":{"@id":"https:\/\/aigleshopping.ca\/fr\/produit\/halteres-de-gymnastique-aquatique-halteres-de-gymnastique-aquatique-barre-a-main-pour-femmes-yoga-aquatique-fitness\/#breadcrumb"},"inLanguage":"fr-FR","potentialAction":[{"@type":"ReadAction","target":["https:\/\/aigleshopping.ca\/fr\/produit\/halteres-de-gymnastique-aquatique-halteres-de-gymnastique-aquatique-barre-a-main-pour-femmes-yoga-aquatique-fitness\/"]}]},{"@type":"ImageObject","inLanguage":"fr-FR","@id":"https:\/\/aigleshopping.ca\/fr\/produit\/halteres-de-gymnastique-aquatique-halteres-de-gymnastique-aquatique-barre-a-main-pour-femmes-yoga-aquatique-fitness\/#primaryimage","url":"https:\/\/aigleshopping.ca\/wp-content\/uploads\/2025\/03\/421dfcac-f624-4c9e-afc7-d91326537a12.jpg","contentUrl":"https:\/\/aigleshopping.ca\/wp-content\/uploads\/2025\/03\/421dfcac-f624-4c9e-afc7-d91326537a12.jpg","width":1001,"height":1001},{"@type":"BreadcrumbList","@id":"https:\/\/aigleshopping.ca\/fr\/produit\/halteres-de-gymnastique-aquatique-halteres-de-gymnastique-aquatique-barre-a-main-pour-femmes-yoga-aquatique-fitness\/#breadcrumb","itemListElement":[{"@type":"ListItem","position":1,"name":"Home","item":"https:\/\/aigleshopping.ca\/fr\/home\/"},{"@type":"ListItem","position":2,"name":"Products","item":"https:\/\/aigleshopping.ca\/shop\/"},{"@type":"ListItem","position":3,"name":"Halt\u00e8res de gymnastique aquatique Halt\u00e8res de gymnastique aquatique Barre \u00e0 main pour femmes Yoga aquatique Fitness"}]},{"@type":"WebSite","@id":"https:\/\/aigleshopping.ca\/#website","url":"https:\/\/aigleshopping.ca\/","name":"Aigle Shopping Canada","description":"Au-del\u00e0 des fronti\u00e8res, pour vous offrir le\u00a0meilleur!","publisher":{"@id":"https:\/\/aigleshopping.ca\/#organization"},"potentialAction":[{"@type":"SearchAction","target":{"@type":"EntryPoint","urlTemplate":"https:\/\/aigleshopping.ca\/?s={search_term_string}"},"query-input":{"@type":"PropertyValueSpecification","valueRequired":true,"valueName":"search_term_string"}}],"inLanguage":"fr-FR"},{"@type":"Organization","@id":"https:\/\/aigleshopping.ca\/#organization","name":"Aigle Shopping Canada","url":"https:\/\/aigleshopping.ca\/","logo":{"@type":"ImageObject","inLanguage":"fr-FR","@id":"https:\/\/aigleshopping.ca\/#\/schema\/logo\/image\/","url":"https:\/\/aigleshopping.ca\/wp-content\/uploads\/2025\/12\/logo_aigleshopping_ca.png","contentUrl":"https:\/\/aigleshopping.ca\/wp-content\/uploads\/2025\/12\/logo_aigleshopping_ca.png","width":800,"height":233,"caption":"Aigle Shopping Canada"},"image":{"@id":"https:\/\/aigleshopping.ca\/#\/schema\/logo\/image\/"}}]}},"jetpack_sharing_enabled":true,"_links":{"self":[{"href":"https:\/\/aigleshopping.ca\/fr\/wp-json\/wp\/v2\/product\/20811","targetHints":{"allow":["GET"]}}],"collection":[{"href":"https:\/\/aigleshopping.ca\/fr\/wp-json\/wp\/v2\/product"}],"about":[{"href":"https:\/\/aigleshopping.ca\/fr\/wp-json\/wp\/v2\/types\/product"}],"replies":[{"embeddable":true,"href":"https:\/\/aigleshopping.ca\/fr\/wp-json\/wp\/v2\/comments?post=20811"}],"wp:featuredmedia":[{"embeddable":true,"href":"https:\/\/aigleshopping.ca\/fr\/wp-json\/wp\/v2\/media\/15777"}],"wp:attachment":[{"href":"https:\/\/aigleshopping.ca\/fr\/wp-json\/wp\/v2\/media?parent=20811"}],"wp:term":[{"taxonomy":"product_brand","embeddable":true,"href":"https:\/\/aigleshopping.ca\/fr\/wp-json\/wp\/v2\/product_brand?post=20811"},{"taxonomy":"product_cat","embeddable":true,"href":"https:\/\/aigleshopping.ca\/fr\/wp-json\/wp\/v2\/product_cat?post=20811"},{"taxonomy":"product_tag","embeddable":true,"href":"https:\/\/aigleshopping.ca\/fr\/wp-json\/wp\/v2\/product_tag?post=20811"}],"curies":[{"name":"wp","href":"https:\/\/api.w.org\/{rel}","templated":true}]}}