{"id":20846,"date":"2025-03-08T19:34:11","date_gmt":"2025-03-08T19:34:11","guid":{"rendered":"https:\/\/aigleshopping.ca\/produit\/halteres-en-fer-equipement-de-fitness-pour-hommes-a-domicile\/"},"modified":"2025-03-08T19:34:11","modified_gmt":"2025-03-08T19:34:11","slug":"halteres-en-fer-equipement-de-fitness-pour-hommes-a-domicile","status":"publish","type":"product","link":"https:\/\/aigleshopping.ca\/fr\/produit\/halteres-en-fer-equipement-de-fitness-pour-hommes-a-domicile\/","title":{"rendered":"Halt\u00e8res en fer \u00c9quipement de fitness pour hommes \u00e0 domicile"},"content":{"rendered":"<p> <b>Description<\/b> <\/p>\n<p> Les halt\u00e8res sont toujours un outil id\u00e9al pour l&rsquo;entra\u00eenement des bras, de la poitrine, du dos, du tronc et des jambes. Notre paire d&rsquo;halt\u00e8res r\u00e9glables est un mod\u00e8le 2 en 1, qui peut \u00eatre transform\u00e9 en halt\u00e8res \u00e0 l&rsquo;aide de tiges de connexion. Cet ensemble peut r\u00e9pondre aux besoins d&rsquo;exercice des membres sup\u00e9rieurs et inf\u00e9rieurs, \u00e9conomiser votre temps et les frais d&rsquo;abonnement \u00e0 la salle de sport, vous permettant de faire de l&rsquo;exercice n&rsquo;importe quand, n&rsquo;importe o\u00f9 !    <\/p>\n<p>  Caract\u00e9ristiques &#8211; <\/p>\n<p> -Mat\u00e9riau : plaque d&rsquo;acier.  <br \/>  -Taille de l&#8217;emballage : 54,5x20x20,5cm (la taille sp\u00e9cifique est indiqu\u00e9e sur la photo).  <br \/>  -Ensemble d&rsquo;halt\u00e8res r\u00e9glables 2 en 1 avec tiges de connexion, qui peuvent \u00eatre facilement connect\u00e9es avec 2 halt\u00e8res pour les convertir en halt\u00e8res.  <br \/>  -Les halt\u00e8res peuvent \u00eatre utilis\u00e9s pour sculpter vos bras et les halt\u00e8res peuvent vous aider \u00e0 faire des redressements assis.  <br \/>  -Livr\u00e9 avec 12 plaques de contrepoids de 1,5 kg x 4, 2 kg x 4, 2,5 kg x 4, qui permettent d&rsquo;augmenter ou de diminuer le poids par incr\u00e9ments de 1,5 kg, 2 kg et 2,5 kg.  <br \/>  Le n\u00e9opr\u00e8ne antid\u00e9rapant ne vous cause aucun souci, car la poign\u00e9e en n\u00e9opr\u00e8ne aux courbes fines vous permet une meilleure prise, am\u00e9liore la coordination et <br \/> -R\u00e9glez la plaque de poids et changez-la en halt\u00e8res ou en barres. C&rsquo;est un choix id\u00e9al pour la musculation et la combustion des calories. Il convient \u00e9galement tr\u00e8s bien pour am\u00e9liorer la force et la musculation. C&rsquo;est un bon \u00e9quipement pour maintenir la sant\u00e9. <\/p>\n<p> Liste d&#8217;emballage <br \/> 2 x tige de vis Clispeed <br \/> 2 x \u00e9crous de s\u00e9curit\u00e9 fixes <br \/> 1 x barre antid\u00e9rapante Clispeed <br \/> 4 x plaque de poids Clispeed 1,5kg <br \/> 4 x 2kg <br \/> Plaque de poids 4 x plaque de poids Clispeed 2,5kg     <\/p>\n<p> <\/p>\n<p> <img decoding=\"async\" src=\"https:\/\/cf.cjdropshipping.com\/16778016\/1631586140664500224.jpg\"> <\/p>\n<p> <img decoding=\"async\" src=\"https:\/\/cf.cjdropshipping.com\/16778016\/1631586141717270528.jpg\"> <\/p>\n<p> <img decoding=\"async\" src=\"https:\/\/cf.cjdropshipping.com\/16778016\/1631586143239802880.jpg\"> <\/p>\n<p> <img decoding=\"async\" src=\"https:\/\/cf.cjdropshipping.com\/16778016\/1631586144070275072.jpg\"> <\/p>\n<p> <img decoding=\"async\" src=\"https:\/\/cf.cjdropshipping.com\/16778016\/1631586145362120704.jpg\"> <\/p>\n<p> <img decoding=\"async\" src=\"https:\/\/cf.cjdropshipping.com\/16778016\/1631586146196787200.jpg\"> <\/p>\n<p> <img decoding=\"async\" src=\"https:\/\/cf.cjdropshipping.com\/16778016\/1631586148549791744.jpg\"> <\/p>\n<p> <img decoding=\"async\" src=\"https:\/\/cf.cjdropshipping.com\/16778016\/1631586149162160128.jpg\"> <\/p>\n","protected":false},"excerpt":{"rendered":"<p>Description Les halt\u00e8res sont toujours un outil id\u00e9al pour l&rsquo;entra\u00eenement des bras, de la poitrine, du dos, du tronc et des jambes. Notre paire d&rsquo;halt\u00e8res r\u00e9glables est un mod\u00e8le 2 en 1, qui peut \u00eatre transform\u00e9 en halt\u00e8res \u00e0 l&rsquo;aide de tiges de connexion. Cet ensemble peut r\u00e9pondre aux besoins d&rsquo;exercice des membres sup\u00e9rieurs et [&hellip;]<\/p>\n","protected":false},"featured_media":15993,"comment_status":"open","ping_status":"closed","template":"","meta":{"content-type":""},"product_brand":[],"product_cat":[217],"product_tag":[],"class_list":{"0":"post-20846","1":"product","2":"type-product","3":"status-publish","4":"has-post-thumbnail","6":"product_cat-sport-fr","8":"first","9":"instock","10":"taxable","11":"shipping-taxable","12":"purchasable","13":"product-type-variable","14":"add-to-wishlist-after_add_to_cart"},"yoast_head":"<!-- This site is optimized with the Yoast SEO plugin v27.4 - https:\/\/yoast.com\/product\/yoast-seo-wordpress\/ -->\n<title>Halt\u00e8res en fer \u00c9quipement de fitness pour hommes \u00e0 domicile - Aigle Shopping Canada<\/title>\n<meta name=\"robots\" content=\"index, follow, max-snippet:-1, max-image-preview:large, max-video-preview:-1\" \/>\n<link rel=\"canonical\" href=\"https:\/\/aigleshopping.ca\/fr\/produit\/halteres-en-fer-equipement-de-fitness-pour-hommes-a-domicile\/\" \/>\n<meta property=\"og:locale\" content=\"fr_FR\" \/>\n<meta property=\"og:type\" content=\"article\" \/>\n<meta property=\"og:title\" content=\"Halt\u00e8res en fer \u00c9quipement de fitness pour hommes \u00e0 domicile - Aigle Shopping Canada\" \/>\n<meta property=\"og:description\" content=\"Description Les halt\u00e8res sont toujours un outil id\u00e9al pour l&rsquo;entra\u00eenement des bras, de la poitrine, du dos, du tronc et des jambes. Notre paire d&rsquo;halt\u00e8res r\u00e9glables est un mod\u00e8le 2 en 1, qui peut \u00eatre transform\u00e9 en halt\u00e8res \u00e0 l&rsquo;aide de tiges de connexion. Cet ensemble peut r\u00e9pondre aux besoins d&rsquo;exercice des membres sup\u00e9rieurs et [&hellip;]\" \/>\n<meta property=\"og:url\" content=\"https:\/\/aigleshopping.ca\/fr\/produit\/halteres-en-fer-equipement-de-fitness-pour-hommes-a-domicile\/\" \/>\n<meta property=\"og:site_name\" content=\"Aigle Shopping Canada\" \/>\n<meta property=\"og:image\" content=\"https:\/\/aigleshopping.ca\/wp-content\/uploads\/2025\/03\/1617783894243.jpg\" \/>\n\t<meta property=\"og:image:width\" content=\"1600\" \/>\n\t<meta property=\"og:image:height\" content=\"1600\" \/>\n\t<meta property=\"og:image:type\" content=\"image\/jpeg\" \/>\n<meta name=\"twitter:card\" content=\"summary_large_image\" \/>\n<meta name=\"twitter:label1\" content=\"Dur\u00e9e de lecture estim\u00e9e\" \/>\n\t<meta name=\"twitter:data1\" content=\"1 minute\" \/>\n<script type=\"application\/ld+json\" class=\"yoast-schema-graph\">{\"@context\":\"https:\\\/\\\/schema.org\",\"@graph\":[{\"@type\":\"WebPage\",\"@id\":\"https:\\\/\\\/aigleshopping.ca\\\/fr\\\/produit\\\/halteres-en-fer-equipement-de-fitness-pour-hommes-a-domicile\\\/\",\"url\":\"https:\\\/\\\/aigleshopping.ca\\\/fr\\\/produit\\\/halteres-en-fer-equipement-de-fitness-pour-hommes-a-domicile\\\/\",\"name\":\"Halt\u00e8res en fer \u00c9quipement de fitness pour hommes \u00e0 domicile - Aigle Shopping Canada\",\"isPartOf\":{\"@id\":\"https:\\\/\\\/aigleshopping.ca\\\/#website\"},\"primaryImageOfPage\":{\"@id\":\"https:\\\/\\\/aigleshopping.ca\\\/fr\\\/produit\\\/halteres-en-fer-equipement-de-fitness-pour-hommes-a-domicile\\\/#primaryimage\"},\"image\":{\"@id\":\"https:\\\/\\\/aigleshopping.ca\\\/fr\\\/produit\\\/halteres-en-fer-equipement-de-fitness-pour-hommes-a-domicile\\\/#primaryimage\"},\"thumbnailUrl\":\"https:\\\/\\\/aigleshopping.ca\\\/wp-content\\\/uploads\\\/2025\\\/03\\\/1617783894243.jpg\",\"datePublished\":\"2025-03-08T19:34:11+00:00\",\"breadcrumb\":{\"@id\":\"https:\\\/\\\/aigleshopping.ca\\\/fr\\\/produit\\\/halteres-en-fer-equipement-de-fitness-pour-hommes-a-domicile\\\/#breadcrumb\"},\"inLanguage\":\"fr-FR\",\"potentialAction\":[{\"@type\":\"ReadAction\",\"target\":[\"https:\\\/\\\/aigleshopping.ca\\\/fr\\\/produit\\\/halteres-en-fer-equipement-de-fitness-pour-hommes-a-domicile\\\/\"]}]},{\"@type\":\"ImageObject\",\"inLanguage\":\"fr-FR\",\"@id\":\"https:\\\/\\\/aigleshopping.ca\\\/fr\\\/produit\\\/halteres-en-fer-equipement-de-fitness-pour-hommes-a-domicile\\\/#primaryimage\",\"url\":\"https:\\\/\\\/aigleshopping.ca\\\/wp-content\\\/uploads\\\/2025\\\/03\\\/1617783894243.jpg\",\"contentUrl\":\"https:\\\/\\\/aigleshopping.ca\\\/wp-content\\\/uploads\\\/2025\\\/03\\\/1617783894243.jpg\",\"width\":1600,\"height\":1600},{\"@type\":\"BreadcrumbList\",\"@id\":\"https:\\\/\\\/aigleshopping.ca\\\/fr\\\/produit\\\/halteres-en-fer-equipement-de-fitness-pour-hommes-a-domicile\\\/#breadcrumb\",\"itemListElement\":[{\"@type\":\"ListItem\",\"position\":1,\"name\":\"Home\",\"item\":\"https:\\\/\\\/aigleshopping.ca\\\/fr\\\/home\\\/\"},{\"@type\":\"ListItem\",\"position\":2,\"name\":\"Products\",\"item\":\"https:\\\/\\\/aigleshopping.ca\\\/shop\\\/\"},{\"@type\":\"ListItem\",\"position\":3,\"name\":\"Halt\u00e8res en fer \u00c9quipement de fitness pour hommes \u00e0 domicile\"}]},{\"@type\":\"WebSite\",\"@id\":\"https:\\\/\\\/aigleshopping.ca\\\/#website\",\"url\":\"https:\\\/\\\/aigleshopping.ca\\\/\",\"name\":\"Aigle Shopping Canada\",\"description\":\"Au-del\u00e0 des fronti\u00e8res, pour vous offrir le\u00a0meilleur!\",\"publisher\":{\"@id\":\"https:\\\/\\\/aigleshopping.ca\\\/#organization\"},\"potentialAction\":[{\"@type\":\"SearchAction\",\"target\":{\"@type\":\"EntryPoint\",\"urlTemplate\":\"https:\\\/\\\/aigleshopping.ca\\\/?s={search_term_string}\"},\"query-input\":{\"@type\":\"PropertyValueSpecification\",\"valueRequired\":true,\"valueName\":\"search_term_string\"}}],\"inLanguage\":\"fr-FR\"},{\"@type\":\"Organization\",\"@id\":\"https:\\\/\\\/aigleshopping.ca\\\/#organization\",\"name\":\"Aigle Shopping Canada\",\"url\":\"https:\\\/\\\/aigleshopping.ca\\\/\",\"logo\":{\"@type\":\"ImageObject\",\"inLanguage\":\"fr-FR\",\"@id\":\"https:\\\/\\\/aigleshopping.ca\\\/#\\\/schema\\\/logo\\\/image\\\/\",\"url\":\"https:\\\/\\\/aigleshopping.ca\\\/wp-content\\\/uploads\\\/2025\\\/12\\\/logo_aigleshopping_ca.png\",\"contentUrl\":\"https:\\\/\\\/aigleshopping.ca\\\/wp-content\\\/uploads\\\/2025\\\/12\\\/logo_aigleshopping_ca.png\",\"width\":800,\"height\":233,\"caption\":\"Aigle Shopping Canada\"},\"image\":{\"@id\":\"https:\\\/\\\/aigleshopping.ca\\\/#\\\/schema\\\/logo\\\/image\\\/\"}}]}<\/script>\n<!-- \/ Yoast SEO plugin. -->","yoast_head_json":{"title":"Halt\u00e8res en fer \u00c9quipement de fitness pour hommes \u00e0 domicile - Aigle Shopping Canada","robots":{"index":"index","follow":"follow","max-snippet":"max-snippet:-1","max-image-preview":"max-image-preview:large","max-video-preview":"max-video-preview:-1"},"canonical":"https:\/\/aigleshopping.ca\/fr\/produit\/halteres-en-fer-equipement-de-fitness-pour-hommes-a-domicile\/","og_locale":"fr_FR","og_type":"article","og_title":"Halt\u00e8res en fer \u00c9quipement de fitness pour hommes \u00e0 domicile - Aigle Shopping Canada","og_description":"Description Les halt\u00e8res sont toujours un outil id\u00e9al pour l&rsquo;entra\u00eenement des bras, de la poitrine, du dos, du tronc et des jambes. Notre paire d&rsquo;halt\u00e8res r\u00e9glables est un mod\u00e8le 2 en 1, qui peut \u00eatre transform\u00e9 en halt\u00e8res \u00e0 l&rsquo;aide de tiges de connexion. Cet ensemble peut r\u00e9pondre aux besoins d&rsquo;exercice des membres sup\u00e9rieurs et [&hellip;]","og_url":"https:\/\/aigleshopping.ca\/fr\/produit\/halteres-en-fer-equipement-de-fitness-pour-hommes-a-domicile\/","og_site_name":"Aigle Shopping Canada","og_image":[{"width":1600,"height":1600,"url":"https:\/\/aigleshopping.ca\/wp-content\/uploads\/2025\/03\/1617783894243.jpg","type":"image\/jpeg"}],"twitter_card":"summary_large_image","twitter_misc":{"Dur\u00e9e de lecture estim\u00e9e":"1 minute"},"schema":{"@context":"https:\/\/schema.org","@graph":[{"@type":"WebPage","@id":"https:\/\/aigleshopping.ca\/fr\/produit\/halteres-en-fer-equipement-de-fitness-pour-hommes-a-domicile\/","url":"https:\/\/aigleshopping.ca\/fr\/produit\/halteres-en-fer-equipement-de-fitness-pour-hommes-a-domicile\/","name":"Halt\u00e8res en fer \u00c9quipement de fitness pour hommes \u00e0 domicile - Aigle Shopping Canada","isPartOf":{"@id":"https:\/\/aigleshopping.ca\/#website"},"primaryImageOfPage":{"@id":"https:\/\/aigleshopping.ca\/fr\/produit\/halteres-en-fer-equipement-de-fitness-pour-hommes-a-domicile\/#primaryimage"},"image":{"@id":"https:\/\/aigleshopping.ca\/fr\/produit\/halteres-en-fer-equipement-de-fitness-pour-hommes-a-domicile\/#primaryimage"},"thumbnailUrl":"https:\/\/aigleshopping.ca\/wp-content\/uploads\/2025\/03\/1617783894243.jpg","datePublished":"2025-03-08T19:34:11+00:00","breadcrumb":{"@id":"https:\/\/aigleshopping.ca\/fr\/produit\/halteres-en-fer-equipement-de-fitness-pour-hommes-a-domicile\/#breadcrumb"},"inLanguage":"fr-FR","potentialAction":[{"@type":"ReadAction","target":["https:\/\/aigleshopping.ca\/fr\/produit\/halteres-en-fer-equipement-de-fitness-pour-hommes-a-domicile\/"]}]},{"@type":"ImageObject","inLanguage":"fr-FR","@id":"https:\/\/aigleshopping.ca\/fr\/produit\/halteres-en-fer-equipement-de-fitness-pour-hommes-a-domicile\/#primaryimage","url":"https:\/\/aigleshopping.ca\/wp-content\/uploads\/2025\/03\/1617783894243.jpg","contentUrl":"https:\/\/aigleshopping.ca\/wp-content\/uploads\/2025\/03\/1617783894243.jpg","width":1600,"height":1600},{"@type":"BreadcrumbList","@id":"https:\/\/aigleshopping.ca\/fr\/produit\/halteres-en-fer-equipement-de-fitness-pour-hommes-a-domicile\/#breadcrumb","itemListElement":[{"@type":"ListItem","position":1,"name":"Home","item":"https:\/\/aigleshopping.ca\/fr\/home\/"},{"@type":"ListItem","position":2,"name":"Products","item":"https:\/\/aigleshopping.ca\/shop\/"},{"@type":"ListItem","position":3,"name":"Halt\u00e8res en fer \u00c9quipement de fitness pour hommes \u00e0 domicile"}]},{"@type":"WebSite","@id":"https:\/\/aigleshopping.ca\/#website","url":"https:\/\/aigleshopping.ca\/","name":"Aigle Shopping Canada","description":"Au-del\u00e0 des fronti\u00e8res, pour vous offrir le\u00a0meilleur!","publisher":{"@id":"https:\/\/aigleshopping.ca\/#organization"},"potentialAction":[{"@type":"SearchAction","target":{"@type":"EntryPoint","urlTemplate":"https:\/\/aigleshopping.ca\/?s={search_term_string}"},"query-input":{"@type":"PropertyValueSpecification","valueRequired":true,"valueName":"search_term_string"}}],"inLanguage":"fr-FR"},{"@type":"Organization","@id":"https:\/\/aigleshopping.ca\/#organization","name":"Aigle Shopping Canada","url":"https:\/\/aigleshopping.ca\/","logo":{"@type":"ImageObject","inLanguage":"fr-FR","@id":"https:\/\/aigleshopping.ca\/#\/schema\/logo\/image\/","url":"https:\/\/aigleshopping.ca\/wp-content\/uploads\/2025\/12\/logo_aigleshopping_ca.png","contentUrl":"https:\/\/aigleshopping.ca\/wp-content\/uploads\/2025\/12\/logo_aigleshopping_ca.png","width":800,"height":233,"caption":"Aigle Shopping Canada"},"image":{"@id":"https:\/\/aigleshopping.ca\/#\/schema\/logo\/image\/"}}]}},"jetpack_sharing_enabled":true,"_links":{"self":[{"href":"https:\/\/aigleshopping.ca\/fr\/wp-json\/wp\/v2\/product\/20846","targetHints":{"allow":["GET"]}}],"collection":[{"href":"https:\/\/aigleshopping.ca\/fr\/wp-json\/wp\/v2\/product"}],"about":[{"href":"https:\/\/aigleshopping.ca\/fr\/wp-json\/wp\/v2\/types\/product"}],"replies":[{"embeddable":true,"href":"https:\/\/aigleshopping.ca\/fr\/wp-json\/wp\/v2\/comments?post=20846"}],"wp:featuredmedia":[{"embeddable":true,"href":"https:\/\/aigleshopping.ca\/fr\/wp-json\/wp\/v2\/media\/15993"}],"wp:attachment":[{"href":"https:\/\/aigleshopping.ca\/fr\/wp-json\/wp\/v2\/media?parent=20846"}],"wp:term":[{"taxonomy":"product_brand","embeddable":true,"href":"https:\/\/aigleshopping.ca\/fr\/wp-json\/wp\/v2\/product_brand?post=20846"},{"taxonomy":"product_cat","embeddable":true,"href":"https:\/\/aigleshopping.ca\/fr\/wp-json\/wp\/v2\/product_cat?post=20846"},{"taxonomy":"product_tag","embeddable":true,"href":"https:\/\/aigleshopping.ca\/fr\/wp-json\/wp\/v2\/product_tag?post=20846"}],"curies":[{"name":"wp","href":"https:\/\/api.w.org\/{rel}","templated":true}]}}