{"id":20872,"date":"2025-03-08T19:31:06","date_gmt":"2025-03-08T19:31:06","guid":{"rendered":"https:\/\/aigleshopping.ca\/produit\/halteres-octogonaux-fitness-sports-home-barbell-handbell\/"},"modified":"2025-03-08T19:31:06","modified_gmt":"2025-03-08T19:31:06","slug":"halteres-octogonaux-fitness-sports-home-barbell-handbell","status":"publish","type":"product","link":"https:\/\/aigleshopping.ca\/fr\/produit\/halteres-octogonaux-fitness-sports-home-barbell-handbell\/","title":{"rendered":"Halt\u00e8res octogonaux Fitness Sports Home Barbell Handbell"},"content":{"rendered":"<p class=\"MsoNormal\">  <b> <span lang=\"EN-US\">10kg :<\/span> <span lang=\"EN-US\"> <\/span> <\/b> <b> <span lang=\"EN-US\" style=\"font-size: 12pt;font-family: \u5fae\u8f6f\u96c5\u9ed1, sans-serif\"> Halt\u00e8res*8(1kg*4 1.25kg*4)<br \/>\n <\/span> <\/b>  <\/p>\n<p class=\"MsoNormal\"> <b> <span lang=\"EN-US\"> &nbsp;  \u00c9crou*4 Poign\u00e9e*2<br \/>\n    <\/span> <\/b> <\/p>\n<p class=\"MsoNormal\"> <b> <span lang=\"EN-US\">  Longueur de la poign\u00e9e : 35cm<br \/>\n    <\/span> <\/b> <\/p>\n<p class=\"MsoNormal\"> <b> <span lang=\"EN-US\"> <\/p>\n<p>     &nbsp;<br \/>\n    <\/span> <\/b> <\/p>\n<p class=\"MsoNormal\">  <b> <span lang=\"EN-US\">15kg :<\/span> <span lang=\"EN-US\"> <\/span> <\/b> <b> <span lang=\"EN-US\" style=\"font-size: 12pt;font-family: \u5fae\u8f6f\u96c5\u9ed1, sans-serif\"> Halt\u00e8res*8 (1,5kg*4 2kg*4)<br \/>\n <\/span> <\/b>  <\/p>\n<p class=\"MsoNormal\"> <b> <span lang=\"EN-US\">  \u00c9crou*4 Poign\u00e9e*2<br \/>\n    <\/span> <\/b> <\/p>\n<p class=\"MsoNormal\"> <b> <span lang=\"EN-US\">  Longueur de la poign\u00e9e : 35cm<br \/>\n    <\/span> <\/b> <\/p>\n<p class=\"MsoNormal\"> <b> <span lang=\"EN-US\"> <\/p>\n<p>     &nbsp;<br \/>\n    <\/span> <\/b> <\/p>\n<p class=\"MsoNormal\">  <b> <span lang=\"EN-US\">20kg :<\/span> <span lang=\"EN-US\"> <\/span> <\/b> <b> <span lang=\"EN-US\" style=\"font-size: 12pt;font-family: \u5fae\u8f6f\u96c5\u9ed1, sans-serif\"> Halt\u00e8res*12 (1,25kg*4 1,5kg*4 2kg*4)<br \/>\n <\/span> <\/b>  <\/p>\n<p class=\"MsoNormal\"> <b> <span lang=\"EN-US\">  \u00c9crou*4 Poign\u00e9e*2<br \/>\n    <\/span> <\/b> <\/p>\n<p class=\"MsoNormal\"> <b> <span lang=\"EN-US\">Longueur de la poign\u00e9e : 42cm<\/span> <\/b> <\/p>\n<p class=\"MsoNormal\"> <b> <span lang=\"EN-US\"> <\/p>\n<p>     &nbsp;<br \/>\n    <\/span> <\/b> <\/p>\n<p class=\"MsoNormal\">  <b> <span lang=\"EN-US\">30kg :<\/span> <span lang=\"EN-US\"> <\/span> <\/b> <b> <span lang=\"EN-US\" style=\"font-size: 12pt;font-family: \u5fae\u8f6f\u96c5\u9ed1, sans-serif\"> Halt\u00e8res*12 (2.5kg*8 2kg*4)<br \/>\n <\/span> <\/b>  <\/p>\n<p class=\"MsoNormal\"> <b> <span lang=\"EN-US\">  \u00c9crou*4 Poign\u00e9e*2<br \/>\n    <\/span> <\/b> <\/p>\n<p class=\"MsoNormal\"> <b> <span lang=\"EN-US\">  Longueur de la poign\u00e9e : 44cm<br \/>\n    <\/span> <\/b> <\/p>\n<p class=\"MsoNormal\"> <b> <span lang=\"EN-US\"> <\/p>\n<p>     &nbsp;<br \/>\n    <\/span> <\/b> <\/p>\n<p class=\"MsoNormal\">  <b> <span lang=\"EN-US\">40kg :<\/span> <span lang=\"EN-US\"> <\/span> <\/b> <b> <span lang=\"EN-US\" style=\"font-size: 12pt;font-family: \u5fae\u8f6f\u96c5\u9ed1, sans-serif\"> Halt\u00e8res*16(1.5kg*4 2kg*4 3kg*8)<br \/>\n <\/span> <\/b>  <\/p>\n<p class=\"MsoNormal\"> <b> <span lang=\"EN-US\">  \u00c9crou*4 Poign\u00e9e*2<br \/>\n    <\/span> <\/b> <\/p>\n<p> <b style=\"font-size: 10.5pt;text-align: justify\"> <span lang=\"EN-US\">Longueur de la poign\u00e9e : 54cm<\/span> <\/b> <img decoding=\"async\" src=\"https:\/\/cf.cjdropshipping.com\/3e07d639-3086-48e8-b6d9-318ebea10595.jpg\"> <img decoding=\"async\" src=\"https:\/\/cf.cjdropshipping.com\/7e7b19d5-7b36-41df-aef6-1dae48e50ed0.jpg\"> <img decoding=\"async\" src=\"https:\/\/cf.cjdropshipping.com\/68fd4649-8cdc-43a1-a406-82ce4ce33bc0.jpg\"> <img decoding=\"async\" src=\"https:\/\/cf.cjdropshipping.com\/bae36d99-3a19-46f4-a765-39e0a11707df.jpg\"> <img decoding=\"async\" src=\"https:\/\/cf.cjdropshipping.com\/f5257186-55e5-469b-ab83-ddbc5657ef21.jpg\"> <img decoding=\"async\" src=\"https:\/\/cf.cjdropshipping.com\/468c93fb-3803-43a1-aa8d-efa65d3b041e.jpg\"> <img decoding=\"async\" src=\"https:\/\/cf.cjdropshipping.com\/cb4b746e-e845-43c5-b814-ad9f8960552f.jpg\">  <\/p>\n","protected":false},"excerpt":{"rendered":"<p>10kg : Halt\u00e8res*8(1kg*4 1.25kg*4) &nbsp; \u00c9crou*4 Poign\u00e9e*2 Longueur de la poign\u00e9e : 35cm &nbsp; 15kg : Halt\u00e8res*8 (1,5kg*4 2kg*4) \u00c9crou*4 Poign\u00e9e*2 Longueur de la poign\u00e9e : 35cm &nbsp; 20kg : Halt\u00e8res*12 (1,25kg*4 1,5kg*4 2kg*4) \u00c9crou*4 Poign\u00e9e*2 Longueur de la poign\u00e9e : 42cm &nbsp; 30kg : Halt\u00e8res*12 (2.5kg*8 2kg*4) \u00c9crou*4 Poign\u00e9e*2 Longueur de la poign\u00e9e : [&hellip;]<\/p>\n","protected":false},"featured_media":15916,"comment_status":"open","ping_status":"closed","template":"","meta":{"content-type":""},"product_brand":[],"product_cat":[217],"product_tag":[],"class_list":{"0":"post-20872","1":"product","2":"type-product","3":"status-publish","4":"has-post-thumbnail","6":"product_cat-sport-fr","8":"first","9":"instock","10":"taxable","11":"shipping-taxable","12":"purchasable","13":"product-type-variable","14":"add-to-wishlist-after_add_to_cart"},"yoast_head":"<!-- This site is optimized with the Yoast SEO plugin v27.4 - https:\/\/yoast.com\/product\/yoast-seo-wordpress\/ -->\n<title>Halt\u00e8res octogonaux Fitness Sports Home Barbell Handbell - Aigle Shopping Canada<\/title>\n<meta name=\"robots\" content=\"index, follow, max-snippet:-1, max-image-preview:large, max-video-preview:-1\" \/>\n<link rel=\"canonical\" href=\"https:\/\/aigleshopping.ca\/fr\/produit\/halteres-octogonaux-fitness-sports-home-barbell-handbell\/\" \/>\n<meta property=\"og:locale\" content=\"fr_FR\" \/>\n<meta property=\"og:type\" content=\"article\" \/>\n<meta property=\"og:title\" content=\"Halt\u00e8res octogonaux Fitness Sports Home Barbell Handbell - Aigle Shopping Canada\" \/>\n<meta property=\"og:description\" content=\"10kg : Halt\u00e8res*8(1kg*4 1.25kg*4) &nbsp; \u00c9crou*4 Poign\u00e9e*2 Longueur de la poign\u00e9e : 35cm &nbsp; 15kg : Halt\u00e8res*8 (1,5kg*4 2kg*4) \u00c9crou*4 Poign\u00e9e*2 Longueur de la poign\u00e9e : 35cm &nbsp; 20kg : Halt\u00e8res*12 (1,25kg*4 1,5kg*4 2kg*4) \u00c9crou*4 Poign\u00e9e*2 Longueur de la poign\u00e9e : 42cm &nbsp; 30kg : Halt\u00e8res*12 (2.5kg*8 2kg*4) \u00c9crou*4 Poign\u00e9e*2 Longueur de la poign\u00e9e : [&hellip;]\" \/>\n<meta property=\"og:url\" content=\"https:\/\/aigleshopping.ca\/fr\/produit\/halteres-octogonaux-fitness-sports-home-barbell-handbell\/\" \/>\n<meta property=\"og:site_name\" content=\"Aigle Shopping Canada\" \/>\n<meta property=\"og:image\" content=\"https:\/\/aigleshopping.ca\/wp-content\/uploads\/2025\/03\/1041480719839.jpg\" \/>\n\t<meta property=\"og:image:width\" content=\"790\" \/>\n\t<meta property=\"og:image:height\" content=\"790\" \/>\n\t<meta property=\"og:image:type\" content=\"image\/jpeg\" \/>\n<meta name=\"twitter:card\" content=\"summary_large_image\" \/>\n<script type=\"application\/ld+json\" class=\"yoast-schema-graph\">{\"@context\":\"https:\\\/\\\/schema.org\",\"@graph\":[{\"@type\":\"WebPage\",\"@id\":\"https:\\\/\\\/aigleshopping.ca\\\/fr\\\/produit\\\/halteres-octogonaux-fitness-sports-home-barbell-handbell\\\/\",\"url\":\"https:\\\/\\\/aigleshopping.ca\\\/fr\\\/produit\\\/halteres-octogonaux-fitness-sports-home-barbell-handbell\\\/\",\"name\":\"Halt\u00e8res octogonaux Fitness Sports Home Barbell Handbell - Aigle Shopping Canada\",\"isPartOf\":{\"@id\":\"https:\\\/\\\/aigleshopping.ca\\\/#website\"},\"primaryImageOfPage\":{\"@id\":\"https:\\\/\\\/aigleshopping.ca\\\/fr\\\/produit\\\/halteres-octogonaux-fitness-sports-home-barbell-handbell\\\/#primaryimage\"},\"image\":{\"@id\":\"https:\\\/\\\/aigleshopping.ca\\\/fr\\\/produit\\\/halteres-octogonaux-fitness-sports-home-barbell-handbell\\\/#primaryimage\"},\"thumbnailUrl\":\"https:\\\/\\\/aigleshopping.ca\\\/wp-content\\\/uploads\\\/2025\\\/03\\\/1041480719839.jpg\",\"datePublished\":\"2025-03-08T19:31:06+00:00\",\"breadcrumb\":{\"@id\":\"https:\\\/\\\/aigleshopping.ca\\\/fr\\\/produit\\\/halteres-octogonaux-fitness-sports-home-barbell-handbell\\\/#breadcrumb\"},\"inLanguage\":\"fr-FR\",\"potentialAction\":[{\"@type\":\"ReadAction\",\"target\":[\"https:\\\/\\\/aigleshopping.ca\\\/fr\\\/produit\\\/halteres-octogonaux-fitness-sports-home-barbell-handbell\\\/\"]}]},{\"@type\":\"ImageObject\",\"inLanguage\":\"fr-FR\",\"@id\":\"https:\\\/\\\/aigleshopping.ca\\\/fr\\\/produit\\\/halteres-octogonaux-fitness-sports-home-barbell-handbell\\\/#primaryimage\",\"url\":\"https:\\\/\\\/aigleshopping.ca\\\/wp-content\\\/uploads\\\/2025\\\/03\\\/1041480719839.jpg\",\"contentUrl\":\"https:\\\/\\\/aigleshopping.ca\\\/wp-content\\\/uploads\\\/2025\\\/03\\\/1041480719839.jpg\",\"width\":790,\"height\":790},{\"@type\":\"BreadcrumbList\",\"@id\":\"https:\\\/\\\/aigleshopping.ca\\\/fr\\\/produit\\\/halteres-octogonaux-fitness-sports-home-barbell-handbell\\\/#breadcrumb\",\"itemListElement\":[{\"@type\":\"ListItem\",\"position\":1,\"name\":\"Home\",\"item\":\"https:\\\/\\\/aigleshopping.ca\\\/fr\\\/home\\\/\"},{\"@type\":\"ListItem\",\"position\":2,\"name\":\"Products\",\"item\":\"https:\\\/\\\/aigleshopping.ca\\\/shop\\\/\"},{\"@type\":\"ListItem\",\"position\":3,\"name\":\"Halt\u00e8res octogonaux Fitness Sports Home Barbell Handbell\"}]},{\"@type\":\"WebSite\",\"@id\":\"https:\\\/\\\/aigleshopping.ca\\\/#website\",\"url\":\"https:\\\/\\\/aigleshopping.ca\\\/\",\"name\":\"Aigle Shopping Canada\",\"description\":\"Au-del\u00e0 des fronti\u00e8res, pour vous offrir le\u00a0meilleur!\",\"publisher\":{\"@id\":\"https:\\\/\\\/aigleshopping.ca\\\/#organization\"},\"potentialAction\":[{\"@type\":\"SearchAction\",\"target\":{\"@type\":\"EntryPoint\",\"urlTemplate\":\"https:\\\/\\\/aigleshopping.ca\\\/?s={search_term_string}\"},\"query-input\":{\"@type\":\"PropertyValueSpecification\",\"valueRequired\":true,\"valueName\":\"search_term_string\"}}],\"inLanguage\":\"fr-FR\"},{\"@type\":\"Organization\",\"@id\":\"https:\\\/\\\/aigleshopping.ca\\\/#organization\",\"name\":\"Aigle Shopping Canada\",\"url\":\"https:\\\/\\\/aigleshopping.ca\\\/\",\"logo\":{\"@type\":\"ImageObject\",\"inLanguage\":\"fr-FR\",\"@id\":\"https:\\\/\\\/aigleshopping.ca\\\/#\\\/schema\\\/logo\\\/image\\\/\",\"url\":\"https:\\\/\\\/aigleshopping.ca\\\/wp-content\\\/uploads\\\/2025\\\/12\\\/logo_aigleshopping_ca.png\",\"contentUrl\":\"https:\\\/\\\/aigleshopping.ca\\\/wp-content\\\/uploads\\\/2025\\\/12\\\/logo_aigleshopping_ca.png\",\"width\":800,\"height\":233,\"caption\":\"Aigle Shopping Canada\"},\"image\":{\"@id\":\"https:\\\/\\\/aigleshopping.ca\\\/#\\\/schema\\\/logo\\\/image\\\/\"}}]}<\/script>\n<!-- \/ Yoast SEO plugin. -->","yoast_head_json":{"title":"Halt\u00e8res octogonaux Fitness Sports Home Barbell Handbell - Aigle Shopping Canada","robots":{"index":"index","follow":"follow","max-snippet":"max-snippet:-1","max-image-preview":"max-image-preview:large","max-video-preview":"max-video-preview:-1"},"canonical":"https:\/\/aigleshopping.ca\/fr\/produit\/halteres-octogonaux-fitness-sports-home-barbell-handbell\/","og_locale":"fr_FR","og_type":"article","og_title":"Halt\u00e8res octogonaux Fitness Sports Home Barbell Handbell - Aigle Shopping Canada","og_description":"10kg : Halt\u00e8res*8(1kg*4 1.25kg*4) &nbsp; \u00c9crou*4 Poign\u00e9e*2 Longueur de la poign\u00e9e : 35cm &nbsp; 15kg : Halt\u00e8res*8 (1,5kg*4 2kg*4) \u00c9crou*4 Poign\u00e9e*2 Longueur de la poign\u00e9e : 35cm &nbsp; 20kg : Halt\u00e8res*12 (1,25kg*4 1,5kg*4 2kg*4) \u00c9crou*4 Poign\u00e9e*2 Longueur de la poign\u00e9e : 42cm &nbsp; 30kg : Halt\u00e8res*12 (2.5kg*8 2kg*4) \u00c9crou*4 Poign\u00e9e*2 Longueur de la poign\u00e9e : [&hellip;]","og_url":"https:\/\/aigleshopping.ca\/fr\/produit\/halteres-octogonaux-fitness-sports-home-barbell-handbell\/","og_site_name":"Aigle Shopping Canada","og_image":[{"width":790,"height":790,"url":"https:\/\/aigleshopping.ca\/wp-content\/uploads\/2025\/03\/1041480719839.jpg","type":"image\/jpeg"}],"twitter_card":"summary_large_image","schema":{"@context":"https:\/\/schema.org","@graph":[{"@type":"WebPage","@id":"https:\/\/aigleshopping.ca\/fr\/produit\/halteres-octogonaux-fitness-sports-home-barbell-handbell\/","url":"https:\/\/aigleshopping.ca\/fr\/produit\/halteres-octogonaux-fitness-sports-home-barbell-handbell\/","name":"Halt\u00e8res octogonaux Fitness Sports Home Barbell Handbell - Aigle Shopping Canada","isPartOf":{"@id":"https:\/\/aigleshopping.ca\/#website"},"primaryImageOfPage":{"@id":"https:\/\/aigleshopping.ca\/fr\/produit\/halteres-octogonaux-fitness-sports-home-barbell-handbell\/#primaryimage"},"image":{"@id":"https:\/\/aigleshopping.ca\/fr\/produit\/halteres-octogonaux-fitness-sports-home-barbell-handbell\/#primaryimage"},"thumbnailUrl":"https:\/\/aigleshopping.ca\/wp-content\/uploads\/2025\/03\/1041480719839.jpg","datePublished":"2025-03-08T19:31:06+00:00","breadcrumb":{"@id":"https:\/\/aigleshopping.ca\/fr\/produit\/halteres-octogonaux-fitness-sports-home-barbell-handbell\/#breadcrumb"},"inLanguage":"fr-FR","potentialAction":[{"@type":"ReadAction","target":["https:\/\/aigleshopping.ca\/fr\/produit\/halteres-octogonaux-fitness-sports-home-barbell-handbell\/"]}]},{"@type":"ImageObject","inLanguage":"fr-FR","@id":"https:\/\/aigleshopping.ca\/fr\/produit\/halteres-octogonaux-fitness-sports-home-barbell-handbell\/#primaryimage","url":"https:\/\/aigleshopping.ca\/wp-content\/uploads\/2025\/03\/1041480719839.jpg","contentUrl":"https:\/\/aigleshopping.ca\/wp-content\/uploads\/2025\/03\/1041480719839.jpg","width":790,"height":790},{"@type":"BreadcrumbList","@id":"https:\/\/aigleshopping.ca\/fr\/produit\/halteres-octogonaux-fitness-sports-home-barbell-handbell\/#breadcrumb","itemListElement":[{"@type":"ListItem","position":1,"name":"Home","item":"https:\/\/aigleshopping.ca\/fr\/home\/"},{"@type":"ListItem","position":2,"name":"Products","item":"https:\/\/aigleshopping.ca\/shop\/"},{"@type":"ListItem","position":3,"name":"Halt\u00e8res octogonaux Fitness Sports Home Barbell Handbell"}]},{"@type":"WebSite","@id":"https:\/\/aigleshopping.ca\/#website","url":"https:\/\/aigleshopping.ca\/","name":"Aigle Shopping Canada","description":"Au-del\u00e0 des fronti\u00e8res, pour vous offrir le\u00a0meilleur!","publisher":{"@id":"https:\/\/aigleshopping.ca\/#organization"},"potentialAction":[{"@type":"SearchAction","target":{"@type":"EntryPoint","urlTemplate":"https:\/\/aigleshopping.ca\/?s={search_term_string}"},"query-input":{"@type":"PropertyValueSpecification","valueRequired":true,"valueName":"search_term_string"}}],"inLanguage":"fr-FR"},{"@type":"Organization","@id":"https:\/\/aigleshopping.ca\/#organization","name":"Aigle Shopping Canada","url":"https:\/\/aigleshopping.ca\/","logo":{"@type":"ImageObject","inLanguage":"fr-FR","@id":"https:\/\/aigleshopping.ca\/#\/schema\/logo\/image\/","url":"https:\/\/aigleshopping.ca\/wp-content\/uploads\/2025\/12\/logo_aigleshopping_ca.png","contentUrl":"https:\/\/aigleshopping.ca\/wp-content\/uploads\/2025\/12\/logo_aigleshopping_ca.png","width":800,"height":233,"caption":"Aigle Shopping Canada"},"image":{"@id":"https:\/\/aigleshopping.ca\/#\/schema\/logo\/image\/"}}]}},"jetpack_sharing_enabled":true,"_links":{"self":[{"href":"https:\/\/aigleshopping.ca\/fr\/wp-json\/wp\/v2\/product\/20872","targetHints":{"allow":["GET"]}}],"collection":[{"href":"https:\/\/aigleshopping.ca\/fr\/wp-json\/wp\/v2\/product"}],"about":[{"href":"https:\/\/aigleshopping.ca\/fr\/wp-json\/wp\/v2\/types\/product"}],"replies":[{"embeddable":true,"href":"https:\/\/aigleshopping.ca\/fr\/wp-json\/wp\/v2\/comments?post=20872"}],"wp:featuredmedia":[{"embeddable":true,"href":"https:\/\/aigleshopping.ca\/fr\/wp-json\/wp\/v2\/media\/15916"}],"wp:attachment":[{"href":"https:\/\/aigleshopping.ca\/fr\/wp-json\/wp\/v2\/media?parent=20872"}],"wp:term":[{"taxonomy":"product_brand","embeddable":true,"href":"https:\/\/aigleshopping.ca\/fr\/wp-json\/wp\/v2\/product_brand?post=20872"},{"taxonomy":"product_cat","embeddable":true,"href":"https:\/\/aigleshopping.ca\/fr\/wp-json\/wp\/v2\/product_cat?post=20872"},{"taxonomy":"product_tag","embeddable":true,"href":"https:\/\/aigleshopping.ca\/fr\/wp-json\/wp\/v2\/product_tag?post=20872"}],"curies":[{"name":"wp","href":"https:\/\/api.w.org\/{rel}","templated":true}]}}