{"id":20882,"date":"2025-03-08T19:36:55","date_gmt":"2025-03-08T19:36:55","guid":{"rendered":"https:\/\/aigleshopping.ca\/produit\/halteres-en-fer-pur-massif-galvanise-halteres-laques-noirs-et-rouges\/"},"modified":"2025-03-08T19:36:55","modified_gmt":"2025-03-08T19:36:55","slug":"halteres-en-fer-pur-massif-galvanise-halteres-laques-noirs-et-rouges","status":"publish","type":"product","link":"https:\/\/aigleshopping.ca\/fr\/produit\/halteres-en-fer-pur-massif-galvanise-halteres-laques-noirs-et-rouges\/","title":{"rendered":"Halt\u00e8res en fer pur massif galvanis\u00e9 Halt\u00e8res laqu\u00e9s noirs et rouges"},"content":{"rendered":"<p> <b>Informations sur le produit :<\/b> <br \/> Mat\u00e9riau : fer massif  <br \/>  Sp\u00e9cification : 30 (cm)  <br \/>  Sc\u00e8ne d&rsquo;application : sports de course, \u00e9quipement de fitness  <br \/>  Poids :  <br \/>  Une paire de lettres rouges et noires 10KG, une paire de lettres rouges et noires 15KG, une paire de lettres rouges et noires 20KG, une paire de lettres rouges et noires 30KG, une paire de lettres rouges et noires 40KG, une paire de bo\u00eetes cadeaux, une paire de lettres rouges et noires, et une paire de bo\u00eetes cadeaux, une paire de lettres rouges et noires 20KG, une paire de lettres rouges et noires laqu\u00e9es noires 30KG, une paire de lettres rouges et noires laqu\u00e9es noires 50KG, 30 connecteur un (kg)  <br \/> <b> <br \/> <\/b> <\/p>\n<p> <b>Emballage :<\/b> <br \/> halt\u00e8re x1  <\/p>\n<p> <img decoding=\"async\" src=\"https:\/\/cf.cjdropshipping.com\/953af73a-95bd-41c8-bb99-23aaa664910b.jpg\"> <img decoding=\"async\" src=\"https:\/\/cf.cjdropshipping.com\/05a4746c-b93b-4ca2-ba0c-84d766dadcc3.jpg\"> <img decoding=\"async\" src=\"https:\/\/cf.cjdropshipping.com\/c5e55815-2b8c-43b6-bfa2-6b54a630571a.jpg\"> <img decoding=\"async\" src=\"https:\/\/cf.cjdropshipping.com\/fbf9cbaa-a201-43ea-910d-83127e4c6fb3.jpg\">  <\/p>\n","protected":false},"excerpt":{"rendered":"<p>Informations sur le produit : Mat\u00e9riau : fer massif Sp\u00e9cification : 30 (cm) Sc\u00e8ne d&rsquo;application : sports de course, \u00e9quipement de fitness Poids : Une paire de lettres rouges et noires 10KG, une paire de lettres rouges et noires 15KG, une paire de lettres rouges et noires 20KG, une paire de lettres rouges et noires [&hellip;]<\/p>\n","protected":false},"featured_media":16061,"comment_status":"open","ping_status":"closed","template":"","meta":{"content-type":""},"product_brand":[],"product_cat":[217],"product_tag":[],"class_list":{"0":"post-20882","1":"product","2":"type-product","3":"status-publish","4":"has-post-thumbnail","6":"product_cat-sport-fr","8":"first","9":"instock","10":"taxable","11":"shipping-taxable","12":"purchasable","13":"product-type-variable","14":"add-to-wishlist-after_add_to_cart"},"yoast_head":"<!-- This site is optimized with the Yoast SEO plugin v27.4 - https:\/\/yoast.com\/product\/yoast-seo-wordpress\/ -->\n<title>Halt\u00e8res en fer pur massif galvanis\u00e9 Halt\u00e8res laqu\u00e9s noirs et rouges - Aigle Shopping Canada<\/title>\n<meta name=\"robots\" content=\"index, follow, max-snippet:-1, max-image-preview:large, max-video-preview:-1\" \/>\n<link rel=\"canonical\" href=\"https:\/\/aigleshopping.ca\/fr\/produit\/halteres-en-fer-pur-massif-galvanise-halteres-laques-noirs-et-rouges\/\" \/>\n<meta property=\"og:locale\" content=\"fr_FR\" \/>\n<meta property=\"og:type\" content=\"article\" \/>\n<meta property=\"og:title\" content=\"Halt\u00e8res en fer pur massif galvanis\u00e9 Halt\u00e8res laqu\u00e9s noirs et rouges - Aigle Shopping Canada\" \/>\n<meta property=\"og:description\" content=\"Informations sur le produit : Mat\u00e9riau : fer massif Sp\u00e9cification : 30 (cm) Sc\u00e8ne d&rsquo;application : sports de course, \u00e9quipement de fitness Poids : Une paire de lettres rouges et noires 10KG, une paire de lettres rouges et noires 15KG, une paire de lettres rouges et noires 20KG, une paire de lettres rouges et noires [&hellip;]\" \/>\n<meta property=\"og:url\" content=\"https:\/\/aigleshopping.ca\/fr\/produit\/halteres-en-fer-pur-massif-galvanise-halteres-laques-noirs-et-rouges\/\" \/>\n<meta property=\"og:site_name\" content=\"Aigle Shopping Canada\" \/>\n<meta property=\"og:image\" content=\"https:\/\/aigleshopping.ca\/wp-content\/uploads\/2025\/03\/af2fab0b-efb1-4118-ae11-53d074852c5c.jpg\" \/>\n\t<meta property=\"og:image:width\" content=\"800\" \/>\n\t<meta property=\"og:image:height\" content=\"800\" \/>\n\t<meta property=\"og:image:type\" content=\"image\/jpeg\" \/>\n<meta name=\"twitter:card\" content=\"summary_large_image\" \/>\n<meta name=\"twitter:label1\" content=\"Dur\u00e9e de lecture estim\u00e9e\" \/>\n\t<meta name=\"twitter:data1\" content=\"1 minute\" \/>\n<script type=\"application\/ld+json\" class=\"yoast-schema-graph\">{\"@context\":\"https:\\\/\\\/schema.org\",\"@graph\":[{\"@type\":\"WebPage\",\"@id\":\"https:\\\/\\\/aigleshopping.ca\\\/fr\\\/produit\\\/halteres-en-fer-pur-massif-galvanise-halteres-laques-noirs-et-rouges\\\/\",\"url\":\"https:\\\/\\\/aigleshopping.ca\\\/fr\\\/produit\\\/halteres-en-fer-pur-massif-galvanise-halteres-laques-noirs-et-rouges\\\/\",\"name\":\"Halt\u00e8res en fer pur massif galvanis\u00e9 Halt\u00e8res laqu\u00e9s noirs et rouges - Aigle Shopping Canada\",\"isPartOf\":{\"@id\":\"https:\\\/\\\/aigleshopping.ca\\\/#website\"},\"primaryImageOfPage\":{\"@id\":\"https:\\\/\\\/aigleshopping.ca\\\/fr\\\/produit\\\/halteres-en-fer-pur-massif-galvanise-halteres-laques-noirs-et-rouges\\\/#primaryimage\"},\"image\":{\"@id\":\"https:\\\/\\\/aigleshopping.ca\\\/fr\\\/produit\\\/halteres-en-fer-pur-massif-galvanise-halteres-laques-noirs-et-rouges\\\/#primaryimage\"},\"thumbnailUrl\":\"https:\\\/\\\/aigleshopping.ca\\\/wp-content\\\/uploads\\\/2025\\\/03\\\/af2fab0b-efb1-4118-ae11-53d074852c5c.jpg\",\"datePublished\":\"2025-03-08T19:36:55+00:00\",\"breadcrumb\":{\"@id\":\"https:\\\/\\\/aigleshopping.ca\\\/fr\\\/produit\\\/halteres-en-fer-pur-massif-galvanise-halteres-laques-noirs-et-rouges\\\/#breadcrumb\"},\"inLanguage\":\"fr-FR\",\"potentialAction\":[{\"@type\":\"ReadAction\",\"target\":[\"https:\\\/\\\/aigleshopping.ca\\\/fr\\\/produit\\\/halteres-en-fer-pur-massif-galvanise-halteres-laques-noirs-et-rouges\\\/\"]}]},{\"@type\":\"ImageObject\",\"inLanguage\":\"fr-FR\",\"@id\":\"https:\\\/\\\/aigleshopping.ca\\\/fr\\\/produit\\\/halteres-en-fer-pur-massif-galvanise-halteres-laques-noirs-et-rouges\\\/#primaryimage\",\"url\":\"https:\\\/\\\/aigleshopping.ca\\\/wp-content\\\/uploads\\\/2025\\\/03\\\/af2fab0b-efb1-4118-ae11-53d074852c5c.jpg\",\"contentUrl\":\"https:\\\/\\\/aigleshopping.ca\\\/wp-content\\\/uploads\\\/2025\\\/03\\\/af2fab0b-efb1-4118-ae11-53d074852c5c.jpg\",\"width\":800,\"height\":800},{\"@type\":\"BreadcrumbList\",\"@id\":\"https:\\\/\\\/aigleshopping.ca\\\/fr\\\/produit\\\/halteres-en-fer-pur-massif-galvanise-halteres-laques-noirs-et-rouges\\\/#breadcrumb\",\"itemListElement\":[{\"@type\":\"ListItem\",\"position\":1,\"name\":\"Home\",\"item\":\"https:\\\/\\\/aigleshopping.ca\\\/fr\\\/home\\\/\"},{\"@type\":\"ListItem\",\"position\":2,\"name\":\"Products\",\"item\":\"https:\\\/\\\/aigleshopping.ca\\\/shop\\\/\"},{\"@type\":\"ListItem\",\"position\":3,\"name\":\"Halt\u00e8res en fer pur massif galvanis\u00e9 Halt\u00e8res laqu\u00e9s noirs et rouges\"}]},{\"@type\":\"WebSite\",\"@id\":\"https:\\\/\\\/aigleshopping.ca\\\/#website\",\"url\":\"https:\\\/\\\/aigleshopping.ca\\\/\",\"name\":\"Aigle Shopping Canada\",\"description\":\"Au-del\u00e0 des fronti\u00e8res, pour vous offrir le\u00a0meilleur!\",\"publisher\":{\"@id\":\"https:\\\/\\\/aigleshopping.ca\\\/#organization\"},\"potentialAction\":[{\"@type\":\"SearchAction\",\"target\":{\"@type\":\"EntryPoint\",\"urlTemplate\":\"https:\\\/\\\/aigleshopping.ca\\\/?s={search_term_string}\"},\"query-input\":{\"@type\":\"PropertyValueSpecification\",\"valueRequired\":true,\"valueName\":\"search_term_string\"}}],\"inLanguage\":\"fr-FR\"},{\"@type\":\"Organization\",\"@id\":\"https:\\\/\\\/aigleshopping.ca\\\/#organization\",\"name\":\"Aigle Shopping Canada\",\"url\":\"https:\\\/\\\/aigleshopping.ca\\\/\",\"logo\":{\"@type\":\"ImageObject\",\"inLanguage\":\"fr-FR\",\"@id\":\"https:\\\/\\\/aigleshopping.ca\\\/#\\\/schema\\\/logo\\\/image\\\/\",\"url\":\"https:\\\/\\\/aigleshopping.ca\\\/wp-content\\\/uploads\\\/2025\\\/12\\\/logo_aigleshopping_ca.png\",\"contentUrl\":\"https:\\\/\\\/aigleshopping.ca\\\/wp-content\\\/uploads\\\/2025\\\/12\\\/logo_aigleshopping_ca.png\",\"width\":800,\"height\":233,\"caption\":\"Aigle Shopping Canada\"},\"image\":{\"@id\":\"https:\\\/\\\/aigleshopping.ca\\\/#\\\/schema\\\/logo\\\/image\\\/\"}}]}<\/script>\n<!-- \/ Yoast SEO plugin. -->","yoast_head_json":{"title":"Halt\u00e8res en fer pur massif galvanis\u00e9 Halt\u00e8res laqu\u00e9s noirs et rouges - Aigle Shopping Canada","robots":{"index":"index","follow":"follow","max-snippet":"max-snippet:-1","max-image-preview":"max-image-preview:large","max-video-preview":"max-video-preview:-1"},"canonical":"https:\/\/aigleshopping.ca\/fr\/produit\/halteres-en-fer-pur-massif-galvanise-halteres-laques-noirs-et-rouges\/","og_locale":"fr_FR","og_type":"article","og_title":"Halt\u00e8res en fer pur massif galvanis\u00e9 Halt\u00e8res laqu\u00e9s noirs et rouges - Aigle Shopping Canada","og_description":"Informations sur le produit : Mat\u00e9riau : fer massif Sp\u00e9cification : 30 (cm) Sc\u00e8ne d&rsquo;application : sports de course, \u00e9quipement de fitness Poids : Une paire de lettres rouges et noires 10KG, une paire de lettres rouges et noires 15KG, une paire de lettres rouges et noires 20KG, une paire de lettres rouges et noires [&hellip;]","og_url":"https:\/\/aigleshopping.ca\/fr\/produit\/halteres-en-fer-pur-massif-galvanise-halteres-laques-noirs-et-rouges\/","og_site_name":"Aigle Shopping Canada","og_image":[{"width":800,"height":800,"url":"https:\/\/aigleshopping.ca\/wp-content\/uploads\/2025\/03\/af2fab0b-efb1-4118-ae11-53d074852c5c.jpg","type":"image\/jpeg"}],"twitter_card":"summary_large_image","twitter_misc":{"Dur\u00e9e de lecture estim\u00e9e":"1 minute"},"schema":{"@context":"https:\/\/schema.org","@graph":[{"@type":"WebPage","@id":"https:\/\/aigleshopping.ca\/fr\/produit\/halteres-en-fer-pur-massif-galvanise-halteres-laques-noirs-et-rouges\/","url":"https:\/\/aigleshopping.ca\/fr\/produit\/halteres-en-fer-pur-massif-galvanise-halteres-laques-noirs-et-rouges\/","name":"Halt\u00e8res en fer pur massif galvanis\u00e9 Halt\u00e8res laqu\u00e9s noirs et rouges - Aigle Shopping Canada","isPartOf":{"@id":"https:\/\/aigleshopping.ca\/#website"},"primaryImageOfPage":{"@id":"https:\/\/aigleshopping.ca\/fr\/produit\/halteres-en-fer-pur-massif-galvanise-halteres-laques-noirs-et-rouges\/#primaryimage"},"image":{"@id":"https:\/\/aigleshopping.ca\/fr\/produit\/halteres-en-fer-pur-massif-galvanise-halteres-laques-noirs-et-rouges\/#primaryimage"},"thumbnailUrl":"https:\/\/aigleshopping.ca\/wp-content\/uploads\/2025\/03\/af2fab0b-efb1-4118-ae11-53d074852c5c.jpg","datePublished":"2025-03-08T19:36:55+00:00","breadcrumb":{"@id":"https:\/\/aigleshopping.ca\/fr\/produit\/halteres-en-fer-pur-massif-galvanise-halteres-laques-noirs-et-rouges\/#breadcrumb"},"inLanguage":"fr-FR","potentialAction":[{"@type":"ReadAction","target":["https:\/\/aigleshopping.ca\/fr\/produit\/halteres-en-fer-pur-massif-galvanise-halteres-laques-noirs-et-rouges\/"]}]},{"@type":"ImageObject","inLanguage":"fr-FR","@id":"https:\/\/aigleshopping.ca\/fr\/produit\/halteres-en-fer-pur-massif-galvanise-halteres-laques-noirs-et-rouges\/#primaryimage","url":"https:\/\/aigleshopping.ca\/wp-content\/uploads\/2025\/03\/af2fab0b-efb1-4118-ae11-53d074852c5c.jpg","contentUrl":"https:\/\/aigleshopping.ca\/wp-content\/uploads\/2025\/03\/af2fab0b-efb1-4118-ae11-53d074852c5c.jpg","width":800,"height":800},{"@type":"BreadcrumbList","@id":"https:\/\/aigleshopping.ca\/fr\/produit\/halteres-en-fer-pur-massif-galvanise-halteres-laques-noirs-et-rouges\/#breadcrumb","itemListElement":[{"@type":"ListItem","position":1,"name":"Home","item":"https:\/\/aigleshopping.ca\/fr\/home\/"},{"@type":"ListItem","position":2,"name":"Products","item":"https:\/\/aigleshopping.ca\/shop\/"},{"@type":"ListItem","position":3,"name":"Halt\u00e8res en fer pur massif galvanis\u00e9 Halt\u00e8res laqu\u00e9s noirs et rouges"}]},{"@type":"WebSite","@id":"https:\/\/aigleshopping.ca\/#website","url":"https:\/\/aigleshopping.ca\/","name":"Aigle Shopping Canada","description":"Au-del\u00e0 des fronti\u00e8res, pour vous offrir le\u00a0meilleur!","publisher":{"@id":"https:\/\/aigleshopping.ca\/#organization"},"potentialAction":[{"@type":"SearchAction","target":{"@type":"EntryPoint","urlTemplate":"https:\/\/aigleshopping.ca\/?s={search_term_string}"},"query-input":{"@type":"PropertyValueSpecification","valueRequired":true,"valueName":"search_term_string"}}],"inLanguage":"fr-FR"},{"@type":"Organization","@id":"https:\/\/aigleshopping.ca\/#organization","name":"Aigle Shopping Canada","url":"https:\/\/aigleshopping.ca\/","logo":{"@type":"ImageObject","inLanguage":"fr-FR","@id":"https:\/\/aigleshopping.ca\/#\/schema\/logo\/image\/","url":"https:\/\/aigleshopping.ca\/wp-content\/uploads\/2025\/12\/logo_aigleshopping_ca.png","contentUrl":"https:\/\/aigleshopping.ca\/wp-content\/uploads\/2025\/12\/logo_aigleshopping_ca.png","width":800,"height":233,"caption":"Aigle Shopping Canada"},"image":{"@id":"https:\/\/aigleshopping.ca\/#\/schema\/logo\/image\/"}}]}},"jetpack_sharing_enabled":true,"_links":{"self":[{"href":"https:\/\/aigleshopping.ca\/fr\/wp-json\/wp\/v2\/product\/20882","targetHints":{"allow":["GET"]}}],"collection":[{"href":"https:\/\/aigleshopping.ca\/fr\/wp-json\/wp\/v2\/product"}],"about":[{"href":"https:\/\/aigleshopping.ca\/fr\/wp-json\/wp\/v2\/types\/product"}],"replies":[{"embeddable":true,"href":"https:\/\/aigleshopping.ca\/fr\/wp-json\/wp\/v2\/comments?post=20882"}],"wp:featuredmedia":[{"embeddable":true,"href":"https:\/\/aigleshopping.ca\/fr\/wp-json\/wp\/v2\/media\/16061"}],"wp:attachment":[{"href":"https:\/\/aigleshopping.ca\/fr\/wp-json\/wp\/v2\/media?parent=20882"}],"wp:term":[{"taxonomy":"product_brand","embeddable":true,"href":"https:\/\/aigleshopping.ca\/fr\/wp-json\/wp\/v2\/product_brand?post=20882"},{"taxonomy":"product_cat","embeddable":true,"href":"https:\/\/aigleshopping.ca\/fr\/wp-json\/wp\/v2\/product_cat?post=20882"},{"taxonomy":"product_tag","embeddable":true,"href":"https:\/\/aigleshopping.ca\/fr\/wp-json\/wp\/v2\/product_tag?post=20882"}],"curies":[{"name":"wp","href":"https:\/\/api.w.org\/{rel}","templated":true}]}}