{"id":20914,"date":"2025-03-08T19:41:33","date_gmt":"2025-03-08T19:41:33","guid":{"rendered":"https:\/\/aigleshopping.ca\/produit\/corde-de-traction-pliable-revoflex-xtreme-rally-multifunction-wheeled-health-abdominal-muscle-training-home-fitness-equipment\/"},"modified":"2025-03-10T14:24:35","modified_gmt":"2025-03-10T14:24:35","slug":"corde-de-traction-pliable-revoflex-xtreme-rally-multifunction-wheeled-health-abdominal-muscle-training-home-fitness-equipment","status":"publish","type":"product","link":"https:\/\/aigleshopping.ca\/fr\/produit\/corde-de-traction-pliable-revoflex-xtreme-rally-multifunction-wheeled-health-abdominal-muscle-training-home-fitness-equipment\/","title":{"rendered":"Corde de traction pliable Revoflex Xtreme Rally Multifunction Wheeled Health Abdominal Muscle Training Home Fitness Equipment"},"content":{"rendered":"<p> <\/p>\n<p> <span style=\"font-weight: bold\">Vue d&rsquo;ensemble :<\/span> <br \/> Fait travailler tous les principaux groupes musculaires du haut du corps et votre abdomen <br \/> Renforce les abdominaux, les \u00e9paules, les bras, le dos, la taille, les jambes, etc. Deux poign\u00e9es faciles \u00e0 saisir <br \/> Corde de traction \u00e0 r\u00e9sistance puissante \u00e0 5 vitesses, 40 types d&rsquo;actions de fitness, <br \/> Peut \u00eatre utilis\u00e9e \u00e0 la maison, au bureau ou \u00e0 l&rsquo;ext\u00e9rieur Corde de traction super \u00e9lastique et r\u00e9sistante.  <\/p>\n<p> <span style=\"font-weight: bold\">Sp\u00e9cifications :<\/span> <br \/> Cat\u00e9gorie de produit : Rallye <br \/> Mat\u00e9riau : ABS \/ PP <br \/> Coussin : EVA <br \/> Tuyau : tube \u00e9lastique \u00e0 haute \u00e9lasticit\u00e9 <br \/> Taille de la bo\u00eete unicolore : 43 * 18 * 13cm <\/p>\n<p> <span style=\"font-weight: bold\">Contenu de l&#8217;emballage :<\/span> <br \/> 1*ensemble  <\/p>\n<p> <img decoding=\"async\" src=\"https:\/\/cf.cjdropshipping.com\/56470bfb-d088-45fa-8423-c05b071be64a.jpg\"> <img decoding=\"async\" src=\"https:\/\/cf.cjdropshipping.com\/1217716c-49ff-4252-91fe-40f8352645a1.jpg\">  <\/p>\n<p> <img decoding=\"async\" src=\"https:\/\/cf.cjdropshipping.com\/08db0b44-097b-4d3f-9232-f98517f572f9.png\">  <\/p>\n<p> <img decoding=\"async\" src=\"https:\/\/cf.cjdropshipping.com\/ba812aa1-7991-4d36-9e5e-7b64285c0301.png\">  <\/p>\n<p> <img decoding=\"async\" src=\"https:\/\/cf.cjdropshipping.com\/fb30e629-97de-4f53-9317-983b8d8cc372.png\">  <\/p>\n","protected":false},"excerpt":{"rendered":"<p>Vue d&rsquo;ensemble : Fait travailler tous les principaux groupes musculaires du haut du corps et votre abdomen Renforce les abdominaux, les \u00e9paules, les bras, le dos, la taille, les jambes, etc. Deux poign\u00e9es faciles \u00e0 saisir Corde de traction \u00e0 r\u00e9sistance puissante \u00e0 5 vitesses, 40 types d&rsquo;actions de fitness, Peut \u00eatre utilis\u00e9e \u00e0 la [&hellip;]<\/p>\n","protected":false},"featured_media":16182,"comment_status":"open","ping_status":"closed","template":"","meta":{"content-type":""},"product_brand":[],"product_cat":[217],"product_tag":[],"class_list":{"0":"post-20914","1":"product","2":"type-product","3":"status-publish","4":"has-post-thumbnail","6":"product_cat-sport-fr","8":"first","9":"instock","10":"taxable","11":"shipping-taxable","12":"purchasable","13":"product-type-variable","14":"add-to-wishlist-after_add_to_cart"},"yoast_head":"<!-- This site is optimized with the Yoast SEO plugin v27.4 - https:\/\/yoast.com\/product\/yoast-seo-wordpress\/ -->\n<title>Corde de traction pliable Revoflex Xtreme Rally Multifunction Wheeled Health Abdominal Muscle Training Home Fitness Equipment - Aigle Shopping Canada<\/title>\n<meta name=\"robots\" content=\"index, follow, max-snippet:-1, max-image-preview:large, max-video-preview:-1\" \/>\n<link rel=\"canonical\" href=\"https:\/\/aigleshopping.ca\/fr\/produit\/corde-de-traction-pliable-revoflex-xtreme-rally-multifunction-wheeled-health-abdominal-muscle-training-home-fitness-equipment\/\" \/>\n<meta property=\"og:locale\" content=\"fr_FR\" \/>\n<meta property=\"og:type\" content=\"article\" \/>\n<meta property=\"og:title\" content=\"Corde de traction pliable Revoflex Xtreme Rally Multifunction Wheeled Health Abdominal Muscle Training Home Fitness Equipment - Aigle Shopping Canada\" \/>\n<meta property=\"og:description\" content=\"Vue d&rsquo;ensemble : Fait travailler tous les principaux groupes musculaires du haut du corps et votre abdomen Renforce les abdominaux, les \u00e9paules, les bras, le dos, la taille, les jambes, etc. Deux poign\u00e9es faciles \u00e0 saisir Corde de traction \u00e0 r\u00e9sistance puissante \u00e0 5 vitesses, 40 types d&rsquo;actions de fitness, Peut \u00eatre utilis\u00e9e \u00e0 la [&hellip;]\" \/>\n<meta property=\"og:url\" content=\"https:\/\/aigleshopping.ca\/fr\/produit\/corde-de-traction-pliable-revoflex-xtreme-rally-multifunction-wheeled-health-abdominal-muscle-training-home-fitness-equipment\/\" \/>\n<meta property=\"og:site_name\" content=\"Aigle Shopping Canada\" \/>\n<meta property=\"article:modified_time\" content=\"2025-03-10T14:24:35+00:00\" \/>\n<meta property=\"og:image\" content=\"https:\/\/aigleshopping.ca\/wp-content\/uploads\/2025\/03\/940703807182.jpg\" \/>\n\t<meta property=\"og:image:width\" content=\"800\" \/>\n\t<meta property=\"og:image:height\" content=\"800\" \/>\n\t<meta property=\"og:image:type\" content=\"image\/jpeg\" \/>\n<meta name=\"twitter:card\" content=\"summary_large_image\" \/>\n<script type=\"application\/ld+json\" class=\"yoast-schema-graph\">{\"@context\":\"https:\\\/\\\/schema.org\",\"@graph\":[{\"@type\":\"WebPage\",\"@id\":\"https:\\\/\\\/aigleshopping.ca\\\/fr\\\/produit\\\/corde-de-traction-pliable-revoflex-xtreme-rally-multifunction-wheeled-health-abdominal-muscle-training-home-fitness-equipment\\\/\",\"url\":\"https:\\\/\\\/aigleshopping.ca\\\/fr\\\/produit\\\/corde-de-traction-pliable-revoflex-xtreme-rally-multifunction-wheeled-health-abdominal-muscle-training-home-fitness-equipment\\\/\",\"name\":\"Corde de traction pliable Revoflex Xtreme Rally Multifunction Wheeled Health Abdominal Muscle Training Home Fitness Equipment - Aigle Shopping Canada\",\"isPartOf\":{\"@id\":\"https:\\\/\\\/aigleshopping.ca\\\/#website\"},\"primaryImageOfPage\":{\"@id\":\"https:\\\/\\\/aigleshopping.ca\\\/fr\\\/produit\\\/corde-de-traction-pliable-revoflex-xtreme-rally-multifunction-wheeled-health-abdominal-muscle-training-home-fitness-equipment\\\/#primaryimage\"},\"image\":{\"@id\":\"https:\\\/\\\/aigleshopping.ca\\\/fr\\\/produit\\\/corde-de-traction-pliable-revoflex-xtreme-rally-multifunction-wheeled-health-abdominal-muscle-training-home-fitness-equipment\\\/#primaryimage\"},\"thumbnailUrl\":\"https:\\\/\\\/aigleshopping.ca\\\/wp-content\\\/uploads\\\/2025\\\/03\\\/940703807182.jpg\",\"datePublished\":\"2025-03-08T19:41:33+00:00\",\"dateModified\":\"2025-03-10T14:24:35+00:00\",\"breadcrumb\":{\"@id\":\"https:\\\/\\\/aigleshopping.ca\\\/fr\\\/produit\\\/corde-de-traction-pliable-revoflex-xtreme-rally-multifunction-wheeled-health-abdominal-muscle-training-home-fitness-equipment\\\/#breadcrumb\"},\"inLanguage\":\"fr-FR\",\"potentialAction\":[{\"@type\":\"ReadAction\",\"target\":[\"https:\\\/\\\/aigleshopping.ca\\\/fr\\\/produit\\\/corde-de-traction-pliable-revoflex-xtreme-rally-multifunction-wheeled-health-abdominal-muscle-training-home-fitness-equipment\\\/\"]}]},{\"@type\":\"ImageObject\",\"inLanguage\":\"fr-FR\",\"@id\":\"https:\\\/\\\/aigleshopping.ca\\\/fr\\\/produit\\\/corde-de-traction-pliable-revoflex-xtreme-rally-multifunction-wheeled-health-abdominal-muscle-training-home-fitness-equipment\\\/#primaryimage\",\"url\":\"https:\\\/\\\/aigleshopping.ca\\\/wp-content\\\/uploads\\\/2025\\\/03\\\/940703807182.jpg\",\"contentUrl\":\"https:\\\/\\\/aigleshopping.ca\\\/wp-content\\\/uploads\\\/2025\\\/03\\\/940703807182.jpg\",\"width\":800,\"height\":800},{\"@type\":\"BreadcrumbList\",\"@id\":\"https:\\\/\\\/aigleshopping.ca\\\/fr\\\/produit\\\/corde-de-traction-pliable-revoflex-xtreme-rally-multifunction-wheeled-health-abdominal-muscle-training-home-fitness-equipment\\\/#breadcrumb\",\"itemListElement\":[{\"@type\":\"ListItem\",\"position\":1,\"name\":\"Home\",\"item\":\"https:\\\/\\\/aigleshopping.ca\\\/fr\\\/home\\\/\"},{\"@type\":\"ListItem\",\"position\":2,\"name\":\"Products\",\"item\":\"https:\\\/\\\/aigleshopping.ca\\\/shop\\\/\"},{\"@type\":\"ListItem\",\"position\":3,\"name\":\"Corde de traction pliable Revoflex Xtreme Rally Multifunction Wheeled Health Abdominal Muscle Training Home Fitness Equipment\"}]},{\"@type\":\"WebSite\",\"@id\":\"https:\\\/\\\/aigleshopping.ca\\\/#website\",\"url\":\"https:\\\/\\\/aigleshopping.ca\\\/\",\"name\":\"Aigle Shopping Canada\",\"description\":\"Au-del\u00e0 des fronti\u00e8res, pour vous offrir le\u00a0meilleur!\",\"publisher\":{\"@id\":\"https:\\\/\\\/aigleshopping.ca\\\/#organization\"},\"potentialAction\":[{\"@type\":\"SearchAction\",\"target\":{\"@type\":\"EntryPoint\",\"urlTemplate\":\"https:\\\/\\\/aigleshopping.ca\\\/?s={search_term_string}\"},\"query-input\":{\"@type\":\"PropertyValueSpecification\",\"valueRequired\":true,\"valueName\":\"search_term_string\"}}],\"inLanguage\":\"fr-FR\"},{\"@type\":\"Organization\",\"@id\":\"https:\\\/\\\/aigleshopping.ca\\\/#organization\",\"name\":\"Aigle Shopping Canada\",\"url\":\"https:\\\/\\\/aigleshopping.ca\\\/\",\"logo\":{\"@type\":\"ImageObject\",\"inLanguage\":\"fr-FR\",\"@id\":\"https:\\\/\\\/aigleshopping.ca\\\/#\\\/schema\\\/logo\\\/image\\\/\",\"url\":\"https:\\\/\\\/aigleshopping.ca\\\/wp-content\\\/uploads\\\/2025\\\/12\\\/logo_aigleshopping_ca.png\",\"contentUrl\":\"https:\\\/\\\/aigleshopping.ca\\\/wp-content\\\/uploads\\\/2025\\\/12\\\/logo_aigleshopping_ca.png\",\"width\":800,\"height\":233,\"caption\":\"Aigle Shopping Canada\"},\"image\":{\"@id\":\"https:\\\/\\\/aigleshopping.ca\\\/#\\\/schema\\\/logo\\\/image\\\/\"}}]}<\/script>\n<!-- \/ Yoast SEO plugin. -->","yoast_head_json":{"title":"Corde de traction pliable Revoflex Xtreme Rally Multifunction Wheeled Health Abdominal Muscle Training Home Fitness Equipment - Aigle Shopping Canada","robots":{"index":"index","follow":"follow","max-snippet":"max-snippet:-1","max-image-preview":"max-image-preview:large","max-video-preview":"max-video-preview:-1"},"canonical":"https:\/\/aigleshopping.ca\/fr\/produit\/corde-de-traction-pliable-revoflex-xtreme-rally-multifunction-wheeled-health-abdominal-muscle-training-home-fitness-equipment\/","og_locale":"fr_FR","og_type":"article","og_title":"Corde de traction pliable Revoflex Xtreme Rally Multifunction Wheeled Health Abdominal Muscle Training Home Fitness Equipment - Aigle Shopping Canada","og_description":"Vue d&rsquo;ensemble : Fait travailler tous les principaux groupes musculaires du haut du corps et votre abdomen Renforce les abdominaux, les \u00e9paules, les bras, le dos, la taille, les jambes, etc. Deux poign\u00e9es faciles \u00e0 saisir Corde de traction \u00e0 r\u00e9sistance puissante \u00e0 5 vitesses, 40 types d&rsquo;actions de fitness, Peut \u00eatre utilis\u00e9e \u00e0 la [&hellip;]","og_url":"https:\/\/aigleshopping.ca\/fr\/produit\/corde-de-traction-pliable-revoflex-xtreme-rally-multifunction-wheeled-health-abdominal-muscle-training-home-fitness-equipment\/","og_site_name":"Aigle Shopping Canada","article_modified_time":"2025-03-10T14:24:35+00:00","og_image":[{"width":800,"height":800,"url":"https:\/\/aigleshopping.ca\/wp-content\/uploads\/2025\/03\/940703807182.jpg","type":"image\/jpeg"}],"twitter_card":"summary_large_image","schema":{"@context":"https:\/\/schema.org","@graph":[{"@type":"WebPage","@id":"https:\/\/aigleshopping.ca\/fr\/produit\/corde-de-traction-pliable-revoflex-xtreme-rally-multifunction-wheeled-health-abdominal-muscle-training-home-fitness-equipment\/","url":"https:\/\/aigleshopping.ca\/fr\/produit\/corde-de-traction-pliable-revoflex-xtreme-rally-multifunction-wheeled-health-abdominal-muscle-training-home-fitness-equipment\/","name":"Corde de traction pliable Revoflex Xtreme Rally Multifunction Wheeled Health Abdominal Muscle Training Home Fitness Equipment - Aigle Shopping Canada","isPartOf":{"@id":"https:\/\/aigleshopping.ca\/#website"},"primaryImageOfPage":{"@id":"https:\/\/aigleshopping.ca\/fr\/produit\/corde-de-traction-pliable-revoflex-xtreme-rally-multifunction-wheeled-health-abdominal-muscle-training-home-fitness-equipment\/#primaryimage"},"image":{"@id":"https:\/\/aigleshopping.ca\/fr\/produit\/corde-de-traction-pliable-revoflex-xtreme-rally-multifunction-wheeled-health-abdominal-muscle-training-home-fitness-equipment\/#primaryimage"},"thumbnailUrl":"https:\/\/aigleshopping.ca\/wp-content\/uploads\/2025\/03\/940703807182.jpg","datePublished":"2025-03-08T19:41:33+00:00","dateModified":"2025-03-10T14:24:35+00:00","breadcrumb":{"@id":"https:\/\/aigleshopping.ca\/fr\/produit\/corde-de-traction-pliable-revoflex-xtreme-rally-multifunction-wheeled-health-abdominal-muscle-training-home-fitness-equipment\/#breadcrumb"},"inLanguage":"fr-FR","potentialAction":[{"@type":"ReadAction","target":["https:\/\/aigleshopping.ca\/fr\/produit\/corde-de-traction-pliable-revoflex-xtreme-rally-multifunction-wheeled-health-abdominal-muscle-training-home-fitness-equipment\/"]}]},{"@type":"ImageObject","inLanguage":"fr-FR","@id":"https:\/\/aigleshopping.ca\/fr\/produit\/corde-de-traction-pliable-revoflex-xtreme-rally-multifunction-wheeled-health-abdominal-muscle-training-home-fitness-equipment\/#primaryimage","url":"https:\/\/aigleshopping.ca\/wp-content\/uploads\/2025\/03\/940703807182.jpg","contentUrl":"https:\/\/aigleshopping.ca\/wp-content\/uploads\/2025\/03\/940703807182.jpg","width":800,"height":800},{"@type":"BreadcrumbList","@id":"https:\/\/aigleshopping.ca\/fr\/produit\/corde-de-traction-pliable-revoflex-xtreme-rally-multifunction-wheeled-health-abdominal-muscle-training-home-fitness-equipment\/#breadcrumb","itemListElement":[{"@type":"ListItem","position":1,"name":"Home","item":"https:\/\/aigleshopping.ca\/fr\/home\/"},{"@type":"ListItem","position":2,"name":"Products","item":"https:\/\/aigleshopping.ca\/shop\/"},{"@type":"ListItem","position":3,"name":"Corde de traction pliable Revoflex Xtreme Rally Multifunction Wheeled Health Abdominal Muscle Training Home Fitness Equipment"}]},{"@type":"WebSite","@id":"https:\/\/aigleshopping.ca\/#website","url":"https:\/\/aigleshopping.ca\/","name":"Aigle Shopping Canada","description":"Au-del\u00e0 des fronti\u00e8res, pour vous offrir le\u00a0meilleur!","publisher":{"@id":"https:\/\/aigleshopping.ca\/#organization"},"potentialAction":[{"@type":"SearchAction","target":{"@type":"EntryPoint","urlTemplate":"https:\/\/aigleshopping.ca\/?s={search_term_string}"},"query-input":{"@type":"PropertyValueSpecification","valueRequired":true,"valueName":"search_term_string"}}],"inLanguage":"fr-FR"},{"@type":"Organization","@id":"https:\/\/aigleshopping.ca\/#organization","name":"Aigle Shopping Canada","url":"https:\/\/aigleshopping.ca\/","logo":{"@type":"ImageObject","inLanguage":"fr-FR","@id":"https:\/\/aigleshopping.ca\/#\/schema\/logo\/image\/","url":"https:\/\/aigleshopping.ca\/wp-content\/uploads\/2025\/12\/logo_aigleshopping_ca.png","contentUrl":"https:\/\/aigleshopping.ca\/wp-content\/uploads\/2025\/12\/logo_aigleshopping_ca.png","width":800,"height":233,"caption":"Aigle Shopping Canada"},"image":{"@id":"https:\/\/aigleshopping.ca\/#\/schema\/logo\/image\/"}}]}},"jetpack_sharing_enabled":true,"_links":{"self":[{"href":"https:\/\/aigleshopping.ca\/fr\/wp-json\/wp\/v2\/product\/20914","targetHints":{"allow":["GET"]}}],"collection":[{"href":"https:\/\/aigleshopping.ca\/fr\/wp-json\/wp\/v2\/product"}],"about":[{"href":"https:\/\/aigleshopping.ca\/fr\/wp-json\/wp\/v2\/types\/product"}],"replies":[{"embeddable":true,"href":"https:\/\/aigleshopping.ca\/fr\/wp-json\/wp\/v2\/comments?post=20914"}],"wp:featuredmedia":[{"embeddable":true,"href":"https:\/\/aigleshopping.ca\/fr\/wp-json\/wp\/v2\/media\/16182"}],"wp:attachment":[{"href":"https:\/\/aigleshopping.ca\/fr\/wp-json\/wp\/v2\/media?parent=20914"}],"wp:term":[{"taxonomy":"product_brand","embeddable":true,"href":"https:\/\/aigleshopping.ca\/fr\/wp-json\/wp\/v2\/product_brand?post=20914"},{"taxonomy":"product_cat","embeddable":true,"href":"https:\/\/aigleshopping.ca\/fr\/wp-json\/wp\/v2\/product_cat?post=20914"},{"taxonomy":"product_tag","embeddable":true,"href":"https:\/\/aigleshopping.ca\/fr\/wp-json\/wp\/v2\/product_tag?post=20914"}],"curies":[{"name":"wp","href":"https:\/\/api.w.org\/{rel}","templated":true}]}}