{"id":20919,"date":"2025-03-08T19:46:12","date_gmt":"2025-03-08T19:46:12","guid":{"rendered":"https:\/\/aigleshopping.ca\/produit\/bande-de-resistance-elastique-cercle-hanche-fitness-squat-resistance-fesses-cercle-yoga\/"},"modified":"2025-03-08T19:46:12","modified_gmt":"2025-03-08T19:46:12","slug":"bande-de-resistance-elastique-cercle-hanche-fitness-squat-resistance-fesses-cercle-yoga","status":"publish","type":"product","link":"https:\/\/aigleshopping.ca\/fr\/produit\/bande-de-resistance-elastique-cercle-hanche-fitness-squat-resistance-fesses-cercle-yoga\/","title":{"rendered":"Bande de R\u00e9sistance Elastique Cercle Hanche Fitness Squat R\u00e9sistance Fesses Cercle Yoga"},"content":{"rendered":"<p> <b>Pr\u00e9sentation du produit :<\/b> <\/p>\n<p>  Nom du produit : bande de r\u00e9sistance pour squat <br \/> Mat\u00e9riau : latex mesh <br \/> Sp\u00e9cifications du produit : <br \/> S code circonf\u00e9rence lac bleu 76*8cm (tension diff\u00e9rente dans la m\u00eame sp\u00e9cification) Faible Poids : 110g <br \/> M code circonf\u00e9rence rose 76*8cm (tension diff\u00e9rente dans la m\u00eame sp\u00e9cification) Moyen Poids : 125g <br \/> L code circonf\u00e9rence violet 76*8cm (tension diff\u00e9rente dans la m\u00eame sp\u00e9cification) Fort Poids : 154g <br \/> Utilisation ; utilis\u00e9 pour pratiquer les hanches, les muscles des petites et grandes jambes, ainsi que l&rsquo;\u00e9quilibre du corps, am\u00e9liorer la force centrale du corps <br \/> Avantages : La bande de r\u00e9sistance pour le squat a une grande force de traction et une bonne r\u00e9silience. Le squat est le meilleur mouvement pour am\u00e9liorer la force des jambes. Il favorise \u00e9galement la force du corps entier, le premier choix pour d\u00e9velopper les muscles des jambes, favorise la croissance musculaire du corps entier et am\u00e9liore la fonction cardiaque. S&rsquo;accroupir. Pratiquez souvent les squats pour renforcer et am\u00e9liorer votre c\u0153ur.undefinedundefined      <\/p>\n<p> <b>Liste d&#8217;emballage : <\/b> Ceinture de yoga*1  <\/p>\n<p> <img decoding=\"async\" src=\"https:\/\/cf.cjdropshipping.com\/17044992\/1743523880871530496.jpg\" data-key=\"1\"> &nbsp;&nbsp; <\/p>\n<p> <img fetchpriority=\"high\" decoding=\"async\" alt=\"ind\u00e9fini\" height=\"790\" src=\"https:\/\/cf.cjdropshipping.com\/17044992\/1743523881081245696.jpg\" width=\"790\" data-key=\"2\"> <img decoding=\"async\" alt=\"ind\u00e9fini\" height=\"790\" src=\"https:\/\/cf.cjdropshipping.com\/17044992\/1743523881269989376.jpg\" width=\"790\" data-key=\"3\"> <\/p>\n<p> <img decoding=\"async\" alt=\"ind\u00e9fini\" height=\"790\" src=\"https:\/\/cf.cjdropshipping.com\/17044992\/1743523881693614080.jpg\" width=\"790\" data-key=\"4\"> <\/p>\n<p> <img loading=\"lazy\" decoding=\"async\" alt=\"ind\u00e9fini\" height=\"790\" src=\"https:\/\/cf.cjdropshipping.com\/17044992\/1743523881886552064.jpg\" width=\"790\" data-key=\"5\"> <\/p>\n<p> <img loading=\"lazy\" decoding=\"async\" alt=\"ind\u00e9fini\" height=\"790\" src=\"https:\/\/cf.cjdropshipping.com\/17044992\/1743523882075295744.jpg\" width=\"790\" data-key=\"6\"> <img loading=\"lazy\" decoding=\"async\" alt=\"ind\u00e9fini\" height=\"790\" src=\"https:\/\/cf.cjdropshipping.com\/17044992\/1743523882285010944.jpg\" width=\"790\" data-key=\"7\"> <br \/> <img loading=\"lazy\" decoding=\"async\" alt=\"ind\u00e9fini\" height=\"790\" src=\"https:\/\/cf.cjdropshipping.com\/17044992\/1743523882448588800.jpg\" width=\"790\" data-key=\"8\"> <br \/> <img loading=\"lazy\" decoding=\"async\" alt=\"ind\u00e9fini\" height=\"790\" src=\"https:\/\/cf.cjdropshipping.com\/17044992\/1743523882700247040.jpg\" width=\"790\" data-key=\"9\">  <\/p>\n<p> <img decoding=\"async\" alt=\"\u4e0d\u660e\u786e\u7684\" src=\"https:\/\/cf.cjdropshipping.com\/17044992\/1743523882851241984.jpg\" data-src=\"https:\/\/ae01.alicdn.com\/kf\/Hd9e18a801e164b8997ebea2300a1eabfq.jpg?width=800&amp;height=800&amp;hash=1600\" data-key=\"10\" data-uploadossfail=\"false\"> <\/p>\n<p> <img decoding=\"async\" alt=\"\u4e0d\u660e\u786e\u7684\" src=\"https:\/\/cf.cjdropshipping.com\/17044992\/1743523882977071104.jpg\" data-key=\"11\"> <\/p>\n<p> <img decoding=\"async\" alt=\"\u4e0d\u660e\u786e\u7684\" src=\"https:\/\/cf.cjdropshipping.com\/17044992\/1743523883044179968.jpg\" data-src=\"https:\/\/ae01.alicdn.com\/kf\/H15a0e9b57ab1458ab9d15a31badc624eu.jpg?width=800&amp;height=800&amp;hash=1600\" data-key=\"12\" data-uploadossfail=\"false\"> <\/p>\n<p> <img decoding=\"async\" alt=\"\u4e0d\u660e\u786e\u7684\" src=\"https:\/\/cf.cjdropshipping.com\/17044992\/1743523883182592000.jpg\" data-src=\"https:\/\/ae01.alicdn.com\/kf\/H517bec8ac9b64e29ac7c43e70fc76e1ao.jpg?width=800&amp;height=800&amp;hash=1600\" data-key=\"13\" data-uploadossfail=\"false\"> <\/p>\n<p> <img decoding=\"async\" alt=\"\u4e0d\u660e\u786e\u7684\" src=\"https:\/\/cf.cjdropshipping.com\/17044992\/1743523883253895168.jpg\" data-src=\"https:\/\/ae01.alicdn.com\/kf\/H703a98f98efe49178cf24e555124c87ff.jpg?width=800&amp;height=800&amp;hash=1600\" data-key=\"14\" data-uploadossfail=\"false\"> <\/p>\n<p> <img decoding=\"async\" alt=\"\u4e0d\u660e\u786e\u7684\" src=\"https:\/\/cf.cjdropshipping.com\/17044992\/1743523883350364160.jpg\" data-src=\"https:\/\/ae01.alicdn.com\/kf\/H518d4d3a7fe444799f41ba242fa7faef1.jpg?width=800&amp;height=800&amp;hash=1600\" data-key=\"15\" data-uploadossfail=\"false\"> <\/p>\n<p> <img decoding=\"async\" alt=\"\u4e0d\u660e\u786e\u7684\" src=\"https:\/\/cf.cjdropshipping.com\/17044992\/1743523883509747712.jpg\" data-src=\"https:\/\/ae01.alicdn.com\/kf\/H7621f33f97454435a297c070e1311ea2i.jpg?width=800&amp;height=800&amp;hash=1600\" data-key=\"16\" data-uploadossfail=\"false\"> <\/p>\n<p> <img decoding=\"async\" alt=\"\u4e0d\u660e\u786e\u7684\" src=\"https:\/\/cf.cjdropshipping.com\/17044992\/1743523883614605312.jpg\" data-src=\"https:\/\/ae01.alicdn.com\/kf\/H9c524e42e40a4cf28b758c29278fd062M.jpg?width=800&amp;height=800&amp;hash=1600\" data-key=\"17\" data-uploadossfail=\"false\"> <\/p>\n<p> <img decoding=\"async\" alt=\"\u4e0d\u660e\u786e\u7684\" src=\"https:\/\/cf.cjdropshipping.com\/17044992\/1743523883694297088.jpg\" data-src=\"https:\/\/ae01.alicdn.com\/kf\/H9711e9c82f9b45dd99ba7c302b95c5f8n.jpg?width=800&amp;height=800&amp;hash=1600\" data-key=\"18\" data-uploadossfail=\"false\"> <\/p>\n<p> <img decoding=\"async\" alt=\"\u4e0d\u660e\u786e\u7684\" src=\"https:\/\/cf.cjdropshipping.com\/17044992\/1743523883761405952.jpg\" data-src=\"https:\/\/ae01.alicdn.com\/kf\/H751ff1b3c1fa4d04b81f4ab81c9b4347N.jpg?width=800&amp;height=800&amp;hash=1600\" data-key=\"19\" data-uploadossfail=\"false\">  <\/p>\n","protected":false},"excerpt":{"rendered":"<p>Pr\u00e9sentation du produit : Nom du produit : bande de r\u00e9sistance pour squat Mat\u00e9riau : latex mesh Sp\u00e9cifications du produit : S code circonf\u00e9rence lac bleu 76*8cm (tension diff\u00e9rente dans la m\u00eame sp\u00e9cification) Faible Poids : 110g M code circonf\u00e9rence rose 76*8cm (tension diff\u00e9rente dans la m\u00eame sp\u00e9cification) Moyen Poids : 125g L code circonf\u00e9rence [&hellip;]<\/p>\n","protected":false},"featured_media":16391,"comment_status":"open","ping_status":"closed","template":"","meta":{"content-type":""},"product_brand":[],"product_cat":[217],"product_tag":[],"class_list":{"0":"post-20919","1":"product","2":"type-product","3":"status-publish","4":"has-post-thumbnail","6":"product_cat-sport-fr","8":"first","9":"instock","10":"taxable","11":"shipping-taxable","12":"purchasable","13":"product-type-variable","14":"add-to-wishlist-after_add_to_cart"},"yoast_head":"<!-- This site is optimized with the Yoast SEO plugin v27.4 - https:\/\/yoast.com\/product\/yoast-seo-wordpress\/ -->\n<title>Bande de R\u00e9sistance Elastique Cercle Hanche Fitness Squat R\u00e9sistance Fesses Cercle Yoga - Aigle Shopping Canada<\/title>\n<meta name=\"robots\" content=\"index, follow, max-snippet:-1, max-image-preview:large, max-video-preview:-1\" \/>\n<link rel=\"canonical\" href=\"https:\/\/aigleshopping.ca\/fr\/produit\/bande-de-resistance-elastique-cercle-hanche-fitness-squat-resistance-fesses-cercle-yoga\/\" \/>\n<meta property=\"og:locale\" content=\"fr_FR\" \/>\n<meta property=\"og:type\" content=\"article\" \/>\n<meta property=\"og:title\" content=\"Bande de R\u00e9sistance Elastique Cercle Hanche Fitness Squat R\u00e9sistance Fesses Cercle Yoga - Aigle Shopping Canada\" \/>\n<meta property=\"og:description\" content=\"Pr\u00e9sentation du produit : Nom du produit : bande de r\u00e9sistance pour squat Mat\u00e9riau : latex mesh Sp\u00e9cifications du produit : S code circonf\u00e9rence lac bleu 76*8cm (tension diff\u00e9rente dans la m\u00eame sp\u00e9cification) Faible Poids : 110g M code circonf\u00e9rence rose 76*8cm (tension diff\u00e9rente dans la m\u00eame sp\u00e9cification) Moyen Poids : 125g L code circonf\u00e9rence [&hellip;]\" \/>\n<meta property=\"og:url\" content=\"https:\/\/aigleshopping.ca\/fr\/produit\/bande-de-resistance-elastique-cercle-hanche-fitness-squat-resistance-fesses-cercle-yoga\/\" \/>\n<meta property=\"og:site_name\" content=\"Aigle Shopping Canada\" \/>\n<meta property=\"og:image\" content=\"https:\/\/aigleshopping.ca\/wp-content\/uploads\/2025\/03\/16c113fe-9be6-4eed-aa95-924522502a86.jpg\" \/>\n\t<meta property=\"og:image:width\" content=\"854\" \/>\n\t<meta property=\"og:image:height\" content=\"778\" \/>\n\t<meta property=\"og:image:type\" content=\"image\/jpeg\" \/>\n<meta name=\"twitter:card\" content=\"summary_large_image\" \/>\n<meta name=\"twitter:label1\" content=\"Dur\u00e9e de lecture estim\u00e9e\" \/>\n\t<meta name=\"twitter:data1\" content=\"1 minute\" \/>\n<script type=\"application\/ld+json\" class=\"yoast-schema-graph\">{\"@context\":\"https:\\\/\\\/schema.org\",\"@graph\":[{\"@type\":\"WebPage\",\"@id\":\"https:\\\/\\\/aigleshopping.ca\\\/fr\\\/produit\\\/bande-de-resistance-elastique-cercle-hanche-fitness-squat-resistance-fesses-cercle-yoga\\\/\",\"url\":\"https:\\\/\\\/aigleshopping.ca\\\/fr\\\/produit\\\/bande-de-resistance-elastique-cercle-hanche-fitness-squat-resistance-fesses-cercle-yoga\\\/\",\"name\":\"Bande de R\u00e9sistance Elastique Cercle Hanche Fitness Squat R\u00e9sistance Fesses Cercle Yoga - Aigle Shopping Canada\",\"isPartOf\":{\"@id\":\"https:\\\/\\\/aigleshopping.ca\\\/#website\"},\"primaryImageOfPage\":{\"@id\":\"https:\\\/\\\/aigleshopping.ca\\\/fr\\\/produit\\\/bande-de-resistance-elastique-cercle-hanche-fitness-squat-resistance-fesses-cercle-yoga\\\/#primaryimage\"},\"image\":{\"@id\":\"https:\\\/\\\/aigleshopping.ca\\\/fr\\\/produit\\\/bande-de-resistance-elastique-cercle-hanche-fitness-squat-resistance-fesses-cercle-yoga\\\/#primaryimage\"},\"thumbnailUrl\":\"https:\\\/\\\/aigleshopping.ca\\\/wp-content\\\/uploads\\\/2025\\\/03\\\/16c113fe-9be6-4eed-aa95-924522502a86.jpg\",\"datePublished\":\"2025-03-08T19:46:12+00:00\",\"breadcrumb\":{\"@id\":\"https:\\\/\\\/aigleshopping.ca\\\/fr\\\/produit\\\/bande-de-resistance-elastique-cercle-hanche-fitness-squat-resistance-fesses-cercle-yoga\\\/#breadcrumb\"},\"inLanguage\":\"fr-FR\",\"potentialAction\":[{\"@type\":\"ReadAction\",\"target\":[\"https:\\\/\\\/aigleshopping.ca\\\/fr\\\/produit\\\/bande-de-resistance-elastique-cercle-hanche-fitness-squat-resistance-fesses-cercle-yoga\\\/\"]}]},{\"@type\":\"ImageObject\",\"inLanguage\":\"fr-FR\",\"@id\":\"https:\\\/\\\/aigleshopping.ca\\\/fr\\\/produit\\\/bande-de-resistance-elastique-cercle-hanche-fitness-squat-resistance-fesses-cercle-yoga\\\/#primaryimage\",\"url\":\"https:\\\/\\\/aigleshopping.ca\\\/wp-content\\\/uploads\\\/2025\\\/03\\\/16c113fe-9be6-4eed-aa95-924522502a86.jpg\",\"contentUrl\":\"https:\\\/\\\/aigleshopping.ca\\\/wp-content\\\/uploads\\\/2025\\\/03\\\/16c113fe-9be6-4eed-aa95-924522502a86.jpg\",\"width\":854,\"height\":778},{\"@type\":\"BreadcrumbList\",\"@id\":\"https:\\\/\\\/aigleshopping.ca\\\/fr\\\/produit\\\/bande-de-resistance-elastique-cercle-hanche-fitness-squat-resistance-fesses-cercle-yoga\\\/#breadcrumb\",\"itemListElement\":[{\"@type\":\"ListItem\",\"position\":1,\"name\":\"Home\",\"item\":\"https:\\\/\\\/aigleshopping.ca\\\/fr\\\/home\\\/\"},{\"@type\":\"ListItem\",\"position\":2,\"name\":\"Products\",\"item\":\"https:\\\/\\\/aigleshopping.ca\\\/shop\\\/\"},{\"@type\":\"ListItem\",\"position\":3,\"name\":\"Bande de R\u00e9sistance Elastique Cercle Hanche Fitness Squat R\u00e9sistance Fesses Cercle Yoga\"}]},{\"@type\":\"WebSite\",\"@id\":\"https:\\\/\\\/aigleshopping.ca\\\/#website\",\"url\":\"https:\\\/\\\/aigleshopping.ca\\\/\",\"name\":\"Aigle Shopping Canada\",\"description\":\"Au-del\u00e0 des fronti\u00e8res, pour vous offrir le\u00a0meilleur!\",\"publisher\":{\"@id\":\"https:\\\/\\\/aigleshopping.ca\\\/#organization\"},\"potentialAction\":[{\"@type\":\"SearchAction\",\"target\":{\"@type\":\"EntryPoint\",\"urlTemplate\":\"https:\\\/\\\/aigleshopping.ca\\\/?s={search_term_string}\"},\"query-input\":{\"@type\":\"PropertyValueSpecification\",\"valueRequired\":true,\"valueName\":\"search_term_string\"}}],\"inLanguage\":\"fr-FR\"},{\"@type\":\"Organization\",\"@id\":\"https:\\\/\\\/aigleshopping.ca\\\/#organization\",\"name\":\"Aigle Shopping Canada\",\"url\":\"https:\\\/\\\/aigleshopping.ca\\\/\",\"logo\":{\"@type\":\"ImageObject\",\"inLanguage\":\"fr-FR\",\"@id\":\"https:\\\/\\\/aigleshopping.ca\\\/#\\\/schema\\\/logo\\\/image\\\/\",\"url\":\"https:\\\/\\\/aigleshopping.ca\\\/wp-content\\\/uploads\\\/2025\\\/12\\\/logo_aigleshopping_ca.png\",\"contentUrl\":\"https:\\\/\\\/aigleshopping.ca\\\/wp-content\\\/uploads\\\/2025\\\/12\\\/logo_aigleshopping_ca.png\",\"width\":800,\"height\":233,\"caption\":\"Aigle Shopping Canada\"},\"image\":{\"@id\":\"https:\\\/\\\/aigleshopping.ca\\\/#\\\/schema\\\/logo\\\/image\\\/\"}}]}<\/script>\n<!-- \/ Yoast SEO plugin. -->","yoast_head_json":{"title":"Bande de R\u00e9sistance Elastique Cercle Hanche Fitness Squat R\u00e9sistance Fesses Cercle Yoga - Aigle Shopping Canada","robots":{"index":"index","follow":"follow","max-snippet":"max-snippet:-1","max-image-preview":"max-image-preview:large","max-video-preview":"max-video-preview:-1"},"canonical":"https:\/\/aigleshopping.ca\/fr\/produit\/bande-de-resistance-elastique-cercle-hanche-fitness-squat-resistance-fesses-cercle-yoga\/","og_locale":"fr_FR","og_type":"article","og_title":"Bande de R\u00e9sistance Elastique Cercle Hanche Fitness Squat R\u00e9sistance Fesses Cercle Yoga - Aigle Shopping Canada","og_description":"Pr\u00e9sentation du produit : Nom du produit : bande de r\u00e9sistance pour squat Mat\u00e9riau : latex mesh Sp\u00e9cifications du produit : S code circonf\u00e9rence lac bleu 76*8cm (tension diff\u00e9rente dans la m\u00eame sp\u00e9cification) Faible Poids : 110g M code circonf\u00e9rence rose 76*8cm (tension diff\u00e9rente dans la m\u00eame sp\u00e9cification) Moyen Poids : 125g L code circonf\u00e9rence [&hellip;]","og_url":"https:\/\/aigleshopping.ca\/fr\/produit\/bande-de-resistance-elastique-cercle-hanche-fitness-squat-resistance-fesses-cercle-yoga\/","og_site_name":"Aigle Shopping Canada","og_image":[{"width":854,"height":778,"url":"https:\/\/aigleshopping.ca\/wp-content\/uploads\/2025\/03\/16c113fe-9be6-4eed-aa95-924522502a86.jpg","type":"image\/jpeg"}],"twitter_card":"summary_large_image","twitter_misc":{"Dur\u00e9e de lecture estim\u00e9e":"1 minute"},"schema":{"@context":"https:\/\/schema.org","@graph":[{"@type":"WebPage","@id":"https:\/\/aigleshopping.ca\/fr\/produit\/bande-de-resistance-elastique-cercle-hanche-fitness-squat-resistance-fesses-cercle-yoga\/","url":"https:\/\/aigleshopping.ca\/fr\/produit\/bande-de-resistance-elastique-cercle-hanche-fitness-squat-resistance-fesses-cercle-yoga\/","name":"Bande de R\u00e9sistance Elastique Cercle Hanche Fitness Squat R\u00e9sistance Fesses Cercle Yoga - Aigle Shopping Canada","isPartOf":{"@id":"https:\/\/aigleshopping.ca\/#website"},"primaryImageOfPage":{"@id":"https:\/\/aigleshopping.ca\/fr\/produit\/bande-de-resistance-elastique-cercle-hanche-fitness-squat-resistance-fesses-cercle-yoga\/#primaryimage"},"image":{"@id":"https:\/\/aigleshopping.ca\/fr\/produit\/bande-de-resistance-elastique-cercle-hanche-fitness-squat-resistance-fesses-cercle-yoga\/#primaryimage"},"thumbnailUrl":"https:\/\/aigleshopping.ca\/wp-content\/uploads\/2025\/03\/16c113fe-9be6-4eed-aa95-924522502a86.jpg","datePublished":"2025-03-08T19:46:12+00:00","breadcrumb":{"@id":"https:\/\/aigleshopping.ca\/fr\/produit\/bande-de-resistance-elastique-cercle-hanche-fitness-squat-resistance-fesses-cercle-yoga\/#breadcrumb"},"inLanguage":"fr-FR","potentialAction":[{"@type":"ReadAction","target":["https:\/\/aigleshopping.ca\/fr\/produit\/bande-de-resistance-elastique-cercle-hanche-fitness-squat-resistance-fesses-cercle-yoga\/"]}]},{"@type":"ImageObject","inLanguage":"fr-FR","@id":"https:\/\/aigleshopping.ca\/fr\/produit\/bande-de-resistance-elastique-cercle-hanche-fitness-squat-resistance-fesses-cercle-yoga\/#primaryimage","url":"https:\/\/aigleshopping.ca\/wp-content\/uploads\/2025\/03\/16c113fe-9be6-4eed-aa95-924522502a86.jpg","contentUrl":"https:\/\/aigleshopping.ca\/wp-content\/uploads\/2025\/03\/16c113fe-9be6-4eed-aa95-924522502a86.jpg","width":854,"height":778},{"@type":"BreadcrumbList","@id":"https:\/\/aigleshopping.ca\/fr\/produit\/bande-de-resistance-elastique-cercle-hanche-fitness-squat-resistance-fesses-cercle-yoga\/#breadcrumb","itemListElement":[{"@type":"ListItem","position":1,"name":"Home","item":"https:\/\/aigleshopping.ca\/fr\/home\/"},{"@type":"ListItem","position":2,"name":"Products","item":"https:\/\/aigleshopping.ca\/shop\/"},{"@type":"ListItem","position":3,"name":"Bande de R\u00e9sistance Elastique Cercle Hanche Fitness Squat R\u00e9sistance Fesses Cercle Yoga"}]},{"@type":"WebSite","@id":"https:\/\/aigleshopping.ca\/#website","url":"https:\/\/aigleshopping.ca\/","name":"Aigle Shopping Canada","description":"Au-del\u00e0 des fronti\u00e8res, pour vous offrir le\u00a0meilleur!","publisher":{"@id":"https:\/\/aigleshopping.ca\/#organization"},"potentialAction":[{"@type":"SearchAction","target":{"@type":"EntryPoint","urlTemplate":"https:\/\/aigleshopping.ca\/?s={search_term_string}"},"query-input":{"@type":"PropertyValueSpecification","valueRequired":true,"valueName":"search_term_string"}}],"inLanguage":"fr-FR"},{"@type":"Organization","@id":"https:\/\/aigleshopping.ca\/#organization","name":"Aigle Shopping Canada","url":"https:\/\/aigleshopping.ca\/","logo":{"@type":"ImageObject","inLanguage":"fr-FR","@id":"https:\/\/aigleshopping.ca\/#\/schema\/logo\/image\/","url":"https:\/\/aigleshopping.ca\/wp-content\/uploads\/2025\/12\/logo_aigleshopping_ca.png","contentUrl":"https:\/\/aigleshopping.ca\/wp-content\/uploads\/2025\/12\/logo_aigleshopping_ca.png","width":800,"height":233,"caption":"Aigle Shopping Canada"},"image":{"@id":"https:\/\/aigleshopping.ca\/#\/schema\/logo\/image\/"}}]}},"jetpack_sharing_enabled":true,"_links":{"self":[{"href":"https:\/\/aigleshopping.ca\/fr\/wp-json\/wp\/v2\/product\/20919","targetHints":{"allow":["GET"]}}],"collection":[{"href":"https:\/\/aigleshopping.ca\/fr\/wp-json\/wp\/v2\/product"}],"about":[{"href":"https:\/\/aigleshopping.ca\/fr\/wp-json\/wp\/v2\/types\/product"}],"replies":[{"embeddable":true,"href":"https:\/\/aigleshopping.ca\/fr\/wp-json\/wp\/v2\/comments?post=20919"}],"wp:featuredmedia":[{"embeddable":true,"href":"https:\/\/aigleshopping.ca\/fr\/wp-json\/wp\/v2\/media\/16391"}],"wp:attachment":[{"href":"https:\/\/aigleshopping.ca\/fr\/wp-json\/wp\/v2\/media?parent=20919"}],"wp:term":[{"taxonomy":"product_brand","embeddable":true,"href":"https:\/\/aigleshopping.ca\/fr\/wp-json\/wp\/v2\/product_brand?post=20919"},{"taxonomy":"product_cat","embeddable":true,"href":"https:\/\/aigleshopping.ca\/fr\/wp-json\/wp\/v2\/product_cat?post=20919"},{"taxonomy":"product_tag","embeddable":true,"href":"https:\/\/aigleshopping.ca\/fr\/wp-json\/wp\/v2\/product_tag?post=20919"}],"curies":[{"name":"wp","href":"https:\/\/api.w.org\/{rel}","templated":true}]}}