{"id":20924,"date":"2025-03-08T19:39:45","date_gmt":"2025-03-08T19:39:45","guid":{"rendered":"https:\/\/aigleshopping.ca\/produit\/barre-dexercices-pour-abdominaux-support-de-cheville-au-sol-support-dexercice-rembourre-equipement-dentrainement-pour-la-salle-de-sport-a-domicile\/"},"modified":"2025-03-08T19:39:45","modified_gmt":"2025-03-08T19:39:45","slug":"barre-dexercices-pour-abdominaux-support-de-cheville-au-sol-support-dexercice-rembourre-equipement-dentrainement-pour-la-salle-de-sport-a-domicile","status":"publish","type":"product","link":"https:\/\/aigleshopping.ca\/fr\/produit\/barre-dexercices-pour-abdominaux-support-de-cheville-au-sol-support-dexercice-rembourre-equipement-dentrainement-pour-la-salle-de-sport-a-domicile\/","title":{"rendered":"Barre d&rsquo;exercices pour abdominaux, support de cheville au sol, support d&rsquo;exercice rembourr\u00e9, \u00e9quipement d&rsquo;entra\u00eenement pour la salle de sport \u00e0 domicile"},"content":{"rendered":"<p> <span style=\"font-weight: bold\">Vue d&rsquo;ensemble<\/span>: <br \/> &#8211; Solide et durable <br \/> Le cadre en acier robuste est construit pour une durabilit\u00e9 extr\u00eame, une grande aide pour la taille \/ l&rsquo;abdomen \/ les jambes \/ le corps, l&rsquo;\u00e9l\u00e9vation des fesses et la tonification musculaire.  <br \/> &#8211; Support stable : Capacit\u00e9 de charge max. Capacit\u00e9 de charge : 330lbs.  <br \/> La ventouse en caoutchouc naturel s&rsquo;accroche fermement au sol pour assurer un support s\u00fbr et stable pour votre entra\u00eenement.  <br \/> &#8211; Hauteur r\u00e9glable <br \/> Les poign\u00e9es en mousse souple et \u00e9paisse sont confortables contre vos pieds et \u00e9vitent les frottements. La hauteur est r\u00e9glable pour r\u00e9pondre \u00e0 diff\u00e9rents besoins. <br \/> &#8211; Large application <br \/> Convient aux surfaces lisses comme le carrelage, le b\u00e9ton durci, le marbre, le bois \/ les planchers en bois, assurez-vous que le sol et les ventouses sont propres.  <br \/> &#8211; Compact et l\u00e9ger     <\/p>\n<p>Peu encombrant, il est tr\u00e8s pratique pour le stockage et le transport o\u00f9 que vous alliez.<\/p>\n<p> <span style=\"font-weight: bold\"> <br \/> <\/span> <\/p>\n<p> <span style=\"font-weight: bold\">Sp\u00e9cification :<\/span> <br \/> &#8211; Mat\u00e9riau : Acier, plastique, caoutchouc et coton de haute qualit\u00e9 <br \/> &#8211; Couleur : Comme l&rsquo;image <br \/> &#8211; Taille : 27 x 12 cm <br \/> &#8211; Poids : 750 g  <\/p>\n<p> <\/p>\n<p> <span style=\"font-weight: bold\">Contenu du paquet :<\/span> <br \/> 1 x Coussin d&rsquo;assise \u00e0 ventouse  <\/p>\n<p> <\/p>\n<p> <\/p>\n<p> <img decoding=\"async\" src=\"https:\/\/cf.cjdropshipping.com\/88cb8896-c753-4124-9317-0db5579b0a3a.jpg\"> <img decoding=\"async\" src=\"https:\/\/cf.cjdropshipping.com\/0bd8d007-3df1-4982-b613-784d0248ffd3.jpg\">  <\/p>\n<p> <img decoding=\"async\" src=\"https:\/\/cf.cjdropshipping.com\/a8df6c6f-15fe-47e9-9574-490a71e5410c.jpg\">  <\/p>\n<p> <img decoding=\"async\" src=\"https:\/\/cf.cjdropshipping.com\/20200315\/768186396944.jpg\"> <img decoding=\"async\" src=\"https:\/\/cf.cjdropshipping.com\/20200315\/1073883879481.jpg\"> <img decoding=\"async\" src=\"https:\/\/cf.cjdropshipping.com\/20200315\/687764324941.jpg\"> <img decoding=\"async\" src=\"https:\/\/cf.cjdropshipping.com\/20200315\/1325511148730.jpg\"> <img decoding=\"async\" src=\"https:\/\/cf.cjdropshipping.com\/20200315\/3308641879791.jpg\"> <img decoding=\"async\" src=\"https:\/\/cf.cjdropshipping.com\/20200315\/2290425757442.jpg\"> <img decoding=\"async\" src=\"https:\/\/cf.cjdropshipping.com\/20200315\/2510775200264.jpg\"> <img decoding=\"async\" src=\"https:\/\/cf.cjdropshipping.com\/20200315\/1139466244894.jpg\"> <img decoding=\"async\" src=\"https:\/\/cf.cjdropshipping.com\/20200315\/4209455108877.jpg\">  <\/p>\n","protected":false},"excerpt":{"rendered":"<p>Vue d&rsquo;ensemble: &#8211; Solide et durable Le cadre en acier robuste est construit pour une durabilit\u00e9 extr\u00eame, une grande aide pour la taille \/ l&rsquo;abdomen \/ les jambes \/ le corps, l&rsquo;\u00e9l\u00e9vation des fesses et la tonification musculaire. &#8211; Support stable : Capacit\u00e9 de charge max. Capacit\u00e9 de charge : 330lbs. La ventouse en caoutchouc [&hellip;]<\/p>\n","protected":false},"featured_media":16136,"comment_status":"open","ping_status":"closed","template":"","meta":{"content-type":""},"product_brand":[],"product_cat":[217],"product_tag":[],"class_list":{"0":"post-20924","1":"product","2":"type-product","3":"status-publish","4":"has-post-thumbnail","6":"product_cat-sport-fr","8":"first","9":"instock","10":"taxable","11":"shipping-taxable","12":"purchasable","13":"product-type-variable","14":"add-to-wishlist-after_add_to_cart"},"yoast_head":"<!-- This site is optimized with the Yoast SEO plugin v27.4 - https:\/\/yoast.com\/product\/yoast-seo-wordpress\/ -->\n<title>Barre d&#039;exercices pour abdominaux, support de cheville au sol, support d&#039;exercice rembourr\u00e9, \u00e9quipement d&#039;entra\u00eenement pour la salle de sport \u00e0 domicile - Aigle Shopping Canada<\/title>\n<meta name=\"robots\" content=\"index, follow, max-snippet:-1, max-image-preview:large, max-video-preview:-1\" \/>\n<link rel=\"canonical\" href=\"https:\/\/aigleshopping.ca\/fr\/produit\/barre-dexercices-pour-abdominaux-support-de-cheville-au-sol-support-dexercice-rembourre-equipement-dentrainement-pour-la-salle-de-sport-a-domicile\/\" \/>\n<meta property=\"og:locale\" content=\"fr_FR\" \/>\n<meta property=\"og:type\" content=\"article\" \/>\n<meta property=\"og:title\" content=\"Barre d&#039;exercices pour abdominaux, support de cheville au sol, support d&#039;exercice rembourr\u00e9, \u00e9quipement d&#039;entra\u00eenement pour la salle de sport \u00e0 domicile - Aigle Shopping Canada\" \/>\n<meta property=\"og:description\" content=\"Vue d&rsquo;ensemble: &#8211; Solide et durable Le cadre en acier robuste est construit pour une durabilit\u00e9 extr\u00eame, une grande aide pour la taille \/ l&rsquo;abdomen \/ les jambes \/ le corps, l&rsquo;\u00e9l\u00e9vation des fesses et la tonification musculaire. &#8211; Support stable : Capacit\u00e9 de charge max. Capacit\u00e9 de charge : 330lbs. La ventouse en caoutchouc [&hellip;]\" \/>\n<meta property=\"og:url\" content=\"https:\/\/aigleshopping.ca\/fr\/produit\/barre-dexercices-pour-abdominaux-support-de-cheville-au-sol-support-dexercice-rembourre-equipement-dentrainement-pour-la-salle-de-sport-a-domicile\/\" \/>\n<meta property=\"og:site_name\" content=\"Aigle Shopping Canada\" \/>\n<meta property=\"og:image\" content=\"https:\/\/aigleshopping.ca\/wp-content\/uploads\/2025\/03\/768186396944.jpg\" \/>\n\t<meta property=\"og:image:width\" content=\"800\" \/>\n\t<meta property=\"og:image:height\" content=\"800\" \/>\n\t<meta property=\"og:image:type\" content=\"image\/jpeg\" \/>\n<meta name=\"twitter:card\" content=\"summary_large_image\" \/>\n<meta name=\"twitter:label1\" content=\"Dur\u00e9e de lecture estim\u00e9e\" \/>\n\t<meta name=\"twitter:data1\" content=\"1 minute\" \/>\n<script type=\"application\/ld+json\" class=\"yoast-schema-graph\">{\"@context\":\"https:\\\/\\\/schema.org\",\"@graph\":[{\"@type\":\"WebPage\",\"@id\":\"https:\\\/\\\/aigleshopping.ca\\\/fr\\\/produit\\\/barre-dexercices-pour-abdominaux-support-de-cheville-au-sol-support-dexercice-rembourre-equipement-dentrainement-pour-la-salle-de-sport-a-domicile\\\/\",\"url\":\"https:\\\/\\\/aigleshopping.ca\\\/fr\\\/produit\\\/barre-dexercices-pour-abdominaux-support-de-cheville-au-sol-support-dexercice-rembourre-equipement-dentrainement-pour-la-salle-de-sport-a-domicile\\\/\",\"name\":\"Barre d'exercices pour abdominaux, support de cheville au sol, support d'exercice rembourr\u00e9, \u00e9quipement d'entra\u00eenement pour la salle de sport \u00e0 domicile - Aigle Shopping Canada\",\"isPartOf\":{\"@id\":\"https:\\\/\\\/aigleshopping.ca\\\/#website\"},\"primaryImageOfPage\":{\"@id\":\"https:\\\/\\\/aigleshopping.ca\\\/fr\\\/produit\\\/barre-dexercices-pour-abdominaux-support-de-cheville-au-sol-support-dexercice-rembourre-equipement-dentrainement-pour-la-salle-de-sport-a-domicile\\\/#primaryimage\"},\"image\":{\"@id\":\"https:\\\/\\\/aigleshopping.ca\\\/fr\\\/produit\\\/barre-dexercices-pour-abdominaux-support-de-cheville-au-sol-support-dexercice-rembourre-equipement-dentrainement-pour-la-salle-de-sport-a-domicile\\\/#primaryimage\"},\"thumbnailUrl\":\"https:\\\/\\\/aigleshopping.ca\\\/wp-content\\\/uploads\\\/2025\\\/03\\\/768186396944.jpg\",\"datePublished\":\"2025-03-08T19:39:45+00:00\",\"breadcrumb\":{\"@id\":\"https:\\\/\\\/aigleshopping.ca\\\/fr\\\/produit\\\/barre-dexercices-pour-abdominaux-support-de-cheville-au-sol-support-dexercice-rembourre-equipement-dentrainement-pour-la-salle-de-sport-a-domicile\\\/#breadcrumb\"},\"inLanguage\":\"fr-FR\",\"potentialAction\":[{\"@type\":\"ReadAction\",\"target\":[\"https:\\\/\\\/aigleshopping.ca\\\/fr\\\/produit\\\/barre-dexercices-pour-abdominaux-support-de-cheville-au-sol-support-dexercice-rembourre-equipement-dentrainement-pour-la-salle-de-sport-a-domicile\\\/\"]}]},{\"@type\":\"ImageObject\",\"inLanguage\":\"fr-FR\",\"@id\":\"https:\\\/\\\/aigleshopping.ca\\\/fr\\\/produit\\\/barre-dexercices-pour-abdominaux-support-de-cheville-au-sol-support-dexercice-rembourre-equipement-dentrainement-pour-la-salle-de-sport-a-domicile\\\/#primaryimage\",\"url\":\"https:\\\/\\\/aigleshopping.ca\\\/wp-content\\\/uploads\\\/2025\\\/03\\\/768186396944.jpg\",\"contentUrl\":\"https:\\\/\\\/aigleshopping.ca\\\/wp-content\\\/uploads\\\/2025\\\/03\\\/768186396944.jpg\",\"width\":800,\"height\":800},{\"@type\":\"BreadcrumbList\",\"@id\":\"https:\\\/\\\/aigleshopping.ca\\\/fr\\\/produit\\\/barre-dexercices-pour-abdominaux-support-de-cheville-au-sol-support-dexercice-rembourre-equipement-dentrainement-pour-la-salle-de-sport-a-domicile\\\/#breadcrumb\",\"itemListElement\":[{\"@type\":\"ListItem\",\"position\":1,\"name\":\"Home\",\"item\":\"https:\\\/\\\/aigleshopping.ca\\\/fr\\\/home\\\/\"},{\"@type\":\"ListItem\",\"position\":2,\"name\":\"Products\",\"item\":\"https:\\\/\\\/aigleshopping.ca\\\/shop\\\/\"},{\"@type\":\"ListItem\",\"position\":3,\"name\":\"Barre d&#8217;exercices pour abdominaux, support de cheville au sol, support d&#8217;exercice rembourr\u00e9, \u00e9quipement d&#8217;entra\u00eenement pour la salle de sport \u00e0 domicile\"}]},{\"@type\":\"WebSite\",\"@id\":\"https:\\\/\\\/aigleshopping.ca\\\/#website\",\"url\":\"https:\\\/\\\/aigleshopping.ca\\\/\",\"name\":\"Aigle Shopping Canada\",\"description\":\"Au-del\u00e0 des fronti\u00e8res, pour vous offrir le\u00a0meilleur!\",\"publisher\":{\"@id\":\"https:\\\/\\\/aigleshopping.ca\\\/#organization\"},\"potentialAction\":[{\"@type\":\"SearchAction\",\"target\":{\"@type\":\"EntryPoint\",\"urlTemplate\":\"https:\\\/\\\/aigleshopping.ca\\\/?s={search_term_string}\"},\"query-input\":{\"@type\":\"PropertyValueSpecification\",\"valueRequired\":true,\"valueName\":\"search_term_string\"}}],\"inLanguage\":\"fr-FR\"},{\"@type\":\"Organization\",\"@id\":\"https:\\\/\\\/aigleshopping.ca\\\/#organization\",\"name\":\"Aigle Shopping Canada\",\"url\":\"https:\\\/\\\/aigleshopping.ca\\\/\",\"logo\":{\"@type\":\"ImageObject\",\"inLanguage\":\"fr-FR\",\"@id\":\"https:\\\/\\\/aigleshopping.ca\\\/#\\\/schema\\\/logo\\\/image\\\/\",\"url\":\"https:\\\/\\\/aigleshopping.ca\\\/wp-content\\\/uploads\\\/2025\\\/12\\\/logo_aigleshopping_ca.png\",\"contentUrl\":\"https:\\\/\\\/aigleshopping.ca\\\/wp-content\\\/uploads\\\/2025\\\/12\\\/logo_aigleshopping_ca.png\",\"width\":800,\"height\":233,\"caption\":\"Aigle Shopping Canada\"},\"image\":{\"@id\":\"https:\\\/\\\/aigleshopping.ca\\\/#\\\/schema\\\/logo\\\/image\\\/\"}}]}<\/script>\n<!-- \/ Yoast SEO plugin. -->","yoast_head_json":{"title":"Barre d'exercices pour abdominaux, support de cheville au sol, support d'exercice rembourr\u00e9, \u00e9quipement d'entra\u00eenement pour la salle de sport \u00e0 domicile - Aigle Shopping Canada","robots":{"index":"index","follow":"follow","max-snippet":"max-snippet:-1","max-image-preview":"max-image-preview:large","max-video-preview":"max-video-preview:-1"},"canonical":"https:\/\/aigleshopping.ca\/fr\/produit\/barre-dexercices-pour-abdominaux-support-de-cheville-au-sol-support-dexercice-rembourre-equipement-dentrainement-pour-la-salle-de-sport-a-domicile\/","og_locale":"fr_FR","og_type":"article","og_title":"Barre d'exercices pour abdominaux, support de cheville au sol, support d'exercice rembourr\u00e9, \u00e9quipement d'entra\u00eenement pour la salle de sport \u00e0 domicile - Aigle Shopping Canada","og_description":"Vue d&rsquo;ensemble: &#8211; Solide et durable Le cadre en acier robuste est construit pour une durabilit\u00e9 extr\u00eame, une grande aide pour la taille \/ l&rsquo;abdomen \/ les jambes \/ le corps, l&rsquo;\u00e9l\u00e9vation des fesses et la tonification musculaire. &#8211; Support stable : Capacit\u00e9 de charge max. Capacit\u00e9 de charge : 330lbs. La ventouse en caoutchouc [&hellip;]","og_url":"https:\/\/aigleshopping.ca\/fr\/produit\/barre-dexercices-pour-abdominaux-support-de-cheville-au-sol-support-dexercice-rembourre-equipement-dentrainement-pour-la-salle-de-sport-a-domicile\/","og_site_name":"Aigle Shopping Canada","og_image":[{"width":800,"height":800,"url":"https:\/\/aigleshopping.ca\/wp-content\/uploads\/2025\/03\/768186396944.jpg","type":"image\/jpeg"}],"twitter_card":"summary_large_image","twitter_misc":{"Dur\u00e9e de lecture estim\u00e9e":"1 minute"},"schema":{"@context":"https:\/\/schema.org","@graph":[{"@type":"WebPage","@id":"https:\/\/aigleshopping.ca\/fr\/produit\/barre-dexercices-pour-abdominaux-support-de-cheville-au-sol-support-dexercice-rembourre-equipement-dentrainement-pour-la-salle-de-sport-a-domicile\/","url":"https:\/\/aigleshopping.ca\/fr\/produit\/barre-dexercices-pour-abdominaux-support-de-cheville-au-sol-support-dexercice-rembourre-equipement-dentrainement-pour-la-salle-de-sport-a-domicile\/","name":"Barre d'exercices pour abdominaux, support de cheville au sol, support d'exercice rembourr\u00e9, \u00e9quipement d'entra\u00eenement pour la salle de sport \u00e0 domicile - Aigle Shopping Canada","isPartOf":{"@id":"https:\/\/aigleshopping.ca\/#website"},"primaryImageOfPage":{"@id":"https:\/\/aigleshopping.ca\/fr\/produit\/barre-dexercices-pour-abdominaux-support-de-cheville-au-sol-support-dexercice-rembourre-equipement-dentrainement-pour-la-salle-de-sport-a-domicile\/#primaryimage"},"image":{"@id":"https:\/\/aigleshopping.ca\/fr\/produit\/barre-dexercices-pour-abdominaux-support-de-cheville-au-sol-support-dexercice-rembourre-equipement-dentrainement-pour-la-salle-de-sport-a-domicile\/#primaryimage"},"thumbnailUrl":"https:\/\/aigleshopping.ca\/wp-content\/uploads\/2025\/03\/768186396944.jpg","datePublished":"2025-03-08T19:39:45+00:00","breadcrumb":{"@id":"https:\/\/aigleshopping.ca\/fr\/produit\/barre-dexercices-pour-abdominaux-support-de-cheville-au-sol-support-dexercice-rembourre-equipement-dentrainement-pour-la-salle-de-sport-a-domicile\/#breadcrumb"},"inLanguage":"fr-FR","potentialAction":[{"@type":"ReadAction","target":["https:\/\/aigleshopping.ca\/fr\/produit\/barre-dexercices-pour-abdominaux-support-de-cheville-au-sol-support-dexercice-rembourre-equipement-dentrainement-pour-la-salle-de-sport-a-domicile\/"]}]},{"@type":"ImageObject","inLanguage":"fr-FR","@id":"https:\/\/aigleshopping.ca\/fr\/produit\/barre-dexercices-pour-abdominaux-support-de-cheville-au-sol-support-dexercice-rembourre-equipement-dentrainement-pour-la-salle-de-sport-a-domicile\/#primaryimage","url":"https:\/\/aigleshopping.ca\/wp-content\/uploads\/2025\/03\/768186396944.jpg","contentUrl":"https:\/\/aigleshopping.ca\/wp-content\/uploads\/2025\/03\/768186396944.jpg","width":800,"height":800},{"@type":"BreadcrumbList","@id":"https:\/\/aigleshopping.ca\/fr\/produit\/barre-dexercices-pour-abdominaux-support-de-cheville-au-sol-support-dexercice-rembourre-equipement-dentrainement-pour-la-salle-de-sport-a-domicile\/#breadcrumb","itemListElement":[{"@type":"ListItem","position":1,"name":"Home","item":"https:\/\/aigleshopping.ca\/fr\/home\/"},{"@type":"ListItem","position":2,"name":"Products","item":"https:\/\/aigleshopping.ca\/shop\/"},{"@type":"ListItem","position":3,"name":"Barre d&#8217;exercices pour abdominaux, support de cheville au sol, support d&#8217;exercice rembourr\u00e9, \u00e9quipement d&#8217;entra\u00eenement pour la salle de sport \u00e0 domicile"}]},{"@type":"WebSite","@id":"https:\/\/aigleshopping.ca\/#website","url":"https:\/\/aigleshopping.ca\/","name":"Aigle Shopping Canada","description":"Au-del\u00e0 des fronti\u00e8res, pour vous offrir le\u00a0meilleur!","publisher":{"@id":"https:\/\/aigleshopping.ca\/#organization"},"potentialAction":[{"@type":"SearchAction","target":{"@type":"EntryPoint","urlTemplate":"https:\/\/aigleshopping.ca\/?s={search_term_string}"},"query-input":{"@type":"PropertyValueSpecification","valueRequired":true,"valueName":"search_term_string"}}],"inLanguage":"fr-FR"},{"@type":"Organization","@id":"https:\/\/aigleshopping.ca\/#organization","name":"Aigle Shopping Canada","url":"https:\/\/aigleshopping.ca\/","logo":{"@type":"ImageObject","inLanguage":"fr-FR","@id":"https:\/\/aigleshopping.ca\/#\/schema\/logo\/image\/","url":"https:\/\/aigleshopping.ca\/wp-content\/uploads\/2025\/12\/logo_aigleshopping_ca.png","contentUrl":"https:\/\/aigleshopping.ca\/wp-content\/uploads\/2025\/12\/logo_aigleshopping_ca.png","width":800,"height":233,"caption":"Aigle Shopping Canada"},"image":{"@id":"https:\/\/aigleshopping.ca\/#\/schema\/logo\/image\/"}}]}},"jetpack_sharing_enabled":true,"_links":{"self":[{"href":"https:\/\/aigleshopping.ca\/fr\/wp-json\/wp\/v2\/product\/20924","targetHints":{"allow":["GET"]}}],"collection":[{"href":"https:\/\/aigleshopping.ca\/fr\/wp-json\/wp\/v2\/product"}],"about":[{"href":"https:\/\/aigleshopping.ca\/fr\/wp-json\/wp\/v2\/types\/product"}],"replies":[{"embeddable":true,"href":"https:\/\/aigleshopping.ca\/fr\/wp-json\/wp\/v2\/comments?post=20924"}],"wp:featuredmedia":[{"embeddable":true,"href":"https:\/\/aigleshopping.ca\/fr\/wp-json\/wp\/v2\/media\/16136"}],"wp:attachment":[{"href":"https:\/\/aigleshopping.ca\/fr\/wp-json\/wp\/v2\/media?parent=20924"}],"wp:term":[{"taxonomy":"product_brand","embeddable":true,"href":"https:\/\/aigleshopping.ca\/fr\/wp-json\/wp\/v2\/product_brand?post=20924"},{"taxonomy":"product_cat","embeddable":true,"href":"https:\/\/aigleshopping.ca\/fr\/wp-json\/wp\/v2\/product_cat?post=20924"},{"taxonomy":"product_tag","embeddable":true,"href":"https:\/\/aigleshopping.ca\/fr\/wp-json\/wp\/v2\/product_tag?post=20924"}],"curies":[{"name":"wp","href":"https:\/\/api.w.org\/{rel}","templated":true}]}}