{"id":20946,"date":"2025-03-08T19:42:19","date_gmt":"2025-03-08T19:42:19","guid":{"rendered":"https:\/\/aigleshopping.ca\/produit\/cordes-de-saut-a-la-corde-pour-lentrainement-physique-et-lequipement-de-gymnastique-a-domicile\/"},"modified":"2025-03-10T14:24:39","modified_gmt":"2025-03-10T14:24:39","slug":"cordes-de-saut-a-la-corde-pour-lentrainement-physique-et-lequipement-de-gymnastique-a-domicile","status":"publish","type":"product","link":"https:\/\/aigleshopping.ca\/fr\/produit\/cordes-de-saut-a-la-corde-pour-lentrainement-physique-et-lequipement-de-gymnastique-a-domicile\/","title":{"rendered":"Cordes de saut \u00e0 la corde pour l&rsquo;entra\u00eenement physique et l&rsquo;\u00e9quipement de gymnastique \u00e0 domicile"},"content":{"rendered":"<p> <span style=\"font-weight: bold\">Vue d&rsquo;ensemble :<\/span> <br \/> Corde \u00e0 sauter lourde &#8211; La corde \u00e0 sauter lest\u00e9e est plus lourde que la corde \u00e0 sauter standard, elle peut vous aider \u00e0 d\u00e9penser plus d&rsquo;\u00e9nergie et \u00e0 d\u00e9velopper vos muscles. C&rsquo;est un excellent outil pour am\u00e9liorer votre force et votre entra\u00eenement physique.   <br \/>  Haute qualit\u00e9 &#8211; La corde d&rsquo;entra\u00eenement est fabriqu\u00e9e en nylon. Il est recommand\u00e9 de PORTER DES GANTS avant de faire de l&rsquo;exercice pour \u00e9viter les ampoules ou les callosit\u00e9s de la paume.   <br \/>  Avantages &#8211; Am\u00e9lioration de la coordination, de l&rsquo;agilit\u00e9, du jeu de jambes, de la rapidit\u00e9 et de l&rsquo;endurance. Br\u00fble une quantit\u00e9 importante de calories et peut \u00eatre efficace pour augmenter la force et promouvoir la perte de poids.   <br \/>  ENTRA\u00ceNEMENT CORPS ENTIER &#8211; Les cordes de combat sont dynamiques par nature et peuvent \u00eatre une aubaine pour am\u00e9liorer la condition physique et la force en g\u00e9n\u00e9ral. Elles sollicitent les mains, les bras, les \u00e9paules, le dos, le tronc et m\u00eame les jambes pour un entra\u00eenement complet du corps. Les boxeurs, les nageurs, les pratiquants d&rsquo;arts martiaux et les joueurs de base-ball, de basket-ball, de football et de tennis b\u00e9n\u00e9ficient d&rsquo;un entra\u00eenement particuli\u00e8rement efficace.    <br \/>  FACILE \u00c0 UTILISER N&rsquo;IMPORTE O\u00d9 &#8211; Qu&rsquo;il s&rsquo;agisse d&rsquo;une salle de sport \u00e0 domicile ou d&rsquo;un entra\u00eenement en plein air, cet \u00e9quipement d&rsquo;entra\u00eenement est facile \u00e0 utiliser. Il peut \u00eatre utilis\u00e9 pour des exercices d&rsquo;ondulation, de traction ou d&rsquo;escalade, seul ou en \u00e9quipe &#8212; corde de combat, corde d&rsquo;exercice, corde d&rsquo;entra\u00eenement, corde de combat, corde de fitness, corde d&rsquo;ondulation, corde de conditionnement, corde d&rsquo;escalade, etc.   <\/p>\n<p> <span style=\"font-weight: bold\">Sp\u00e9cifications :<\/span> <br \/> Mat\u00e9riau : Polyester <br \/> Couleur : 25mm * 3 m 25mm * 2.8 m  <\/p>\n<p> <span style=\"font-weight: bold\">Contenu de l&#8217;emballage :<\/span>  <\/p>\n<p>1*Corde de combat<\/p>\n<p> <\/p>\n<p> <img decoding=\"async\" src=\"https:\/\/cf.cjdropshipping.com\/159793b2-c1dd-4dde-812e-4bd701c05b0b.jpg\"> <img decoding=\"async\" src=\"https:\/\/cf.cjdropshipping.com\/83d0009e-e3af-4cb1-8e34-bed30c7b4322.jpg\"> <img decoding=\"async\" src=\"https:\/\/cf.cjdropshipping.com\/cdfd8068-6e11-4553-9c71-ab9a27785eba.jpg\"> <img decoding=\"async\" src=\"https:\/\/cf.cjdropshipping.com\/e63a36b3-5a93-4d09-b664-f6159c3a912f.jpg\"> <img decoding=\"async\" src=\"https:\/\/cf.cjdropshipping.com\/84312ff1-298c-4c02-b8cb-f6fa52414f5a.jpg\">  <\/p>\n<div>\n<p> <\/p>\n<p> <\/p>\n<\/div>\n","protected":false},"excerpt":{"rendered":"<p>Vue d&rsquo;ensemble : Corde \u00e0 sauter lourde &#8211; La corde \u00e0 sauter lest\u00e9e est plus lourde que la corde \u00e0 sauter standard, elle peut vous aider \u00e0 d\u00e9penser plus d&rsquo;\u00e9nergie et \u00e0 d\u00e9velopper vos muscles. C&rsquo;est un excellent outil pour am\u00e9liorer votre force et votre entra\u00eenement physique. Haute qualit\u00e9 &#8211; La corde d&rsquo;entra\u00eenement est fabriqu\u00e9e [&hellip;]<\/p>\n","protected":false},"featured_media":16196,"comment_status":"open","ping_status":"closed","template":"","meta":{"content-type":""},"product_brand":[],"product_cat":[217],"product_tag":[],"class_list":{"0":"post-20946","1":"product","2":"type-product","3":"status-publish","4":"has-post-thumbnail","6":"product_cat-sport-fr","8":"first","9":"instock","10":"taxable","11":"shipping-taxable","12":"purchasable","13":"product-type-variable","14":"add-to-wishlist-after_add_to_cart"},"yoast_head":"<!-- This site is optimized with the Yoast SEO plugin v27.4 - https:\/\/yoast.com\/product\/yoast-seo-wordpress\/ -->\n<title>Cordes de saut \u00e0 la corde pour l&#039;entra\u00eenement physique et l&#039;\u00e9quipement de gymnastique \u00e0 domicile - Aigle Shopping Canada<\/title>\n<meta name=\"robots\" content=\"index, follow, max-snippet:-1, max-image-preview:large, max-video-preview:-1\" \/>\n<link rel=\"canonical\" href=\"https:\/\/aigleshopping.ca\/fr\/produit\/cordes-de-saut-a-la-corde-pour-lentrainement-physique-et-lequipement-de-gymnastique-a-domicile\/\" \/>\n<meta property=\"og:locale\" content=\"fr_FR\" \/>\n<meta property=\"og:type\" content=\"article\" \/>\n<meta property=\"og:title\" content=\"Cordes de saut \u00e0 la corde pour l&#039;entra\u00eenement physique et l&#039;\u00e9quipement de gymnastique \u00e0 domicile - Aigle Shopping Canada\" \/>\n<meta property=\"og:description\" content=\"Vue d&rsquo;ensemble : Corde \u00e0 sauter lourde &#8211; La corde \u00e0 sauter lest\u00e9e est plus lourde que la corde \u00e0 sauter standard, elle peut vous aider \u00e0 d\u00e9penser plus d&rsquo;\u00e9nergie et \u00e0 d\u00e9velopper vos muscles. C&rsquo;est un excellent outil pour am\u00e9liorer votre force et votre entra\u00eenement physique. Haute qualit\u00e9 &#8211; La corde d&rsquo;entra\u00eenement est fabriqu\u00e9e [&hellip;]\" \/>\n<meta property=\"og:url\" content=\"https:\/\/aigleshopping.ca\/fr\/produit\/cordes-de-saut-a-la-corde-pour-lentrainement-physique-et-lequipement-de-gymnastique-a-domicile\/\" \/>\n<meta property=\"og:site_name\" content=\"Aigle Shopping Canada\" \/>\n<meta property=\"article:modified_time\" content=\"2025-03-10T14:24:39+00:00\" \/>\n<meta property=\"og:image\" content=\"https:\/\/aigleshopping.ca\/wp-content\/uploads\/2025\/03\/1816539030284.jpg\" \/>\n\t<meta property=\"og:image:width\" content=\"1000\" \/>\n\t<meta property=\"og:image:height\" content=\"1000\" \/>\n\t<meta property=\"og:image:type\" content=\"image\/jpeg\" \/>\n<meta name=\"twitter:card\" content=\"summary_large_image\" \/>\n<meta name=\"twitter:label1\" content=\"Dur\u00e9e de lecture estim\u00e9e\" \/>\n\t<meta name=\"twitter:data1\" content=\"1 minute\" \/>\n<script type=\"application\/ld+json\" class=\"yoast-schema-graph\">{\"@context\":\"https:\\\/\\\/schema.org\",\"@graph\":[{\"@type\":\"WebPage\",\"@id\":\"https:\\\/\\\/aigleshopping.ca\\\/fr\\\/produit\\\/cordes-de-saut-a-la-corde-pour-lentrainement-physique-et-lequipement-de-gymnastique-a-domicile\\\/\",\"url\":\"https:\\\/\\\/aigleshopping.ca\\\/fr\\\/produit\\\/cordes-de-saut-a-la-corde-pour-lentrainement-physique-et-lequipement-de-gymnastique-a-domicile\\\/\",\"name\":\"Cordes de saut \u00e0 la corde pour l'entra\u00eenement physique et l'\u00e9quipement de gymnastique \u00e0 domicile - Aigle Shopping Canada\",\"isPartOf\":{\"@id\":\"https:\\\/\\\/aigleshopping.ca\\\/#website\"},\"primaryImageOfPage\":{\"@id\":\"https:\\\/\\\/aigleshopping.ca\\\/fr\\\/produit\\\/cordes-de-saut-a-la-corde-pour-lentrainement-physique-et-lequipement-de-gymnastique-a-domicile\\\/#primaryimage\"},\"image\":{\"@id\":\"https:\\\/\\\/aigleshopping.ca\\\/fr\\\/produit\\\/cordes-de-saut-a-la-corde-pour-lentrainement-physique-et-lequipement-de-gymnastique-a-domicile\\\/#primaryimage\"},\"thumbnailUrl\":\"https:\\\/\\\/aigleshopping.ca\\\/wp-content\\\/uploads\\\/2025\\\/03\\\/1816539030284.jpg\",\"datePublished\":\"2025-03-08T19:42:19+00:00\",\"dateModified\":\"2025-03-10T14:24:39+00:00\",\"breadcrumb\":{\"@id\":\"https:\\\/\\\/aigleshopping.ca\\\/fr\\\/produit\\\/cordes-de-saut-a-la-corde-pour-lentrainement-physique-et-lequipement-de-gymnastique-a-domicile\\\/#breadcrumb\"},\"inLanguage\":\"fr-FR\",\"potentialAction\":[{\"@type\":\"ReadAction\",\"target\":[\"https:\\\/\\\/aigleshopping.ca\\\/fr\\\/produit\\\/cordes-de-saut-a-la-corde-pour-lentrainement-physique-et-lequipement-de-gymnastique-a-domicile\\\/\"]}]},{\"@type\":\"ImageObject\",\"inLanguage\":\"fr-FR\",\"@id\":\"https:\\\/\\\/aigleshopping.ca\\\/fr\\\/produit\\\/cordes-de-saut-a-la-corde-pour-lentrainement-physique-et-lequipement-de-gymnastique-a-domicile\\\/#primaryimage\",\"url\":\"https:\\\/\\\/aigleshopping.ca\\\/wp-content\\\/uploads\\\/2025\\\/03\\\/1816539030284.jpg\",\"contentUrl\":\"https:\\\/\\\/aigleshopping.ca\\\/wp-content\\\/uploads\\\/2025\\\/03\\\/1816539030284.jpg\",\"width\":1000,\"height\":1000},{\"@type\":\"BreadcrumbList\",\"@id\":\"https:\\\/\\\/aigleshopping.ca\\\/fr\\\/produit\\\/cordes-de-saut-a-la-corde-pour-lentrainement-physique-et-lequipement-de-gymnastique-a-domicile\\\/#breadcrumb\",\"itemListElement\":[{\"@type\":\"ListItem\",\"position\":1,\"name\":\"Home\",\"item\":\"https:\\\/\\\/aigleshopping.ca\\\/fr\\\/home\\\/\"},{\"@type\":\"ListItem\",\"position\":2,\"name\":\"Products\",\"item\":\"https:\\\/\\\/aigleshopping.ca\\\/shop\\\/\"},{\"@type\":\"ListItem\",\"position\":3,\"name\":\"Cordes de saut \u00e0 la corde pour l&#8217;entra\u00eenement physique et l&#8217;\u00e9quipement de gymnastique \u00e0 domicile\"}]},{\"@type\":\"WebSite\",\"@id\":\"https:\\\/\\\/aigleshopping.ca\\\/#website\",\"url\":\"https:\\\/\\\/aigleshopping.ca\\\/\",\"name\":\"Aigle Shopping Canada\",\"description\":\"Au-del\u00e0 des fronti\u00e8res, pour vous offrir le\u00a0meilleur!\",\"publisher\":{\"@id\":\"https:\\\/\\\/aigleshopping.ca\\\/#organization\"},\"potentialAction\":[{\"@type\":\"SearchAction\",\"target\":{\"@type\":\"EntryPoint\",\"urlTemplate\":\"https:\\\/\\\/aigleshopping.ca\\\/?s={search_term_string}\"},\"query-input\":{\"@type\":\"PropertyValueSpecification\",\"valueRequired\":true,\"valueName\":\"search_term_string\"}}],\"inLanguage\":\"fr-FR\"},{\"@type\":\"Organization\",\"@id\":\"https:\\\/\\\/aigleshopping.ca\\\/#organization\",\"name\":\"Aigle Shopping Canada\",\"url\":\"https:\\\/\\\/aigleshopping.ca\\\/\",\"logo\":{\"@type\":\"ImageObject\",\"inLanguage\":\"fr-FR\",\"@id\":\"https:\\\/\\\/aigleshopping.ca\\\/#\\\/schema\\\/logo\\\/image\\\/\",\"url\":\"https:\\\/\\\/aigleshopping.ca\\\/wp-content\\\/uploads\\\/2025\\\/12\\\/logo_aigleshopping_ca.png\",\"contentUrl\":\"https:\\\/\\\/aigleshopping.ca\\\/wp-content\\\/uploads\\\/2025\\\/12\\\/logo_aigleshopping_ca.png\",\"width\":800,\"height\":233,\"caption\":\"Aigle Shopping Canada\"},\"image\":{\"@id\":\"https:\\\/\\\/aigleshopping.ca\\\/#\\\/schema\\\/logo\\\/image\\\/\"}}]}<\/script>\n<!-- \/ Yoast SEO plugin. -->","yoast_head_json":{"title":"Cordes de saut \u00e0 la corde pour l'entra\u00eenement physique et l'\u00e9quipement de gymnastique \u00e0 domicile - Aigle Shopping Canada","robots":{"index":"index","follow":"follow","max-snippet":"max-snippet:-1","max-image-preview":"max-image-preview:large","max-video-preview":"max-video-preview:-1"},"canonical":"https:\/\/aigleshopping.ca\/fr\/produit\/cordes-de-saut-a-la-corde-pour-lentrainement-physique-et-lequipement-de-gymnastique-a-domicile\/","og_locale":"fr_FR","og_type":"article","og_title":"Cordes de saut \u00e0 la corde pour l'entra\u00eenement physique et l'\u00e9quipement de gymnastique \u00e0 domicile - Aigle Shopping Canada","og_description":"Vue d&rsquo;ensemble : Corde \u00e0 sauter lourde &#8211; La corde \u00e0 sauter lest\u00e9e est plus lourde que la corde \u00e0 sauter standard, elle peut vous aider \u00e0 d\u00e9penser plus d&rsquo;\u00e9nergie et \u00e0 d\u00e9velopper vos muscles. C&rsquo;est un excellent outil pour am\u00e9liorer votre force et votre entra\u00eenement physique. Haute qualit\u00e9 &#8211; La corde d&rsquo;entra\u00eenement est fabriqu\u00e9e [&hellip;]","og_url":"https:\/\/aigleshopping.ca\/fr\/produit\/cordes-de-saut-a-la-corde-pour-lentrainement-physique-et-lequipement-de-gymnastique-a-domicile\/","og_site_name":"Aigle Shopping Canada","article_modified_time":"2025-03-10T14:24:39+00:00","og_image":[{"width":1000,"height":1000,"url":"https:\/\/aigleshopping.ca\/wp-content\/uploads\/2025\/03\/1816539030284.jpg","type":"image\/jpeg"}],"twitter_card":"summary_large_image","twitter_misc":{"Dur\u00e9e de lecture estim\u00e9e":"1 minute"},"schema":{"@context":"https:\/\/schema.org","@graph":[{"@type":"WebPage","@id":"https:\/\/aigleshopping.ca\/fr\/produit\/cordes-de-saut-a-la-corde-pour-lentrainement-physique-et-lequipement-de-gymnastique-a-domicile\/","url":"https:\/\/aigleshopping.ca\/fr\/produit\/cordes-de-saut-a-la-corde-pour-lentrainement-physique-et-lequipement-de-gymnastique-a-domicile\/","name":"Cordes de saut \u00e0 la corde pour l'entra\u00eenement physique et l'\u00e9quipement de gymnastique \u00e0 domicile - Aigle Shopping Canada","isPartOf":{"@id":"https:\/\/aigleshopping.ca\/#website"},"primaryImageOfPage":{"@id":"https:\/\/aigleshopping.ca\/fr\/produit\/cordes-de-saut-a-la-corde-pour-lentrainement-physique-et-lequipement-de-gymnastique-a-domicile\/#primaryimage"},"image":{"@id":"https:\/\/aigleshopping.ca\/fr\/produit\/cordes-de-saut-a-la-corde-pour-lentrainement-physique-et-lequipement-de-gymnastique-a-domicile\/#primaryimage"},"thumbnailUrl":"https:\/\/aigleshopping.ca\/wp-content\/uploads\/2025\/03\/1816539030284.jpg","datePublished":"2025-03-08T19:42:19+00:00","dateModified":"2025-03-10T14:24:39+00:00","breadcrumb":{"@id":"https:\/\/aigleshopping.ca\/fr\/produit\/cordes-de-saut-a-la-corde-pour-lentrainement-physique-et-lequipement-de-gymnastique-a-domicile\/#breadcrumb"},"inLanguage":"fr-FR","potentialAction":[{"@type":"ReadAction","target":["https:\/\/aigleshopping.ca\/fr\/produit\/cordes-de-saut-a-la-corde-pour-lentrainement-physique-et-lequipement-de-gymnastique-a-domicile\/"]}]},{"@type":"ImageObject","inLanguage":"fr-FR","@id":"https:\/\/aigleshopping.ca\/fr\/produit\/cordes-de-saut-a-la-corde-pour-lentrainement-physique-et-lequipement-de-gymnastique-a-domicile\/#primaryimage","url":"https:\/\/aigleshopping.ca\/wp-content\/uploads\/2025\/03\/1816539030284.jpg","contentUrl":"https:\/\/aigleshopping.ca\/wp-content\/uploads\/2025\/03\/1816539030284.jpg","width":1000,"height":1000},{"@type":"BreadcrumbList","@id":"https:\/\/aigleshopping.ca\/fr\/produit\/cordes-de-saut-a-la-corde-pour-lentrainement-physique-et-lequipement-de-gymnastique-a-domicile\/#breadcrumb","itemListElement":[{"@type":"ListItem","position":1,"name":"Home","item":"https:\/\/aigleshopping.ca\/fr\/home\/"},{"@type":"ListItem","position":2,"name":"Products","item":"https:\/\/aigleshopping.ca\/shop\/"},{"@type":"ListItem","position":3,"name":"Cordes de saut \u00e0 la corde pour l&#8217;entra\u00eenement physique et l&#8217;\u00e9quipement de gymnastique \u00e0 domicile"}]},{"@type":"WebSite","@id":"https:\/\/aigleshopping.ca\/#website","url":"https:\/\/aigleshopping.ca\/","name":"Aigle Shopping Canada","description":"Au-del\u00e0 des fronti\u00e8res, pour vous offrir le\u00a0meilleur!","publisher":{"@id":"https:\/\/aigleshopping.ca\/#organization"},"potentialAction":[{"@type":"SearchAction","target":{"@type":"EntryPoint","urlTemplate":"https:\/\/aigleshopping.ca\/?s={search_term_string}"},"query-input":{"@type":"PropertyValueSpecification","valueRequired":true,"valueName":"search_term_string"}}],"inLanguage":"fr-FR"},{"@type":"Organization","@id":"https:\/\/aigleshopping.ca\/#organization","name":"Aigle Shopping Canada","url":"https:\/\/aigleshopping.ca\/","logo":{"@type":"ImageObject","inLanguage":"fr-FR","@id":"https:\/\/aigleshopping.ca\/#\/schema\/logo\/image\/","url":"https:\/\/aigleshopping.ca\/wp-content\/uploads\/2025\/12\/logo_aigleshopping_ca.png","contentUrl":"https:\/\/aigleshopping.ca\/wp-content\/uploads\/2025\/12\/logo_aigleshopping_ca.png","width":800,"height":233,"caption":"Aigle Shopping Canada"},"image":{"@id":"https:\/\/aigleshopping.ca\/#\/schema\/logo\/image\/"}}]}},"jetpack_sharing_enabled":true,"_links":{"self":[{"href":"https:\/\/aigleshopping.ca\/fr\/wp-json\/wp\/v2\/product\/20946","targetHints":{"allow":["GET"]}}],"collection":[{"href":"https:\/\/aigleshopping.ca\/fr\/wp-json\/wp\/v2\/product"}],"about":[{"href":"https:\/\/aigleshopping.ca\/fr\/wp-json\/wp\/v2\/types\/product"}],"replies":[{"embeddable":true,"href":"https:\/\/aigleshopping.ca\/fr\/wp-json\/wp\/v2\/comments?post=20946"}],"wp:featuredmedia":[{"embeddable":true,"href":"https:\/\/aigleshopping.ca\/fr\/wp-json\/wp\/v2\/media\/16196"}],"wp:attachment":[{"href":"https:\/\/aigleshopping.ca\/fr\/wp-json\/wp\/v2\/media?parent=20946"}],"wp:term":[{"taxonomy":"product_brand","embeddable":true,"href":"https:\/\/aigleshopping.ca\/fr\/wp-json\/wp\/v2\/product_brand?post=20946"},{"taxonomy":"product_cat","embeddable":true,"href":"https:\/\/aigleshopping.ca\/fr\/wp-json\/wp\/v2\/product_cat?post=20946"},{"taxonomy":"product_tag","embeddable":true,"href":"https:\/\/aigleshopping.ca\/fr\/wp-json\/wp\/v2\/product_tag?post=20946"}],"curies":[{"name":"wp","href":"https:\/\/api.w.org\/{rel}","templated":true}]}}