{"id":21010,"date":"2025-03-08T19:45:22","date_gmt":"2025-03-08T19:45:22","guid":{"rendered":"https:\/\/aigleshopping.ca\/produit\/equipement-menager-silencieux-de-sport-et-de-remise-en-forme\/"},"modified":"2025-03-08T19:45:22","modified_gmt":"2025-03-08T19:45:22","slug":"equipement-menager-silencieux-de-sport-et-de-remise-en-forme","status":"publish","type":"product","link":"https:\/\/aigleshopping.ca\/fr\/produit\/equipement-menager-silencieux-de-sport-et-de-remise-en-forme\/","title":{"rendered":"\u00c9quipement m\u00e9nager silencieux de sport et de remise en forme"},"content":{"rendered":"<p>  <b> Informations sur le produit : <br \/> <\/b> Couleur : poudre de fleurs de cerisier, blanc ivoire <br \/> Sc\u00e9nario d&rsquo;application : \u00e9quipement de fitness, corps de fitness. <br \/> Mat\u00e9riau : ABS\/TPR\/ barre d&rsquo;acier <br \/> Caract\u00e9ristiques : comptage intelligent, effet d&rsquo;\u00e9clairage froid <\/p>\n<p> <b> Information sur la taille : <br \/> <\/b>  <img decoding=\"async\" src=\"https:\/\/cf.cjdropshipping.com\/17148672\/2405050341130322100.jpg\"> <\/p>\n<p> <\/p>\n<p>  <b> Liste d&#8217;emballage : <\/b> <b> <br \/>  Roue abdominale *1 <\/b>  <\/p>\n<p> <\/p>\n<p> <img decoding=\"async\" src=\"https:\/\/cf.cjdropshipping.com\/17148672\/2405050341130322600.jpg\"> <img decoding=\"async\" src=\"https:\/\/cf.cjdropshipping.com\/17148672\/2405050341130323800.jpg\"> <img decoding=\"async\" src=\"https:\/\/cf.cjdropshipping.com\/17148672\/2405050341130324600.jpg\"> <img decoding=\"async\" src=\"https:\/\/cf.cjdropshipping.com\/17148672\/2405050341130325400.jpg\"> <img decoding=\"async\" src=\"https:\/\/cf.cjdropshipping.com\/17148672\/2405050341130326300.jpg\"> <img decoding=\"async\" src=\"https:\/\/cf.cjdropshipping.com\/17148672\/2405050341130327000.jpg\">  <\/p>\n","protected":false},"excerpt":{"rendered":"<p>Informations sur le produit : Couleur : poudre de fleurs de cerisier, blanc ivoire Sc\u00e9nario d&rsquo;application : \u00e9quipement de fitness, corps de fitness. Mat\u00e9riau : ABS\/TPR\/ barre d&rsquo;acier Caract\u00e9ristiques : comptage intelligent, effet d&rsquo;\u00e9clairage froid Information sur la taille : Liste d&#8217;emballage : Roue abdominale *1<\/p>\n","protected":false},"featured_media":16372,"comment_status":"open","ping_status":"closed","template":"","meta":{"content-type":""},"product_brand":[],"product_cat":[217],"product_tag":[],"class_list":{"0":"post-21010","1":"product","2":"type-product","3":"status-publish","4":"has-post-thumbnail","6":"product_cat-sport-fr","8":"first","9":"instock","10":"taxable","11":"shipping-taxable","12":"purchasable","13":"product-type-variable","14":"add-to-wishlist-after_add_to_cart"},"yoast_head":"<!-- This site is optimized with the Yoast SEO plugin v27.3 - https:\/\/yoast.com\/product\/yoast-seo-wordpress\/ -->\n<title>\u00c9quipement m\u00e9nager silencieux de sport et de remise en forme - Aigle Shopping Canada<\/title>\n<meta name=\"robots\" content=\"index, follow, max-snippet:-1, max-image-preview:large, max-video-preview:-1\" \/>\n<link rel=\"canonical\" href=\"https:\/\/aigleshopping.ca\/fr\/produit\/equipement-menager-silencieux-de-sport-et-de-remise-en-forme\/\" \/>\n<meta property=\"og:locale\" content=\"fr_FR\" \/>\n<meta property=\"og:type\" content=\"article\" \/>\n<meta property=\"og:title\" content=\"\u00c9quipement m\u00e9nager silencieux de sport et de remise en forme - Aigle Shopping Canada\" \/>\n<meta property=\"og:description\" content=\"Informations sur le produit : Couleur : poudre de fleurs de cerisier, blanc ivoire Sc\u00e9nario d&rsquo;application : \u00e9quipement de fitness, corps de fitness. Mat\u00e9riau : ABS\/TPR\/ barre d&rsquo;acier Caract\u00e9ristiques : comptage intelligent, effet d&rsquo;\u00e9clairage froid Information sur la taille : Liste d&#8217;emballage : Roue abdominale *1\" \/>\n<meta property=\"og:url\" content=\"https:\/\/aigleshopping.ca\/fr\/produit\/equipement-menager-silencieux-de-sport-et-de-remise-en-forme\/\" \/>\n<meta property=\"og:site_name\" content=\"Aigle Shopping Canada\" \/>\n<meta property=\"og:image\" content=\"https:\/\/aigleshopping.ca\/wp-content\/uploads\/2025\/03\/ddb601df-9e40-439a-b1e3-ac26b58be00c.jpg\" \/>\n\t<meta property=\"og:image:width\" content=\"800\" \/>\n\t<meta property=\"og:image:height\" content=\"800\" \/>\n\t<meta property=\"og:image:type\" content=\"image\/jpeg\" \/>\n<meta name=\"twitter:card\" content=\"summary_large_image\" \/>\n<script type=\"application\/ld+json\" class=\"yoast-schema-graph\">{\"@context\":\"https:\\\/\\\/schema.org\",\"@graph\":[{\"@type\":\"WebPage\",\"@id\":\"https:\\\/\\\/aigleshopping.ca\\\/fr\\\/produit\\\/equipement-menager-silencieux-de-sport-et-de-remise-en-forme\\\/\",\"url\":\"https:\\\/\\\/aigleshopping.ca\\\/fr\\\/produit\\\/equipement-menager-silencieux-de-sport-et-de-remise-en-forme\\\/\",\"name\":\"\u00c9quipement m\u00e9nager silencieux de sport et de remise en forme - Aigle Shopping Canada\",\"isPartOf\":{\"@id\":\"https:\\\/\\\/aigleshopping.ca\\\/#website\"},\"primaryImageOfPage\":{\"@id\":\"https:\\\/\\\/aigleshopping.ca\\\/fr\\\/produit\\\/equipement-menager-silencieux-de-sport-et-de-remise-en-forme\\\/#primaryimage\"},\"image\":{\"@id\":\"https:\\\/\\\/aigleshopping.ca\\\/fr\\\/produit\\\/equipement-menager-silencieux-de-sport-et-de-remise-en-forme\\\/#primaryimage\"},\"thumbnailUrl\":\"https:\\\/\\\/aigleshopping.ca\\\/wp-content\\\/uploads\\\/2025\\\/03\\\/ddb601df-9e40-439a-b1e3-ac26b58be00c.jpg\",\"datePublished\":\"2025-03-08T19:45:22+00:00\",\"breadcrumb\":{\"@id\":\"https:\\\/\\\/aigleshopping.ca\\\/fr\\\/produit\\\/equipement-menager-silencieux-de-sport-et-de-remise-en-forme\\\/#breadcrumb\"},\"inLanguage\":\"fr-FR\",\"potentialAction\":[{\"@type\":\"ReadAction\",\"target\":[\"https:\\\/\\\/aigleshopping.ca\\\/fr\\\/produit\\\/equipement-menager-silencieux-de-sport-et-de-remise-en-forme\\\/\"]}]},{\"@type\":\"ImageObject\",\"inLanguage\":\"fr-FR\",\"@id\":\"https:\\\/\\\/aigleshopping.ca\\\/fr\\\/produit\\\/equipement-menager-silencieux-de-sport-et-de-remise-en-forme\\\/#primaryimage\",\"url\":\"https:\\\/\\\/aigleshopping.ca\\\/wp-content\\\/uploads\\\/2025\\\/03\\\/ddb601df-9e40-439a-b1e3-ac26b58be00c.jpg\",\"contentUrl\":\"https:\\\/\\\/aigleshopping.ca\\\/wp-content\\\/uploads\\\/2025\\\/03\\\/ddb601df-9e40-439a-b1e3-ac26b58be00c.jpg\",\"width\":800,\"height\":800},{\"@type\":\"BreadcrumbList\",\"@id\":\"https:\\\/\\\/aigleshopping.ca\\\/fr\\\/produit\\\/equipement-menager-silencieux-de-sport-et-de-remise-en-forme\\\/#breadcrumb\",\"itemListElement\":[{\"@type\":\"ListItem\",\"position\":1,\"name\":\"Home\",\"item\":\"https:\\\/\\\/aigleshopping.ca\\\/fr\\\/home\\\/\"},{\"@type\":\"ListItem\",\"position\":2,\"name\":\"Products\",\"item\":\"https:\\\/\\\/aigleshopping.ca\\\/shop\\\/\"},{\"@type\":\"ListItem\",\"position\":3,\"name\":\"\u00c9quipement m\u00e9nager silencieux de sport et de remise en forme\"}]},{\"@type\":\"WebSite\",\"@id\":\"https:\\\/\\\/aigleshopping.ca\\\/#website\",\"url\":\"https:\\\/\\\/aigleshopping.ca\\\/\",\"name\":\"Aigle Shopping Canada\",\"description\":\"Au-del\u00e0 des fronti\u00e8res, pour vous offrir le\u00a0meilleur!\",\"publisher\":{\"@id\":\"https:\\\/\\\/aigleshopping.ca\\\/#organization\"},\"potentialAction\":[{\"@type\":\"SearchAction\",\"target\":{\"@type\":\"EntryPoint\",\"urlTemplate\":\"https:\\\/\\\/aigleshopping.ca\\\/?s={search_term_string}\"},\"query-input\":{\"@type\":\"PropertyValueSpecification\",\"valueRequired\":true,\"valueName\":\"search_term_string\"}}],\"inLanguage\":\"fr-FR\"},{\"@type\":\"Organization\",\"@id\":\"https:\\\/\\\/aigleshopping.ca\\\/#organization\",\"name\":\"Aigle Shopping Canada\",\"url\":\"https:\\\/\\\/aigleshopping.ca\\\/\",\"logo\":{\"@type\":\"ImageObject\",\"inLanguage\":\"fr-FR\",\"@id\":\"https:\\\/\\\/aigleshopping.ca\\\/#\\\/schema\\\/logo\\\/image\\\/\",\"url\":\"https:\\\/\\\/aigleshopping.ca\\\/wp-content\\\/uploads\\\/2025\\\/12\\\/logo_aigleshopping_ca.png\",\"contentUrl\":\"https:\\\/\\\/aigleshopping.ca\\\/wp-content\\\/uploads\\\/2025\\\/12\\\/logo_aigleshopping_ca.png\",\"width\":800,\"height\":233,\"caption\":\"Aigle Shopping Canada\"},\"image\":{\"@id\":\"https:\\\/\\\/aigleshopping.ca\\\/#\\\/schema\\\/logo\\\/image\\\/\"}}]}<\/script>\n<!-- \/ Yoast SEO plugin. -->","yoast_head_json":{"title":"\u00c9quipement m\u00e9nager silencieux de sport et de remise en forme - Aigle Shopping Canada","robots":{"index":"index","follow":"follow","max-snippet":"max-snippet:-1","max-image-preview":"max-image-preview:large","max-video-preview":"max-video-preview:-1"},"canonical":"https:\/\/aigleshopping.ca\/fr\/produit\/equipement-menager-silencieux-de-sport-et-de-remise-en-forme\/","og_locale":"fr_FR","og_type":"article","og_title":"\u00c9quipement m\u00e9nager silencieux de sport et de remise en forme - Aigle Shopping Canada","og_description":"Informations sur le produit : Couleur : poudre de fleurs de cerisier, blanc ivoire Sc\u00e9nario d&rsquo;application : \u00e9quipement de fitness, corps de fitness. Mat\u00e9riau : ABS\/TPR\/ barre d&rsquo;acier Caract\u00e9ristiques : comptage intelligent, effet d&rsquo;\u00e9clairage froid Information sur la taille : Liste d&#8217;emballage : Roue abdominale *1","og_url":"https:\/\/aigleshopping.ca\/fr\/produit\/equipement-menager-silencieux-de-sport-et-de-remise-en-forme\/","og_site_name":"Aigle Shopping Canada","og_image":[{"width":800,"height":800,"url":"https:\/\/aigleshopping.ca\/wp-content\/uploads\/2025\/03\/ddb601df-9e40-439a-b1e3-ac26b58be00c.jpg","type":"image\/jpeg"}],"twitter_card":"summary_large_image","schema":{"@context":"https:\/\/schema.org","@graph":[{"@type":"WebPage","@id":"https:\/\/aigleshopping.ca\/fr\/produit\/equipement-menager-silencieux-de-sport-et-de-remise-en-forme\/","url":"https:\/\/aigleshopping.ca\/fr\/produit\/equipement-menager-silencieux-de-sport-et-de-remise-en-forme\/","name":"\u00c9quipement m\u00e9nager silencieux de sport et de remise en forme - Aigle Shopping Canada","isPartOf":{"@id":"https:\/\/aigleshopping.ca\/#website"},"primaryImageOfPage":{"@id":"https:\/\/aigleshopping.ca\/fr\/produit\/equipement-menager-silencieux-de-sport-et-de-remise-en-forme\/#primaryimage"},"image":{"@id":"https:\/\/aigleshopping.ca\/fr\/produit\/equipement-menager-silencieux-de-sport-et-de-remise-en-forme\/#primaryimage"},"thumbnailUrl":"https:\/\/aigleshopping.ca\/wp-content\/uploads\/2025\/03\/ddb601df-9e40-439a-b1e3-ac26b58be00c.jpg","datePublished":"2025-03-08T19:45:22+00:00","breadcrumb":{"@id":"https:\/\/aigleshopping.ca\/fr\/produit\/equipement-menager-silencieux-de-sport-et-de-remise-en-forme\/#breadcrumb"},"inLanguage":"fr-FR","potentialAction":[{"@type":"ReadAction","target":["https:\/\/aigleshopping.ca\/fr\/produit\/equipement-menager-silencieux-de-sport-et-de-remise-en-forme\/"]}]},{"@type":"ImageObject","inLanguage":"fr-FR","@id":"https:\/\/aigleshopping.ca\/fr\/produit\/equipement-menager-silencieux-de-sport-et-de-remise-en-forme\/#primaryimage","url":"https:\/\/aigleshopping.ca\/wp-content\/uploads\/2025\/03\/ddb601df-9e40-439a-b1e3-ac26b58be00c.jpg","contentUrl":"https:\/\/aigleshopping.ca\/wp-content\/uploads\/2025\/03\/ddb601df-9e40-439a-b1e3-ac26b58be00c.jpg","width":800,"height":800},{"@type":"BreadcrumbList","@id":"https:\/\/aigleshopping.ca\/fr\/produit\/equipement-menager-silencieux-de-sport-et-de-remise-en-forme\/#breadcrumb","itemListElement":[{"@type":"ListItem","position":1,"name":"Home","item":"https:\/\/aigleshopping.ca\/fr\/home\/"},{"@type":"ListItem","position":2,"name":"Products","item":"https:\/\/aigleshopping.ca\/shop\/"},{"@type":"ListItem","position":3,"name":"\u00c9quipement m\u00e9nager silencieux de sport et de remise en forme"}]},{"@type":"WebSite","@id":"https:\/\/aigleshopping.ca\/#website","url":"https:\/\/aigleshopping.ca\/","name":"Aigle Shopping Canada","description":"Au-del\u00e0 des fronti\u00e8res, pour vous offrir le\u00a0meilleur!","publisher":{"@id":"https:\/\/aigleshopping.ca\/#organization"},"potentialAction":[{"@type":"SearchAction","target":{"@type":"EntryPoint","urlTemplate":"https:\/\/aigleshopping.ca\/?s={search_term_string}"},"query-input":{"@type":"PropertyValueSpecification","valueRequired":true,"valueName":"search_term_string"}}],"inLanguage":"fr-FR"},{"@type":"Organization","@id":"https:\/\/aigleshopping.ca\/#organization","name":"Aigle Shopping Canada","url":"https:\/\/aigleshopping.ca\/","logo":{"@type":"ImageObject","inLanguage":"fr-FR","@id":"https:\/\/aigleshopping.ca\/#\/schema\/logo\/image\/","url":"https:\/\/aigleshopping.ca\/wp-content\/uploads\/2025\/12\/logo_aigleshopping_ca.png","contentUrl":"https:\/\/aigleshopping.ca\/wp-content\/uploads\/2025\/12\/logo_aigleshopping_ca.png","width":800,"height":233,"caption":"Aigle Shopping Canada"},"image":{"@id":"https:\/\/aigleshopping.ca\/#\/schema\/logo\/image\/"}}]}},"jetpack_sharing_enabled":true,"_links":{"self":[{"href":"https:\/\/aigleshopping.ca\/fr\/wp-json\/wp\/v2\/product\/21010","targetHints":{"allow":["GET"]}}],"collection":[{"href":"https:\/\/aigleshopping.ca\/fr\/wp-json\/wp\/v2\/product"}],"about":[{"href":"https:\/\/aigleshopping.ca\/fr\/wp-json\/wp\/v2\/types\/product"}],"replies":[{"embeddable":true,"href":"https:\/\/aigleshopping.ca\/fr\/wp-json\/wp\/v2\/comments?post=21010"}],"wp:featuredmedia":[{"embeddable":true,"href":"https:\/\/aigleshopping.ca\/fr\/wp-json\/wp\/v2\/media\/16372"}],"wp:attachment":[{"href":"https:\/\/aigleshopping.ca\/fr\/wp-json\/wp\/v2\/media?parent=21010"}],"wp:term":[{"taxonomy":"product_brand","embeddable":true,"href":"https:\/\/aigleshopping.ca\/fr\/wp-json\/wp\/v2\/product_brand?post=21010"},{"taxonomy":"product_cat","embeddable":true,"href":"https:\/\/aigleshopping.ca\/fr\/wp-json\/wp\/v2\/product_cat?post=21010"},{"taxonomy":"product_tag","embeddable":true,"href":"https:\/\/aigleshopping.ca\/fr\/wp-json\/wp\/v2\/product_tag?post=21010"}],"curies":[{"name":"wp","href":"https:\/\/api.w.org\/{rel}","templated":true}]}}