{"id":21011,"date":"2025-03-08T19:53:52","date_gmt":"2025-03-08T19:53:52","guid":{"rendered":"https:\/\/aigleshopping.ca\/produit\/support-de-planche-de-pompes-a-neuf-fonctions-pour-gymnaste-dinterieur\/"},"modified":"2025-03-10T14:24:53","modified_gmt":"2025-03-10T14:24:53","slug":"support-de-planche-de-pompes-a-neuf-fonctions-pour-gymnaste-dinterieur","status":"publish","type":"product","link":"https:\/\/aigleshopping.ca\/fr\/produit\/support-de-planche-de-pompes-a-neuf-fonctions-pour-gymnaste-dinterieur\/","title":{"rendered":"Support de planche de pompes \u00e0 neuf fonctions pour gymnaste d&rsquo;int\u00e9rieur"},"content":{"rendered":"<p> <b>Vue d&rsquo;ensemble :<\/b> <br \/> Les objectifs de la planche \u00e0 pousser, cod\u00e9s par couleur, d\u00e9taillent les muscles travaill\u00e9s (bleu-poitrine, rouge-\u00e9paules, jaune-dos et vert-triceps). <br \/> Le syst\u00e8me de planche \u00e0 repousser Plug &amp; Pressinches, tr\u00e8s r\u00e9sistant, offre de multiples positions et angles qui sculptent et maximisent la d\u00e9finition du haut du corps. <br \/> Br\u00fblez des calories et d\u00e9veloppez votre force gr\u00e2ce \u00e0 ce syst\u00e8me de pompes innovant, qui vous permet de travailler la force et l&rsquo;entra\u00eenement de tout le corps. <br \/> Un syst\u00e8me d&rsquo;entra\u00eenement innovant de planches \u00e0 pousser avec code couleur qui renforce et sculpte tout le haut du corps (poitrine, \u00e9paules, dos et bras) tout en sollicitant l&rsquo;ensemble du tronc.  <\/p>\n<p> <b>Caract\u00e9ristiques :<\/b> <br \/> 1. Les diff\u00e9rentes couleurs ciblent des muscles sp\u00e9cifiques (poitrine bleue, \u00e9paules rouges, dos et triceps jaunes). Les deux poign\u00e9es peuvent \u00eatre chang\u00e9es en plusieurs positions et angles pour exercer les muscles du haut du corps.  <br \/>  2. Permet de modeler et d&rsquo;optimiser votre poitrine, vos \u00e9paules, votre dos et vos triceps.  <br \/>  3. Plastique ductile ABS de haute qualit\u00e9, tr\u00e8s r\u00e9sistant, pas facile \u00e0 casser ou \u00e0 endommager. Poign\u00e9e antid\u00e9rapante.  <br \/>  4. Facile \u00e0 transporter, \u00e0 assembler et \u00e0 ranger. Facile \u00e0 utiliser, il suffit de placer la poign\u00e9e dans la position souhait\u00e9e.  <br \/>  5. \u00c9quipement de fitness \u00e0 domicile de grande qualit\u00e9.  <\/p>\n<p> <b>Sp\u00e9cifications :<\/b> <br \/> Mat\u00e9riau : Plastique ABS <br \/> Taille du panneau : 59.5&#215;18.3x2cm <br \/> Poids : 1.25kg  <\/p>\n<p> <b>Contenu du paquet :<\/b> <br \/> 1x planche \u00e0 pousser  <\/p>\n<p> &nbsp;&nbsp; <img decoding=\"async\" src=\"https:\/\/cf.cjdropshipping.com\/17114976\/2403270538250328000.jpg\" width=\"100%\">  <\/p>\n<p> <img decoding=\"async\" src=\"https:\/\/cf.cjdropshipping.com\/17114976\/2403270538250328800.jpg\" width=\"100%\">  <\/p>\n<p> <img decoding=\"async\" src=\"https:\/\/cf.cjdropshipping.com\/17114976\/2403270538250329100.jpg\" width=\"100%\">  <\/p>\n<p> <img decoding=\"async\" src=\"https:\/\/cf.cjdropshipping.com\/17114976\/2403270538250329700.jpg\" width=\"100%\">  <\/p>\n","protected":false},"excerpt":{"rendered":"<p>Vue d&rsquo;ensemble : Les objectifs de la planche \u00e0 pousser, cod\u00e9s par couleur, d\u00e9taillent les muscles travaill\u00e9s (bleu-poitrine, rouge-\u00e9paules, jaune-dos et vert-triceps). Le syst\u00e8me de planche \u00e0 repousser Plug &amp; Pressinches, tr\u00e8s r\u00e9sistant, offre de multiples positions et angles qui sculptent et maximisent la d\u00e9finition du haut du corps. Br\u00fblez des calories et d\u00e9veloppez votre [&hellip;]<\/p>\n","protected":false},"featured_media":16733,"comment_status":"open","ping_status":"closed","template":"","meta":{"content-type":""},"product_brand":[],"product_cat":[217],"product_tag":[],"class_list":{"0":"post-21011","1":"product","2":"type-product","3":"status-publish","4":"has-post-thumbnail","6":"product_cat-sport-fr","8":"first","9":"instock","10":"taxable","11":"shipping-taxable","12":"purchasable","13":"product-type-variable","14":"add-to-wishlist-after_add_to_cart"},"yoast_head":"<!-- This site is optimized with the Yoast SEO plugin v27.4 - https:\/\/yoast.com\/product\/yoast-seo-wordpress\/ -->\n<title>Support de planche de pompes \u00e0 neuf fonctions pour gymnaste d&#039;int\u00e9rieur - Aigle Shopping Canada<\/title>\n<meta name=\"robots\" content=\"index, follow, max-snippet:-1, max-image-preview:large, max-video-preview:-1\" \/>\n<link rel=\"canonical\" href=\"https:\/\/aigleshopping.ca\/fr\/produit\/support-de-planche-de-pompes-a-neuf-fonctions-pour-gymnaste-dinterieur\/\" \/>\n<meta property=\"og:locale\" content=\"fr_FR\" \/>\n<meta property=\"og:type\" content=\"article\" \/>\n<meta property=\"og:title\" content=\"Support de planche de pompes \u00e0 neuf fonctions pour gymnaste d&#039;int\u00e9rieur - Aigle Shopping Canada\" \/>\n<meta property=\"og:description\" content=\"Vue d&rsquo;ensemble : Les objectifs de la planche \u00e0 pousser, cod\u00e9s par couleur, d\u00e9taillent les muscles travaill\u00e9s (bleu-poitrine, rouge-\u00e9paules, jaune-dos et vert-triceps). Le syst\u00e8me de planche \u00e0 repousser Plug &amp; Pressinches, tr\u00e8s r\u00e9sistant, offre de multiples positions et angles qui sculptent et maximisent la d\u00e9finition du haut du corps. Br\u00fblez des calories et d\u00e9veloppez votre [&hellip;]\" \/>\n<meta property=\"og:url\" content=\"https:\/\/aigleshopping.ca\/fr\/produit\/support-de-planche-de-pompes-a-neuf-fonctions-pour-gymnaste-dinterieur\/\" \/>\n<meta property=\"og:site_name\" content=\"Aigle Shopping Canada\" \/>\n<meta property=\"article:modified_time\" content=\"2025-03-10T14:24:53+00:00\" \/>\n<meta property=\"og:image\" content=\"https:\/\/aigleshopping.ca\/wp-content\/uploads\/2025\/03\/646037996563.jpg\" \/>\n\t<meta property=\"og:image:width\" content=\"1001\" \/>\n\t<meta property=\"og:image:height\" content=\"1001\" \/>\n\t<meta property=\"og:image:type\" content=\"image\/jpeg\" \/>\n<meta name=\"twitter:card\" content=\"summary_large_image\" \/>\n<meta name=\"twitter:label1\" content=\"Dur\u00e9e de lecture estim\u00e9e\" \/>\n\t<meta name=\"twitter:data1\" content=\"1 minute\" \/>\n<script type=\"application\/ld+json\" class=\"yoast-schema-graph\">{\"@context\":\"https:\\\/\\\/schema.org\",\"@graph\":[{\"@type\":\"WebPage\",\"@id\":\"https:\\\/\\\/aigleshopping.ca\\\/fr\\\/produit\\\/support-de-planche-de-pompes-a-neuf-fonctions-pour-gymnaste-dinterieur\\\/\",\"url\":\"https:\\\/\\\/aigleshopping.ca\\\/fr\\\/produit\\\/support-de-planche-de-pompes-a-neuf-fonctions-pour-gymnaste-dinterieur\\\/\",\"name\":\"Support de planche de pompes \u00e0 neuf fonctions pour gymnaste d'int\u00e9rieur - Aigle Shopping Canada\",\"isPartOf\":{\"@id\":\"https:\\\/\\\/aigleshopping.ca\\\/#website\"},\"primaryImageOfPage\":{\"@id\":\"https:\\\/\\\/aigleshopping.ca\\\/fr\\\/produit\\\/support-de-planche-de-pompes-a-neuf-fonctions-pour-gymnaste-dinterieur\\\/#primaryimage\"},\"image\":{\"@id\":\"https:\\\/\\\/aigleshopping.ca\\\/fr\\\/produit\\\/support-de-planche-de-pompes-a-neuf-fonctions-pour-gymnaste-dinterieur\\\/#primaryimage\"},\"thumbnailUrl\":\"https:\\\/\\\/aigleshopping.ca\\\/wp-content\\\/uploads\\\/2025\\\/03\\\/646037996563.jpg\",\"datePublished\":\"2025-03-08T19:53:52+00:00\",\"dateModified\":\"2025-03-10T14:24:53+00:00\",\"breadcrumb\":{\"@id\":\"https:\\\/\\\/aigleshopping.ca\\\/fr\\\/produit\\\/support-de-planche-de-pompes-a-neuf-fonctions-pour-gymnaste-dinterieur\\\/#breadcrumb\"},\"inLanguage\":\"fr-FR\",\"potentialAction\":[{\"@type\":\"ReadAction\",\"target\":[\"https:\\\/\\\/aigleshopping.ca\\\/fr\\\/produit\\\/support-de-planche-de-pompes-a-neuf-fonctions-pour-gymnaste-dinterieur\\\/\"]}]},{\"@type\":\"ImageObject\",\"inLanguage\":\"fr-FR\",\"@id\":\"https:\\\/\\\/aigleshopping.ca\\\/fr\\\/produit\\\/support-de-planche-de-pompes-a-neuf-fonctions-pour-gymnaste-dinterieur\\\/#primaryimage\",\"url\":\"https:\\\/\\\/aigleshopping.ca\\\/wp-content\\\/uploads\\\/2025\\\/03\\\/646037996563.jpg\",\"contentUrl\":\"https:\\\/\\\/aigleshopping.ca\\\/wp-content\\\/uploads\\\/2025\\\/03\\\/646037996563.jpg\",\"width\":1001,\"height\":1001},{\"@type\":\"BreadcrumbList\",\"@id\":\"https:\\\/\\\/aigleshopping.ca\\\/fr\\\/produit\\\/support-de-planche-de-pompes-a-neuf-fonctions-pour-gymnaste-dinterieur\\\/#breadcrumb\",\"itemListElement\":[{\"@type\":\"ListItem\",\"position\":1,\"name\":\"Home\",\"item\":\"https:\\\/\\\/aigleshopping.ca\\\/fr\\\/home\\\/\"},{\"@type\":\"ListItem\",\"position\":2,\"name\":\"Products\",\"item\":\"https:\\\/\\\/aigleshopping.ca\\\/shop\\\/\"},{\"@type\":\"ListItem\",\"position\":3,\"name\":\"Support de planche de pompes \u00e0 neuf fonctions pour gymnaste d&#8217;int\u00e9rieur\"}]},{\"@type\":\"WebSite\",\"@id\":\"https:\\\/\\\/aigleshopping.ca\\\/#website\",\"url\":\"https:\\\/\\\/aigleshopping.ca\\\/\",\"name\":\"Aigle Shopping Canada\",\"description\":\"Au-del\u00e0 des fronti\u00e8res, pour vous offrir le\u00a0meilleur!\",\"publisher\":{\"@id\":\"https:\\\/\\\/aigleshopping.ca\\\/#organization\"},\"potentialAction\":[{\"@type\":\"SearchAction\",\"target\":{\"@type\":\"EntryPoint\",\"urlTemplate\":\"https:\\\/\\\/aigleshopping.ca\\\/?s={search_term_string}\"},\"query-input\":{\"@type\":\"PropertyValueSpecification\",\"valueRequired\":true,\"valueName\":\"search_term_string\"}}],\"inLanguage\":\"fr-FR\"},{\"@type\":\"Organization\",\"@id\":\"https:\\\/\\\/aigleshopping.ca\\\/#organization\",\"name\":\"Aigle Shopping Canada\",\"url\":\"https:\\\/\\\/aigleshopping.ca\\\/\",\"logo\":{\"@type\":\"ImageObject\",\"inLanguage\":\"fr-FR\",\"@id\":\"https:\\\/\\\/aigleshopping.ca\\\/#\\\/schema\\\/logo\\\/image\\\/\",\"url\":\"https:\\\/\\\/aigleshopping.ca\\\/wp-content\\\/uploads\\\/2025\\\/12\\\/logo_aigleshopping_ca.png\",\"contentUrl\":\"https:\\\/\\\/aigleshopping.ca\\\/wp-content\\\/uploads\\\/2025\\\/12\\\/logo_aigleshopping_ca.png\",\"width\":800,\"height\":233,\"caption\":\"Aigle Shopping Canada\"},\"image\":{\"@id\":\"https:\\\/\\\/aigleshopping.ca\\\/#\\\/schema\\\/logo\\\/image\\\/\"}}]}<\/script>\n<!-- \/ Yoast SEO plugin. -->","yoast_head_json":{"title":"Support de planche de pompes \u00e0 neuf fonctions pour gymnaste d'int\u00e9rieur - Aigle Shopping Canada","robots":{"index":"index","follow":"follow","max-snippet":"max-snippet:-1","max-image-preview":"max-image-preview:large","max-video-preview":"max-video-preview:-1"},"canonical":"https:\/\/aigleshopping.ca\/fr\/produit\/support-de-planche-de-pompes-a-neuf-fonctions-pour-gymnaste-dinterieur\/","og_locale":"fr_FR","og_type":"article","og_title":"Support de planche de pompes \u00e0 neuf fonctions pour gymnaste d'int\u00e9rieur - Aigle Shopping Canada","og_description":"Vue d&rsquo;ensemble : Les objectifs de la planche \u00e0 pousser, cod\u00e9s par couleur, d\u00e9taillent les muscles travaill\u00e9s (bleu-poitrine, rouge-\u00e9paules, jaune-dos et vert-triceps). Le syst\u00e8me de planche \u00e0 repousser Plug &amp; Pressinches, tr\u00e8s r\u00e9sistant, offre de multiples positions et angles qui sculptent et maximisent la d\u00e9finition du haut du corps. Br\u00fblez des calories et d\u00e9veloppez votre [&hellip;]","og_url":"https:\/\/aigleshopping.ca\/fr\/produit\/support-de-planche-de-pompes-a-neuf-fonctions-pour-gymnaste-dinterieur\/","og_site_name":"Aigle Shopping Canada","article_modified_time":"2025-03-10T14:24:53+00:00","og_image":[{"width":1001,"height":1001,"url":"https:\/\/aigleshopping.ca\/wp-content\/uploads\/2025\/03\/646037996563.jpg","type":"image\/jpeg"}],"twitter_card":"summary_large_image","twitter_misc":{"Dur\u00e9e de lecture estim\u00e9e":"1 minute"},"schema":{"@context":"https:\/\/schema.org","@graph":[{"@type":"WebPage","@id":"https:\/\/aigleshopping.ca\/fr\/produit\/support-de-planche-de-pompes-a-neuf-fonctions-pour-gymnaste-dinterieur\/","url":"https:\/\/aigleshopping.ca\/fr\/produit\/support-de-planche-de-pompes-a-neuf-fonctions-pour-gymnaste-dinterieur\/","name":"Support de planche de pompes \u00e0 neuf fonctions pour gymnaste d'int\u00e9rieur - Aigle Shopping Canada","isPartOf":{"@id":"https:\/\/aigleshopping.ca\/#website"},"primaryImageOfPage":{"@id":"https:\/\/aigleshopping.ca\/fr\/produit\/support-de-planche-de-pompes-a-neuf-fonctions-pour-gymnaste-dinterieur\/#primaryimage"},"image":{"@id":"https:\/\/aigleshopping.ca\/fr\/produit\/support-de-planche-de-pompes-a-neuf-fonctions-pour-gymnaste-dinterieur\/#primaryimage"},"thumbnailUrl":"https:\/\/aigleshopping.ca\/wp-content\/uploads\/2025\/03\/646037996563.jpg","datePublished":"2025-03-08T19:53:52+00:00","dateModified":"2025-03-10T14:24:53+00:00","breadcrumb":{"@id":"https:\/\/aigleshopping.ca\/fr\/produit\/support-de-planche-de-pompes-a-neuf-fonctions-pour-gymnaste-dinterieur\/#breadcrumb"},"inLanguage":"fr-FR","potentialAction":[{"@type":"ReadAction","target":["https:\/\/aigleshopping.ca\/fr\/produit\/support-de-planche-de-pompes-a-neuf-fonctions-pour-gymnaste-dinterieur\/"]}]},{"@type":"ImageObject","inLanguage":"fr-FR","@id":"https:\/\/aigleshopping.ca\/fr\/produit\/support-de-planche-de-pompes-a-neuf-fonctions-pour-gymnaste-dinterieur\/#primaryimage","url":"https:\/\/aigleshopping.ca\/wp-content\/uploads\/2025\/03\/646037996563.jpg","contentUrl":"https:\/\/aigleshopping.ca\/wp-content\/uploads\/2025\/03\/646037996563.jpg","width":1001,"height":1001},{"@type":"BreadcrumbList","@id":"https:\/\/aigleshopping.ca\/fr\/produit\/support-de-planche-de-pompes-a-neuf-fonctions-pour-gymnaste-dinterieur\/#breadcrumb","itemListElement":[{"@type":"ListItem","position":1,"name":"Home","item":"https:\/\/aigleshopping.ca\/fr\/home\/"},{"@type":"ListItem","position":2,"name":"Products","item":"https:\/\/aigleshopping.ca\/shop\/"},{"@type":"ListItem","position":3,"name":"Support de planche de pompes \u00e0 neuf fonctions pour gymnaste d&#8217;int\u00e9rieur"}]},{"@type":"WebSite","@id":"https:\/\/aigleshopping.ca\/#website","url":"https:\/\/aigleshopping.ca\/","name":"Aigle Shopping Canada","description":"Au-del\u00e0 des fronti\u00e8res, pour vous offrir le\u00a0meilleur!","publisher":{"@id":"https:\/\/aigleshopping.ca\/#organization"},"potentialAction":[{"@type":"SearchAction","target":{"@type":"EntryPoint","urlTemplate":"https:\/\/aigleshopping.ca\/?s={search_term_string}"},"query-input":{"@type":"PropertyValueSpecification","valueRequired":true,"valueName":"search_term_string"}}],"inLanguage":"fr-FR"},{"@type":"Organization","@id":"https:\/\/aigleshopping.ca\/#organization","name":"Aigle Shopping Canada","url":"https:\/\/aigleshopping.ca\/","logo":{"@type":"ImageObject","inLanguage":"fr-FR","@id":"https:\/\/aigleshopping.ca\/#\/schema\/logo\/image\/","url":"https:\/\/aigleshopping.ca\/wp-content\/uploads\/2025\/12\/logo_aigleshopping_ca.png","contentUrl":"https:\/\/aigleshopping.ca\/wp-content\/uploads\/2025\/12\/logo_aigleshopping_ca.png","width":800,"height":233,"caption":"Aigle Shopping Canada"},"image":{"@id":"https:\/\/aigleshopping.ca\/#\/schema\/logo\/image\/"}}]}},"jetpack_sharing_enabled":true,"_links":{"self":[{"href":"https:\/\/aigleshopping.ca\/fr\/wp-json\/wp\/v2\/product\/21011","targetHints":{"allow":["GET"]}}],"collection":[{"href":"https:\/\/aigleshopping.ca\/fr\/wp-json\/wp\/v2\/product"}],"about":[{"href":"https:\/\/aigleshopping.ca\/fr\/wp-json\/wp\/v2\/types\/product"}],"replies":[{"embeddable":true,"href":"https:\/\/aigleshopping.ca\/fr\/wp-json\/wp\/v2\/comments?post=21011"}],"wp:featuredmedia":[{"embeddable":true,"href":"https:\/\/aigleshopping.ca\/fr\/wp-json\/wp\/v2\/media\/16733"}],"wp:attachment":[{"href":"https:\/\/aigleshopping.ca\/fr\/wp-json\/wp\/v2\/media?parent=21011"}],"wp:term":[{"taxonomy":"product_brand","embeddable":true,"href":"https:\/\/aigleshopping.ca\/fr\/wp-json\/wp\/v2\/product_brand?post=21011"},{"taxonomy":"product_cat","embeddable":true,"href":"https:\/\/aigleshopping.ca\/fr\/wp-json\/wp\/v2\/product_cat?post=21011"},{"taxonomy":"product_tag","embeddable":true,"href":"https:\/\/aigleshopping.ca\/fr\/wp-json\/wp\/v2\/product_tag?post=21011"}],"curies":[{"name":"wp","href":"https:\/\/api.w.org\/{rel}","templated":true}]}}