{"id":21026,"date":"2025-03-08T19:55:23","date_gmt":"2025-03-08T19:55:23","guid":{"rendered":"https:\/\/aigleshopping.ca\/produit\/corde-a-compter-electronique-pour-lentrainement-physique\/"},"modified":"2025-03-08T19:55:23","modified_gmt":"2025-03-08T19:55:23","slug":"corde-a-compter-electronique-pour-lentrainement-physique","status":"publish","type":"product","link":"https:\/\/aigleshopping.ca\/fr\/produit\/corde-a-compter-electronique-pour-lentrainement-physique\/","title":{"rendered":"Corde \u00e0 compter \u00e9lectronique pour l&rsquo;entra\u00eenement physique"},"content":{"rendered":"<p> <span style=\"font-weight: bold\">Aper\u00e7u<\/span> <br \/> La corde peut \u00eatre r\u00e9gl\u00e9e \u00e0 la longueur souhait\u00e9e en fonction de votre taille. <br \/> Elle permet de br\u00fbler des calories et des graisses tout en faisant travailler vos muscles pendant les sauts. <br \/> Une poign\u00e9e l\u00e9g\u00e8re, durable et confortable la rend facile \u00e0 saisir et \u00e0 transporter. <br \/> Un double syst\u00e8me de roulement \u00e0 billes et un c\u00e2ble l\u00e9ger peuvent traverser l&rsquo;air rapidement, augmentant ainsi la vitesse.  <\/p>\n<p> <span style=\"font-weight: bold\">Sp\u00e9cification<\/span> <br \/> Mat\u00e9riau de la poign\u00e9e : <br \/> Taille de la poign\u00e9e : environ 30mm*175mm <br \/> Mat\u00e9riau de fixation de la poign\u00e9e : circuit imprim\u00e9, pile bouton, roulement en acier <br \/> Couleur de la poign\u00e9e : gris rouge, gris-bleu, gris-violet, gris-vert, gris-orange, gris-poudre <br \/> Mat\u00e9riau de la corde : corde en PVC : Corde en PVC <br \/> Taille de la corde : <br \/> 6mm*3mCorde en PVC <br \/> 5mm*3m c\u00e2ble m\u00e9tallique <br \/> Couleur de la corde : rouge, bleu, violet, vert, orange, rose <br \/> Longueur de la corde : environ 30cm <br \/> Mat\u00e9riau : PVC <br \/> Diam\u00e8tre de la sph\u00e8re : 40mm <br \/> Mat\u00e9riau de la sph\u00e8re : EVA <br \/> Couleur de la sph\u00e8re : rouge, bleu, violet, vert, orange, rose  <\/p>\n<p> <span style=\"font-weight: bold\">Contenu du paquet<\/span> <br \/> 1*corde \u00e0 sauter&nbsp; <\/p>\n<p> <\/p>\n<p> <img decoding=\"async\" src=\"https:\/\/cf.cjdropshipping.com\/17000928\/1725041648938913792.jpg\">  <\/p>\n","protected":false},"excerpt":{"rendered":"<p>Aper\u00e7u La corde peut \u00eatre r\u00e9gl\u00e9e \u00e0 la longueur souhait\u00e9e en fonction de votre taille. Elle permet de br\u00fbler des calories et des graisses tout en faisant travailler vos muscles pendant les sauts. Une poign\u00e9e l\u00e9g\u00e8re, durable et confortable la rend facile \u00e0 saisir et \u00e0 transporter. Un double syst\u00e8me de roulement \u00e0 billes et [&hellip;]<\/p>\n","protected":false},"featured_media":16778,"comment_status":"open","ping_status":"closed","template":"","meta":{"content-type":""},"product_brand":[],"product_cat":[217],"product_tag":[],"class_list":{"0":"post-21026","1":"product","2":"type-product","3":"status-publish","4":"has-post-thumbnail","6":"product_cat-sport-fr","8":"first","9":"instock","10":"taxable","11":"shipping-taxable","12":"purchasable","13":"product-type-variable","14":"add-to-wishlist-after_add_to_cart"},"yoast_head":"<!-- This site is optimized with the Yoast SEO plugin v27.4 - https:\/\/yoast.com\/product\/yoast-seo-wordpress\/ -->\n<title>Corde \u00e0 compter \u00e9lectronique pour l&#039;entra\u00eenement physique - Aigle Shopping Canada<\/title>\n<meta name=\"robots\" content=\"index, follow, max-snippet:-1, max-image-preview:large, max-video-preview:-1\" \/>\n<link rel=\"canonical\" href=\"https:\/\/aigleshopping.ca\/fr\/produit\/corde-a-compter-electronique-pour-lentrainement-physique\/\" \/>\n<meta property=\"og:locale\" content=\"fr_FR\" \/>\n<meta property=\"og:type\" content=\"article\" \/>\n<meta property=\"og:title\" content=\"Corde \u00e0 compter \u00e9lectronique pour l&#039;entra\u00eenement physique - Aigle Shopping Canada\" \/>\n<meta property=\"og:description\" content=\"Aper\u00e7u La corde peut \u00eatre r\u00e9gl\u00e9e \u00e0 la longueur souhait\u00e9e en fonction de votre taille. Elle permet de br\u00fbler des calories et des graisses tout en faisant travailler vos muscles pendant les sauts. Une poign\u00e9e l\u00e9g\u00e8re, durable et confortable la rend facile \u00e0 saisir et \u00e0 transporter. Un double syst\u00e8me de roulement \u00e0 billes et [&hellip;]\" \/>\n<meta property=\"og:url\" content=\"https:\/\/aigleshopping.ca\/fr\/produit\/corde-a-compter-electronique-pour-lentrainement-physique\/\" \/>\n<meta property=\"og:site_name\" content=\"Aigle Shopping Canada\" \/>\n<meta property=\"og:image\" content=\"https:\/\/aigleshopping.ca\/wp-content\/uploads\/2025\/03\/1118399543583.jpg\" \/>\n\t<meta property=\"og:image:width\" content=\"800\" \/>\n\t<meta property=\"og:image:height\" content=\"800\" \/>\n\t<meta property=\"og:image:type\" content=\"image\/jpeg\" \/>\n<meta name=\"twitter:card\" content=\"summary_large_image\" \/>\n<meta name=\"twitter:label1\" content=\"Dur\u00e9e de lecture estim\u00e9e\" \/>\n\t<meta name=\"twitter:data1\" content=\"1 minute\" \/>\n<script type=\"application\/ld+json\" class=\"yoast-schema-graph\">{\"@context\":\"https:\\\/\\\/schema.org\",\"@graph\":[{\"@type\":\"WebPage\",\"@id\":\"https:\\\/\\\/aigleshopping.ca\\\/fr\\\/produit\\\/corde-a-compter-electronique-pour-lentrainement-physique\\\/\",\"url\":\"https:\\\/\\\/aigleshopping.ca\\\/fr\\\/produit\\\/corde-a-compter-electronique-pour-lentrainement-physique\\\/\",\"name\":\"Corde \u00e0 compter \u00e9lectronique pour l'entra\u00eenement physique - Aigle Shopping Canada\",\"isPartOf\":{\"@id\":\"https:\\\/\\\/aigleshopping.ca\\\/#website\"},\"primaryImageOfPage\":{\"@id\":\"https:\\\/\\\/aigleshopping.ca\\\/fr\\\/produit\\\/corde-a-compter-electronique-pour-lentrainement-physique\\\/#primaryimage\"},\"image\":{\"@id\":\"https:\\\/\\\/aigleshopping.ca\\\/fr\\\/produit\\\/corde-a-compter-electronique-pour-lentrainement-physique\\\/#primaryimage\"},\"thumbnailUrl\":\"https:\\\/\\\/aigleshopping.ca\\\/wp-content\\\/uploads\\\/2025\\\/03\\\/1118399543583.jpg\",\"datePublished\":\"2025-03-08T19:55:23+00:00\",\"breadcrumb\":{\"@id\":\"https:\\\/\\\/aigleshopping.ca\\\/fr\\\/produit\\\/corde-a-compter-electronique-pour-lentrainement-physique\\\/#breadcrumb\"},\"inLanguage\":\"fr-FR\",\"potentialAction\":[{\"@type\":\"ReadAction\",\"target\":[\"https:\\\/\\\/aigleshopping.ca\\\/fr\\\/produit\\\/corde-a-compter-electronique-pour-lentrainement-physique\\\/\"]}]},{\"@type\":\"ImageObject\",\"inLanguage\":\"fr-FR\",\"@id\":\"https:\\\/\\\/aigleshopping.ca\\\/fr\\\/produit\\\/corde-a-compter-electronique-pour-lentrainement-physique\\\/#primaryimage\",\"url\":\"https:\\\/\\\/aigleshopping.ca\\\/wp-content\\\/uploads\\\/2025\\\/03\\\/1118399543583.jpg\",\"contentUrl\":\"https:\\\/\\\/aigleshopping.ca\\\/wp-content\\\/uploads\\\/2025\\\/03\\\/1118399543583.jpg\",\"width\":800,\"height\":800},{\"@type\":\"BreadcrumbList\",\"@id\":\"https:\\\/\\\/aigleshopping.ca\\\/fr\\\/produit\\\/corde-a-compter-electronique-pour-lentrainement-physique\\\/#breadcrumb\",\"itemListElement\":[{\"@type\":\"ListItem\",\"position\":1,\"name\":\"Home\",\"item\":\"https:\\\/\\\/aigleshopping.ca\\\/fr\\\/home\\\/\"},{\"@type\":\"ListItem\",\"position\":2,\"name\":\"Products\",\"item\":\"https:\\\/\\\/aigleshopping.ca\\\/shop\\\/\"},{\"@type\":\"ListItem\",\"position\":3,\"name\":\"Corde \u00e0 compter \u00e9lectronique pour l&#8217;entra\u00eenement physique\"}]},{\"@type\":\"WebSite\",\"@id\":\"https:\\\/\\\/aigleshopping.ca\\\/#website\",\"url\":\"https:\\\/\\\/aigleshopping.ca\\\/\",\"name\":\"Aigle Shopping Canada\",\"description\":\"Au-del\u00e0 des fronti\u00e8res, pour vous offrir le\u00a0meilleur!\",\"publisher\":{\"@id\":\"https:\\\/\\\/aigleshopping.ca\\\/#organization\"},\"potentialAction\":[{\"@type\":\"SearchAction\",\"target\":{\"@type\":\"EntryPoint\",\"urlTemplate\":\"https:\\\/\\\/aigleshopping.ca\\\/?s={search_term_string}\"},\"query-input\":{\"@type\":\"PropertyValueSpecification\",\"valueRequired\":true,\"valueName\":\"search_term_string\"}}],\"inLanguage\":\"fr-FR\"},{\"@type\":\"Organization\",\"@id\":\"https:\\\/\\\/aigleshopping.ca\\\/#organization\",\"name\":\"Aigle Shopping Canada\",\"url\":\"https:\\\/\\\/aigleshopping.ca\\\/\",\"logo\":{\"@type\":\"ImageObject\",\"inLanguage\":\"fr-FR\",\"@id\":\"https:\\\/\\\/aigleshopping.ca\\\/#\\\/schema\\\/logo\\\/image\\\/\",\"url\":\"https:\\\/\\\/aigleshopping.ca\\\/wp-content\\\/uploads\\\/2025\\\/12\\\/logo_aigleshopping_ca.png\",\"contentUrl\":\"https:\\\/\\\/aigleshopping.ca\\\/wp-content\\\/uploads\\\/2025\\\/12\\\/logo_aigleshopping_ca.png\",\"width\":800,\"height\":233,\"caption\":\"Aigle Shopping Canada\"},\"image\":{\"@id\":\"https:\\\/\\\/aigleshopping.ca\\\/#\\\/schema\\\/logo\\\/image\\\/\"}}]}<\/script>\n<!-- \/ Yoast SEO plugin. -->","yoast_head_json":{"title":"Corde \u00e0 compter \u00e9lectronique pour l'entra\u00eenement physique - Aigle Shopping Canada","robots":{"index":"index","follow":"follow","max-snippet":"max-snippet:-1","max-image-preview":"max-image-preview:large","max-video-preview":"max-video-preview:-1"},"canonical":"https:\/\/aigleshopping.ca\/fr\/produit\/corde-a-compter-electronique-pour-lentrainement-physique\/","og_locale":"fr_FR","og_type":"article","og_title":"Corde \u00e0 compter \u00e9lectronique pour l'entra\u00eenement physique - Aigle Shopping Canada","og_description":"Aper\u00e7u La corde peut \u00eatre r\u00e9gl\u00e9e \u00e0 la longueur souhait\u00e9e en fonction de votre taille. Elle permet de br\u00fbler des calories et des graisses tout en faisant travailler vos muscles pendant les sauts. Une poign\u00e9e l\u00e9g\u00e8re, durable et confortable la rend facile \u00e0 saisir et \u00e0 transporter. Un double syst\u00e8me de roulement \u00e0 billes et [&hellip;]","og_url":"https:\/\/aigleshopping.ca\/fr\/produit\/corde-a-compter-electronique-pour-lentrainement-physique\/","og_site_name":"Aigle Shopping Canada","og_image":[{"width":800,"height":800,"url":"https:\/\/aigleshopping.ca\/wp-content\/uploads\/2025\/03\/1118399543583.jpg","type":"image\/jpeg"}],"twitter_card":"summary_large_image","twitter_misc":{"Dur\u00e9e de lecture estim\u00e9e":"1 minute"},"schema":{"@context":"https:\/\/schema.org","@graph":[{"@type":"WebPage","@id":"https:\/\/aigleshopping.ca\/fr\/produit\/corde-a-compter-electronique-pour-lentrainement-physique\/","url":"https:\/\/aigleshopping.ca\/fr\/produit\/corde-a-compter-electronique-pour-lentrainement-physique\/","name":"Corde \u00e0 compter \u00e9lectronique pour l'entra\u00eenement physique - Aigle Shopping Canada","isPartOf":{"@id":"https:\/\/aigleshopping.ca\/#website"},"primaryImageOfPage":{"@id":"https:\/\/aigleshopping.ca\/fr\/produit\/corde-a-compter-electronique-pour-lentrainement-physique\/#primaryimage"},"image":{"@id":"https:\/\/aigleshopping.ca\/fr\/produit\/corde-a-compter-electronique-pour-lentrainement-physique\/#primaryimage"},"thumbnailUrl":"https:\/\/aigleshopping.ca\/wp-content\/uploads\/2025\/03\/1118399543583.jpg","datePublished":"2025-03-08T19:55:23+00:00","breadcrumb":{"@id":"https:\/\/aigleshopping.ca\/fr\/produit\/corde-a-compter-electronique-pour-lentrainement-physique\/#breadcrumb"},"inLanguage":"fr-FR","potentialAction":[{"@type":"ReadAction","target":["https:\/\/aigleshopping.ca\/fr\/produit\/corde-a-compter-electronique-pour-lentrainement-physique\/"]}]},{"@type":"ImageObject","inLanguage":"fr-FR","@id":"https:\/\/aigleshopping.ca\/fr\/produit\/corde-a-compter-electronique-pour-lentrainement-physique\/#primaryimage","url":"https:\/\/aigleshopping.ca\/wp-content\/uploads\/2025\/03\/1118399543583.jpg","contentUrl":"https:\/\/aigleshopping.ca\/wp-content\/uploads\/2025\/03\/1118399543583.jpg","width":800,"height":800},{"@type":"BreadcrumbList","@id":"https:\/\/aigleshopping.ca\/fr\/produit\/corde-a-compter-electronique-pour-lentrainement-physique\/#breadcrumb","itemListElement":[{"@type":"ListItem","position":1,"name":"Home","item":"https:\/\/aigleshopping.ca\/fr\/home\/"},{"@type":"ListItem","position":2,"name":"Products","item":"https:\/\/aigleshopping.ca\/shop\/"},{"@type":"ListItem","position":3,"name":"Corde \u00e0 compter \u00e9lectronique pour l&#8217;entra\u00eenement physique"}]},{"@type":"WebSite","@id":"https:\/\/aigleshopping.ca\/#website","url":"https:\/\/aigleshopping.ca\/","name":"Aigle Shopping Canada","description":"Au-del\u00e0 des fronti\u00e8res, pour vous offrir le\u00a0meilleur!","publisher":{"@id":"https:\/\/aigleshopping.ca\/#organization"},"potentialAction":[{"@type":"SearchAction","target":{"@type":"EntryPoint","urlTemplate":"https:\/\/aigleshopping.ca\/?s={search_term_string}"},"query-input":{"@type":"PropertyValueSpecification","valueRequired":true,"valueName":"search_term_string"}}],"inLanguage":"fr-FR"},{"@type":"Organization","@id":"https:\/\/aigleshopping.ca\/#organization","name":"Aigle Shopping Canada","url":"https:\/\/aigleshopping.ca\/","logo":{"@type":"ImageObject","inLanguage":"fr-FR","@id":"https:\/\/aigleshopping.ca\/#\/schema\/logo\/image\/","url":"https:\/\/aigleshopping.ca\/wp-content\/uploads\/2025\/12\/logo_aigleshopping_ca.png","contentUrl":"https:\/\/aigleshopping.ca\/wp-content\/uploads\/2025\/12\/logo_aigleshopping_ca.png","width":800,"height":233,"caption":"Aigle Shopping Canada"},"image":{"@id":"https:\/\/aigleshopping.ca\/#\/schema\/logo\/image\/"}}]}},"jetpack_sharing_enabled":true,"_links":{"self":[{"href":"https:\/\/aigleshopping.ca\/fr\/wp-json\/wp\/v2\/product\/21026","targetHints":{"allow":["GET"]}}],"collection":[{"href":"https:\/\/aigleshopping.ca\/fr\/wp-json\/wp\/v2\/product"}],"about":[{"href":"https:\/\/aigleshopping.ca\/fr\/wp-json\/wp\/v2\/types\/product"}],"replies":[{"embeddable":true,"href":"https:\/\/aigleshopping.ca\/fr\/wp-json\/wp\/v2\/comments?post=21026"}],"wp:featuredmedia":[{"embeddable":true,"href":"https:\/\/aigleshopping.ca\/fr\/wp-json\/wp\/v2\/media\/16778"}],"wp:attachment":[{"href":"https:\/\/aigleshopping.ca\/fr\/wp-json\/wp\/v2\/media?parent=21026"}],"wp:term":[{"taxonomy":"product_brand","embeddable":true,"href":"https:\/\/aigleshopping.ca\/fr\/wp-json\/wp\/v2\/product_brand?post=21026"},{"taxonomy":"product_cat","embeddable":true,"href":"https:\/\/aigleshopping.ca\/fr\/wp-json\/wp\/v2\/product_cat?post=21026"},{"taxonomy":"product_tag","embeddable":true,"href":"https:\/\/aigleshopping.ca\/fr\/wp-json\/wp\/v2\/product_tag?post=21026"}],"curies":[{"name":"wp","href":"https:\/\/api.w.org\/{rel}","templated":true}]}}