{"id":21030,"date":"2025-03-08T19:51:36","date_gmt":"2025-03-08T19:51:36","guid":{"rendered":"https:\/\/aigleshopping.ca\/produit\/roue-dexercice-pour-le-ventre-2-en-1-pour-hommes-et-femmes-sports-dinterieur-et-de-remise-en-forme\/"},"modified":"2025-03-10T14:24:55","modified_gmt":"2025-03-10T14:24:55","slug":"roue-dexercice-pour-le-ventre-2-en-1-pour-hommes-et-femmes-sports-dinterieur-et-de-remise-en-forme","status":"publish","type":"product","link":"https:\/\/aigleshopping.ca\/fr\/produit\/roue-dexercice-pour-le-ventre-2-en-1-pour-hommes-et-femmes-sports-dinterieur-et-de-remise-en-forme\/","title":{"rendered":"Roue d&rsquo;exercice pour le ventre 2 en 1 pour hommes et femmes Sports d&rsquo;int\u00e9rieur et de remise en forme"},"content":{"rendered":"<p> <b>Vue d&rsquo;ensemble :<\/b> <br \/> Un design unique, \u00e9l\u00e9gant et beau. <br \/> Mat\u00e9riau de qualit\u00e9, utilisation confortable. <br \/> Une vari\u00e9t\u00e9 de couleurs, au choix.  <b> <br \/> <\/b> <\/p>\n<p> <b>Informations sur le produit :<\/b>  <\/p>\n<p>  Cat\u00e9gorie de produit : Roue de ventre saine <br \/> Champ d&rsquo;application : Bureau, ext\u00e9rieur, maison <br \/> Poids : 1,9 (kg) <br \/> Couleurs : orange, bleu, rose, violet <br \/> Sc\u00e9narios applicables : \u00e9quipement de fitness, fitness et remise en forme  <\/p>\n<p> <\/p>\n<p> <b>Caract\u00e9ristiques : <\/b> <br \/> SMART COUNTING\uff1aAvec la conception du comptage intelligent, il comptera automatiquement lorsque vous faites de l&rsquo;exercice, ce qui est plus pratique. <br \/> REBOND AUTOMATIQUE\uff1aRessort hautement \u00e9lastique int\u00e9gr\u00e9, pousse vers l&rsquo;avant \u00e0 un \u00e9tat serr\u00e9, aide \u00e0 r\u00e9initialiser lors du rebond, prot\u00e8ge efficacement la s\u00e9curit\u00e9 musculaire et pr\u00e9vient les blessures sportives. <br \/> LARGE UTILISATION\uff1aIl peut aider \u00e0 \u00e9tirer et \u00e0 exercer les muscles abdominaux, des bras, de la poitrine, des \u00e9paules et du dos, et obtenir six muscles abdominaux, vous pouvez \u00e9galement faire le soutien de la planche.  <\/p>\n<p> <\/p>\n<p> <b>Liste d&#8217;emballage :<\/b> <\/p>\n<p>Roue ventrale saine + tapis d&rsquo;agenouillement*1pc<\/p>\n<p> <img decoding=\"async\" src=\"https:\/\/cf.cjdropshipping.com\/493d2516-8e7f-42d2-829e-dc95f0d3185b.png\" alt=\"aeProduct.getSubject()\" data-src=\"https:\/\/ae03.alicdn.com\/kf\/Sca96eff08d9c4b54ab14a8fe89a33a93Z.jpg\" data-key=\"1\" data-uploadossfail=\"false\"> <img decoding=\"async\" src=\"https:\/\/cf.cjdropshipping.com\/40bb967d-60fd-4a4f-b4bf-20c533ea636a.png\" alt=\"aeProduct.getSubject()\" data-src=\"https:\/\/ae03.alicdn.com\/kf\/S45f3d68b33e94c87ba0b0b58d58a68f6p.jpg\" data-key=\"2\" data-uploadossfail=\"false\"> <\/p>\n<p> <img decoding=\"async\" src=\"https:\/\/cf.cjdropshipping.com\/cb130632-55e3-44d0-bd2f-97f11664ddcf.png\">  <\/p>\n<p> <img decoding=\"async\" src=\"https:\/\/cf.cjdropshipping.com\/837d7eec-36a1-410d-8550-3a9206c5661b.png\">  <\/p>\n<p> <img decoding=\"async\" src=\"https:\/\/cf.cjdropshipping.com\/c5f51138-e61e-43db-8cb6-48d62e8a3631.jpg\">  <\/p>\n<p> <img decoding=\"async\" src=\"https:\/\/cf.cjdropshipping.com\/55aaa665-bdc0-44b0-b4c0-35947dfa1a81.png\" alt=\"aeProduct.getSubject()\" data-src=\"https:\/\/ae03.alicdn.com\/kf\/Sd94606234c7c4b748e97462bfb9128d6l.jpg\" data-key=\"3\" data-uploadossfail=\"false\"> <\/p>\n<p> <img decoding=\"async\" src=\"https:\/\/cf.cjdropshipping.com\/eef817db-38ff-4720-b5cb-e913b08e13a2.png\" alt=\"aeProduct.getSubject()\" data-src=\"https:\/\/ae03.alicdn.com\/kf\/S0831a1321d604a308662427aa9ed1b04N.jpg\" data-key=\"4\" data-uploadossfail=\"false\"> <img decoding=\"async\" src=\"https:\/\/cf.cjdropshipping.com\/b03ae395-a0d0-4193-9046-cf70ad38c1e1.png\" alt=\"aeProduct.getSubject()\" data-src=\"https:\/\/ae03.alicdn.com\/kf\/Sa61349242fc143758efb696f191c13b8f.jpg\" data-key=\"8\" data-uploadossfail=\"false\"> <img decoding=\"async\" src=\"https:\/\/cf.cjdropshipping.com\/0e6ec69c-1a11-43a9-8f20-918eec895da9.png\" alt=\"aeProduct.getSubject()\" data-src=\"https:\/\/ae03.alicdn.com\/kf\/S302266cb634649a89a69ffda719b5e64D.jpg\" data-key=\"9\" data-uploadossfail=\"false\"> <b> <br \/> <\/b> <\/p>\n<p> <img decoding=\"async\" src=\"https:\/\/cf.cjdropshipping.com\/9e02c7bd-d7b8-4f9b-9850-ce1f5a634c96.png\">  <\/p>\n<p> <img decoding=\"async\" src=\"https:\/\/cf.cjdropshipping.com\/996a6a22-f0f4-484c-8aa7-0241de1dbbf3.png\">  <\/p>\n<p> <img decoding=\"async\" src=\"https:\/\/cf.cjdropshipping.com\/9a68e458-c53a-412f-88a4-01b5c77c1217.png\">  <\/p>\n","protected":false},"excerpt":{"rendered":"<p>Vue d&rsquo;ensemble : Un design unique, \u00e9l\u00e9gant et beau. Mat\u00e9riau de qualit\u00e9, utilisation confortable. Une vari\u00e9t\u00e9 de couleurs, au choix. Informations sur le produit : Cat\u00e9gorie de produit : Roue de ventre saine Champ d&rsquo;application : Bureau, ext\u00e9rieur, maison Poids : 1,9 (kg) Couleurs : orange, bleu, rose, violet Sc\u00e9narios applicables : \u00e9quipement de fitness, [&hellip;]<\/p>\n","protected":false},"featured_media":16652,"comment_status":"open","ping_status":"closed","template":"","meta":{"content-type":""},"product_brand":[],"product_cat":[217],"product_tag":[],"class_list":{"0":"post-21030","1":"product","2":"type-product","3":"status-publish","4":"has-post-thumbnail","6":"product_cat-sport-fr","8":"first","9":"instock","10":"taxable","11":"shipping-taxable","12":"purchasable","13":"product-type-variable","14":"add-to-wishlist-after_add_to_cart"},"yoast_head":"<!-- This site is optimized with the Yoast SEO plugin v27.4 - https:\/\/yoast.com\/product\/yoast-seo-wordpress\/ -->\n<title>Roue d&#039;exercice pour le ventre 2 en 1 pour hommes et femmes Sports d&#039;int\u00e9rieur et de remise en forme - Aigle Shopping Canada<\/title>\n<meta name=\"robots\" content=\"index, follow, max-snippet:-1, max-image-preview:large, max-video-preview:-1\" \/>\n<link rel=\"canonical\" href=\"https:\/\/aigleshopping.ca\/fr\/produit\/roue-dexercice-pour-le-ventre-2-en-1-pour-hommes-et-femmes-sports-dinterieur-et-de-remise-en-forme\/\" \/>\n<meta property=\"og:locale\" content=\"fr_FR\" \/>\n<meta property=\"og:type\" content=\"article\" \/>\n<meta property=\"og:title\" content=\"Roue d&#039;exercice pour le ventre 2 en 1 pour hommes et femmes Sports d&#039;int\u00e9rieur et de remise en forme - Aigle Shopping Canada\" \/>\n<meta property=\"og:description\" content=\"Vue d&rsquo;ensemble : Un design unique, \u00e9l\u00e9gant et beau. Mat\u00e9riau de qualit\u00e9, utilisation confortable. Une vari\u00e9t\u00e9 de couleurs, au choix. Informations sur le produit : Cat\u00e9gorie de produit : Roue de ventre saine Champ d&rsquo;application : Bureau, ext\u00e9rieur, maison Poids : 1,9 (kg) Couleurs : orange, bleu, rose, violet Sc\u00e9narios applicables : \u00e9quipement de fitness, [&hellip;]\" \/>\n<meta property=\"og:url\" content=\"https:\/\/aigleshopping.ca\/fr\/produit\/roue-dexercice-pour-le-ventre-2-en-1-pour-hommes-et-femmes-sports-dinterieur-et-de-remise-en-forme\/\" \/>\n<meta property=\"og:site_name\" content=\"Aigle Shopping Canada\" \/>\n<meta property=\"article:modified_time\" content=\"2025-03-10T14:24:55+00:00\" \/>\n<meta property=\"og:image\" content=\"https:\/\/aigleshopping.ca\/wp-content\/uploads\/2025\/03\/f97ebfc1-c832-4dfe-901f-fa073ae19c7f.jpg\" \/>\n\t<meta property=\"og:image:width\" content=\"1001\" \/>\n\t<meta property=\"og:image:height\" content=\"1001\" \/>\n\t<meta property=\"og:image:type\" content=\"image\/jpeg\" \/>\n<meta name=\"twitter:card\" content=\"summary_large_image\" \/>\n<meta name=\"twitter:label1\" content=\"Dur\u00e9e de lecture estim\u00e9e\" \/>\n\t<meta name=\"twitter:data1\" content=\"1 minute\" \/>\n<script type=\"application\/ld+json\" class=\"yoast-schema-graph\">{\"@context\":\"https:\\\/\\\/schema.org\",\"@graph\":[{\"@type\":\"WebPage\",\"@id\":\"https:\\\/\\\/aigleshopping.ca\\\/fr\\\/produit\\\/roue-dexercice-pour-le-ventre-2-en-1-pour-hommes-et-femmes-sports-dinterieur-et-de-remise-en-forme\\\/\",\"url\":\"https:\\\/\\\/aigleshopping.ca\\\/fr\\\/produit\\\/roue-dexercice-pour-le-ventre-2-en-1-pour-hommes-et-femmes-sports-dinterieur-et-de-remise-en-forme\\\/\",\"name\":\"Roue d'exercice pour le ventre 2 en 1 pour hommes et femmes Sports d'int\u00e9rieur et de remise en forme - Aigle Shopping Canada\",\"isPartOf\":{\"@id\":\"https:\\\/\\\/aigleshopping.ca\\\/#website\"},\"primaryImageOfPage\":{\"@id\":\"https:\\\/\\\/aigleshopping.ca\\\/fr\\\/produit\\\/roue-dexercice-pour-le-ventre-2-en-1-pour-hommes-et-femmes-sports-dinterieur-et-de-remise-en-forme\\\/#primaryimage\"},\"image\":{\"@id\":\"https:\\\/\\\/aigleshopping.ca\\\/fr\\\/produit\\\/roue-dexercice-pour-le-ventre-2-en-1-pour-hommes-et-femmes-sports-dinterieur-et-de-remise-en-forme\\\/#primaryimage\"},\"thumbnailUrl\":\"https:\\\/\\\/aigleshopping.ca\\\/wp-content\\\/uploads\\\/2025\\\/03\\\/f97ebfc1-c832-4dfe-901f-fa073ae19c7f.jpg\",\"datePublished\":\"2025-03-08T19:51:36+00:00\",\"dateModified\":\"2025-03-10T14:24:55+00:00\",\"breadcrumb\":{\"@id\":\"https:\\\/\\\/aigleshopping.ca\\\/fr\\\/produit\\\/roue-dexercice-pour-le-ventre-2-en-1-pour-hommes-et-femmes-sports-dinterieur-et-de-remise-en-forme\\\/#breadcrumb\"},\"inLanguage\":\"fr-FR\",\"potentialAction\":[{\"@type\":\"ReadAction\",\"target\":[\"https:\\\/\\\/aigleshopping.ca\\\/fr\\\/produit\\\/roue-dexercice-pour-le-ventre-2-en-1-pour-hommes-et-femmes-sports-dinterieur-et-de-remise-en-forme\\\/\"]}]},{\"@type\":\"ImageObject\",\"inLanguage\":\"fr-FR\",\"@id\":\"https:\\\/\\\/aigleshopping.ca\\\/fr\\\/produit\\\/roue-dexercice-pour-le-ventre-2-en-1-pour-hommes-et-femmes-sports-dinterieur-et-de-remise-en-forme\\\/#primaryimage\",\"url\":\"https:\\\/\\\/aigleshopping.ca\\\/wp-content\\\/uploads\\\/2025\\\/03\\\/f97ebfc1-c832-4dfe-901f-fa073ae19c7f.jpg\",\"contentUrl\":\"https:\\\/\\\/aigleshopping.ca\\\/wp-content\\\/uploads\\\/2025\\\/03\\\/f97ebfc1-c832-4dfe-901f-fa073ae19c7f.jpg\",\"width\":1001,\"height\":1001},{\"@type\":\"BreadcrumbList\",\"@id\":\"https:\\\/\\\/aigleshopping.ca\\\/fr\\\/produit\\\/roue-dexercice-pour-le-ventre-2-en-1-pour-hommes-et-femmes-sports-dinterieur-et-de-remise-en-forme\\\/#breadcrumb\",\"itemListElement\":[{\"@type\":\"ListItem\",\"position\":1,\"name\":\"Home\",\"item\":\"https:\\\/\\\/aigleshopping.ca\\\/fr\\\/home\\\/\"},{\"@type\":\"ListItem\",\"position\":2,\"name\":\"Products\",\"item\":\"https:\\\/\\\/aigleshopping.ca\\\/shop\\\/\"},{\"@type\":\"ListItem\",\"position\":3,\"name\":\"Roue d&#8217;exercice pour le ventre 2 en 1 pour hommes et femmes Sports d&#8217;int\u00e9rieur et de remise en forme\"}]},{\"@type\":\"WebSite\",\"@id\":\"https:\\\/\\\/aigleshopping.ca\\\/#website\",\"url\":\"https:\\\/\\\/aigleshopping.ca\\\/\",\"name\":\"Aigle Shopping Canada\",\"description\":\"Au-del\u00e0 des fronti\u00e8res, pour vous offrir le\u00a0meilleur!\",\"publisher\":{\"@id\":\"https:\\\/\\\/aigleshopping.ca\\\/#organization\"},\"potentialAction\":[{\"@type\":\"SearchAction\",\"target\":{\"@type\":\"EntryPoint\",\"urlTemplate\":\"https:\\\/\\\/aigleshopping.ca\\\/?s={search_term_string}\"},\"query-input\":{\"@type\":\"PropertyValueSpecification\",\"valueRequired\":true,\"valueName\":\"search_term_string\"}}],\"inLanguage\":\"fr-FR\"},{\"@type\":\"Organization\",\"@id\":\"https:\\\/\\\/aigleshopping.ca\\\/#organization\",\"name\":\"Aigle Shopping Canada\",\"url\":\"https:\\\/\\\/aigleshopping.ca\\\/\",\"logo\":{\"@type\":\"ImageObject\",\"inLanguage\":\"fr-FR\",\"@id\":\"https:\\\/\\\/aigleshopping.ca\\\/#\\\/schema\\\/logo\\\/image\\\/\",\"url\":\"https:\\\/\\\/aigleshopping.ca\\\/wp-content\\\/uploads\\\/2025\\\/12\\\/logo_aigleshopping_ca.png\",\"contentUrl\":\"https:\\\/\\\/aigleshopping.ca\\\/wp-content\\\/uploads\\\/2025\\\/12\\\/logo_aigleshopping_ca.png\",\"width\":800,\"height\":233,\"caption\":\"Aigle Shopping Canada\"},\"image\":{\"@id\":\"https:\\\/\\\/aigleshopping.ca\\\/#\\\/schema\\\/logo\\\/image\\\/\"}}]}<\/script>\n<!-- \/ Yoast SEO plugin. -->","yoast_head_json":{"title":"Roue d'exercice pour le ventre 2 en 1 pour hommes et femmes Sports d'int\u00e9rieur et de remise en forme - Aigle Shopping Canada","robots":{"index":"index","follow":"follow","max-snippet":"max-snippet:-1","max-image-preview":"max-image-preview:large","max-video-preview":"max-video-preview:-1"},"canonical":"https:\/\/aigleshopping.ca\/fr\/produit\/roue-dexercice-pour-le-ventre-2-en-1-pour-hommes-et-femmes-sports-dinterieur-et-de-remise-en-forme\/","og_locale":"fr_FR","og_type":"article","og_title":"Roue d'exercice pour le ventre 2 en 1 pour hommes et femmes Sports d'int\u00e9rieur et de remise en forme - Aigle Shopping Canada","og_description":"Vue d&rsquo;ensemble : Un design unique, \u00e9l\u00e9gant et beau. Mat\u00e9riau de qualit\u00e9, utilisation confortable. Une vari\u00e9t\u00e9 de couleurs, au choix. Informations sur le produit : Cat\u00e9gorie de produit : Roue de ventre saine Champ d&rsquo;application : Bureau, ext\u00e9rieur, maison Poids : 1,9 (kg) Couleurs : orange, bleu, rose, violet Sc\u00e9narios applicables : \u00e9quipement de fitness, [&hellip;]","og_url":"https:\/\/aigleshopping.ca\/fr\/produit\/roue-dexercice-pour-le-ventre-2-en-1-pour-hommes-et-femmes-sports-dinterieur-et-de-remise-en-forme\/","og_site_name":"Aigle Shopping Canada","article_modified_time":"2025-03-10T14:24:55+00:00","og_image":[{"width":1001,"height":1001,"url":"https:\/\/aigleshopping.ca\/wp-content\/uploads\/2025\/03\/f97ebfc1-c832-4dfe-901f-fa073ae19c7f.jpg","type":"image\/jpeg"}],"twitter_card":"summary_large_image","twitter_misc":{"Dur\u00e9e de lecture estim\u00e9e":"1 minute"},"schema":{"@context":"https:\/\/schema.org","@graph":[{"@type":"WebPage","@id":"https:\/\/aigleshopping.ca\/fr\/produit\/roue-dexercice-pour-le-ventre-2-en-1-pour-hommes-et-femmes-sports-dinterieur-et-de-remise-en-forme\/","url":"https:\/\/aigleshopping.ca\/fr\/produit\/roue-dexercice-pour-le-ventre-2-en-1-pour-hommes-et-femmes-sports-dinterieur-et-de-remise-en-forme\/","name":"Roue d'exercice pour le ventre 2 en 1 pour hommes et femmes Sports d'int\u00e9rieur et de remise en forme - Aigle Shopping Canada","isPartOf":{"@id":"https:\/\/aigleshopping.ca\/#website"},"primaryImageOfPage":{"@id":"https:\/\/aigleshopping.ca\/fr\/produit\/roue-dexercice-pour-le-ventre-2-en-1-pour-hommes-et-femmes-sports-dinterieur-et-de-remise-en-forme\/#primaryimage"},"image":{"@id":"https:\/\/aigleshopping.ca\/fr\/produit\/roue-dexercice-pour-le-ventre-2-en-1-pour-hommes-et-femmes-sports-dinterieur-et-de-remise-en-forme\/#primaryimage"},"thumbnailUrl":"https:\/\/aigleshopping.ca\/wp-content\/uploads\/2025\/03\/f97ebfc1-c832-4dfe-901f-fa073ae19c7f.jpg","datePublished":"2025-03-08T19:51:36+00:00","dateModified":"2025-03-10T14:24:55+00:00","breadcrumb":{"@id":"https:\/\/aigleshopping.ca\/fr\/produit\/roue-dexercice-pour-le-ventre-2-en-1-pour-hommes-et-femmes-sports-dinterieur-et-de-remise-en-forme\/#breadcrumb"},"inLanguage":"fr-FR","potentialAction":[{"@type":"ReadAction","target":["https:\/\/aigleshopping.ca\/fr\/produit\/roue-dexercice-pour-le-ventre-2-en-1-pour-hommes-et-femmes-sports-dinterieur-et-de-remise-en-forme\/"]}]},{"@type":"ImageObject","inLanguage":"fr-FR","@id":"https:\/\/aigleshopping.ca\/fr\/produit\/roue-dexercice-pour-le-ventre-2-en-1-pour-hommes-et-femmes-sports-dinterieur-et-de-remise-en-forme\/#primaryimage","url":"https:\/\/aigleshopping.ca\/wp-content\/uploads\/2025\/03\/f97ebfc1-c832-4dfe-901f-fa073ae19c7f.jpg","contentUrl":"https:\/\/aigleshopping.ca\/wp-content\/uploads\/2025\/03\/f97ebfc1-c832-4dfe-901f-fa073ae19c7f.jpg","width":1001,"height":1001},{"@type":"BreadcrumbList","@id":"https:\/\/aigleshopping.ca\/fr\/produit\/roue-dexercice-pour-le-ventre-2-en-1-pour-hommes-et-femmes-sports-dinterieur-et-de-remise-en-forme\/#breadcrumb","itemListElement":[{"@type":"ListItem","position":1,"name":"Home","item":"https:\/\/aigleshopping.ca\/fr\/home\/"},{"@type":"ListItem","position":2,"name":"Products","item":"https:\/\/aigleshopping.ca\/shop\/"},{"@type":"ListItem","position":3,"name":"Roue d&#8217;exercice pour le ventre 2 en 1 pour hommes et femmes Sports d&#8217;int\u00e9rieur et de remise en forme"}]},{"@type":"WebSite","@id":"https:\/\/aigleshopping.ca\/#website","url":"https:\/\/aigleshopping.ca\/","name":"Aigle Shopping Canada","description":"Au-del\u00e0 des fronti\u00e8res, pour vous offrir le\u00a0meilleur!","publisher":{"@id":"https:\/\/aigleshopping.ca\/#organization"},"potentialAction":[{"@type":"SearchAction","target":{"@type":"EntryPoint","urlTemplate":"https:\/\/aigleshopping.ca\/?s={search_term_string}"},"query-input":{"@type":"PropertyValueSpecification","valueRequired":true,"valueName":"search_term_string"}}],"inLanguage":"fr-FR"},{"@type":"Organization","@id":"https:\/\/aigleshopping.ca\/#organization","name":"Aigle Shopping Canada","url":"https:\/\/aigleshopping.ca\/","logo":{"@type":"ImageObject","inLanguage":"fr-FR","@id":"https:\/\/aigleshopping.ca\/#\/schema\/logo\/image\/","url":"https:\/\/aigleshopping.ca\/wp-content\/uploads\/2025\/12\/logo_aigleshopping_ca.png","contentUrl":"https:\/\/aigleshopping.ca\/wp-content\/uploads\/2025\/12\/logo_aigleshopping_ca.png","width":800,"height":233,"caption":"Aigle Shopping Canada"},"image":{"@id":"https:\/\/aigleshopping.ca\/#\/schema\/logo\/image\/"}}]}},"jetpack_sharing_enabled":true,"_links":{"self":[{"href":"https:\/\/aigleshopping.ca\/fr\/wp-json\/wp\/v2\/product\/21030","targetHints":{"allow":["GET"]}}],"collection":[{"href":"https:\/\/aigleshopping.ca\/fr\/wp-json\/wp\/v2\/product"}],"about":[{"href":"https:\/\/aigleshopping.ca\/fr\/wp-json\/wp\/v2\/types\/product"}],"replies":[{"embeddable":true,"href":"https:\/\/aigleshopping.ca\/fr\/wp-json\/wp\/v2\/comments?post=21030"}],"wp:featuredmedia":[{"embeddable":true,"href":"https:\/\/aigleshopping.ca\/fr\/wp-json\/wp\/v2\/media\/16652"}],"wp:attachment":[{"href":"https:\/\/aigleshopping.ca\/fr\/wp-json\/wp\/v2\/media?parent=21030"}],"wp:term":[{"taxonomy":"product_brand","embeddable":true,"href":"https:\/\/aigleshopping.ca\/fr\/wp-json\/wp\/v2\/product_brand?post=21030"},{"taxonomy":"product_cat","embeddable":true,"href":"https:\/\/aigleshopping.ca\/fr\/wp-json\/wp\/v2\/product_cat?post=21030"},{"taxonomy":"product_tag","embeddable":true,"href":"https:\/\/aigleshopping.ca\/fr\/wp-json\/wp\/v2\/product_tag?post=21030"}],"curies":[{"name":"wp","href":"https:\/\/api.w.org\/{rel}","templated":true}]}}