{"id":21039,"date":"2025-03-08T19:56:38","date_gmt":"2025-03-08T19:56:38","guid":{"rendered":"https:\/\/aigleshopping.ca\/produit\/correcteur-de-posture-pour-la-flexion-de-la-colonne-vertebrale\/"},"modified":"2025-03-10T14:24:56","modified_gmt":"2025-03-10T14:24:56","slug":"correcteur-de-posture-pour-la-flexion-de-la-colonne-vertebrale","status":"publish","type":"product","link":"https:\/\/aigleshopping.ca\/fr\/produit\/correcteur-de-posture-pour-la-flexion-de-la-colonne-vertebrale\/","title":{"rendered":"Correcteur de posture pour la flexion de la colonne vert\u00e9brale"},"content":{"rendered":"<div>\n<p> <span style=\"font-weight: bold\">Vue d&rsquo;ensemble<\/span>:  <\/p>\n<p>  1) Quille en titane, mat\u00e9riau nano-carbone.  <br \/>  2.&nbsp;Cartilage encastr\u00e9 complexe, gubernaculum double crois\u00e9.  <br \/>  3.&nbsp;C\u00f4t\u00e9&nbsp;attraction&nbsp;tissu respirant, cousu \u00e0 la main, bordures en nano-fibres brutes.  <br \/>  4.&nbsp;Taille fine, double gubernaculum crois\u00e9.  <br \/>  5.&nbsp;Convient&nbsp;pour&nbsp;Baleine \u00e0 bosse,&nbsp;Scoliose,&nbsp;\u00c9paules vo\u00fbt\u00e9es, douleurs dorsales, colonne vert\u00e9brale courb\u00e9e.  <\/p>\n<\/div>\n<p><span style=\"font-weight: bold\"> <\/p>\n<div>\n  <span style=\"font-weight: bold\"> <br \/> <\/span>\n <\/div>\n<p>  Sp\u00e9cifications :&nbsp; <\/span><br \/>\n<br \/>  Mat\u00e9riau : Velcro + \u00e9ponge + filet sandwich, FRP deux os<br \/>\n<br \/>  Dimensions : S\/M\/L\/XL\/XXL\/3XL\/4XL  <\/p>\n<div>\n  <\/p>\n<p> <img decoding=\"async\" src=\"https:\/\/cf.cjdropshipping.com\/1618558929315.png\"> <span style=\"font-weight: bold\"> <br \/> <\/span> <\/p>\n<p> <span style=\"font-weight: bold\">Contenu de l&#8217;emballage :<\/span>  <\/p>\n<p>1x bande de correction, 1x sac OPP<\/p>\n<p> <span style=\"font-weight: bold\"> <br \/> <\/span> <\/p>\n<p> <span style=\"font-weight: bold\">Note :<\/span> <\/p>\n<p>Asiatique&nbsp;tailles&nbsp;sont&nbsp;1&nbsp;\u00e0&nbsp;2&nbsp;tailles&nbsp;plus petit&nbsp;que les Europ\u00e9ens et les Am\u00e9ricains.&nbsp;Choisissez&nbsp;les&nbsp;plus grande&nbsp;taille&nbsp;si&nbsp;votre taille entre deux tailles.&nbsp;S&rsquo;il vous pla\u00eet&nbsp;permettre&nbsp;2-3cm&nbsp;Les diff\u00e9rences sont dues \u00e0 des mesures manuelles.&nbsp; &nbsp;<\/p>\n<p> <img decoding=\"async\" src=\"https:\/\/cf.cjdropshipping.com\/20200108\/559376802124.jpg\">  <\/p>\n<p> <img decoding=\"async\" alt=\"MR3484701-C-2-1\" src=\"https:\/\/cf.cjdropshipping.com\/16368480\/1636910515020.jpg\"> &nbsp; <img decoding=\"async\" alt=\"MR3484701-C-3-1\" src=\"https:\/\/cf.cjdropshipping.com\/16368480\/1636910515078.jpg\"> &nbsp; <img decoding=\"async\" alt=\"MR3484701-C-4-1\" src=\"https:\/\/cf.cjdropshipping.com\/16368480\/1636910515146.jpg\"> &nbsp; <img decoding=\"async\" alt=\"MR3484701-C-5-1\" src=\"https:\/\/cf.cjdropshipping.com\/16368480\/1636910515243.jpg\"> &nbsp; <img decoding=\"async\" alt=\"MR3484701-C-8-1\" src=\"https:\/\/cf.cjdropshipping.com\/16368480\/1636910515307.jpg\"> &nbsp; <img decoding=\"async\" alt=\"MR3484701-C-9-1\" src=\"https:\/\/cf.cjdropshipping.com\/16368480\/1636910515367.jpg\"> &nbsp; <img decoding=\"async\" alt=\"MR3484701-C-11-1\" src=\"https:\/\/cf.cjdropshipping.com\/16368480\/1636910515509.jpg\"> &nbsp; <img decoding=\"async\" alt=\"MR3484701-C-15-1\" src=\"https:\/\/cf.cjdropshipping.com\/16368480\/1636910515636.jpg\"> &nbsp;&nbsp;  <\/p>\n<\/div>\n","protected":false},"excerpt":{"rendered":"<p>Vue d&rsquo;ensemble: 1) Quille en titane, mat\u00e9riau nano-carbone. 2.&nbsp;Cartilage encastr\u00e9 complexe, gubernaculum double crois\u00e9. 3.&nbsp;C\u00f4t\u00e9&nbsp;attraction&nbsp;tissu respirant, cousu \u00e0 la main, bordures en nano-fibres brutes. 4.&nbsp;Taille fine, double gubernaculum crois\u00e9. 5.&nbsp;Convient&nbsp;pour&nbsp;Baleine \u00e0 bosse,&nbsp;Scoliose,&nbsp;\u00c9paules vo\u00fbt\u00e9es, douleurs dorsales, colonne vert\u00e9brale courb\u00e9e. Sp\u00e9cifications :&nbsp; Mat\u00e9riau : Velcro + \u00e9ponge + filet sandwich, FRP deux os Dimensions : S\/M\/L\/XL\/XXL\/3XL\/4XL Contenu [&hellip;]<\/p>\n","protected":false},"featured_media":16820,"comment_status":"open","ping_status":"closed","template":"","meta":{"content-type":""},"product_brand":[],"product_cat":[217],"product_tag":[],"class_list":{"0":"post-21039","1":"product","2":"type-product","3":"status-publish","4":"has-post-thumbnail","6":"product_cat-sport-fr","8":"first","9":"instock","10":"taxable","11":"shipping-taxable","12":"purchasable","13":"product-type-variable","14":"add-to-wishlist-after_add_to_cart"},"yoast_head":"<!-- This site is optimized with the Yoast SEO plugin v27.4 - https:\/\/yoast.com\/product\/yoast-seo-wordpress\/ -->\n<title>Correcteur de posture pour la flexion de la colonne vert\u00e9brale - Aigle Shopping Canada<\/title>\n<meta name=\"robots\" content=\"index, follow, max-snippet:-1, max-image-preview:large, max-video-preview:-1\" \/>\n<link rel=\"canonical\" href=\"https:\/\/aigleshopping.ca\/fr\/produit\/correcteur-de-posture-pour-la-flexion-de-la-colonne-vertebrale\/\" \/>\n<meta property=\"og:locale\" content=\"fr_FR\" \/>\n<meta property=\"og:type\" content=\"article\" \/>\n<meta property=\"og:title\" content=\"Correcteur de posture pour la flexion de la colonne vert\u00e9brale - Aigle Shopping Canada\" \/>\n<meta property=\"og:description\" content=\"Vue d&rsquo;ensemble: 1) Quille en titane, mat\u00e9riau nano-carbone. 2.&nbsp;Cartilage encastr\u00e9 complexe, gubernaculum double crois\u00e9. 3.&nbsp;C\u00f4t\u00e9&nbsp;attraction&nbsp;tissu respirant, cousu \u00e0 la main, bordures en nano-fibres brutes. 4.&nbsp;Taille fine, double gubernaculum crois\u00e9. 5.&nbsp;Convient&nbsp;pour&nbsp;Baleine \u00e0 bosse,&nbsp;Scoliose,&nbsp;\u00c9paules vo\u00fbt\u00e9es, douleurs dorsales, colonne vert\u00e9brale courb\u00e9e. Sp\u00e9cifications :&nbsp; Mat\u00e9riau : Velcro + \u00e9ponge + filet sandwich, FRP deux os Dimensions : S\/M\/L\/XL\/XXL\/3XL\/4XL Contenu [&hellip;]\" \/>\n<meta property=\"og:url\" content=\"https:\/\/aigleshopping.ca\/fr\/produit\/correcteur-de-posture-pour-la-flexion-de-la-colonne-vertebrale\/\" \/>\n<meta property=\"og:site_name\" content=\"Aigle Shopping Canada\" \/>\n<meta property=\"article:modified_time\" content=\"2025-03-10T14:24:56+00:00\" \/>\n<meta property=\"og:image\" content=\"https:\/\/aigleshopping.ca\/wp-content\/uploads\/2025\/03\/559376802124.jpg\" \/>\n\t<meta property=\"og:image:width\" content=\"1000\" \/>\n\t<meta property=\"og:image:height\" content=\"1000\" \/>\n\t<meta property=\"og:image:type\" content=\"image\/jpeg\" \/>\n<meta name=\"twitter:card\" content=\"summary_large_image\" \/>\n<meta name=\"twitter:label1\" content=\"Dur\u00e9e de lecture estim\u00e9e\" \/>\n\t<meta name=\"twitter:data1\" content=\"1 minute\" \/>\n<script type=\"application\/ld+json\" class=\"yoast-schema-graph\">{\"@context\":\"https:\\\/\\\/schema.org\",\"@graph\":[{\"@type\":\"WebPage\",\"@id\":\"https:\\\/\\\/aigleshopping.ca\\\/fr\\\/produit\\\/correcteur-de-posture-pour-la-flexion-de-la-colonne-vertebrale\\\/\",\"url\":\"https:\\\/\\\/aigleshopping.ca\\\/fr\\\/produit\\\/correcteur-de-posture-pour-la-flexion-de-la-colonne-vertebrale\\\/\",\"name\":\"Correcteur de posture pour la flexion de la colonne vert\u00e9brale - Aigle Shopping Canada\",\"isPartOf\":{\"@id\":\"https:\\\/\\\/aigleshopping.ca\\\/#website\"},\"primaryImageOfPage\":{\"@id\":\"https:\\\/\\\/aigleshopping.ca\\\/fr\\\/produit\\\/correcteur-de-posture-pour-la-flexion-de-la-colonne-vertebrale\\\/#primaryimage\"},\"image\":{\"@id\":\"https:\\\/\\\/aigleshopping.ca\\\/fr\\\/produit\\\/correcteur-de-posture-pour-la-flexion-de-la-colonne-vertebrale\\\/#primaryimage\"},\"thumbnailUrl\":\"https:\\\/\\\/aigleshopping.ca\\\/wp-content\\\/uploads\\\/2025\\\/03\\\/559376802124.jpg\",\"datePublished\":\"2025-03-08T19:56:38+00:00\",\"dateModified\":\"2025-03-10T14:24:56+00:00\",\"breadcrumb\":{\"@id\":\"https:\\\/\\\/aigleshopping.ca\\\/fr\\\/produit\\\/correcteur-de-posture-pour-la-flexion-de-la-colonne-vertebrale\\\/#breadcrumb\"},\"inLanguage\":\"fr-FR\",\"potentialAction\":[{\"@type\":\"ReadAction\",\"target\":[\"https:\\\/\\\/aigleshopping.ca\\\/fr\\\/produit\\\/correcteur-de-posture-pour-la-flexion-de-la-colonne-vertebrale\\\/\"]}]},{\"@type\":\"ImageObject\",\"inLanguage\":\"fr-FR\",\"@id\":\"https:\\\/\\\/aigleshopping.ca\\\/fr\\\/produit\\\/correcteur-de-posture-pour-la-flexion-de-la-colonne-vertebrale\\\/#primaryimage\",\"url\":\"https:\\\/\\\/aigleshopping.ca\\\/wp-content\\\/uploads\\\/2025\\\/03\\\/559376802124.jpg\",\"contentUrl\":\"https:\\\/\\\/aigleshopping.ca\\\/wp-content\\\/uploads\\\/2025\\\/03\\\/559376802124.jpg\",\"width\":1000,\"height\":1000},{\"@type\":\"BreadcrumbList\",\"@id\":\"https:\\\/\\\/aigleshopping.ca\\\/fr\\\/produit\\\/correcteur-de-posture-pour-la-flexion-de-la-colonne-vertebrale\\\/#breadcrumb\",\"itemListElement\":[{\"@type\":\"ListItem\",\"position\":1,\"name\":\"Home\",\"item\":\"https:\\\/\\\/aigleshopping.ca\\\/fr\\\/home\\\/\"},{\"@type\":\"ListItem\",\"position\":2,\"name\":\"Products\",\"item\":\"https:\\\/\\\/aigleshopping.ca\\\/shop\\\/\"},{\"@type\":\"ListItem\",\"position\":3,\"name\":\"Correcteur de posture pour la flexion de la colonne vert\u00e9brale\"}]},{\"@type\":\"WebSite\",\"@id\":\"https:\\\/\\\/aigleshopping.ca\\\/#website\",\"url\":\"https:\\\/\\\/aigleshopping.ca\\\/\",\"name\":\"Aigle Shopping Canada\",\"description\":\"Au-del\u00e0 des fronti\u00e8res, pour vous offrir le\u00a0meilleur!\",\"publisher\":{\"@id\":\"https:\\\/\\\/aigleshopping.ca\\\/#organization\"},\"potentialAction\":[{\"@type\":\"SearchAction\",\"target\":{\"@type\":\"EntryPoint\",\"urlTemplate\":\"https:\\\/\\\/aigleshopping.ca\\\/?s={search_term_string}\"},\"query-input\":{\"@type\":\"PropertyValueSpecification\",\"valueRequired\":true,\"valueName\":\"search_term_string\"}}],\"inLanguage\":\"fr-FR\"},{\"@type\":\"Organization\",\"@id\":\"https:\\\/\\\/aigleshopping.ca\\\/#organization\",\"name\":\"Aigle Shopping Canada\",\"url\":\"https:\\\/\\\/aigleshopping.ca\\\/\",\"logo\":{\"@type\":\"ImageObject\",\"inLanguage\":\"fr-FR\",\"@id\":\"https:\\\/\\\/aigleshopping.ca\\\/#\\\/schema\\\/logo\\\/image\\\/\",\"url\":\"https:\\\/\\\/aigleshopping.ca\\\/wp-content\\\/uploads\\\/2025\\\/12\\\/logo_aigleshopping_ca.png\",\"contentUrl\":\"https:\\\/\\\/aigleshopping.ca\\\/wp-content\\\/uploads\\\/2025\\\/12\\\/logo_aigleshopping_ca.png\",\"width\":800,\"height\":233,\"caption\":\"Aigle Shopping Canada\"},\"image\":{\"@id\":\"https:\\\/\\\/aigleshopping.ca\\\/#\\\/schema\\\/logo\\\/image\\\/\"}}]}<\/script>\n<!-- \/ Yoast SEO plugin. -->","yoast_head_json":{"title":"Correcteur de posture pour la flexion de la colonne vert\u00e9brale - Aigle Shopping Canada","robots":{"index":"index","follow":"follow","max-snippet":"max-snippet:-1","max-image-preview":"max-image-preview:large","max-video-preview":"max-video-preview:-1"},"canonical":"https:\/\/aigleshopping.ca\/fr\/produit\/correcteur-de-posture-pour-la-flexion-de-la-colonne-vertebrale\/","og_locale":"fr_FR","og_type":"article","og_title":"Correcteur de posture pour la flexion de la colonne vert\u00e9brale - Aigle Shopping Canada","og_description":"Vue d&rsquo;ensemble: 1) Quille en titane, mat\u00e9riau nano-carbone. 2.&nbsp;Cartilage encastr\u00e9 complexe, gubernaculum double crois\u00e9. 3.&nbsp;C\u00f4t\u00e9&nbsp;attraction&nbsp;tissu respirant, cousu \u00e0 la main, bordures en nano-fibres brutes. 4.&nbsp;Taille fine, double gubernaculum crois\u00e9. 5.&nbsp;Convient&nbsp;pour&nbsp;Baleine \u00e0 bosse,&nbsp;Scoliose,&nbsp;\u00c9paules vo\u00fbt\u00e9es, douleurs dorsales, colonne vert\u00e9brale courb\u00e9e. Sp\u00e9cifications :&nbsp; Mat\u00e9riau : Velcro + \u00e9ponge + filet sandwich, FRP deux os Dimensions : S\/M\/L\/XL\/XXL\/3XL\/4XL Contenu [&hellip;]","og_url":"https:\/\/aigleshopping.ca\/fr\/produit\/correcteur-de-posture-pour-la-flexion-de-la-colonne-vertebrale\/","og_site_name":"Aigle Shopping Canada","article_modified_time":"2025-03-10T14:24:56+00:00","og_image":[{"width":1000,"height":1000,"url":"https:\/\/aigleshopping.ca\/wp-content\/uploads\/2025\/03\/559376802124.jpg","type":"image\/jpeg"}],"twitter_card":"summary_large_image","twitter_misc":{"Dur\u00e9e de lecture estim\u00e9e":"1 minute"},"schema":{"@context":"https:\/\/schema.org","@graph":[{"@type":"WebPage","@id":"https:\/\/aigleshopping.ca\/fr\/produit\/correcteur-de-posture-pour-la-flexion-de-la-colonne-vertebrale\/","url":"https:\/\/aigleshopping.ca\/fr\/produit\/correcteur-de-posture-pour-la-flexion-de-la-colonne-vertebrale\/","name":"Correcteur de posture pour la flexion de la colonne vert\u00e9brale - Aigle Shopping Canada","isPartOf":{"@id":"https:\/\/aigleshopping.ca\/#website"},"primaryImageOfPage":{"@id":"https:\/\/aigleshopping.ca\/fr\/produit\/correcteur-de-posture-pour-la-flexion-de-la-colonne-vertebrale\/#primaryimage"},"image":{"@id":"https:\/\/aigleshopping.ca\/fr\/produit\/correcteur-de-posture-pour-la-flexion-de-la-colonne-vertebrale\/#primaryimage"},"thumbnailUrl":"https:\/\/aigleshopping.ca\/wp-content\/uploads\/2025\/03\/559376802124.jpg","datePublished":"2025-03-08T19:56:38+00:00","dateModified":"2025-03-10T14:24:56+00:00","breadcrumb":{"@id":"https:\/\/aigleshopping.ca\/fr\/produit\/correcteur-de-posture-pour-la-flexion-de-la-colonne-vertebrale\/#breadcrumb"},"inLanguage":"fr-FR","potentialAction":[{"@type":"ReadAction","target":["https:\/\/aigleshopping.ca\/fr\/produit\/correcteur-de-posture-pour-la-flexion-de-la-colonne-vertebrale\/"]}]},{"@type":"ImageObject","inLanguage":"fr-FR","@id":"https:\/\/aigleshopping.ca\/fr\/produit\/correcteur-de-posture-pour-la-flexion-de-la-colonne-vertebrale\/#primaryimage","url":"https:\/\/aigleshopping.ca\/wp-content\/uploads\/2025\/03\/559376802124.jpg","contentUrl":"https:\/\/aigleshopping.ca\/wp-content\/uploads\/2025\/03\/559376802124.jpg","width":1000,"height":1000},{"@type":"BreadcrumbList","@id":"https:\/\/aigleshopping.ca\/fr\/produit\/correcteur-de-posture-pour-la-flexion-de-la-colonne-vertebrale\/#breadcrumb","itemListElement":[{"@type":"ListItem","position":1,"name":"Home","item":"https:\/\/aigleshopping.ca\/fr\/home\/"},{"@type":"ListItem","position":2,"name":"Products","item":"https:\/\/aigleshopping.ca\/shop\/"},{"@type":"ListItem","position":3,"name":"Correcteur de posture pour la flexion de la colonne vert\u00e9brale"}]},{"@type":"WebSite","@id":"https:\/\/aigleshopping.ca\/#website","url":"https:\/\/aigleshopping.ca\/","name":"Aigle Shopping Canada","description":"Au-del\u00e0 des fronti\u00e8res, pour vous offrir le\u00a0meilleur!","publisher":{"@id":"https:\/\/aigleshopping.ca\/#organization"},"potentialAction":[{"@type":"SearchAction","target":{"@type":"EntryPoint","urlTemplate":"https:\/\/aigleshopping.ca\/?s={search_term_string}"},"query-input":{"@type":"PropertyValueSpecification","valueRequired":true,"valueName":"search_term_string"}}],"inLanguage":"fr-FR"},{"@type":"Organization","@id":"https:\/\/aigleshopping.ca\/#organization","name":"Aigle Shopping Canada","url":"https:\/\/aigleshopping.ca\/","logo":{"@type":"ImageObject","inLanguage":"fr-FR","@id":"https:\/\/aigleshopping.ca\/#\/schema\/logo\/image\/","url":"https:\/\/aigleshopping.ca\/wp-content\/uploads\/2025\/12\/logo_aigleshopping_ca.png","contentUrl":"https:\/\/aigleshopping.ca\/wp-content\/uploads\/2025\/12\/logo_aigleshopping_ca.png","width":800,"height":233,"caption":"Aigle Shopping Canada"},"image":{"@id":"https:\/\/aigleshopping.ca\/#\/schema\/logo\/image\/"}}]}},"jetpack_sharing_enabled":true,"_links":{"self":[{"href":"https:\/\/aigleshopping.ca\/fr\/wp-json\/wp\/v2\/product\/21039","targetHints":{"allow":["GET"]}}],"collection":[{"href":"https:\/\/aigleshopping.ca\/fr\/wp-json\/wp\/v2\/product"}],"about":[{"href":"https:\/\/aigleshopping.ca\/fr\/wp-json\/wp\/v2\/types\/product"}],"replies":[{"embeddable":true,"href":"https:\/\/aigleshopping.ca\/fr\/wp-json\/wp\/v2\/comments?post=21039"}],"wp:featuredmedia":[{"embeddable":true,"href":"https:\/\/aigleshopping.ca\/fr\/wp-json\/wp\/v2\/media\/16820"}],"wp:attachment":[{"href":"https:\/\/aigleshopping.ca\/fr\/wp-json\/wp\/v2\/media?parent=21039"}],"wp:term":[{"taxonomy":"product_brand","embeddable":true,"href":"https:\/\/aigleshopping.ca\/fr\/wp-json\/wp\/v2\/product_brand?post=21039"},{"taxonomy":"product_cat","embeddable":true,"href":"https:\/\/aigleshopping.ca\/fr\/wp-json\/wp\/v2\/product_cat?post=21039"},{"taxonomy":"product_tag","embeddable":true,"href":"https:\/\/aigleshopping.ca\/fr\/wp-json\/wp\/v2\/product_tag?post=21039"}],"curies":[{"name":"wp","href":"https:\/\/api.w.org\/{rel}","templated":true}]}}