{"id":21040,"date":"2025-03-08T19:50:03","date_gmt":"2025-03-08T19:50:03","guid":{"rendered":"https:\/\/aigleshopping.ca\/produit\/appareil-de-musculation-abdominale-pour-la-perte-de-poids-roue-de-musculation-pour-hommes-et-femmes\/"},"modified":"2025-03-08T19:50:03","modified_gmt":"2025-03-08T19:50:03","slug":"appareil-de-musculation-abdominale-pour-la-perte-de-poids-roue-de-musculation-pour-hommes-et-femmes","status":"publish","type":"product","link":"https:\/\/aigleshopping.ca\/fr\/produit\/appareil-de-musculation-abdominale-pour-la-perte-de-poids-roue-de-musculation-pour-hommes-et-femmes\/","title":{"rendered":"Appareil de musculation abdominale pour la perte de poids Roue de musculation pour hommes et femmes"},"content":{"rendered":"<p> <b>Informations sur le produit :<\/b> <br \/> Mat\u00e9riau : plastique, encapsulation du tube d&rsquo;acier, poign\u00e9e recouverte d&rsquo;\u00e9ponge <br \/> Couleur : Roue abdominale noire rouge + genouill\u00e8re, Roue abdominale jaune + genouill\u00e8re, Roue abdominale rouge + genouill\u00e8re, Roue abdominale bleue + genouill\u00e8re, Roue abdominale blanche + genouill\u00e8re, Roue abdominale enti\u00e8rement noire + genouill\u00e8re <\/p>\n<p> <b>Information sur la taille :<\/b> <br \/> <img decoding=\"async\" src=\"https:\/\/cf.cjdropshipping.com\/ec4a98bf-4cfe-4d35-8dca-3cbe3f6f1cd5.png\"> <\/p>\n<p>  <b> <br \/> Liste de colisage <\/b> <br \/> Roue de fitness*1  <\/p>\n<p> <img decoding=\"async\" src=\"https:\/\/cf.cjdropshipping.com\/8d4ade33-1dc8-4e75-9c97-897d17a0ce86.jpg\"> <img decoding=\"async\" src=\"https:\/\/cf.cjdropshipping.com\/901b0806-f521-4398-b655-6d2bedbff589.jpg\"> <img decoding=\"async\" src=\"https:\/\/cf.cjdropshipping.com\/8e487046-74c0-4cef-9fa1-5213066cb60e.jpg\"> <img decoding=\"async\" src=\"https:\/\/cf.cjdropshipping.com\/0027d00e-253d-4659-a35e-f34d755590ef.jpg\"> <img decoding=\"async\" src=\"https:\/\/cf.cjdropshipping.com\/253d91e9-e195-4132-969e-a2704ff813c2.jpg\"> <img decoding=\"async\" src=\"https:\/\/cf.cjdropshipping.com\/e43a992d-976e-4815-a70b-47f8c33f8673.jpg\"> <img decoding=\"async\" src=\"https:\/\/cf.cjdropshipping.com\/ec9b5091-dd07-439c-abcf-22f62e1bea9d.jpg\"> <img decoding=\"async\" src=\"https:\/\/cf.cjdropshipping.com\/22644956-43fe-4dc0-9902-e4f4a847860f.jpg\"> <img decoding=\"async\" src=\"https:\/\/cf.cjdropshipping.com\/15a3c29b-6e83-4688-b448-a5a21cfbd8e9.jpg\">  <\/p>\n","protected":false},"excerpt":{"rendered":"<p>Informations sur le produit : Mat\u00e9riau : plastique, encapsulation du tube d&rsquo;acier, poign\u00e9e recouverte d&rsquo;\u00e9ponge Couleur : Roue abdominale noire rouge + genouill\u00e8re, Roue abdominale jaune + genouill\u00e8re, Roue abdominale rouge + genouill\u00e8re, Roue abdominale bleue + genouill\u00e8re, Roue abdominale blanche + genouill\u00e8re, Roue abdominale enti\u00e8rement noire + genouill\u00e8re Information sur la taille : Liste [&hellip;]<\/p>\n","protected":false},"featured_media":16605,"comment_status":"open","ping_status":"closed","template":"","meta":{"content-type":""},"product_brand":[],"product_cat":[217],"product_tag":[],"class_list":{"0":"post-21040","1":"product","2":"type-product","3":"status-publish","4":"has-post-thumbnail","6":"product_cat-sport-fr","8":"first","9":"instock","10":"taxable","11":"shipping-taxable","12":"purchasable","13":"product-type-variable","14":"add-to-wishlist-after_add_to_cart"},"yoast_head":"<!-- This site is optimized with the Yoast SEO plugin v27.4 - https:\/\/yoast.com\/product\/yoast-seo-wordpress\/ -->\n<title>Appareil de musculation abdominale pour la perte de poids Roue de musculation pour hommes et femmes - Aigle Shopping Canada<\/title>\n<meta name=\"robots\" content=\"index, follow, max-snippet:-1, max-image-preview:large, max-video-preview:-1\" \/>\n<link rel=\"canonical\" href=\"https:\/\/aigleshopping.ca\/fr\/produit\/appareil-de-musculation-abdominale-pour-la-perte-de-poids-roue-de-musculation-pour-hommes-et-femmes\/\" \/>\n<meta property=\"og:locale\" content=\"fr_FR\" \/>\n<meta property=\"og:type\" content=\"article\" \/>\n<meta property=\"og:title\" content=\"Appareil de musculation abdominale pour la perte de poids Roue de musculation pour hommes et femmes - Aigle Shopping Canada\" \/>\n<meta property=\"og:description\" content=\"Informations sur le produit : Mat\u00e9riau : plastique, encapsulation du tube d&rsquo;acier, poign\u00e9e recouverte d&rsquo;\u00e9ponge Couleur : Roue abdominale noire rouge + genouill\u00e8re, Roue abdominale jaune + genouill\u00e8re, Roue abdominale rouge + genouill\u00e8re, Roue abdominale bleue + genouill\u00e8re, Roue abdominale blanche + genouill\u00e8re, Roue abdominale enti\u00e8rement noire + genouill\u00e8re Information sur la taille : Liste [&hellip;]\" \/>\n<meta property=\"og:url\" content=\"https:\/\/aigleshopping.ca\/fr\/produit\/appareil-de-musculation-abdominale-pour-la-perte-de-poids-roue-de-musculation-pour-hommes-et-femmes\/\" \/>\n<meta property=\"og:site_name\" content=\"Aigle Shopping Canada\" \/>\n<meta property=\"og:image\" content=\"https:\/\/aigleshopping.ca\/wp-content\/uploads\/2025\/03\/b3e9d164-69fb-4d08-b035-f914b7b4e595.jpg\" \/>\n\t<meta property=\"og:image:width\" content=\"800\" \/>\n\t<meta property=\"og:image:height\" content=\"800\" \/>\n\t<meta property=\"og:image:type\" content=\"image\/jpeg\" \/>\n<meta name=\"twitter:card\" content=\"summary_large_image\" \/>\n<script type=\"application\/ld+json\" class=\"yoast-schema-graph\">{\"@context\":\"https:\\\/\\\/schema.org\",\"@graph\":[{\"@type\":\"WebPage\",\"@id\":\"https:\\\/\\\/aigleshopping.ca\\\/fr\\\/produit\\\/appareil-de-musculation-abdominale-pour-la-perte-de-poids-roue-de-musculation-pour-hommes-et-femmes\\\/\",\"url\":\"https:\\\/\\\/aigleshopping.ca\\\/fr\\\/produit\\\/appareil-de-musculation-abdominale-pour-la-perte-de-poids-roue-de-musculation-pour-hommes-et-femmes\\\/\",\"name\":\"Appareil de musculation abdominale pour la perte de poids Roue de musculation pour hommes et femmes - Aigle Shopping Canada\",\"isPartOf\":{\"@id\":\"https:\\\/\\\/aigleshopping.ca\\\/#website\"},\"primaryImageOfPage\":{\"@id\":\"https:\\\/\\\/aigleshopping.ca\\\/fr\\\/produit\\\/appareil-de-musculation-abdominale-pour-la-perte-de-poids-roue-de-musculation-pour-hommes-et-femmes\\\/#primaryimage\"},\"image\":{\"@id\":\"https:\\\/\\\/aigleshopping.ca\\\/fr\\\/produit\\\/appareil-de-musculation-abdominale-pour-la-perte-de-poids-roue-de-musculation-pour-hommes-et-femmes\\\/#primaryimage\"},\"thumbnailUrl\":\"https:\\\/\\\/aigleshopping.ca\\\/wp-content\\\/uploads\\\/2025\\\/03\\\/b3e9d164-69fb-4d08-b035-f914b7b4e595.jpg\",\"datePublished\":\"2025-03-08T19:50:03+00:00\",\"breadcrumb\":{\"@id\":\"https:\\\/\\\/aigleshopping.ca\\\/fr\\\/produit\\\/appareil-de-musculation-abdominale-pour-la-perte-de-poids-roue-de-musculation-pour-hommes-et-femmes\\\/#breadcrumb\"},\"inLanguage\":\"fr-FR\",\"potentialAction\":[{\"@type\":\"ReadAction\",\"target\":[\"https:\\\/\\\/aigleshopping.ca\\\/fr\\\/produit\\\/appareil-de-musculation-abdominale-pour-la-perte-de-poids-roue-de-musculation-pour-hommes-et-femmes\\\/\"]}]},{\"@type\":\"ImageObject\",\"inLanguage\":\"fr-FR\",\"@id\":\"https:\\\/\\\/aigleshopping.ca\\\/fr\\\/produit\\\/appareil-de-musculation-abdominale-pour-la-perte-de-poids-roue-de-musculation-pour-hommes-et-femmes\\\/#primaryimage\",\"url\":\"https:\\\/\\\/aigleshopping.ca\\\/wp-content\\\/uploads\\\/2025\\\/03\\\/b3e9d164-69fb-4d08-b035-f914b7b4e595.jpg\",\"contentUrl\":\"https:\\\/\\\/aigleshopping.ca\\\/wp-content\\\/uploads\\\/2025\\\/03\\\/b3e9d164-69fb-4d08-b035-f914b7b4e595.jpg\",\"width\":800,\"height\":800},{\"@type\":\"BreadcrumbList\",\"@id\":\"https:\\\/\\\/aigleshopping.ca\\\/fr\\\/produit\\\/appareil-de-musculation-abdominale-pour-la-perte-de-poids-roue-de-musculation-pour-hommes-et-femmes\\\/#breadcrumb\",\"itemListElement\":[{\"@type\":\"ListItem\",\"position\":1,\"name\":\"Home\",\"item\":\"https:\\\/\\\/aigleshopping.ca\\\/fr\\\/home\\\/\"},{\"@type\":\"ListItem\",\"position\":2,\"name\":\"Products\",\"item\":\"https:\\\/\\\/aigleshopping.ca\\\/shop\\\/\"},{\"@type\":\"ListItem\",\"position\":3,\"name\":\"Appareil de musculation abdominale pour la perte de poids Roue de musculation pour hommes et femmes\"}]},{\"@type\":\"WebSite\",\"@id\":\"https:\\\/\\\/aigleshopping.ca\\\/#website\",\"url\":\"https:\\\/\\\/aigleshopping.ca\\\/\",\"name\":\"Aigle Shopping Canada\",\"description\":\"Au-del\u00e0 des fronti\u00e8res, pour vous offrir le\u00a0meilleur!\",\"publisher\":{\"@id\":\"https:\\\/\\\/aigleshopping.ca\\\/#organization\"},\"potentialAction\":[{\"@type\":\"SearchAction\",\"target\":{\"@type\":\"EntryPoint\",\"urlTemplate\":\"https:\\\/\\\/aigleshopping.ca\\\/?s={search_term_string}\"},\"query-input\":{\"@type\":\"PropertyValueSpecification\",\"valueRequired\":true,\"valueName\":\"search_term_string\"}}],\"inLanguage\":\"fr-FR\"},{\"@type\":\"Organization\",\"@id\":\"https:\\\/\\\/aigleshopping.ca\\\/#organization\",\"name\":\"Aigle Shopping Canada\",\"url\":\"https:\\\/\\\/aigleshopping.ca\\\/\",\"logo\":{\"@type\":\"ImageObject\",\"inLanguage\":\"fr-FR\",\"@id\":\"https:\\\/\\\/aigleshopping.ca\\\/#\\\/schema\\\/logo\\\/image\\\/\",\"url\":\"https:\\\/\\\/aigleshopping.ca\\\/wp-content\\\/uploads\\\/2025\\\/12\\\/logo_aigleshopping_ca.png\",\"contentUrl\":\"https:\\\/\\\/aigleshopping.ca\\\/wp-content\\\/uploads\\\/2025\\\/12\\\/logo_aigleshopping_ca.png\",\"width\":800,\"height\":233,\"caption\":\"Aigle Shopping Canada\"},\"image\":{\"@id\":\"https:\\\/\\\/aigleshopping.ca\\\/#\\\/schema\\\/logo\\\/image\\\/\"}}]}<\/script>\n<!-- \/ Yoast SEO plugin. -->","yoast_head_json":{"title":"Appareil de musculation abdominale pour la perte de poids Roue de musculation pour hommes et femmes - Aigle Shopping Canada","robots":{"index":"index","follow":"follow","max-snippet":"max-snippet:-1","max-image-preview":"max-image-preview:large","max-video-preview":"max-video-preview:-1"},"canonical":"https:\/\/aigleshopping.ca\/fr\/produit\/appareil-de-musculation-abdominale-pour-la-perte-de-poids-roue-de-musculation-pour-hommes-et-femmes\/","og_locale":"fr_FR","og_type":"article","og_title":"Appareil de musculation abdominale pour la perte de poids Roue de musculation pour hommes et femmes - Aigle Shopping Canada","og_description":"Informations sur le produit : Mat\u00e9riau : plastique, encapsulation du tube d&rsquo;acier, poign\u00e9e recouverte d&rsquo;\u00e9ponge Couleur : Roue abdominale noire rouge + genouill\u00e8re, Roue abdominale jaune + genouill\u00e8re, Roue abdominale rouge + genouill\u00e8re, Roue abdominale bleue + genouill\u00e8re, Roue abdominale blanche + genouill\u00e8re, Roue abdominale enti\u00e8rement noire + genouill\u00e8re Information sur la taille : Liste [&hellip;]","og_url":"https:\/\/aigleshopping.ca\/fr\/produit\/appareil-de-musculation-abdominale-pour-la-perte-de-poids-roue-de-musculation-pour-hommes-et-femmes\/","og_site_name":"Aigle Shopping Canada","og_image":[{"width":800,"height":800,"url":"https:\/\/aigleshopping.ca\/wp-content\/uploads\/2025\/03\/b3e9d164-69fb-4d08-b035-f914b7b4e595.jpg","type":"image\/jpeg"}],"twitter_card":"summary_large_image","schema":{"@context":"https:\/\/schema.org","@graph":[{"@type":"WebPage","@id":"https:\/\/aigleshopping.ca\/fr\/produit\/appareil-de-musculation-abdominale-pour-la-perte-de-poids-roue-de-musculation-pour-hommes-et-femmes\/","url":"https:\/\/aigleshopping.ca\/fr\/produit\/appareil-de-musculation-abdominale-pour-la-perte-de-poids-roue-de-musculation-pour-hommes-et-femmes\/","name":"Appareil de musculation abdominale pour la perte de poids Roue de musculation pour hommes et femmes - Aigle Shopping Canada","isPartOf":{"@id":"https:\/\/aigleshopping.ca\/#website"},"primaryImageOfPage":{"@id":"https:\/\/aigleshopping.ca\/fr\/produit\/appareil-de-musculation-abdominale-pour-la-perte-de-poids-roue-de-musculation-pour-hommes-et-femmes\/#primaryimage"},"image":{"@id":"https:\/\/aigleshopping.ca\/fr\/produit\/appareil-de-musculation-abdominale-pour-la-perte-de-poids-roue-de-musculation-pour-hommes-et-femmes\/#primaryimage"},"thumbnailUrl":"https:\/\/aigleshopping.ca\/wp-content\/uploads\/2025\/03\/b3e9d164-69fb-4d08-b035-f914b7b4e595.jpg","datePublished":"2025-03-08T19:50:03+00:00","breadcrumb":{"@id":"https:\/\/aigleshopping.ca\/fr\/produit\/appareil-de-musculation-abdominale-pour-la-perte-de-poids-roue-de-musculation-pour-hommes-et-femmes\/#breadcrumb"},"inLanguage":"fr-FR","potentialAction":[{"@type":"ReadAction","target":["https:\/\/aigleshopping.ca\/fr\/produit\/appareil-de-musculation-abdominale-pour-la-perte-de-poids-roue-de-musculation-pour-hommes-et-femmes\/"]}]},{"@type":"ImageObject","inLanguage":"fr-FR","@id":"https:\/\/aigleshopping.ca\/fr\/produit\/appareil-de-musculation-abdominale-pour-la-perte-de-poids-roue-de-musculation-pour-hommes-et-femmes\/#primaryimage","url":"https:\/\/aigleshopping.ca\/wp-content\/uploads\/2025\/03\/b3e9d164-69fb-4d08-b035-f914b7b4e595.jpg","contentUrl":"https:\/\/aigleshopping.ca\/wp-content\/uploads\/2025\/03\/b3e9d164-69fb-4d08-b035-f914b7b4e595.jpg","width":800,"height":800},{"@type":"BreadcrumbList","@id":"https:\/\/aigleshopping.ca\/fr\/produit\/appareil-de-musculation-abdominale-pour-la-perte-de-poids-roue-de-musculation-pour-hommes-et-femmes\/#breadcrumb","itemListElement":[{"@type":"ListItem","position":1,"name":"Home","item":"https:\/\/aigleshopping.ca\/fr\/home\/"},{"@type":"ListItem","position":2,"name":"Products","item":"https:\/\/aigleshopping.ca\/shop\/"},{"@type":"ListItem","position":3,"name":"Appareil de musculation abdominale pour la perte de poids Roue de musculation pour hommes et femmes"}]},{"@type":"WebSite","@id":"https:\/\/aigleshopping.ca\/#website","url":"https:\/\/aigleshopping.ca\/","name":"Aigle Shopping Canada","description":"Au-del\u00e0 des fronti\u00e8res, pour vous offrir le\u00a0meilleur!","publisher":{"@id":"https:\/\/aigleshopping.ca\/#organization"},"potentialAction":[{"@type":"SearchAction","target":{"@type":"EntryPoint","urlTemplate":"https:\/\/aigleshopping.ca\/?s={search_term_string}"},"query-input":{"@type":"PropertyValueSpecification","valueRequired":true,"valueName":"search_term_string"}}],"inLanguage":"fr-FR"},{"@type":"Organization","@id":"https:\/\/aigleshopping.ca\/#organization","name":"Aigle Shopping Canada","url":"https:\/\/aigleshopping.ca\/","logo":{"@type":"ImageObject","inLanguage":"fr-FR","@id":"https:\/\/aigleshopping.ca\/#\/schema\/logo\/image\/","url":"https:\/\/aigleshopping.ca\/wp-content\/uploads\/2025\/12\/logo_aigleshopping_ca.png","contentUrl":"https:\/\/aigleshopping.ca\/wp-content\/uploads\/2025\/12\/logo_aigleshopping_ca.png","width":800,"height":233,"caption":"Aigle Shopping Canada"},"image":{"@id":"https:\/\/aigleshopping.ca\/#\/schema\/logo\/image\/"}}]}},"jetpack_sharing_enabled":true,"_links":{"self":[{"href":"https:\/\/aigleshopping.ca\/fr\/wp-json\/wp\/v2\/product\/21040","targetHints":{"allow":["GET"]}}],"collection":[{"href":"https:\/\/aigleshopping.ca\/fr\/wp-json\/wp\/v2\/product"}],"about":[{"href":"https:\/\/aigleshopping.ca\/fr\/wp-json\/wp\/v2\/types\/product"}],"replies":[{"embeddable":true,"href":"https:\/\/aigleshopping.ca\/fr\/wp-json\/wp\/v2\/comments?post=21040"}],"wp:featuredmedia":[{"embeddable":true,"href":"https:\/\/aigleshopping.ca\/fr\/wp-json\/wp\/v2\/media\/16605"}],"wp:attachment":[{"href":"https:\/\/aigleshopping.ca\/fr\/wp-json\/wp\/v2\/media?parent=21040"}],"wp:term":[{"taxonomy":"product_brand","embeddable":true,"href":"https:\/\/aigleshopping.ca\/fr\/wp-json\/wp\/v2\/product_brand?post=21040"},{"taxonomy":"product_cat","embeddable":true,"href":"https:\/\/aigleshopping.ca\/fr\/wp-json\/wp\/v2\/product_cat?post=21040"},{"taxonomy":"product_tag","embeddable":true,"href":"https:\/\/aigleshopping.ca\/fr\/wp-json\/wp\/v2\/product_tag?post=21040"}],"curies":[{"name":"wp","href":"https:\/\/api.w.org\/{rel}","templated":true}]}}