{"id":21054,"date":"2025-03-08T19:52:41","date_gmt":"2025-03-08T19:52:41","guid":{"rendered":"https:\/\/aigleshopping.ca\/produit\/tapis-de-yoga-premium-10mm-depaisseur\/"},"modified":"2025-03-08T19:52:41","modified_gmt":"2025-03-08T19:52:41","slug":"tapis-de-yoga-premium-10mm-depaisseur","status":"publish","type":"product","link":"https:\/\/aigleshopping.ca\/fr\/produit\/tapis-de-yoga-premium-10mm-depaisseur\/","title":{"rendered":"Tapis de Yoga Premium 10mm d&rsquo;\u00e9paisseur"},"content":{"rendered":"<p>Nom du produit : Tapis de yoga&nbsp;<\/p>\n<p>Mat\u00e9riau : caoutchouc&nbsp;<\/p>\n<p>Taille : 183cm*61cm&nbsp;<\/p>\n<p>Poids : 480 g<\/p>\n<p>Taille du sac : 66cm * 22.5cm peut contenir 61cm * 183cm * 0.6cm tapis de yoga<\/p>\n<p> [Features]: <\/p>\n<p> (1) Les tapis de yoga sont trait\u00e9s avec une technologie non toxique et insipide <\/p>\n<p> (2) Texture douce, bonne r\u00e9sistance et forte adh\u00e9rence <\/p>\n<p> (3) Bonne r\u00e9sistance au d\u00e9rapage, excellente \u00e9lasticit\u00e9, rebondissement rapide en 0,39 secondes. Adoptant le NBR import\u00e9 d&rsquo;Europe et d&rsquo;Am\u00e9rique et la technologie allemande du nid d&rsquo;abeille, il est plus flexible et plus doux.   <\/p>\n<p> <img decoding=\"async\" src=\"https:\/\/cf.cjdropshipping.com\/20200305\/1955040809441.jpg\">  <\/p>\n<p> <img decoding=\"async\" src=\"https:\/\/cf.cjdropshipping.com\/20200305\/3654111942617.jpg\">  <\/p>\n<p> <img decoding=\"async\" src=\"https:\/\/cf.cjdropshipping.com\/20200305\/454853799122.jpg\">  <\/p>\n<p> <img decoding=\"async\" src=\"https:\/\/cf.cjdropshipping.com\/20190227\/3189414348666.jpg\">  <\/p>\n<p> <img decoding=\"async\" src=\"https:\/\/cf.cjdropshipping.com\/20190227\/296601773279.jpg\">  <\/p>\n<p> <img decoding=\"async\" src=\"https:\/\/cf.cjdropshipping.com\/20190227\/3533290260723.jpg\">  <\/p>\n<p> <img decoding=\"async\" src=\"https:\/\/cf.cjdropshipping.com\/20190227\/1506009129609.jpg\">  <\/p>\n","protected":false},"excerpt":{"rendered":"<p>Nom du produit : Tapis de yoga&nbsp; Mat\u00e9riau : caoutchouc&nbsp; Taille : 183cm*61cm&nbsp; Poids : 480 g Taille du sac : 66cm * 22.5cm peut contenir 61cm * 183cm * 0.6cm tapis de yoga [Features]: (1) Les tapis de yoga sont trait\u00e9s avec une technologie non toxique et insipide (2) Texture douce, bonne r\u00e9sistance et [&hellip;]<\/p>\n","protected":false},"featured_media":16685,"comment_status":"open","ping_status":"closed","template":"","meta":{"content-type":""},"product_brand":[],"product_cat":[217],"product_tag":[],"class_list":{"0":"post-21054","1":"product","2":"type-product","3":"status-publish","4":"has-post-thumbnail","6":"product_cat-sport-fr","8":"first","9":"instock","10":"taxable","11":"shipping-taxable","12":"purchasable","13":"product-type-variable","14":"add-to-wishlist-after_add_to_cart"},"yoast_head":"<!-- This site is optimized with the Yoast SEO plugin v27.4 - https:\/\/yoast.com\/product\/yoast-seo-wordpress\/ -->\n<title>Tapis de Yoga Premium 10mm d&#039;\u00e9paisseur - Aigle Shopping Canada<\/title>\n<meta name=\"robots\" content=\"index, follow, max-snippet:-1, max-image-preview:large, max-video-preview:-1\" \/>\n<link rel=\"canonical\" href=\"https:\/\/aigleshopping.ca\/fr\/produit\/tapis-de-yoga-premium-10mm-depaisseur\/\" \/>\n<meta property=\"og:locale\" content=\"fr_FR\" \/>\n<meta property=\"og:type\" content=\"article\" \/>\n<meta property=\"og:title\" content=\"Tapis de Yoga Premium 10mm d&#039;\u00e9paisseur - Aigle Shopping Canada\" \/>\n<meta property=\"og:description\" content=\"Nom du produit : Tapis de yoga&nbsp; Mat\u00e9riau : caoutchouc&nbsp; Taille : 183cm*61cm&nbsp; Poids : 480 g Taille du sac : 66cm * 22.5cm peut contenir 61cm * 183cm * 0.6cm tapis de yoga [Features]: (1) Les tapis de yoga sont trait\u00e9s avec une technologie non toxique et insipide (2) Texture douce, bonne r\u00e9sistance et [&hellip;]\" \/>\n<meta property=\"og:url\" content=\"https:\/\/aigleshopping.ca\/fr\/produit\/tapis-de-yoga-premium-10mm-depaisseur\/\" \/>\n<meta property=\"og:site_name\" content=\"Aigle Shopping Canada\" \/>\n<meta property=\"og:image\" content=\"https:\/\/aigleshopping.ca\/wp-content\/uploads\/2025\/03\/1955040809441.jpg\" \/>\n\t<meta property=\"og:image:width\" content=\"750\" \/>\n\t<meta property=\"og:image:height\" content=\"750\" \/>\n\t<meta property=\"og:image:type\" content=\"image\/jpeg\" \/>\n<meta name=\"twitter:card\" content=\"summary_large_image\" \/>\n<script type=\"application\/ld+json\" class=\"yoast-schema-graph\">{\"@context\":\"https:\\\/\\\/schema.org\",\"@graph\":[{\"@type\":\"WebPage\",\"@id\":\"https:\\\/\\\/aigleshopping.ca\\\/fr\\\/produit\\\/tapis-de-yoga-premium-10mm-depaisseur\\\/\",\"url\":\"https:\\\/\\\/aigleshopping.ca\\\/fr\\\/produit\\\/tapis-de-yoga-premium-10mm-depaisseur\\\/\",\"name\":\"Tapis de Yoga Premium 10mm d'\u00e9paisseur - Aigle Shopping Canada\",\"isPartOf\":{\"@id\":\"https:\\\/\\\/aigleshopping.ca\\\/#website\"},\"primaryImageOfPage\":{\"@id\":\"https:\\\/\\\/aigleshopping.ca\\\/fr\\\/produit\\\/tapis-de-yoga-premium-10mm-depaisseur\\\/#primaryimage\"},\"image\":{\"@id\":\"https:\\\/\\\/aigleshopping.ca\\\/fr\\\/produit\\\/tapis-de-yoga-premium-10mm-depaisseur\\\/#primaryimage\"},\"thumbnailUrl\":\"https:\\\/\\\/aigleshopping.ca\\\/wp-content\\\/uploads\\\/2025\\\/03\\\/1955040809441.jpg\",\"datePublished\":\"2025-03-08T19:52:41+00:00\",\"breadcrumb\":{\"@id\":\"https:\\\/\\\/aigleshopping.ca\\\/fr\\\/produit\\\/tapis-de-yoga-premium-10mm-depaisseur\\\/#breadcrumb\"},\"inLanguage\":\"fr-FR\",\"potentialAction\":[{\"@type\":\"ReadAction\",\"target\":[\"https:\\\/\\\/aigleshopping.ca\\\/fr\\\/produit\\\/tapis-de-yoga-premium-10mm-depaisseur\\\/\"]}]},{\"@type\":\"ImageObject\",\"inLanguage\":\"fr-FR\",\"@id\":\"https:\\\/\\\/aigleshopping.ca\\\/fr\\\/produit\\\/tapis-de-yoga-premium-10mm-depaisseur\\\/#primaryimage\",\"url\":\"https:\\\/\\\/aigleshopping.ca\\\/wp-content\\\/uploads\\\/2025\\\/03\\\/1955040809441.jpg\",\"contentUrl\":\"https:\\\/\\\/aigleshopping.ca\\\/wp-content\\\/uploads\\\/2025\\\/03\\\/1955040809441.jpg\",\"width\":750,\"height\":750},{\"@type\":\"BreadcrumbList\",\"@id\":\"https:\\\/\\\/aigleshopping.ca\\\/fr\\\/produit\\\/tapis-de-yoga-premium-10mm-depaisseur\\\/#breadcrumb\",\"itemListElement\":[{\"@type\":\"ListItem\",\"position\":1,\"name\":\"Home\",\"item\":\"https:\\\/\\\/aigleshopping.ca\\\/fr\\\/home\\\/\"},{\"@type\":\"ListItem\",\"position\":2,\"name\":\"Products\",\"item\":\"https:\\\/\\\/aigleshopping.ca\\\/shop\\\/\"},{\"@type\":\"ListItem\",\"position\":3,\"name\":\"Tapis de Yoga Premium 10mm d&#8217;\u00e9paisseur\"}]},{\"@type\":\"WebSite\",\"@id\":\"https:\\\/\\\/aigleshopping.ca\\\/#website\",\"url\":\"https:\\\/\\\/aigleshopping.ca\\\/\",\"name\":\"Aigle Shopping Canada\",\"description\":\"Au-del\u00e0 des fronti\u00e8res, pour vous offrir le\u00a0meilleur!\",\"publisher\":{\"@id\":\"https:\\\/\\\/aigleshopping.ca\\\/#organization\"},\"potentialAction\":[{\"@type\":\"SearchAction\",\"target\":{\"@type\":\"EntryPoint\",\"urlTemplate\":\"https:\\\/\\\/aigleshopping.ca\\\/?s={search_term_string}\"},\"query-input\":{\"@type\":\"PropertyValueSpecification\",\"valueRequired\":true,\"valueName\":\"search_term_string\"}}],\"inLanguage\":\"fr-FR\"},{\"@type\":\"Organization\",\"@id\":\"https:\\\/\\\/aigleshopping.ca\\\/#organization\",\"name\":\"Aigle Shopping Canada\",\"url\":\"https:\\\/\\\/aigleshopping.ca\\\/\",\"logo\":{\"@type\":\"ImageObject\",\"inLanguage\":\"fr-FR\",\"@id\":\"https:\\\/\\\/aigleshopping.ca\\\/#\\\/schema\\\/logo\\\/image\\\/\",\"url\":\"https:\\\/\\\/aigleshopping.ca\\\/wp-content\\\/uploads\\\/2025\\\/12\\\/logo_aigleshopping_ca.png\",\"contentUrl\":\"https:\\\/\\\/aigleshopping.ca\\\/wp-content\\\/uploads\\\/2025\\\/12\\\/logo_aigleshopping_ca.png\",\"width\":800,\"height\":233,\"caption\":\"Aigle Shopping Canada\"},\"image\":{\"@id\":\"https:\\\/\\\/aigleshopping.ca\\\/#\\\/schema\\\/logo\\\/image\\\/\"}}]}<\/script>\n<!-- \/ Yoast SEO plugin. -->","yoast_head_json":{"title":"Tapis de Yoga Premium 10mm d'\u00e9paisseur - Aigle Shopping Canada","robots":{"index":"index","follow":"follow","max-snippet":"max-snippet:-1","max-image-preview":"max-image-preview:large","max-video-preview":"max-video-preview:-1"},"canonical":"https:\/\/aigleshopping.ca\/fr\/produit\/tapis-de-yoga-premium-10mm-depaisseur\/","og_locale":"fr_FR","og_type":"article","og_title":"Tapis de Yoga Premium 10mm d'\u00e9paisseur - Aigle Shopping Canada","og_description":"Nom du produit : Tapis de yoga&nbsp; Mat\u00e9riau : caoutchouc&nbsp; Taille : 183cm*61cm&nbsp; Poids : 480 g Taille du sac : 66cm * 22.5cm peut contenir 61cm * 183cm * 0.6cm tapis de yoga [Features]: (1) Les tapis de yoga sont trait\u00e9s avec une technologie non toxique et insipide (2) Texture douce, bonne r\u00e9sistance et [&hellip;]","og_url":"https:\/\/aigleshopping.ca\/fr\/produit\/tapis-de-yoga-premium-10mm-depaisseur\/","og_site_name":"Aigle Shopping Canada","og_image":[{"width":750,"height":750,"url":"https:\/\/aigleshopping.ca\/wp-content\/uploads\/2025\/03\/1955040809441.jpg","type":"image\/jpeg"}],"twitter_card":"summary_large_image","schema":{"@context":"https:\/\/schema.org","@graph":[{"@type":"WebPage","@id":"https:\/\/aigleshopping.ca\/fr\/produit\/tapis-de-yoga-premium-10mm-depaisseur\/","url":"https:\/\/aigleshopping.ca\/fr\/produit\/tapis-de-yoga-premium-10mm-depaisseur\/","name":"Tapis de Yoga Premium 10mm d'\u00e9paisseur - Aigle Shopping Canada","isPartOf":{"@id":"https:\/\/aigleshopping.ca\/#website"},"primaryImageOfPage":{"@id":"https:\/\/aigleshopping.ca\/fr\/produit\/tapis-de-yoga-premium-10mm-depaisseur\/#primaryimage"},"image":{"@id":"https:\/\/aigleshopping.ca\/fr\/produit\/tapis-de-yoga-premium-10mm-depaisseur\/#primaryimage"},"thumbnailUrl":"https:\/\/aigleshopping.ca\/wp-content\/uploads\/2025\/03\/1955040809441.jpg","datePublished":"2025-03-08T19:52:41+00:00","breadcrumb":{"@id":"https:\/\/aigleshopping.ca\/fr\/produit\/tapis-de-yoga-premium-10mm-depaisseur\/#breadcrumb"},"inLanguage":"fr-FR","potentialAction":[{"@type":"ReadAction","target":["https:\/\/aigleshopping.ca\/fr\/produit\/tapis-de-yoga-premium-10mm-depaisseur\/"]}]},{"@type":"ImageObject","inLanguage":"fr-FR","@id":"https:\/\/aigleshopping.ca\/fr\/produit\/tapis-de-yoga-premium-10mm-depaisseur\/#primaryimage","url":"https:\/\/aigleshopping.ca\/wp-content\/uploads\/2025\/03\/1955040809441.jpg","contentUrl":"https:\/\/aigleshopping.ca\/wp-content\/uploads\/2025\/03\/1955040809441.jpg","width":750,"height":750},{"@type":"BreadcrumbList","@id":"https:\/\/aigleshopping.ca\/fr\/produit\/tapis-de-yoga-premium-10mm-depaisseur\/#breadcrumb","itemListElement":[{"@type":"ListItem","position":1,"name":"Home","item":"https:\/\/aigleshopping.ca\/fr\/home\/"},{"@type":"ListItem","position":2,"name":"Products","item":"https:\/\/aigleshopping.ca\/shop\/"},{"@type":"ListItem","position":3,"name":"Tapis de Yoga Premium 10mm d&#8217;\u00e9paisseur"}]},{"@type":"WebSite","@id":"https:\/\/aigleshopping.ca\/#website","url":"https:\/\/aigleshopping.ca\/","name":"Aigle Shopping Canada","description":"Au-del\u00e0 des fronti\u00e8res, pour vous offrir le\u00a0meilleur!","publisher":{"@id":"https:\/\/aigleshopping.ca\/#organization"},"potentialAction":[{"@type":"SearchAction","target":{"@type":"EntryPoint","urlTemplate":"https:\/\/aigleshopping.ca\/?s={search_term_string}"},"query-input":{"@type":"PropertyValueSpecification","valueRequired":true,"valueName":"search_term_string"}}],"inLanguage":"fr-FR"},{"@type":"Organization","@id":"https:\/\/aigleshopping.ca\/#organization","name":"Aigle Shopping Canada","url":"https:\/\/aigleshopping.ca\/","logo":{"@type":"ImageObject","inLanguage":"fr-FR","@id":"https:\/\/aigleshopping.ca\/#\/schema\/logo\/image\/","url":"https:\/\/aigleshopping.ca\/wp-content\/uploads\/2025\/12\/logo_aigleshopping_ca.png","contentUrl":"https:\/\/aigleshopping.ca\/wp-content\/uploads\/2025\/12\/logo_aigleshopping_ca.png","width":800,"height":233,"caption":"Aigle Shopping Canada"},"image":{"@id":"https:\/\/aigleshopping.ca\/#\/schema\/logo\/image\/"}}]}},"jetpack_sharing_enabled":true,"_links":{"self":[{"href":"https:\/\/aigleshopping.ca\/fr\/wp-json\/wp\/v2\/product\/21054","targetHints":{"allow":["GET"]}}],"collection":[{"href":"https:\/\/aigleshopping.ca\/fr\/wp-json\/wp\/v2\/product"}],"about":[{"href":"https:\/\/aigleshopping.ca\/fr\/wp-json\/wp\/v2\/types\/product"}],"replies":[{"embeddable":true,"href":"https:\/\/aigleshopping.ca\/fr\/wp-json\/wp\/v2\/comments?post=21054"}],"wp:featuredmedia":[{"embeddable":true,"href":"https:\/\/aigleshopping.ca\/fr\/wp-json\/wp\/v2\/media\/16685"}],"wp:attachment":[{"href":"https:\/\/aigleshopping.ca\/fr\/wp-json\/wp\/v2\/media?parent=21054"}],"wp:term":[{"taxonomy":"product_brand","embeddable":true,"href":"https:\/\/aigleshopping.ca\/fr\/wp-json\/wp\/v2\/product_brand?post=21054"},{"taxonomy":"product_cat","embeddable":true,"href":"https:\/\/aigleshopping.ca\/fr\/wp-json\/wp\/v2\/product_cat?post=21054"},{"taxonomy":"product_tag","embeddable":true,"href":"https:\/\/aigleshopping.ca\/fr\/wp-json\/wp\/v2\/product_tag?post=21054"}],"curies":[{"name":"wp","href":"https:\/\/api.w.org\/{rel}","templated":true}]}}