{"id":21069,"date":"2025-03-09T20:11:29","date_gmt":"2025-03-09T20:11:29","guid":{"rendered":"https:\/\/aigleshopping.ca\/produit\/avec-cable-support-transparent-ventouse-magnetique-power-bank\/"},"modified":"2025-03-09T20:11:29","modified_gmt":"2025-03-09T20:11:29","slug":"avec-cable-support-transparent-ventouse-magnetique-power-bank","status":"publish","type":"product","link":"https:\/\/aigleshopping.ca\/fr\/produit\/avec-cable-support-transparent-ventouse-magnetique-power-bank\/","title":{"rendered":"Avec C\u00e2ble Support Transparent Ventouse Magn\u00e9tique Power Bank"},"content":{"rendered":"<p> <b>Informations sur le produit :<\/b> <br \/> Couleur : noir myst\u00e9rieux, blanc nuage, jaune, vert \u00e9meraude <br \/> Mat\u00e9riau de la coque : Alliage <br \/> Fonction : Magn\u00e9tique <br \/> Style : Design cr\u00e9atif   <\/p>\n<p> <br \/>\n<b>Liste d&#8217;emballage :  <\/b><br \/>\n<br \/>  Banque d&rsquo;alimentation * 1<br \/>\n<br \/> <br \/>\n<b>Image du produit :<\/b><br \/>\n<br \/> <br \/>\n<img decoding=\"async\" src=\"https:\/\/oss-cf.cjdropshipping.com\/product\/2024\/11\/19\/12\/0c4f4468-c8c8-4073-9fb8-6115cfd09a90_trans.jpeg\"><br \/>\n<img decoding=\"async\" src=\"https:\/\/oss-cf.cjdropshipping.com\/product\/2024\/11\/19\/12\/883c6aac-28f4-42e1-997a-0e45c81ae25e_trans.jpeg\"><br \/>\n<img decoding=\"async\" src=\"https:\/\/oss-cf.cjdropshipping.com\/product\/2024\/11\/19\/12\/d87044a2-7cdf-4a92-b64b-fbedadd67d13_trans.jpeg\"><br \/>\n<img decoding=\"async\" src=\"https:\/\/oss-cf.cjdropshipping.com\/product\/2024\/11\/19\/12\/e265eda2-5efd-40d6-812e-93c6bfb5cbe3_trans.jpeg\"><br \/>\n<img decoding=\"async\" src=\"https:\/\/oss-cf.cjdropshipping.com\/product\/2024\/11\/19\/12\/60f39130-a311-4fa8-813b-d6863b201f1e_trans.jpeg\"><br \/>\n<img decoding=\"async\" src=\"https:\/\/oss-cf.cjdropshipping.com\/product\/2024\/11\/19\/12\/48a4edaa-ff3f-4f22-adc2-e79b943de424_trans.jpeg\"><br \/>\n<img decoding=\"async\" src=\"https:\/\/oss-cf.cjdropshipping.com\/product\/2024\/11\/19\/12\/2dafe766-01ee-42bd-9858-6925f0eb6066_trans.jpeg\"><br \/>\n<img decoding=\"async\" src=\"https:\/\/oss-cf.cjdropshipping.com\/product\/2024\/11\/19\/12\/b5ab228f-cb28-4fdb-81de-c2e185a6deb9_trans.jpeg\"><br \/>\n<img decoding=\"async\" src=\"https:\/\/oss-cf.cjdropshipping.com\/product\/2024\/11\/19\/12\/95259853-e7c0-49e3-979e-9dc8a3b0f46e_trans.jpeg\"><br \/>\n<img decoding=\"async\" src=\"https:\/\/oss-cf.cjdropshipping.com\/product\/2024\/11\/19\/12\/61762c7b-7682-448e-9371-274af11228e9_trans.jpeg\"><br \/>\n<img decoding=\"async\" src=\"https:\/\/oss-cf.cjdropshipping.com\/product\/2024\/11\/19\/12\/d0f6cae7-6cbe-4b01-ac22-13e222f03ec1_trans.jpeg\"><br \/>\n<img decoding=\"async\" src=\"https:\/\/oss-cf.cjdropshipping.com\/product\/2024\/11\/19\/12\/4a11dd94-acb7-49fe-a804-d5f2bdb6d016_trans.jpeg\"><br \/>\n<img decoding=\"async\" src=\"https:\/\/oss-cf.cjdropshipping.com\/product\/2024\/11\/19\/12\/06cc82d3-8086-4d6a-b71f-3a459d49d54c_trans.jpeg\"><br \/>\n<img decoding=\"async\" src=\"https:\/\/oss-cf.cjdropshipping.com\/product\/2024\/11\/19\/12\/ee59d8b1-1031-44b6-b167-8b70e67476b4_trans.jpeg\"><br \/>\n<img decoding=\"async\" src=\"https:\/\/oss-cf.cjdropshipping.com\/product\/2024\/11\/19\/12\/9d1d1d93-56f6-4976-8dbd-df6c008d6862_trans.jpeg\"><br \/>\n<img decoding=\"async\" src=\"https:\/\/oss-cf.cjdropshipping.com\/product\/2024\/11\/19\/12\/9e9612a3-527d-46d1-9ce3-61cc911ab8b3_trans.jpeg\"><br \/>\n<img decoding=\"async\" src=\"https:\/\/oss-cf.cjdropshipping.com\/product\/2024\/11\/19\/12\/9456e85f-8491-4ecc-9273-f6a0558f6f2e_trans.jpeg\"><br \/>\n<img decoding=\"async\" src=\"https:\/\/oss-cf.cjdropshipping.com\/product\/2024\/11\/19\/12\/0d9b4b8b-9634-4d88-8f04-c9cea6781db3_trans.jpeg\"><br \/>\n<img decoding=\"async\" src=\"https:\/\/oss-cf.cjdropshipping.com\/product\/2024\/11\/19\/12\/b5a9a0e3-34cf-4f69-b7b4-84b0222f4a97_trans.jpeg\"><br \/>\n<img decoding=\"async\" src=\"https:\/\/oss-cf.cjdropshipping.com\/product\/2024\/11\/19\/12\/2be356da-4e85-4c7a-a6bb-7560bd55bec9_trans.jpeg\"><br \/>\n<img decoding=\"async\" src=\"https:\/\/oss-cf.cjdropshipping.com\/product\/2024\/11\/19\/12\/977002ab-6fb3-43e5-ab8d-5c71c76dab5d_trans.jpeg\"><br \/>\n<img decoding=\"async\" src=\"https:\/\/oss-cf.cjdropshipping.com\/product\/2024\/11\/19\/12\/9b74a34f-8930-445a-95c4-9859823259bd_trans.jpeg\"><br \/>\n<img decoding=\"async\" src=\"https:\/\/oss-cf.cjdropshipping.com\/product\/2024\/11\/19\/12\/104f471a-9f68-4298-a3c7-450aba23ff20_trans.jpeg\"><br \/>\n<img decoding=\"async\" src=\"https:\/\/oss-cf.cjdropshipping.com\/product\/2024\/11\/19\/12\/0377e771-36d4-47f3-892c-f1dfacc8800a_trans.jpeg\"><br \/>\n<img decoding=\"async\" src=\"https:\/\/oss-cf.cjdropshipping.com\/product\/2024\/11\/19\/12\/9c519dbb-5aa9-4cd0-8b48-6448d8de0cc4_trans.jpeg\"><br \/>\n<img decoding=\"async\" src=\"https:\/\/oss-cf.cjdropshipping.com\/product\/2024\/11\/19\/12\/5fc923b2-68c8-413a-adc9-f78a3b9de0f4_trans.jpeg\"><br \/>\n<img decoding=\"async\" src=\"https:\/\/oss-cf.cjdropshipping.com\/product\/2024\/11\/19\/12\/b0b6b986-7dfc-4f5e-9bfd-2d27d27759b5_trans.jpeg\"><br \/>\n<img decoding=\"async\" src=\"https:\/\/oss-cf.cjdropshipping.com\/product\/2024\/11\/19\/12\/b89035cc-bfe9-450d-8ac0-0da1a83c178b_trans.jpeg\"><\/p>\n","protected":false},"excerpt":{"rendered":"<p>Informations sur le produit : Couleur : noir myst\u00e9rieux, blanc nuage, jaune, vert \u00e9meraude Mat\u00e9riau de la coque : Alliage Fonction : Magn\u00e9tique Style : Design cr\u00e9atif Liste d&#8217;emballage : Banque d&rsquo;alimentation * 1 Image du produit :<\/p>\n","protected":false},"featured_media":17387,"comment_status":"open","ping_status":"closed","template":"","meta":{"content-type":""},"product_brand":[],"product_cat":[739],"product_tag":[],"class_list":{"0":"post-21069","1":"product","2":"type-product","3":"status-publish","4":"has-post-thumbnail","6":"product_cat-banque-denergie-et-station-de-recharge","8":"first","9":"instock","10":"taxable","11":"shipping-taxable","12":"purchasable","13":"product-type-variable","14":"add-to-wishlist-after_add_to_cart"},"yoast_head":"<!-- This site is optimized with the Yoast SEO plugin v27.4 - https:\/\/yoast.com\/product\/yoast-seo-wordpress\/ -->\n<title>Avec C\u00e2ble Support Transparent Ventouse Magn\u00e9tique Power Bank - Aigle Shopping Canada<\/title>\n<meta name=\"robots\" content=\"index, follow, max-snippet:-1, max-image-preview:large, max-video-preview:-1\" \/>\n<link rel=\"canonical\" href=\"https:\/\/aigleshopping.ca\/fr\/produit\/avec-cable-support-transparent-ventouse-magnetique-power-bank\/\" \/>\n<meta property=\"og:locale\" content=\"fr_FR\" \/>\n<meta property=\"og:type\" content=\"article\" \/>\n<meta property=\"og:title\" content=\"Avec C\u00e2ble Support Transparent Ventouse Magn\u00e9tique Power Bank - Aigle Shopping Canada\" \/>\n<meta property=\"og:description\" content=\"Informations sur le produit : Couleur : noir myst\u00e9rieux, blanc nuage, jaune, vert \u00e9meraude Mat\u00e9riau de la coque : Alliage Fonction : Magn\u00e9tique Style : Design cr\u00e9atif Liste d&#8217;emballage : Banque d&rsquo;alimentation * 1 Image du produit :\" \/>\n<meta property=\"og:url\" content=\"https:\/\/aigleshopping.ca\/fr\/produit\/avec-cable-support-transparent-ventouse-magnetique-power-bank\/\" \/>\n<meta property=\"og:site_name\" content=\"Aigle Shopping Canada\" \/>\n<meta property=\"og:image\" content=\"https:\/\/aigleshopping.ca\/wp-content\/uploads\/2025\/03\/6ec750a1-612e-4763-b047-16de6a2a7a94_fine.jpeg\" \/>\n\t<meta property=\"og:image:width\" content=\"525\" \/>\n\t<meta property=\"og:image:height\" content=\"525\" \/>\n\t<meta property=\"og:image:type\" content=\"image\/jpeg\" \/>\n<meta name=\"twitter:card\" content=\"summary_large_image\" \/>\n<script type=\"application\/ld+json\" class=\"yoast-schema-graph\">{\"@context\":\"https:\\\/\\\/schema.org\",\"@graph\":[{\"@type\":\"WebPage\",\"@id\":\"https:\\\/\\\/aigleshopping.ca\\\/fr\\\/produit\\\/avec-cable-support-transparent-ventouse-magnetique-power-bank\\\/\",\"url\":\"https:\\\/\\\/aigleshopping.ca\\\/fr\\\/produit\\\/avec-cable-support-transparent-ventouse-magnetique-power-bank\\\/\",\"name\":\"Avec C\u00e2ble Support Transparent Ventouse Magn\u00e9tique Power Bank - Aigle Shopping Canada\",\"isPartOf\":{\"@id\":\"https:\\\/\\\/aigleshopping.ca\\\/#website\"},\"primaryImageOfPage\":{\"@id\":\"https:\\\/\\\/aigleshopping.ca\\\/fr\\\/produit\\\/avec-cable-support-transparent-ventouse-magnetique-power-bank\\\/#primaryimage\"},\"image\":{\"@id\":\"https:\\\/\\\/aigleshopping.ca\\\/fr\\\/produit\\\/avec-cable-support-transparent-ventouse-magnetique-power-bank\\\/#primaryimage\"},\"thumbnailUrl\":\"https:\\\/\\\/aigleshopping.ca\\\/wp-content\\\/uploads\\\/2025\\\/03\\\/6ec750a1-612e-4763-b047-16de6a2a7a94_fine.jpeg\",\"datePublished\":\"2025-03-09T20:11:29+00:00\",\"breadcrumb\":{\"@id\":\"https:\\\/\\\/aigleshopping.ca\\\/fr\\\/produit\\\/avec-cable-support-transparent-ventouse-magnetique-power-bank\\\/#breadcrumb\"},\"inLanguage\":\"fr-FR\",\"potentialAction\":[{\"@type\":\"ReadAction\",\"target\":[\"https:\\\/\\\/aigleshopping.ca\\\/fr\\\/produit\\\/avec-cable-support-transparent-ventouse-magnetique-power-bank\\\/\"]}]},{\"@type\":\"ImageObject\",\"inLanguage\":\"fr-FR\",\"@id\":\"https:\\\/\\\/aigleshopping.ca\\\/fr\\\/produit\\\/avec-cable-support-transparent-ventouse-magnetique-power-bank\\\/#primaryimage\",\"url\":\"https:\\\/\\\/aigleshopping.ca\\\/wp-content\\\/uploads\\\/2025\\\/03\\\/6ec750a1-612e-4763-b047-16de6a2a7a94_fine.jpeg\",\"contentUrl\":\"https:\\\/\\\/aigleshopping.ca\\\/wp-content\\\/uploads\\\/2025\\\/03\\\/6ec750a1-612e-4763-b047-16de6a2a7a94_fine.jpeg\",\"width\":525,\"height\":525},{\"@type\":\"BreadcrumbList\",\"@id\":\"https:\\\/\\\/aigleshopping.ca\\\/fr\\\/produit\\\/avec-cable-support-transparent-ventouse-magnetique-power-bank\\\/#breadcrumb\",\"itemListElement\":[{\"@type\":\"ListItem\",\"position\":1,\"name\":\"Home\",\"item\":\"https:\\\/\\\/aigleshopping.ca\\\/fr\\\/home\\\/\"},{\"@type\":\"ListItem\",\"position\":2,\"name\":\"Products\",\"item\":\"https:\\\/\\\/aigleshopping.ca\\\/shop\\\/\"},{\"@type\":\"ListItem\",\"position\":3,\"name\":\"Avec C\u00e2ble Support Transparent Ventouse Magn\u00e9tique Power Bank\"}]},{\"@type\":\"WebSite\",\"@id\":\"https:\\\/\\\/aigleshopping.ca\\\/#website\",\"url\":\"https:\\\/\\\/aigleshopping.ca\\\/\",\"name\":\"Aigle Shopping Canada\",\"description\":\"Au-del\u00e0 des fronti\u00e8res, pour vous offrir le\u00a0meilleur!\",\"publisher\":{\"@id\":\"https:\\\/\\\/aigleshopping.ca\\\/#organization\"},\"potentialAction\":[{\"@type\":\"SearchAction\",\"target\":{\"@type\":\"EntryPoint\",\"urlTemplate\":\"https:\\\/\\\/aigleshopping.ca\\\/?s={search_term_string}\"},\"query-input\":{\"@type\":\"PropertyValueSpecification\",\"valueRequired\":true,\"valueName\":\"search_term_string\"}}],\"inLanguage\":\"fr-FR\"},{\"@type\":\"Organization\",\"@id\":\"https:\\\/\\\/aigleshopping.ca\\\/#organization\",\"name\":\"Aigle Shopping Canada\",\"url\":\"https:\\\/\\\/aigleshopping.ca\\\/\",\"logo\":{\"@type\":\"ImageObject\",\"inLanguage\":\"fr-FR\",\"@id\":\"https:\\\/\\\/aigleshopping.ca\\\/#\\\/schema\\\/logo\\\/image\\\/\",\"url\":\"https:\\\/\\\/aigleshopping.ca\\\/wp-content\\\/uploads\\\/2025\\\/12\\\/logo_aigleshopping_ca.png\",\"contentUrl\":\"https:\\\/\\\/aigleshopping.ca\\\/wp-content\\\/uploads\\\/2025\\\/12\\\/logo_aigleshopping_ca.png\",\"width\":800,\"height\":233,\"caption\":\"Aigle Shopping Canada\"},\"image\":{\"@id\":\"https:\\\/\\\/aigleshopping.ca\\\/#\\\/schema\\\/logo\\\/image\\\/\"}}]}<\/script>\n<!-- \/ Yoast SEO plugin. -->","yoast_head_json":{"title":"Avec C\u00e2ble Support Transparent Ventouse Magn\u00e9tique Power Bank - Aigle Shopping Canada","robots":{"index":"index","follow":"follow","max-snippet":"max-snippet:-1","max-image-preview":"max-image-preview:large","max-video-preview":"max-video-preview:-1"},"canonical":"https:\/\/aigleshopping.ca\/fr\/produit\/avec-cable-support-transparent-ventouse-magnetique-power-bank\/","og_locale":"fr_FR","og_type":"article","og_title":"Avec C\u00e2ble Support Transparent Ventouse Magn\u00e9tique Power Bank - Aigle Shopping Canada","og_description":"Informations sur le produit : Couleur : noir myst\u00e9rieux, blanc nuage, jaune, vert \u00e9meraude Mat\u00e9riau de la coque : Alliage Fonction : Magn\u00e9tique Style : Design cr\u00e9atif Liste d&#8217;emballage : Banque d&rsquo;alimentation * 1 Image du produit :","og_url":"https:\/\/aigleshopping.ca\/fr\/produit\/avec-cable-support-transparent-ventouse-magnetique-power-bank\/","og_site_name":"Aigle Shopping Canada","og_image":[{"width":525,"height":525,"url":"https:\/\/aigleshopping.ca\/wp-content\/uploads\/2025\/03\/6ec750a1-612e-4763-b047-16de6a2a7a94_fine.jpeg","type":"image\/jpeg"}],"twitter_card":"summary_large_image","schema":{"@context":"https:\/\/schema.org","@graph":[{"@type":"WebPage","@id":"https:\/\/aigleshopping.ca\/fr\/produit\/avec-cable-support-transparent-ventouse-magnetique-power-bank\/","url":"https:\/\/aigleshopping.ca\/fr\/produit\/avec-cable-support-transparent-ventouse-magnetique-power-bank\/","name":"Avec C\u00e2ble Support Transparent Ventouse Magn\u00e9tique Power Bank - Aigle Shopping Canada","isPartOf":{"@id":"https:\/\/aigleshopping.ca\/#website"},"primaryImageOfPage":{"@id":"https:\/\/aigleshopping.ca\/fr\/produit\/avec-cable-support-transparent-ventouse-magnetique-power-bank\/#primaryimage"},"image":{"@id":"https:\/\/aigleshopping.ca\/fr\/produit\/avec-cable-support-transparent-ventouse-magnetique-power-bank\/#primaryimage"},"thumbnailUrl":"https:\/\/aigleshopping.ca\/wp-content\/uploads\/2025\/03\/6ec750a1-612e-4763-b047-16de6a2a7a94_fine.jpeg","datePublished":"2025-03-09T20:11:29+00:00","breadcrumb":{"@id":"https:\/\/aigleshopping.ca\/fr\/produit\/avec-cable-support-transparent-ventouse-magnetique-power-bank\/#breadcrumb"},"inLanguage":"fr-FR","potentialAction":[{"@type":"ReadAction","target":["https:\/\/aigleshopping.ca\/fr\/produit\/avec-cable-support-transparent-ventouse-magnetique-power-bank\/"]}]},{"@type":"ImageObject","inLanguage":"fr-FR","@id":"https:\/\/aigleshopping.ca\/fr\/produit\/avec-cable-support-transparent-ventouse-magnetique-power-bank\/#primaryimage","url":"https:\/\/aigleshopping.ca\/wp-content\/uploads\/2025\/03\/6ec750a1-612e-4763-b047-16de6a2a7a94_fine.jpeg","contentUrl":"https:\/\/aigleshopping.ca\/wp-content\/uploads\/2025\/03\/6ec750a1-612e-4763-b047-16de6a2a7a94_fine.jpeg","width":525,"height":525},{"@type":"BreadcrumbList","@id":"https:\/\/aigleshopping.ca\/fr\/produit\/avec-cable-support-transparent-ventouse-magnetique-power-bank\/#breadcrumb","itemListElement":[{"@type":"ListItem","position":1,"name":"Home","item":"https:\/\/aigleshopping.ca\/fr\/home\/"},{"@type":"ListItem","position":2,"name":"Products","item":"https:\/\/aigleshopping.ca\/shop\/"},{"@type":"ListItem","position":3,"name":"Avec C\u00e2ble Support Transparent Ventouse Magn\u00e9tique Power Bank"}]},{"@type":"WebSite","@id":"https:\/\/aigleshopping.ca\/#website","url":"https:\/\/aigleshopping.ca\/","name":"Aigle Shopping Canada","description":"Au-del\u00e0 des fronti\u00e8res, pour vous offrir le\u00a0meilleur!","publisher":{"@id":"https:\/\/aigleshopping.ca\/#organization"},"potentialAction":[{"@type":"SearchAction","target":{"@type":"EntryPoint","urlTemplate":"https:\/\/aigleshopping.ca\/?s={search_term_string}"},"query-input":{"@type":"PropertyValueSpecification","valueRequired":true,"valueName":"search_term_string"}}],"inLanguage":"fr-FR"},{"@type":"Organization","@id":"https:\/\/aigleshopping.ca\/#organization","name":"Aigle Shopping Canada","url":"https:\/\/aigleshopping.ca\/","logo":{"@type":"ImageObject","inLanguage":"fr-FR","@id":"https:\/\/aigleshopping.ca\/#\/schema\/logo\/image\/","url":"https:\/\/aigleshopping.ca\/wp-content\/uploads\/2025\/12\/logo_aigleshopping_ca.png","contentUrl":"https:\/\/aigleshopping.ca\/wp-content\/uploads\/2025\/12\/logo_aigleshopping_ca.png","width":800,"height":233,"caption":"Aigle Shopping Canada"},"image":{"@id":"https:\/\/aigleshopping.ca\/#\/schema\/logo\/image\/"}}]}},"jetpack_sharing_enabled":true,"_links":{"self":[{"href":"https:\/\/aigleshopping.ca\/fr\/wp-json\/wp\/v2\/product\/21069","targetHints":{"allow":["GET"]}}],"collection":[{"href":"https:\/\/aigleshopping.ca\/fr\/wp-json\/wp\/v2\/product"}],"about":[{"href":"https:\/\/aigleshopping.ca\/fr\/wp-json\/wp\/v2\/types\/product"}],"replies":[{"embeddable":true,"href":"https:\/\/aigleshopping.ca\/fr\/wp-json\/wp\/v2\/comments?post=21069"}],"wp:featuredmedia":[{"embeddable":true,"href":"https:\/\/aigleshopping.ca\/fr\/wp-json\/wp\/v2\/media\/17387"}],"wp:attachment":[{"href":"https:\/\/aigleshopping.ca\/fr\/wp-json\/wp\/v2\/media?parent=21069"}],"wp:term":[{"taxonomy":"product_brand","embeddable":true,"href":"https:\/\/aigleshopping.ca\/fr\/wp-json\/wp\/v2\/product_brand?post=21069"},{"taxonomy":"product_cat","embeddable":true,"href":"https:\/\/aigleshopping.ca\/fr\/wp-json\/wp\/v2\/product_cat?post=21069"},{"taxonomy":"product_tag","embeddable":true,"href":"https:\/\/aigleshopping.ca\/fr\/wp-json\/wp\/v2\/product_tag?post=21069"}],"curies":[{"name":"wp","href":"https:\/\/api.w.org\/{rel}","templated":true}]}}