{"id":21086,"date":"2025-03-08T20:00:32","date_gmt":"2025-03-08T20:00:32","guid":{"rendered":"https:\/\/aigleshopping.ca\/produit\/ankle-support-brace-safety-running-basketball-sports-ankle-sleeves\/"},"modified":"2025-03-08T20:00:32","modified_gmt":"2025-03-08T20:00:32","slug":"ankle-support-brace-safety-running-basketball-sports-ankle-sleeves","status":"publish","type":"product","link":"https:\/\/aigleshopping.ca\/fr\/produit\/ankle-support-brace-safety-running-basketball-sports-ankle-sleeves\/","title":{"rendered":"Ankle Support Brace Safety Running Basketball Sports Ankle Sleeves"},"content":{"rendered":"<p class=\"MsoNormal\">\n<p> <span style=\"font-weight: bold\">Vue d&rsquo;ensemble :&nbsp;<\/span> <\/p>\n<p>  Respirant et confortable <br \/> Aide \u00e0 r\u00e9duire le stress et la tension sur la cheville gr\u00e2ce \u00e0 une forme de cheville ajustable. <br \/> Utilisent un mat\u00e9riau de plong\u00e9e composite non pelucheux, durable et qui n&rsquo;irrite pas la peau. <br \/> Il est id\u00e9al pour les sports d&rsquo;int\u00e9rieur et d&rsquo;ext\u00e9rieur, tels que le basket-ball, le rugby, le football, le badminton, le tennis et bien d&rsquo;autres encore.  <\/p>\n<p class=\"MsoNormal\">\n<p> \n  <\/p>\n<p class=\"MsoNormal\">\n<p>  <b>Comparaison des tailles :<\/b>\n  <\/p>\n<p class=\"MsoNormal\">\n<p>  Taille  &nbsp;&nbsp;&nbsp;&nbsp;&nbsp;&nbsp;&nbsp;&nbsp;&nbsp;&nbsp;&nbsp;&nbsp;&nbsp;&nbsp;&nbsp;&nbsp;&nbsp;&nbsp;&nbsp;Taille des chaussures\n  <\/p>\n<p class=\"MsoNormal\">\n<p>  S  &nbsp;&nbsp;&nbsp;&nbsp;&nbsp;&nbsp;&nbsp;&nbsp;&nbsp;&nbsp;&nbsp;&nbsp;&nbsp;&nbsp;&nbsp;&nbsp;&nbsp;&nbsp;&nbsp;&nbsp;&nbsp;&nbsp;35-38 cm\n  <\/p>\n<p class=\"MsoNormal\">\n<p>  M  &nbsp;&nbsp;&nbsp;&nbsp;&nbsp;&nbsp;&nbsp;&nbsp;&nbsp;&nbsp;&nbsp;&nbsp;&nbsp;&nbsp;&nbsp;&nbsp;&nbsp;&nbsp;&nbsp;&nbsp;&nbsp;39-41<br \/>\n <span style=\"font-size: 14px\">cm<\/span> <\/p>\n<p class=\"MsoNormal\">\n<p>  L  &nbsp;&nbsp;&nbsp;&nbsp;&nbsp;&nbsp;&nbsp;&nbsp;&nbsp;&nbsp;&nbsp;&nbsp;&nbsp;&nbsp;&nbsp;&nbsp;&nbsp;&nbsp;&nbsp;&nbsp;&nbsp;&nbsp;42-45<br \/>\n <span style=\"font-size: 14px\">cm<\/span> <\/p>\n<p class=\"MsoNormal\">\n<p>  XL  &nbsp;&nbsp;&nbsp;&nbsp;&nbsp;&nbsp;&nbsp;&nbsp;&nbsp;&nbsp;&nbsp;&nbsp;&nbsp;&nbsp;&nbsp;&nbsp;&nbsp;&nbsp;&nbsp;&nbsp;45-48<br \/>\n <span style=\"font-size: 14px\">cm<\/span> <\/p>\n<p class=\"MsoNormal\"> <img decoding=\"async\" src=\"https:\/\/cf.cjdropshipping.com\/17184096\/2406150533310323300.jpg\"> <\/p>\n<p class=\"MsoNormal\">\n<p>    &nbsp; <\/p>\n<p class=\"MsoNormal\"> <b> <\/p>\n<p>  Sp\u00e9cifications :<br \/>\n   <\/b> <\/p>\n<p>   &nbsp;\n  <\/p>\n<p class=\"MsoNormal\">\n<p>  Poids net:29 (g)  <\/p>\n<p class=\"MsoNormal\">\n<p>  Taille : 13*10*1 <\/p>\n<p> cm  <\/p>\n<p class=\"MsoNormal\">\n<p>  Couleur : noir  <\/p>\n<p class=\"MsoNormal\">\n<p>  Mat\u00e9riau : Mat\u00e9riau composite SBR  <\/p>\n<p class=\"MsoNormal\">\n<p>    &nbsp; <\/p>\n<p class=\"MsoNormal\"> <b> <\/p>\n<p>  Contenu de l&#8217;emballage :<br \/>\n   <\/b> <\/p>\n<p class=\"MsoNormal\">\n<p>  1 <\/p>\n<p> x <\/p>\n<p> Support de cheville  <\/p>\n<p class=\"MsoNormal\"> <\/p>\n<p> <img decoding=\"async\" alt=\"20180521_153132_027\" src=\"https:\/\/cf.cjdropshipping.com\/17184096\/2406150533310324200.jpg\"> <img decoding=\"async\" alt=\"20180521_153132_029\" src=\"https:\/\/cf.cjdropshipping.com\/17184096\/2406150533310325300.jpg\"> <img decoding=\"async\" alt=\"20180521_153132_038\" src=\"https:\/\/cf.cjdropshipping.com\/17184096\/2406150533310326000.jpg\"> <img decoding=\"async\" alt=\"20180521_153132_039\" src=\"https:\/\/cf.cjdropshipping.com\/17184096\/2406150533310326800.jpg\"> <img decoding=\"async\" alt=\"20180521_153132_037\" src=\"https:\/\/cf.cjdropshipping.com\/17184096\/2406150533310327400.jpg\"> <img decoding=\"async\" alt=\"20180521_153132_032\" src=\"https:\/\/cf.cjdropshipping.com\/17184096\/2406150533310328200.jpg\"> <img decoding=\"async\" alt=\"20180521_153132_033\" src=\"https:\/\/cf.cjdropshipping.com\/17184096\/2406150533310329100.jpg\"> <img decoding=\"async\" alt=\"20180521_153132_034\" src=\"https:\/\/cf.cjdropshipping.com\/17184096\/2406150533320320100.jpg\"> <\/p>\n<p>&nbsp;<\/p>\n<p>&nbsp;<\/p>\n<p>&nbsp;<\/p>\n<p> <img decoding=\"async\" alt=\"20180521_153132_035\" src=\"https:\/\/cf.cjdropshipping.com\/17184096\/2406150533320320700.jpg\"> <\/p>\n","protected":false},"excerpt":{"rendered":"<p>Vue d&rsquo;ensemble :&nbsp; Respirant et confortable Aide \u00e0 r\u00e9duire le stress et la tension sur la cheville gr\u00e2ce \u00e0 une forme de cheville ajustable. Utilisent un mat\u00e9riau de plong\u00e9e composite non pelucheux, durable et qui n&rsquo;irrite pas la peau. Il est id\u00e9al pour les sports d&rsquo;int\u00e9rieur et d&rsquo;ext\u00e9rieur, tels que le basket-ball, le rugby, le [&hellip;]<\/p>\n","protected":false},"featured_media":16947,"comment_status":"open","ping_status":"closed","template":"","meta":{"content-type":""},"product_brand":[],"product_cat":[217],"product_tag":[],"class_list":{"0":"post-21086","1":"product","2":"type-product","3":"status-publish","4":"has-post-thumbnail","6":"product_cat-sport-fr","8":"first","9":"instock","10":"taxable","11":"shipping-taxable","12":"purchasable","13":"product-type-variable","14":"add-to-wishlist-after_add_to_cart"},"yoast_head":"<!-- This site is optimized with the Yoast SEO plugin v27.4 - https:\/\/yoast.com\/product\/yoast-seo-wordpress\/ -->\n<title>Ankle Support Brace Safety Running Basketball Sports Ankle Sleeves - Aigle Shopping Canada<\/title>\n<meta name=\"robots\" content=\"index, follow, max-snippet:-1, max-image-preview:large, max-video-preview:-1\" \/>\n<link rel=\"canonical\" href=\"https:\/\/aigleshopping.ca\/fr\/produit\/ankle-support-brace-safety-running-basketball-sports-ankle-sleeves\/\" \/>\n<meta property=\"og:locale\" content=\"fr_FR\" \/>\n<meta property=\"og:type\" content=\"article\" \/>\n<meta property=\"og:title\" content=\"Ankle Support Brace Safety Running Basketball Sports Ankle Sleeves - Aigle Shopping Canada\" \/>\n<meta property=\"og:description\" content=\"Vue d&rsquo;ensemble :&nbsp; Respirant et confortable Aide \u00e0 r\u00e9duire le stress et la tension sur la cheville gr\u00e2ce \u00e0 une forme de cheville ajustable. Utilisent un mat\u00e9riau de plong\u00e9e composite non pelucheux, durable et qui n&rsquo;irrite pas la peau. Il est id\u00e9al pour les sports d&rsquo;int\u00e9rieur et d&rsquo;ext\u00e9rieur, tels que le basket-ball, le rugby, le [&hellip;]\" \/>\n<meta property=\"og:url\" content=\"https:\/\/aigleshopping.ca\/fr\/produit\/ankle-support-brace-safety-running-basketball-sports-ankle-sleeves\/\" \/>\n<meta property=\"og:site_name\" content=\"Aigle Shopping Canada\" \/>\n<meta property=\"og:image\" content=\"https:\/\/aigleshopping.ca\/wp-content\/uploads\/2025\/03\/52378486042570.jpg\" \/>\n\t<meta property=\"og:image:width\" content=\"800\" \/>\n\t<meta property=\"og:image:height\" content=\"800\" \/>\n\t<meta property=\"og:image:type\" content=\"image\/jpeg\" \/>\n<meta name=\"twitter:card\" content=\"summary_large_image\" \/>\n<meta name=\"twitter:label1\" content=\"Dur\u00e9e de lecture estim\u00e9e\" \/>\n\t<meta name=\"twitter:data1\" content=\"1 minute\" \/>\n<script type=\"application\/ld+json\" class=\"yoast-schema-graph\">{\"@context\":\"https:\\\/\\\/schema.org\",\"@graph\":[{\"@type\":\"WebPage\",\"@id\":\"https:\\\/\\\/aigleshopping.ca\\\/fr\\\/produit\\\/ankle-support-brace-safety-running-basketball-sports-ankle-sleeves\\\/\",\"url\":\"https:\\\/\\\/aigleshopping.ca\\\/fr\\\/produit\\\/ankle-support-brace-safety-running-basketball-sports-ankle-sleeves\\\/\",\"name\":\"Ankle Support Brace Safety Running Basketball Sports Ankle Sleeves - Aigle Shopping Canada\",\"isPartOf\":{\"@id\":\"https:\\\/\\\/aigleshopping.ca\\\/#website\"},\"primaryImageOfPage\":{\"@id\":\"https:\\\/\\\/aigleshopping.ca\\\/fr\\\/produit\\\/ankle-support-brace-safety-running-basketball-sports-ankle-sleeves\\\/#primaryimage\"},\"image\":{\"@id\":\"https:\\\/\\\/aigleshopping.ca\\\/fr\\\/produit\\\/ankle-support-brace-safety-running-basketball-sports-ankle-sleeves\\\/#primaryimage\"},\"thumbnailUrl\":\"https:\\\/\\\/aigleshopping.ca\\\/wp-content\\\/uploads\\\/2025\\\/03\\\/52378486042570.jpg\",\"datePublished\":\"2025-03-08T20:00:32+00:00\",\"breadcrumb\":{\"@id\":\"https:\\\/\\\/aigleshopping.ca\\\/fr\\\/produit\\\/ankle-support-brace-safety-running-basketball-sports-ankle-sleeves\\\/#breadcrumb\"},\"inLanguage\":\"fr-FR\",\"potentialAction\":[{\"@type\":\"ReadAction\",\"target\":[\"https:\\\/\\\/aigleshopping.ca\\\/fr\\\/produit\\\/ankle-support-brace-safety-running-basketball-sports-ankle-sleeves\\\/\"]}]},{\"@type\":\"ImageObject\",\"inLanguage\":\"fr-FR\",\"@id\":\"https:\\\/\\\/aigleshopping.ca\\\/fr\\\/produit\\\/ankle-support-brace-safety-running-basketball-sports-ankle-sleeves\\\/#primaryimage\",\"url\":\"https:\\\/\\\/aigleshopping.ca\\\/wp-content\\\/uploads\\\/2025\\\/03\\\/52378486042570.jpg\",\"contentUrl\":\"https:\\\/\\\/aigleshopping.ca\\\/wp-content\\\/uploads\\\/2025\\\/03\\\/52378486042570.jpg\",\"width\":800,\"height\":800},{\"@type\":\"BreadcrumbList\",\"@id\":\"https:\\\/\\\/aigleshopping.ca\\\/fr\\\/produit\\\/ankle-support-brace-safety-running-basketball-sports-ankle-sleeves\\\/#breadcrumb\",\"itemListElement\":[{\"@type\":\"ListItem\",\"position\":1,\"name\":\"Home\",\"item\":\"https:\\\/\\\/aigleshopping.ca\\\/fr\\\/home\\\/\"},{\"@type\":\"ListItem\",\"position\":2,\"name\":\"Products\",\"item\":\"https:\\\/\\\/aigleshopping.ca\\\/shop\\\/\"},{\"@type\":\"ListItem\",\"position\":3,\"name\":\"Ankle Support Brace Safety Running Basketball Sports Ankle Sleeves\"}]},{\"@type\":\"WebSite\",\"@id\":\"https:\\\/\\\/aigleshopping.ca\\\/#website\",\"url\":\"https:\\\/\\\/aigleshopping.ca\\\/\",\"name\":\"Aigle Shopping Canada\",\"description\":\"Au-del\u00e0 des fronti\u00e8res, pour vous offrir le\u00a0meilleur!\",\"publisher\":{\"@id\":\"https:\\\/\\\/aigleshopping.ca\\\/#organization\"},\"potentialAction\":[{\"@type\":\"SearchAction\",\"target\":{\"@type\":\"EntryPoint\",\"urlTemplate\":\"https:\\\/\\\/aigleshopping.ca\\\/?s={search_term_string}\"},\"query-input\":{\"@type\":\"PropertyValueSpecification\",\"valueRequired\":true,\"valueName\":\"search_term_string\"}}],\"inLanguage\":\"fr-FR\"},{\"@type\":\"Organization\",\"@id\":\"https:\\\/\\\/aigleshopping.ca\\\/#organization\",\"name\":\"Aigle Shopping Canada\",\"url\":\"https:\\\/\\\/aigleshopping.ca\\\/\",\"logo\":{\"@type\":\"ImageObject\",\"inLanguage\":\"fr-FR\",\"@id\":\"https:\\\/\\\/aigleshopping.ca\\\/#\\\/schema\\\/logo\\\/image\\\/\",\"url\":\"https:\\\/\\\/aigleshopping.ca\\\/wp-content\\\/uploads\\\/2025\\\/12\\\/logo_aigleshopping_ca.png\",\"contentUrl\":\"https:\\\/\\\/aigleshopping.ca\\\/wp-content\\\/uploads\\\/2025\\\/12\\\/logo_aigleshopping_ca.png\",\"width\":800,\"height\":233,\"caption\":\"Aigle Shopping Canada\"},\"image\":{\"@id\":\"https:\\\/\\\/aigleshopping.ca\\\/#\\\/schema\\\/logo\\\/image\\\/\"}}]}<\/script>\n<!-- \/ Yoast SEO plugin. -->","yoast_head_json":{"title":"Ankle Support Brace Safety Running Basketball Sports Ankle Sleeves - Aigle Shopping Canada","robots":{"index":"index","follow":"follow","max-snippet":"max-snippet:-1","max-image-preview":"max-image-preview:large","max-video-preview":"max-video-preview:-1"},"canonical":"https:\/\/aigleshopping.ca\/fr\/produit\/ankle-support-brace-safety-running-basketball-sports-ankle-sleeves\/","og_locale":"fr_FR","og_type":"article","og_title":"Ankle Support Brace Safety Running Basketball Sports Ankle Sleeves - Aigle Shopping Canada","og_description":"Vue d&rsquo;ensemble :&nbsp; Respirant et confortable Aide \u00e0 r\u00e9duire le stress et la tension sur la cheville gr\u00e2ce \u00e0 une forme de cheville ajustable. Utilisent un mat\u00e9riau de plong\u00e9e composite non pelucheux, durable et qui n&rsquo;irrite pas la peau. Il est id\u00e9al pour les sports d&rsquo;int\u00e9rieur et d&rsquo;ext\u00e9rieur, tels que le basket-ball, le rugby, le [&hellip;]","og_url":"https:\/\/aigleshopping.ca\/fr\/produit\/ankle-support-brace-safety-running-basketball-sports-ankle-sleeves\/","og_site_name":"Aigle Shopping Canada","og_image":[{"width":800,"height":800,"url":"https:\/\/aigleshopping.ca\/wp-content\/uploads\/2025\/03\/52378486042570.jpg","type":"image\/jpeg"}],"twitter_card":"summary_large_image","twitter_misc":{"Dur\u00e9e de lecture estim\u00e9e":"1 minute"},"schema":{"@context":"https:\/\/schema.org","@graph":[{"@type":"WebPage","@id":"https:\/\/aigleshopping.ca\/fr\/produit\/ankle-support-brace-safety-running-basketball-sports-ankle-sleeves\/","url":"https:\/\/aigleshopping.ca\/fr\/produit\/ankle-support-brace-safety-running-basketball-sports-ankle-sleeves\/","name":"Ankle Support Brace Safety Running Basketball Sports Ankle Sleeves - Aigle Shopping Canada","isPartOf":{"@id":"https:\/\/aigleshopping.ca\/#website"},"primaryImageOfPage":{"@id":"https:\/\/aigleshopping.ca\/fr\/produit\/ankle-support-brace-safety-running-basketball-sports-ankle-sleeves\/#primaryimage"},"image":{"@id":"https:\/\/aigleshopping.ca\/fr\/produit\/ankle-support-brace-safety-running-basketball-sports-ankle-sleeves\/#primaryimage"},"thumbnailUrl":"https:\/\/aigleshopping.ca\/wp-content\/uploads\/2025\/03\/52378486042570.jpg","datePublished":"2025-03-08T20:00:32+00:00","breadcrumb":{"@id":"https:\/\/aigleshopping.ca\/fr\/produit\/ankle-support-brace-safety-running-basketball-sports-ankle-sleeves\/#breadcrumb"},"inLanguage":"fr-FR","potentialAction":[{"@type":"ReadAction","target":["https:\/\/aigleshopping.ca\/fr\/produit\/ankle-support-brace-safety-running-basketball-sports-ankle-sleeves\/"]}]},{"@type":"ImageObject","inLanguage":"fr-FR","@id":"https:\/\/aigleshopping.ca\/fr\/produit\/ankle-support-brace-safety-running-basketball-sports-ankle-sleeves\/#primaryimage","url":"https:\/\/aigleshopping.ca\/wp-content\/uploads\/2025\/03\/52378486042570.jpg","contentUrl":"https:\/\/aigleshopping.ca\/wp-content\/uploads\/2025\/03\/52378486042570.jpg","width":800,"height":800},{"@type":"BreadcrumbList","@id":"https:\/\/aigleshopping.ca\/fr\/produit\/ankle-support-brace-safety-running-basketball-sports-ankle-sleeves\/#breadcrumb","itemListElement":[{"@type":"ListItem","position":1,"name":"Home","item":"https:\/\/aigleshopping.ca\/fr\/home\/"},{"@type":"ListItem","position":2,"name":"Products","item":"https:\/\/aigleshopping.ca\/shop\/"},{"@type":"ListItem","position":3,"name":"Ankle Support Brace Safety Running Basketball Sports Ankle Sleeves"}]},{"@type":"WebSite","@id":"https:\/\/aigleshopping.ca\/#website","url":"https:\/\/aigleshopping.ca\/","name":"Aigle Shopping Canada","description":"Au-del\u00e0 des fronti\u00e8res, pour vous offrir le\u00a0meilleur!","publisher":{"@id":"https:\/\/aigleshopping.ca\/#organization"},"potentialAction":[{"@type":"SearchAction","target":{"@type":"EntryPoint","urlTemplate":"https:\/\/aigleshopping.ca\/?s={search_term_string}"},"query-input":{"@type":"PropertyValueSpecification","valueRequired":true,"valueName":"search_term_string"}}],"inLanguage":"fr-FR"},{"@type":"Organization","@id":"https:\/\/aigleshopping.ca\/#organization","name":"Aigle Shopping Canada","url":"https:\/\/aigleshopping.ca\/","logo":{"@type":"ImageObject","inLanguage":"fr-FR","@id":"https:\/\/aigleshopping.ca\/#\/schema\/logo\/image\/","url":"https:\/\/aigleshopping.ca\/wp-content\/uploads\/2025\/12\/logo_aigleshopping_ca.png","contentUrl":"https:\/\/aigleshopping.ca\/wp-content\/uploads\/2025\/12\/logo_aigleshopping_ca.png","width":800,"height":233,"caption":"Aigle Shopping Canada"},"image":{"@id":"https:\/\/aigleshopping.ca\/#\/schema\/logo\/image\/"}}]}},"jetpack_sharing_enabled":true,"_links":{"self":[{"href":"https:\/\/aigleshopping.ca\/fr\/wp-json\/wp\/v2\/product\/21086","targetHints":{"allow":["GET"]}}],"collection":[{"href":"https:\/\/aigleshopping.ca\/fr\/wp-json\/wp\/v2\/product"}],"about":[{"href":"https:\/\/aigleshopping.ca\/fr\/wp-json\/wp\/v2\/types\/product"}],"replies":[{"embeddable":true,"href":"https:\/\/aigleshopping.ca\/fr\/wp-json\/wp\/v2\/comments?post=21086"}],"wp:featuredmedia":[{"embeddable":true,"href":"https:\/\/aigleshopping.ca\/fr\/wp-json\/wp\/v2\/media\/16947"}],"wp:attachment":[{"href":"https:\/\/aigleshopping.ca\/fr\/wp-json\/wp\/v2\/media?parent=21086"}],"wp:term":[{"taxonomy":"product_brand","embeddable":true,"href":"https:\/\/aigleshopping.ca\/fr\/wp-json\/wp\/v2\/product_brand?post=21086"},{"taxonomy":"product_cat","embeddable":true,"href":"https:\/\/aigleshopping.ca\/fr\/wp-json\/wp\/v2\/product_cat?post=21086"},{"taxonomy":"product_tag","embeddable":true,"href":"https:\/\/aigleshopping.ca\/fr\/wp-json\/wp\/v2\/product_tag?post=21086"}],"curies":[{"name":"wp","href":"https:\/\/api.w.org\/{rel}","templated":true}]}}