{"id":21135,"date":"2025-03-09T20:13:55","date_gmt":"2025-03-09T20:13:55","guid":{"rendered":"https:\/\/aigleshopping.ca\/produit\/bloc-dalimentation-magnetique-transfrontalier-pour-la-recharge-portable-sans-fil\/"},"modified":"2025-03-10T14:25:14","modified_gmt":"2025-03-10T14:25:14","slug":"bloc-dalimentation-magnetique-transfrontalier-pour-la-recharge-portable-sans-fil","status":"publish","type":"product","link":"https:\/\/aigleshopping.ca\/fr\/produit\/bloc-dalimentation-magnetique-transfrontalier-pour-la-recharge-portable-sans-fil\/","title":{"rendered":"Bloc d&rsquo;alimentation magn\u00e9tique transfrontalier pour la recharge portable sans fil"},"content":{"rendered":"<p> <b>Informations sur le produit :<\/b> <br \/> Couleur : couleur primaire titane, gris fonc\u00e9  <br \/>  Mat\u00e9riau de la coque : Alliage  <br \/>  Fonction : Magn\u00e9tique  <br \/>  Taille : 102.3*68.5 * 8.8mm  <br \/>  Style : Conception cr\u00e9ative  <br \/>  Nom du produit : Chargement magn\u00e9tique sans fil transfrontalier de l&rsquo;\u00e9nergie mobile  <br \/>  Couleur : Titane, gris profond de l&rsquo;espace  <br \/>  Mat\u00e9riau : ABS+PC+ alliage d&rsquo;aluminium  <br \/>  Type d&rsquo;interface : Type-c  <br \/>  Type de batterie : Batterie au lithium polym\u00e8re  <br \/>  Capacit\u00e9 de la batterie : 5000mAh  <br \/>  Capacit\u00e9 nominale : environ 3500mAh  <br \/>  Taux de conversion \u00e9nerg\u00e9tique : 70%  <br \/>  Puissance d&rsquo;entr\u00e9e : Entr\u00e9e Type-C : 5V\/3A, 9V\/2.22A, 12V\/1.67A (20W Max) <br \/> Puissance de sortie : Type-C Output : 5V\/3A, 9V\/2.22A, 12V\/1.67A (20W Max) <br \/> Sortie sans fil : 5W, 7.5W, 10W, 15W Max <br \/> Taille du produit : 102.3*68.5*8.8mm <br \/> Caract\u00e9ristiques du produit : design m\u00e9tallique ultra-mince, N52 magn\u00e9tique fort 3800+GS, double charge, pas de lentille de blocage, indicateur LED.   <\/p>\n<p><b>Liste d&#8217;emballage :  <\/b><br \/>\n<br \/>  A-C C\u00e2ble de chargement (0,5 m)*1, bo\u00eete *1, console *1<br \/>\n<b>Image du produit :<\/b> &nbsp;<br \/>\n<img decoding=\"async\" src=\"https:\/\/oss-cf.cjdropshipping.com\/product\/2024\/10\/24\/01\/e840a439-7905-43ef-8fb3-3446d358d0a8.jpg\"><br \/>\n<img decoding=\"async\" src=\"https:\/\/oss-cf.cjdropshipping.com\/product\/2024\/10\/24\/01\/1e78e526-c1d8-490a-b7c7-20072afaead6.jpg\"><br \/>\n<img decoding=\"async\" src=\"https:\/\/oss-cf.cjdropshipping.com\/product\/2024\/10\/24\/01\/a6d70f29-292c-4f6c-b2ef-be7062abee0d.jpg\"><br \/>\n<img decoding=\"async\" src=\"https:\/\/oss-cf.cjdropshipping.com\/product\/2024\/10\/24\/01\/9bbf9480-1be3-46b1-8555-cbf8ee106579.jpg\"><br \/>\n<img decoding=\"async\" src=\"https:\/\/oss-cf.cjdropshipping.com\/product\/2024\/10\/24\/01\/e4cb719d-02f1-42fe-a1fa-9280f7125877.jpg\"><br \/>\n<img decoding=\"async\" src=\"https:\/\/oss-cf.cjdropshipping.com\/product\/2024\/10\/24\/01\/96d110dc-5a75-4ef4-8953-a92e51506359.jpg\"><\/p>\n","protected":false},"excerpt":{"rendered":"<p>Informations sur le produit : Couleur : couleur primaire titane, gris fonc\u00e9 Mat\u00e9riau de la coque : Alliage Fonction : Magn\u00e9tique Taille : 102.3*68.5 * 8.8mm Style : Conception cr\u00e9ative Nom du produit : Chargement magn\u00e9tique sans fil transfrontalier de l&rsquo;\u00e9nergie mobile Couleur : Titane, gris profond de l&rsquo;espace Mat\u00e9riau : ABS+PC+ alliage d&rsquo;aluminium Type [&hellip;]<\/p>\n","protected":false},"featured_media":17463,"comment_status":"open","ping_status":"closed","template":"","meta":{"content-type":""},"product_brand":[],"product_cat":[739],"product_tag":[],"class_list":{"0":"post-21135","1":"product","2":"type-product","3":"status-publish","4":"has-post-thumbnail","6":"product_cat-banque-denergie-et-station-de-recharge","8":"first","9":"instock","10":"taxable","11":"shipping-taxable","12":"purchasable","13":"product-type-variable","14":"add-to-wishlist-after_add_to_cart"},"yoast_head":"<!-- This site is optimized with the Yoast SEO plugin v27.3 - https:\/\/yoast.com\/product\/yoast-seo-wordpress\/ -->\n<title>Bloc d&#039;alimentation magn\u00e9tique transfrontalier pour la recharge portable sans fil - Aigle Shopping Canada<\/title>\n<meta name=\"robots\" content=\"index, follow, max-snippet:-1, max-image-preview:large, max-video-preview:-1\" \/>\n<link rel=\"canonical\" href=\"https:\/\/aigleshopping.ca\/fr\/produit\/bloc-dalimentation-magnetique-transfrontalier-pour-la-recharge-portable-sans-fil\/\" \/>\n<meta property=\"og:locale\" content=\"fr_FR\" \/>\n<meta property=\"og:type\" content=\"article\" \/>\n<meta property=\"og:title\" content=\"Bloc d&#039;alimentation magn\u00e9tique transfrontalier pour la recharge portable sans fil - Aigle Shopping Canada\" \/>\n<meta property=\"og:description\" content=\"Informations sur le produit : Couleur : couleur primaire titane, gris fonc\u00e9 Mat\u00e9riau de la coque : Alliage Fonction : Magn\u00e9tique Taille : 102.3*68.5 * 8.8mm Style : Conception cr\u00e9ative Nom du produit : Chargement magn\u00e9tique sans fil transfrontalier de l&rsquo;\u00e9nergie mobile Couleur : Titane, gris profond de l&rsquo;espace Mat\u00e9riau : ABS+PC+ alliage d&rsquo;aluminium Type [&hellip;]\" \/>\n<meta property=\"og:url\" content=\"https:\/\/aigleshopping.ca\/fr\/produit\/bloc-dalimentation-magnetique-transfrontalier-pour-la-recharge-portable-sans-fil\/\" \/>\n<meta property=\"og:site_name\" content=\"Aigle Shopping Canada\" \/>\n<meta property=\"article:modified_time\" content=\"2025-03-10T14:25:14+00:00\" \/>\n<meta property=\"og:image\" content=\"https:\/\/aigleshopping.ca\/wp-content\/uploads\/2025\/03\/b20f8d10-8bb4-47fb-83ba-8516a2ee091b_fine.jpeg\" \/>\n\t<meta property=\"og:image:width\" content=\"790\" \/>\n\t<meta property=\"og:image:height\" content=\"790\" \/>\n\t<meta property=\"og:image:type\" content=\"image\/jpeg\" \/>\n<meta name=\"twitter:card\" content=\"summary_large_image\" \/>\n<meta name=\"twitter:label1\" content=\"Dur\u00e9e de lecture estim\u00e9e\" \/>\n\t<meta name=\"twitter:data1\" content=\"1 minute\" \/>\n<script type=\"application\/ld+json\" class=\"yoast-schema-graph\">{\"@context\":\"https:\\\/\\\/schema.org\",\"@graph\":[{\"@type\":\"WebPage\",\"@id\":\"https:\\\/\\\/aigleshopping.ca\\\/fr\\\/produit\\\/bloc-dalimentation-magnetique-transfrontalier-pour-la-recharge-portable-sans-fil\\\/\",\"url\":\"https:\\\/\\\/aigleshopping.ca\\\/fr\\\/produit\\\/bloc-dalimentation-magnetique-transfrontalier-pour-la-recharge-portable-sans-fil\\\/\",\"name\":\"Bloc d'alimentation magn\u00e9tique transfrontalier pour la recharge portable sans fil - Aigle Shopping Canada\",\"isPartOf\":{\"@id\":\"https:\\\/\\\/aigleshopping.ca\\\/#website\"},\"primaryImageOfPage\":{\"@id\":\"https:\\\/\\\/aigleshopping.ca\\\/fr\\\/produit\\\/bloc-dalimentation-magnetique-transfrontalier-pour-la-recharge-portable-sans-fil\\\/#primaryimage\"},\"image\":{\"@id\":\"https:\\\/\\\/aigleshopping.ca\\\/fr\\\/produit\\\/bloc-dalimentation-magnetique-transfrontalier-pour-la-recharge-portable-sans-fil\\\/#primaryimage\"},\"thumbnailUrl\":\"https:\\\/\\\/aigleshopping.ca\\\/wp-content\\\/uploads\\\/2025\\\/03\\\/b20f8d10-8bb4-47fb-83ba-8516a2ee091b_fine.jpeg\",\"datePublished\":\"2025-03-09T20:13:55+00:00\",\"dateModified\":\"2025-03-10T14:25:14+00:00\",\"breadcrumb\":{\"@id\":\"https:\\\/\\\/aigleshopping.ca\\\/fr\\\/produit\\\/bloc-dalimentation-magnetique-transfrontalier-pour-la-recharge-portable-sans-fil\\\/#breadcrumb\"},\"inLanguage\":\"fr-FR\",\"potentialAction\":[{\"@type\":\"ReadAction\",\"target\":[\"https:\\\/\\\/aigleshopping.ca\\\/fr\\\/produit\\\/bloc-dalimentation-magnetique-transfrontalier-pour-la-recharge-portable-sans-fil\\\/\"]}]},{\"@type\":\"ImageObject\",\"inLanguage\":\"fr-FR\",\"@id\":\"https:\\\/\\\/aigleshopping.ca\\\/fr\\\/produit\\\/bloc-dalimentation-magnetique-transfrontalier-pour-la-recharge-portable-sans-fil\\\/#primaryimage\",\"url\":\"https:\\\/\\\/aigleshopping.ca\\\/wp-content\\\/uploads\\\/2025\\\/03\\\/b20f8d10-8bb4-47fb-83ba-8516a2ee091b_fine.jpeg\",\"contentUrl\":\"https:\\\/\\\/aigleshopping.ca\\\/wp-content\\\/uploads\\\/2025\\\/03\\\/b20f8d10-8bb4-47fb-83ba-8516a2ee091b_fine.jpeg\",\"width\":790,\"height\":790},{\"@type\":\"BreadcrumbList\",\"@id\":\"https:\\\/\\\/aigleshopping.ca\\\/fr\\\/produit\\\/bloc-dalimentation-magnetique-transfrontalier-pour-la-recharge-portable-sans-fil\\\/#breadcrumb\",\"itemListElement\":[{\"@type\":\"ListItem\",\"position\":1,\"name\":\"Home\",\"item\":\"https:\\\/\\\/aigleshopping.ca\\\/fr\\\/home\\\/\"},{\"@type\":\"ListItem\",\"position\":2,\"name\":\"Products\",\"item\":\"https:\\\/\\\/aigleshopping.ca\\\/shop\\\/\"},{\"@type\":\"ListItem\",\"position\":3,\"name\":\"Bloc d&#8217;alimentation magn\u00e9tique transfrontalier pour la recharge portable sans fil\"}]},{\"@type\":\"WebSite\",\"@id\":\"https:\\\/\\\/aigleshopping.ca\\\/#website\",\"url\":\"https:\\\/\\\/aigleshopping.ca\\\/\",\"name\":\"Aigle Shopping Canada\",\"description\":\"Au-del\u00e0 des fronti\u00e8res, pour vous offrir le\u00a0meilleur!\",\"publisher\":{\"@id\":\"https:\\\/\\\/aigleshopping.ca\\\/#organization\"},\"potentialAction\":[{\"@type\":\"SearchAction\",\"target\":{\"@type\":\"EntryPoint\",\"urlTemplate\":\"https:\\\/\\\/aigleshopping.ca\\\/?s={search_term_string}\"},\"query-input\":{\"@type\":\"PropertyValueSpecification\",\"valueRequired\":true,\"valueName\":\"search_term_string\"}}],\"inLanguage\":\"fr-FR\"},{\"@type\":\"Organization\",\"@id\":\"https:\\\/\\\/aigleshopping.ca\\\/#organization\",\"name\":\"Aigle Shopping Canada\",\"url\":\"https:\\\/\\\/aigleshopping.ca\\\/\",\"logo\":{\"@type\":\"ImageObject\",\"inLanguage\":\"fr-FR\",\"@id\":\"https:\\\/\\\/aigleshopping.ca\\\/#\\\/schema\\\/logo\\\/image\\\/\",\"url\":\"https:\\\/\\\/aigleshopping.ca\\\/wp-content\\\/uploads\\\/2025\\\/12\\\/logo_aigleshopping_ca.png\",\"contentUrl\":\"https:\\\/\\\/aigleshopping.ca\\\/wp-content\\\/uploads\\\/2025\\\/12\\\/logo_aigleshopping_ca.png\",\"width\":800,\"height\":233,\"caption\":\"Aigle Shopping Canada\"},\"image\":{\"@id\":\"https:\\\/\\\/aigleshopping.ca\\\/#\\\/schema\\\/logo\\\/image\\\/\"}}]}<\/script>\n<!-- \/ Yoast SEO plugin. -->","yoast_head_json":{"title":"Bloc d'alimentation magn\u00e9tique transfrontalier pour la recharge portable sans fil - Aigle Shopping Canada","robots":{"index":"index","follow":"follow","max-snippet":"max-snippet:-1","max-image-preview":"max-image-preview:large","max-video-preview":"max-video-preview:-1"},"canonical":"https:\/\/aigleshopping.ca\/fr\/produit\/bloc-dalimentation-magnetique-transfrontalier-pour-la-recharge-portable-sans-fil\/","og_locale":"fr_FR","og_type":"article","og_title":"Bloc d'alimentation magn\u00e9tique transfrontalier pour la recharge portable sans fil - Aigle Shopping Canada","og_description":"Informations sur le produit : Couleur : couleur primaire titane, gris fonc\u00e9 Mat\u00e9riau de la coque : Alliage Fonction : Magn\u00e9tique Taille : 102.3*68.5 * 8.8mm Style : Conception cr\u00e9ative Nom du produit : Chargement magn\u00e9tique sans fil transfrontalier de l&rsquo;\u00e9nergie mobile Couleur : Titane, gris profond de l&rsquo;espace Mat\u00e9riau : ABS+PC+ alliage d&rsquo;aluminium Type [&hellip;]","og_url":"https:\/\/aigleshopping.ca\/fr\/produit\/bloc-dalimentation-magnetique-transfrontalier-pour-la-recharge-portable-sans-fil\/","og_site_name":"Aigle Shopping Canada","article_modified_time":"2025-03-10T14:25:14+00:00","og_image":[{"width":790,"height":790,"url":"https:\/\/aigleshopping.ca\/wp-content\/uploads\/2025\/03\/b20f8d10-8bb4-47fb-83ba-8516a2ee091b_fine.jpeg","type":"image\/jpeg"}],"twitter_card":"summary_large_image","twitter_misc":{"Dur\u00e9e de lecture estim\u00e9e":"1 minute"},"schema":{"@context":"https:\/\/schema.org","@graph":[{"@type":"WebPage","@id":"https:\/\/aigleshopping.ca\/fr\/produit\/bloc-dalimentation-magnetique-transfrontalier-pour-la-recharge-portable-sans-fil\/","url":"https:\/\/aigleshopping.ca\/fr\/produit\/bloc-dalimentation-magnetique-transfrontalier-pour-la-recharge-portable-sans-fil\/","name":"Bloc d'alimentation magn\u00e9tique transfrontalier pour la recharge portable sans fil - Aigle Shopping Canada","isPartOf":{"@id":"https:\/\/aigleshopping.ca\/#website"},"primaryImageOfPage":{"@id":"https:\/\/aigleshopping.ca\/fr\/produit\/bloc-dalimentation-magnetique-transfrontalier-pour-la-recharge-portable-sans-fil\/#primaryimage"},"image":{"@id":"https:\/\/aigleshopping.ca\/fr\/produit\/bloc-dalimentation-magnetique-transfrontalier-pour-la-recharge-portable-sans-fil\/#primaryimage"},"thumbnailUrl":"https:\/\/aigleshopping.ca\/wp-content\/uploads\/2025\/03\/b20f8d10-8bb4-47fb-83ba-8516a2ee091b_fine.jpeg","datePublished":"2025-03-09T20:13:55+00:00","dateModified":"2025-03-10T14:25:14+00:00","breadcrumb":{"@id":"https:\/\/aigleshopping.ca\/fr\/produit\/bloc-dalimentation-magnetique-transfrontalier-pour-la-recharge-portable-sans-fil\/#breadcrumb"},"inLanguage":"fr-FR","potentialAction":[{"@type":"ReadAction","target":["https:\/\/aigleshopping.ca\/fr\/produit\/bloc-dalimentation-magnetique-transfrontalier-pour-la-recharge-portable-sans-fil\/"]}]},{"@type":"ImageObject","inLanguage":"fr-FR","@id":"https:\/\/aigleshopping.ca\/fr\/produit\/bloc-dalimentation-magnetique-transfrontalier-pour-la-recharge-portable-sans-fil\/#primaryimage","url":"https:\/\/aigleshopping.ca\/wp-content\/uploads\/2025\/03\/b20f8d10-8bb4-47fb-83ba-8516a2ee091b_fine.jpeg","contentUrl":"https:\/\/aigleshopping.ca\/wp-content\/uploads\/2025\/03\/b20f8d10-8bb4-47fb-83ba-8516a2ee091b_fine.jpeg","width":790,"height":790},{"@type":"BreadcrumbList","@id":"https:\/\/aigleshopping.ca\/fr\/produit\/bloc-dalimentation-magnetique-transfrontalier-pour-la-recharge-portable-sans-fil\/#breadcrumb","itemListElement":[{"@type":"ListItem","position":1,"name":"Home","item":"https:\/\/aigleshopping.ca\/fr\/home\/"},{"@type":"ListItem","position":2,"name":"Products","item":"https:\/\/aigleshopping.ca\/shop\/"},{"@type":"ListItem","position":3,"name":"Bloc d&#8217;alimentation magn\u00e9tique transfrontalier pour la recharge portable sans fil"}]},{"@type":"WebSite","@id":"https:\/\/aigleshopping.ca\/#website","url":"https:\/\/aigleshopping.ca\/","name":"Aigle Shopping Canada","description":"Au-del\u00e0 des fronti\u00e8res, pour vous offrir le\u00a0meilleur!","publisher":{"@id":"https:\/\/aigleshopping.ca\/#organization"},"potentialAction":[{"@type":"SearchAction","target":{"@type":"EntryPoint","urlTemplate":"https:\/\/aigleshopping.ca\/?s={search_term_string}"},"query-input":{"@type":"PropertyValueSpecification","valueRequired":true,"valueName":"search_term_string"}}],"inLanguage":"fr-FR"},{"@type":"Organization","@id":"https:\/\/aigleshopping.ca\/#organization","name":"Aigle Shopping Canada","url":"https:\/\/aigleshopping.ca\/","logo":{"@type":"ImageObject","inLanguage":"fr-FR","@id":"https:\/\/aigleshopping.ca\/#\/schema\/logo\/image\/","url":"https:\/\/aigleshopping.ca\/wp-content\/uploads\/2025\/12\/logo_aigleshopping_ca.png","contentUrl":"https:\/\/aigleshopping.ca\/wp-content\/uploads\/2025\/12\/logo_aigleshopping_ca.png","width":800,"height":233,"caption":"Aigle Shopping Canada"},"image":{"@id":"https:\/\/aigleshopping.ca\/#\/schema\/logo\/image\/"}}]}},"jetpack_sharing_enabled":true,"_links":{"self":[{"href":"https:\/\/aigleshopping.ca\/fr\/wp-json\/wp\/v2\/product\/21135","targetHints":{"allow":["GET"]}}],"collection":[{"href":"https:\/\/aigleshopping.ca\/fr\/wp-json\/wp\/v2\/product"}],"about":[{"href":"https:\/\/aigleshopping.ca\/fr\/wp-json\/wp\/v2\/types\/product"}],"replies":[{"embeddable":true,"href":"https:\/\/aigleshopping.ca\/fr\/wp-json\/wp\/v2\/comments?post=21135"}],"wp:featuredmedia":[{"embeddable":true,"href":"https:\/\/aigleshopping.ca\/fr\/wp-json\/wp\/v2\/media\/17463"}],"wp:attachment":[{"href":"https:\/\/aigleshopping.ca\/fr\/wp-json\/wp\/v2\/media?parent=21135"}],"wp:term":[{"taxonomy":"product_brand","embeddable":true,"href":"https:\/\/aigleshopping.ca\/fr\/wp-json\/wp\/v2\/product_brand?post=21135"},{"taxonomy":"product_cat","embeddable":true,"href":"https:\/\/aigleshopping.ca\/fr\/wp-json\/wp\/v2\/product_cat?post=21135"},{"taxonomy":"product_tag","embeddable":true,"href":"https:\/\/aigleshopping.ca\/fr\/wp-json\/wp\/v2\/product_tag?post=21135"}],"curies":[{"name":"wp","href":"https:\/\/api.w.org\/{rel}","templated":true}]}}