{"id":21152,"date":"2025-03-09T20:14:57","date_gmt":"2025-03-09T20:14:57","guid":{"rendered":"https:\/\/aigleshopping.ca\/produit\/grande-capacite-mobile-power-pd66w-chargement-rapide-leger-universel\/"},"modified":"2025-03-09T20:14:57","modified_gmt":"2025-03-09T20:14:57","slug":"grande-capacite-mobile-power-pd66w-chargement-rapide-leger-universel","status":"publish","type":"product","link":"https:\/\/aigleshopping.ca\/fr\/produit\/grande-capacite-mobile-power-pd66w-chargement-rapide-leger-universel\/","title":{"rendered":"Grande capacit\u00e9 Mobile Power PD66w Chargement rapide L\u00e9ger Universel"},"content":{"rendered":"<p> <b>Informations sur le produit :<\/b> <br \/> Couleur : blanc, noir, jaune <br \/> Mat\u00e9riau de la coque : Plastique <br \/> Fonction : Sortie multi-port <br \/> Taille : 141*69 * 15.8mm <br \/> Tension : 5 <br \/> Style : style industriel  <\/p>\n<p><b>Liste d&#8217;emballage :  <\/b><br \/>\n<br \/>  Banque d&rsquo;alimentation x1&nbsp;<br \/>\n<b>Image du produit :<\/b> &nbsp;<br \/>\n<img decoding=\"async\" src=\"https:\/\/oss-cf.cjdropshipping.com\/product\/2025\/01\/16\/07\/c6f5284a-ae67-4870-9537-d8f318a20775_trans.jpeg\"><br \/>\n<img decoding=\"async\" src=\"https:\/\/oss-cf.cjdropshipping.com\/product\/2025\/01\/16\/07\/191e6373-987b-4e2c-9e95-86b7aaa212b6_trans.jpeg\"><br \/>\n<img decoding=\"async\" src=\"https:\/\/oss-cf.cjdropshipping.com\/product\/2025\/01\/16\/07\/6f174f59-56f3-4bf1-afdd-768f3bf40124_trans.jpeg\"><br \/>\n<img decoding=\"async\" src=\"https:\/\/oss-cf.cjdropshipping.com\/product\/2025\/01\/16\/07\/0bcf5ed3-7dba-47a3-9bcb-eabc5a52db4e_trans.jpeg\"><br \/>\n<img decoding=\"async\" src=\"https:\/\/oss-cf.cjdropshipping.com\/product\/2025\/01\/16\/07\/a82f8674-dfb4-42d7-9ada-4547541f2c20_trans.jpeg\"><br \/>\n<img decoding=\"async\" src=\"https:\/\/oss-cf.cjdropshipping.com\/product\/2025\/01\/16\/07\/cad773ca-9e93-4f56-88da-f67a4265b74e_trans.jpeg\"><br \/>\n<img decoding=\"async\" src=\"https:\/\/oss-cf.cjdropshipping.com\/product\/2025\/01\/16\/07\/9f3330ca-52fb-4edf-8162-7b1495f998df_trans.jpeg\"><br \/>\n<img decoding=\"async\" src=\"https:\/\/oss-cf.cjdropshipping.com\/product\/2025\/01\/16\/07\/733aa370-4c5d-4235-a347-8217097f1e1c_trans.jpeg\"><br \/>\n<img decoding=\"async\" src=\"https:\/\/oss-cf.cjdropshipping.com\/product\/2025\/01\/16\/07\/0a7e11fd-8b28-494b-a51d-dd59bc3e8263_trans.jpeg\"><br \/>\n<img decoding=\"async\" src=\"https:\/\/oss-cf.cjdropshipping.com\/product\/2025\/01\/16\/07\/1836821a-c6e5-4269-af5d-0a35a200eb63_trans.jpeg\"><br \/>\n<img decoding=\"async\" src=\"https:\/\/oss-cf.cjdropshipping.com\/product\/2025\/01\/16\/07\/fbfbd431-5eb7-4f67-a705-2beb7d6e2d99_trans.jpeg\"><br \/>\n<img decoding=\"async\" src=\"https:\/\/oss-cf.cjdropshipping.com\/product\/2025\/01\/16\/07\/8b470b64-7817-4837-9401-8a25673192da_trans.jpeg\"><br \/>\n<img decoding=\"async\" src=\"https:\/\/oss-cf.cjdropshipping.com\/product\/2025\/01\/16\/07\/37343774-7692-471a-b856-817de168f693_trans.jpeg\"><br \/>\n<img decoding=\"async\" src=\"https:\/\/oss-cf.cjdropshipping.com\/product\/2025\/01\/16\/07\/cf1e8ea3-1945-4b8a-ad95-1e5999007901_trans.jpeg\"><\/p>\n","protected":false},"excerpt":{"rendered":"<p>Informations sur le produit : Couleur : blanc, noir, jaune Mat\u00e9riau de la coque : Plastique Fonction : Sortie multi-port Taille : 141*69 * 15.8mm Tension : 5 Style : style industriel Liste d&#8217;emballage : Banque d&rsquo;alimentation x1&nbsp; Image du produit : &nbsp;<\/p>\n","protected":false},"featured_media":17494,"comment_status":"open","ping_status":"closed","template":"","meta":{"content-type":""},"product_brand":[],"product_cat":[739],"product_tag":[],"class_list":{"0":"post-21152","1":"product","2":"type-product","3":"status-publish","4":"has-post-thumbnail","6":"product_cat-banque-denergie-et-station-de-recharge","8":"first","9":"instock","10":"taxable","11":"shipping-taxable","12":"purchasable","13":"product-type-variable","14":"add-to-wishlist-after_add_to_cart"},"yoast_head":"<!-- This site is optimized with the Yoast SEO plugin v27.4 - https:\/\/yoast.com\/product\/yoast-seo-wordpress\/ -->\n<title>Grande capacit\u00e9 Mobile Power PD66w Chargement rapide L\u00e9ger Universel - Aigle Shopping Canada<\/title>\n<meta name=\"robots\" content=\"index, follow, max-snippet:-1, max-image-preview:large, max-video-preview:-1\" \/>\n<link rel=\"canonical\" href=\"https:\/\/aigleshopping.ca\/fr\/produit\/grande-capacite-mobile-power-pd66w-chargement-rapide-leger-universel\/\" \/>\n<meta property=\"og:locale\" content=\"fr_FR\" \/>\n<meta property=\"og:type\" content=\"article\" \/>\n<meta property=\"og:title\" content=\"Grande capacit\u00e9 Mobile Power PD66w Chargement rapide L\u00e9ger Universel - Aigle Shopping Canada\" \/>\n<meta property=\"og:description\" content=\"Informations sur le produit : Couleur : blanc, noir, jaune Mat\u00e9riau de la coque : Plastique Fonction : Sortie multi-port Taille : 141*69 * 15.8mm Tension : 5 Style : style industriel Liste d&#8217;emballage : Banque d&rsquo;alimentation x1&nbsp; Image du produit : &nbsp;\" \/>\n<meta property=\"og:url\" content=\"https:\/\/aigleshopping.ca\/fr\/produit\/grande-capacite-mobile-power-pd66w-chargement-rapide-leger-universel\/\" \/>\n<meta property=\"og:site_name\" content=\"Aigle Shopping Canada\" \/>\n<meta property=\"og:image\" content=\"https:\/\/aigleshopping.ca\/wp-content\/uploads\/2025\/03\/85ac9b0f-adbf-47bf-908f-24627af1434c_trans.jpeg\" \/>\n\t<meta property=\"og:image:width\" content=\"800\" \/>\n\t<meta property=\"og:image:height\" content=\"800\" \/>\n\t<meta property=\"og:image:type\" content=\"image\/jpeg\" \/>\n<meta name=\"twitter:card\" content=\"summary_large_image\" \/>\n<script type=\"application\/ld+json\" class=\"yoast-schema-graph\">{\"@context\":\"https:\\\/\\\/schema.org\",\"@graph\":[{\"@type\":\"WebPage\",\"@id\":\"https:\\\/\\\/aigleshopping.ca\\\/fr\\\/produit\\\/grande-capacite-mobile-power-pd66w-chargement-rapide-leger-universel\\\/\",\"url\":\"https:\\\/\\\/aigleshopping.ca\\\/fr\\\/produit\\\/grande-capacite-mobile-power-pd66w-chargement-rapide-leger-universel\\\/\",\"name\":\"Grande capacit\u00e9 Mobile Power PD66w Chargement rapide L\u00e9ger Universel - Aigle Shopping Canada\",\"isPartOf\":{\"@id\":\"https:\\\/\\\/aigleshopping.ca\\\/#website\"},\"primaryImageOfPage\":{\"@id\":\"https:\\\/\\\/aigleshopping.ca\\\/fr\\\/produit\\\/grande-capacite-mobile-power-pd66w-chargement-rapide-leger-universel\\\/#primaryimage\"},\"image\":{\"@id\":\"https:\\\/\\\/aigleshopping.ca\\\/fr\\\/produit\\\/grande-capacite-mobile-power-pd66w-chargement-rapide-leger-universel\\\/#primaryimage\"},\"thumbnailUrl\":\"https:\\\/\\\/aigleshopping.ca\\\/wp-content\\\/uploads\\\/2025\\\/03\\\/85ac9b0f-adbf-47bf-908f-24627af1434c_trans.jpeg\",\"datePublished\":\"2025-03-09T20:14:57+00:00\",\"breadcrumb\":{\"@id\":\"https:\\\/\\\/aigleshopping.ca\\\/fr\\\/produit\\\/grande-capacite-mobile-power-pd66w-chargement-rapide-leger-universel\\\/#breadcrumb\"},\"inLanguage\":\"fr-FR\",\"potentialAction\":[{\"@type\":\"ReadAction\",\"target\":[\"https:\\\/\\\/aigleshopping.ca\\\/fr\\\/produit\\\/grande-capacite-mobile-power-pd66w-chargement-rapide-leger-universel\\\/\"]}]},{\"@type\":\"ImageObject\",\"inLanguage\":\"fr-FR\",\"@id\":\"https:\\\/\\\/aigleshopping.ca\\\/fr\\\/produit\\\/grande-capacite-mobile-power-pd66w-chargement-rapide-leger-universel\\\/#primaryimage\",\"url\":\"https:\\\/\\\/aigleshopping.ca\\\/wp-content\\\/uploads\\\/2025\\\/03\\\/85ac9b0f-adbf-47bf-908f-24627af1434c_trans.jpeg\",\"contentUrl\":\"https:\\\/\\\/aigleshopping.ca\\\/wp-content\\\/uploads\\\/2025\\\/03\\\/85ac9b0f-adbf-47bf-908f-24627af1434c_trans.jpeg\",\"width\":800,\"height\":800},{\"@type\":\"BreadcrumbList\",\"@id\":\"https:\\\/\\\/aigleshopping.ca\\\/fr\\\/produit\\\/grande-capacite-mobile-power-pd66w-chargement-rapide-leger-universel\\\/#breadcrumb\",\"itemListElement\":[{\"@type\":\"ListItem\",\"position\":1,\"name\":\"Home\",\"item\":\"https:\\\/\\\/aigleshopping.ca\\\/fr\\\/home\\\/\"},{\"@type\":\"ListItem\",\"position\":2,\"name\":\"Products\",\"item\":\"https:\\\/\\\/aigleshopping.ca\\\/shop\\\/\"},{\"@type\":\"ListItem\",\"position\":3,\"name\":\"Grande capacit\u00e9 Mobile Power PD66w Chargement rapide L\u00e9ger Universel\"}]},{\"@type\":\"WebSite\",\"@id\":\"https:\\\/\\\/aigleshopping.ca\\\/#website\",\"url\":\"https:\\\/\\\/aigleshopping.ca\\\/\",\"name\":\"Aigle Shopping Canada\",\"description\":\"Au-del\u00e0 des fronti\u00e8res, pour vous offrir le\u00a0meilleur!\",\"publisher\":{\"@id\":\"https:\\\/\\\/aigleshopping.ca\\\/#organization\"},\"potentialAction\":[{\"@type\":\"SearchAction\",\"target\":{\"@type\":\"EntryPoint\",\"urlTemplate\":\"https:\\\/\\\/aigleshopping.ca\\\/?s={search_term_string}\"},\"query-input\":{\"@type\":\"PropertyValueSpecification\",\"valueRequired\":true,\"valueName\":\"search_term_string\"}}],\"inLanguage\":\"fr-FR\"},{\"@type\":\"Organization\",\"@id\":\"https:\\\/\\\/aigleshopping.ca\\\/#organization\",\"name\":\"Aigle Shopping Canada\",\"url\":\"https:\\\/\\\/aigleshopping.ca\\\/\",\"logo\":{\"@type\":\"ImageObject\",\"inLanguage\":\"fr-FR\",\"@id\":\"https:\\\/\\\/aigleshopping.ca\\\/#\\\/schema\\\/logo\\\/image\\\/\",\"url\":\"https:\\\/\\\/aigleshopping.ca\\\/wp-content\\\/uploads\\\/2025\\\/12\\\/logo_aigleshopping_ca.png\",\"contentUrl\":\"https:\\\/\\\/aigleshopping.ca\\\/wp-content\\\/uploads\\\/2025\\\/12\\\/logo_aigleshopping_ca.png\",\"width\":800,\"height\":233,\"caption\":\"Aigle Shopping Canada\"},\"image\":{\"@id\":\"https:\\\/\\\/aigleshopping.ca\\\/#\\\/schema\\\/logo\\\/image\\\/\"}}]}<\/script>\n<!-- \/ Yoast SEO plugin. -->","yoast_head_json":{"title":"Grande capacit\u00e9 Mobile Power PD66w Chargement rapide L\u00e9ger Universel - Aigle Shopping Canada","robots":{"index":"index","follow":"follow","max-snippet":"max-snippet:-1","max-image-preview":"max-image-preview:large","max-video-preview":"max-video-preview:-1"},"canonical":"https:\/\/aigleshopping.ca\/fr\/produit\/grande-capacite-mobile-power-pd66w-chargement-rapide-leger-universel\/","og_locale":"fr_FR","og_type":"article","og_title":"Grande capacit\u00e9 Mobile Power PD66w Chargement rapide L\u00e9ger Universel - Aigle Shopping Canada","og_description":"Informations sur le produit : Couleur : blanc, noir, jaune Mat\u00e9riau de la coque : Plastique Fonction : Sortie multi-port Taille : 141*69 * 15.8mm Tension : 5 Style : style industriel Liste d&#8217;emballage : Banque d&rsquo;alimentation x1&nbsp; Image du produit : &nbsp;","og_url":"https:\/\/aigleshopping.ca\/fr\/produit\/grande-capacite-mobile-power-pd66w-chargement-rapide-leger-universel\/","og_site_name":"Aigle Shopping Canada","og_image":[{"width":800,"height":800,"url":"https:\/\/aigleshopping.ca\/wp-content\/uploads\/2025\/03\/85ac9b0f-adbf-47bf-908f-24627af1434c_trans.jpeg","type":"image\/jpeg"}],"twitter_card":"summary_large_image","schema":{"@context":"https:\/\/schema.org","@graph":[{"@type":"WebPage","@id":"https:\/\/aigleshopping.ca\/fr\/produit\/grande-capacite-mobile-power-pd66w-chargement-rapide-leger-universel\/","url":"https:\/\/aigleshopping.ca\/fr\/produit\/grande-capacite-mobile-power-pd66w-chargement-rapide-leger-universel\/","name":"Grande capacit\u00e9 Mobile Power PD66w Chargement rapide L\u00e9ger Universel - Aigle Shopping Canada","isPartOf":{"@id":"https:\/\/aigleshopping.ca\/#website"},"primaryImageOfPage":{"@id":"https:\/\/aigleshopping.ca\/fr\/produit\/grande-capacite-mobile-power-pd66w-chargement-rapide-leger-universel\/#primaryimage"},"image":{"@id":"https:\/\/aigleshopping.ca\/fr\/produit\/grande-capacite-mobile-power-pd66w-chargement-rapide-leger-universel\/#primaryimage"},"thumbnailUrl":"https:\/\/aigleshopping.ca\/wp-content\/uploads\/2025\/03\/85ac9b0f-adbf-47bf-908f-24627af1434c_trans.jpeg","datePublished":"2025-03-09T20:14:57+00:00","breadcrumb":{"@id":"https:\/\/aigleshopping.ca\/fr\/produit\/grande-capacite-mobile-power-pd66w-chargement-rapide-leger-universel\/#breadcrumb"},"inLanguage":"fr-FR","potentialAction":[{"@type":"ReadAction","target":["https:\/\/aigleshopping.ca\/fr\/produit\/grande-capacite-mobile-power-pd66w-chargement-rapide-leger-universel\/"]}]},{"@type":"ImageObject","inLanguage":"fr-FR","@id":"https:\/\/aigleshopping.ca\/fr\/produit\/grande-capacite-mobile-power-pd66w-chargement-rapide-leger-universel\/#primaryimage","url":"https:\/\/aigleshopping.ca\/wp-content\/uploads\/2025\/03\/85ac9b0f-adbf-47bf-908f-24627af1434c_trans.jpeg","contentUrl":"https:\/\/aigleshopping.ca\/wp-content\/uploads\/2025\/03\/85ac9b0f-adbf-47bf-908f-24627af1434c_trans.jpeg","width":800,"height":800},{"@type":"BreadcrumbList","@id":"https:\/\/aigleshopping.ca\/fr\/produit\/grande-capacite-mobile-power-pd66w-chargement-rapide-leger-universel\/#breadcrumb","itemListElement":[{"@type":"ListItem","position":1,"name":"Home","item":"https:\/\/aigleshopping.ca\/fr\/home\/"},{"@type":"ListItem","position":2,"name":"Products","item":"https:\/\/aigleshopping.ca\/shop\/"},{"@type":"ListItem","position":3,"name":"Grande capacit\u00e9 Mobile Power PD66w Chargement rapide L\u00e9ger Universel"}]},{"@type":"WebSite","@id":"https:\/\/aigleshopping.ca\/#website","url":"https:\/\/aigleshopping.ca\/","name":"Aigle Shopping Canada","description":"Au-del\u00e0 des fronti\u00e8res, pour vous offrir le\u00a0meilleur!","publisher":{"@id":"https:\/\/aigleshopping.ca\/#organization"},"potentialAction":[{"@type":"SearchAction","target":{"@type":"EntryPoint","urlTemplate":"https:\/\/aigleshopping.ca\/?s={search_term_string}"},"query-input":{"@type":"PropertyValueSpecification","valueRequired":true,"valueName":"search_term_string"}}],"inLanguage":"fr-FR"},{"@type":"Organization","@id":"https:\/\/aigleshopping.ca\/#organization","name":"Aigle Shopping Canada","url":"https:\/\/aigleshopping.ca\/","logo":{"@type":"ImageObject","inLanguage":"fr-FR","@id":"https:\/\/aigleshopping.ca\/#\/schema\/logo\/image\/","url":"https:\/\/aigleshopping.ca\/wp-content\/uploads\/2025\/12\/logo_aigleshopping_ca.png","contentUrl":"https:\/\/aigleshopping.ca\/wp-content\/uploads\/2025\/12\/logo_aigleshopping_ca.png","width":800,"height":233,"caption":"Aigle Shopping Canada"},"image":{"@id":"https:\/\/aigleshopping.ca\/#\/schema\/logo\/image\/"}}]}},"jetpack_sharing_enabled":true,"_links":{"self":[{"href":"https:\/\/aigleshopping.ca\/fr\/wp-json\/wp\/v2\/product\/21152","targetHints":{"allow":["GET"]}}],"collection":[{"href":"https:\/\/aigleshopping.ca\/fr\/wp-json\/wp\/v2\/product"}],"about":[{"href":"https:\/\/aigleshopping.ca\/fr\/wp-json\/wp\/v2\/types\/product"}],"replies":[{"embeddable":true,"href":"https:\/\/aigleshopping.ca\/fr\/wp-json\/wp\/v2\/comments?post=21152"}],"wp:featuredmedia":[{"embeddable":true,"href":"https:\/\/aigleshopping.ca\/fr\/wp-json\/wp\/v2\/media\/17494"}],"wp:attachment":[{"href":"https:\/\/aigleshopping.ca\/fr\/wp-json\/wp\/v2\/media?parent=21152"}],"wp:term":[{"taxonomy":"product_brand","embeddable":true,"href":"https:\/\/aigleshopping.ca\/fr\/wp-json\/wp\/v2\/product_brand?post=21152"},{"taxonomy":"product_cat","embeddable":true,"href":"https:\/\/aigleshopping.ca\/fr\/wp-json\/wp\/v2\/product_cat?post=21152"},{"taxonomy":"product_tag","embeddable":true,"href":"https:\/\/aigleshopping.ca\/fr\/wp-json\/wp\/v2\/product_tag?post=21152"}],"curies":[{"name":"wp","href":"https:\/\/api.w.org\/{rel}","templated":true}]}}