{"id":21181,"date":"2025-03-08T20:03:12","date_gmt":"2025-03-08T20:03:12","guid":{"rendered":"https:\/\/aigleshopping.ca\/produit\/genouilleres-pour-le-sport-genouilleres-pour-le-sport-tricotees\/"},"modified":"2025-03-10T14:25:20","modified_gmt":"2025-03-10T14:25:20","slug":"genouilleres-pour-le-sport-genouilleres-pour-le-sport-tricotees","status":"publish","type":"product","link":"https:\/\/aigleshopping.ca\/fr\/produit\/genouilleres-pour-le-sport-genouilleres-pour-le-sport-tricotees\/","title":{"rendered":"Genouill\u00e8res pour le sport Genouill\u00e8res pour le sport tricot\u00e9es"},"content":{"rendered":"<p>  Mat\u00e9riau du corps principal : nylon  <br \/>  Personnes concern\u00e9es : Adulte  <br \/>  Sports concern\u00e9s : football, basket-ball, tennis, badminton, tennis de table, volley-ball, \u00e9quipement de fitness, bowling, \u00e9quitation, patinage \u00e0 roulettes, arts martiaux.  <br \/>  Nombre de bo\u00eetes : 200  <br \/>  Sc\u00e9narios applicables : Course \u00e0 pied, \u00e9quipement de fitness, fitness et bodybuilding, tendances sportives, cyclisme, sports de glace et de neige, d\u00e9fis extr\u00eames, randonn\u00e9e et camping, arts martiaux, autod\u00e9fense, accessoires de protection sportive, danse sportive, volley-ball \u00e0 pied, tennis de table, tennis, autres sp\u00e9cifications de sports de balle.  <br \/>  Vert S, Vert M, Vert L, Vert XL, Noir S, Noir M, Noir L, Noir XL, Bleu S, Bleu M, Bleu L, Bleu XL (mm)  <br \/>  Mat\u00e9riau : Nylon  <br \/>  Poids brut : 100 (g)  <br \/>  Liquide ou non : N  <br \/>  Inculp\u00e9 ou non : N  <\/p>\n<p> <img decoding=\"async\" src=\"https:\/\/cf.cjdropshipping.com\/21e91a8f-c948-474d-b106-9e0a562c1ae4.jpg\">  <\/p>\n<p> <img decoding=\"async\" src=\"https:\/\/cf.cjdropshipping.com\/d2cb1446-b808-481c-9afb-54f334350bf5.jpg\"> <img decoding=\"async\" src=\"https:\/\/cf.cjdropshipping.com\/57606591-adcd-4304-ba08-f9f95b3148b5.jpg\"> <img decoding=\"async\" src=\"https:\/\/cf.cjdropshipping.com\/b1fd7d68-4a8a-4cee-a304-fddb76db4001.jpg\"> <img decoding=\"async\" src=\"https:\/\/cf.cjdropshipping.com\/7d590b10-a16b-4780-b31f-fce9c248a3fe.jpg\"> <\/p>\n","protected":false},"excerpt":{"rendered":"<p>Mat\u00e9riau du corps principal : nylon Personnes concern\u00e9es : Adulte Sports concern\u00e9s : football, basket-ball, tennis, badminton, tennis de table, volley-ball, \u00e9quipement de fitness, bowling, \u00e9quitation, patinage \u00e0 roulettes, arts martiaux. Nombre de bo\u00eetes : 200 Sc\u00e9narios applicables : Course \u00e0 pied, \u00e9quipement de fitness, fitness et bodybuilding, tendances sportives, cyclisme, sports de glace et [&hellip;]<\/p>\n","protected":false},"featured_media":17127,"comment_status":"open","ping_status":"closed","template":"","meta":{"content-type":""},"product_brand":[],"product_cat":[217],"product_tag":[],"class_list":{"0":"post-21181","1":"product","2":"type-product","3":"status-publish","4":"has-post-thumbnail","6":"product_cat-sport-fr","8":"first","9":"instock","10":"taxable","11":"shipping-taxable","12":"purchasable","13":"product-type-variable","14":"add-to-wishlist-after_add_to_cart"},"yoast_head":"<!-- This site is optimized with the Yoast SEO plugin v27.4 - https:\/\/yoast.com\/product\/yoast-seo-wordpress\/ -->\n<title>Genouill\u00e8res pour le sport Genouill\u00e8res pour le sport tricot\u00e9es - Aigle Shopping Canada<\/title>\n<meta name=\"robots\" content=\"index, follow, max-snippet:-1, max-image-preview:large, max-video-preview:-1\" \/>\n<link rel=\"canonical\" href=\"https:\/\/aigleshopping.ca\/fr\/produit\/genouilleres-pour-le-sport-genouilleres-pour-le-sport-tricotees\/\" \/>\n<meta property=\"og:locale\" content=\"fr_FR\" \/>\n<meta property=\"og:type\" content=\"article\" \/>\n<meta property=\"og:title\" content=\"Genouill\u00e8res pour le sport Genouill\u00e8res pour le sport tricot\u00e9es - Aigle Shopping Canada\" \/>\n<meta property=\"og:description\" content=\"Mat\u00e9riau du corps principal : nylon Personnes concern\u00e9es : Adulte Sports concern\u00e9s : football, basket-ball, tennis, badminton, tennis de table, volley-ball, \u00e9quipement de fitness, bowling, \u00e9quitation, patinage \u00e0 roulettes, arts martiaux. Nombre de bo\u00eetes : 200 Sc\u00e9narios applicables : Course \u00e0 pied, \u00e9quipement de fitness, fitness et bodybuilding, tendances sportives, cyclisme, sports de glace et [&hellip;]\" \/>\n<meta property=\"og:url\" content=\"https:\/\/aigleshopping.ca\/fr\/produit\/genouilleres-pour-le-sport-genouilleres-pour-le-sport-tricotees\/\" \/>\n<meta property=\"og:site_name\" content=\"Aigle Shopping Canada\" \/>\n<meta property=\"article:modified_time\" content=\"2025-03-10T14:25:20+00:00\" \/>\n<meta property=\"og:image\" content=\"https:\/\/aigleshopping.ca\/wp-content\/uploads\/2025\/03\/1787608632362.jpg\" \/>\n\t<meta property=\"og:image:width\" content=\"1000\" \/>\n\t<meta property=\"og:image:height\" content=\"1000\" \/>\n\t<meta property=\"og:image:type\" content=\"image\/jpeg\" \/>\n<meta name=\"twitter:card\" content=\"summary_large_image\" \/>\n<meta name=\"twitter:label1\" content=\"Dur\u00e9e de lecture estim\u00e9e\" \/>\n\t<meta name=\"twitter:data1\" content=\"1 minute\" \/>\n<script type=\"application\/ld+json\" class=\"yoast-schema-graph\">{\"@context\":\"https:\\\/\\\/schema.org\",\"@graph\":[{\"@type\":\"WebPage\",\"@id\":\"https:\\\/\\\/aigleshopping.ca\\\/fr\\\/produit\\\/genouilleres-pour-le-sport-genouilleres-pour-le-sport-tricotees\\\/\",\"url\":\"https:\\\/\\\/aigleshopping.ca\\\/fr\\\/produit\\\/genouilleres-pour-le-sport-genouilleres-pour-le-sport-tricotees\\\/\",\"name\":\"Genouill\u00e8res pour le sport Genouill\u00e8res pour le sport tricot\u00e9es - Aigle Shopping Canada\",\"isPartOf\":{\"@id\":\"https:\\\/\\\/aigleshopping.ca\\\/#website\"},\"primaryImageOfPage\":{\"@id\":\"https:\\\/\\\/aigleshopping.ca\\\/fr\\\/produit\\\/genouilleres-pour-le-sport-genouilleres-pour-le-sport-tricotees\\\/#primaryimage\"},\"image\":{\"@id\":\"https:\\\/\\\/aigleshopping.ca\\\/fr\\\/produit\\\/genouilleres-pour-le-sport-genouilleres-pour-le-sport-tricotees\\\/#primaryimage\"},\"thumbnailUrl\":\"https:\\\/\\\/aigleshopping.ca\\\/wp-content\\\/uploads\\\/2025\\\/03\\\/1787608632362.jpg\",\"datePublished\":\"2025-03-08T20:03:12+00:00\",\"dateModified\":\"2025-03-10T14:25:20+00:00\",\"breadcrumb\":{\"@id\":\"https:\\\/\\\/aigleshopping.ca\\\/fr\\\/produit\\\/genouilleres-pour-le-sport-genouilleres-pour-le-sport-tricotees\\\/#breadcrumb\"},\"inLanguage\":\"fr-FR\",\"potentialAction\":[{\"@type\":\"ReadAction\",\"target\":[\"https:\\\/\\\/aigleshopping.ca\\\/fr\\\/produit\\\/genouilleres-pour-le-sport-genouilleres-pour-le-sport-tricotees\\\/\"]}]},{\"@type\":\"ImageObject\",\"inLanguage\":\"fr-FR\",\"@id\":\"https:\\\/\\\/aigleshopping.ca\\\/fr\\\/produit\\\/genouilleres-pour-le-sport-genouilleres-pour-le-sport-tricotees\\\/#primaryimage\",\"url\":\"https:\\\/\\\/aigleshopping.ca\\\/wp-content\\\/uploads\\\/2025\\\/03\\\/1787608632362.jpg\",\"contentUrl\":\"https:\\\/\\\/aigleshopping.ca\\\/wp-content\\\/uploads\\\/2025\\\/03\\\/1787608632362.jpg\",\"width\":1000,\"height\":1000},{\"@type\":\"BreadcrumbList\",\"@id\":\"https:\\\/\\\/aigleshopping.ca\\\/fr\\\/produit\\\/genouilleres-pour-le-sport-genouilleres-pour-le-sport-tricotees\\\/#breadcrumb\",\"itemListElement\":[{\"@type\":\"ListItem\",\"position\":1,\"name\":\"Home\",\"item\":\"https:\\\/\\\/aigleshopping.ca\\\/fr\\\/home\\\/\"},{\"@type\":\"ListItem\",\"position\":2,\"name\":\"Products\",\"item\":\"https:\\\/\\\/aigleshopping.ca\\\/shop\\\/\"},{\"@type\":\"ListItem\",\"position\":3,\"name\":\"Genouill\u00e8res pour le sport Genouill\u00e8res pour le sport tricot\u00e9es\"}]},{\"@type\":\"WebSite\",\"@id\":\"https:\\\/\\\/aigleshopping.ca\\\/#website\",\"url\":\"https:\\\/\\\/aigleshopping.ca\\\/\",\"name\":\"Aigle Shopping Canada\",\"description\":\"Au-del\u00e0 des fronti\u00e8res, pour vous offrir le\u00a0meilleur!\",\"publisher\":{\"@id\":\"https:\\\/\\\/aigleshopping.ca\\\/#organization\"},\"potentialAction\":[{\"@type\":\"SearchAction\",\"target\":{\"@type\":\"EntryPoint\",\"urlTemplate\":\"https:\\\/\\\/aigleshopping.ca\\\/?s={search_term_string}\"},\"query-input\":{\"@type\":\"PropertyValueSpecification\",\"valueRequired\":true,\"valueName\":\"search_term_string\"}}],\"inLanguage\":\"fr-FR\"},{\"@type\":\"Organization\",\"@id\":\"https:\\\/\\\/aigleshopping.ca\\\/#organization\",\"name\":\"Aigle Shopping Canada\",\"url\":\"https:\\\/\\\/aigleshopping.ca\\\/\",\"logo\":{\"@type\":\"ImageObject\",\"inLanguage\":\"fr-FR\",\"@id\":\"https:\\\/\\\/aigleshopping.ca\\\/#\\\/schema\\\/logo\\\/image\\\/\",\"url\":\"https:\\\/\\\/aigleshopping.ca\\\/wp-content\\\/uploads\\\/2025\\\/12\\\/logo_aigleshopping_ca.png\",\"contentUrl\":\"https:\\\/\\\/aigleshopping.ca\\\/wp-content\\\/uploads\\\/2025\\\/12\\\/logo_aigleshopping_ca.png\",\"width\":800,\"height\":233,\"caption\":\"Aigle Shopping Canada\"},\"image\":{\"@id\":\"https:\\\/\\\/aigleshopping.ca\\\/#\\\/schema\\\/logo\\\/image\\\/\"}}]}<\/script>\n<!-- \/ Yoast SEO plugin. -->","yoast_head_json":{"title":"Genouill\u00e8res pour le sport Genouill\u00e8res pour le sport tricot\u00e9es - Aigle Shopping Canada","robots":{"index":"index","follow":"follow","max-snippet":"max-snippet:-1","max-image-preview":"max-image-preview:large","max-video-preview":"max-video-preview:-1"},"canonical":"https:\/\/aigleshopping.ca\/fr\/produit\/genouilleres-pour-le-sport-genouilleres-pour-le-sport-tricotees\/","og_locale":"fr_FR","og_type":"article","og_title":"Genouill\u00e8res pour le sport Genouill\u00e8res pour le sport tricot\u00e9es - Aigle Shopping Canada","og_description":"Mat\u00e9riau du corps principal : nylon Personnes concern\u00e9es : Adulte Sports concern\u00e9s : football, basket-ball, tennis, badminton, tennis de table, volley-ball, \u00e9quipement de fitness, bowling, \u00e9quitation, patinage \u00e0 roulettes, arts martiaux. Nombre de bo\u00eetes : 200 Sc\u00e9narios applicables : Course \u00e0 pied, \u00e9quipement de fitness, fitness et bodybuilding, tendances sportives, cyclisme, sports de glace et [&hellip;]","og_url":"https:\/\/aigleshopping.ca\/fr\/produit\/genouilleres-pour-le-sport-genouilleres-pour-le-sport-tricotees\/","og_site_name":"Aigle Shopping Canada","article_modified_time":"2025-03-10T14:25:20+00:00","og_image":[{"width":1000,"height":1000,"url":"https:\/\/aigleshopping.ca\/wp-content\/uploads\/2025\/03\/1787608632362.jpg","type":"image\/jpeg"}],"twitter_card":"summary_large_image","twitter_misc":{"Dur\u00e9e de lecture estim\u00e9e":"1 minute"},"schema":{"@context":"https:\/\/schema.org","@graph":[{"@type":"WebPage","@id":"https:\/\/aigleshopping.ca\/fr\/produit\/genouilleres-pour-le-sport-genouilleres-pour-le-sport-tricotees\/","url":"https:\/\/aigleshopping.ca\/fr\/produit\/genouilleres-pour-le-sport-genouilleres-pour-le-sport-tricotees\/","name":"Genouill\u00e8res pour le sport Genouill\u00e8res pour le sport tricot\u00e9es - Aigle Shopping Canada","isPartOf":{"@id":"https:\/\/aigleshopping.ca\/#website"},"primaryImageOfPage":{"@id":"https:\/\/aigleshopping.ca\/fr\/produit\/genouilleres-pour-le-sport-genouilleres-pour-le-sport-tricotees\/#primaryimage"},"image":{"@id":"https:\/\/aigleshopping.ca\/fr\/produit\/genouilleres-pour-le-sport-genouilleres-pour-le-sport-tricotees\/#primaryimage"},"thumbnailUrl":"https:\/\/aigleshopping.ca\/wp-content\/uploads\/2025\/03\/1787608632362.jpg","datePublished":"2025-03-08T20:03:12+00:00","dateModified":"2025-03-10T14:25:20+00:00","breadcrumb":{"@id":"https:\/\/aigleshopping.ca\/fr\/produit\/genouilleres-pour-le-sport-genouilleres-pour-le-sport-tricotees\/#breadcrumb"},"inLanguage":"fr-FR","potentialAction":[{"@type":"ReadAction","target":["https:\/\/aigleshopping.ca\/fr\/produit\/genouilleres-pour-le-sport-genouilleres-pour-le-sport-tricotees\/"]}]},{"@type":"ImageObject","inLanguage":"fr-FR","@id":"https:\/\/aigleshopping.ca\/fr\/produit\/genouilleres-pour-le-sport-genouilleres-pour-le-sport-tricotees\/#primaryimage","url":"https:\/\/aigleshopping.ca\/wp-content\/uploads\/2025\/03\/1787608632362.jpg","contentUrl":"https:\/\/aigleshopping.ca\/wp-content\/uploads\/2025\/03\/1787608632362.jpg","width":1000,"height":1000},{"@type":"BreadcrumbList","@id":"https:\/\/aigleshopping.ca\/fr\/produit\/genouilleres-pour-le-sport-genouilleres-pour-le-sport-tricotees\/#breadcrumb","itemListElement":[{"@type":"ListItem","position":1,"name":"Home","item":"https:\/\/aigleshopping.ca\/fr\/home\/"},{"@type":"ListItem","position":2,"name":"Products","item":"https:\/\/aigleshopping.ca\/shop\/"},{"@type":"ListItem","position":3,"name":"Genouill\u00e8res pour le sport Genouill\u00e8res pour le sport tricot\u00e9es"}]},{"@type":"WebSite","@id":"https:\/\/aigleshopping.ca\/#website","url":"https:\/\/aigleshopping.ca\/","name":"Aigle Shopping Canada","description":"Au-del\u00e0 des fronti\u00e8res, pour vous offrir le\u00a0meilleur!","publisher":{"@id":"https:\/\/aigleshopping.ca\/#organization"},"potentialAction":[{"@type":"SearchAction","target":{"@type":"EntryPoint","urlTemplate":"https:\/\/aigleshopping.ca\/?s={search_term_string}"},"query-input":{"@type":"PropertyValueSpecification","valueRequired":true,"valueName":"search_term_string"}}],"inLanguage":"fr-FR"},{"@type":"Organization","@id":"https:\/\/aigleshopping.ca\/#organization","name":"Aigle Shopping Canada","url":"https:\/\/aigleshopping.ca\/","logo":{"@type":"ImageObject","inLanguage":"fr-FR","@id":"https:\/\/aigleshopping.ca\/#\/schema\/logo\/image\/","url":"https:\/\/aigleshopping.ca\/wp-content\/uploads\/2025\/12\/logo_aigleshopping_ca.png","contentUrl":"https:\/\/aigleshopping.ca\/wp-content\/uploads\/2025\/12\/logo_aigleshopping_ca.png","width":800,"height":233,"caption":"Aigle Shopping Canada"},"image":{"@id":"https:\/\/aigleshopping.ca\/#\/schema\/logo\/image\/"}}]}},"jetpack_sharing_enabled":true,"_links":{"self":[{"href":"https:\/\/aigleshopping.ca\/fr\/wp-json\/wp\/v2\/product\/21181","targetHints":{"allow":["GET"]}}],"collection":[{"href":"https:\/\/aigleshopping.ca\/fr\/wp-json\/wp\/v2\/product"}],"about":[{"href":"https:\/\/aigleshopping.ca\/fr\/wp-json\/wp\/v2\/types\/product"}],"replies":[{"embeddable":true,"href":"https:\/\/aigleshopping.ca\/fr\/wp-json\/wp\/v2\/comments?post=21181"}],"wp:featuredmedia":[{"embeddable":true,"href":"https:\/\/aigleshopping.ca\/fr\/wp-json\/wp\/v2\/media\/17127"}],"wp:attachment":[{"href":"https:\/\/aigleshopping.ca\/fr\/wp-json\/wp\/v2\/media?parent=21181"}],"wp:term":[{"taxonomy":"product_brand","embeddable":true,"href":"https:\/\/aigleshopping.ca\/fr\/wp-json\/wp\/v2\/product_brand?post=21181"},{"taxonomy":"product_cat","embeddable":true,"href":"https:\/\/aigleshopping.ca\/fr\/wp-json\/wp\/v2\/product_cat?post=21181"},{"taxonomy":"product_tag","embeddable":true,"href":"https:\/\/aigleshopping.ca\/fr\/wp-json\/wp\/v2\/product_tag?post=21181"}],"curies":[{"name":"wp","href":"https:\/\/api.w.org\/{rel}","templated":true}]}}