{"id":21210,"date":"2025-03-08T19:59:41","date_gmt":"2025-03-08T19:59:41","guid":{"rendered":"https:\/\/aigleshopping.ca\/produit\/tente-double-impermeable-pour-camping-exterieur-camping-en-haute-montagne-champ-de-neige-materiel-de-camping-ultra-leger\/"},"modified":"2025-03-08T19:59:41","modified_gmt":"2025-03-08T19:59:41","slug":"tente-double-impermeable-pour-camping-exterieur-camping-en-haute-montagne-champ-de-neige-materiel-de-camping-ultra-leger","status":"publish","type":"product","link":"https:\/\/aigleshopping.ca\/fr\/produit\/tente-double-impermeable-pour-camping-exterieur-camping-en-haute-montagne-champ-de-neige-materiel-de-camping-ultra-leger\/","title":{"rendered":"Tente double imperm\u00e9able pour camping ext\u00e9rieur Camping en haute montagne Champ de neige Mat\u00e9riel de camping ultra-l\u00e9ger"},"content":{"rendered":"<p> <b>Vue d&rsquo;ensemble :<\/b>  <\/p>\n<p>  1. Fond de tente en tissu Oxford, durable et imperm\u00e9able. Il est tr\u00e8s \u00e9lastique.    <br \/>  2. Conception s\u00e9par\u00e9e pour les comptes internes et externes, facile \u00e0 construire, et meilleure protection contre la pluie et la chaleur.   <br \/>  3. Diff\u00e9rents mod\u00e8les \u00e9labor\u00e9s pour r\u00e9pondre \u00e0 vos besoins <br \/> 4. Clous de sol professionnels et tiges de support z, et bien s\u00fbr cordes \u00e0 vent.    <br \/>  5. Il va sans dire que l&rsquo;effet imperm\u00e9able \u00e0 la pluie est le plus \u00e9l\u00e9mentaire d&rsquo;une tente.   <\/p>\n<p> <b> <br \/> <\/b> <\/p>\n<p> <b>Sp\u00e9cification :<\/b>  <\/p>\n<p>  Structure de la tente : tente double <br \/> Mat\u00e9riau de support : alliage d&rsquo;aluminium <br \/> Sp\u00e9cification : (50+100+30)*210*100 <br \/> Poids : 1.8 (g) <br \/> Situation de construction : \u00e0 construire <br \/> Structure spatiale : une chambre \u00e0 coucher <br \/> Fonction de style : imperm\u00e9able, pique-nique, survie sauvage, ultra-l\u00e9ger, alpinisme, l\u00e9ger et fin, \u00e9quitation, p\u00eache, exp\u00e9dition, coupe-vent <br \/> Coefficient d&rsquo;imperm\u00e9abilit\u00e9 du compte ext\u00e9rieur : 2000mm (inclus)-3000mm (inclus) <br \/> Coefficient d&rsquo;imperm\u00e9abilit\u00e9 du fond de la tente : 2000mm (inclus)-3000mm (inclus) <br \/> Poteau de soutien : poteau en aluminium <br \/> Mat\u00e9riau de la base : Tissu Oxford <br \/> Compte int\u00e9rieur : Tissu respirant 190T + filet B3 <br \/> Vari\u00e9t\u00e9 : simple double <br \/> Partie externe : polyester 210T <br \/> Couleur : vert, orange, bleu  <\/p>\n<p> <\/p>\n<p> <b>Contenu de l&#8217;emballage :<\/b> <\/p>\n<p> <span style=\"font-size: 1em\">1*Tente<\/span>  <\/p>\n<p> <img decoding=\"async\" src=\"https:\/\/cf.cjdropshipping.com\/17191008\/2406230309000328500.jpg\" width=\"50%\" data-key=\"1\"> <img decoding=\"async\" src=\"https:\/\/cf.cjdropshipping.com\/17191008\/2406230309000329300.jpg\" width=\"50%\" data-key=\"2\">  <\/p>\n<p> <img decoding=\"async\" src=\"https:\/\/cf.cjdropshipping.com\/17191008\/2406230309010320100.jpg\" width=\"50%\" data-key=\"3\"> <img decoding=\"async\" src=\"https:\/\/cf.cjdropshipping.com\/17191008\/2406230309010321000.jpg\" width=\"50%\" data-key=\"4\">  <\/p>\n<p> <img decoding=\"async\" src=\"https:\/\/cf.cjdropshipping.com\/17191008\/2406230309010322100.jpg\" width=\"50%\" data-key=\"5\"> <img decoding=\"async\" src=\"https:\/\/cf.cjdropshipping.com\/17191008\/2406230309010323700.jpg\" width=\"50%\" data-key=\"6\">  <\/p>\n<p> <img decoding=\"async\" src=\"https:\/\/cf.cjdropshipping.com\/17191008\/2406230309010326900.jpg\" width=\"50%\" data-key=\"7\"> <img decoding=\"async\" src=\"https:\/\/cf.cjdropshipping.com\/17191008\/2406230309020322800.jpg\" width=\"50%\" data-key=\"8\">  <\/p>\n<p> <img decoding=\"async\" src=\"https:\/\/cf.cjdropshipping.com\/17191008\/2406230309020323700.jpg\" width=\"50%\" data-key=\"9\"> <img decoding=\"async\" src=\"https:\/\/cf.cjdropshipping.com\/17191008\/2406230309020324600.jpg\" width=\"50%\" data-key=\"10\">  <\/p>\n<p> <\/p>\n<p> <strong> <img decoding=\"async\" src=\"https:\/\/cf.cjdropshipping.com\/17191008\/2406230309030324700.jpg\" data-src=\"https:\/\/img.alicdn.com\/imgextra\/i4\/131074973\/T2bf5GXlBaXXXXXXXX_!!131074973.jpg\" data-key=\"11\" data-uploadossfail=\"false\"> <img decoding=\"async\" src=\"https:\/\/cf.cjdropshipping.com\/17191008\/2406230309030327900.jpg\" data-src=\"https:\/\/img.alicdn.com\/imgextra\/i3\/131074973\/T24gyGXo0XXXXXXXXX_!!131074973.jpg\" data-key=\"12\" data-uploadossfail=\"false\"> <\/strong>  <\/p>\n<p> <img decoding=\"async\" src=\"https:\/\/cf.cjdropshipping.com\/17191008\/2406230309040320900.jpg\" data-src=\"https:\/\/img.alicdn.com\/imgextra\/i4\/131074973\/T2DTtXXlBNXXXXXXXX_!!131074973.jpg\" data-key=\"13\" data-uploadossfail=\"false\"> <\/p>\n<p> <img decoding=\"async\" src=\"https:\/\/cf.cjdropshipping.com\/17191008\/2406230309040325000.jpg\" data-src=\"https:\/\/img.alicdn.com\/imgextra\/i2\/131074973\/T2bNpcXl8MXXXXXXXX_!!131074973.jpg\" data-key=\"14\" data-uploadossfail=\"false\"> <\/p>\n<p> <img decoding=\"async\" src=\"https:\/\/cf.cjdropshipping.com\/17191008\/2406230309040327200.jpg\" data-src=\"https:\/\/img.alicdn.com\/imgextra\/i1\/131074973\/T2n0DwXipaXXXXXXXX_!!131074973.jpg\" data-key=\"15\" data-uploadossfail=\"false\"> <\/p>\n<p>&nbsp;<\/p>\n<p> <img decoding=\"async\" src=\"https:\/\/cf.cjdropshipping.com\/17191008\/2406230309050320700.jpg\" data-src=\"https:\/\/img.alicdn.com\/imgextra\/i3\/131074973\/T2YuPxXhXaXXXXXXXX_!!131074973.jpg\" data-key=\"16\" data-uploadossfail=\"false\"> <\/p>\n","protected":false},"excerpt":{"rendered":"<p>Vue d&rsquo;ensemble : 1. Fond de tente en tissu Oxford, durable et imperm\u00e9able. Il est tr\u00e8s \u00e9lastique. 2. Conception s\u00e9par\u00e9e pour les comptes internes et externes, facile \u00e0 construire, et meilleure protection contre la pluie et la chaleur. 3. Diff\u00e9rents mod\u00e8les \u00e9labor\u00e9s pour r\u00e9pondre \u00e0 vos besoins 4. Clous de sol professionnels et tiges de [&hellip;]<\/p>\n","protected":false},"featured_media":16914,"comment_status":"open","ping_status":"closed","template":"","meta":{"content-type":""},"product_brand":[],"product_cat":[217],"product_tag":[],"class_list":{"0":"post-21210","1":"product","2":"type-product","3":"status-publish","4":"has-post-thumbnail","6":"product_cat-sport-fr","8":"first","9":"instock","10":"taxable","11":"shipping-taxable","12":"purchasable","13":"product-type-variable","14":"add-to-wishlist-after_add_to_cart"},"yoast_head":"<!-- This site is optimized with the Yoast SEO plugin v27.4 - https:\/\/yoast.com\/product\/yoast-seo-wordpress\/ -->\n<title>Tente double imperm\u00e9able pour camping ext\u00e9rieur Camping en haute montagne Champ de neige Mat\u00e9riel de camping ultra-l\u00e9ger - Aigle Shopping Canada<\/title>\n<meta name=\"robots\" content=\"index, follow, max-snippet:-1, max-image-preview:large, max-video-preview:-1\" \/>\n<link rel=\"canonical\" href=\"https:\/\/aigleshopping.ca\/fr\/produit\/tente-double-impermeable-pour-camping-exterieur-camping-en-haute-montagne-champ-de-neige-materiel-de-camping-ultra-leger\/\" \/>\n<meta property=\"og:locale\" content=\"fr_FR\" \/>\n<meta property=\"og:type\" content=\"article\" \/>\n<meta property=\"og:title\" content=\"Tente double imperm\u00e9able pour camping ext\u00e9rieur Camping en haute montagne Champ de neige Mat\u00e9riel de camping ultra-l\u00e9ger - Aigle Shopping Canada\" \/>\n<meta property=\"og:description\" content=\"Vue d&rsquo;ensemble : 1. Fond de tente en tissu Oxford, durable et imperm\u00e9able. Il est tr\u00e8s \u00e9lastique. 2. Conception s\u00e9par\u00e9e pour les comptes internes et externes, facile \u00e0 construire, et meilleure protection contre la pluie et la chaleur. 3. Diff\u00e9rents mod\u00e8les \u00e9labor\u00e9s pour r\u00e9pondre \u00e0 vos besoins 4. Clous de sol professionnels et tiges de [&hellip;]\" \/>\n<meta property=\"og:url\" content=\"https:\/\/aigleshopping.ca\/fr\/produit\/tente-double-impermeable-pour-camping-exterieur-camping-en-haute-montagne-champ-de-neige-materiel-de-camping-ultra-leger\/\" \/>\n<meta property=\"og:site_name\" content=\"Aigle Shopping Canada\" \/>\n<meta property=\"og:image\" content=\"https:\/\/aigleshopping.ca\/wp-content\/uploads\/2025\/03\/1283535907_384157546.jpg\" \/>\n\t<meta property=\"og:image:width\" content=\"800\" \/>\n\t<meta property=\"og:image:height\" content=\"800\" \/>\n\t<meta property=\"og:image:type\" content=\"image\/jpeg\" \/>\n<meta name=\"twitter:card\" content=\"summary_large_image\" \/>\n<meta name=\"twitter:label1\" content=\"Dur\u00e9e de lecture estim\u00e9e\" \/>\n\t<meta name=\"twitter:data1\" content=\"1 minute\" \/>\n<script type=\"application\/ld+json\" class=\"yoast-schema-graph\">{\"@context\":\"https:\\\/\\\/schema.org\",\"@graph\":[{\"@type\":\"WebPage\",\"@id\":\"https:\\\/\\\/aigleshopping.ca\\\/fr\\\/produit\\\/tente-double-impermeable-pour-camping-exterieur-camping-en-haute-montagne-champ-de-neige-materiel-de-camping-ultra-leger\\\/\",\"url\":\"https:\\\/\\\/aigleshopping.ca\\\/fr\\\/produit\\\/tente-double-impermeable-pour-camping-exterieur-camping-en-haute-montagne-champ-de-neige-materiel-de-camping-ultra-leger\\\/\",\"name\":\"Tente double imperm\u00e9able pour camping ext\u00e9rieur Camping en haute montagne Champ de neige Mat\u00e9riel de camping ultra-l\u00e9ger - Aigle Shopping Canada\",\"isPartOf\":{\"@id\":\"https:\\\/\\\/aigleshopping.ca\\\/#website\"},\"primaryImageOfPage\":{\"@id\":\"https:\\\/\\\/aigleshopping.ca\\\/fr\\\/produit\\\/tente-double-impermeable-pour-camping-exterieur-camping-en-haute-montagne-champ-de-neige-materiel-de-camping-ultra-leger\\\/#primaryimage\"},\"image\":{\"@id\":\"https:\\\/\\\/aigleshopping.ca\\\/fr\\\/produit\\\/tente-double-impermeable-pour-camping-exterieur-camping-en-haute-montagne-champ-de-neige-materiel-de-camping-ultra-leger\\\/#primaryimage\"},\"thumbnailUrl\":\"https:\\\/\\\/aigleshopping.ca\\\/wp-content\\\/uploads\\\/2025\\\/03\\\/1283535907_384157546.jpg\",\"datePublished\":\"2025-03-08T19:59:41+00:00\",\"breadcrumb\":{\"@id\":\"https:\\\/\\\/aigleshopping.ca\\\/fr\\\/produit\\\/tente-double-impermeable-pour-camping-exterieur-camping-en-haute-montagne-champ-de-neige-materiel-de-camping-ultra-leger\\\/#breadcrumb\"},\"inLanguage\":\"fr-FR\",\"potentialAction\":[{\"@type\":\"ReadAction\",\"target\":[\"https:\\\/\\\/aigleshopping.ca\\\/fr\\\/produit\\\/tente-double-impermeable-pour-camping-exterieur-camping-en-haute-montagne-champ-de-neige-materiel-de-camping-ultra-leger\\\/\"]}]},{\"@type\":\"ImageObject\",\"inLanguage\":\"fr-FR\",\"@id\":\"https:\\\/\\\/aigleshopping.ca\\\/fr\\\/produit\\\/tente-double-impermeable-pour-camping-exterieur-camping-en-haute-montagne-champ-de-neige-materiel-de-camping-ultra-leger\\\/#primaryimage\",\"url\":\"https:\\\/\\\/aigleshopping.ca\\\/wp-content\\\/uploads\\\/2025\\\/03\\\/1283535907_384157546.jpg\",\"contentUrl\":\"https:\\\/\\\/aigleshopping.ca\\\/wp-content\\\/uploads\\\/2025\\\/03\\\/1283535907_384157546.jpg\",\"width\":800,\"height\":800},{\"@type\":\"BreadcrumbList\",\"@id\":\"https:\\\/\\\/aigleshopping.ca\\\/fr\\\/produit\\\/tente-double-impermeable-pour-camping-exterieur-camping-en-haute-montagne-champ-de-neige-materiel-de-camping-ultra-leger\\\/#breadcrumb\",\"itemListElement\":[{\"@type\":\"ListItem\",\"position\":1,\"name\":\"Home\",\"item\":\"https:\\\/\\\/aigleshopping.ca\\\/fr\\\/home\\\/\"},{\"@type\":\"ListItem\",\"position\":2,\"name\":\"Products\",\"item\":\"https:\\\/\\\/aigleshopping.ca\\\/shop\\\/\"},{\"@type\":\"ListItem\",\"position\":3,\"name\":\"Tente double imperm\u00e9able pour camping ext\u00e9rieur Camping en haute montagne Champ de neige Mat\u00e9riel de camping ultra-l\u00e9ger\"}]},{\"@type\":\"WebSite\",\"@id\":\"https:\\\/\\\/aigleshopping.ca\\\/#website\",\"url\":\"https:\\\/\\\/aigleshopping.ca\\\/\",\"name\":\"Aigle Shopping Canada\",\"description\":\"Au-del\u00e0 des fronti\u00e8res, pour vous offrir le\u00a0meilleur!\",\"publisher\":{\"@id\":\"https:\\\/\\\/aigleshopping.ca\\\/#organization\"},\"potentialAction\":[{\"@type\":\"SearchAction\",\"target\":{\"@type\":\"EntryPoint\",\"urlTemplate\":\"https:\\\/\\\/aigleshopping.ca\\\/?s={search_term_string}\"},\"query-input\":{\"@type\":\"PropertyValueSpecification\",\"valueRequired\":true,\"valueName\":\"search_term_string\"}}],\"inLanguage\":\"fr-FR\"},{\"@type\":\"Organization\",\"@id\":\"https:\\\/\\\/aigleshopping.ca\\\/#organization\",\"name\":\"Aigle Shopping Canada\",\"url\":\"https:\\\/\\\/aigleshopping.ca\\\/\",\"logo\":{\"@type\":\"ImageObject\",\"inLanguage\":\"fr-FR\",\"@id\":\"https:\\\/\\\/aigleshopping.ca\\\/#\\\/schema\\\/logo\\\/image\\\/\",\"url\":\"https:\\\/\\\/aigleshopping.ca\\\/wp-content\\\/uploads\\\/2025\\\/12\\\/logo_aigleshopping_ca.png\",\"contentUrl\":\"https:\\\/\\\/aigleshopping.ca\\\/wp-content\\\/uploads\\\/2025\\\/12\\\/logo_aigleshopping_ca.png\",\"width\":800,\"height\":233,\"caption\":\"Aigle Shopping Canada\"},\"image\":{\"@id\":\"https:\\\/\\\/aigleshopping.ca\\\/#\\\/schema\\\/logo\\\/image\\\/\"}}]}<\/script>\n<!-- \/ Yoast SEO plugin. -->","yoast_head_json":{"title":"Tente double imperm\u00e9able pour camping ext\u00e9rieur Camping en haute montagne Champ de neige Mat\u00e9riel de camping ultra-l\u00e9ger - Aigle Shopping Canada","robots":{"index":"index","follow":"follow","max-snippet":"max-snippet:-1","max-image-preview":"max-image-preview:large","max-video-preview":"max-video-preview:-1"},"canonical":"https:\/\/aigleshopping.ca\/fr\/produit\/tente-double-impermeable-pour-camping-exterieur-camping-en-haute-montagne-champ-de-neige-materiel-de-camping-ultra-leger\/","og_locale":"fr_FR","og_type":"article","og_title":"Tente double imperm\u00e9able pour camping ext\u00e9rieur Camping en haute montagne Champ de neige Mat\u00e9riel de camping ultra-l\u00e9ger - Aigle Shopping Canada","og_description":"Vue d&rsquo;ensemble : 1. Fond de tente en tissu Oxford, durable et imperm\u00e9able. Il est tr\u00e8s \u00e9lastique. 2. Conception s\u00e9par\u00e9e pour les comptes internes et externes, facile \u00e0 construire, et meilleure protection contre la pluie et la chaleur. 3. Diff\u00e9rents mod\u00e8les \u00e9labor\u00e9s pour r\u00e9pondre \u00e0 vos besoins 4. Clous de sol professionnels et tiges de [&hellip;]","og_url":"https:\/\/aigleshopping.ca\/fr\/produit\/tente-double-impermeable-pour-camping-exterieur-camping-en-haute-montagne-champ-de-neige-materiel-de-camping-ultra-leger\/","og_site_name":"Aigle Shopping Canada","og_image":[{"width":800,"height":800,"url":"https:\/\/aigleshopping.ca\/wp-content\/uploads\/2025\/03\/1283535907_384157546.jpg","type":"image\/jpeg"}],"twitter_card":"summary_large_image","twitter_misc":{"Dur\u00e9e de lecture estim\u00e9e":"1 minute"},"schema":{"@context":"https:\/\/schema.org","@graph":[{"@type":"WebPage","@id":"https:\/\/aigleshopping.ca\/fr\/produit\/tente-double-impermeable-pour-camping-exterieur-camping-en-haute-montagne-champ-de-neige-materiel-de-camping-ultra-leger\/","url":"https:\/\/aigleshopping.ca\/fr\/produit\/tente-double-impermeable-pour-camping-exterieur-camping-en-haute-montagne-champ-de-neige-materiel-de-camping-ultra-leger\/","name":"Tente double imperm\u00e9able pour camping ext\u00e9rieur Camping en haute montagne Champ de neige Mat\u00e9riel de camping ultra-l\u00e9ger - Aigle Shopping Canada","isPartOf":{"@id":"https:\/\/aigleshopping.ca\/#website"},"primaryImageOfPage":{"@id":"https:\/\/aigleshopping.ca\/fr\/produit\/tente-double-impermeable-pour-camping-exterieur-camping-en-haute-montagne-champ-de-neige-materiel-de-camping-ultra-leger\/#primaryimage"},"image":{"@id":"https:\/\/aigleshopping.ca\/fr\/produit\/tente-double-impermeable-pour-camping-exterieur-camping-en-haute-montagne-champ-de-neige-materiel-de-camping-ultra-leger\/#primaryimage"},"thumbnailUrl":"https:\/\/aigleshopping.ca\/wp-content\/uploads\/2025\/03\/1283535907_384157546.jpg","datePublished":"2025-03-08T19:59:41+00:00","breadcrumb":{"@id":"https:\/\/aigleshopping.ca\/fr\/produit\/tente-double-impermeable-pour-camping-exterieur-camping-en-haute-montagne-champ-de-neige-materiel-de-camping-ultra-leger\/#breadcrumb"},"inLanguage":"fr-FR","potentialAction":[{"@type":"ReadAction","target":["https:\/\/aigleshopping.ca\/fr\/produit\/tente-double-impermeable-pour-camping-exterieur-camping-en-haute-montagne-champ-de-neige-materiel-de-camping-ultra-leger\/"]}]},{"@type":"ImageObject","inLanguage":"fr-FR","@id":"https:\/\/aigleshopping.ca\/fr\/produit\/tente-double-impermeable-pour-camping-exterieur-camping-en-haute-montagne-champ-de-neige-materiel-de-camping-ultra-leger\/#primaryimage","url":"https:\/\/aigleshopping.ca\/wp-content\/uploads\/2025\/03\/1283535907_384157546.jpg","contentUrl":"https:\/\/aigleshopping.ca\/wp-content\/uploads\/2025\/03\/1283535907_384157546.jpg","width":800,"height":800},{"@type":"BreadcrumbList","@id":"https:\/\/aigleshopping.ca\/fr\/produit\/tente-double-impermeable-pour-camping-exterieur-camping-en-haute-montagne-champ-de-neige-materiel-de-camping-ultra-leger\/#breadcrumb","itemListElement":[{"@type":"ListItem","position":1,"name":"Home","item":"https:\/\/aigleshopping.ca\/fr\/home\/"},{"@type":"ListItem","position":2,"name":"Products","item":"https:\/\/aigleshopping.ca\/shop\/"},{"@type":"ListItem","position":3,"name":"Tente double imperm\u00e9able pour camping ext\u00e9rieur Camping en haute montagne Champ de neige Mat\u00e9riel de camping ultra-l\u00e9ger"}]},{"@type":"WebSite","@id":"https:\/\/aigleshopping.ca\/#website","url":"https:\/\/aigleshopping.ca\/","name":"Aigle Shopping Canada","description":"Au-del\u00e0 des fronti\u00e8res, pour vous offrir le\u00a0meilleur!","publisher":{"@id":"https:\/\/aigleshopping.ca\/#organization"},"potentialAction":[{"@type":"SearchAction","target":{"@type":"EntryPoint","urlTemplate":"https:\/\/aigleshopping.ca\/?s={search_term_string}"},"query-input":{"@type":"PropertyValueSpecification","valueRequired":true,"valueName":"search_term_string"}}],"inLanguage":"fr-FR"},{"@type":"Organization","@id":"https:\/\/aigleshopping.ca\/#organization","name":"Aigle Shopping Canada","url":"https:\/\/aigleshopping.ca\/","logo":{"@type":"ImageObject","inLanguage":"fr-FR","@id":"https:\/\/aigleshopping.ca\/#\/schema\/logo\/image\/","url":"https:\/\/aigleshopping.ca\/wp-content\/uploads\/2025\/12\/logo_aigleshopping_ca.png","contentUrl":"https:\/\/aigleshopping.ca\/wp-content\/uploads\/2025\/12\/logo_aigleshopping_ca.png","width":800,"height":233,"caption":"Aigle Shopping Canada"},"image":{"@id":"https:\/\/aigleshopping.ca\/#\/schema\/logo\/image\/"}}]}},"jetpack_sharing_enabled":true,"_links":{"self":[{"href":"https:\/\/aigleshopping.ca\/fr\/wp-json\/wp\/v2\/product\/21210","targetHints":{"allow":["GET"]}}],"collection":[{"href":"https:\/\/aigleshopping.ca\/fr\/wp-json\/wp\/v2\/product"}],"about":[{"href":"https:\/\/aigleshopping.ca\/fr\/wp-json\/wp\/v2\/types\/product"}],"replies":[{"embeddable":true,"href":"https:\/\/aigleshopping.ca\/fr\/wp-json\/wp\/v2\/comments?post=21210"}],"wp:featuredmedia":[{"embeddable":true,"href":"https:\/\/aigleshopping.ca\/fr\/wp-json\/wp\/v2\/media\/16914"}],"wp:attachment":[{"href":"https:\/\/aigleshopping.ca\/fr\/wp-json\/wp\/v2\/media?parent=21210"}],"wp:term":[{"taxonomy":"product_brand","embeddable":true,"href":"https:\/\/aigleshopping.ca\/fr\/wp-json\/wp\/v2\/product_brand?post=21210"},{"taxonomy":"product_cat","embeddable":true,"href":"https:\/\/aigleshopping.ca\/fr\/wp-json\/wp\/v2\/product_cat?post=21210"},{"taxonomy":"product_tag","embeddable":true,"href":"https:\/\/aigleshopping.ca\/fr\/wp-json\/wp\/v2\/product_tag?post=21210"}],"curies":[{"name":"wp","href":"https:\/\/api.w.org\/{rel}","templated":true}]}}