{"id":21215,"date":"2025-03-08T20:01:48","date_gmt":"2025-03-08T20:01:48","guid":{"rendered":"https:\/\/aigleshopping.ca\/produit\/bandeau-sans-fil-compatible-bluetooth-bandeau-de-yoga-et-de-fitness-pour-lexterieur\/"},"modified":"2025-03-10T14:25:25","modified_gmt":"2025-03-10T14:25:25","slug":"bandeau-sans-fil-compatible-bluetooth-bandeau-de-yoga-et-de-fitness-pour-lexterieur","status":"publish","type":"product","link":"https:\/\/aigleshopping.ca\/fr\/produit\/bandeau-sans-fil-compatible-bluetooth-bandeau-de-yoga-et-de-fitness-pour-lexterieur\/","title":{"rendered":"Bandeau sans fil compatible Bluetooth Bandeau de yoga et de fitness pour l&rsquo;ext\u00e9rieur"},"content":{"rendered":"<p> <span style=\"font-weight: bold\">Vue d&rsquo;ensemble :<\/span> <br \/> 100% neuf et de haute qualit\u00e9 ! <br \/> Mati\u00e8re tricot\u00e9e, \u00e0 la mode et au chaud pour r\u00e9pondre au t\u00e9l\u00e9phone en hiver. <br \/> MIC int\u00e9gr\u00e9, disponible pour les t\u00e9l\u00e9phones cellulaires pour transmettre le t\u00e9l\u00e9phone parlant \u00e0 vos appareils audio directement afin que l&rsquo;utilisateur puisse r\u00e9pondre au t\u00e9l\u00e9phone \u00e0 main lev\u00e9e via l&rsquo;appareil. <br \/> Batterie Li-ion int\u00e9gr\u00e9e, rechargeable par c\u00e2ble USB, longue dur\u00e9e d&rsquo;autonomie. <br \/> Note : En raison de la diff\u00e9rence entre les diff\u00e9rents moniteurs, l&rsquo;image peut ne pas refl\u00e9ter la couleur r\u00e9elle de l&rsquo;article. Nous vous remercions de votre attention.   <\/p>\n<p> <span style=\"font-weight: bold\">Sp\u00e9cifications :<\/span> <br \/> Version Bluetooth : V3.0+EDR <br \/> Fr\u00e9quence : 2.4026GHz-2.480GHz <br \/> Distance de transmission : 30 pieds environ <br \/> Distance de transmission du MIC : \u22643 pieds <br \/> Batterie Li-ion:3.7V\/120mA <br \/> Temps de charge:2.5 HRS <br \/> Temps de veille:60 Hrs <br \/> Temps de fonctionnement continu : environ 5Hrs <br \/> Nom Bluetooth:Magic Hat <br \/> Taille:19.5&#215;7.5cm <br \/> Les haut-parleurs peuvent \u00eatre enlev\u00e9s pour que vous puissiez laver le chapeau <br \/> Quantit\u00e9:1pc <br \/> Couleur : Rose Red,Deep Blue,Black\uff0cGray <br \/> Poids : 75g  <\/p>\n<p> <span style=\"font-weight: bold\">Contenu du paquet\uff1a<\/span> <br \/> 1x Headband  <\/p>\n<p> <\/p>\n<p> <img decoding=\"async\" src=\"https:\/\/cf.cjdropshipping.com\/17138304\/2404231212560321000.jpg\"> <img decoding=\"async\" src=\"https:\/\/cf.cjdropshipping.com\/17138304\/2404231212560321600.jpg\"> <img decoding=\"async\" src=\"https:\/\/cf.cjdropshipping.com\/17138304\/2404231212560322200.jpg\">  <\/p>\n<p> <\/p>\n<p> &nbsp; <img decoding=\"async\" src=\"https:\/\/cf.cjdropshipping.com\/17138304\/2404231212560322800.jpg\"> <\/p>\n","protected":false},"excerpt":{"rendered":"<p>Vue d&rsquo;ensemble : 100% neuf et de haute qualit\u00e9 ! Mati\u00e8re tricot\u00e9e, \u00e0 la mode et au chaud pour r\u00e9pondre au t\u00e9l\u00e9phone en hiver. MIC int\u00e9gr\u00e9, disponible pour les t\u00e9l\u00e9phones cellulaires pour transmettre le t\u00e9l\u00e9phone parlant \u00e0 vos appareils audio directement afin que l&rsquo;utilisateur puisse r\u00e9pondre au t\u00e9l\u00e9phone \u00e0 main lev\u00e9e via l&rsquo;appareil. Batterie Li-ion [&hellip;]<\/p>\n","protected":false},"featured_media":17012,"comment_status":"open","ping_status":"closed","template":"","meta":{"content-type":""},"product_brand":[],"product_cat":[217],"product_tag":[],"class_list":{"0":"post-21215","1":"product","2":"type-product","3":"status-publish","4":"has-post-thumbnail","6":"product_cat-sport-fr","8":"first","9":"instock","10":"taxable","11":"shipping-taxable","12":"purchasable","13":"product-type-variable","14":"add-to-wishlist-after_add_to_cart"},"yoast_head":"<!-- This site is optimized with the Yoast SEO plugin v27.4 - https:\/\/yoast.com\/product\/yoast-seo-wordpress\/ -->\n<title>Bandeau sans fil compatible Bluetooth Bandeau de yoga et de fitness pour l&#039;ext\u00e9rieur - Aigle Shopping Canada<\/title>\n<meta name=\"robots\" content=\"index, follow, max-snippet:-1, max-image-preview:large, max-video-preview:-1\" \/>\n<link rel=\"canonical\" href=\"https:\/\/aigleshopping.ca\/fr\/produit\/bandeau-sans-fil-compatible-bluetooth-bandeau-de-yoga-et-de-fitness-pour-lexterieur\/\" \/>\n<meta property=\"og:locale\" content=\"fr_FR\" \/>\n<meta property=\"og:type\" content=\"article\" \/>\n<meta property=\"og:title\" content=\"Bandeau sans fil compatible Bluetooth Bandeau de yoga et de fitness pour l&#039;ext\u00e9rieur - Aigle Shopping Canada\" \/>\n<meta property=\"og:description\" content=\"Vue d&rsquo;ensemble : 100% neuf et de haute qualit\u00e9 ! Mati\u00e8re tricot\u00e9e, \u00e0 la mode et au chaud pour r\u00e9pondre au t\u00e9l\u00e9phone en hiver. MIC int\u00e9gr\u00e9, disponible pour les t\u00e9l\u00e9phones cellulaires pour transmettre le t\u00e9l\u00e9phone parlant \u00e0 vos appareils audio directement afin que l&rsquo;utilisateur puisse r\u00e9pondre au t\u00e9l\u00e9phone \u00e0 main lev\u00e9e via l&rsquo;appareil. Batterie Li-ion [&hellip;]\" \/>\n<meta property=\"og:url\" content=\"https:\/\/aigleshopping.ca\/fr\/produit\/bandeau-sans-fil-compatible-bluetooth-bandeau-de-yoga-et-de-fitness-pour-lexterieur\/\" \/>\n<meta property=\"og:site_name\" content=\"Aigle Shopping Canada\" \/>\n<meta property=\"article:modified_time\" content=\"2025-03-10T14:25:25+00:00\" \/>\n<meta property=\"og:image\" content=\"https:\/\/aigleshopping.ca\/wp-content\/uploads\/2025\/03\/1094117902782.jpg\" \/>\n\t<meta property=\"og:image:width\" content=\"600\" \/>\n\t<meta property=\"og:image:height\" content=\"600\" \/>\n\t<meta property=\"og:image:type\" content=\"image\/jpeg\" \/>\n<meta name=\"twitter:card\" content=\"summary_large_image\" \/>\n<meta name=\"twitter:label1\" content=\"Dur\u00e9e de lecture estim\u00e9e\" \/>\n\t<meta name=\"twitter:data1\" content=\"1 minute\" \/>\n<script type=\"application\/ld+json\" class=\"yoast-schema-graph\">{\"@context\":\"https:\\\/\\\/schema.org\",\"@graph\":[{\"@type\":\"WebPage\",\"@id\":\"https:\\\/\\\/aigleshopping.ca\\\/fr\\\/produit\\\/bandeau-sans-fil-compatible-bluetooth-bandeau-de-yoga-et-de-fitness-pour-lexterieur\\\/\",\"url\":\"https:\\\/\\\/aigleshopping.ca\\\/fr\\\/produit\\\/bandeau-sans-fil-compatible-bluetooth-bandeau-de-yoga-et-de-fitness-pour-lexterieur\\\/\",\"name\":\"Bandeau sans fil compatible Bluetooth Bandeau de yoga et de fitness pour l'ext\u00e9rieur - Aigle Shopping Canada\",\"isPartOf\":{\"@id\":\"https:\\\/\\\/aigleshopping.ca\\\/#website\"},\"primaryImageOfPage\":{\"@id\":\"https:\\\/\\\/aigleshopping.ca\\\/fr\\\/produit\\\/bandeau-sans-fil-compatible-bluetooth-bandeau-de-yoga-et-de-fitness-pour-lexterieur\\\/#primaryimage\"},\"image\":{\"@id\":\"https:\\\/\\\/aigleshopping.ca\\\/fr\\\/produit\\\/bandeau-sans-fil-compatible-bluetooth-bandeau-de-yoga-et-de-fitness-pour-lexterieur\\\/#primaryimage\"},\"thumbnailUrl\":\"https:\\\/\\\/aigleshopping.ca\\\/wp-content\\\/uploads\\\/2025\\\/03\\\/1094117902782.jpg\",\"datePublished\":\"2025-03-08T20:01:48+00:00\",\"dateModified\":\"2025-03-10T14:25:25+00:00\",\"breadcrumb\":{\"@id\":\"https:\\\/\\\/aigleshopping.ca\\\/fr\\\/produit\\\/bandeau-sans-fil-compatible-bluetooth-bandeau-de-yoga-et-de-fitness-pour-lexterieur\\\/#breadcrumb\"},\"inLanguage\":\"fr-FR\",\"potentialAction\":[{\"@type\":\"ReadAction\",\"target\":[\"https:\\\/\\\/aigleshopping.ca\\\/fr\\\/produit\\\/bandeau-sans-fil-compatible-bluetooth-bandeau-de-yoga-et-de-fitness-pour-lexterieur\\\/\"]}]},{\"@type\":\"ImageObject\",\"inLanguage\":\"fr-FR\",\"@id\":\"https:\\\/\\\/aigleshopping.ca\\\/fr\\\/produit\\\/bandeau-sans-fil-compatible-bluetooth-bandeau-de-yoga-et-de-fitness-pour-lexterieur\\\/#primaryimage\",\"url\":\"https:\\\/\\\/aigleshopping.ca\\\/wp-content\\\/uploads\\\/2025\\\/03\\\/1094117902782.jpg\",\"contentUrl\":\"https:\\\/\\\/aigleshopping.ca\\\/wp-content\\\/uploads\\\/2025\\\/03\\\/1094117902782.jpg\",\"width\":600,\"height\":600},{\"@type\":\"BreadcrumbList\",\"@id\":\"https:\\\/\\\/aigleshopping.ca\\\/fr\\\/produit\\\/bandeau-sans-fil-compatible-bluetooth-bandeau-de-yoga-et-de-fitness-pour-lexterieur\\\/#breadcrumb\",\"itemListElement\":[{\"@type\":\"ListItem\",\"position\":1,\"name\":\"Home\",\"item\":\"https:\\\/\\\/aigleshopping.ca\\\/fr\\\/home\\\/\"},{\"@type\":\"ListItem\",\"position\":2,\"name\":\"Products\",\"item\":\"https:\\\/\\\/aigleshopping.ca\\\/shop\\\/\"},{\"@type\":\"ListItem\",\"position\":3,\"name\":\"Bandeau sans fil compatible Bluetooth Bandeau de yoga et de fitness pour l&#8217;ext\u00e9rieur\"}]},{\"@type\":\"WebSite\",\"@id\":\"https:\\\/\\\/aigleshopping.ca\\\/#website\",\"url\":\"https:\\\/\\\/aigleshopping.ca\\\/\",\"name\":\"Aigle Shopping Canada\",\"description\":\"Au-del\u00e0 des fronti\u00e8res, pour vous offrir le\u00a0meilleur!\",\"publisher\":{\"@id\":\"https:\\\/\\\/aigleshopping.ca\\\/#organization\"},\"potentialAction\":[{\"@type\":\"SearchAction\",\"target\":{\"@type\":\"EntryPoint\",\"urlTemplate\":\"https:\\\/\\\/aigleshopping.ca\\\/?s={search_term_string}\"},\"query-input\":{\"@type\":\"PropertyValueSpecification\",\"valueRequired\":true,\"valueName\":\"search_term_string\"}}],\"inLanguage\":\"fr-FR\"},{\"@type\":\"Organization\",\"@id\":\"https:\\\/\\\/aigleshopping.ca\\\/#organization\",\"name\":\"Aigle Shopping Canada\",\"url\":\"https:\\\/\\\/aigleshopping.ca\\\/\",\"logo\":{\"@type\":\"ImageObject\",\"inLanguage\":\"fr-FR\",\"@id\":\"https:\\\/\\\/aigleshopping.ca\\\/#\\\/schema\\\/logo\\\/image\\\/\",\"url\":\"https:\\\/\\\/aigleshopping.ca\\\/wp-content\\\/uploads\\\/2025\\\/12\\\/logo_aigleshopping_ca.png\",\"contentUrl\":\"https:\\\/\\\/aigleshopping.ca\\\/wp-content\\\/uploads\\\/2025\\\/12\\\/logo_aigleshopping_ca.png\",\"width\":800,\"height\":233,\"caption\":\"Aigle Shopping Canada\"},\"image\":{\"@id\":\"https:\\\/\\\/aigleshopping.ca\\\/#\\\/schema\\\/logo\\\/image\\\/\"}}]}<\/script>\n<!-- \/ Yoast SEO plugin. -->","yoast_head_json":{"title":"Bandeau sans fil compatible Bluetooth Bandeau de yoga et de fitness pour l'ext\u00e9rieur - Aigle Shopping Canada","robots":{"index":"index","follow":"follow","max-snippet":"max-snippet:-1","max-image-preview":"max-image-preview:large","max-video-preview":"max-video-preview:-1"},"canonical":"https:\/\/aigleshopping.ca\/fr\/produit\/bandeau-sans-fil-compatible-bluetooth-bandeau-de-yoga-et-de-fitness-pour-lexterieur\/","og_locale":"fr_FR","og_type":"article","og_title":"Bandeau sans fil compatible Bluetooth Bandeau de yoga et de fitness pour l'ext\u00e9rieur - Aigle Shopping Canada","og_description":"Vue d&rsquo;ensemble : 100% neuf et de haute qualit\u00e9 ! Mati\u00e8re tricot\u00e9e, \u00e0 la mode et au chaud pour r\u00e9pondre au t\u00e9l\u00e9phone en hiver. MIC int\u00e9gr\u00e9, disponible pour les t\u00e9l\u00e9phones cellulaires pour transmettre le t\u00e9l\u00e9phone parlant \u00e0 vos appareils audio directement afin que l&rsquo;utilisateur puisse r\u00e9pondre au t\u00e9l\u00e9phone \u00e0 main lev\u00e9e via l&rsquo;appareil. Batterie Li-ion [&hellip;]","og_url":"https:\/\/aigleshopping.ca\/fr\/produit\/bandeau-sans-fil-compatible-bluetooth-bandeau-de-yoga-et-de-fitness-pour-lexterieur\/","og_site_name":"Aigle Shopping Canada","article_modified_time":"2025-03-10T14:25:25+00:00","og_image":[{"width":600,"height":600,"url":"https:\/\/aigleshopping.ca\/wp-content\/uploads\/2025\/03\/1094117902782.jpg","type":"image\/jpeg"}],"twitter_card":"summary_large_image","twitter_misc":{"Dur\u00e9e de lecture estim\u00e9e":"1 minute"},"schema":{"@context":"https:\/\/schema.org","@graph":[{"@type":"WebPage","@id":"https:\/\/aigleshopping.ca\/fr\/produit\/bandeau-sans-fil-compatible-bluetooth-bandeau-de-yoga-et-de-fitness-pour-lexterieur\/","url":"https:\/\/aigleshopping.ca\/fr\/produit\/bandeau-sans-fil-compatible-bluetooth-bandeau-de-yoga-et-de-fitness-pour-lexterieur\/","name":"Bandeau sans fil compatible Bluetooth Bandeau de yoga et de fitness pour l'ext\u00e9rieur - Aigle Shopping Canada","isPartOf":{"@id":"https:\/\/aigleshopping.ca\/#website"},"primaryImageOfPage":{"@id":"https:\/\/aigleshopping.ca\/fr\/produit\/bandeau-sans-fil-compatible-bluetooth-bandeau-de-yoga-et-de-fitness-pour-lexterieur\/#primaryimage"},"image":{"@id":"https:\/\/aigleshopping.ca\/fr\/produit\/bandeau-sans-fil-compatible-bluetooth-bandeau-de-yoga-et-de-fitness-pour-lexterieur\/#primaryimage"},"thumbnailUrl":"https:\/\/aigleshopping.ca\/wp-content\/uploads\/2025\/03\/1094117902782.jpg","datePublished":"2025-03-08T20:01:48+00:00","dateModified":"2025-03-10T14:25:25+00:00","breadcrumb":{"@id":"https:\/\/aigleshopping.ca\/fr\/produit\/bandeau-sans-fil-compatible-bluetooth-bandeau-de-yoga-et-de-fitness-pour-lexterieur\/#breadcrumb"},"inLanguage":"fr-FR","potentialAction":[{"@type":"ReadAction","target":["https:\/\/aigleshopping.ca\/fr\/produit\/bandeau-sans-fil-compatible-bluetooth-bandeau-de-yoga-et-de-fitness-pour-lexterieur\/"]}]},{"@type":"ImageObject","inLanguage":"fr-FR","@id":"https:\/\/aigleshopping.ca\/fr\/produit\/bandeau-sans-fil-compatible-bluetooth-bandeau-de-yoga-et-de-fitness-pour-lexterieur\/#primaryimage","url":"https:\/\/aigleshopping.ca\/wp-content\/uploads\/2025\/03\/1094117902782.jpg","contentUrl":"https:\/\/aigleshopping.ca\/wp-content\/uploads\/2025\/03\/1094117902782.jpg","width":600,"height":600},{"@type":"BreadcrumbList","@id":"https:\/\/aigleshopping.ca\/fr\/produit\/bandeau-sans-fil-compatible-bluetooth-bandeau-de-yoga-et-de-fitness-pour-lexterieur\/#breadcrumb","itemListElement":[{"@type":"ListItem","position":1,"name":"Home","item":"https:\/\/aigleshopping.ca\/fr\/home\/"},{"@type":"ListItem","position":2,"name":"Products","item":"https:\/\/aigleshopping.ca\/shop\/"},{"@type":"ListItem","position":3,"name":"Bandeau sans fil compatible Bluetooth Bandeau de yoga et de fitness pour l&#8217;ext\u00e9rieur"}]},{"@type":"WebSite","@id":"https:\/\/aigleshopping.ca\/#website","url":"https:\/\/aigleshopping.ca\/","name":"Aigle Shopping Canada","description":"Au-del\u00e0 des fronti\u00e8res, pour vous offrir le\u00a0meilleur!","publisher":{"@id":"https:\/\/aigleshopping.ca\/#organization"},"potentialAction":[{"@type":"SearchAction","target":{"@type":"EntryPoint","urlTemplate":"https:\/\/aigleshopping.ca\/?s={search_term_string}"},"query-input":{"@type":"PropertyValueSpecification","valueRequired":true,"valueName":"search_term_string"}}],"inLanguage":"fr-FR"},{"@type":"Organization","@id":"https:\/\/aigleshopping.ca\/#organization","name":"Aigle Shopping Canada","url":"https:\/\/aigleshopping.ca\/","logo":{"@type":"ImageObject","inLanguage":"fr-FR","@id":"https:\/\/aigleshopping.ca\/#\/schema\/logo\/image\/","url":"https:\/\/aigleshopping.ca\/wp-content\/uploads\/2025\/12\/logo_aigleshopping_ca.png","contentUrl":"https:\/\/aigleshopping.ca\/wp-content\/uploads\/2025\/12\/logo_aigleshopping_ca.png","width":800,"height":233,"caption":"Aigle Shopping Canada"},"image":{"@id":"https:\/\/aigleshopping.ca\/#\/schema\/logo\/image\/"}}]}},"jetpack_sharing_enabled":true,"_links":{"self":[{"href":"https:\/\/aigleshopping.ca\/fr\/wp-json\/wp\/v2\/product\/21215","targetHints":{"allow":["GET"]}}],"collection":[{"href":"https:\/\/aigleshopping.ca\/fr\/wp-json\/wp\/v2\/product"}],"about":[{"href":"https:\/\/aigleshopping.ca\/fr\/wp-json\/wp\/v2\/types\/product"}],"replies":[{"embeddable":true,"href":"https:\/\/aigleshopping.ca\/fr\/wp-json\/wp\/v2\/comments?post=21215"}],"wp:featuredmedia":[{"embeddable":true,"href":"https:\/\/aigleshopping.ca\/fr\/wp-json\/wp\/v2\/media\/17012"}],"wp:attachment":[{"href":"https:\/\/aigleshopping.ca\/fr\/wp-json\/wp\/v2\/media?parent=21215"}],"wp:term":[{"taxonomy":"product_brand","embeddable":true,"href":"https:\/\/aigleshopping.ca\/fr\/wp-json\/wp\/v2\/product_brand?post=21215"},{"taxonomy":"product_cat","embeddable":true,"href":"https:\/\/aigleshopping.ca\/fr\/wp-json\/wp\/v2\/product_cat?post=21215"},{"taxonomy":"product_tag","embeddable":true,"href":"https:\/\/aigleshopping.ca\/fr\/wp-json\/wp\/v2\/product_tag?post=21215"}],"curies":[{"name":"wp","href":"https:\/\/api.w.org\/{rel}","templated":true}]}}