{"id":21229,"date":"2025-03-09T20:15:57","date_gmt":"2025-03-09T20:15:57","guid":{"rendered":"https:\/\/aigleshopping.ca\/produit\/banque-denergie-de-tres-grande-capacite-225w-a-charge-rapide\/"},"modified":"2025-03-09T20:15:57","modified_gmt":"2025-03-09T20:15:57","slug":"banque-denergie-de-tres-grande-capacite-225w-a-charge-rapide","status":"publish","type":"product","link":"https:\/\/aigleshopping.ca\/fr\/produit\/banque-denergie-de-tres-grande-capacite-225w-a-charge-rapide\/","title":{"rendered":"Banque d&rsquo;\u00e9nergie de tr\u00e8s grande capacit\u00e9 225W \u00e0 charge rapide"},"content":{"rendered":"<p> <b>Informations sur le produit :<\/b> <br \/> Couleur : ternie <br \/> Mat\u00e9riau de la coque : Alliage <br \/> Fonction : charge rapide <br \/> Style : Design cr\u00e9atif   <\/p>\n<p><b>Taille :<\/b><br \/>\n <\/p>\n<p> <\/p>\n<p><img decoding=\"async\" src=\"https:\/\/oss-cf.cjdropshipping.com\/product\/2024\/12\/11\/03\/7fc208e4-deb1-45b6-9ad1-a12f9af7cf57.jpeg?x-oss-process=image\/quality,q_100\"><br \/>\n<br \/> <br \/>\n<b>Liste d&#8217;emballage :  <\/b><br \/>\n <\/p>\n<p>Bloc d&rsquo;alimentation mobile+c\u00e2ble de donn\u00e9es+mode d&#8217;emploi<\/p>\n<p><b>Image du produit :<\/b><br \/>\n<br \/> <br \/>\n<img decoding=\"async\" src=\"https:\/\/oss-cf.cjdropshipping.com\/product\/2024\/12\/11\/03\/4ee6c3c0-6c33-44b4-a9ea-7a8fde58a502_trans.jpeg\"><br \/>\n<img decoding=\"async\" src=\"https:\/\/oss-cf.cjdropshipping.com\/product\/2024\/12\/11\/03\/f83f4332-4f42-4e7b-8fa4-dff97ca24b2a_trans.jpeg\"><br \/>\n<img decoding=\"async\" src=\"https:\/\/oss-cf.cjdropshipping.com\/product\/2024\/12\/11\/03\/fa72a20a-538a-4097-a624-859a9f5492b9_trans.jpeg\"><br \/>\n<img decoding=\"async\" src=\"https:\/\/oss-cf.cjdropshipping.com\/product\/2024\/12\/11\/03\/320396b4-e397-406f-a907-8d0837003382_trans.jpeg\"><br \/>\n<img decoding=\"async\" src=\"https:\/\/oss-cf.cjdropshipping.com\/product\/2024\/12\/11\/03\/c2266e16-7be4-4eb9-8ac4-dc8fc7eb3299_trans.jpeg\"><br \/>\n<img decoding=\"async\" src=\"https:\/\/oss-cf.cjdropshipping.com\/product\/2024\/12\/11\/03\/09d5f60d-b7ff-4070-979d-8b762c4f76fb_trans.jpeg\"><br \/>\n<img decoding=\"async\" src=\"https:\/\/oss-cf.cjdropshipping.com\/product\/2024\/12\/11\/03\/8ea81f58-f3ac-4d53-9994-18e37eeb6fab_trans.jpeg\"><br \/>\n<img decoding=\"async\" src=\"https:\/\/oss-cf.cjdropshipping.com\/product\/2024\/12\/11\/03\/246553f6-6bb4-42ef-89aa-b59b46c36e1d_trans.jpeg\"><br \/>\n<img decoding=\"async\" src=\"https:\/\/oss-cf.cjdropshipping.com\/product\/2024\/12\/11\/03\/0ecf0083-af2d-43de-969a-d1984b7bb546_trans.jpeg\"><br \/>\n<img decoding=\"async\" src=\"https:\/\/oss-cf.cjdropshipping.com\/product\/2024\/12\/11\/03\/e52e8c9c-1a6f-4812-91ae-a0d96bb41af8_trans.jpeg\"><br \/>\n<img decoding=\"async\" src=\"https:\/\/oss-cf.cjdropshipping.com\/product\/2024\/12\/11\/03\/c381fe7f-96ce-4ae7-9524-a48a50865f92_trans.jpeg\"><br \/>\n<img decoding=\"async\" src=\"https:\/\/oss-cf.cjdropshipping.com\/product\/2024\/12\/11\/03\/f14a7b2a-7536-45fd-8058-b30e8c092cd2_trans.jpeg\"><br \/>\n<img decoding=\"async\" src=\"https:\/\/oss-cf.cjdropshipping.com\/product\/2024\/12\/11\/03\/d9195f87-835d-42cd-a60d-a90f2da5ad94_trans.jpeg\"><\/p>\n","protected":false},"excerpt":{"rendered":"<p>Informations sur le produit : Couleur : ternie Mat\u00e9riau de la coque : Alliage Fonction : charge rapide Style : Design cr\u00e9atif Taille : Liste d&#8217;emballage : Bloc d&rsquo;alimentation mobile+c\u00e2ble de donn\u00e9es+mode d&#8217;emploi Image du produit :<\/p>\n","protected":false},"featured_media":17520,"comment_status":"open","ping_status":"closed","template":"","meta":{"content-type":""},"product_brand":[],"product_cat":[739],"product_tag":[],"class_list":{"0":"post-21229","1":"product","2":"type-product","3":"status-publish","4":"has-post-thumbnail","6":"product_cat-banque-denergie-et-station-de-recharge","8":"first","9":"instock","10":"taxable","11":"shipping-taxable","12":"purchasable","13":"product-type-variable","14":"add-to-wishlist-after_add_to_cart"},"yoast_head":"<!-- This site is optimized with the Yoast SEO plugin v27.4 - https:\/\/yoast.com\/product\/yoast-seo-wordpress\/ -->\n<title>Banque d&#039;\u00e9nergie de tr\u00e8s grande capacit\u00e9 225W \u00e0 charge rapide - Aigle Shopping Canada<\/title>\n<meta name=\"robots\" content=\"index, follow, max-snippet:-1, max-image-preview:large, max-video-preview:-1\" \/>\n<link rel=\"canonical\" href=\"https:\/\/aigleshopping.ca\/fr\/produit\/banque-denergie-de-tres-grande-capacite-225w-a-charge-rapide\/\" \/>\n<meta property=\"og:locale\" content=\"fr_FR\" \/>\n<meta property=\"og:type\" content=\"article\" \/>\n<meta property=\"og:title\" content=\"Banque d&#039;\u00e9nergie de tr\u00e8s grande capacit\u00e9 225W \u00e0 charge rapide - Aigle Shopping Canada\" \/>\n<meta property=\"og:description\" content=\"Informations sur le produit : Couleur : ternie Mat\u00e9riau de la coque : Alliage Fonction : charge rapide Style : Design cr\u00e9atif Taille : Liste d&#8217;emballage : Bloc d&rsquo;alimentation mobile+c\u00e2ble de donn\u00e9es+mode d&#8217;emploi Image du produit :\" \/>\n<meta property=\"og:url\" content=\"https:\/\/aigleshopping.ca\/fr\/produit\/banque-denergie-de-tres-grande-capacite-225w-a-charge-rapide\/\" \/>\n<meta property=\"og:site_name\" content=\"Aigle Shopping Canada\" \/>\n<meta property=\"og:image\" content=\"https:\/\/aigleshopping.ca\/wp-content\/uploads\/2025\/03\/5306377d-e010-4843-aa83-c97993c35145_trans.jpeg\" \/>\n\t<meta property=\"og:image:width\" content=\"800\" \/>\n\t<meta property=\"og:image:height\" content=\"800\" \/>\n\t<meta property=\"og:image:type\" content=\"image\/jpeg\" \/>\n<meta name=\"twitter:card\" content=\"summary_large_image\" \/>\n<script type=\"application\/ld+json\" class=\"yoast-schema-graph\">{\"@context\":\"https:\\\/\\\/schema.org\",\"@graph\":[{\"@type\":\"WebPage\",\"@id\":\"https:\\\/\\\/aigleshopping.ca\\\/fr\\\/produit\\\/banque-denergie-de-tres-grande-capacite-225w-a-charge-rapide\\\/\",\"url\":\"https:\\\/\\\/aigleshopping.ca\\\/fr\\\/produit\\\/banque-denergie-de-tres-grande-capacite-225w-a-charge-rapide\\\/\",\"name\":\"Banque d'\u00e9nergie de tr\u00e8s grande capacit\u00e9 225W \u00e0 charge rapide - Aigle Shopping Canada\",\"isPartOf\":{\"@id\":\"https:\\\/\\\/aigleshopping.ca\\\/#website\"},\"primaryImageOfPage\":{\"@id\":\"https:\\\/\\\/aigleshopping.ca\\\/fr\\\/produit\\\/banque-denergie-de-tres-grande-capacite-225w-a-charge-rapide\\\/#primaryimage\"},\"image\":{\"@id\":\"https:\\\/\\\/aigleshopping.ca\\\/fr\\\/produit\\\/banque-denergie-de-tres-grande-capacite-225w-a-charge-rapide\\\/#primaryimage\"},\"thumbnailUrl\":\"https:\\\/\\\/aigleshopping.ca\\\/wp-content\\\/uploads\\\/2025\\\/03\\\/5306377d-e010-4843-aa83-c97993c35145_trans.jpeg\",\"datePublished\":\"2025-03-09T20:15:57+00:00\",\"breadcrumb\":{\"@id\":\"https:\\\/\\\/aigleshopping.ca\\\/fr\\\/produit\\\/banque-denergie-de-tres-grande-capacite-225w-a-charge-rapide\\\/#breadcrumb\"},\"inLanguage\":\"fr-FR\",\"potentialAction\":[{\"@type\":\"ReadAction\",\"target\":[\"https:\\\/\\\/aigleshopping.ca\\\/fr\\\/produit\\\/banque-denergie-de-tres-grande-capacite-225w-a-charge-rapide\\\/\"]}]},{\"@type\":\"ImageObject\",\"inLanguage\":\"fr-FR\",\"@id\":\"https:\\\/\\\/aigleshopping.ca\\\/fr\\\/produit\\\/banque-denergie-de-tres-grande-capacite-225w-a-charge-rapide\\\/#primaryimage\",\"url\":\"https:\\\/\\\/aigleshopping.ca\\\/wp-content\\\/uploads\\\/2025\\\/03\\\/5306377d-e010-4843-aa83-c97993c35145_trans.jpeg\",\"contentUrl\":\"https:\\\/\\\/aigleshopping.ca\\\/wp-content\\\/uploads\\\/2025\\\/03\\\/5306377d-e010-4843-aa83-c97993c35145_trans.jpeg\",\"width\":800,\"height\":800},{\"@type\":\"BreadcrumbList\",\"@id\":\"https:\\\/\\\/aigleshopping.ca\\\/fr\\\/produit\\\/banque-denergie-de-tres-grande-capacite-225w-a-charge-rapide\\\/#breadcrumb\",\"itemListElement\":[{\"@type\":\"ListItem\",\"position\":1,\"name\":\"Home\",\"item\":\"https:\\\/\\\/aigleshopping.ca\\\/fr\\\/home\\\/\"},{\"@type\":\"ListItem\",\"position\":2,\"name\":\"Products\",\"item\":\"https:\\\/\\\/aigleshopping.ca\\\/shop\\\/\"},{\"@type\":\"ListItem\",\"position\":3,\"name\":\"Banque d&#8217;\u00e9nergie de tr\u00e8s grande capacit\u00e9 225W \u00e0 charge rapide\"}]},{\"@type\":\"WebSite\",\"@id\":\"https:\\\/\\\/aigleshopping.ca\\\/#website\",\"url\":\"https:\\\/\\\/aigleshopping.ca\\\/\",\"name\":\"Aigle Shopping Canada\",\"description\":\"Au-del\u00e0 des fronti\u00e8res, pour vous offrir le\u00a0meilleur!\",\"publisher\":{\"@id\":\"https:\\\/\\\/aigleshopping.ca\\\/#organization\"},\"potentialAction\":[{\"@type\":\"SearchAction\",\"target\":{\"@type\":\"EntryPoint\",\"urlTemplate\":\"https:\\\/\\\/aigleshopping.ca\\\/?s={search_term_string}\"},\"query-input\":{\"@type\":\"PropertyValueSpecification\",\"valueRequired\":true,\"valueName\":\"search_term_string\"}}],\"inLanguage\":\"fr-FR\"},{\"@type\":\"Organization\",\"@id\":\"https:\\\/\\\/aigleshopping.ca\\\/#organization\",\"name\":\"Aigle Shopping Canada\",\"url\":\"https:\\\/\\\/aigleshopping.ca\\\/\",\"logo\":{\"@type\":\"ImageObject\",\"inLanguage\":\"fr-FR\",\"@id\":\"https:\\\/\\\/aigleshopping.ca\\\/#\\\/schema\\\/logo\\\/image\\\/\",\"url\":\"https:\\\/\\\/aigleshopping.ca\\\/wp-content\\\/uploads\\\/2025\\\/12\\\/logo_aigleshopping_ca.png\",\"contentUrl\":\"https:\\\/\\\/aigleshopping.ca\\\/wp-content\\\/uploads\\\/2025\\\/12\\\/logo_aigleshopping_ca.png\",\"width\":800,\"height\":233,\"caption\":\"Aigle Shopping Canada\"},\"image\":{\"@id\":\"https:\\\/\\\/aigleshopping.ca\\\/#\\\/schema\\\/logo\\\/image\\\/\"}}]}<\/script>\n<!-- \/ Yoast SEO plugin. -->","yoast_head_json":{"title":"Banque d'\u00e9nergie de tr\u00e8s grande capacit\u00e9 225W \u00e0 charge rapide - Aigle Shopping Canada","robots":{"index":"index","follow":"follow","max-snippet":"max-snippet:-1","max-image-preview":"max-image-preview:large","max-video-preview":"max-video-preview:-1"},"canonical":"https:\/\/aigleshopping.ca\/fr\/produit\/banque-denergie-de-tres-grande-capacite-225w-a-charge-rapide\/","og_locale":"fr_FR","og_type":"article","og_title":"Banque d'\u00e9nergie de tr\u00e8s grande capacit\u00e9 225W \u00e0 charge rapide - Aigle Shopping Canada","og_description":"Informations sur le produit : Couleur : ternie Mat\u00e9riau de la coque : Alliage Fonction : charge rapide Style : Design cr\u00e9atif Taille : Liste d&#8217;emballage : Bloc d&rsquo;alimentation mobile+c\u00e2ble de donn\u00e9es+mode d&#8217;emploi Image du produit :","og_url":"https:\/\/aigleshopping.ca\/fr\/produit\/banque-denergie-de-tres-grande-capacite-225w-a-charge-rapide\/","og_site_name":"Aigle Shopping Canada","og_image":[{"width":800,"height":800,"url":"https:\/\/aigleshopping.ca\/wp-content\/uploads\/2025\/03\/5306377d-e010-4843-aa83-c97993c35145_trans.jpeg","type":"image\/jpeg"}],"twitter_card":"summary_large_image","schema":{"@context":"https:\/\/schema.org","@graph":[{"@type":"WebPage","@id":"https:\/\/aigleshopping.ca\/fr\/produit\/banque-denergie-de-tres-grande-capacite-225w-a-charge-rapide\/","url":"https:\/\/aigleshopping.ca\/fr\/produit\/banque-denergie-de-tres-grande-capacite-225w-a-charge-rapide\/","name":"Banque d'\u00e9nergie de tr\u00e8s grande capacit\u00e9 225W \u00e0 charge rapide - Aigle Shopping Canada","isPartOf":{"@id":"https:\/\/aigleshopping.ca\/#website"},"primaryImageOfPage":{"@id":"https:\/\/aigleshopping.ca\/fr\/produit\/banque-denergie-de-tres-grande-capacite-225w-a-charge-rapide\/#primaryimage"},"image":{"@id":"https:\/\/aigleshopping.ca\/fr\/produit\/banque-denergie-de-tres-grande-capacite-225w-a-charge-rapide\/#primaryimage"},"thumbnailUrl":"https:\/\/aigleshopping.ca\/wp-content\/uploads\/2025\/03\/5306377d-e010-4843-aa83-c97993c35145_trans.jpeg","datePublished":"2025-03-09T20:15:57+00:00","breadcrumb":{"@id":"https:\/\/aigleshopping.ca\/fr\/produit\/banque-denergie-de-tres-grande-capacite-225w-a-charge-rapide\/#breadcrumb"},"inLanguage":"fr-FR","potentialAction":[{"@type":"ReadAction","target":["https:\/\/aigleshopping.ca\/fr\/produit\/banque-denergie-de-tres-grande-capacite-225w-a-charge-rapide\/"]}]},{"@type":"ImageObject","inLanguage":"fr-FR","@id":"https:\/\/aigleshopping.ca\/fr\/produit\/banque-denergie-de-tres-grande-capacite-225w-a-charge-rapide\/#primaryimage","url":"https:\/\/aigleshopping.ca\/wp-content\/uploads\/2025\/03\/5306377d-e010-4843-aa83-c97993c35145_trans.jpeg","contentUrl":"https:\/\/aigleshopping.ca\/wp-content\/uploads\/2025\/03\/5306377d-e010-4843-aa83-c97993c35145_trans.jpeg","width":800,"height":800},{"@type":"BreadcrumbList","@id":"https:\/\/aigleshopping.ca\/fr\/produit\/banque-denergie-de-tres-grande-capacite-225w-a-charge-rapide\/#breadcrumb","itemListElement":[{"@type":"ListItem","position":1,"name":"Home","item":"https:\/\/aigleshopping.ca\/fr\/home\/"},{"@type":"ListItem","position":2,"name":"Products","item":"https:\/\/aigleshopping.ca\/shop\/"},{"@type":"ListItem","position":3,"name":"Banque d&#8217;\u00e9nergie de tr\u00e8s grande capacit\u00e9 225W \u00e0 charge rapide"}]},{"@type":"WebSite","@id":"https:\/\/aigleshopping.ca\/#website","url":"https:\/\/aigleshopping.ca\/","name":"Aigle Shopping Canada","description":"Au-del\u00e0 des fronti\u00e8res, pour vous offrir le\u00a0meilleur!","publisher":{"@id":"https:\/\/aigleshopping.ca\/#organization"},"potentialAction":[{"@type":"SearchAction","target":{"@type":"EntryPoint","urlTemplate":"https:\/\/aigleshopping.ca\/?s={search_term_string}"},"query-input":{"@type":"PropertyValueSpecification","valueRequired":true,"valueName":"search_term_string"}}],"inLanguage":"fr-FR"},{"@type":"Organization","@id":"https:\/\/aigleshopping.ca\/#organization","name":"Aigle Shopping Canada","url":"https:\/\/aigleshopping.ca\/","logo":{"@type":"ImageObject","inLanguage":"fr-FR","@id":"https:\/\/aigleshopping.ca\/#\/schema\/logo\/image\/","url":"https:\/\/aigleshopping.ca\/wp-content\/uploads\/2025\/12\/logo_aigleshopping_ca.png","contentUrl":"https:\/\/aigleshopping.ca\/wp-content\/uploads\/2025\/12\/logo_aigleshopping_ca.png","width":800,"height":233,"caption":"Aigle Shopping Canada"},"image":{"@id":"https:\/\/aigleshopping.ca\/#\/schema\/logo\/image\/"}}]}},"jetpack_sharing_enabled":true,"_links":{"self":[{"href":"https:\/\/aigleshopping.ca\/fr\/wp-json\/wp\/v2\/product\/21229","targetHints":{"allow":["GET"]}}],"collection":[{"href":"https:\/\/aigleshopping.ca\/fr\/wp-json\/wp\/v2\/product"}],"about":[{"href":"https:\/\/aigleshopping.ca\/fr\/wp-json\/wp\/v2\/types\/product"}],"replies":[{"embeddable":true,"href":"https:\/\/aigleshopping.ca\/fr\/wp-json\/wp\/v2\/comments?post=21229"}],"wp:featuredmedia":[{"embeddable":true,"href":"https:\/\/aigleshopping.ca\/fr\/wp-json\/wp\/v2\/media\/17520"}],"wp:attachment":[{"href":"https:\/\/aigleshopping.ca\/fr\/wp-json\/wp\/v2\/media?parent=21229"}],"wp:term":[{"taxonomy":"product_brand","embeddable":true,"href":"https:\/\/aigleshopping.ca\/fr\/wp-json\/wp\/v2\/product_brand?post=21229"},{"taxonomy":"product_cat","embeddable":true,"href":"https:\/\/aigleshopping.ca\/fr\/wp-json\/wp\/v2\/product_cat?post=21229"},{"taxonomy":"product_tag","embeddable":true,"href":"https:\/\/aigleshopping.ca\/fr\/wp-json\/wp\/v2\/product_tag?post=21229"}],"curies":[{"name":"wp","href":"https:\/\/api.w.org\/{rel}","templated":true}]}}