{"id":21250,"date":"2025-03-09T20:21:20","date_gmt":"2025-03-09T20:21:20","guid":{"rendered":"https:\/\/aigleshopping.ca\/produit\/10000-mah-livre-avec-cable-alimentation-mobile-de-grande-capacite-22-5w-a-charge-rapide\/"},"modified":"2025-03-09T20:21:20","modified_gmt":"2025-03-09T20:21:20","slug":"10000-mah-livre-avec-cable-alimentation-mobile-de-grande-capacite-22-5w-a-charge-rapide","status":"publish","type":"product","link":"https:\/\/aigleshopping.ca\/fr\/produit\/10000-mah-livre-avec-cable-alimentation-mobile-de-grande-capacite-22-5w-a-charge-rapide\/","title":{"rendered":"10000 Mah Livr\u00e9 avec c\u00e2ble Alimentation mobile de grande capacit\u00e9 22.5W \u00e0 charge rapide"},"content":{"rendered":"<p> <b>Informations sur le produit :<\/b>  <\/p>\n<p>  Cat\u00e9gorie : Banque d&rsquo;alimentation <br \/> Type de batterie : Bo\u00eetier carr\u00e9 en aluminium <br \/> Type de cellule : cellule lithium-ion polym\u00e8re <br \/> Mat\u00e9riau de la coque : ABS+PC mat\u00e9riau ignifuge <br \/> Couleur : blanc, rose, violet <br \/> Capacit\u00e9 d&rsquo;alimentation : 10000mAh <br \/> Taille du produit : 98*54.5*29mm <br \/> Puissance de charge : PD22.5W <br \/> Style : Design cr\u00e9atif <br \/> Poids : 253g  <\/p>\n<p> <span style=\"font-size: 1em\">Fonction : Prise en charge de la charge rapide<\/span> <\/p>\n<p> <b> <br \/> <\/b> <\/p>\n<p> <b>Caract\u00e9ristiques :<\/b> <br \/> 22.5W Super fast charge, support PD3.0, QC3.0, Samsung AFC et Huawei SCP, FCP et autres protocoles de charge rapide ; <br \/> Il est livr\u00e9 avec une double ligne de charge rapide, qui est \u00e9galement une lani\u00e8re, il est plus pratique de remplir avec l&rsquo;utilisation ; <br \/> Trois sorties, en m\u00eame temps supporter la charge de 3 appareils ; <br \/> 10000mAh mini compact, facile \u00e0 transporter ; <br \/> \u00c9cran d&rsquo;affichage num\u00e9rique, l&rsquo;affichage en temps r\u00e9el de la puissance, l&rsquo;anxi\u00e9t\u00e9 de puissance au revoir.  <\/p>\n<p> <\/p>\n<p> <b>Liste d&#8217;emballage :<\/b> <\/p>\n<p>  1* Banque d&rsquo;alimentation   <\/p>\n<p> <\/p>\n<p> <b>Image du produit :<\/b> <\/p>\n<p> <img decoding=\"async\" src=\"https:\/\/cf.cjdropshipping.com\/1c7cf764-e621-4025-94e9-614b171b6ad8.jpg\"> <img decoding=\"async\" src=\"https:\/\/cf.cjdropshipping.com\/4919481d-d876-4baa-bda5-1d8638ef546d.jpg\"> <img decoding=\"async\" src=\"https:\/\/cf.cjdropshipping.com\/82126c57-af42-4b1d-a3d7-4caaacb2bb1a.jpg\"> <img decoding=\"async\" src=\"https:\/\/cf.cjdropshipping.com\/70a65d17-762b-47bc-b92c-cc6012af8ed0.jpg\"> <img decoding=\"async\" src=\"https:\/\/cf.cjdropshipping.com\/ae80ba78-a813-4c67-9e89-23b7996a669a.jpg\"> <img decoding=\"async\" src=\"https:\/\/cf.cjdropshipping.com\/7cb893be-79fb-491a-9b79-95d39e4f5949.jpg\"> <b> <br \/> <\/b> <\/p>\n","protected":false},"excerpt":{"rendered":"<p>Informations sur le produit : Cat\u00e9gorie : Banque d&rsquo;alimentation Type de batterie : Bo\u00eetier carr\u00e9 en aluminium Type de cellule : cellule lithium-ion polym\u00e8re Mat\u00e9riau de la coque : ABS+PC mat\u00e9riau ignifuge Couleur : blanc, rose, violet Capacit\u00e9 d&rsquo;alimentation : 10000mAh Taille du produit : 98*54.5*29mm Puissance de charge : PD22.5W Style : Design cr\u00e9atif [&hellip;]<\/p>\n","protected":false},"featured_media":17661,"comment_status":"open","ping_status":"closed","template":"","meta":{"content-type":""},"product_brand":[],"product_cat":[739],"product_tag":[],"class_list":{"0":"post-21250","1":"product","2":"type-product","3":"status-publish","4":"has-post-thumbnail","6":"product_cat-banque-denergie-et-station-de-recharge","8":"first","9":"instock","10":"taxable","11":"shipping-taxable","12":"purchasable","13":"product-type-variable","14":"add-to-wishlist-after_add_to_cart"},"yoast_head":"<!-- This site is optimized with the Yoast SEO plugin v27.5 - https:\/\/yoast.com\/product\/yoast-seo-wordpress\/ -->\n<title>10000 Mah Livr\u00e9 avec c\u00e2ble Alimentation mobile de grande capacit\u00e9 22.5W \u00e0 charge rapide - Aigle Shopping Canada<\/title>\n<meta name=\"robots\" content=\"index, follow, max-snippet:-1, max-image-preview:large, max-video-preview:-1\" \/>\n<link rel=\"canonical\" href=\"https:\/\/aigleshopping.ca\/fr\/produit\/10000-mah-livre-avec-cable-alimentation-mobile-de-grande-capacite-22-5w-a-charge-rapide\/\" \/>\n<meta property=\"og:locale\" content=\"fr_FR\" \/>\n<meta property=\"og:type\" content=\"article\" \/>\n<meta property=\"og:title\" content=\"10000 Mah Livr\u00e9 avec c\u00e2ble Alimentation mobile de grande capacit\u00e9 22.5W \u00e0 charge rapide - Aigle Shopping Canada\" \/>\n<meta property=\"og:description\" content=\"Informations sur le produit : Cat\u00e9gorie : Banque d&rsquo;alimentation Type de batterie : Bo\u00eetier carr\u00e9 en aluminium Type de cellule : cellule lithium-ion polym\u00e8re Mat\u00e9riau de la coque : ABS+PC mat\u00e9riau ignifuge Couleur : blanc, rose, violet Capacit\u00e9 d&rsquo;alimentation : 10000mAh Taille du produit : 98*54.5*29mm Puissance de charge : PD22.5W Style : Design cr\u00e9atif [&hellip;]\" \/>\n<meta property=\"og:url\" content=\"https:\/\/aigleshopping.ca\/fr\/produit\/10000-mah-livre-avec-cable-alimentation-mobile-de-grande-capacite-22-5w-a-charge-rapide\/\" \/>\n<meta property=\"og:site_name\" content=\"Aigle Shopping Canada\" \/>\n<meta property=\"og:image\" content=\"https:\/\/aigleshopping.ca\/wp-content\/uploads\/2025\/03\/7463e948-d2cf-437d-81d4-91dd90b5fbc1.jpg\" \/>\n\t<meta property=\"og:image:width\" content=\"800\" \/>\n\t<meta property=\"og:image:height\" content=\"800\" \/>\n\t<meta property=\"og:image:type\" content=\"image\/jpeg\" \/>\n<meta name=\"twitter:card\" content=\"summary_large_image\" \/>\n<meta name=\"twitter:label1\" content=\"Dur\u00e9e de lecture estim\u00e9e\" \/>\n\t<meta name=\"twitter:data1\" content=\"1 minute\" \/>\n<script type=\"application\/ld+json\" class=\"yoast-schema-graph\">{\"@context\":\"https:\\\/\\\/schema.org\",\"@graph\":[{\"@type\":\"WebPage\",\"@id\":\"https:\\\/\\\/aigleshopping.ca\\\/fr\\\/produit\\\/10000-mah-livre-avec-cable-alimentation-mobile-de-grande-capacite-22-5w-a-charge-rapide\\\/\",\"url\":\"https:\\\/\\\/aigleshopping.ca\\\/fr\\\/produit\\\/10000-mah-livre-avec-cable-alimentation-mobile-de-grande-capacite-22-5w-a-charge-rapide\\\/\",\"name\":\"10000 Mah Livr\u00e9 avec c\u00e2ble Alimentation mobile de grande capacit\u00e9 22.5W \u00e0 charge rapide - Aigle Shopping Canada\",\"isPartOf\":{\"@id\":\"https:\\\/\\\/aigleshopping.ca\\\/#website\"},\"primaryImageOfPage\":{\"@id\":\"https:\\\/\\\/aigleshopping.ca\\\/fr\\\/produit\\\/10000-mah-livre-avec-cable-alimentation-mobile-de-grande-capacite-22-5w-a-charge-rapide\\\/#primaryimage\"},\"image\":{\"@id\":\"https:\\\/\\\/aigleshopping.ca\\\/fr\\\/produit\\\/10000-mah-livre-avec-cable-alimentation-mobile-de-grande-capacite-22-5w-a-charge-rapide\\\/#primaryimage\"},\"thumbnailUrl\":\"https:\\\/\\\/aigleshopping.ca\\\/wp-content\\\/uploads\\\/2025\\\/03\\\/7463e948-d2cf-437d-81d4-91dd90b5fbc1.jpg\",\"datePublished\":\"2025-03-09T20:21:20+00:00\",\"breadcrumb\":{\"@id\":\"https:\\\/\\\/aigleshopping.ca\\\/fr\\\/produit\\\/10000-mah-livre-avec-cable-alimentation-mobile-de-grande-capacite-22-5w-a-charge-rapide\\\/#breadcrumb\"},\"inLanguage\":\"fr-FR\",\"potentialAction\":[{\"@type\":\"ReadAction\",\"target\":[\"https:\\\/\\\/aigleshopping.ca\\\/fr\\\/produit\\\/10000-mah-livre-avec-cable-alimentation-mobile-de-grande-capacite-22-5w-a-charge-rapide\\\/\"]}]},{\"@type\":\"ImageObject\",\"inLanguage\":\"fr-FR\",\"@id\":\"https:\\\/\\\/aigleshopping.ca\\\/fr\\\/produit\\\/10000-mah-livre-avec-cable-alimentation-mobile-de-grande-capacite-22-5w-a-charge-rapide\\\/#primaryimage\",\"url\":\"https:\\\/\\\/aigleshopping.ca\\\/wp-content\\\/uploads\\\/2025\\\/03\\\/7463e948-d2cf-437d-81d4-91dd90b5fbc1.jpg\",\"contentUrl\":\"https:\\\/\\\/aigleshopping.ca\\\/wp-content\\\/uploads\\\/2025\\\/03\\\/7463e948-d2cf-437d-81d4-91dd90b5fbc1.jpg\",\"width\":800,\"height\":800},{\"@type\":\"BreadcrumbList\",\"@id\":\"https:\\\/\\\/aigleshopping.ca\\\/fr\\\/produit\\\/10000-mah-livre-avec-cable-alimentation-mobile-de-grande-capacite-22-5w-a-charge-rapide\\\/#breadcrumb\",\"itemListElement\":[{\"@type\":\"ListItem\",\"position\":1,\"name\":\"Home\",\"item\":\"https:\\\/\\\/aigleshopping.ca\\\/fr\\\/home\\\/\"},{\"@type\":\"ListItem\",\"position\":2,\"name\":\"Products\",\"item\":\"https:\\\/\\\/aigleshopping.ca\\\/shop\\\/\"},{\"@type\":\"ListItem\",\"position\":3,\"name\":\"10000 Mah Livr\u00e9 avec c\u00e2ble Alimentation mobile de grande capacit\u00e9 22.5W \u00e0 charge rapide\"}]},{\"@type\":\"WebSite\",\"@id\":\"https:\\\/\\\/aigleshopping.ca\\\/#website\",\"url\":\"https:\\\/\\\/aigleshopping.ca\\\/\",\"name\":\"Aigle Shopping Canada\",\"description\":\"Au-del\u00e0 des fronti\u00e8res, pour vous offrir le\u00a0meilleur!\",\"publisher\":{\"@id\":\"https:\\\/\\\/aigleshopping.ca\\\/#organization\"},\"potentialAction\":[{\"@type\":\"SearchAction\",\"target\":{\"@type\":\"EntryPoint\",\"urlTemplate\":\"https:\\\/\\\/aigleshopping.ca\\\/?s={search_term_string}\"},\"query-input\":{\"@type\":\"PropertyValueSpecification\",\"valueRequired\":true,\"valueName\":\"search_term_string\"}}],\"inLanguage\":\"fr-FR\"},{\"@type\":\"Organization\",\"@id\":\"https:\\\/\\\/aigleshopping.ca\\\/#organization\",\"name\":\"Aigle Shopping Canada\",\"url\":\"https:\\\/\\\/aigleshopping.ca\\\/\",\"logo\":{\"@type\":\"ImageObject\",\"inLanguage\":\"fr-FR\",\"@id\":\"https:\\\/\\\/aigleshopping.ca\\\/#\\\/schema\\\/logo\\\/image\\\/\",\"url\":\"https:\\\/\\\/aigleshopping.ca\\\/wp-content\\\/uploads\\\/2025\\\/12\\\/logo_aigleshopping_ca.png\",\"contentUrl\":\"https:\\\/\\\/aigleshopping.ca\\\/wp-content\\\/uploads\\\/2025\\\/12\\\/logo_aigleshopping_ca.png\",\"width\":800,\"height\":233,\"caption\":\"Aigle Shopping Canada\"},\"image\":{\"@id\":\"https:\\\/\\\/aigleshopping.ca\\\/#\\\/schema\\\/logo\\\/image\\\/\"}}]}<\/script>\n<!-- \/ Yoast SEO plugin. -->","yoast_head_json":{"title":"10000 Mah Livr\u00e9 avec c\u00e2ble Alimentation mobile de grande capacit\u00e9 22.5W \u00e0 charge rapide - Aigle Shopping Canada","robots":{"index":"index","follow":"follow","max-snippet":"max-snippet:-1","max-image-preview":"max-image-preview:large","max-video-preview":"max-video-preview:-1"},"canonical":"https:\/\/aigleshopping.ca\/fr\/produit\/10000-mah-livre-avec-cable-alimentation-mobile-de-grande-capacite-22-5w-a-charge-rapide\/","og_locale":"fr_FR","og_type":"article","og_title":"10000 Mah Livr\u00e9 avec c\u00e2ble Alimentation mobile de grande capacit\u00e9 22.5W \u00e0 charge rapide - Aigle Shopping Canada","og_description":"Informations sur le produit : Cat\u00e9gorie : Banque d&rsquo;alimentation Type de batterie : Bo\u00eetier carr\u00e9 en aluminium Type de cellule : cellule lithium-ion polym\u00e8re Mat\u00e9riau de la coque : ABS+PC mat\u00e9riau ignifuge Couleur : blanc, rose, violet Capacit\u00e9 d&rsquo;alimentation : 10000mAh Taille du produit : 98*54.5*29mm Puissance de charge : PD22.5W Style : Design cr\u00e9atif [&hellip;]","og_url":"https:\/\/aigleshopping.ca\/fr\/produit\/10000-mah-livre-avec-cable-alimentation-mobile-de-grande-capacite-22-5w-a-charge-rapide\/","og_site_name":"Aigle Shopping Canada","og_image":[{"width":800,"height":800,"url":"https:\/\/aigleshopping.ca\/wp-content\/uploads\/2025\/03\/7463e948-d2cf-437d-81d4-91dd90b5fbc1.jpg","type":"image\/jpeg"}],"twitter_card":"summary_large_image","twitter_misc":{"Dur\u00e9e de lecture estim\u00e9e":"1 minute"},"schema":{"@context":"https:\/\/schema.org","@graph":[{"@type":"WebPage","@id":"https:\/\/aigleshopping.ca\/fr\/produit\/10000-mah-livre-avec-cable-alimentation-mobile-de-grande-capacite-22-5w-a-charge-rapide\/","url":"https:\/\/aigleshopping.ca\/fr\/produit\/10000-mah-livre-avec-cable-alimentation-mobile-de-grande-capacite-22-5w-a-charge-rapide\/","name":"10000 Mah Livr\u00e9 avec c\u00e2ble Alimentation mobile de grande capacit\u00e9 22.5W \u00e0 charge rapide - Aigle Shopping Canada","isPartOf":{"@id":"https:\/\/aigleshopping.ca\/#website"},"primaryImageOfPage":{"@id":"https:\/\/aigleshopping.ca\/fr\/produit\/10000-mah-livre-avec-cable-alimentation-mobile-de-grande-capacite-22-5w-a-charge-rapide\/#primaryimage"},"image":{"@id":"https:\/\/aigleshopping.ca\/fr\/produit\/10000-mah-livre-avec-cable-alimentation-mobile-de-grande-capacite-22-5w-a-charge-rapide\/#primaryimage"},"thumbnailUrl":"https:\/\/aigleshopping.ca\/wp-content\/uploads\/2025\/03\/7463e948-d2cf-437d-81d4-91dd90b5fbc1.jpg","datePublished":"2025-03-09T20:21:20+00:00","breadcrumb":{"@id":"https:\/\/aigleshopping.ca\/fr\/produit\/10000-mah-livre-avec-cable-alimentation-mobile-de-grande-capacite-22-5w-a-charge-rapide\/#breadcrumb"},"inLanguage":"fr-FR","potentialAction":[{"@type":"ReadAction","target":["https:\/\/aigleshopping.ca\/fr\/produit\/10000-mah-livre-avec-cable-alimentation-mobile-de-grande-capacite-22-5w-a-charge-rapide\/"]}]},{"@type":"ImageObject","inLanguage":"fr-FR","@id":"https:\/\/aigleshopping.ca\/fr\/produit\/10000-mah-livre-avec-cable-alimentation-mobile-de-grande-capacite-22-5w-a-charge-rapide\/#primaryimage","url":"https:\/\/aigleshopping.ca\/wp-content\/uploads\/2025\/03\/7463e948-d2cf-437d-81d4-91dd90b5fbc1.jpg","contentUrl":"https:\/\/aigleshopping.ca\/wp-content\/uploads\/2025\/03\/7463e948-d2cf-437d-81d4-91dd90b5fbc1.jpg","width":800,"height":800},{"@type":"BreadcrumbList","@id":"https:\/\/aigleshopping.ca\/fr\/produit\/10000-mah-livre-avec-cable-alimentation-mobile-de-grande-capacite-22-5w-a-charge-rapide\/#breadcrumb","itemListElement":[{"@type":"ListItem","position":1,"name":"Home","item":"https:\/\/aigleshopping.ca\/fr\/home\/"},{"@type":"ListItem","position":2,"name":"Products","item":"https:\/\/aigleshopping.ca\/shop\/"},{"@type":"ListItem","position":3,"name":"10000 Mah Livr\u00e9 avec c\u00e2ble Alimentation mobile de grande capacit\u00e9 22.5W \u00e0 charge rapide"}]},{"@type":"WebSite","@id":"https:\/\/aigleshopping.ca\/#website","url":"https:\/\/aigleshopping.ca\/","name":"Aigle Shopping Canada","description":"Au-del\u00e0 des fronti\u00e8res, pour vous offrir le\u00a0meilleur!","publisher":{"@id":"https:\/\/aigleshopping.ca\/#organization"},"potentialAction":[{"@type":"SearchAction","target":{"@type":"EntryPoint","urlTemplate":"https:\/\/aigleshopping.ca\/?s={search_term_string}"},"query-input":{"@type":"PropertyValueSpecification","valueRequired":true,"valueName":"search_term_string"}}],"inLanguage":"fr-FR"},{"@type":"Organization","@id":"https:\/\/aigleshopping.ca\/#organization","name":"Aigle Shopping Canada","url":"https:\/\/aigleshopping.ca\/","logo":{"@type":"ImageObject","inLanguage":"fr-FR","@id":"https:\/\/aigleshopping.ca\/#\/schema\/logo\/image\/","url":"https:\/\/aigleshopping.ca\/wp-content\/uploads\/2025\/12\/logo_aigleshopping_ca.png","contentUrl":"https:\/\/aigleshopping.ca\/wp-content\/uploads\/2025\/12\/logo_aigleshopping_ca.png","width":800,"height":233,"caption":"Aigle Shopping Canada"},"image":{"@id":"https:\/\/aigleshopping.ca\/#\/schema\/logo\/image\/"}}]}},"jetpack_sharing_enabled":true,"_links":{"self":[{"href":"https:\/\/aigleshopping.ca\/fr\/wp-json\/wp\/v2\/product\/21250","targetHints":{"allow":["GET"]}}],"collection":[{"href":"https:\/\/aigleshopping.ca\/fr\/wp-json\/wp\/v2\/product"}],"about":[{"href":"https:\/\/aigleshopping.ca\/fr\/wp-json\/wp\/v2\/types\/product"}],"replies":[{"embeddable":true,"href":"https:\/\/aigleshopping.ca\/fr\/wp-json\/wp\/v2\/comments?post=21250"}],"wp:featuredmedia":[{"embeddable":true,"href":"https:\/\/aigleshopping.ca\/fr\/wp-json\/wp\/v2\/media\/17661"}],"wp:attachment":[{"href":"https:\/\/aigleshopping.ca\/fr\/wp-json\/wp\/v2\/media?parent=21250"}],"wp:term":[{"taxonomy":"product_brand","embeddable":true,"href":"https:\/\/aigleshopping.ca\/fr\/wp-json\/wp\/v2\/product_brand?post=21250"},{"taxonomy":"product_cat","embeddable":true,"href":"https:\/\/aigleshopping.ca\/fr\/wp-json\/wp\/v2\/product_cat?post=21250"},{"taxonomy":"product_tag","embeddable":true,"href":"https:\/\/aigleshopping.ca\/fr\/wp-json\/wp\/v2\/product_tag?post=21250"}],"curies":[{"name":"wp","href":"https:\/\/api.w.org\/{rel}","templated":true}]}}