{"id":21260,"date":"2025-03-08T18:52:39","date_gmt":"2025-03-08T18:52:39","guid":{"rendered":"https:\/\/aigleshopping.ca\/produit\/raquette-de-tennis-pour-enfants\/"},"modified":"2025-03-08T18:52:39","modified_gmt":"2025-03-08T18:52:39","slug":"raquette-de-tennis-pour-enfants","status":"publish","type":"product","link":"https:\/\/aigleshopping.ca\/fr\/produit\/raquette-de-tennis-pour-enfants\/","title":{"rendered":"Raquette de tennis pour enfants"},"content":{"rendered":"<p>  Mat\u00e9riau : alliage carbone-aluminium <br \/> Forme : ovale <br \/> Epaisseur : 20mm ou moins <br \/> Classification de la longueur de tir : Type ordinaire <br \/> Duret\u00e9 de la raquette : dure <br \/> Objets concern\u00e9s : enfants <br \/> Classification de la surface de la raquette de tennis : Surface de la raquette MP (g\u00e9n\u00e9ral) <br \/> Point d&rsquo;\u00e9quilibre de la raquette de tennis : poids de la t\u00eate (ligne de fond\/type technique)  <img decoding=\"async\" src=\"https:\/\/cf.cjdropshipping.com\/5d55b054-e471-47a0-b2d5-7bd7c50997b2.jpg\"> <img decoding=\"async\" src=\"https:\/\/cf.cjdropshipping.com\/26646a4c-047d-450a-ba3c-734a7ccce234.jpg\"> <img decoding=\"async\" src=\"https:\/\/cf.cjdropshipping.com\/65b6fbe4-6be9-4ad0-b6a2-94b5edafbcd8.jpg\"> <img decoding=\"async\" src=\"https:\/\/cf.cjdropshipping.com\/b41da483-83e2-4650-8034-6bf381e73673.jpg\"> <img decoding=\"async\" src=\"https:\/\/cf.cjdropshipping.com\/d5953588-030f-4f74-923f-edb4b2660947.jpg\"> <img decoding=\"async\" src=\"https:\/\/cf.cjdropshipping.com\/92331daf-76e0-48da-bef7-501cfc2b73f8.jpg\"> <img decoding=\"async\" src=\"https:\/\/cf.cjdropshipping.com\/41844e27-51fb-490c-8cea-17def02463d5.jpg\"> <\/p>\n","protected":false},"excerpt":{"rendered":"<p>Mat\u00e9riau : alliage carbone-aluminium Forme : ovale Epaisseur : 20mm ou moins Classification de la longueur de tir : Type ordinaire Duret\u00e9 de la raquette : dure Objets concern\u00e9s : enfants Classification de la surface de la raquette de tennis : Surface de la raquette MP (g\u00e9n\u00e9ral) Point d&rsquo;\u00e9quilibre de la raquette de tennis : [&hellip;]<\/p>\n","protected":false},"featured_media":14567,"comment_status":"open","ping_status":"closed","template":"","meta":{"content-type":""},"product_brand":[],"product_cat":[217],"product_tag":[],"class_list":{"0":"post-21260","1":"product","2":"type-product","3":"status-publish","4":"has-post-thumbnail","6":"product_cat-sport-fr","8":"first","9":"instock","10":"taxable","11":"shipping-taxable","12":"purchasable","13":"product-type-variable","14":"add-to-wishlist-after_add_to_cart"},"yoast_head":"<!-- This site is optimized with the Yoast SEO plugin v27.4 - https:\/\/yoast.com\/product\/yoast-seo-wordpress\/ -->\n<title>Raquette de tennis pour enfants - Aigle Shopping Canada<\/title>\n<meta name=\"robots\" content=\"index, follow, max-snippet:-1, max-image-preview:large, max-video-preview:-1\" \/>\n<link rel=\"canonical\" href=\"https:\/\/aigleshopping.ca\/fr\/produit\/raquette-de-tennis-pour-enfants\/\" \/>\n<meta property=\"og:locale\" content=\"fr_FR\" \/>\n<meta property=\"og:type\" content=\"article\" \/>\n<meta property=\"og:title\" content=\"Raquette de tennis pour enfants - Aigle Shopping Canada\" \/>\n<meta property=\"og:description\" content=\"Mat\u00e9riau : alliage carbone-aluminium Forme : ovale Epaisseur : 20mm ou moins Classification de la longueur de tir : Type ordinaire Duret\u00e9 de la raquette : dure Objets concern\u00e9s : enfants Classification de la surface de la raquette de tennis : Surface de la raquette MP (g\u00e9n\u00e9ral) Point d&rsquo;\u00e9quilibre de la raquette de tennis : [&hellip;]\" \/>\n<meta property=\"og:url\" content=\"https:\/\/aigleshopping.ca\/fr\/produit\/raquette-de-tennis-pour-enfants\/\" \/>\n<meta property=\"og:site_name\" content=\"Aigle Shopping Canada\" \/>\n<meta property=\"og:image\" content=\"https:\/\/aigleshopping.ca\/wp-content\/uploads\/2025\/03\/6945004171253.jpg\" \/>\n\t<meta property=\"og:image:width\" content=\"800\" \/>\n\t<meta property=\"og:image:height\" content=\"800\" \/>\n\t<meta property=\"og:image:type\" content=\"image\/jpeg\" \/>\n<meta name=\"twitter:card\" content=\"summary_large_image\" \/>\n<script type=\"application\/ld+json\" class=\"yoast-schema-graph\">{\"@context\":\"https:\\\/\\\/schema.org\",\"@graph\":[{\"@type\":\"WebPage\",\"@id\":\"https:\\\/\\\/aigleshopping.ca\\\/fr\\\/produit\\\/raquette-de-tennis-pour-enfants\\\/\",\"url\":\"https:\\\/\\\/aigleshopping.ca\\\/fr\\\/produit\\\/raquette-de-tennis-pour-enfants\\\/\",\"name\":\"Raquette de tennis pour enfants - Aigle Shopping Canada\",\"isPartOf\":{\"@id\":\"https:\\\/\\\/aigleshopping.ca\\\/#website\"},\"primaryImageOfPage\":{\"@id\":\"https:\\\/\\\/aigleshopping.ca\\\/fr\\\/produit\\\/raquette-de-tennis-pour-enfants\\\/#primaryimage\"},\"image\":{\"@id\":\"https:\\\/\\\/aigleshopping.ca\\\/fr\\\/produit\\\/raquette-de-tennis-pour-enfants\\\/#primaryimage\"},\"thumbnailUrl\":\"https:\\\/\\\/aigleshopping.ca\\\/wp-content\\\/uploads\\\/2025\\\/03\\\/6945004171253.jpg\",\"datePublished\":\"2025-03-08T18:52:39+00:00\",\"breadcrumb\":{\"@id\":\"https:\\\/\\\/aigleshopping.ca\\\/fr\\\/produit\\\/raquette-de-tennis-pour-enfants\\\/#breadcrumb\"},\"inLanguage\":\"fr-FR\",\"potentialAction\":[{\"@type\":\"ReadAction\",\"target\":[\"https:\\\/\\\/aigleshopping.ca\\\/fr\\\/produit\\\/raquette-de-tennis-pour-enfants\\\/\"]}]},{\"@type\":\"ImageObject\",\"inLanguage\":\"fr-FR\",\"@id\":\"https:\\\/\\\/aigleshopping.ca\\\/fr\\\/produit\\\/raquette-de-tennis-pour-enfants\\\/#primaryimage\",\"url\":\"https:\\\/\\\/aigleshopping.ca\\\/wp-content\\\/uploads\\\/2025\\\/03\\\/6945004171253.jpg\",\"contentUrl\":\"https:\\\/\\\/aigleshopping.ca\\\/wp-content\\\/uploads\\\/2025\\\/03\\\/6945004171253.jpg\",\"width\":800,\"height\":800},{\"@type\":\"BreadcrumbList\",\"@id\":\"https:\\\/\\\/aigleshopping.ca\\\/fr\\\/produit\\\/raquette-de-tennis-pour-enfants\\\/#breadcrumb\",\"itemListElement\":[{\"@type\":\"ListItem\",\"position\":1,\"name\":\"Home\",\"item\":\"https:\\\/\\\/aigleshopping.ca\\\/fr\\\/home\\\/\"},{\"@type\":\"ListItem\",\"position\":2,\"name\":\"Products\",\"item\":\"https:\\\/\\\/aigleshopping.ca\\\/shop\\\/\"},{\"@type\":\"ListItem\",\"position\":3,\"name\":\"Raquette de tennis pour enfants\"}]},{\"@type\":\"WebSite\",\"@id\":\"https:\\\/\\\/aigleshopping.ca\\\/#website\",\"url\":\"https:\\\/\\\/aigleshopping.ca\\\/\",\"name\":\"Aigle Shopping Canada\",\"description\":\"Au-del\u00e0 des fronti\u00e8res, pour vous offrir le\u00a0meilleur!\",\"publisher\":{\"@id\":\"https:\\\/\\\/aigleshopping.ca\\\/#organization\"},\"potentialAction\":[{\"@type\":\"SearchAction\",\"target\":{\"@type\":\"EntryPoint\",\"urlTemplate\":\"https:\\\/\\\/aigleshopping.ca\\\/?s={search_term_string}\"},\"query-input\":{\"@type\":\"PropertyValueSpecification\",\"valueRequired\":true,\"valueName\":\"search_term_string\"}}],\"inLanguage\":\"fr-FR\"},{\"@type\":\"Organization\",\"@id\":\"https:\\\/\\\/aigleshopping.ca\\\/#organization\",\"name\":\"Aigle Shopping Canada\",\"url\":\"https:\\\/\\\/aigleshopping.ca\\\/\",\"logo\":{\"@type\":\"ImageObject\",\"inLanguage\":\"fr-FR\",\"@id\":\"https:\\\/\\\/aigleshopping.ca\\\/#\\\/schema\\\/logo\\\/image\\\/\",\"url\":\"https:\\\/\\\/aigleshopping.ca\\\/wp-content\\\/uploads\\\/2025\\\/12\\\/logo_aigleshopping_ca.png\",\"contentUrl\":\"https:\\\/\\\/aigleshopping.ca\\\/wp-content\\\/uploads\\\/2025\\\/12\\\/logo_aigleshopping_ca.png\",\"width\":800,\"height\":233,\"caption\":\"Aigle Shopping Canada\"},\"image\":{\"@id\":\"https:\\\/\\\/aigleshopping.ca\\\/#\\\/schema\\\/logo\\\/image\\\/\"}}]}<\/script>\n<!-- \/ Yoast SEO plugin. -->","yoast_head_json":{"title":"Raquette de tennis pour enfants - Aigle Shopping Canada","robots":{"index":"index","follow":"follow","max-snippet":"max-snippet:-1","max-image-preview":"max-image-preview:large","max-video-preview":"max-video-preview:-1"},"canonical":"https:\/\/aigleshopping.ca\/fr\/produit\/raquette-de-tennis-pour-enfants\/","og_locale":"fr_FR","og_type":"article","og_title":"Raquette de tennis pour enfants - Aigle Shopping Canada","og_description":"Mat\u00e9riau : alliage carbone-aluminium Forme : ovale Epaisseur : 20mm ou moins Classification de la longueur de tir : Type ordinaire Duret\u00e9 de la raquette : dure Objets concern\u00e9s : enfants Classification de la surface de la raquette de tennis : Surface de la raquette MP (g\u00e9n\u00e9ral) Point d&rsquo;\u00e9quilibre de la raquette de tennis : [&hellip;]","og_url":"https:\/\/aigleshopping.ca\/fr\/produit\/raquette-de-tennis-pour-enfants\/","og_site_name":"Aigle Shopping Canada","og_image":[{"width":800,"height":800,"url":"https:\/\/aigleshopping.ca\/wp-content\/uploads\/2025\/03\/6945004171253.jpg","type":"image\/jpeg"}],"twitter_card":"summary_large_image","schema":{"@context":"https:\/\/schema.org","@graph":[{"@type":"WebPage","@id":"https:\/\/aigleshopping.ca\/fr\/produit\/raquette-de-tennis-pour-enfants\/","url":"https:\/\/aigleshopping.ca\/fr\/produit\/raquette-de-tennis-pour-enfants\/","name":"Raquette de tennis pour enfants - Aigle Shopping Canada","isPartOf":{"@id":"https:\/\/aigleshopping.ca\/#website"},"primaryImageOfPage":{"@id":"https:\/\/aigleshopping.ca\/fr\/produit\/raquette-de-tennis-pour-enfants\/#primaryimage"},"image":{"@id":"https:\/\/aigleshopping.ca\/fr\/produit\/raquette-de-tennis-pour-enfants\/#primaryimage"},"thumbnailUrl":"https:\/\/aigleshopping.ca\/wp-content\/uploads\/2025\/03\/6945004171253.jpg","datePublished":"2025-03-08T18:52:39+00:00","breadcrumb":{"@id":"https:\/\/aigleshopping.ca\/fr\/produit\/raquette-de-tennis-pour-enfants\/#breadcrumb"},"inLanguage":"fr-FR","potentialAction":[{"@type":"ReadAction","target":["https:\/\/aigleshopping.ca\/fr\/produit\/raquette-de-tennis-pour-enfants\/"]}]},{"@type":"ImageObject","inLanguage":"fr-FR","@id":"https:\/\/aigleshopping.ca\/fr\/produit\/raquette-de-tennis-pour-enfants\/#primaryimage","url":"https:\/\/aigleshopping.ca\/wp-content\/uploads\/2025\/03\/6945004171253.jpg","contentUrl":"https:\/\/aigleshopping.ca\/wp-content\/uploads\/2025\/03\/6945004171253.jpg","width":800,"height":800},{"@type":"BreadcrumbList","@id":"https:\/\/aigleshopping.ca\/fr\/produit\/raquette-de-tennis-pour-enfants\/#breadcrumb","itemListElement":[{"@type":"ListItem","position":1,"name":"Home","item":"https:\/\/aigleshopping.ca\/fr\/home\/"},{"@type":"ListItem","position":2,"name":"Products","item":"https:\/\/aigleshopping.ca\/shop\/"},{"@type":"ListItem","position":3,"name":"Raquette de tennis pour enfants"}]},{"@type":"WebSite","@id":"https:\/\/aigleshopping.ca\/#website","url":"https:\/\/aigleshopping.ca\/","name":"Aigle Shopping Canada","description":"Au-del\u00e0 des fronti\u00e8res, pour vous offrir le\u00a0meilleur!","publisher":{"@id":"https:\/\/aigleshopping.ca\/#organization"},"potentialAction":[{"@type":"SearchAction","target":{"@type":"EntryPoint","urlTemplate":"https:\/\/aigleshopping.ca\/?s={search_term_string}"},"query-input":{"@type":"PropertyValueSpecification","valueRequired":true,"valueName":"search_term_string"}}],"inLanguage":"fr-FR"},{"@type":"Organization","@id":"https:\/\/aigleshopping.ca\/#organization","name":"Aigle Shopping Canada","url":"https:\/\/aigleshopping.ca\/","logo":{"@type":"ImageObject","inLanguage":"fr-FR","@id":"https:\/\/aigleshopping.ca\/#\/schema\/logo\/image\/","url":"https:\/\/aigleshopping.ca\/wp-content\/uploads\/2025\/12\/logo_aigleshopping_ca.png","contentUrl":"https:\/\/aigleshopping.ca\/wp-content\/uploads\/2025\/12\/logo_aigleshopping_ca.png","width":800,"height":233,"caption":"Aigle Shopping Canada"},"image":{"@id":"https:\/\/aigleshopping.ca\/#\/schema\/logo\/image\/"}}]}},"jetpack_sharing_enabled":true,"_links":{"self":[{"href":"https:\/\/aigleshopping.ca\/fr\/wp-json\/wp\/v2\/product\/21260","targetHints":{"allow":["GET"]}}],"collection":[{"href":"https:\/\/aigleshopping.ca\/fr\/wp-json\/wp\/v2\/product"}],"about":[{"href":"https:\/\/aigleshopping.ca\/fr\/wp-json\/wp\/v2\/types\/product"}],"replies":[{"embeddable":true,"href":"https:\/\/aigleshopping.ca\/fr\/wp-json\/wp\/v2\/comments?post=21260"}],"wp:featuredmedia":[{"embeddable":true,"href":"https:\/\/aigleshopping.ca\/fr\/wp-json\/wp\/v2\/media\/14567"}],"wp:attachment":[{"href":"https:\/\/aigleshopping.ca\/fr\/wp-json\/wp\/v2\/media?parent=21260"}],"wp:term":[{"taxonomy":"product_brand","embeddable":true,"href":"https:\/\/aigleshopping.ca\/fr\/wp-json\/wp\/v2\/product_brand?post=21260"},{"taxonomy":"product_cat","embeddable":true,"href":"https:\/\/aigleshopping.ca\/fr\/wp-json\/wp\/v2\/product_cat?post=21260"},{"taxonomy":"product_tag","embeddable":true,"href":"https:\/\/aigleshopping.ca\/fr\/wp-json\/wp\/v2\/product_tag?post=21260"}],"curies":[{"name":"wp","href":"https:\/\/api.w.org\/{rel}","templated":true}]}}