{"id":21287,"date":"2025-03-08T06:52:01","date_gmt":"2025-03-08T06:52:01","guid":{"rendered":"https:\/\/aigleshopping.ca\/produit\/distributeur-deau-mobile-et-debranche-distributeur-deau-automatique-pour-animaux-de-compagnie\/"},"modified":"2025-03-08T06:52:01","modified_gmt":"2025-03-08T06:52:01","slug":"distributeur-deau-mobile-et-debranche-distributeur-deau-automatique-pour-animaux-de-compagnie","status":"publish","type":"product","link":"https:\/\/aigleshopping.ca\/fr\/produit\/distributeur-deau-mobile-et-debranche-distributeur-deau-automatique-pour-animaux-de-compagnie\/","title":{"rendered":"Distributeur d&rsquo;eau mobile et d\u00e9branch\u00e9 Distributeur d&rsquo;eau automatique pour animaux de compagnie"},"content":{"rendered":"<p> <b>Informations sur le produit\uff1a<\/b> <\/p>\n<p>  Num\u00e9ro d&rsquo;article : GRwmSdVwDrPE7LyiFG4OtA==  <br \/>  Marque : Autre  <br \/>  Quantit\u00e9 d&#8217;emballage : Autre  <br \/>  Sp\u00e9cifications : Bassin d&rsquo;alimentation et d&rsquo;eau double gris, bassin d&rsquo;alimentation et d&rsquo;eau double poudre, bassin d&rsquo;alimentation et d&rsquo;eau double bleu, bassin d&rsquo;alimentation et d&rsquo;eau double gris + 2 \u00e9l\u00e9ments filtrants (les \u00e9l\u00e9ments filtrants peuvent \u00eatre achet\u00e9s s\u00e9par\u00e9ment), bassin d&rsquo;alimentation et d&rsquo;eau double poudre + 2 \u00e9l\u00e9ments filtrants (les \u00e9l\u00e9ments filtrants peuvent \u00eatre achet\u00e9s s\u00e9par\u00e9ment), double bol d&rsquo;alimentation et d&rsquo;eau bleu + 2 \u00e9l\u00e9ments filtrants (les \u00e9l\u00e9ments filtrants peuvent \u00eatre achet\u00e9s s\u00e9par\u00e9ment), abreuvoir carr\u00e9 gris, abreuvoir carr\u00e9 vert, abreuvoir carr\u00e9 poudre, abreuvoir carr\u00e9 gris avec bol en acier inoxydable, abreuvoir carr\u00e9 vert avec bol en acier inoxydable, abreuvoir carr\u00e9 poudre avec bol en acier inoxydable.  <img decoding=\"async\" src=\"https:\/\/cf.cjdropshipping.com\/1618369579337.jpg\"> <img decoding=\"async\" src=\"https:\/\/cf.cjdropshipping.com\/1618369580806.jpg\"> <img decoding=\"async\" src=\"https:\/\/cf.cjdropshipping.com\/1618369582271.jpg\"> <\/p>\n<p> <img decoding=\"async\" src=\"https:\/\/cf.cjdropshipping.com\/1618379800792.jpg\"> <img decoding=\"async\" src=\"https:\/\/cf.cjdropshipping.com\/1618379800794.jpg\">  <\/p>\n","protected":false},"excerpt":{"rendered":"<p>Informations sur le produit\uff1a Num\u00e9ro d&rsquo;article : GRwmSdVwDrPE7LyiFG4OtA== Marque : Autre Quantit\u00e9 d&#8217;emballage : Autre Sp\u00e9cifications : Bassin d&rsquo;alimentation et d&rsquo;eau double gris, bassin d&rsquo;alimentation et d&rsquo;eau double poudre, bassin d&rsquo;alimentation et d&rsquo;eau double bleu, bassin d&rsquo;alimentation et d&rsquo;eau double gris + 2 \u00e9l\u00e9ments filtrants (les \u00e9l\u00e9ments filtrants peuvent \u00eatre achet\u00e9s s\u00e9par\u00e9ment), bassin d&rsquo;alimentation et [&hellip;]<\/p>\n","protected":false},"featured_media":14133,"comment_status":"open","ping_status":"closed","template":"","meta":{"content-type":""},"product_brand":[],"product_cat":[266],"product_tag":[],"class_list":{"0":"post-21287","1":"product","2":"type-product","3":"status-publish","4":"has-post-thumbnail","6":"product_cat-chiens-et-chats","8":"first","9":"instock","10":"taxable","11":"shipping-taxable","12":"purchasable","13":"product-type-variable","14":"add-to-wishlist-after_add_to_cart"},"yoast_head":"<!-- This site is optimized with the Yoast SEO plugin v27.4 - https:\/\/yoast.com\/product\/yoast-seo-wordpress\/ -->\n<title>Distributeur d&#039;eau mobile et d\u00e9branch\u00e9 Distributeur d&#039;eau automatique pour animaux de compagnie - Aigle Shopping Canada<\/title>\n<meta name=\"robots\" content=\"index, follow, max-snippet:-1, max-image-preview:large, max-video-preview:-1\" \/>\n<link rel=\"canonical\" href=\"https:\/\/aigleshopping.ca\/fr\/produit\/distributeur-deau-mobile-et-debranche-distributeur-deau-automatique-pour-animaux-de-compagnie\/\" \/>\n<meta property=\"og:locale\" content=\"fr_FR\" \/>\n<meta property=\"og:type\" content=\"article\" \/>\n<meta property=\"og:title\" content=\"Distributeur d&#039;eau mobile et d\u00e9branch\u00e9 Distributeur d&#039;eau automatique pour animaux de compagnie - Aigle Shopping Canada\" \/>\n<meta property=\"og:description\" content=\"Informations sur le produit\uff1a Num\u00e9ro d&rsquo;article : GRwmSdVwDrPE7LyiFG4OtA== Marque : Autre Quantit\u00e9 d&#8217;emballage : Autre Sp\u00e9cifications : Bassin d&rsquo;alimentation et d&rsquo;eau double gris, bassin d&rsquo;alimentation et d&rsquo;eau double poudre, bassin d&rsquo;alimentation et d&rsquo;eau double bleu, bassin d&rsquo;alimentation et d&rsquo;eau double gris + 2 \u00e9l\u00e9ments filtrants (les \u00e9l\u00e9ments filtrants peuvent \u00eatre achet\u00e9s s\u00e9par\u00e9ment), bassin d&rsquo;alimentation et [&hellip;]\" \/>\n<meta property=\"og:url\" content=\"https:\/\/aigleshopping.ca\/fr\/produit\/distributeur-deau-mobile-et-debranche-distributeur-deau-automatique-pour-animaux-de-compagnie\/\" \/>\n<meta property=\"og:site_name\" content=\"Aigle Shopping Canada\" \/>\n<meta property=\"og:image\" content=\"https:\/\/aigleshopping.ca\/wp-content\/uploads\/2025\/03\/1618369630803.jpg\" \/>\n\t<meta property=\"og:image:width\" content=\"800\" \/>\n\t<meta property=\"og:image:height\" content=\"800\" \/>\n\t<meta property=\"og:image:type\" content=\"image\/jpeg\" \/>\n<meta name=\"twitter:card\" content=\"summary_large_image\" \/>\n<meta name=\"twitter:label1\" content=\"Dur\u00e9e de lecture estim\u00e9e\" \/>\n\t<meta name=\"twitter:data1\" content=\"1 minute\" \/>\n<script type=\"application\/ld+json\" class=\"yoast-schema-graph\">{\"@context\":\"https:\\\/\\\/schema.org\",\"@graph\":[{\"@type\":\"WebPage\",\"@id\":\"https:\\\/\\\/aigleshopping.ca\\\/fr\\\/produit\\\/distributeur-deau-mobile-et-debranche-distributeur-deau-automatique-pour-animaux-de-compagnie\\\/\",\"url\":\"https:\\\/\\\/aigleshopping.ca\\\/fr\\\/produit\\\/distributeur-deau-mobile-et-debranche-distributeur-deau-automatique-pour-animaux-de-compagnie\\\/\",\"name\":\"Distributeur d'eau mobile et d\u00e9branch\u00e9 Distributeur d'eau automatique pour animaux de compagnie - Aigle Shopping Canada\",\"isPartOf\":{\"@id\":\"https:\\\/\\\/aigleshopping.ca\\\/#website\"},\"primaryImageOfPage\":{\"@id\":\"https:\\\/\\\/aigleshopping.ca\\\/fr\\\/produit\\\/distributeur-deau-mobile-et-debranche-distributeur-deau-automatique-pour-animaux-de-compagnie\\\/#primaryimage\"},\"image\":{\"@id\":\"https:\\\/\\\/aigleshopping.ca\\\/fr\\\/produit\\\/distributeur-deau-mobile-et-debranche-distributeur-deau-automatique-pour-animaux-de-compagnie\\\/#primaryimage\"},\"thumbnailUrl\":\"https:\\\/\\\/aigleshopping.ca\\\/wp-content\\\/uploads\\\/2025\\\/03\\\/1618369630803.jpg\",\"datePublished\":\"2025-03-08T06:52:01+00:00\",\"breadcrumb\":{\"@id\":\"https:\\\/\\\/aigleshopping.ca\\\/fr\\\/produit\\\/distributeur-deau-mobile-et-debranche-distributeur-deau-automatique-pour-animaux-de-compagnie\\\/#breadcrumb\"},\"inLanguage\":\"fr-FR\",\"potentialAction\":[{\"@type\":\"ReadAction\",\"target\":[\"https:\\\/\\\/aigleshopping.ca\\\/fr\\\/produit\\\/distributeur-deau-mobile-et-debranche-distributeur-deau-automatique-pour-animaux-de-compagnie\\\/\"]}]},{\"@type\":\"ImageObject\",\"inLanguage\":\"fr-FR\",\"@id\":\"https:\\\/\\\/aigleshopping.ca\\\/fr\\\/produit\\\/distributeur-deau-mobile-et-debranche-distributeur-deau-automatique-pour-animaux-de-compagnie\\\/#primaryimage\",\"url\":\"https:\\\/\\\/aigleshopping.ca\\\/wp-content\\\/uploads\\\/2025\\\/03\\\/1618369630803.jpg\",\"contentUrl\":\"https:\\\/\\\/aigleshopping.ca\\\/wp-content\\\/uploads\\\/2025\\\/03\\\/1618369630803.jpg\",\"width\":800,\"height\":800},{\"@type\":\"BreadcrumbList\",\"@id\":\"https:\\\/\\\/aigleshopping.ca\\\/fr\\\/produit\\\/distributeur-deau-mobile-et-debranche-distributeur-deau-automatique-pour-animaux-de-compagnie\\\/#breadcrumb\",\"itemListElement\":[{\"@type\":\"ListItem\",\"position\":1,\"name\":\"Home\",\"item\":\"https:\\\/\\\/aigleshopping.ca\\\/fr\\\/home\\\/\"},{\"@type\":\"ListItem\",\"position\":2,\"name\":\"Products\",\"item\":\"https:\\\/\\\/aigleshopping.ca\\\/shop\\\/\"},{\"@type\":\"ListItem\",\"position\":3,\"name\":\"Distributeur d&#8217;eau mobile et d\u00e9branch\u00e9 Distributeur d&#8217;eau automatique pour animaux de compagnie\"}]},{\"@type\":\"WebSite\",\"@id\":\"https:\\\/\\\/aigleshopping.ca\\\/#website\",\"url\":\"https:\\\/\\\/aigleshopping.ca\\\/\",\"name\":\"Aigle Shopping Canada\",\"description\":\"Au-del\u00e0 des fronti\u00e8res, pour vous offrir le\u00a0meilleur!\",\"publisher\":{\"@id\":\"https:\\\/\\\/aigleshopping.ca\\\/#organization\"},\"potentialAction\":[{\"@type\":\"SearchAction\",\"target\":{\"@type\":\"EntryPoint\",\"urlTemplate\":\"https:\\\/\\\/aigleshopping.ca\\\/?s={search_term_string}\"},\"query-input\":{\"@type\":\"PropertyValueSpecification\",\"valueRequired\":true,\"valueName\":\"search_term_string\"}}],\"inLanguage\":\"fr-FR\"},{\"@type\":\"Organization\",\"@id\":\"https:\\\/\\\/aigleshopping.ca\\\/#organization\",\"name\":\"Aigle Shopping Canada\",\"url\":\"https:\\\/\\\/aigleshopping.ca\\\/\",\"logo\":{\"@type\":\"ImageObject\",\"inLanguage\":\"fr-FR\",\"@id\":\"https:\\\/\\\/aigleshopping.ca\\\/#\\\/schema\\\/logo\\\/image\\\/\",\"url\":\"https:\\\/\\\/aigleshopping.ca\\\/wp-content\\\/uploads\\\/2025\\\/12\\\/logo_aigleshopping_ca.png\",\"contentUrl\":\"https:\\\/\\\/aigleshopping.ca\\\/wp-content\\\/uploads\\\/2025\\\/12\\\/logo_aigleshopping_ca.png\",\"width\":800,\"height\":233,\"caption\":\"Aigle Shopping Canada\"},\"image\":{\"@id\":\"https:\\\/\\\/aigleshopping.ca\\\/#\\\/schema\\\/logo\\\/image\\\/\"}}]}<\/script>\n<!-- \/ Yoast SEO plugin. -->","yoast_head_json":{"title":"Distributeur d'eau mobile et d\u00e9branch\u00e9 Distributeur d'eau automatique pour animaux de compagnie - Aigle Shopping Canada","robots":{"index":"index","follow":"follow","max-snippet":"max-snippet:-1","max-image-preview":"max-image-preview:large","max-video-preview":"max-video-preview:-1"},"canonical":"https:\/\/aigleshopping.ca\/fr\/produit\/distributeur-deau-mobile-et-debranche-distributeur-deau-automatique-pour-animaux-de-compagnie\/","og_locale":"fr_FR","og_type":"article","og_title":"Distributeur d'eau mobile et d\u00e9branch\u00e9 Distributeur d'eau automatique pour animaux de compagnie - Aigle Shopping Canada","og_description":"Informations sur le produit\uff1a Num\u00e9ro d&rsquo;article : GRwmSdVwDrPE7LyiFG4OtA== Marque : Autre Quantit\u00e9 d&#8217;emballage : Autre Sp\u00e9cifications : Bassin d&rsquo;alimentation et d&rsquo;eau double gris, bassin d&rsquo;alimentation et d&rsquo;eau double poudre, bassin d&rsquo;alimentation et d&rsquo;eau double bleu, bassin d&rsquo;alimentation et d&rsquo;eau double gris + 2 \u00e9l\u00e9ments filtrants (les \u00e9l\u00e9ments filtrants peuvent \u00eatre achet\u00e9s s\u00e9par\u00e9ment), bassin d&rsquo;alimentation et [&hellip;]","og_url":"https:\/\/aigleshopping.ca\/fr\/produit\/distributeur-deau-mobile-et-debranche-distributeur-deau-automatique-pour-animaux-de-compagnie\/","og_site_name":"Aigle Shopping Canada","og_image":[{"width":800,"height":800,"url":"https:\/\/aigleshopping.ca\/wp-content\/uploads\/2025\/03\/1618369630803.jpg","type":"image\/jpeg"}],"twitter_card":"summary_large_image","twitter_misc":{"Dur\u00e9e de lecture estim\u00e9e":"1 minute"},"schema":{"@context":"https:\/\/schema.org","@graph":[{"@type":"WebPage","@id":"https:\/\/aigleshopping.ca\/fr\/produit\/distributeur-deau-mobile-et-debranche-distributeur-deau-automatique-pour-animaux-de-compagnie\/","url":"https:\/\/aigleshopping.ca\/fr\/produit\/distributeur-deau-mobile-et-debranche-distributeur-deau-automatique-pour-animaux-de-compagnie\/","name":"Distributeur d'eau mobile et d\u00e9branch\u00e9 Distributeur d'eau automatique pour animaux de compagnie - Aigle Shopping Canada","isPartOf":{"@id":"https:\/\/aigleshopping.ca\/#website"},"primaryImageOfPage":{"@id":"https:\/\/aigleshopping.ca\/fr\/produit\/distributeur-deau-mobile-et-debranche-distributeur-deau-automatique-pour-animaux-de-compagnie\/#primaryimage"},"image":{"@id":"https:\/\/aigleshopping.ca\/fr\/produit\/distributeur-deau-mobile-et-debranche-distributeur-deau-automatique-pour-animaux-de-compagnie\/#primaryimage"},"thumbnailUrl":"https:\/\/aigleshopping.ca\/wp-content\/uploads\/2025\/03\/1618369630803.jpg","datePublished":"2025-03-08T06:52:01+00:00","breadcrumb":{"@id":"https:\/\/aigleshopping.ca\/fr\/produit\/distributeur-deau-mobile-et-debranche-distributeur-deau-automatique-pour-animaux-de-compagnie\/#breadcrumb"},"inLanguage":"fr-FR","potentialAction":[{"@type":"ReadAction","target":["https:\/\/aigleshopping.ca\/fr\/produit\/distributeur-deau-mobile-et-debranche-distributeur-deau-automatique-pour-animaux-de-compagnie\/"]}]},{"@type":"ImageObject","inLanguage":"fr-FR","@id":"https:\/\/aigleshopping.ca\/fr\/produit\/distributeur-deau-mobile-et-debranche-distributeur-deau-automatique-pour-animaux-de-compagnie\/#primaryimage","url":"https:\/\/aigleshopping.ca\/wp-content\/uploads\/2025\/03\/1618369630803.jpg","contentUrl":"https:\/\/aigleshopping.ca\/wp-content\/uploads\/2025\/03\/1618369630803.jpg","width":800,"height":800},{"@type":"BreadcrumbList","@id":"https:\/\/aigleshopping.ca\/fr\/produit\/distributeur-deau-mobile-et-debranche-distributeur-deau-automatique-pour-animaux-de-compagnie\/#breadcrumb","itemListElement":[{"@type":"ListItem","position":1,"name":"Home","item":"https:\/\/aigleshopping.ca\/fr\/home\/"},{"@type":"ListItem","position":2,"name":"Products","item":"https:\/\/aigleshopping.ca\/shop\/"},{"@type":"ListItem","position":3,"name":"Distributeur d&#8217;eau mobile et d\u00e9branch\u00e9 Distributeur d&#8217;eau automatique pour animaux de compagnie"}]},{"@type":"WebSite","@id":"https:\/\/aigleshopping.ca\/#website","url":"https:\/\/aigleshopping.ca\/","name":"Aigle Shopping Canada","description":"Au-del\u00e0 des fronti\u00e8res, pour vous offrir le\u00a0meilleur!","publisher":{"@id":"https:\/\/aigleshopping.ca\/#organization"},"potentialAction":[{"@type":"SearchAction","target":{"@type":"EntryPoint","urlTemplate":"https:\/\/aigleshopping.ca\/?s={search_term_string}"},"query-input":{"@type":"PropertyValueSpecification","valueRequired":true,"valueName":"search_term_string"}}],"inLanguage":"fr-FR"},{"@type":"Organization","@id":"https:\/\/aigleshopping.ca\/#organization","name":"Aigle Shopping Canada","url":"https:\/\/aigleshopping.ca\/","logo":{"@type":"ImageObject","inLanguage":"fr-FR","@id":"https:\/\/aigleshopping.ca\/#\/schema\/logo\/image\/","url":"https:\/\/aigleshopping.ca\/wp-content\/uploads\/2025\/12\/logo_aigleshopping_ca.png","contentUrl":"https:\/\/aigleshopping.ca\/wp-content\/uploads\/2025\/12\/logo_aigleshopping_ca.png","width":800,"height":233,"caption":"Aigle Shopping Canada"},"image":{"@id":"https:\/\/aigleshopping.ca\/#\/schema\/logo\/image\/"}}]}},"jetpack_sharing_enabled":true,"_links":{"self":[{"href":"https:\/\/aigleshopping.ca\/fr\/wp-json\/wp\/v2\/product\/21287","targetHints":{"allow":["GET"]}}],"collection":[{"href":"https:\/\/aigleshopping.ca\/fr\/wp-json\/wp\/v2\/product"}],"about":[{"href":"https:\/\/aigleshopping.ca\/fr\/wp-json\/wp\/v2\/types\/product"}],"replies":[{"embeddable":true,"href":"https:\/\/aigleshopping.ca\/fr\/wp-json\/wp\/v2\/comments?post=21287"}],"wp:featuredmedia":[{"embeddable":true,"href":"https:\/\/aigleshopping.ca\/fr\/wp-json\/wp\/v2\/media\/14133"}],"wp:attachment":[{"href":"https:\/\/aigleshopping.ca\/fr\/wp-json\/wp\/v2\/media?parent=21287"}],"wp:term":[{"taxonomy":"product_brand","embeddable":true,"href":"https:\/\/aigleshopping.ca\/fr\/wp-json\/wp\/v2\/product_brand?post=21287"},{"taxonomy":"product_cat","embeddable":true,"href":"https:\/\/aigleshopping.ca\/fr\/wp-json\/wp\/v2\/product_cat?post=21287"},{"taxonomy":"product_tag","embeddable":true,"href":"https:\/\/aigleshopping.ca\/fr\/wp-json\/wp\/v2\/product_tag?post=21287"}],"curies":[{"name":"wp","href":"https:\/\/api.w.org\/{rel}","templated":true}]}}