{"id":21315,"date":"2025-03-07T08:09:44","date_gmt":"2025-03-07T08:09:44","guid":{"rendered":"https:\/\/aigleshopping.ca\/produit\/haut-parleur-bluetooth\/"},"modified":"2025-03-07T08:09:44","modified_gmt":"2025-03-07T08:09:44","slug":"haut-parleur-bluetooth","status":"publish","type":"product","link":"https:\/\/aigleshopping.ca\/fr\/produit\/haut-parleur-bluetooth\/","title":{"rendered":"Haut-parleur Bluetooth"},"content":{"rendered":"<p>  manuel du produit : <\/p>\n<p> Dimensions du produit : 100x100x112MM (longueur x largeur x hauteur) <br \/> Sp\u00e9cifications fonctionnelles <br \/> Veilleuse LED (temp\u00e9rature de couleur 3500~3800K ; luminosit\u00e9 maximale 20 lumens, luminosit\u00e9 maximale 12 heures ; troisi\u00e8me r\u00e9glage de la luminosit\u00e9) <br \/> Horloge LED \u00e0 code segment, r\u00e9veil Carte audio sans fil Bluetooth, plug in U play <br \/> LINE IN (entr\u00e9e audio c\u00e2bl\u00e9e, peut \u00eatre connect\u00e9e \u00e0 la t\u00e9l\u00e9vision, \u00e0 l&rsquo;ordinateur, \u00e0 la tablette, au t\u00e9l\u00e9phone portable, etc. <br \/> Sp\u00e9cifications du haut-parleur : 5W + amplificateur basse fr\u00e9quence <br \/> Batterie int\u00e9gr\u00e9e : 4000mAh <br \/> Alimentation (charge) 5V USB <\/p>\n<p> Liste des accessoires de l&#8217;emballage : <br \/> Haut-parleur x1 <br \/> Ligne AUX x1 <br \/> C\u00e2ble USB x1 <br \/> Manuel x1   <\/p>\n<p>  Bo\u00eete x1  <img decoding=\"async\" src=\"https:\/\/cf.cjdropshipping.com\/15708096\/695920198176.jpg\"> <img decoding=\"async\" src=\"https:\/\/cf.cjdropshipping.com\/15708096\/20507464880208.jpg\"> <img decoding=\"async\" src=\"https:\/\/cf.cjdropshipping.com\/15708096\/4207256599000.jpg\">  <\/p>\n","protected":false},"excerpt":{"rendered":"<p>manuel du produit : Dimensions du produit : 100x100x112MM (longueur x largeur x hauteur) Sp\u00e9cifications fonctionnelles Veilleuse LED (temp\u00e9rature de couleur 3500~3800K ; luminosit\u00e9 maximale 20 lumens, luminosit\u00e9 maximale 12 heures ; troisi\u00e8me r\u00e9glage de la luminosit\u00e9) Horloge LED \u00e0 code segment, r\u00e9veil Carte audio sans fil Bluetooth, plug in U play LINE IN (entr\u00e9e [&hellip;]<\/p>\n","protected":false},"featured_media":11912,"comment_status":"open","ping_status":"closed","template":"","meta":{"content-type":""},"product_brand":[],"product_cat":[756],"product_tag":[],"class_list":{"0":"post-21315","1":"product","2":"type-product","3":"status-publish","4":"has-post-thumbnail","6":"product_cat-haut-parleur-bluetooth","8":"first","9":"instock","10":"taxable","11":"shipping-taxable","12":"purchasable","13":"product-type-variable","14":"add-to-wishlist-after_add_to_cart"},"yoast_head":"<!-- This site is optimized with the Yoast SEO plugin v27.4 - https:\/\/yoast.com\/product\/yoast-seo-wordpress\/ -->\n<title>Haut-parleur Bluetooth - Aigle Shopping Canada<\/title>\n<meta name=\"robots\" content=\"index, follow, max-snippet:-1, max-image-preview:large, max-video-preview:-1\" \/>\n<link rel=\"canonical\" href=\"https:\/\/aigleshopping.ca\/fr\/produit\/haut-parleur-bluetooth\/\" \/>\n<meta property=\"og:locale\" content=\"fr_FR\" \/>\n<meta property=\"og:type\" content=\"article\" \/>\n<meta property=\"og:title\" content=\"Haut-parleur Bluetooth - Aigle Shopping Canada\" \/>\n<meta property=\"og:description\" content=\"manuel du produit : Dimensions du produit : 100x100x112MM (longueur x largeur x hauteur) Sp\u00e9cifications fonctionnelles Veilleuse LED (temp\u00e9rature de couleur 3500~3800K ; luminosit\u00e9 maximale 20 lumens, luminosit\u00e9 maximale 12 heures ; troisi\u00e8me r\u00e9glage de la luminosit\u00e9) Horloge LED \u00e0 code segment, r\u00e9veil Carte audio sans fil Bluetooth, plug in U play LINE IN (entr\u00e9e [&hellip;]\" \/>\n<meta property=\"og:url\" content=\"https:\/\/aigleshopping.ca\/fr\/produit\/haut-parleur-bluetooth\/\" \/>\n<meta property=\"og:site_name\" content=\"Aigle Shopping Canada\" \/>\n<meta property=\"og:image\" content=\"https:\/\/aigleshopping.ca\/wp-content\/uploads\/2025\/03\/520095196222.jpg\" \/>\n\t<meta property=\"og:image:width\" content=\"500\" \/>\n\t<meta property=\"og:image:height\" content=\"500\" \/>\n\t<meta property=\"og:image:type\" content=\"image\/jpeg\" \/>\n<meta name=\"twitter:card\" content=\"summary_large_image\" \/>\n<meta name=\"twitter:label1\" content=\"Dur\u00e9e de lecture estim\u00e9e\" \/>\n\t<meta name=\"twitter:data1\" content=\"1 minute\" \/>\n<script type=\"application\/ld+json\" class=\"yoast-schema-graph\">{\"@context\":\"https:\\\/\\\/schema.org\",\"@graph\":[{\"@type\":\"WebPage\",\"@id\":\"https:\\\/\\\/aigleshopping.ca\\\/fr\\\/produit\\\/haut-parleur-bluetooth\\\/\",\"url\":\"https:\\\/\\\/aigleshopping.ca\\\/fr\\\/produit\\\/haut-parleur-bluetooth\\\/\",\"name\":\"Haut-parleur Bluetooth - Aigle Shopping Canada\",\"isPartOf\":{\"@id\":\"https:\\\/\\\/aigleshopping.ca\\\/#website\"},\"primaryImageOfPage\":{\"@id\":\"https:\\\/\\\/aigleshopping.ca\\\/fr\\\/produit\\\/haut-parleur-bluetooth\\\/#primaryimage\"},\"image\":{\"@id\":\"https:\\\/\\\/aigleshopping.ca\\\/fr\\\/produit\\\/haut-parleur-bluetooth\\\/#primaryimage\"},\"thumbnailUrl\":\"https:\\\/\\\/aigleshopping.ca\\\/wp-content\\\/uploads\\\/2025\\\/03\\\/520095196222.jpg\",\"datePublished\":\"2025-03-07T08:09:44+00:00\",\"breadcrumb\":{\"@id\":\"https:\\\/\\\/aigleshopping.ca\\\/fr\\\/produit\\\/haut-parleur-bluetooth\\\/#breadcrumb\"},\"inLanguage\":\"fr-FR\",\"potentialAction\":[{\"@type\":\"ReadAction\",\"target\":[\"https:\\\/\\\/aigleshopping.ca\\\/fr\\\/produit\\\/haut-parleur-bluetooth\\\/\"]}]},{\"@type\":\"ImageObject\",\"inLanguage\":\"fr-FR\",\"@id\":\"https:\\\/\\\/aigleshopping.ca\\\/fr\\\/produit\\\/haut-parleur-bluetooth\\\/#primaryimage\",\"url\":\"https:\\\/\\\/aigleshopping.ca\\\/wp-content\\\/uploads\\\/2025\\\/03\\\/520095196222.jpg\",\"contentUrl\":\"https:\\\/\\\/aigleshopping.ca\\\/wp-content\\\/uploads\\\/2025\\\/03\\\/520095196222.jpg\",\"width\":500,\"height\":500},{\"@type\":\"BreadcrumbList\",\"@id\":\"https:\\\/\\\/aigleshopping.ca\\\/fr\\\/produit\\\/haut-parleur-bluetooth\\\/#breadcrumb\",\"itemListElement\":[{\"@type\":\"ListItem\",\"position\":1,\"name\":\"Home\",\"item\":\"https:\\\/\\\/aigleshopping.ca\\\/fr\\\/home\\\/\"},{\"@type\":\"ListItem\",\"position\":2,\"name\":\"Products\",\"item\":\"https:\\\/\\\/aigleshopping.ca\\\/shop\\\/\"},{\"@type\":\"ListItem\",\"position\":3,\"name\":\"Haut-parleur Bluetooth\"}]},{\"@type\":\"WebSite\",\"@id\":\"https:\\\/\\\/aigleshopping.ca\\\/#website\",\"url\":\"https:\\\/\\\/aigleshopping.ca\\\/\",\"name\":\"Aigle Shopping Canada\",\"description\":\"Au-del\u00e0 des fronti\u00e8res, pour vous offrir le\u00a0meilleur!\",\"publisher\":{\"@id\":\"https:\\\/\\\/aigleshopping.ca\\\/#organization\"},\"potentialAction\":[{\"@type\":\"SearchAction\",\"target\":{\"@type\":\"EntryPoint\",\"urlTemplate\":\"https:\\\/\\\/aigleshopping.ca\\\/?s={search_term_string}\"},\"query-input\":{\"@type\":\"PropertyValueSpecification\",\"valueRequired\":true,\"valueName\":\"search_term_string\"}}],\"inLanguage\":\"fr-FR\"},{\"@type\":\"Organization\",\"@id\":\"https:\\\/\\\/aigleshopping.ca\\\/#organization\",\"name\":\"Aigle Shopping Canada\",\"url\":\"https:\\\/\\\/aigleshopping.ca\\\/\",\"logo\":{\"@type\":\"ImageObject\",\"inLanguage\":\"fr-FR\",\"@id\":\"https:\\\/\\\/aigleshopping.ca\\\/#\\\/schema\\\/logo\\\/image\\\/\",\"url\":\"https:\\\/\\\/aigleshopping.ca\\\/wp-content\\\/uploads\\\/2025\\\/12\\\/logo_aigleshopping_ca.png\",\"contentUrl\":\"https:\\\/\\\/aigleshopping.ca\\\/wp-content\\\/uploads\\\/2025\\\/12\\\/logo_aigleshopping_ca.png\",\"width\":800,\"height\":233,\"caption\":\"Aigle Shopping Canada\"},\"image\":{\"@id\":\"https:\\\/\\\/aigleshopping.ca\\\/#\\\/schema\\\/logo\\\/image\\\/\"}}]}<\/script>\n<!-- \/ Yoast SEO plugin. -->","yoast_head_json":{"title":"Haut-parleur Bluetooth - Aigle Shopping Canada","robots":{"index":"index","follow":"follow","max-snippet":"max-snippet:-1","max-image-preview":"max-image-preview:large","max-video-preview":"max-video-preview:-1"},"canonical":"https:\/\/aigleshopping.ca\/fr\/produit\/haut-parleur-bluetooth\/","og_locale":"fr_FR","og_type":"article","og_title":"Haut-parleur Bluetooth - Aigle Shopping Canada","og_description":"manuel du produit : Dimensions du produit : 100x100x112MM (longueur x largeur x hauteur) Sp\u00e9cifications fonctionnelles Veilleuse LED (temp\u00e9rature de couleur 3500~3800K ; luminosit\u00e9 maximale 20 lumens, luminosit\u00e9 maximale 12 heures ; troisi\u00e8me r\u00e9glage de la luminosit\u00e9) Horloge LED \u00e0 code segment, r\u00e9veil Carte audio sans fil Bluetooth, plug in U play LINE IN (entr\u00e9e [&hellip;]","og_url":"https:\/\/aigleshopping.ca\/fr\/produit\/haut-parleur-bluetooth\/","og_site_name":"Aigle Shopping Canada","og_image":[{"width":500,"height":500,"url":"https:\/\/aigleshopping.ca\/wp-content\/uploads\/2025\/03\/520095196222.jpg","type":"image\/jpeg"}],"twitter_card":"summary_large_image","twitter_misc":{"Dur\u00e9e de lecture estim\u00e9e":"1 minute"},"schema":{"@context":"https:\/\/schema.org","@graph":[{"@type":"WebPage","@id":"https:\/\/aigleshopping.ca\/fr\/produit\/haut-parleur-bluetooth\/","url":"https:\/\/aigleshopping.ca\/fr\/produit\/haut-parleur-bluetooth\/","name":"Haut-parleur Bluetooth - Aigle Shopping Canada","isPartOf":{"@id":"https:\/\/aigleshopping.ca\/#website"},"primaryImageOfPage":{"@id":"https:\/\/aigleshopping.ca\/fr\/produit\/haut-parleur-bluetooth\/#primaryimage"},"image":{"@id":"https:\/\/aigleshopping.ca\/fr\/produit\/haut-parleur-bluetooth\/#primaryimage"},"thumbnailUrl":"https:\/\/aigleshopping.ca\/wp-content\/uploads\/2025\/03\/520095196222.jpg","datePublished":"2025-03-07T08:09:44+00:00","breadcrumb":{"@id":"https:\/\/aigleshopping.ca\/fr\/produit\/haut-parleur-bluetooth\/#breadcrumb"},"inLanguage":"fr-FR","potentialAction":[{"@type":"ReadAction","target":["https:\/\/aigleshopping.ca\/fr\/produit\/haut-parleur-bluetooth\/"]}]},{"@type":"ImageObject","inLanguage":"fr-FR","@id":"https:\/\/aigleshopping.ca\/fr\/produit\/haut-parleur-bluetooth\/#primaryimage","url":"https:\/\/aigleshopping.ca\/wp-content\/uploads\/2025\/03\/520095196222.jpg","contentUrl":"https:\/\/aigleshopping.ca\/wp-content\/uploads\/2025\/03\/520095196222.jpg","width":500,"height":500},{"@type":"BreadcrumbList","@id":"https:\/\/aigleshopping.ca\/fr\/produit\/haut-parleur-bluetooth\/#breadcrumb","itemListElement":[{"@type":"ListItem","position":1,"name":"Home","item":"https:\/\/aigleshopping.ca\/fr\/home\/"},{"@type":"ListItem","position":2,"name":"Products","item":"https:\/\/aigleshopping.ca\/shop\/"},{"@type":"ListItem","position":3,"name":"Haut-parleur Bluetooth"}]},{"@type":"WebSite","@id":"https:\/\/aigleshopping.ca\/#website","url":"https:\/\/aigleshopping.ca\/","name":"Aigle Shopping Canada","description":"Au-del\u00e0 des fronti\u00e8res, pour vous offrir le\u00a0meilleur!","publisher":{"@id":"https:\/\/aigleshopping.ca\/#organization"},"potentialAction":[{"@type":"SearchAction","target":{"@type":"EntryPoint","urlTemplate":"https:\/\/aigleshopping.ca\/?s={search_term_string}"},"query-input":{"@type":"PropertyValueSpecification","valueRequired":true,"valueName":"search_term_string"}}],"inLanguage":"fr-FR"},{"@type":"Organization","@id":"https:\/\/aigleshopping.ca\/#organization","name":"Aigle Shopping Canada","url":"https:\/\/aigleshopping.ca\/","logo":{"@type":"ImageObject","inLanguage":"fr-FR","@id":"https:\/\/aigleshopping.ca\/#\/schema\/logo\/image\/","url":"https:\/\/aigleshopping.ca\/wp-content\/uploads\/2025\/12\/logo_aigleshopping_ca.png","contentUrl":"https:\/\/aigleshopping.ca\/wp-content\/uploads\/2025\/12\/logo_aigleshopping_ca.png","width":800,"height":233,"caption":"Aigle Shopping Canada"},"image":{"@id":"https:\/\/aigleshopping.ca\/#\/schema\/logo\/image\/"}}]}},"jetpack_sharing_enabled":true,"_links":{"self":[{"href":"https:\/\/aigleshopping.ca\/fr\/wp-json\/wp\/v2\/product\/21315","targetHints":{"allow":["GET"]}}],"collection":[{"href":"https:\/\/aigleshopping.ca\/fr\/wp-json\/wp\/v2\/product"}],"about":[{"href":"https:\/\/aigleshopping.ca\/fr\/wp-json\/wp\/v2\/types\/product"}],"replies":[{"embeddable":true,"href":"https:\/\/aigleshopping.ca\/fr\/wp-json\/wp\/v2\/comments?post=21315"}],"wp:featuredmedia":[{"embeddable":true,"href":"https:\/\/aigleshopping.ca\/fr\/wp-json\/wp\/v2\/media\/11912"}],"wp:attachment":[{"href":"https:\/\/aigleshopping.ca\/fr\/wp-json\/wp\/v2\/media?parent=21315"}],"wp:term":[{"taxonomy":"product_brand","embeddable":true,"href":"https:\/\/aigleshopping.ca\/fr\/wp-json\/wp\/v2\/product_brand?post=21315"},{"taxonomy":"product_cat","embeddable":true,"href":"https:\/\/aigleshopping.ca\/fr\/wp-json\/wp\/v2\/product_cat?post=21315"},{"taxonomy":"product_tag","embeddable":true,"href":"https:\/\/aigleshopping.ca\/fr\/wp-json\/wp\/v2\/product_tag?post=21315"}],"curies":[{"name":"wp","href":"https:\/\/api.w.org\/{rel}","templated":true}]}}