{"id":21323,"date":"2025-03-07T08:13:06","date_gmt":"2025-03-07T08:13:06","guid":{"rendered":"https:\/\/aigleshopping.ca\/produit\/surveillance-a-distance-par-camera-sans-fil\/"},"modified":"2025-03-07T08:13:06","modified_gmt":"2025-03-07T08:13:06","slug":"surveillance-a-distance-par-camera-sans-fil","status":"publish","type":"product","link":"https:\/\/aigleshopping.ca\/fr\/produit\/surveillance-a-distance-par-camera-sans-fil\/","title":{"rendered":"Surveillance \u00e0 distance par cam\u00e9ra sans fil"},"content":{"rendered":"<p> <span style=\"font-weight: bold\">Vue d&rsquo;ensemble :<\/span> <br \/> Antenne de haute qualit\u00e9, signal puissant <br \/> Image HD 1080P en prise de vue r\u00e9elle <br \/> Vision nocturne super infrarouge, image claire la nuit  <\/p>\n<p> <span style=\"font-weight: bold\">Remarque :<\/span> <br \/> Pas de carte m\u00e9moire, la carte m\u00e9moire doit \u00eatre achet\u00e9e s\u00e9par\u00e9ment.  <\/p>\n<p> <span style=\"font-weight: bold\">Sp\u00e9cification :<\/span> <br \/> Mat\u00e9riau : plastique <br \/> Environnement d&rsquo;utilisation : int\u00e9rieur <br \/> Distance effective : 10 m\u00e8tres <br \/> Objectif de la cam\u00e9ra de surveillance : 3,6 <br \/> Longueur focale de l&rsquo;objectif : 3,6 <br \/> Contr\u00f4le PTZ : panoramique\/inclinaison \u00e9lectronique <br \/> Taille : <br \/> 720p-100W v380, <br \/> 1080p-200W v380, <br \/> 720p100W yoosee, <br \/> 1080p200W yoosee  <\/p>\n<p> <span style=\"font-weight: bold\">Contenu de l&#8217;emballage :<\/span> <br \/> 1 x Appareil photo  <\/p>\n<p> <\/p>\n<p> <img decoding=\"async\" src=\"https:\/\/cf.cjdropshipping.com\/15686496\/1650985077744.jpg\"> <img decoding=\"async\" src=\"https:\/\/cf.cjdropshipping.com\/15686496\/1879657986276.jpg\"> <img decoding=\"async\" src=\"https:\/\/cf.cjdropshipping.com\/15686496\/1069441727844.jpg\"> <img decoding=\"async\" src=\"https:\/\/cf.cjdropshipping.com\/15686496\/4620117200640.jpg\">  <\/p>\n","protected":false},"excerpt":{"rendered":"<p>Vue d&rsquo;ensemble : Antenne de haute qualit\u00e9, signal puissant Image HD 1080P en prise de vue r\u00e9elle Vision nocturne super infrarouge, image claire la nuit Remarque : Pas de carte m\u00e9moire, la carte m\u00e9moire doit \u00eatre achet\u00e9e s\u00e9par\u00e9ment. Sp\u00e9cification : Mat\u00e9riau : plastique Environnement d&rsquo;utilisation : int\u00e9rieur Distance effective : 10 m\u00e8tres Objectif de la [&hellip;]<\/p>\n","protected":false},"featured_media":11966,"comment_status":"open","ping_status":"closed","template":"","meta":{"content-type":""},"product_brand":[],"product_cat":[768],"product_tag":[],"class_list":{"0":"post-21323","1":"product","2":"type-product","3":"status-publish","4":"has-post-thumbnail","6":"product_cat-cameras-de-securite-fr","8":"first","9":"instock","10":"taxable","11":"shipping-taxable","12":"purchasable","13":"product-type-variable","14":"add-to-wishlist-after_add_to_cart"},"yoast_head":"<!-- This site is optimized with the Yoast SEO plugin v27.4 - https:\/\/yoast.com\/product\/yoast-seo-wordpress\/ -->\n<title>Surveillance \u00e0 distance par cam\u00e9ra sans fil - Aigle Shopping Canada<\/title>\n<meta name=\"robots\" content=\"index, follow, max-snippet:-1, max-image-preview:large, max-video-preview:-1\" \/>\n<link rel=\"canonical\" href=\"https:\/\/aigleshopping.ca\/fr\/produit\/surveillance-a-distance-par-camera-sans-fil\/\" \/>\n<meta property=\"og:locale\" content=\"fr_FR\" \/>\n<meta property=\"og:type\" content=\"article\" \/>\n<meta property=\"og:title\" content=\"Surveillance \u00e0 distance par cam\u00e9ra sans fil - Aigle Shopping Canada\" \/>\n<meta property=\"og:description\" content=\"Vue d&rsquo;ensemble : Antenne de haute qualit\u00e9, signal puissant Image HD 1080P en prise de vue r\u00e9elle Vision nocturne super infrarouge, image claire la nuit Remarque : Pas de carte m\u00e9moire, la carte m\u00e9moire doit \u00eatre achet\u00e9e s\u00e9par\u00e9ment. Sp\u00e9cification : Mat\u00e9riau : plastique Environnement d&rsquo;utilisation : int\u00e9rieur Distance effective : 10 m\u00e8tres Objectif de la [&hellip;]\" \/>\n<meta property=\"og:url\" content=\"https:\/\/aigleshopping.ca\/fr\/produit\/surveillance-a-distance-par-camera-sans-fil\/\" \/>\n<meta property=\"og:site_name\" content=\"Aigle Shopping Canada\" \/>\n<meta property=\"og:image\" content=\"https:\/\/aigleshopping.ca\/wp-content\/uploads\/2025\/03\/2004592969004.jpg\" \/>\n\t<meta property=\"og:image:width\" content=\"800\" \/>\n\t<meta property=\"og:image:height\" content=\"800\" \/>\n\t<meta property=\"og:image:type\" content=\"image\/jpeg\" \/>\n<meta name=\"twitter:card\" content=\"summary_large_image\" \/>\n<script type=\"application\/ld+json\" class=\"yoast-schema-graph\">{\"@context\":\"https:\\\/\\\/schema.org\",\"@graph\":[{\"@type\":\"WebPage\",\"@id\":\"https:\\\/\\\/aigleshopping.ca\\\/fr\\\/produit\\\/surveillance-a-distance-par-camera-sans-fil\\\/\",\"url\":\"https:\\\/\\\/aigleshopping.ca\\\/fr\\\/produit\\\/surveillance-a-distance-par-camera-sans-fil\\\/\",\"name\":\"Surveillance \u00e0 distance par cam\u00e9ra sans fil - Aigle Shopping Canada\",\"isPartOf\":{\"@id\":\"https:\\\/\\\/aigleshopping.ca\\\/#website\"},\"primaryImageOfPage\":{\"@id\":\"https:\\\/\\\/aigleshopping.ca\\\/fr\\\/produit\\\/surveillance-a-distance-par-camera-sans-fil\\\/#primaryimage\"},\"image\":{\"@id\":\"https:\\\/\\\/aigleshopping.ca\\\/fr\\\/produit\\\/surveillance-a-distance-par-camera-sans-fil\\\/#primaryimage\"},\"thumbnailUrl\":\"https:\\\/\\\/aigleshopping.ca\\\/wp-content\\\/uploads\\\/2025\\\/03\\\/2004592969004.jpg\",\"datePublished\":\"2025-03-07T08:13:06+00:00\",\"breadcrumb\":{\"@id\":\"https:\\\/\\\/aigleshopping.ca\\\/fr\\\/produit\\\/surveillance-a-distance-par-camera-sans-fil\\\/#breadcrumb\"},\"inLanguage\":\"fr-FR\",\"potentialAction\":[{\"@type\":\"ReadAction\",\"target\":[\"https:\\\/\\\/aigleshopping.ca\\\/fr\\\/produit\\\/surveillance-a-distance-par-camera-sans-fil\\\/\"]}]},{\"@type\":\"ImageObject\",\"inLanguage\":\"fr-FR\",\"@id\":\"https:\\\/\\\/aigleshopping.ca\\\/fr\\\/produit\\\/surveillance-a-distance-par-camera-sans-fil\\\/#primaryimage\",\"url\":\"https:\\\/\\\/aigleshopping.ca\\\/wp-content\\\/uploads\\\/2025\\\/03\\\/2004592969004.jpg\",\"contentUrl\":\"https:\\\/\\\/aigleshopping.ca\\\/wp-content\\\/uploads\\\/2025\\\/03\\\/2004592969004.jpg\",\"width\":800,\"height\":800},{\"@type\":\"BreadcrumbList\",\"@id\":\"https:\\\/\\\/aigleshopping.ca\\\/fr\\\/produit\\\/surveillance-a-distance-par-camera-sans-fil\\\/#breadcrumb\",\"itemListElement\":[{\"@type\":\"ListItem\",\"position\":1,\"name\":\"Home\",\"item\":\"https:\\\/\\\/aigleshopping.ca\\\/fr\\\/home\\\/\"},{\"@type\":\"ListItem\",\"position\":2,\"name\":\"Products\",\"item\":\"https:\\\/\\\/aigleshopping.ca\\\/shop\\\/\"},{\"@type\":\"ListItem\",\"position\":3,\"name\":\"Surveillance \u00e0 distance par cam\u00e9ra sans fil\"}]},{\"@type\":\"WebSite\",\"@id\":\"https:\\\/\\\/aigleshopping.ca\\\/#website\",\"url\":\"https:\\\/\\\/aigleshopping.ca\\\/\",\"name\":\"Aigle Shopping Canada\",\"description\":\"Au-del\u00e0 des fronti\u00e8res, pour vous offrir le\u00a0meilleur!\",\"publisher\":{\"@id\":\"https:\\\/\\\/aigleshopping.ca\\\/#organization\"},\"potentialAction\":[{\"@type\":\"SearchAction\",\"target\":{\"@type\":\"EntryPoint\",\"urlTemplate\":\"https:\\\/\\\/aigleshopping.ca\\\/?s={search_term_string}\"},\"query-input\":{\"@type\":\"PropertyValueSpecification\",\"valueRequired\":true,\"valueName\":\"search_term_string\"}}],\"inLanguage\":\"fr-FR\"},{\"@type\":\"Organization\",\"@id\":\"https:\\\/\\\/aigleshopping.ca\\\/#organization\",\"name\":\"Aigle Shopping Canada\",\"url\":\"https:\\\/\\\/aigleshopping.ca\\\/\",\"logo\":{\"@type\":\"ImageObject\",\"inLanguage\":\"fr-FR\",\"@id\":\"https:\\\/\\\/aigleshopping.ca\\\/#\\\/schema\\\/logo\\\/image\\\/\",\"url\":\"https:\\\/\\\/aigleshopping.ca\\\/wp-content\\\/uploads\\\/2025\\\/12\\\/logo_aigleshopping_ca.png\",\"contentUrl\":\"https:\\\/\\\/aigleshopping.ca\\\/wp-content\\\/uploads\\\/2025\\\/12\\\/logo_aigleshopping_ca.png\",\"width\":800,\"height\":233,\"caption\":\"Aigle Shopping Canada\"},\"image\":{\"@id\":\"https:\\\/\\\/aigleshopping.ca\\\/#\\\/schema\\\/logo\\\/image\\\/\"}}]}<\/script>\n<!-- \/ Yoast SEO plugin. -->","yoast_head_json":{"title":"Surveillance \u00e0 distance par cam\u00e9ra sans fil - Aigle Shopping Canada","robots":{"index":"index","follow":"follow","max-snippet":"max-snippet:-1","max-image-preview":"max-image-preview:large","max-video-preview":"max-video-preview:-1"},"canonical":"https:\/\/aigleshopping.ca\/fr\/produit\/surveillance-a-distance-par-camera-sans-fil\/","og_locale":"fr_FR","og_type":"article","og_title":"Surveillance \u00e0 distance par cam\u00e9ra sans fil - Aigle Shopping Canada","og_description":"Vue d&rsquo;ensemble : Antenne de haute qualit\u00e9, signal puissant Image HD 1080P en prise de vue r\u00e9elle Vision nocturne super infrarouge, image claire la nuit Remarque : Pas de carte m\u00e9moire, la carte m\u00e9moire doit \u00eatre achet\u00e9e s\u00e9par\u00e9ment. Sp\u00e9cification : Mat\u00e9riau : plastique Environnement d&rsquo;utilisation : int\u00e9rieur Distance effective : 10 m\u00e8tres Objectif de la [&hellip;]","og_url":"https:\/\/aigleshopping.ca\/fr\/produit\/surveillance-a-distance-par-camera-sans-fil\/","og_site_name":"Aigle Shopping Canada","og_image":[{"width":800,"height":800,"url":"https:\/\/aigleshopping.ca\/wp-content\/uploads\/2025\/03\/2004592969004.jpg","type":"image\/jpeg"}],"twitter_card":"summary_large_image","schema":{"@context":"https:\/\/schema.org","@graph":[{"@type":"WebPage","@id":"https:\/\/aigleshopping.ca\/fr\/produit\/surveillance-a-distance-par-camera-sans-fil\/","url":"https:\/\/aigleshopping.ca\/fr\/produit\/surveillance-a-distance-par-camera-sans-fil\/","name":"Surveillance \u00e0 distance par cam\u00e9ra sans fil - Aigle Shopping Canada","isPartOf":{"@id":"https:\/\/aigleshopping.ca\/#website"},"primaryImageOfPage":{"@id":"https:\/\/aigleshopping.ca\/fr\/produit\/surveillance-a-distance-par-camera-sans-fil\/#primaryimage"},"image":{"@id":"https:\/\/aigleshopping.ca\/fr\/produit\/surveillance-a-distance-par-camera-sans-fil\/#primaryimage"},"thumbnailUrl":"https:\/\/aigleshopping.ca\/wp-content\/uploads\/2025\/03\/2004592969004.jpg","datePublished":"2025-03-07T08:13:06+00:00","breadcrumb":{"@id":"https:\/\/aigleshopping.ca\/fr\/produit\/surveillance-a-distance-par-camera-sans-fil\/#breadcrumb"},"inLanguage":"fr-FR","potentialAction":[{"@type":"ReadAction","target":["https:\/\/aigleshopping.ca\/fr\/produit\/surveillance-a-distance-par-camera-sans-fil\/"]}]},{"@type":"ImageObject","inLanguage":"fr-FR","@id":"https:\/\/aigleshopping.ca\/fr\/produit\/surveillance-a-distance-par-camera-sans-fil\/#primaryimage","url":"https:\/\/aigleshopping.ca\/wp-content\/uploads\/2025\/03\/2004592969004.jpg","contentUrl":"https:\/\/aigleshopping.ca\/wp-content\/uploads\/2025\/03\/2004592969004.jpg","width":800,"height":800},{"@type":"BreadcrumbList","@id":"https:\/\/aigleshopping.ca\/fr\/produit\/surveillance-a-distance-par-camera-sans-fil\/#breadcrumb","itemListElement":[{"@type":"ListItem","position":1,"name":"Home","item":"https:\/\/aigleshopping.ca\/fr\/home\/"},{"@type":"ListItem","position":2,"name":"Products","item":"https:\/\/aigleshopping.ca\/shop\/"},{"@type":"ListItem","position":3,"name":"Surveillance \u00e0 distance par cam\u00e9ra sans fil"}]},{"@type":"WebSite","@id":"https:\/\/aigleshopping.ca\/#website","url":"https:\/\/aigleshopping.ca\/","name":"Aigle Shopping Canada","description":"Au-del\u00e0 des fronti\u00e8res, pour vous offrir le\u00a0meilleur!","publisher":{"@id":"https:\/\/aigleshopping.ca\/#organization"},"potentialAction":[{"@type":"SearchAction","target":{"@type":"EntryPoint","urlTemplate":"https:\/\/aigleshopping.ca\/?s={search_term_string}"},"query-input":{"@type":"PropertyValueSpecification","valueRequired":true,"valueName":"search_term_string"}}],"inLanguage":"fr-FR"},{"@type":"Organization","@id":"https:\/\/aigleshopping.ca\/#organization","name":"Aigle Shopping Canada","url":"https:\/\/aigleshopping.ca\/","logo":{"@type":"ImageObject","inLanguage":"fr-FR","@id":"https:\/\/aigleshopping.ca\/#\/schema\/logo\/image\/","url":"https:\/\/aigleshopping.ca\/wp-content\/uploads\/2025\/12\/logo_aigleshopping_ca.png","contentUrl":"https:\/\/aigleshopping.ca\/wp-content\/uploads\/2025\/12\/logo_aigleshopping_ca.png","width":800,"height":233,"caption":"Aigle Shopping Canada"},"image":{"@id":"https:\/\/aigleshopping.ca\/#\/schema\/logo\/image\/"}}]}},"jetpack_sharing_enabled":true,"_links":{"self":[{"href":"https:\/\/aigleshopping.ca\/fr\/wp-json\/wp\/v2\/product\/21323","targetHints":{"allow":["GET"]}}],"collection":[{"href":"https:\/\/aigleshopping.ca\/fr\/wp-json\/wp\/v2\/product"}],"about":[{"href":"https:\/\/aigleshopping.ca\/fr\/wp-json\/wp\/v2\/types\/product"}],"replies":[{"embeddable":true,"href":"https:\/\/aigleshopping.ca\/fr\/wp-json\/wp\/v2\/comments?post=21323"}],"wp:featuredmedia":[{"embeddable":true,"href":"https:\/\/aigleshopping.ca\/fr\/wp-json\/wp\/v2\/media\/11966"}],"wp:attachment":[{"href":"https:\/\/aigleshopping.ca\/fr\/wp-json\/wp\/v2\/media?parent=21323"}],"wp:term":[{"taxonomy":"product_brand","embeddable":true,"href":"https:\/\/aigleshopping.ca\/fr\/wp-json\/wp\/v2\/product_brand?post=21323"},{"taxonomy":"product_cat","embeddable":true,"href":"https:\/\/aigleshopping.ca\/fr\/wp-json\/wp\/v2\/product_cat?post=21323"},{"taxonomy":"product_tag","embeddable":true,"href":"https:\/\/aigleshopping.ca\/fr\/wp-json\/wp\/v2\/product_tag?post=21323"}],"curies":[{"name":"wp","href":"https:\/\/api.w.org\/{rel}","templated":true}]}}