{"id":21337,"date":"2025-03-07T08:16:05","date_gmt":"2025-03-07T08:16:05","guid":{"rendered":"https:\/\/aigleshopping.ca\/produit\/oreiller-de-massage-en-forme-de-u-appareil-de-massage-du-cou-appareil-de-massage-electrique-du-cou-appareil-de-massage-des-epaules-et-du-dos-appareil-de-massage-cervical-pour-la-relaxation-du-"},"modified":"2025-03-07T08:16:05","modified_gmt":"2025-03-07T08:16:05","slug":"oreiller-de-massage-en-forme-de-u-appareil-de-massage-du-cou-appareil-de-massage-electrique-du-cou-appareil-de-massage-des-epaules-et-du-dos-appareil-de-massage-cervical-pour-la-relaxation-du-corps","status":"publish","type":"product","link":"https:\/\/aigleshopping.ca\/fr\/produit\/oreiller-de-massage-en-forme-de-u-appareil-de-massage-du-cou-appareil-de-massage-electrique-du-cou-appareil-de-massage-des-epaules-et-du-dos-appareil-de-massage-cervical-pour-la-relaxation-du-corps\/","title":{"rendered":"Oreiller de massage en forme de U Appareil de massage du cou Appareil de massage \u00e9lectrique du cou Appareil de massage des \u00e9paules et du dos Appareil de massage cervical pour la relaxation du corps"},"content":{"rendered":"<p> <b>Vue d&rsquo;ensemble :<\/b> <br \/> 1. Simulez un massage des mains, vous pouvez exp\u00e9rimenter la sensation du massage dans le magasin \u00e0 la maison.   <br \/>  2. Le p\u00e9trissage positif et n\u00e9gatif rend le massage plus confortable, draine les m\u00e9ridiens et soulage la fatigue.   <br \/>  3. Il est apte \u00e0 supporter le circuit et \u00e0 supporter le poids du cou \u00e0 chaque tour.   <br \/>  4. La compresse chaude \u00e0 temp\u00e9rature constante vous aide \u00e0 dormir plus profond\u00e9ment.   <\/p>\n<p> <b>Informations sur le produit :<\/b> <br \/> Forme de l&rsquo;apparence : Proche du carr\u00e9\/carr\u00e9 rond  <br \/>  Parties concern\u00e9es : cou  <br \/>  Nombre de t\u00eates de massage : 4 et moins  <br \/>  Position des vitesses : 3 vitesses  <br \/>  Fonction : Chronom\u00e9trage  <br \/>  Mode d&rsquo;alimentation : rechargeable  <br \/>  Techniques de massage : massage, p\u00e9trissage  <br \/>  Style : A p\u00e9trissage \u00e0 trois touches + vibration + chauffage, B p\u00e9trissage \u00e0 trois touches + chauffage  <br \/>  Couleur : brun  <br \/> <b> <br \/>  Liste d&#8217;emballage :  <\/b> <br \/>  Coussin de massage X1  <\/p>\n<p> <img fetchpriority=\"high\" decoding=\"async\" src=\"https:\/\/cf.cjdropshipping.com\/1623392449616.jpg\" width=\"848\" height=\"848\"> <img decoding=\"async\" src=\"https:\/\/cf.cjdropshipping.com\/1623392449594.jpg\" width=\"849\" height=\"849\"> <img decoding=\"async\" src=\"https:\/\/cf.cjdropshipping.com\/1623392449600.jpg\" width=\"849\" height=\"849\"> <img loading=\"lazy\" decoding=\"async\" src=\"https:\/\/cf.cjdropshipping.com\/1623392449612.jpg\" width=\"848\" height=\"848\"> <img loading=\"lazy\" decoding=\"async\" src=\"https:\/\/cf.cjdropshipping.com\/1623392449629.jpg\" width=\"849\" height=\"849\">  <\/p>\n","protected":false},"excerpt":{"rendered":"<p>Vue d&rsquo;ensemble : 1. Simulez un massage des mains, vous pouvez exp\u00e9rimenter la sensation du massage dans le magasin \u00e0 la maison. 2. Le p\u00e9trissage positif et n\u00e9gatif rend le massage plus confortable, draine les m\u00e9ridiens et soulage la fatigue. 3. Il est apte \u00e0 supporter le circuit et \u00e0 supporter le poids du cou [&hellip;]<\/p>\n","protected":false},"featured_media":12007,"comment_status":"open","ping_status":"closed","template":"","meta":{"content-type":""},"product_brand":[],"product_cat":[797],"product_tag":[],"class_list":{"0":"post-21337","1":"product","2":"type-product","3":"status-publish","4":"has-post-thumbnail","6":"product_cat-dispositifs-de-beaute","8":"first","9":"instock","10":"taxable","11":"shipping-taxable","12":"purchasable","13":"product-type-variable","14":"add-to-wishlist-after_add_to_cart"},"yoast_head":"<!-- This site is optimized with the Yoast SEO plugin v27.3 - https:\/\/yoast.com\/product\/yoast-seo-wordpress\/ -->\n<title>Oreiller de massage en forme de U Appareil de massage du cou Appareil de massage \u00e9lectrique du cou Appareil de massage des \u00e9paules et du dos Appareil de massage cervical pour la relaxation du corps - Aigle Shopping Canada<\/title>\n<meta name=\"robots\" content=\"index, follow, max-snippet:-1, max-image-preview:large, max-video-preview:-1\" \/>\n<link rel=\"canonical\" href=\"https:\/\/aigleshopping.ca\/fr\/produit\/oreiller-de-massage-en-forme-de-u-appareil-de-massage-du-cou-appareil-de-massage-electrique-du-cou-appareil-de-massage-des-epaules-et-du-dos-appareil-de-massage-cervical-pour-la-relaxation-du-corps\/\" \/>\n<meta property=\"og:locale\" content=\"fr_FR\" \/>\n<meta property=\"og:type\" content=\"article\" \/>\n<meta property=\"og:title\" content=\"Oreiller de massage en forme de U Appareil de massage du cou Appareil de massage \u00e9lectrique du cou Appareil de massage des \u00e9paules et du dos Appareil de massage cervical pour la relaxation du corps - Aigle Shopping Canada\" \/>\n<meta property=\"og:description\" content=\"Vue d&rsquo;ensemble : 1. Simulez un massage des mains, vous pouvez exp\u00e9rimenter la sensation du massage dans le magasin \u00e0 la maison. 2. Le p\u00e9trissage positif et n\u00e9gatif rend le massage plus confortable, draine les m\u00e9ridiens et soulage la fatigue. 3. Il est apte \u00e0 supporter le circuit et \u00e0 supporter le poids du cou [&hellip;]\" \/>\n<meta property=\"og:url\" content=\"https:\/\/aigleshopping.ca\/fr\/produit\/oreiller-de-massage-en-forme-de-u-appareil-de-massage-du-cou-appareil-de-massage-electrique-du-cou-appareil-de-massage-des-epaules-et-du-dos-appareil-de-massage-cervical-pour-la-relaxation-du-corps\/\" \/>\n<meta property=\"og:site_name\" content=\"Aigle Shopping Canada\" \/>\n<meta property=\"og:image\" content=\"https:\/\/aigleshopping.ca\/wp-content\/uploads\/2025\/03\/dba1137f-60bc-4a7a-bdbb-6d97b13d9c52.jpg\" \/>\n\t<meta property=\"og:image:width\" content=\"800\" \/>\n\t<meta property=\"og:image:height\" content=\"715\" \/>\n\t<meta property=\"og:image:type\" content=\"image\/jpeg\" \/>\n<meta name=\"twitter:card\" content=\"summary_large_image\" \/>\n<meta name=\"twitter:label1\" content=\"Dur\u00e9e de lecture estim\u00e9e\" \/>\n\t<meta name=\"twitter:data1\" content=\"1 minute\" \/>\n<script type=\"application\/ld+json\" class=\"yoast-schema-graph\">{\"@context\":\"https:\\\/\\\/schema.org\",\"@graph\":[{\"@type\":\"WebPage\",\"@id\":\"https:\\\/\\\/aigleshopping.ca\\\/fr\\\/produit\\\/oreiller-de-massage-en-forme-de-u-appareil-de-massage-du-cou-appareil-de-massage-electrique-du-cou-appareil-de-massage-des-epaules-et-du-dos-appareil-de-massage-cervical-pour-la-relaxation-du-corps\\\/\",\"url\":\"https:\\\/\\\/aigleshopping.ca\\\/fr\\\/produit\\\/oreiller-de-massage-en-forme-de-u-appareil-de-massage-du-cou-appareil-de-massage-electrique-du-cou-appareil-de-massage-des-epaules-et-du-dos-appareil-de-massage-cervical-pour-la-relaxation-du-corps\\\/\",\"name\":\"Oreiller de massage en forme de U Appareil de massage du cou Appareil de massage \u00e9lectrique du cou Appareil de massage des \u00e9paules et du dos Appareil de massage cervical pour la relaxation du corps - Aigle Shopping Canada\",\"isPartOf\":{\"@id\":\"https:\\\/\\\/aigleshopping.ca\\\/#website\"},\"primaryImageOfPage\":{\"@id\":\"https:\\\/\\\/aigleshopping.ca\\\/fr\\\/produit\\\/oreiller-de-massage-en-forme-de-u-appareil-de-massage-du-cou-appareil-de-massage-electrique-du-cou-appareil-de-massage-des-epaules-et-du-dos-appareil-de-massage-cervical-pour-la-relaxation-du-corps\\\/#primaryimage\"},\"image\":{\"@id\":\"https:\\\/\\\/aigleshopping.ca\\\/fr\\\/produit\\\/oreiller-de-massage-en-forme-de-u-appareil-de-massage-du-cou-appareil-de-massage-electrique-du-cou-appareil-de-massage-des-epaules-et-du-dos-appareil-de-massage-cervical-pour-la-relaxation-du-corps\\\/#primaryimage\"},\"thumbnailUrl\":\"https:\\\/\\\/aigleshopping.ca\\\/wp-content\\\/uploads\\\/2025\\\/03\\\/dba1137f-60bc-4a7a-bdbb-6d97b13d9c52.jpg\",\"datePublished\":\"2025-03-07T08:16:05+00:00\",\"breadcrumb\":{\"@id\":\"https:\\\/\\\/aigleshopping.ca\\\/fr\\\/produit\\\/oreiller-de-massage-en-forme-de-u-appareil-de-massage-du-cou-appareil-de-massage-electrique-du-cou-appareil-de-massage-des-epaules-et-du-dos-appareil-de-massage-cervical-pour-la-relaxation-du-corps\\\/#breadcrumb\"},\"inLanguage\":\"fr-FR\",\"potentialAction\":[{\"@type\":\"ReadAction\",\"target\":[\"https:\\\/\\\/aigleshopping.ca\\\/fr\\\/produit\\\/oreiller-de-massage-en-forme-de-u-appareil-de-massage-du-cou-appareil-de-massage-electrique-du-cou-appareil-de-massage-des-epaules-et-du-dos-appareil-de-massage-cervical-pour-la-relaxation-du-corps\\\/\"]}]},{\"@type\":\"ImageObject\",\"inLanguage\":\"fr-FR\",\"@id\":\"https:\\\/\\\/aigleshopping.ca\\\/fr\\\/produit\\\/oreiller-de-massage-en-forme-de-u-appareil-de-massage-du-cou-appareil-de-massage-electrique-du-cou-appareil-de-massage-des-epaules-et-du-dos-appareil-de-massage-cervical-pour-la-relaxation-du-corps\\\/#primaryimage\",\"url\":\"https:\\\/\\\/aigleshopping.ca\\\/wp-content\\\/uploads\\\/2025\\\/03\\\/dba1137f-60bc-4a7a-bdbb-6d97b13d9c52.jpg\",\"contentUrl\":\"https:\\\/\\\/aigleshopping.ca\\\/wp-content\\\/uploads\\\/2025\\\/03\\\/dba1137f-60bc-4a7a-bdbb-6d97b13d9c52.jpg\",\"width\":800,\"height\":715},{\"@type\":\"BreadcrumbList\",\"@id\":\"https:\\\/\\\/aigleshopping.ca\\\/fr\\\/produit\\\/oreiller-de-massage-en-forme-de-u-appareil-de-massage-du-cou-appareil-de-massage-electrique-du-cou-appareil-de-massage-des-epaules-et-du-dos-appareil-de-massage-cervical-pour-la-relaxation-du-corps\\\/#breadcrumb\",\"itemListElement\":[{\"@type\":\"ListItem\",\"position\":1,\"name\":\"Home\",\"item\":\"https:\\\/\\\/aigleshopping.ca\\\/fr\\\/home\\\/\"},{\"@type\":\"ListItem\",\"position\":2,\"name\":\"Products\",\"item\":\"https:\\\/\\\/aigleshopping.ca\\\/shop\\\/\"},{\"@type\":\"ListItem\",\"position\":3,\"name\":\"Oreiller de massage en forme de U Appareil de massage du cou Appareil de massage \u00e9lectrique du cou Appareil de massage des \u00e9paules et du dos Appareil de massage cervical pour la relaxation du corps\"}]},{\"@type\":\"WebSite\",\"@id\":\"https:\\\/\\\/aigleshopping.ca\\\/#website\",\"url\":\"https:\\\/\\\/aigleshopping.ca\\\/\",\"name\":\"Aigle Shopping Canada\",\"description\":\"Au-del\u00e0 des fronti\u00e8res, pour vous offrir le\u00a0meilleur!\",\"publisher\":{\"@id\":\"https:\\\/\\\/aigleshopping.ca\\\/#organization\"},\"potentialAction\":[{\"@type\":\"SearchAction\",\"target\":{\"@type\":\"EntryPoint\",\"urlTemplate\":\"https:\\\/\\\/aigleshopping.ca\\\/?s={search_term_string}\"},\"query-input\":{\"@type\":\"PropertyValueSpecification\",\"valueRequired\":true,\"valueName\":\"search_term_string\"}}],\"inLanguage\":\"fr-FR\"},{\"@type\":\"Organization\",\"@id\":\"https:\\\/\\\/aigleshopping.ca\\\/#organization\",\"name\":\"Aigle Shopping Canada\",\"url\":\"https:\\\/\\\/aigleshopping.ca\\\/\",\"logo\":{\"@type\":\"ImageObject\",\"inLanguage\":\"fr-FR\",\"@id\":\"https:\\\/\\\/aigleshopping.ca\\\/#\\\/schema\\\/logo\\\/image\\\/\",\"url\":\"https:\\\/\\\/aigleshopping.ca\\\/wp-content\\\/uploads\\\/2025\\\/12\\\/logo_aigleshopping_ca.png\",\"contentUrl\":\"https:\\\/\\\/aigleshopping.ca\\\/wp-content\\\/uploads\\\/2025\\\/12\\\/logo_aigleshopping_ca.png\",\"width\":800,\"height\":233,\"caption\":\"Aigle Shopping Canada\"},\"image\":{\"@id\":\"https:\\\/\\\/aigleshopping.ca\\\/#\\\/schema\\\/logo\\\/image\\\/\"}}]}<\/script>\n<!-- \/ Yoast SEO plugin. -->","yoast_head_json":{"title":"Oreiller de massage en forme de U Appareil de massage du cou Appareil de massage \u00e9lectrique du cou Appareil de massage des \u00e9paules et du dos Appareil de massage cervical pour la relaxation du corps - Aigle Shopping Canada","robots":{"index":"index","follow":"follow","max-snippet":"max-snippet:-1","max-image-preview":"max-image-preview:large","max-video-preview":"max-video-preview:-1"},"canonical":"https:\/\/aigleshopping.ca\/fr\/produit\/oreiller-de-massage-en-forme-de-u-appareil-de-massage-du-cou-appareil-de-massage-electrique-du-cou-appareil-de-massage-des-epaules-et-du-dos-appareil-de-massage-cervical-pour-la-relaxation-du-corps\/","og_locale":"fr_FR","og_type":"article","og_title":"Oreiller de massage en forme de U Appareil de massage du cou Appareil de massage \u00e9lectrique du cou Appareil de massage des \u00e9paules et du dos Appareil de massage cervical pour la relaxation du corps - Aigle Shopping Canada","og_description":"Vue d&rsquo;ensemble : 1. Simulez un massage des mains, vous pouvez exp\u00e9rimenter la sensation du massage dans le magasin \u00e0 la maison. 2. Le p\u00e9trissage positif et n\u00e9gatif rend le massage plus confortable, draine les m\u00e9ridiens et soulage la fatigue. 3. Il est apte \u00e0 supporter le circuit et \u00e0 supporter le poids du cou [&hellip;]","og_url":"https:\/\/aigleshopping.ca\/fr\/produit\/oreiller-de-massage-en-forme-de-u-appareil-de-massage-du-cou-appareil-de-massage-electrique-du-cou-appareil-de-massage-des-epaules-et-du-dos-appareil-de-massage-cervical-pour-la-relaxation-du-corps\/","og_site_name":"Aigle Shopping Canada","og_image":[{"width":800,"height":715,"url":"https:\/\/aigleshopping.ca\/wp-content\/uploads\/2025\/03\/dba1137f-60bc-4a7a-bdbb-6d97b13d9c52.jpg","type":"image\/jpeg"}],"twitter_card":"summary_large_image","twitter_misc":{"Dur\u00e9e de lecture estim\u00e9e":"1 minute"},"schema":{"@context":"https:\/\/schema.org","@graph":[{"@type":"WebPage","@id":"https:\/\/aigleshopping.ca\/fr\/produit\/oreiller-de-massage-en-forme-de-u-appareil-de-massage-du-cou-appareil-de-massage-electrique-du-cou-appareil-de-massage-des-epaules-et-du-dos-appareil-de-massage-cervical-pour-la-relaxation-du-corps\/","url":"https:\/\/aigleshopping.ca\/fr\/produit\/oreiller-de-massage-en-forme-de-u-appareil-de-massage-du-cou-appareil-de-massage-electrique-du-cou-appareil-de-massage-des-epaules-et-du-dos-appareil-de-massage-cervical-pour-la-relaxation-du-corps\/","name":"Oreiller de massage en forme de U Appareil de massage du cou Appareil de massage \u00e9lectrique du cou Appareil de massage des \u00e9paules et du dos Appareil de massage cervical pour la relaxation du corps - Aigle Shopping Canada","isPartOf":{"@id":"https:\/\/aigleshopping.ca\/#website"},"primaryImageOfPage":{"@id":"https:\/\/aigleshopping.ca\/fr\/produit\/oreiller-de-massage-en-forme-de-u-appareil-de-massage-du-cou-appareil-de-massage-electrique-du-cou-appareil-de-massage-des-epaules-et-du-dos-appareil-de-massage-cervical-pour-la-relaxation-du-corps\/#primaryimage"},"image":{"@id":"https:\/\/aigleshopping.ca\/fr\/produit\/oreiller-de-massage-en-forme-de-u-appareil-de-massage-du-cou-appareil-de-massage-electrique-du-cou-appareil-de-massage-des-epaules-et-du-dos-appareil-de-massage-cervical-pour-la-relaxation-du-corps\/#primaryimage"},"thumbnailUrl":"https:\/\/aigleshopping.ca\/wp-content\/uploads\/2025\/03\/dba1137f-60bc-4a7a-bdbb-6d97b13d9c52.jpg","datePublished":"2025-03-07T08:16:05+00:00","breadcrumb":{"@id":"https:\/\/aigleshopping.ca\/fr\/produit\/oreiller-de-massage-en-forme-de-u-appareil-de-massage-du-cou-appareil-de-massage-electrique-du-cou-appareil-de-massage-des-epaules-et-du-dos-appareil-de-massage-cervical-pour-la-relaxation-du-corps\/#breadcrumb"},"inLanguage":"fr-FR","potentialAction":[{"@type":"ReadAction","target":["https:\/\/aigleshopping.ca\/fr\/produit\/oreiller-de-massage-en-forme-de-u-appareil-de-massage-du-cou-appareil-de-massage-electrique-du-cou-appareil-de-massage-des-epaules-et-du-dos-appareil-de-massage-cervical-pour-la-relaxation-du-corps\/"]}]},{"@type":"ImageObject","inLanguage":"fr-FR","@id":"https:\/\/aigleshopping.ca\/fr\/produit\/oreiller-de-massage-en-forme-de-u-appareil-de-massage-du-cou-appareil-de-massage-electrique-du-cou-appareil-de-massage-des-epaules-et-du-dos-appareil-de-massage-cervical-pour-la-relaxation-du-corps\/#primaryimage","url":"https:\/\/aigleshopping.ca\/wp-content\/uploads\/2025\/03\/dba1137f-60bc-4a7a-bdbb-6d97b13d9c52.jpg","contentUrl":"https:\/\/aigleshopping.ca\/wp-content\/uploads\/2025\/03\/dba1137f-60bc-4a7a-bdbb-6d97b13d9c52.jpg","width":800,"height":715},{"@type":"BreadcrumbList","@id":"https:\/\/aigleshopping.ca\/fr\/produit\/oreiller-de-massage-en-forme-de-u-appareil-de-massage-du-cou-appareil-de-massage-electrique-du-cou-appareil-de-massage-des-epaules-et-du-dos-appareil-de-massage-cervical-pour-la-relaxation-du-corps\/#breadcrumb","itemListElement":[{"@type":"ListItem","position":1,"name":"Home","item":"https:\/\/aigleshopping.ca\/fr\/home\/"},{"@type":"ListItem","position":2,"name":"Products","item":"https:\/\/aigleshopping.ca\/shop\/"},{"@type":"ListItem","position":3,"name":"Oreiller de massage en forme de U Appareil de massage du cou Appareil de massage \u00e9lectrique du cou Appareil de massage des \u00e9paules et du dos Appareil de massage cervical pour la relaxation du corps"}]},{"@type":"WebSite","@id":"https:\/\/aigleshopping.ca\/#website","url":"https:\/\/aigleshopping.ca\/","name":"Aigle Shopping Canada","description":"Au-del\u00e0 des fronti\u00e8res, pour vous offrir le\u00a0meilleur!","publisher":{"@id":"https:\/\/aigleshopping.ca\/#organization"},"potentialAction":[{"@type":"SearchAction","target":{"@type":"EntryPoint","urlTemplate":"https:\/\/aigleshopping.ca\/?s={search_term_string}"},"query-input":{"@type":"PropertyValueSpecification","valueRequired":true,"valueName":"search_term_string"}}],"inLanguage":"fr-FR"},{"@type":"Organization","@id":"https:\/\/aigleshopping.ca\/#organization","name":"Aigle Shopping Canada","url":"https:\/\/aigleshopping.ca\/","logo":{"@type":"ImageObject","inLanguage":"fr-FR","@id":"https:\/\/aigleshopping.ca\/#\/schema\/logo\/image\/","url":"https:\/\/aigleshopping.ca\/wp-content\/uploads\/2025\/12\/logo_aigleshopping_ca.png","contentUrl":"https:\/\/aigleshopping.ca\/wp-content\/uploads\/2025\/12\/logo_aigleshopping_ca.png","width":800,"height":233,"caption":"Aigle Shopping Canada"},"image":{"@id":"https:\/\/aigleshopping.ca\/#\/schema\/logo\/image\/"}}]}},"jetpack_sharing_enabled":true,"_links":{"self":[{"href":"https:\/\/aigleshopping.ca\/fr\/wp-json\/wp\/v2\/product\/21337","targetHints":{"allow":["GET"]}}],"collection":[{"href":"https:\/\/aigleshopping.ca\/fr\/wp-json\/wp\/v2\/product"}],"about":[{"href":"https:\/\/aigleshopping.ca\/fr\/wp-json\/wp\/v2\/types\/product"}],"replies":[{"embeddable":true,"href":"https:\/\/aigleshopping.ca\/fr\/wp-json\/wp\/v2\/comments?post=21337"}],"wp:featuredmedia":[{"embeddable":true,"href":"https:\/\/aigleshopping.ca\/fr\/wp-json\/wp\/v2\/media\/12007"}],"wp:attachment":[{"href":"https:\/\/aigleshopping.ca\/fr\/wp-json\/wp\/v2\/media?parent=21337"}],"wp:term":[{"taxonomy":"product_brand","embeddable":true,"href":"https:\/\/aigleshopping.ca\/fr\/wp-json\/wp\/v2\/product_brand?post=21337"},{"taxonomy":"product_cat","embeddable":true,"href":"https:\/\/aigleshopping.ca\/fr\/wp-json\/wp\/v2\/product_cat?post=21337"},{"taxonomy":"product_tag","embeddable":true,"href":"https:\/\/aigleshopping.ca\/fr\/wp-json\/wp\/v2\/product_tag?post=21337"}],"curies":[{"name":"wp","href":"https:\/\/api.w.org\/{rel}","templated":true}]}}