{"id":21431,"date":"2025-03-07T23:34:05","date_gmt":"2025-03-07T23:34:05","guid":{"rendered":"https:\/\/aigleshopping.ca\/produit\/sac-de-voyage-anti-squeeze-sac-pour-animaux-de-compagnie-sac-pour-chiens-en-gros-sac-pour-chats-petit-chien\/"},"modified":"2025-03-07T23:34:05","modified_gmt":"2025-03-07T23:34:05","slug":"sac-de-voyage-anti-squeeze-sac-pour-animaux-de-compagnie-sac-pour-chiens-en-gros-sac-pour-chats-petit-chien","status":"publish","type":"product","link":"https:\/\/aigleshopping.ca\/fr\/produit\/sac-de-voyage-anti-squeeze-sac-pour-animaux-de-compagnie-sac-pour-chiens-en-gros-sac-pour-chats-petit-chien\/","title":{"rendered":"Sac de voyage anti-squeeze Sac pour animaux de compagnie Sac pour chiens en gros Sac pour chats Petit chien"},"content":{"rendered":"<p> <b>Vue d&rsquo;ensemble :<\/b> <b> <br \/> <\/b> <\/p>\n<p>  Le nouveau sac pour animaux de compagnie de haute qualit\u00e9, fabriqu\u00e9 en similicuir, pr\u00e9sente les avantages suivants : pas de d\u00e9coloration, pas de d\u00e9formation, bonne perm\u00e9abilit\u00e9 \u00e0 l&rsquo;air, l\u00e9g\u00e8ret\u00e9, facilit\u00e9 de lavage et s\u00e9chage rapide, sensation de douceur.  <br \/>  Utilisation du produit : Utilis\u00e9 pour sortir les animaux, faire du v\u00e9lo, jouer, se promener, faire les courses, etc.  <\/p>\n<p> <\/p>\n<p> <b>Introduction du produit\uff1a<\/b> <\/p>\n<p> &nbsp; <span style=\"font-size: 1em\">Nom du produit : sac pratique pour animaux de compagnie<\/span> <\/p>\n<p>  Mod\u00e8le du produit : comme illustr\u00e9 <br \/> Sp\u00e9cifications du produit : Grand W42CM*H29CM*D18CM <br \/> Petit W38CM*H23CM*D17CM <br \/> Mat\u00e9riau du produit : PU emboss\u00e9 <br \/> Couleur du produit : marron, blanc carr\u00e9  <\/p>\n<p> <strong>Note :<\/strong> <\/p>\n<p>Le petit sac n&rsquo;a pas de fen\u00eatre<\/p>\n<p>  En raison des mesures manuelles, veuillez tol\u00e9rer une erreur de 1 \u00e0 3 cm.   <\/p>\n<p> <\/p>\n<p> <b>Liste d&#8217;emballage :<\/b> &nbsp; <\/p>\n<p>1*Sac pour animaux de compagnie<\/p>\n<p> <\/p>\n<p> <img decoding=\"async\" src=\"https:\/\/cf.cjdropshipping.com\/11af144a-0813-40e5-a46c-35db02898b84.jpg\"> <img decoding=\"async\" src=\"https:\/\/cf.cjdropshipping.com\/7ec9e1aa-3b10-4ccc-8a9c-f03b3ebe3c87.jpg\"> <img decoding=\"async\" src=\"https:\/\/cf.cjdropshipping.com\/97522709-7c74-4102-b712-2862bdc4ad03.jpg\"> <img decoding=\"async\" src=\"https:\/\/cf.cjdropshipping.com\/cc253e81-2cf8-426c-bd30-83997ccc40f5.jpg\"> <img decoding=\"async\" src=\"https:\/\/cf.cjdropshipping.com\/d07184ac-ae69-4a90-891c-919b5ed0777d.jpg\"> <img decoding=\"async\" src=\"https:\/\/cf.cjdropshipping.com\/0025458e-b86e-4622-8490-9fd408d642b0.jpg\"> <img decoding=\"async\" src=\"https:\/\/cf.cjdropshipping.com\/14bc9380-ad01-4316-80f1-7d571799d78f.jpg\"> <img decoding=\"async\" src=\"https:\/\/cf.cjdropshipping.com\/6edbf4b3-55c3-4daf-b8ad-e17a5bfb8dfc.jpg\"> <img decoding=\"async\" src=\"https:\/\/cf.cjdropshipping.com\/e4a79c49-2a44-41fb-a797-2f486984a126.jpg\"> <img decoding=\"async\" src=\"https:\/\/cf.cjdropshipping.com\/81811f5a-0a2e-4e7b-8fa0-f4fc96c87568.jpg\">  <\/p>\n<p> <img decoding=\"async\" src=\"https:\/\/cf.cjdropshipping.com\/afca49bd-2784-44cc-98d4-68802924d43a.jpg\"> <img decoding=\"async\" src=\"https:\/\/cf.cjdropshipping.com\/3708b8de-9fdb-49d9-ad30-32d67ca33201.jpg\">  <\/p>\n<p> <img decoding=\"async\" src=\"https:\/\/cf.cjdropshipping.com\/94cddf30-8444-4f24-b07f-048f08ecce8e.png\"> <img decoding=\"async\" src=\"https:\/\/cf.cjdropshipping.com\/4c1cf40c-f01d-4011-922f-9399b2d01f67.png\"> <img decoding=\"async\" src=\"https:\/\/cf.cjdropshipping.com\/a3e0a359-c32e-492b-8cb2-a175e5ba24da.png\"> <img decoding=\"async\" src=\"https:\/\/cf.cjdropshipping.com\/1b1f9f39-5dde-4936-ac6f-3ff9786e2781.png\"> <img decoding=\"async\" src=\"https:\/\/cf.cjdropshipping.com\/c32ad47a-8e22-4f3b-a786-258871b55431.png\"> <img decoding=\"async\" src=\"https:\/\/cf.cjdropshipping.com\/59d04809-b7e5-418f-bac6-ca33430649ca.png\">  <\/p>\n<p> <strong><\/strong> <\/p>\n","protected":false},"excerpt":{"rendered":"<p>Vue d&rsquo;ensemble : Le nouveau sac pour animaux de compagnie de haute qualit\u00e9, fabriqu\u00e9 en similicuir, pr\u00e9sente les avantages suivants : pas de d\u00e9coloration, pas de d\u00e9formation, bonne perm\u00e9abilit\u00e9 \u00e0 l&rsquo;air, l\u00e9g\u00e8ret\u00e9, facilit\u00e9 de lavage et s\u00e9chage rapide, sensation de douceur. Utilisation du produit : Utilis\u00e9 pour sortir les animaux, faire du v\u00e9lo, jouer, se [&hellip;]<\/p>\n","protected":false},"featured_media":13146,"comment_status":"open","ping_status":"closed","template":"","meta":{"content-type":""},"product_brand":[],"product_cat":[266],"product_tag":[],"class_list":{"0":"post-21431","1":"product","2":"type-product","3":"status-publish","4":"has-post-thumbnail","6":"product_cat-chiens-et-chats","8":"first","9":"instock","10":"taxable","11":"shipping-taxable","12":"purchasable","13":"product-type-variable","14":"add-to-wishlist-after_add_to_cart"},"yoast_head":"<!-- This site is optimized with the Yoast SEO plugin v27.4 - https:\/\/yoast.com\/product\/yoast-seo-wordpress\/ -->\n<title>Sac de voyage anti-squeeze Sac pour animaux de compagnie Sac pour chiens en gros Sac pour chats Petit chien - Aigle Shopping Canada<\/title>\n<meta name=\"robots\" content=\"index, follow, max-snippet:-1, max-image-preview:large, max-video-preview:-1\" \/>\n<link rel=\"canonical\" href=\"https:\/\/aigleshopping.ca\/fr\/produit\/sac-de-voyage-anti-squeeze-sac-pour-animaux-de-compagnie-sac-pour-chiens-en-gros-sac-pour-chats-petit-chien\/\" \/>\n<meta property=\"og:locale\" content=\"fr_FR\" \/>\n<meta property=\"og:type\" content=\"article\" \/>\n<meta property=\"og:title\" content=\"Sac de voyage anti-squeeze Sac pour animaux de compagnie Sac pour chiens en gros Sac pour chats Petit chien - Aigle Shopping Canada\" \/>\n<meta property=\"og:description\" content=\"Vue d&rsquo;ensemble : Le nouveau sac pour animaux de compagnie de haute qualit\u00e9, fabriqu\u00e9 en similicuir, pr\u00e9sente les avantages suivants : pas de d\u00e9coloration, pas de d\u00e9formation, bonne perm\u00e9abilit\u00e9 \u00e0 l&rsquo;air, l\u00e9g\u00e8ret\u00e9, facilit\u00e9 de lavage et s\u00e9chage rapide, sensation de douceur. Utilisation du produit : Utilis\u00e9 pour sortir les animaux, faire du v\u00e9lo, jouer, se [&hellip;]\" \/>\n<meta property=\"og:url\" content=\"https:\/\/aigleshopping.ca\/fr\/produit\/sac-de-voyage-anti-squeeze-sac-pour-animaux-de-compagnie-sac-pour-chiens-en-gros-sac-pour-chats-petit-chien\/\" \/>\n<meta property=\"og:site_name\" content=\"Aigle Shopping Canada\" \/>\n<meta property=\"og:image\" content=\"https:\/\/aigleshopping.ca\/wp-content\/uploads\/2025\/03\/1890449565966.jpg\" \/>\n\t<meta property=\"og:image:width\" content=\"750\" \/>\n\t<meta property=\"og:image:height\" content=\"533\" \/>\n\t<meta property=\"og:image:type\" content=\"image\/jpeg\" \/>\n<meta name=\"twitter:card\" content=\"summary_large_image\" \/>\n<meta name=\"twitter:label1\" content=\"Dur\u00e9e de lecture estim\u00e9e\" \/>\n\t<meta name=\"twitter:data1\" content=\"1 minute\" \/>\n<script type=\"application\/ld+json\" class=\"yoast-schema-graph\">{\"@context\":\"https:\\\/\\\/schema.org\",\"@graph\":[{\"@type\":\"WebPage\",\"@id\":\"https:\\\/\\\/aigleshopping.ca\\\/fr\\\/produit\\\/sac-de-voyage-anti-squeeze-sac-pour-animaux-de-compagnie-sac-pour-chiens-en-gros-sac-pour-chats-petit-chien\\\/\",\"url\":\"https:\\\/\\\/aigleshopping.ca\\\/fr\\\/produit\\\/sac-de-voyage-anti-squeeze-sac-pour-animaux-de-compagnie-sac-pour-chiens-en-gros-sac-pour-chats-petit-chien\\\/\",\"name\":\"Sac de voyage anti-squeeze Sac pour animaux de compagnie Sac pour chiens en gros Sac pour chats Petit chien - Aigle Shopping Canada\",\"isPartOf\":{\"@id\":\"https:\\\/\\\/aigleshopping.ca\\\/#website\"},\"primaryImageOfPage\":{\"@id\":\"https:\\\/\\\/aigleshopping.ca\\\/fr\\\/produit\\\/sac-de-voyage-anti-squeeze-sac-pour-animaux-de-compagnie-sac-pour-chiens-en-gros-sac-pour-chats-petit-chien\\\/#primaryimage\"},\"image\":{\"@id\":\"https:\\\/\\\/aigleshopping.ca\\\/fr\\\/produit\\\/sac-de-voyage-anti-squeeze-sac-pour-animaux-de-compagnie-sac-pour-chiens-en-gros-sac-pour-chats-petit-chien\\\/#primaryimage\"},\"thumbnailUrl\":\"https:\\\/\\\/aigleshopping.ca\\\/wp-content\\\/uploads\\\/2025\\\/03\\\/1890449565966.jpg\",\"datePublished\":\"2025-03-07T23:34:05+00:00\",\"breadcrumb\":{\"@id\":\"https:\\\/\\\/aigleshopping.ca\\\/fr\\\/produit\\\/sac-de-voyage-anti-squeeze-sac-pour-animaux-de-compagnie-sac-pour-chiens-en-gros-sac-pour-chats-petit-chien\\\/#breadcrumb\"},\"inLanguage\":\"fr-FR\",\"potentialAction\":[{\"@type\":\"ReadAction\",\"target\":[\"https:\\\/\\\/aigleshopping.ca\\\/fr\\\/produit\\\/sac-de-voyage-anti-squeeze-sac-pour-animaux-de-compagnie-sac-pour-chiens-en-gros-sac-pour-chats-petit-chien\\\/\"]}]},{\"@type\":\"ImageObject\",\"inLanguage\":\"fr-FR\",\"@id\":\"https:\\\/\\\/aigleshopping.ca\\\/fr\\\/produit\\\/sac-de-voyage-anti-squeeze-sac-pour-animaux-de-compagnie-sac-pour-chiens-en-gros-sac-pour-chats-petit-chien\\\/#primaryimage\",\"url\":\"https:\\\/\\\/aigleshopping.ca\\\/wp-content\\\/uploads\\\/2025\\\/03\\\/1890449565966.jpg\",\"contentUrl\":\"https:\\\/\\\/aigleshopping.ca\\\/wp-content\\\/uploads\\\/2025\\\/03\\\/1890449565966.jpg\",\"width\":750,\"height\":533},{\"@type\":\"BreadcrumbList\",\"@id\":\"https:\\\/\\\/aigleshopping.ca\\\/fr\\\/produit\\\/sac-de-voyage-anti-squeeze-sac-pour-animaux-de-compagnie-sac-pour-chiens-en-gros-sac-pour-chats-petit-chien\\\/#breadcrumb\",\"itemListElement\":[{\"@type\":\"ListItem\",\"position\":1,\"name\":\"Home\",\"item\":\"https:\\\/\\\/aigleshopping.ca\\\/fr\\\/home\\\/\"},{\"@type\":\"ListItem\",\"position\":2,\"name\":\"Products\",\"item\":\"https:\\\/\\\/aigleshopping.ca\\\/shop\\\/\"},{\"@type\":\"ListItem\",\"position\":3,\"name\":\"Sac de voyage anti-squeeze Sac pour animaux de compagnie Sac pour chiens en gros Sac pour chats Petit chien\"}]},{\"@type\":\"WebSite\",\"@id\":\"https:\\\/\\\/aigleshopping.ca\\\/#website\",\"url\":\"https:\\\/\\\/aigleshopping.ca\\\/\",\"name\":\"Aigle Shopping Canada\",\"description\":\"Au-del\u00e0 des fronti\u00e8res, pour vous offrir le\u00a0meilleur!\",\"publisher\":{\"@id\":\"https:\\\/\\\/aigleshopping.ca\\\/#organization\"},\"potentialAction\":[{\"@type\":\"SearchAction\",\"target\":{\"@type\":\"EntryPoint\",\"urlTemplate\":\"https:\\\/\\\/aigleshopping.ca\\\/?s={search_term_string}\"},\"query-input\":{\"@type\":\"PropertyValueSpecification\",\"valueRequired\":true,\"valueName\":\"search_term_string\"}}],\"inLanguage\":\"fr-FR\"},{\"@type\":\"Organization\",\"@id\":\"https:\\\/\\\/aigleshopping.ca\\\/#organization\",\"name\":\"Aigle Shopping Canada\",\"url\":\"https:\\\/\\\/aigleshopping.ca\\\/\",\"logo\":{\"@type\":\"ImageObject\",\"inLanguage\":\"fr-FR\",\"@id\":\"https:\\\/\\\/aigleshopping.ca\\\/#\\\/schema\\\/logo\\\/image\\\/\",\"url\":\"https:\\\/\\\/aigleshopping.ca\\\/wp-content\\\/uploads\\\/2025\\\/12\\\/logo_aigleshopping_ca.png\",\"contentUrl\":\"https:\\\/\\\/aigleshopping.ca\\\/wp-content\\\/uploads\\\/2025\\\/12\\\/logo_aigleshopping_ca.png\",\"width\":800,\"height\":233,\"caption\":\"Aigle Shopping Canada\"},\"image\":{\"@id\":\"https:\\\/\\\/aigleshopping.ca\\\/#\\\/schema\\\/logo\\\/image\\\/\"}}]}<\/script>\n<!-- \/ Yoast SEO plugin. -->","yoast_head_json":{"title":"Sac de voyage anti-squeeze Sac pour animaux de compagnie Sac pour chiens en gros Sac pour chats Petit chien - Aigle Shopping Canada","robots":{"index":"index","follow":"follow","max-snippet":"max-snippet:-1","max-image-preview":"max-image-preview:large","max-video-preview":"max-video-preview:-1"},"canonical":"https:\/\/aigleshopping.ca\/fr\/produit\/sac-de-voyage-anti-squeeze-sac-pour-animaux-de-compagnie-sac-pour-chiens-en-gros-sac-pour-chats-petit-chien\/","og_locale":"fr_FR","og_type":"article","og_title":"Sac de voyage anti-squeeze Sac pour animaux de compagnie Sac pour chiens en gros Sac pour chats Petit chien - Aigle Shopping Canada","og_description":"Vue d&rsquo;ensemble : Le nouveau sac pour animaux de compagnie de haute qualit\u00e9, fabriqu\u00e9 en similicuir, pr\u00e9sente les avantages suivants : pas de d\u00e9coloration, pas de d\u00e9formation, bonne perm\u00e9abilit\u00e9 \u00e0 l&rsquo;air, l\u00e9g\u00e8ret\u00e9, facilit\u00e9 de lavage et s\u00e9chage rapide, sensation de douceur. Utilisation du produit : Utilis\u00e9 pour sortir les animaux, faire du v\u00e9lo, jouer, se [&hellip;]","og_url":"https:\/\/aigleshopping.ca\/fr\/produit\/sac-de-voyage-anti-squeeze-sac-pour-animaux-de-compagnie-sac-pour-chiens-en-gros-sac-pour-chats-petit-chien\/","og_site_name":"Aigle Shopping Canada","og_image":[{"width":750,"height":533,"url":"https:\/\/aigleshopping.ca\/wp-content\/uploads\/2025\/03\/1890449565966.jpg","type":"image\/jpeg"}],"twitter_card":"summary_large_image","twitter_misc":{"Dur\u00e9e de lecture estim\u00e9e":"1 minute"},"schema":{"@context":"https:\/\/schema.org","@graph":[{"@type":"WebPage","@id":"https:\/\/aigleshopping.ca\/fr\/produit\/sac-de-voyage-anti-squeeze-sac-pour-animaux-de-compagnie-sac-pour-chiens-en-gros-sac-pour-chats-petit-chien\/","url":"https:\/\/aigleshopping.ca\/fr\/produit\/sac-de-voyage-anti-squeeze-sac-pour-animaux-de-compagnie-sac-pour-chiens-en-gros-sac-pour-chats-petit-chien\/","name":"Sac de voyage anti-squeeze Sac pour animaux de compagnie Sac pour chiens en gros Sac pour chats Petit chien - Aigle Shopping Canada","isPartOf":{"@id":"https:\/\/aigleshopping.ca\/#website"},"primaryImageOfPage":{"@id":"https:\/\/aigleshopping.ca\/fr\/produit\/sac-de-voyage-anti-squeeze-sac-pour-animaux-de-compagnie-sac-pour-chiens-en-gros-sac-pour-chats-petit-chien\/#primaryimage"},"image":{"@id":"https:\/\/aigleshopping.ca\/fr\/produit\/sac-de-voyage-anti-squeeze-sac-pour-animaux-de-compagnie-sac-pour-chiens-en-gros-sac-pour-chats-petit-chien\/#primaryimage"},"thumbnailUrl":"https:\/\/aigleshopping.ca\/wp-content\/uploads\/2025\/03\/1890449565966.jpg","datePublished":"2025-03-07T23:34:05+00:00","breadcrumb":{"@id":"https:\/\/aigleshopping.ca\/fr\/produit\/sac-de-voyage-anti-squeeze-sac-pour-animaux-de-compagnie-sac-pour-chiens-en-gros-sac-pour-chats-petit-chien\/#breadcrumb"},"inLanguage":"fr-FR","potentialAction":[{"@type":"ReadAction","target":["https:\/\/aigleshopping.ca\/fr\/produit\/sac-de-voyage-anti-squeeze-sac-pour-animaux-de-compagnie-sac-pour-chiens-en-gros-sac-pour-chats-petit-chien\/"]}]},{"@type":"ImageObject","inLanguage":"fr-FR","@id":"https:\/\/aigleshopping.ca\/fr\/produit\/sac-de-voyage-anti-squeeze-sac-pour-animaux-de-compagnie-sac-pour-chiens-en-gros-sac-pour-chats-petit-chien\/#primaryimage","url":"https:\/\/aigleshopping.ca\/wp-content\/uploads\/2025\/03\/1890449565966.jpg","contentUrl":"https:\/\/aigleshopping.ca\/wp-content\/uploads\/2025\/03\/1890449565966.jpg","width":750,"height":533},{"@type":"BreadcrumbList","@id":"https:\/\/aigleshopping.ca\/fr\/produit\/sac-de-voyage-anti-squeeze-sac-pour-animaux-de-compagnie-sac-pour-chiens-en-gros-sac-pour-chats-petit-chien\/#breadcrumb","itemListElement":[{"@type":"ListItem","position":1,"name":"Home","item":"https:\/\/aigleshopping.ca\/fr\/home\/"},{"@type":"ListItem","position":2,"name":"Products","item":"https:\/\/aigleshopping.ca\/shop\/"},{"@type":"ListItem","position":3,"name":"Sac de voyage anti-squeeze Sac pour animaux de compagnie Sac pour chiens en gros Sac pour chats Petit chien"}]},{"@type":"WebSite","@id":"https:\/\/aigleshopping.ca\/#website","url":"https:\/\/aigleshopping.ca\/","name":"Aigle Shopping Canada","description":"Au-del\u00e0 des fronti\u00e8res, pour vous offrir le\u00a0meilleur!","publisher":{"@id":"https:\/\/aigleshopping.ca\/#organization"},"potentialAction":[{"@type":"SearchAction","target":{"@type":"EntryPoint","urlTemplate":"https:\/\/aigleshopping.ca\/?s={search_term_string}"},"query-input":{"@type":"PropertyValueSpecification","valueRequired":true,"valueName":"search_term_string"}}],"inLanguage":"fr-FR"},{"@type":"Organization","@id":"https:\/\/aigleshopping.ca\/#organization","name":"Aigle Shopping Canada","url":"https:\/\/aigleshopping.ca\/","logo":{"@type":"ImageObject","inLanguage":"fr-FR","@id":"https:\/\/aigleshopping.ca\/#\/schema\/logo\/image\/","url":"https:\/\/aigleshopping.ca\/wp-content\/uploads\/2025\/12\/logo_aigleshopping_ca.png","contentUrl":"https:\/\/aigleshopping.ca\/wp-content\/uploads\/2025\/12\/logo_aigleshopping_ca.png","width":800,"height":233,"caption":"Aigle Shopping Canada"},"image":{"@id":"https:\/\/aigleshopping.ca\/#\/schema\/logo\/image\/"}}]}},"jetpack_sharing_enabled":true,"_links":{"self":[{"href":"https:\/\/aigleshopping.ca\/fr\/wp-json\/wp\/v2\/product\/21431","targetHints":{"allow":["GET"]}}],"collection":[{"href":"https:\/\/aigleshopping.ca\/fr\/wp-json\/wp\/v2\/product"}],"about":[{"href":"https:\/\/aigleshopping.ca\/fr\/wp-json\/wp\/v2\/types\/product"}],"replies":[{"embeddable":true,"href":"https:\/\/aigleshopping.ca\/fr\/wp-json\/wp\/v2\/comments?post=21431"}],"wp:featuredmedia":[{"embeddable":true,"href":"https:\/\/aigleshopping.ca\/fr\/wp-json\/wp\/v2\/media\/13146"}],"wp:attachment":[{"href":"https:\/\/aigleshopping.ca\/fr\/wp-json\/wp\/v2\/media?parent=21431"}],"wp:term":[{"taxonomy":"product_brand","embeddable":true,"href":"https:\/\/aigleshopping.ca\/fr\/wp-json\/wp\/v2\/product_brand?post=21431"},{"taxonomy":"product_cat","embeddable":true,"href":"https:\/\/aigleshopping.ca\/fr\/wp-json\/wp\/v2\/product_cat?post=21431"},{"taxonomy":"product_tag","embeddable":true,"href":"https:\/\/aigleshopping.ca\/fr\/wp-json\/wp\/v2\/product_tag?post=21431"}],"curies":[{"name":"wp","href":"https:\/\/api.w.org\/{rel}","templated":true}]}}