{"id":21443,"date":"2025-03-07T23:35:23","date_gmt":"2025-03-07T23:35:23","guid":{"rendered":"https:\/\/aigleshopping.ca\/produit\/sac-a-bandouliere-pour-animaux-de-compagnie-sac-pliable-pour-animaux-de-compagnie\/"},"modified":"2025-03-07T23:35:23","modified_gmt":"2025-03-07T23:35:23","slug":"sac-a-bandouliere-pour-animaux-de-compagnie-sac-pliable-pour-animaux-de-compagnie","status":"publish","type":"product","link":"https:\/\/aigleshopping.ca\/fr\/produit\/sac-a-bandouliere-pour-animaux-de-compagnie-sac-pliable-pour-animaux-de-compagnie\/","title":{"rendered":"Sac \u00e0 bandouli\u00e8re pour animaux de compagnie sac pliable pour animaux de compagnie"},"content":{"rendered":"<p> <b>Informations sur le produit :<\/b>  <\/p>\n<p>Mati\u00e8re : coton et chanvre<\/p>\n<p>Mati\u00e8re de la doublure : tissu tricot\u00e9 imprim\u00e9<\/p>\n<p>  Duret\u00e9 : douce <br \/> Couleur : rose, gris, bleu, bleu lac de toile <br \/> Taille : hauteur 70CM (y compris la bandouli\u00e8re) largeur 50CM  <\/p>\n<p> <b>Liste d&#8217;emballage :<\/b> <\/p>\n<p>Sac \u00e0 bandouli\u00e8re x1<\/p>\n<p> <img decoding=\"async\" src=\"https:\/\/cf.cjdropshipping.com\/208a7023-4060-454c-8b6f-02937e634458.jpg\"> <img decoding=\"async\" src=\"https:\/\/cf.cjdropshipping.com\/6743ac14-cb6d-452a-9bbb-722adb0a5674.png\"> <img decoding=\"async\" src=\"https:\/\/cf.cjdropshipping.com\/ab5195c9-31e0-4d16-a3ca-f155b0db405b.png\"> <img decoding=\"async\" src=\"https:\/\/cf.cjdropshipping.com\/3553d7b6-20d5-4073-abbf-549b9defbfd0.png\"> <img decoding=\"async\" src=\"https:\/\/cf.cjdropshipping.com\/f502466b-9dae-4006-945f-3a2084151b27.png\"> <img decoding=\"async\" src=\"https:\/\/cf.cjdropshipping.com\/3bbb43fe-f23c-4f05-b815-c6f6288d01b7.png\">  <\/p>\n","protected":false},"excerpt":{"rendered":"<p>Informations sur le produit : Mati\u00e8re : coton et chanvre Mati\u00e8re de la doublure : tissu tricot\u00e9 imprim\u00e9 Duret\u00e9 : douce Couleur : rose, gris, bleu, bleu lac de toile Taille : hauteur 70CM (y compris la bandouli\u00e8re) largeur 50CM Liste d&#8217;emballage : Sac \u00e0 bandouli\u00e8re x1<\/p>\n","protected":false},"featured_media":13194,"comment_status":"open","ping_status":"closed","template":"","meta":{"content-type":""},"product_brand":[],"product_cat":[266],"product_tag":[],"class_list":{"0":"post-21443","1":"product","2":"type-product","3":"status-publish","4":"has-post-thumbnail","6":"product_cat-chiens-et-chats","8":"first","9":"instock","10":"taxable","11":"shipping-taxable","12":"purchasable","13":"product-type-variable","14":"add-to-wishlist-after_add_to_cart"},"yoast_head":"<!-- This site is optimized with the Yoast SEO plugin v27.4 - https:\/\/yoast.com\/product\/yoast-seo-wordpress\/ -->\n<title>Sac \u00e0 bandouli\u00e8re pour animaux de compagnie sac pliable pour animaux de compagnie - Aigle Shopping Canada<\/title>\n<meta name=\"robots\" content=\"index, follow, max-snippet:-1, max-image-preview:large, max-video-preview:-1\" \/>\n<link rel=\"canonical\" href=\"https:\/\/aigleshopping.ca\/fr\/produit\/sac-a-bandouliere-pour-animaux-de-compagnie-sac-pliable-pour-animaux-de-compagnie\/\" \/>\n<meta property=\"og:locale\" content=\"fr_FR\" \/>\n<meta property=\"og:type\" content=\"article\" \/>\n<meta property=\"og:title\" content=\"Sac \u00e0 bandouli\u00e8re pour animaux de compagnie sac pliable pour animaux de compagnie - Aigle Shopping Canada\" \/>\n<meta property=\"og:description\" content=\"Informations sur le produit : Mati\u00e8re : coton et chanvre Mati\u00e8re de la doublure : tissu tricot\u00e9 imprim\u00e9 Duret\u00e9 : douce Couleur : rose, gris, bleu, bleu lac de toile Taille : hauteur 70CM (y compris la bandouli\u00e8re) largeur 50CM Liste d&#8217;emballage : Sac \u00e0 bandouli\u00e8re x1\" \/>\n<meta property=\"og:url\" content=\"https:\/\/aigleshopping.ca\/fr\/produit\/sac-a-bandouliere-pour-animaux-de-compagnie-sac-pliable-pour-animaux-de-compagnie\/\" \/>\n<meta property=\"og:site_name\" content=\"Aigle Shopping Canada\" \/>\n<meta property=\"og:image\" content=\"https:\/\/aigleshopping.ca\/wp-content\/uploads\/2025\/03\/694106919868.jpg\" \/>\n\t<meta property=\"og:image:width\" content=\"822\" \/>\n\t<meta property=\"og:image:height\" content=\"801\" \/>\n\t<meta property=\"og:image:type\" content=\"image\/jpeg\" \/>\n<meta name=\"twitter:card\" content=\"summary_large_image\" \/>\n<script type=\"application\/ld+json\" class=\"yoast-schema-graph\">{\"@context\":\"https:\\\/\\\/schema.org\",\"@graph\":[{\"@type\":\"WebPage\",\"@id\":\"https:\\\/\\\/aigleshopping.ca\\\/fr\\\/produit\\\/sac-a-bandouliere-pour-animaux-de-compagnie-sac-pliable-pour-animaux-de-compagnie\\\/\",\"url\":\"https:\\\/\\\/aigleshopping.ca\\\/fr\\\/produit\\\/sac-a-bandouliere-pour-animaux-de-compagnie-sac-pliable-pour-animaux-de-compagnie\\\/\",\"name\":\"Sac \u00e0 bandouli\u00e8re pour animaux de compagnie sac pliable pour animaux de compagnie - Aigle Shopping Canada\",\"isPartOf\":{\"@id\":\"https:\\\/\\\/aigleshopping.ca\\\/#website\"},\"primaryImageOfPage\":{\"@id\":\"https:\\\/\\\/aigleshopping.ca\\\/fr\\\/produit\\\/sac-a-bandouliere-pour-animaux-de-compagnie-sac-pliable-pour-animaux-de-compagnie\\\/#primaryimage\"},\"image\":{\"@id\":\"https:\\\/\\\/aigleshopping.ca\\\/fr\\\/produit\\\/sac-a-bandouliere-pour-animaux-de-compagnie-sac-pliable-pour-animaux-de-compagnie\\\/#primaryimage\"},\"thumbnailUrl\":\"https:\\\/\\\/aigleshopping.ca\\\/wp-content\\\/uploads\\\/2025\\\/03\\\/694106919868.jpg\",\"datePublished\":\"2025-03-07T23:35:23+00:00\",\"breadcrumb\":{\"@id\":\"https:\\\/\\\/aigleshopping.ca\\\/fr\\\/produit\\\/sac-a-bandouliere-pour-animaux-de-compagnie-sac-pliable-pour-animaux-de-compagnie\\\/#breadcrumb\"},\"inLanguage\":\"fr-FR\",\"potentialAction\":[{\"@type\":\"ReadAction\",\"target\":[\"https:\\\/\\\/aigleshopping.ca\\\/fr\\\/produit\\\/sac-a-bandouliere-pour-animaux-de-compagnie-sac-pliable-pour-animaux-de-compagnie\\\/\"]}]},{\"@type\":\"ImageObject\",\"inLanguage\":\"fr-FR\",\"@id\":\"https:\\\/\\\/aigleshopping.ca\\\/fr\\\/produit\\\/sac-a-bandouliere-pour-animaux-de-compagnie-sac-pliable-pour-animaux-de-compagnie\\\/#primaryimage\",\"url\":\"https:\\\/\\\/aigleshopping.ca\\\/wp-content\\\/uploads\\\/2025\\\/03\\\/694106919868.jpg\",\"contentUrl\":\"https:\\\/\\\/aigleshopping.ca\\\/wp-content\\\/uploads\\\/2025\\\/03\\\/694106919868.jpg\",\"width\":822,\"height\":801},{\"@type\":\"BreadcrumbList\",\"@id\":\"https:\\\/\\\/aigleshopping.ca\\\/fr\\\/produit\\\/sac-a-bandouliere-pour-animaux-de-compagnie-sac-pliable-pour-animaux-de-compagnie\\\/#breadcrumb\",\"itemListElement\":[{\"@type\":\"ListItem\",\"position\":1,\"name\":\"Home\",\"item\":\"https:\\\/\\\/aigleshopping.ca\\\/fr\\\/home\\\/\"},{\"@type\":\"ListItem\",\"position\":2,\"name\":\"Products\",\"item\":\"https:\\\/\\\/aigleshopping.ca\\\/shop\\\/\"},{\"@type\":\"ListItem\",\"position\":3,\"name\":\"Sac \u00e0 bandouli\u00e8re pour animaux de compagnie sac pliable pour animaux de compagnie\"}]},{\"@type\":\"WebSite\",\"@id\":\"https:\\\/\\\/aigleshopping.ca\\\/#website\",\"url\":\"https:\\\/\\\/aigleshopping.ca\\\/\",\"name\":\"Aigle Shopping Canada\",\"description\":\"Au-del\u00e0 des fronti\u00e8res, pour vous offrir le\u00a0meilleur!\",\"publisher\":{\"@id\":\"https:\\\/\\\/aigleshopping.ca\\\/#organization\"},\"potentialAction\":[{\"@type\":\"SearchAction\",\"target\":{\"@type\":\"EntryPoint\",\"urlTemplate\":\"https:\\\/\\\/aigleshopping.ca\\\/?s={search_term_string}\"},\"query-input\":{\"@type\":\"PropertyValueSpecification\",\"valueRequired\":true,\"valueName\":\"search_term_string\"}}],\"inLanguage\":\"fr-FR\"},{\"@type\":\"Organization\",\"@id\":\"https:\\\/\\\/aigleshopping.ca\\\/#organization\",\"name\":\"Aigle Shopping Canada\",\"url\":\"https:\\\/\\\/aigleshopping.ca\\\/\",\"logo\":{\"@type\":\"ImageObject\",\"inLanguage\":\"fr-FR\",\"@id\":\"https:\\\/\\\/aigleshopping.ca\\\/#\\\/schema\\\/logo\\\/image\\\/\",\"url\":\"https:\\\/\\\/aigleshopping.ca\\\/wp-content\\\/uploads\\\/2025\\\/12\\\/logo_aigleshopping_ca.png\",\"contentUrl\":\"https:\\\/\\\/aigleshopping.ca\\\/wp-content\\\/uploads\\\/2025\\\/12\\\/logo_aigleshopping_ca.png\",\"width\":800,\"height\":233,\"caption\":\"Aigle Shopping Canada\"},\"image\":{\"@id\":\"https:\\\/\\\/aigleshopping.ca\\\/#\\\/schema\\\/logo\\\/image\\\/\"}}]}<\/script>\n<!-- \/ Yoast SEO plugin. -->","yoast_head_json":{"title":"Sac \u00e0 bandouli\u00e8re pour animaux de compagnie sac pliable pour animaux de compagnie - Aigle Shopping Canada","robots":{"index":"index","follow":"follow","max-snippet":"max-snippet:-1","max-image-preview":"max-image-preview:large","max-video-preview":"max-video-preview:-1"},"canonical":"https:\/\/aigleshopping.ca\/fr\/produit\/sac-a-bandouliere-pour-animaux-de-compagnie-sac-pliable-pour-animaux-de-compagnie\/","og_locale":"fr_FR","og_type":"article","og_title":"Sac \u00e0 bandouli\u00e8re pour animaux de compagnie sac pliable pour animaux de compagnie - Aigle Shopping Canada","og_description":"Informations sur le produit : Mati\u00e8re : coton et chanvre Mati\u00e8re de la doublure : tissu tricot\u00e9 imprim\u00e9 Duret\u00e9 : douce Couleur : rose, gris, bleu, bleu lac de toile Taille : hauteur 70CM (y compris la bandouli\u00e8re) largeur 50CM Liste d&#8217;emballage : Sac \u00e0 bandouli\u00e8re x1","og_url":"https:\/\/aigleshopping.ca\/fr\/produit\/sac-a-bandouliere-pour-animaux-de-compagnie-sac-pliable-pour-animaux-de-compagnie\/","og_site_name":"Aigle Shopping Canada","og_image":[{"width":822,"height":801,"url":"https:\/\/aigleshopping.ca\/wp-content\/uploads\/2025\/03\/694106919868.jpg","type":"image\/jpeg"}],"twitter_card":"summary_large_image","schema":{"@context":"https:\/\/schema.org","@graph":[{"@type":"WebPage","@id":"https:\/\/aigleshopping.ca\/fr\/produit\/sac-a-bandouliere-pour-animaux-de-compagnie-sac-pliable-pour-animaux-de-compagnie\/","url":"https:\/\/aigleshopping.ca\/fr\/produit\/sac-a-bandouliere-pour-animaux-de-compagnie-sac-pliable-pour-animaux-de-compagnie\/","name":"Sac \u00e0 bandouli\u00e8re pour animaux de compagnie sac pliable pour animaux de compagnie - Aigle Shopping Canada","isPartOf":{"@id":"https:\/\/aigleshopping.ca\/#website"},"primaryImageOfPage":{"@id":"https:\/\/aigleshopping.ca\/fr\/produit\/sac-a-bandouliere-pour-animaux-de-compagnie-sac-pliable-pour-animaux-de-compagnie\/#primaryimage"},"image":{"@id":"https:\/\/aigleshopping.ca\/fr\/produit\/sac-a-bandouliere-pour-animaux-de-compagnie-sac-pliable-pour-animaux-de-compagnie\/#primaryimage"},"thumbnailUrl":"https:\/\/aigleshopping.ca\/wp-content\/uploads\/2025\/03\/694106919868.jpg","datePublished":"2025-03-07T23:35:23+00:00","breadcrumb":{"@id":"https:\/\/aigleshopping.ca\/fr\/produit\/sac-a-bandouliere-pour-animaux-de-compagnie-sac-pliable-pour-animaux-de-compagnie\/#breadcrumb"},"inLanguage":"fr-FR","potentialAction":[{"@type":"ReadAction","target":["https:\/\/aigleshopping.ca\/fr\/produit\/sac-a-bandouliere-pour-animaux-de-compagnie-sac-pliable-pour-animaux-de-compagnie\/"]}]},{"@type":"ImageObject","inLanguage":"fr-FR","@id":"https:\/\/aigleshopping.ca\/fr\/produit\/sac-a-bandouliere-pour-animaux-de-compagnie-sac-pliable-pour-animaux-de-compagnie\/#primaryimage","url":"https:\/\/aigleshopping.ca\/wp-content\/uploads\/2025\/03\/694106919868.jpg","contentUrl":"https:\/\/aigleshopping.ca\/wp-content\/uploads\/2025\/03\/694106919868.jpg","width":822,"height":801},{"@type":"BreadcrumbList","@id":"https:\/\/aigleshopping.ca\/fr\/produit\/sac-a-bandouliere-pour-animaux-de-compagnie-sac-pliable-pour-animaux-de-compagnie\/#breadcrumb","itemListElement":[{"@type":"ListItem","position":1,"name":"Home","item":"https:\/\/aigleshopping.ca\/fr\/home\/"},{"@type":"ListItem","position":2,"name":"Products","item":"https:\/\/aigleshopping.ca\/shop\/"},{"@type":"ListItem","position":3,"name":"Sac \u00e0 bandouli\u00e8re pour animaux de compagnie sac pliable pour animaux de compagnie"}]},{"@type":"WebSite","@id":"https:\/\/aigleshopping.ca\/#website","url":"https:\/\/aigleshopping.ca\/","name":"Aigle Shopping Canada","description":"Au-del\u00e0 des fronti\u00e8res, pour vous offrir le\u00a0meilleur!","publisher":{"@id":"https:\/\/aigleshopping.ca\/#organization"},"potentialAction":[{"@type":"SearchAction","target":{"@type":"EntryPoint","urlTemplate":"https:\/\/aigleshopping.ca\/?s={search_term_string}"},"query-input":{"@type":"PropertyValueSpecification","valueRequired":true,"valueName":"search_term_string"}}],"inLanguage":"fr-FR"},{"@type":"Organization","@id":"https:\/\/aigleshopping.ca\/#organization","name":"Aigle Shopping Canada","url":"https:\/\/aigleshopping.ca\/","logo":{"@type":"ImageObject","inLanguage":"fr-FR","@id":"https:\/\/aigleshopping.ca\/#\/schema\/logo\/image\/","url":"https:\/\/aigleshopping.ca\/wp-content\/uploads\/2025\/12\/logo_aigleshopping_ca.png","contentUrl":"https:\/\/aigleshopping.ca\/wp-content\/uploads\/2025\/12\/logo_aigleshopping_ca.png","width":800,"height":233,"caption":"Aigle Shopping Canada"},"image":{"@id":"https:\/\/aigleshopping.ca\/#\/schema\/logo\/image\/"}}]}},"jetpack_sharing_enabled":true,"_links":{"self":[{"href":"https:\/\/aigleshopping.ca\/fr\/wp-json\/wp\/v2\/product\/21443","targetHints":{"allow":["GET"]}}],"collection":[{"href":"https:\/\/aigleshopping.ca\/fr\/wp-json\/wp\/v2\/product"}],"about":[{"href":"https:\/\/aigleshopping.ca\/fr\/wp-json\/wp\/v2\/types\/product"}],"replies":[{"embeddable":true,"href":"https:\/\/aigleshopping.ca\/fr\/wp-json\/wp\/v2\/comments?post=21443"}],"wp:featuredmedia":[{"embeddable":true,"href":"https:\/\/aigleshopping.ca\/fr\/wp-json\/wp\/v2\/media\/13194"}],"wp:attachment":[{"href":"https:\/\/aigleshopping.ca\/fr\/wp-json\/wp\/v2\/media?parent=21443"}],"wp:term":[{"taxonomy":"product_brand","embeddable":true,"href":"https:\/\/aigleshopping.ca\/fr\/wp-json\/wp\/v2\/product_brand?post=21443"},{"taxonomy":"product_cat","embeddable":true,"href":"https:\/\/aigleshopping.ca\/fr\/wp-json\/wp\/v2\/product_cat?post=21443"},{"taxonomy":"product_tag","embeddable":true,"href":"https:\/\/aigleshopping.ca\/fr\/wp-json\/wp\/v2\/product_tag?post=21443"}],"curies":[{"name":"wp","href":"https:\/\/api.w.org\/{rel}","templated":true}]}}