{"id":21460,"date":"2025-03-07T23:34:35","date_gmt":"2025-03-07T23:34:35","guid":{"rendered":"https:\/\/aigleshopping.ca\/produit\/localisateur-gps-etanche-pour-chien\/"},"modified":"2025-03-07T23:34:35","modified_gmt":"2025-03-07T23:34:35","slug":"localisateur-gps-etanche-pour-chien","status":"publish","type":"product","link":"https:\/\/aigleshopping.ca\/fr\/produit\/localisateur-gps-etanche-pour-chien\/","title":{"rendered":"Localisateur GPS \u00e9tanche pour chien"},"content":{"rendered":"<div>\n<div>\n  Fonctionnalit\u00e9 :\n <\/div>\n<\/div>\n<div>\n<p>GPS et services de localisation<\/p>\n<p>Service bas\u00e9 sur la localisation \u00e9galement appel\u00e9 A-GPS, lorsque le traceur se trouve dans un souterrain ou un tunnel, il peut obtenir la localisation par AGPS.<\/p>\n<div>\n  Suivi en temps r\u00e9el&nbsp;\n <\/div>\n<div>\n  Suivi en temps r\u00e9el par t\u00e9l\u00e9phone portable et plateforme. Il permet \u00e9galement d&rsquo;obtenir la position toutes les 5 secondes, et la pr\u00e9cision du GPS est de 5m.\n <\/div>\n<div>\n   &nbsp;\n <\/div>\n<div>\n  V\u00e9rifier l&rsquo;historique de l&rsquo;itin\u00e9raire sur la plateforme&nbsp;\n <\/div>\n<div>\n  Le centre de surveillance Web permet de v\u00e9rifier et de rejouer l&rsquo;historique de l&rsquo;itin\u00e9raire de l&rsquo;appareil pendant un an.\n <\/div>\n<div>\n   &nbsp;\n <\/div>\n<div>\n  Mode \u00e9conomie d&rsquo;\u00e9nergie&nbsp;\n <\/div>\n<div>\n  L&rsquo;appareil passe en mode veille lorsqu&rsquo;il n&rsquo;y a pas de vibration pendant 3 minutes, il passe en mode de fonctionnement lorsqu&rsquo;il ressent une vibration.\n <\/div>\n<div>\n   &nbsp;\n <\/div>\n<div>\n  Google map sur mobile&nbsp;\n <\/div>\n<div>\n  V\u00e9rifiez l&#8217;emplacement avec google map sur votre t\u00e9l\u00e9phone portable.\n <\/div>\n<div>\n   &nbsp;\n <\/div>\n<div>\n  G\u00e9ofence et alerte de mouvement&nbsp;\n <\/div>\n<div>\n  Mettez en place une g\u00e9o-cl\u00f4ture pour l&rsquo;unit\u00e9 afin de limiter ses mouvements \u00e0 l&rsquo;int\u00e9rieur d&rsquo;un district, l&rsquo;unit\u00e9 enverra un message au num\u00e9ro autoris\u00e9 lorsqu&rsquo;elle franchira la limite du district.\n <\/div>\n<div>\n   &nbsp;\n <\/div>\n<div>\n  Alerte de survitesse&nbsp;\n <\/div>\n<div>\n  Vous pouvez r\u00e9gler la vitesse en fonction de vos besoins et recevoir une alerte en cas de d\u00e9passement de vitesse.\n <\/div>\n<\/div>\n<p>Fonctions :<\/p>\n<p>1. Les utilisateurs peuvent t\u00e9l\u00e9charger directement le client pour t\u00e9l\u00e9phone portable ou se connecter \u00e0 la plateforme et saisir le num\u00e9ro d&rsquo;identification figurant au dos de l&rsquo;appareil comme nom d&rsquo;utilisateur. Le mot de passe initial est 123456 ; <\/p>\n<p>2. Plate-forme de suivi gratuite, PC, client mobile, IOS\/ Android APP, WeChat ;<\/p>\n<p>3. Batterie de super capacit\u00e9 de 1000 mah, une seule charge permet une mise en veille super longue de 240 heures ;<\/p>\n<p>&nbsp;<\/p>\n<div>\n<table border=\"0\">\n<tbody>\n<tr>\n<td>R\u00e9seau :<\/td>\n<td>GSM\/GPRS<\/td>\n<\/tr>\n<tr>\n<td>Module GSM\/GPRS :<\/td>\n<td>MTK<\/td>\n<\/tr>\n<tr>\n<td>Bande :<\/td>\n<td>850\/900\/1800\/1900Mhz<\/td>\n<\/tr>\n<tr>\n<td>Protocole de communication :<\/td>\n<td>TCP<\/td>\n<\/tr>\n<tr>\n<td>Puce GPS :<\/td>\n<td>SRIF 3<\/td>\n<\/tr>\n<tr>\n<td>Pr\u00e9cision du GPS :<\/td>\n<td>5m-50m<\/td>\n<\/tr>\n<tr>\n<td>Temps n\u00e9cessaire \u00e0 la premi\u00e8re r\u00e9paration :<\/td>\n<td>Etat froid 45s ; Etat chaud 1s<\/td>\n<\/tr>\n<tr>\n<td>Chargeur de voiture :<\/td>\n<td>Entr\u00e9e 12-24V Sortie 5V<\/td>\n<\/tr>\n<tr>\n<td>Chargeur mural :<\/td>\n<td>Entr\u00e9e 110-220V Sortie 5V<\/td>\n<\/tr>\n<tr>\n<td>Batterie :<\/td>\n<td>Batterie Li-ion 3,7V 1000mAh<\/td>\n<\/tr>\n<tr>\n<td>Poids<\/td>\n<td>44g<\/td>\n<\/tr>\n<tr>\n<td>Temp. de stockage<\/td>\n<td>-40\u00b0C \u00e0 +85\u00b0C<\/td>\n<\/tr>\n<tr>\n<td>Temp. de fonctionnement<\/td>\n<td>-20\u00b0C \u00e0 +55\u00b0C<\/td>\n<\/tr>\n<tr>\n<td>\n<p>Humidit\u00e9 :<\/p>\n<\/td>\n<td>5%&#8211;95% sans condensation<\/td>\n<\/tr>\n<\/tbody>\n<\/table>\n<\/div>\n<p> <\/p>\n","protected":false},"excerpt":{"rendered":"<p>Fonctionnalit\u00e9 : GPS et services de localisation Service bas\u00e9 sur la localisation \u00e9galement appel\u00e9 A-GPS, lorsque le traceur se trouve dans un souterrain ou un tunnel, il peut obtenir la localisation par AGPS. Suivi en temps r\u00e9el&nbsp; Suivi en temps r\u00e9el par t\u00e9l\u00e9phone portable et plateforme. Il permet \u00e9galement d&rsquo;obtenir la position toutes les 5 [&hellip;]<\/p>\n","protected":false},"featured_media":13173,"comment_status":"open","ping_status":"closed","template":"","meta":{"content-type":""},"product_brand":[],"product_cat":[266],"product_tag":[],"class_list":{"0":"post-21460","1":"product","2":"type-product","3":"status-publish","4":"has-post-thumbnail","6":"product_cat-chiens-et-chats","8":"first","9":"instock","10":"taxable","11":"shipping-taxable","12":"purchasable","13":"product-type-variable","14":"add-to-wishlist-after_add_to_cart"},"yoast_head":"<!-- This site is optimized with the Yoast SEO plugin v27.4 - https:\/\/yoast.com\/product\/yoast-seo-wordpress\/ -->\n<title>Localisateur GPS \u00e9tanche pour chien - Aigle Shopping Canada<\/title>\n<meta name=\"robots\" content=\"index, follow, max-snippet:-1, max-image-preview:large, max-video-preview:-1\" \/>\n<link rel=\"canonical\" href=\"https:\/\/aigleshopping.ca\/fr\/produit\/localisateur-gps-etanche-pour-chien\/\" \/>\n<meta property=\"og:locale\" content=\"fr_FR\" \/>\n<meta property=\"og:type\" content=\"article\" \/>\n<meta property=\"og:title\" content=\"Localisateur GPS \u00e9tanche pour chien - Aigle Shopping Canada\" \/>\n<meta property=\"og:description\" content=\"Fonctionnalit\u00e9 : GPS et services de localisation Service bas\u00e9 sur la localisation \u00e9galement appel\u00e9 A-GPS, lorsque le traceur se trouve dans un souterrain ou un tunnel, il peut obtenir la localisation par AGPS. Suivi en temps r\u00e9el&nbsp; Suivi en temps r\u00e9el par t\u00e9l\u00e9phone portable et plateforme. Il permet \u00e9galement d&rsquo;obtenir la position toutes les 5 [&hellip;]\" \/>\n<meta property=\"og:url\" content=\"https:\/\/aigleshopping.ca\/fr\/produit\/localisateur-gps-etanche-pour-chien\/\" \/>\n<meta property=\"og:site_name\" content=\"Aigle Shopping Canada\" \/>\n<meta property=\"og:image\" content=\"https:\/\/aigleshopping.ca\/wp-content\/uploads\/2025\/03\/220703974411.jpg\" \/>\n\t<meta property=\"og:image:width\" content=\"753\" \/>\n\t<meta property=\"og:image:height\" content=\"669\" \/>\n\t<meta property=\"og:image:type\" content=\"image\/jpeg\" \/>\n<meta name=\"twitter:card\" content=\"summary_large_image\" \/>\n<meta name=\"twitter:label1\" content=\"Dur\u00e9e de lecture estim\u00e9e\" \/>\n\t<meta name=\"twitter:data1\" content=\"2 minutes\" \/>\n<script type=\"application\/ld+json\" class=\"yoast-schema-graph\">{\"@context\":\"https:\\\/\\\/schema.org\",\"@graph\":[{\"@type\":\"WebPage\",\"@id\":\"https:\\\/\\\/aigleshopping.ca\\\/fr\\\/produit\\\/localisateur-gps-etanche-pour-chien\\\/\",\"url\":\"https:\\\/\\\/aigleshopping.ca\\\/fr\\\/produit\\\/localisateur-gps-etanche-pour-chien\\\/\",\"name\":\"Localisateur GPS \u00e9tanche pour chien - Aigle Shopping Canada\",\"isPartOf\":{\"@id\":\"https:\\\/\\\/aigleshopping.ca\\\/#website\"},\"primaryImageOfPage\":{\"@id\":\"https:\\\/\\\/aigleshopping.ca\\\/fr\\\/produit\\\/localisateur-gps-etanche-pour-chien\\\/#primaryimage\"},\"image\":{\"@id\":\"https:\\\/\\\/aigleshopping.ca\\\/fr\\\/produit\\\/localisateur-gps-etanche-pour-chien\\\/#primaryimage\"},\"thumbnailUrl\":\"https:\\\/\\\/aigleshopping.ca\\\/wp-content\\\/uploads\\\/2025\\\/03\\\/220703974411.jpg\",\"datePublished\":\"2025-03-07T23:34:35+00:00\",\"breadcrumb\":{\"@id\":\"https:\\\/\\\/aigleshopping.ca\\\/fr\\\/produit\\\/localisateur-gps-etanche-pour-chien\\\/#breadcrumb\"},\"inLanguage\":\"fr-FR\",\"potentialAction\":[{\"@type\":\"ReadAction\",\"target\":[\"https:\\\/\\\/aigleshopping.ca\\\/fr\\\/produit\\\/localisateur-gps-etanche-pour-chien\\\/\"]}]},{\"@type\":\"ImageObject\",\"inLanguage\":\"fr-FR\",\"@id\":\"https:\\\/\\\/aigleshopping.ca\\\/fr\\\/produit\\\/localisateur-gps-etanche-pour-chien\\\/#primaryimage\",\"url\":\"https:\\\/\\\/aigleshopping.ca\\\/wp-content\\\/uploads\\\/2025\\\/03\\\/220703974411.jpg\",\"contentUrl\":\"https:\\\/\\\/aigleshopping.ca\\\/wp-content\\\/uploads\\\/2025\\\/03\\\/220703974411.jpg\",\"width\":753,\"height\":669},{\"@type\":\"BreadcrumbList\",\"@id\":\"https:\\\/\\\/aigleshopping.ca\\\/fr\\\/produit\\\/localisateur-gps-etanche-pour-chien\\\/#breadcrumb\",\"itemListElement\":[{\"@type\":\"ListItem\",\"position\":1,\"name\":\"Home\",\"item\":\"https:\\\/\\\/aigleshopping.ca\\\/fr\\\/home\\\/\"},{\"@type\":\"ListItem\",\"position\":2,\"name\":\"Products\",\"item\":\"https:\\\/\\\/aigleshopping.ca\\\/shop\\\/\"},{\"@type\":\"ListItem\",\"position\":3,\"name\":\"Localisateur GPS \u00e9tanche pour chien\"}]},{\"@type\":\"WebSite\",\"@id\":\"https:\\\/\\\/aigleshopping.ca\\\/#website\",\"url\":\"https:\\\/\\\/aigleshopping.ca\\\/\",\"name\":\"Aigle Shopping Canada\",\"description\":\"Au-del\u00e0 des fronti\u00e8res, pour vous offrir le\u00a0meilleur!\",\"publisher\":{\"@id\":\"https:\\\/\\\/aigleshopping.ca\\\/#organization\"},\"potentialAction\":[{\"@type\":\"SearchAction\",\"target\":{\"@type\":\"EntryPoint\",\"urlTemplate\":\"https:\\\/\\\/aigleshopping.ca\\\/?s={search_term_string}\"},\"query-input\":{\"@type\":\"PropertyValueSpecification\",\"valueRequired\":true,\"valueName\":\"search_term_string\"}}],\"inLanguage\":\"fr-FR\"},{\"@type\":\"Organization\",\"@id\":\"https:\\\/\\\/aigleshopping.ca\\\/#organization\",\"name\":\"Aigle Shopping Canada\",\"url\":\"https:\\\/\\\/aigleshopping.ca\\\/\",\"logo\":{\"@type\":\"ImageObject\",\"inLanguage\":\"fr-FR\",\"@id\":\"https:\\\/\\\/aigleshopping.ca\\\/#\\\/schema\\\/logo\\\/image\\\/\",\"url\":\"https:\\\/\\\/aigleshopping.ca\\\/wp-content\\\/uploads\\\/2025\\\/12\\\/logo_aigleshopping_ca.png\",\"contentUrl\":\"https:\\\/\\\/aigleshopping.ca\\\/wp-content\\\/uploads\\\/2025\\\/12\\\/logo_aigleshopping_ca.png\",\"width\":800,\"height\":233,\"caption\":\"Aigle Shopping Canada\"},\"image\":{\"@id\":\"https:\\\/\\\/aigleshopping.ca\\\/#\\\/schema\\\/logo\\\/image\\\/\"}}]}<\/script>\n<!-- \/ Yoast SEO plugin. -->","yoast_head_json":{"title":"Localisateur GPS \u00e9tanche pour chien - Aigle Shopping Canada","robots":{"index":"index","follow":"follow","max-snippet":"max-snippet:-1","max-image-preview":"max-image-preview:large","max-video-preview":"max-video-preview:-1"},"canonical":"https:\/\/aigleshopping.ca\/fr\/produit\/localisateur-gps-etanche-pour-chien\/","og_locale":"fr_FR","og_type":"article","og_title":"Localisateur GPS \u00e9tanche pour chien - Aigle Shopping Canada","og_description":"Fonctionnalit\u00e9 : GPS et services de localisation Service bas\u00e9 sur la localisation \u00e9galement appel\u00e9 A-GPS, lorsque le traceur se trouve dans un souterrain ou un tunnel, il peut obtenir la localisation par AGPS. Suivi en temps r\u00e9el&nbsp; Suivi en temps r\u00e9el par t\u00e9l\u00e9phone portable et plateforme. Il permet \u00e9galement d&rsquo;obtenir la position toutes les 5 [&hellip;]","og_url":"https:\/\/aigleshopping.ca\/fr\/produit\/localisateur-gps-etanche-pour-chien\/","og_site_name":"Aigle Shopping Canada","og_image":[{"width":753,"height":669,"url":"https:\/\/aigleshopping.ca\/wp-content\/uploads\/2025\/03\/220703974411.jpg","type":"image\/jpeg"}],"twitter_card":"summary_large_image","twitter_misc":{"Dur\u00e9e de lecture estim\u00e9e":"2 minutes"},"schema":{"@context":"https:\/\/schema.org","@graph":[{"@type":"WebPage","@id":"https:\/\/aigleshopping.ca\/fr\/produit\/localisateur-gps-etanche-pour-chien\/","url":"https:\/\/aigleshopping.ca\/fr\/produit\/localisateur-gps-etanche-pour-chien\/","name":"Localisateur GPS \u00e9tanche pour chien - Aigle Shopping Canada","isPartOf":{"@id":"https:\/\/aigleshopping.ca\/#website"},"primaryImageOfPage":{"@id":"https:\/\/aigleshopping.ca\/fr\/produit\/localisateur-gps-etanche-pour-chien\/#primaryimage"},"image":{"@id":"https:\/\/aigleshopping.ca\/fr\/produit\/localisateur-gps-etanche-pour-chien\/#primaryimage"},"thumbnailUrl":"https:\/\/aigleshopping.ca\/wp-content\/uploads\/2025\/03\/220703974411.jpg","datePublished":"2025-03-07T23:34:35+00:00","breadcrumb":{"@id":"https:\/\/aigleshopping.ca\/fr\/produit\/localisateur-gps-etanche-pour-chien\/#breadcrumb"},"inLanguage":"fr-FR","potentialAction":[{"@type":"ReadAction","target":["https:\/\/aigleshopping.ca\/fr\/produit\/localisateur-gps-etanche-pour-chien\/"]}]},{"@type":"ImageObject","inLanguage":"fr-FR","@id":"https:\/\/aigleshopping.ca\/fr\/produit\/localisateur-gps-etanche-pour-chien\/#primaryimage","url":"https:\/\/aigleshopping.ca\/wp-content\/uploads\/2025\/03\/220703974411.jpg","contentUrl":"https:\/\/aigleshopping.ca\/wp-content\/uploads\/2025\/03\/220703974411.jpg","width":753,"height":669},{"@type":"BreadcrumbList","@id":"https:\/\/aigleshopping.ca\/fr\/produit\/localisateur-gps-etanche-pour-chien\/#breadcrumb","itemListElement":[{"@type":"ListItem","position":1,"name":"Home","item":"https:\/\/aigleshopping.ca\/fr\/home\/"},{"@type":"ListItem","position":2,"name":"Products","item":"https:\/\/aigleshopping.ca\/shop\/"},{"@type":"ListItem","position":3,"name":"Localisateur GPS \u00e9tanche pour chien"}]},{"@type":"WebSite","@id":"https:\/\/aigleshopping.ca\/#website","url":"https:\/\/aigleshopping.ca\/","name":"Aigle Shopping Canada","description":"Au-del\u00e0 des fronti\u00e8res, pour vous offrir le\u00a0meilleur!","publisher":{"@id":"https:\/\/aigleshopping.ca\/#organization"},"potentialAction":[{"@type":"SearchAction","target":{"@type":"EntryPoint","urlTemplate":"https:\/\/aigleshopping.ca\/?s={search_term_string}"},"query-input":{"@type":"PropertyValueSpecification","valueRequired":true,"valueName":"search_term_string"}}],"inLanguage":"fr-FR"},{"@type":"Organization","@id":"https:\/\/aigleshopping.ca\/#organization","name":"Aigle Shopping Canada","url":"https:\/\/aigleshopping.ca\/","logo":{"@type":"ImageObject","inLanguage":"fr-FR","@id":"https:\/\/aigleshopping.ca\/#\/schema\/logo\/image\/","url":"https:\/\/aigleshopping.ca\/wp-content\/uploads\/2025\/12\/logo_aigleshopping_ca.png","contentUrl":"https:\/\/aigleshopping.ca\/wp-content\/uploads\/2025\/12\/logo_aigleshopping_ca.png","width":800,"height":233,"caption":"Aigle Shopping Canada"},"image":{"@id":"https:\/\/aigleshopping.ca\/#\/schema\/logo\/image\/"}}]}},"jetpack_sharing_enabled":true,"_links":{"self":[{"href":"https:\/\/aigleshopping.ca\/fr\/wp-json\/wp\/v2\/product\/21460","targetHints":{"allow":["GET"]}}],"collection":[{"href":"https:\/\/aigleshopping.ca\/fr\/wp-json\/wp\/v2\/product"}],"about":[{"href":"https:\/\/aigleshopping.ca\/fr\/wp-json\/wp\/v2\/types\/product"}],"replies":[{"embeddable":true,"href":"https:\/\/aigleshopping.ca\/fr\/wp-json\/wp\/v2\/comments?post=21460"}],"wp:featuredmedia":[{"embeddable":true,"href":"https:\/\/aigleshopping.ca\/fr\/wp-json\/wp\/v2\/media\/13173"}],"wp:attachment":[{"href":"https:\/\/aigleshopping.ca\/fr\/wp-json\/wp\/v2\/media?parent=21460"}],"wp:term":[{"taxonomy":"product_brand","embeddable":true,"href":"https:\/\/aigleshopping.ca\/fr\/wp-json\/wp\/v2\/product_brand?post=21460"},{"taxonomy":"product_cat","embeddable":true,"href":"https:\/\/aigleshopping.ca\/fr\/wp-json\/wp\/v2\/product_cat?post=21460"},{"taxonomy":"product_tag","embeddable":true,"href":"https:\/\/aigleshopping.ca\/fr\/wp-json\/wp\/v2\/product_tag?post=21460"}],"curies":[{"name":"wp","href":"https:\/\/api.w.org\/{rel}","templated":true}]}}