{"id":21496,"date":"2025-03-07T23:29:47","date_gmt":"2025-03-07T23:29:47","guid":{"rendered":"https:\/\/aigleshopping.ca\/produit\/bac-a-litiere-smart-litter-box-extra-large-desodorisant-et-anti-eclaboussures\/"},"modified":"2025-03-07T23:29:47","modified_gmt":"2025-03-07T23:29:47","slug":"bac-a-litiere-smart-litter-box-extra-large-desodorisant-et-anti-eclaboussures","status":"publish","type":"product","link":"https:\/\/aigleshopping.ca\/fr\/produit\/bac-a-litiere-smart-litter-box-extra-large-desodorisant-et-anti-eclaboussures\/","title":{"rendered":"Bac \u00e0 liti\u00e8re Smart Litter Box Extra Large D\u00e9sodorisant et Anti-\u00e9claboussures"},"content":{"rendered":"<p> <b>Vue d&rsquo;ensemble :<\/b>  <\/p>\n<p>  D\u00e9tection intelligente, nettoyage automatique, go\u00fbt <br \/> Prot\u00e9gez toujours un espace de vie sain et propre.  <\/p>\n<p> <b>Note :<\/b> <br \/> 1. Le produit est pris en nature, mais en raison de probl\u00e8mes d&rsquo;\u00e9clairage, les photos peuvent pr\u00e9senter un l\u00e9ger chromatisme.  <br \/>  2. En raison de la diff\u00e9rence entre les diff\u00e9rents moniteurs, l&rsquo;image peut ne pas refl\u00e9ter la couleur r\u00e9elle de l&rsquo;article. Veuillez en tenir compte avant l&rsquo;achat.    <br \/>  3. Veuillez tenir compte d&rsquo;un l\u00e9ger \u00e9cart pour les donn\u00e9es de mesure.   <\/p>\n<p> <b>Sp\u00e9cification :<\/b>  <\/p>\n<p>  Couleur : White Smart Edition, Pink Smart Edition, Blue Basic Edition, Pink Basic Edition, White Basic Edition, Pink Tmall Genie Edition (ne pas envoyer Tmall Genie), White Tmall Genie Edition (ne pas envoyer Tmall Genie), Blue smart Edition, Blue Tmall Genie Edition (ne pas envoyer Tmall Genie) <br \/> Sp\u00e9cifications : Go\u00fbt intelligent et propre <br \/> Mat\u00e9riau : PVC <br \/> Volume : 0,15 m3  <\/p>\n<p> <b>Contenu de l&#8217;emballage :<\/b> <\/p>\n<p>Liti\u00e8re pour chat*1pc<\/p>\n<p> <img decoding=\"async\" src=\"https:\/\/cf.cjdropshipping.com\/19a101a0-1094-4bcf-ab8a-39ebc60541e3.jpg\"> <img decoding=\"async\" src=\"https:\/\/cf.cjdropshipping.com\/a5580d14-c0e4-4891-98b9-572834f3252b.jpg\"> <img decoding=\"async\" src=\"https:\/\/cf.cjdropshipping.com\/3db13409-58bc-4547-81fb-6b1fe80fc34d.jpg\"> <img decoding=\"async\" src=\"https:\/\/cf.cjdropshipping.com\/6b020b5b-f378-4e15-8231-9ddbc348b46a.jpg\"> <img decoding=\"async\" src=\"https:\/\/cf.cjdropshipping.com\/0ab235a4-5d2b-4c3c-b689-484453c87a63.jpg\"> <img decoding=\"async\" src=\"https:\/\/cf.cjdropshipping.com\/06d0e45e-1d4a-4940-8410-dfbe6a215cba.jpg\">  <\/p>\n","protected":false},"excerpt":{"rendered":"<p>Vue d&rsquo;ensemble : D\u00e9tection intelligente, nettoyage automatique, go\u00fbt Prot\u00e9gez toujours un espace de vie sain et propre. Note : 1. Le produit est pris en nature, mais en raison de probl\u00e8mes d&rsquo;\u00e9clairage, les photos peuvent pr\u00e9senter un l\u00e9ger chromatisme. 2. En raison de la diff\u00e9rence entre les diff\u00e9rents moniteurs, l&rsquo;image peut ne pas refl\u00e9ter la [&hellip;]<\/p>\n","protected":false},"featured_media":12982,"comment_status":"open","ping_status":"closed","template":"","meta":{"content-type":""},"product_brand":[],"product_cat":[266],"product_tag":[],"class_list":{"0":"post-21496","1":"product","2":"type-product","3":"status-publish","4":"has-post-thumbnail","6":"product_cat-chiens-et-chats","8":"first","9":"instock","10":"taxable","11":"shipping-taxable","12":"purchasable","13":"product-type-variable","14":"add-to-wishlist-after_add_to_cart"},"yoast_head":"<!-- This site is optimized with the Yoast SEO plugin v27.4 - https:\/\/yoast.com\/product\/yoast-seo-wordpress\/ -->\n<title>Bac \u00e0 liti\u00e8re Smart Litter Box Extra Large D\u00e9sodorisant et Anti-\u00e9claboussures - Aigle Shopping Canada<\/title>\n<meta name=\"robots\" content=\"index, follow, max-snippet:-1, max-image-preview:large, max-video-preview:-1\" \/>\n<link rel=\"canonical\" href=\"https:\/\/aigleshopping.ca\/fr\/produit\/bac-a-litiere-smart-litter-box-extra-large-desodorisant-et-anti-eclaboussures\/\" \/>\n<meta property=\"og:locale\" content=\"fr_FR\" \/>\n<meta property=\"og:type\" content=\"article\" \/>\n<meta property=\"og:title\" content=\"Bac \u00e0 liti\u00e8re Smart Litter Box Extra Large D\u00e9sodorisant et Anti-\u00e9claboussures - Aigle Shopping Canada\" \/>\n<meta property=\"og:description\" content=\"Vue d&rsquo;ensemble : D\u00e9tection intelligente, nettoyage automatique, go\u00fbt Prot\u00e9gez toujours un espace de vie sain et propre. Note : 1. Le produit est pris en nature, mais en raison de probl\u00e8mes d&rsquo;\u00e9clairage, les photos peuvent pr\u00e9senter un l\u00e9ger chromatisme. 2. En raison de la diff\u00e9rence entre les diff\u00e9rents moniteurs, l&rsquo;image peut ne pas refl\u00e9ter la [&hellip;]\" \/>\n<meta property=\"og:url\" content=\"https:\/\/aigleshopping.ca\/fr\/produit\/bac-a-litiere-smart-litter-box-extra-large-desodorisant-et-anti-eclaboussures\/\" \/>\n<meta property=\"og:site_name\" content=\"Aigle Shopping Canada\" \/>\n<meta property=\"og:image\" content=\"https:\/\/aigleshopping.ca\/wp-content\/uploads\/2025\/03\/246f2221-112d-4b85-9374-9637424d8154.jpg\" \/>\n\t<meta property=\"og:image:width\" content=\"632\" \/>\n\t<meta property=\"og:image:height\" content=\"632\" \/>\n\t<meta property=\"og:image:type\" content=\"image\/jpeg\" \/>\n<meta name=\"twitter:card\" content=\"summary_large_image\" \/>\n<meta name=\"twitter:label1\" content=\"Dur\u00e9e de lecture estim\u00e9e\" \/>\n\t<meta name=\"twitter:data1\" content=\"1 minute\" \/>\n<script type=\"application\/ld+json\" class=\"yoast-schema-graph\">{\"@context\":\"https:\\\/\\\/schema.org\",\"@graph\":[{\"@type\":\"WebPage\",\"@id\":\"https:\\\/\\\/aigleshopping.ca\\\/fr\\\/produit\\\/bac-a-litiere-smart-litter-box-extra-large-desodorisant-et-anti-eclaboussures\\\/\",\"url\":\"https:\\\/\\\/aigleshopping.ca\\\/fr\\\/produit\\\/bac-a-litiere-smart-litter-box-extra-large-desodorisant-et-anti-eclaboussures\\\/\",\"name\":\"Bac \u00e0 liti\u00e8re Smart Litter Box Extra Large D\u00e9sodorisant et Anti-\u00e9claboussures - Aigle Shopping Canada\",\"isPartOf\":{\"@id\":\"https:\\\/\\\/aigleshopping.ca\\\/#website\"},\"primaryImageOfPage\":{\"@id\":\"https:\\\/\\\/aigleshopping.ca\\\/fr\\\/produit\\\/bac-a-litiere-smart-litter-box-extra-large-desodorisant-et-anti-eclaboussures\\\/#primaryimage\"},\"image\":{\"@id\":\"https:\\\/\\\/aigleshopping.ca\\\/fr\\\/produit\\\/bac-a-litiere-smart-litter-box-extra-large-desodorisant-et-anti-eclaboussures\\\/#primaryimage\"},\"thumbnailUrl\":\"https:\\\/\\\/aigleshopping.ca\\\/wp-content\\\/uploads\\\/2025\\\/03\\\/246f2221-112d-4b85-9374-9637424d8154.jpg\",\"datePublished\":\"2025-03-07T23:29:47+00:00\",\"breadcrumb\":{\"@id\":\"https:\\\/\\\/aigleshopping.ca\\\/fr\\\/produit\\\/bac-a-litiere-smart-litter-box-extra-large-desodorisant-et-anti-eclaboussures\\\/#breadcrumb\"},\"inLanguage\":\"fr-FR\",\"potentialAction\":[{\"@type\":\"ReadAction\",\"target\":[\"https:\\\/\\\/aigleshopping.ca\\\/fr\\\/produit\\\/bac-a-litiere-smart-litter-box-extra-large-desodorisant-et-anti-eclaboussures\\\/\"]}]},{\"@type\":\"ImageObject\",\"inLanguage\":\"fr-FR\",\"@id\":\"https:\\\/\\\/aigleshopping.ca\\\/fr\\\/produit\\\/bac-a-litiere-smart-litter-box-extra-large-desodorisant-et-anti-eclaboussures\\\/#primaryimage\",\"url\":\"https:\\\/\\\/aigleshopping.ca\\\/wp-content\\\/uploads\\\/2025\\\/03\\\/246f2221-112d-4b85-9374-9637424d8154.jpg\",\"contentUrl\":\"https:\\\/\\\/aigleshopping.ca\\\/wp-content\\\/uploads\\\/2025\\\/03\\\/246f2221-112d-4b85-9374-9637424d8154.jpg\",\"width\":632,\"height\":632},{\"@type\":\"BreadcrumbList\",\"@id\":\"https:\\\/\\\/aigleshopping.ca\\\/fr\\\/produit\\\/bac-a-litiere-smart-litter-box-extra-large-desodorisant-et-anti-eclaboussures\\\/#breadcrumb\",\"itemListElement\":[{\"@type\":\"ListItem\",\"position\":1,\"name\":\"Home\",\"item\":\"https:\\\/\\\/aigleshopping.ca\\\/fr\\\/home\\\/\"},{\"@type\":\"ListItem\",\"position\":2,\"name\":\"Products\",\"item\":\"https:\\\/\\\/aigleshopping.ca\\\/shop\\\/\"},{\"@type\":\"ListItem\",\"position\":3,\"name\":\"Bac \u00e0 liti\u00e8re Smart Litter Box Extra Large D\u00e9sodorisant et Anti-\u00e9claboussures\"}]},{\"@type\":\"WebSite\",\"@id\":\"https:\\\/\\\/aigleshopping.ca\\\/#website\",\"url\":\"https:\\\/\\\/aigleshopping.ca\\\/\",\"name\":\"Aigle Shopping Canada\",\"description\":\"Au-del\u00e0 des fronti\u00e8res, pour vous offrir le\u00a0meilleur!\",\"publisher\":{\"@id\":\"https:\\\/\\\/aigleshopping.ca\\\/#organization\"},\"potentialAction\":[{\"@type\":\"SearchAction\",\"target\":{\"@type\":\"EntryPoint\",\"urlTemplate\":\"https:\\\/\\\/aigleshopping.ca\\\/?s={search_term_string}\"},\"query-input\":{\"@type\":\"PropertyValueSpecification\",\"valueRequired\":true,\"valueName\":\"search_term_string\"}}],\"inLanguage\":\"fr-FR\"},{\"@type\":\"Organization\",\"@id\":\"https:\\\/\\\/aigleshopping.ca\\\/#organization\",\"name\":\"Aigle Shopping Canada\",\"url\":\"https:\\\/\\\/aigleshopping.ca\\\/\",\"logo\":{\"@type\":\"ImageObject\",\"inLanguage\":\"fr-FR\",\"@id\":\"https:\\\/\\\/aigleshopping.ca\\\/#\\\/schema\\\/logo\\\/image\\\/\",\"url\":\"https:\\\/\\\/aigleshopping.ca\\\/wp-content\\\/uploads\\\/2025\\\/12\\\/logo_aigleshopping_ca.png\",\"contentUrl\":\"https:\\\/\\\/aigleshopping.ca\\\/wp-content\\\/uploads\\\/2025\\\/12\\\/logo_aigleshopping_ca.png\",\"width\":800,\"height\":233,\"caption\":\"Aigle Shopping Canada\"},\"image\":{\"@id\":\"https:\\\/\\\/aigleshopping.ca\\\/#\\\/schema\\\/logo\\\/image\\\/\"}}]}<\/script>\n<!-- \/ Yoast SEO plugin. -->","yoast_head_json":{"title":"Bac \u00e0 liti\u00e8re Smart Litter Box Extra Large D\u00e9sodorisant et Anti-\u00e9claboussures - Aigle Shopping Canada","robots":{"index":"index","follow":"follow","max-snippet":"max-snippet:-1","max-image-preview":"max-image-preview:large","max-video-preview":"max-video-preview:-1"},"canonical":"https:\/\/aigleshopping.ca\/fr\/produit\/bac-a-litiere-smart-litter-box-extra-large-desodorisant-et-anti-eclaboussures\/","og_locale":"fr_FR","og_type":"article","og_title":"Bac \u00e0 liti\u00e8re Smart Litter Box Extra Large D\u00e9sodorisant et Anti-\u00e9claboussures - Aigle Shopping Canada","og_description":"Vue d&rsquo;ensemble : D\u00e9tection intelligente, nettoyage automatique, go\u00fbt Prot\u00e9gez toujours un espace de vie sain et propre. Note : 1. Le produit est pris en nature, mais en raison de probl\u00e8mes d&rsquo;\u00e9clairage, les photos peuvent pr\u00e9senter un l\u00e9ger chromatisme. 2. En raison de la diff\u00e9rence entre les diff\u00e9rents moniteurs, l&rsquo;image peut ne pas refl\u00e9ter la [&hellip;]","og_url":"https:\/\/aigleshopping.ca\/fr\/produit\/bac-a-litiere-smart-litter-box-extra-large-desodorisant-et-anti-eclaboussures\/","og_site_name":"Aigle Shopping Canada","og_image":[{"width":632,"height":632,"url":"https:\/\/aigleshopping.ca\/wp-content\/uploads\/2025\/03\/246f2221-112d-4b85-9374-9637424d8154.jpg","type":"image\/jpeg"}],"twitter_card":"summary_large_image","twitter_misc":{"Dur\u00e9e de lecture estim\u00e9e":"1 minute"},"schema":{"@context":"https:\/\/schema.org","@graph":[{"@type":"WebPage","@id":"https:\/\/aigleshopping.ca\/fr\/produit\/bac-a-litiere-smart-litter-box-extra-large-desodorisant-et-anti-eclaboussures\/","url":"https:\/\/aigleshopping.ca\/fr\/produit\/bac-a-litiere-smart-litter-box-extra-large-desodorisant-et-anti-eclaboussures\/","name":"Bac \u00e0 liti\u00e8re Smart Litter Box Extra Large D\u00e9sodorisant et Anti-\u00e9claboussures - Aigle Shopping Canada","isPartOf":{"@id":"https:\/\/aigleshopping.ca\/#website"},"primaryImageOfPage":{"@id":"https:\/\/aigleshopping.ca\/fr\/produit\/bac-a-litiere-smart-litter-box-extra-large-desodorisant-et-anti-eclaboussures\/#primaryimage"},"image":{"@id":"https:\/\/aigleshopping.ca\/fr\/produit\/bac-a-litiere-smart-litter-box-extra-large-desodorisant-et-anti-eclaboussures\/#primaryimage"},"thumbnailUrl":"https:\/\/aigleshopping.ca\/wp-content\/uploads\/2025\/03\/246f2221-112d-4b85-9374-9637424d8154.jpg","datePublished":"2025-03-07T23:29:47+00:00","breadcrumb":{"@id":"https:\/\/aigleshopping.ca\/fr\/produit\/bac-a-litiere-smart-litter-box-extra-large-desodorisant-et-anti-eclaboussures\/#breadcrumb"},"inLanguage":"fr-FR","potentialAction":[{"@type":"ReadAction","target":["https:\/\/aigleshopping.ca\/fr\/produit\/bac-a-litiere-smart-litter-box-extra-large-desodorisant-et-anti-eclaboussures\/"]}]},{"@type":"ImageObject","inLanguage":"fr-FR","@id":"https:\/\/aigleshopping.ca\/fr\/produit\/bac-a-litiere-smart-litter-box-extra-large-desodorisant-et-anti-eclaboussures\/#primaryimage","url":"https:\/\/aigleshopping.ca\/wp-content\/uploads\/2025\/03\/246f2221-112d-4b85-9374-9637424d8154.jpg","contentUrl":"https:\/\/aigleshopping.ca\/wp-content\/uploads\/2025\/03\/246f2221-112d-4b85-9374-9637424d8154.jpg","width":632,"height":632},{"@type":"BreadcrumbList","@id":"https:\/\/aigleshopping.ca\/fr\/produit\/bac-a-litiere-smart-litter-box-extra-large-desodorisant-et-anti-eclaboussures\/#breadcrumb","itemListElement":[{"@type":"ListItem","position":1,"name":"Home","item":"https:\/\/aigleshopping.ca\/fr\/home\/"},{"@type":"ListItem","position":2,"name":"Products","item":"https:\/\/aigleshopping.ca\/shop\/"},{"@type":"ListItem","position":3,"name":"Bac \u00e0 liti\u00e8re Smart Litter Box Extra Large D\u00e9sodorisant et Anti-\u00e9claboussures"}]},{"@type":"WebSite","@id":"https:\/\/aigleshopping.ca\/#website","url":"https:\/\/aigleshopping.ca\/","name":"Aigle Shopping Canada","description":"Au-del\u00e0 des fronti\u00e8res, pour vous offrir le\u00a0meilleur!","publisher":{"@id":"https:\/\/aigleshopping.ca\/#organization"},"potentialAction":[{"@type":"SearchAction","target":{"@type":"EntryPoint","urlTemplate":"https:\/\/aigleshopping.ca\/?s={search_term_string}"},"query-input":{"@type":"PropertyValueSpecification","valueRequired":true,"valueName":"search_term_string"}}],"inLanguage":"fr-FR"},{"@type":"Organization","@id":"https:\/\/aigleshopping.ca\/#organization","name":"Aigle Shopping Canada","url":"https:\/\/aigleshopping.ca\/","logo":{"@type":"ImageObject","inLanguage":"fr-FR","@id":"https:\/\/aigleshopping.ca\/#\/schema\/logo\/image\/","url":"https:\/\/aigleshopping.ca\/wp-content\/uploads\/2025\/12\/logo_aigleshopping_ca.png","contentUrl":"https:\/\/aigleshopping.ca\/wp-content\/uploads\/2025\/12\/logo_aigleshopping_ca.png","width":800,"height":233,"caption":"Aigle Shopping Canada"},"image":{"@id":"https:\/\/aigleshopping.ca\/#\/schema\/logo\/image\/"}}]}},"jetpack_sharing_enabled":true,"_links":{"self":[{"href":"https:\/\/aigleshopping.ca\/fr\/wp-json\/wp\/v2\/product\/21496","targetHints":{"allow":["GET"]}}],"collection":[{"href":"https:\/\/aigleshopping.ca\/fr\/wp-json\/wp\/v2\/product"}],"about":[{"href":"https:\/\/aigleshopping.ca\/fr\/wp-json\/wp\/v2\/types\/product"}],"replies":[{"embeddable":true,"href":"https:\/\/aigleshopping.ca\/fr\/wp-json\/wp\/v2\/comments?post=21496"}],"wp:featuredmedia":[{"embeddable":true,"href":"https:\/\/aigleshopping.ca\/fr\/wp-json\/wp\/v2\/media\/12982"}],"wp:attachment":[{"href":"https:\/\/aigleshopping.ca\/fr\/wp-json\/wp\/v2\/media?parent=21496"}],"wp:term":[{"taxonomy":"product_brand","embeddable":true,"href":"https:\/\/aigleshopping.ca\/fr\/wp-json\/wp\/v2\/product_brand?post=21496"},{"taxonomy":"product_cat","embeddable":true,"href":"https:\/\/aigleshopping.ca\/fr\/wp-json\/wp\/v2\/product_cat?post=21496"},{"taxonomy":"product_tag","embeddable":true,"href":"https:\/\/aigleshopping.ca\/fr\/wp-json\/wp\/v2\/product_tag?post=21496"}],"curies":[{"name":"wp","href":"https:\/\/api.w.org\/{rel}","templated":true}]}}