{"id":21522,"date":"2025-03-07T23:33:01","date_gmt":"2025-03-07T23:33:01","guid":{"rendered":"https:\/\/aigleshopping.ca\/produit\/sac-de-transport-pour-animaux-de-compagnie-sac-de-transport-pour-animaux-de-compagnie-sac-de-transport-pour-animaux-de-compagnie-sac-de-transport-pour-animaux-de-compagnie-sac-de-transport-pou"},"modified":"2025-03-10T14:29:22","modified_gmt":"2025-03-10T14:29:22","slug":"sac-de-transport-pour-animaux-de-compagnie-sac-de-transport-pour-animaux-de-compagnie-sac-de-transport-pour-animaux-de-compagnie-sac-de-transport-pour-animaux-de-compagnie-sac-de-transport-pour-chiens","status":"publish","type":"product","link":"https:\/\/aigleshopping.ca\/fr\/produit\/sac-de-transport-pour-animaux-de-compagnie-sac-de-transport-pour-animaux-de-compagnie-sac-de-transport-pour-animaux-de-compagnie-sac-de-transport-pour-animaux-de-compagnie-sac-de-transport-pour-chiens\/","title":{"rendered":"Sac de transport pour animaux de compagnie Sac de transport pour animaux de compagnie Sac de transport pour animaux de compagnie Sac de transport pour animaux de compagnie Sac de transport pour chiens Chats Produits pour animaux de compagnie"},"content":{"rendered":"<p> <b>Vue d&rsquo;ensemble :<\/b> <b> <br \/> <\/b> <\/p>\n<p>  1.confortable&nbsp;et&nbsp;respirant :&nbsp;Les&nbsp;fond&nbsp;de&nbsp;cette&nbsp;sac&nbsp;est&nbsp;confortable&nbsp;et&nbsp;respirant,&nbsp;qui&nbsp;peut&nbsp;pr\u00e9venir&nbsp;animaux domestiques&nbsp;de se d\u00e9barrasser de l&rsquo;encombrement.  <br \/>  2. Durable &nbsp;et&nbsp;facile&nbsp;\u00e0&nbsp;propre :&nbsp;Fabriqu\u00e9&nbsp;de&nbsp;\u00e9lev\u00e9&nbsp;mat\u00e9riau de qualit\u00e9, utilisation durable.  <br \/>  \u00e9lev\u00e9&nbsp;qualit\u00e9&nbsp;des mat\u00e9riaux :&nbsp;Haut&nbsp;qualit\u00e9&nbsp;mat\u00e9riaux&nbsp;le rendre confortable et \u00e0 la mode.  <br \/>  3. cordon de serrage&nbsp;la conception :&nbsp;Les&nbsp;cordon de serrage&nbsp;conception&nbsp;de&nbsp;son&nbsp;r\u00e9glable&nbsp;cordon de serrage&nbsp;fermeture&nbsp;fait&nbsp;les&nbsp;sac&nbsp;facile&nbsp;\u00e0&nbsp;mettre et enlever.  <br \/>  4.Prot\u00e9ger&nbsp;votre&nbsp;voiture :&nbsp;Les&nbsp;fond&nbsp;de&nbsp;notre&nbsp;sac \u00e0 dos&nbsp;est&nbsp;con\u00e7u&nbsp;avec&nbsp;a&nbsp;fermeture \u00e9clair,&nbsp;qui&nbsp;aide&nbsp;garder&nbsp;votre&nbsp;animal de compagnie&nbsp;s\u00fbr&nbsp;et&nbsp;emp\u00eache&nbsp;les&nbsp;de&nbsp;en sortant de votre voiture.&nbsp;Fermeture \u00e0 glissi\u00e8re&nbsp;la conception,&nbsp;garder&nbsp;votre&nbsp;charmant&nbsp;chien&nbsp;ou&nbsp;chat&nbsp;fermer&nbsp;raccord&nbsp;\u00e0 l&rsquo;int\u00e9rieur, vous apporte plus de confort.  <b> <br \/> <\/b> <\/p>\n<p> <b>Informations sur le produit :<\/b>  <\/p>\n<p>  Mati\u00e8re Oxford <br \/> Couleur : noir <br \/> Taille : S (moins de 6 kg), M (6-10 kg) <br \/> Caract\u00e9ristiques : s\u00fbr, portable et respirant  <\/p>\n<p> <b>Liste d&#8217;emballage :<\/b> <\/p>\n<p>Sac respirant*1<\/p>\n<p> <\/p>\n<p> <img decoding=\"async\" src=\"https:\/\/cf.cjdropshipping.com\/17182368\/2406130607210322300.jpg\" width=\"50%\"> <\/p>\n<p> <img decoding=\"async\" src=\"https:\/\/cf.cjdropshipping.com\/17182368\/2406130607210323400.jpg\" width=\"50%\"> <\/p>\n<p> <img decoding=\"async\" src=\"https:\/\/cf.cjdropshipping.com\/17182368\/2406130607210324100.jpg\" width=\"50%\"> <\/p>\n<p> <img decoding=\"async\" src=\"https:\/\/cf.cjdropshipping.com\/17182368\/2406130607210325000.jpg\" width=\"50%\">  <\/p>\n<p> <img decoding=\"async\" src=\"https:\/\/cf.cjdropshipping.com\/17182368\/2406130607210326100.jpg\" width=\"50%\">  <\/p>\n<p> <img decoding=\"async\" src=\"https:\/\/cf.cjdropshipping.com\/17182368\/2406130607210327000.jpg\" width=\"50%\">  <\/p>\n<p> <img decoding=\"async\" src=\"https:\/\/cf.cjdropshipping.com\/17182368\/2406130607210327600.jpg\" width=\"50%\">  <\/p>\n<p> <img decoding=\"async\" src=\"https:\/\/cf.cjdropshipping.com\/17182368\/2406130607210328400.jpg\" width=\"50%\">  <\/p>\n","protected":false},"excerpt":{"rendered":"<p>Vue d&rsquo;ensemble : 1.confortable&nbsp;et&nbsp;respirant :&nbsp;Les&nbsp;fond&nbsp;de&nbsp;cette&nbsp;sac&nbsp;est&nbsp;confortable&nbsp;et&nbsp;respirant,&nbsp;qui&nbsp;peut&nbsp;pr\u00e9venir&nbsp;animaux domestiques&nbsp;de se d\u00e9barrasser de l&rsquo;encombrement. 2. Durable &nbsp;et&nbsp;facile&nbsp;\u00e0&nbsp;propre :&nbsp;Fabriqu\u00e9&nbsp;de&nbsp;\u00e9lev\u00e9&nbsp;mat\u00e9riau de qualit\u00e9, utilisation durable. \u00e9lev\u00e9&nbsp;qualit\u00e9&nbsp;des mat\u00e9riaux :&nbsp;Haut&nbsp;qualit\u00e9&nbsp;mat\u00e9riaux&nbsp;le rendre confortable et \u00e0 la mode. 3. cordon de serrage&nbsp;la conception :&nbsp;Les&nbsp;cordon de serrage&nbsp;conception&nbsp;de&nbsp;son&nbsp;r\u00e9glable&nbsp;cordon de serrage&nbsp;fermeture&nbsp;fait&nbsp;les&nbsp;sac&nbsp;facile&nbsp;\u00e0&nbsp;mettre et enlever. 4.Prot\u00e9ger&nbsp;votre&nbsp;voiture :&nbsp;Les&nbsp;fond&nbsp;de&nbsp;notre&nbsp;sac \u00e0 dos&nbsp;est&nbsp;con\u00e7u&nbsp;avec&nbsp;a&nbsp;fermeture \u00e9clair,&nbsp;qui&nbsp;aide&nbsp;garder&nbsp;votre&nbsp;animal de compagnie&nbsp;s\u00fbr&nbsp;et&nbsp;emp\u00eache&nbsp;les&nbsp;de&nbsp;en sortant de votre voiture.&nbsp;Fermeture \u00e0 glissi\u00e8re&nbsp;la conception,&nbsp;garder&nbsp;votre&nbsp;charmant&nbsp;chien&nbsp;ou&nbsp;chat&nbsp;fermer&nbsp;raccord&nbsp;\u00e0 l&rsquo;int\u00e9rieur, vous [&hellip;]<\/p>\n","protected":false},"featured_media":13095,"comment_status":"open","ping_status":"closed","template":"","meta":{"content-type":""},"product_brand":[],"product_cat":[266],"product_tag":[],"class_list":{"0":"post-21522","1":"product","2":"type-product","3":"status-publish","4":"has-post-thumbnail","6":"product_cat-chiens-et-chats","8":"first","9":"instock","10":"taxable","11":"shipping-taxable","12":"purchasable","13":"product-type-variable","14":"add-to-wishlist-after_add_to_cart"},"yoast_head":"<!-- This site is optimized with the Yoast SEO plugin v27.4 - https:\/\/yoast.com\/product\/yoast-seo-wordpress\/ -->\n<title>Sac de transport pour animaux de compagnie Sac de transport pour animaux de compagnie Sac de transport pour animaux de compagnie Sac de transport pour animaux de compagnie Sac de transport pour chiens Chats Produits pour animaux de compagnie - Aigle Shopping Canada<\/title>\n<meta name=\"robots\" content=\"index, follow, max-snippet:-1, max-image-preview:large, max-video-preview:-1\" \/>\n<link rel=\"canonical\" href=\"https:\/\/aigleshopping.ca\/fr\/produit\/sac-de-transport-pour-animaux-de-compagnie-sac-de-transport-pour-animaux-de-compagnie-sac-de-transport-pour-animaux-de-compagnie-sac-de-transport-pour-animaux-de-compagnie-sac-de-transport-pour-chiens\/\" \/>\n<meta property=\"og:locale\" content=\"fr_FR\" \/>\n<meta property=\"og:type\" content=\"article\" \/>\n<meta property=\"og:title\" content=\"Sac de transport pour animaux de compagnie Sac de transport pour animaux de compagnie Sac de transport pour animaux de compagnie Sac de transport pour animaux de compagnie Sac de transport pour chiens Chats Produits pour animaux de compagnie - Aigle Shopping Canada\" \/>\n<meta property=\"og:description\" content=\"Vue d&rsquo;ensemble : 1.confortable&nbsp;et&nbsp;respirant :&nbsp;Les&nbsp;fond&nbsp;de&nbsp;cette&nbsp;sac&nbsp;est&nbsp;confortable&nbsp;et&nbsp;respirant,&nbsp;qui&nbsp;peut&nbsp;pr\u00e9venir&nbsp;animaux domestiques&nbsp;de se d\u00e9barrasser de l&rsquo;encombrement. 2. Durable &nbsp;et&nbsp;facile&nbsp;\u00e0&nbsp;propre :&nbsp;Fabriqu\u00e9&nbsp;de&nbsp;\u00e9lev\u00e9&nbsp;mat\u00e9riau de qualit\u00e9, utilisation durable. \u00e9lev\u00e9&nbsp;qualit\u00e9&nbsp;des mat\u00e9riaux :&nbsp;Haut&nbsp;qualit\u00e9&nbsp;mat\u00e9riaux&nbsp;le rendre confortable et \u00e0 la mode. 3. cordon de serrage&nbsp;la conception :&nbsp;Les&nbsp;cordon de serrage&nbsp;conception&nbsp;de&nbsp;son&nbsp;r\u00e9glable&nbsp;cordon de serrage&nbsp;fermeture&nbsp;fait&nbsp;les&nbsp;sac&nbsp;facile&nbsp;\u00e0&nbsp;mettre et enlever. 4.Prot\u00e9ger&nbsp;votre&nbsp;voiture :&nbsp;Les&nbsp;fond&nbsp;de&nbsp;notre&nbsp;sac \u00e0 dos&nbsp;est&nbsp;con\u00e7u&nbsp;avec&nbsp;a&nbsp;fermeture \u00e9clair,&nbsp;qui&nbsp;aide&nbsp;garder&nbsp;votre&nbsp;animal de compagnie&nbsp;s\u00fbr&nbsp;et&nbsp;emp\u00eache&nbsp;les&nbsp;de&nbsp;en sortant de votre voiture.&nbsp;Fermeture \u00e0 glissi\u00e8re&nbsp;la conception,&nbsp;garder&nbsp;votre&nbsp;charmant&nbsp;chien&nbsp;ou&nbsp;chat&nbsp;fermer&nbsp;raccord&nbsp;\u00e0 l&rsquo;int\u00e9rieur, vous [&hellip;]\" \/>\n<meta property=\"og:url\" content=\"https:\/\/aigleshopping.ca\/fr\/produit\/sac-de-transport-pour-animaux-de-compagnie-sac-de-transport-pour-animaux-de-compagnie-sac-de-transport-pour-animaux-de-compagnie-sac-de-transport-pour-animaux-de-compagnie-sac-de-transport-pour-chiens\/\" \/>\n<meta property=\"og:site_name\" content=\"Aigle Shopping Canada\" \/>\n<meta property=\"article:modified_time\" content=\"2025-03-10T14:29:22+00:00\" \/>\n<meta property=\"og:image\" content=\"https:\/\/aigleshopping.ca\/wp-content\/uploads\/2025\/03\/8129ebfe-5fbe-491d-967d-aa08d194c129.jpg\" \/>\n\t<meta property=\"og:image:width\" content=\"800\" \/>\n\t<meta property=\"og:image:height\" content=\"800\" \/>\n\t<meta property=\"og:image:type\" content=\"image\/jpeg\" \/>\n<meta name=\"twitter:card\" content=\"summary_large_image\" \/>\n<meta name=\"twitter:label1\" content=\"Dur\u00e9e de lecture estim\u00e9e\" \/>\n\t<meta name=\"twitter:data1\" content=\"1 minute\" \/>\n<script type=\"application\/ld+json\" class=\"yoast-schema-graph\">{\"@context\":\"https:\\\/\\\/schema.org\",\"@graph\":[{\"@type\":\"WebPage\",\"@id\":\"https:\\\/\\\/aigleshopping.ca\\\/fr\\\/produit\\\/sac-de-transport-pour-animaux-de-compagnie-sac-de-transport-pour-animaux-de-compagnie-sac-de-transport-pour-animaux-de-compagnie-sac-de-transport-pour-animaux-de-compagnie-sac-de-transport-pour-chiens\\\/\",\"url\":\"https:\\\/\\\/aigleshopping.ca\\\/fr\\\/produit\\\/sac-de-transport-pour-animaux-de-compagnie-sac-de-transport-pour-animaux-de-compagnie-sac-de-transport-pour-animaux-de-compagnie-sac-de-transport-pour-animaux-de-compagnie-sac-de-transport-pour-chiens\\\/\",\"name\":\"Sac de transport pour animaux de compagnie Sac de transport pour animaux de compagnie Sac de transport pour animaux de compagnie Sac de transport pour animaux de compagnie Sac de transport pour chiens Chats Produits pour animaux de compagnie - Aigle Shopping Canada\",\"isPartOf\":{\"@id\":\"https:\\\/\\\/aigleshopping.ca\\\/#website\"},\"primaryImageOfPage\":{\"@id\":\"https:\\\/\\\/aigleshopping.ca\\\/fr\\\/produit\\\/sac-de-transport-pour-animaux-de-compagnie-sac-de-transport-pour-animaux-de-compagnie-sac-de-transport-pour-animaux-de-compagnie-sac-de-transport-pour-animaux-de-compagnie-sac-de-transport-pour-chiens\\\/#primaryimage\"},\"image\":{\"@id\":\"https:\\\/\\\/aigleshopping.ca\\\/fr\\\/produit\\\/sac-de-transport-pour-animaux-de-compagnie-sac-de-transport-pour-animaux-de-compagnie-sac-de-transport-pour-animaux-de-compagnie-sac-de-transport-pour-animaux-de-compagnie-sac-de-transport-pour-chiens\\\/#primaryimage\"},\"thumbnailUrl\":\"https:\\\/\\\/aigleshopping.ca\\\/wp-content\\\/uploads\\\/2025\\\/03\\\/8129ebfe-5fbe-491d-967d-aa08d194c129.jpg\",\"datePublished\":\"2025-03-07T23:33:01+00:00\",\"dateModified\":\"2025-03-10T14:29:22+00:00\",\"breadcrumb\":{\"@id\":\"https:\\\/\\\/aigleshopping.ca\\\/fr\\\/produit\\\/sac-de-transport-pour-animaux-de-compagnie-sac-de-transport-pour-animaux-de-compagnie-sac-de-transport-pour-animaux-de-compagnie-sac-de-transport-pour-animaux-de-compagnie-sac-de-transport-pour-chiens\\\/#breadcrumb\"},\"inLanguage\":\"fr-FR\",\"potentialAction\":[{\"@type\":\"ReadAction\",\"target\":[\"https:\\\/\\\/aigleshopping.ca\\\/fr\\\/produit\\\/sac-de-transport-pour-animaux-de-compagnie-sac-de-transport-pour-animaux-de-compagnie-sac-de-transport-pour-animaux-de-compagnie-sac-de-transport-pour-animaux-de-compagnie-sac-de-transport-pour-chiens\\\/\"]}]},{\"@type\":\"ImageObject\",\"inLanguage\":\"fr-FR\",\"@id\":\"https:\\\/\\\/aigleshopping.ca\\\/fr\\\/produit\\\/sac-de-transport-pour-animaux-de-compagnie-sac-de-transport-pour-animaux-de-compagnie-sac-de-transport-pour-animaux-de-compagnie-sac-de-transport-pour-animaux-de-compagnie-sac-de-transport-pour-chiens\\\/#primaryimage\",\"url\":\"https:\\\/\\\/aigleshopping.ca\\\/wp-content\\\/uploads\\\/2025\\\/03\\\/8129ebfe-5fbe-491d-967d-aa08d194c129.jpg\",\"contentUrl\":\"https:\\\/\\\/aigleshopping.ca\\\/wp-content\\\/uploads\\\/2025\\\/03\\\/8129ebfe-5fbe-491d-967d-aa08d194c129.jpg\",\"width\":800,\"height\":800},{\"@type\":\"BreadcrumbList\",\"@id\":\"https:\\\/\\\/aigleshopping.ca\\\/fr\\\/produit\\\/sac-de-transport-pour-animaux-de-compagnie-sac-de-transport-pour-animaux-de-compagnie-sac-de-transport-pour-animaux-de-compagnie-sac-de-transport-pour-animaux-de-compagnie-sac-de-transport-pour-chiens\\\/#breadcrumb\",\"itemListElement\":[{\"@type\":\"ListItem\",\"position\":1,\"name\":\"Home\",\"item\":\"https:\\\/\\\/aigleshopping.ca\\\/fr\\\/home\\\/\"},{\"@type\":\"ListItem\",\"position\":2,\"name\":\"Products\",\"item\":\"https:\\\/\\\/aigleshopping.ca\\\/shop\\\/\"},{\"@type\":\"ListItem\",\"position\":3,\"name\":\"Sac de transport pour animaux de compagnie Sac de transport pour animaux de compagnie Sac de transport pour animaux de compagnie Sac de transport pour animaux de compagnie Sac de transport pour chiens Chats Produits pour animaux de compagnie\"}]},{\"@type\":\"WebSite\",\"@id\":\"https:\\\/\\\/aigleshopping.ca\\\/#website\",\"url\":\"https:\\\/\\\/aigleshopping.ca\\\/\",\"name\":\"Aigle Shopping Canada\",\"description\":\"Au-del\u00e0 des fronti\u00e8res, pour vous offrir le\u00a0meilleur!\",\"publisher\":{\"@id\":\"https:\\\/\\\/aigleshopping.ca\\\/#organization\"},\"potentialAction\":[{\"@type\":\"SearchAction\",\"target\":{\"@type\":\"EntryPoint\",\"urlTemplate\":\"https:\\\/\\\/aigleshopping.ca\\\/?s={search_term_string}\"},\"query-input\":{\"@type\":\"PropertyValueSpecification\",\"valueRequired\":true,\"valueName\":\"search_term_string\"}}],\"inLanguage\":\"fr-FR\"},{\"@type\":\"Organization\",\"@id\":\"https:\\\/\\\/aigleshopping.ca\\\/#organization\",\"name\":\"Aigle Shopping Canada\",\"url\":\"https:\\\/\\\/aigleshopping.ca\\\/\",\"logo\":{\"@type\":\"ImageObject\",\"inLanguage\":\"fr-FR\",\"@id\":\"https:\\\/\\\/aigleshopping.ca\\\/#\\\/schema\\\/logo\\\/image\\\/\",\"url\":\"https:\\\/\\\/aigleshopping.ca\\\/wp-content\\\/uploads\\\/2025\\\/12\\\/logo_aigleshopping_ca.png\",\"contentUrl\":\"https:\\\/\\\/aigleshopping.ca\\\/wp-content\\\/uploads\\\/2025\\\/12\\\/logo_aigleshopping_ca.png\",\"width\":800,\"height\":233,\"caption\":\"Aigle Shopping Canada\"},\"image\":{\"@id\":\"https:\\\/\\\/aigleshopping.ca\\\/#\\\/schema\\\/logo\\\/image\\\/\"}}]}<\/script>\n<!-- \/ Yoast SEO plugin. -->","yoast_head_json":{"title":"Sac de transport pour animaux de compagnie Sac de transport pour animaux de compagnie Sac de transport pour animaux de compagnie Sac de transport pour animaux de compagnie Sac de transport pour chiens Chats Produits pour animaux de compagnie - Aigle Shopping Canada","robots":{"index":"index","follow":"follow","max-snippet":"max-snippet:-1","max-image-preview":"max-image-preview:large","max-video-preview":"max-video-preview:-1"},"canonical":"https:\/\/aigleshopping.ca\/fr\/produit\/sac-de-transport-pour-animaux-de-compagnie-sac-de-transport-pour-animaux-de-compagnie-sac-de-transport-pour-animaux-de-compagnie-sac-de-transport-pour-animaux-de-compagnie-sac-de-transport-pour-chiens\/","og_locale":"fr_FR","og_type":"article","og_title":"Sac de transport pour animaux de compagnie Sac de transport pour animaux de compagnie Sac de transport pour animaux de compagnie Sac de transport pour animaux de compagnie Sac de transport pour chiens Chats Produits pour animaux de compagnie - Aigle Shopping Canada","og_description":"Vue d&rsquo;ensemble : 1.confortable&nbsp;et&nbsp;respirant :&nbsp;Les&nbsp;fond&nbsp;de&nbsp;cette&nbsp;sac&nbsp;est&nbsp;confortable&nbsp;et&nbsp;respirant,&nbsp;qui&nbsp;peut&nbsp;pr\u00e9venir&nbsp;animaux domestiques&nbsp;de se d\u00e9barrasser de l&rsquo;encombrement. 2. Durable &nbsp;et&nbsp;facile&nbsp;\u00e0&nbsp;propre :&nbsp;Fabriqu\u00e9&nbsp;de&nbsp;\u00e9lev\u00e9&nbsp;mat\u00e9riau de qualit\u00e9, utilisation durable. \u00e9lev\u00e9&nbsp;qualit\u00e9&nbsp;des mat\u00e9riaux :&nbsp;Haut&nbsp;qualit\u00e9&nbsp;mat\u00e9riaux&nbsp;le rendre confortable et \u00e0 la mode. 3. cordon de serrage&nbsp;la conception :&nbsp;Les&nbsp;cordon de serrage&nbsp;conception&nbsp;de&nbsp;son&nbsp;r\u00e9glable&nbsp;cordon de serrage&nbsp;fermeture&nbsp;fait&nbsp;les&nbsp;sac&nbsp;facile&nbsp;\u00e0&nbsp;mettre et enlever. 4.Prot\u00e9ger&nbsp;votre&nbsp;voiture :&nbsp;Les&nbsp;fond&nbsp;de&nbsp;notre&nbsp;sac \u00e0 dos&nbsp;est&nbsp;con\u00e7u&nbsp;avec&nbsp;a&nbsp;fermeture \u00e9clair,&nbsp;qui&nbsp;aide&nbsp;garder&nbsp;votre&nbsp;animal de compagnie&nbsp;s\u00fbr&nbsp;et&nbsp;emp\u00eache&nbsp;les&nbsp;de&nbsp;en sortant de votre voiture.&nbsp;Fermeture \u00e0 glissi\u00e8re&nbsp;la conception,&nbsp;garder&nbsp;votre&nbsp;charmant&nbsp;chien&nbsp;ou&nbsp;chat&nbsp;fermer&nbsp;raccord&nbsp;\u00e0 l&rsquo;int\u00e9rieur, vous [&hellip;]","og_url":"https:\/\/aigleshopping.ca\/fr\/produit\/sac-de-transport-pour-animaux-de-compagnie-sac-de-transport-pour-animaux-de-compagnie-sac-de-transport-pour-animaux-de-compagnie-sac-de-transport-pour-animaux-de-compagnie-sac-de-transport-pour-chiens\/","og_site_name":"Aigle Shopping Canada","article_modified_time":"2025-03-10T14:29:22+00:00","og_image":[{"width":800,"height":800,"url":"https:\/\/aigleshopping.ca\/wp-content\/uploads\/2025\/03\/8129ebfe-5fbe-491d-967d-aa08d194c129.jpg","type":"image\/jpeg"}],"twitter_card":"summary_large_image","twitter_misc":{"Dur\u00e9e de lecture estim\u00e9e":"1 minute"},"schema":{"@context":"https:\/\/schema.org","@graph":[{"@type":"WebPage","@id":"https:\/\/aigleshopping.ca\/fr\/produit\/sac-de-transport-pour-animaux-de-compagnie-sac-de-transport-pour-animaux-de-compagnie-sac-de-transport-pour-animaux-de-compagnie-sac-de-transport-pour-animaux-de-compagnie-sac-de-transport-pour-chiens\/","url":"https:\/\/aigleshopping.ca\/fr\/produit\/sac-de-transport-pour-animaux-de-compagnie-sac-de-transport-pour-animaux-de-compagnie-sac-de-transport-pour-animaux-de-compagnie-sac-de-transport-pour-animaux-de-compagnie-sac-de-transport-pour-chiens\/","name":"Sac de transport pour animaux de compagnie Sac de transport pour animaux de compagnie Sac de transport pour animaux de compagnie Sac de transport pour animaux de compagnie Sac de transport pour chiens Chats Produits pour animaux de compagnie - Aigle Shopping Canada","isPartOf":{"@id":"https:\/\/aigleshopping.ca\/#website"},"primaryImageOfPage":{"@id":"https:\/\/aigleshopping.ca\/fr\/produit\/sac-de-transport-pour-animaux-de-compagnie-sac-de-transport-pour-animaux-de-compagnie-sac-de-transport-pour-animaux-de-compagnie-sac-de-transport-pour-animaux-de-compagnie-sac-de-transport-pour-chiens\/#primaryimage"},"image":{"@id":"https:\/\/aigleshopping.ca\/fr\/produit\/sac-de-transport-pour-animaux-de-compagnie-sac-de-transport-pour-animaux-de-compagnie-sac-de-transport-pour-animaux-de-compagnie-sac-de-transport-pour-animaux-de-compagnie-sac-de-transport-pour-chiens\/#primaryimage"},"thumbnailUrl":"https:\/\/aigleshopping.ca\/wp-content\/uploads\/2025\/03\/8129ebfe-5fbe-491d-967d-aa08d194c129.jpg","datePublished":"2025-03-07T23:33:01+00:00","dateModified":"2025-03-10T14:29:22+00:00","breadcrumb":{"@id":"https:\/\/aigleshopping.ca\/fr\/produit\/sac-de-transport-pour-animaux-de-compagnie-sac-de-transport-pour-animaux-de-compagnie-sac-de-transport-pour-animaux-de-compagnie-sac-de-transport-pour-animaux-de-compagnie-sac-de-transport-pour-chiens\/#breadcrumb"},"inLanguage":"fr-FR","potentialAction":[{"@type":"ReadAction","target":["https:\/\/aigleshopping.ca\/fr\/produit\/sac-de-transport-pour-animaux-de-compagnie-sac-de-transport-pour-animaux-de-compagnie-sac-de-transport-pour-animaux-de-compagnie-sac-de-transport-pour-animaux-de-compagnie-sac-de-transport-pour-chiens\/"]}]},{"@type":"ImageObject","inLanguage":"fr-FR","@id":"https:\/\/aigleshopping.ca\/fr\/produit\/sac-de-transport-pour-animaux-de-compagnie-sac-de-transport-pour-animaux-de-compagnie-sac-de-transport-pour-animaux-de-compagnie-sac-de-transport-pour-animaux-de-compagnie-sac-de-transport-pour-chiens\/#primaryimage","url":"https:\/\/aigleshopping.ca\/wp-content\/uploads\/2025\/03\/8129ebfe-5fbe-491d-967d-aa08d194c129.jpg","contentUrl":"https:\/\/aigleshopping.ca\/wp-content\/uploads\/2025\/03\/8129ebfe-5fbe-491d-967d-aa08d194c129.jpg","width":800,"height":800},{"@type":"BreadcrumbList","@id":"https:\/\/aigleshopping.ca\/fr\/produit\/sac-de-transport-pour-animaux-de-compagnie-sac-de-transport-pour-animaux-de-compagnie-sac-de-transport-pour-animaux-de-compagnie-sac-de-transport-pour-animaux-de-compagnie-sac-de-transport-pour-chiens\/#breadcrumb","itemListElement":[{"@type":"ListItem","position":1,"name":"Home","item":"https:\/\/aigleshopping.ca\/fr\/home\/"},{"@type":"ListItem","position":2,"name":"Products","item":"https:\/\/aigleshopping.ca\/shop\/"},{"@type":"ListItem","position":3,"name":"Sac de transport pour animaux de compagnie Sac de transport pour animaux de compagnie Sac de transport pour animaux de compagnie Sac de transport pour animaux de compagnie Sac de transport pour chiens Chats Produits pour animaux de compagnie"}]},{"@type":"WebSite","@id":"https:\/\/aigleshopping.ca\/#website","url":"https:\/\/aigleshopping.ca\/","name":"Aigle Shopping Canada","description":"Au-del\u00e0 des fronti\u00e8res, pour vous offrir le\u00a0meilleur!","publisher":{"@id":"https:\/\/aigleshopping.ca\/#organization"},"potentialAction":[{"@type":"SearchAction","target":{"@type":"EntryPoint","urlTemplate":"https:\/\/aigleshopping.ca\/?s={search_term_string}"},"query-input":{"@type":"PropertyValueSpecification","valueRequired":true,"valueName":"search_term_string"}}],"inLanguage":"fr-FR"},{"@type":"Organization","@id":"https:\/\/aigleshopping.ca\/#organization","name":"Aigle Shopping Canada","url":"https:\/\/aigleshopping.ca\/","logo":{"@type":"ImageObject","inLanguage":"fr-FR","@id":"https:\/\/aigleshopping.ca\/#\/schema\/logo\/image\/","url":"https:\/\/aigleshopping.ca\/wp-content\/uploads\/2025\/12\/logo_aigleshopping_ca.png","contentUrl":"https:\/\/aigleshopping.ca\/wp-content\/uploads\/2025\/12\/logo_aigleshopping_ca.png","width":800,"height":233,"caption":"Aigle Shopping Canada"},"image":{"@id":"https:\/\/aigleshopping.ca\/#\/schema\/logo\/image\/"}}]}},"jetpack_sharing_enabled":true,"_links":{"self":[{"href":"https:\/\/aigleshopping.ca\/fr\/wp-json\/wp\/v2\/product\/21522","targetHints":{"allow":["GET"]}}],"collection":[{"href":"https:\/\/aigleshopping.ca\/fr\/wp-json\/wp\/v2\/product"}],"about":[{"href":"https:\/\/aigleshopping.ca\/fr\/wp-json\/wp\/v2\/types\/product"}],"replies":[{"embeddable":true,"href":"https:\/\/aigleshopping.ca\/fr\/wp-json\/wp\/v2\/comments?post=21522"}],"wp:featuredmedia":[{"embeddable":true,"href":"https:\/\/aigleshopping.ca\/fr\/wp-json\/wp\/v2\/media\/13095"}],"wp:attachment":[{"href":"https:\/\/aigleshopping.ca\/fr\/wp-json\/wp\/v2\/media?parent=21522"}],"wp:term":[{"taxonomy":"product_brand","embeddable":true,"href":"https:\/\/aigleshopping.ca\/fr\/wp-json\/wp\/v2\/product_brand?post=21522"},{"taxonomy":"product_cat","embeddable":true,"href":"https:\/\/aigleshopping.ca\/fr\/wp-json\/wp\/v2\/product_cat?post=21522"},{"taxonomy":"product_tag","embeddable":true,"href":"https:\/\/aigleshopping.ca\/fr\/wp-json\/wp\/v2\/product_tag?post=21522"}],"curies":[{"name":"wp","href":"https:\/\/api.w.org\/{rel}","templated":true}]}}