{"id":21533,"date":"2025-03-07T23:42:16","date_gmt":"2025-03-07T23:42:16","guid":{"rendered":"https:\/\/aigleshopping.ca\/produit\/sac-de-voyage-pour-chat-doublement-double-anti-scratch-and-bite-pet-bags\/"},"modified":"2025-03-07T23:42:16","modified_gmt":"2025-03-07T23:42:16","slug":"sac-de-voyage-pour-chat-doublement-double-anti-scratch-and-bite-pet-bags","status":"publish","type":"product","link":"https:\/\/aigleshopping.ca\/fr\/produit\/sac-de-voyage-pour-chat-doublement-double-anti-scratch-and-bite-pet-bags\/","title":{"rendered":"Sac de voyage pour chat doublement doubl\u00e9 Anti Scratch And Bite Pet Bags"},"content":{"rendered":"<p> <b>Informations sur le produit :<\/b>  <\/p>\n<p>  Mat\u00e9riau : Polyester <br \/> Capacit\u00e9 : 5L <br \/> Motif : uni <br \/> Duret\u00e9 : Douceur : <br \/> Couleur : gris fonc\u00e9, rouge rose  <\/p>\n<p> <\/p>\n<p> <b>Taille\uff1a<\/b> <br \/> Sp\u00e9cifications : S, L  <\/p>\n<p> <\/p>\n<p> <img decoding=\"async\" src=\"https:\/\/cf.cjdropshipping.com\/7144e69e-8a7b-4d37-8f56-9c80b90d2e28.png\">  <\/p>\n<p> <b>Liste d&#8217;emballage :<\/b> <\/p>\n<p>Sac pour animaux de compagnie*1<\/p>\n<p> <img decoding=\"async\" src=\"https:\/\/cf.cjdropshipping.com\/quick\/product\/d8ca21f4-ae9f-4622-8e4e-49a1d2d6e056.jpg\" alt=\"ind\u00e9fini\"> <br \/> <img decoding=\"async\" src=\"https:\/\/cf.cjdropshipping.com\/quick\/product\/dcf888d8-a4eb-43b9-b88b-b9bbca77c3d1.jpg\" alt=\"ind\u00e9fini\"> <br \/> <img decoding=\"async\" src=\"https:\/\/cf.cjdropshipping.com\/quick\/product\/9fba82b7-9788-4b36-9e7f-81423cd4decd.jpg\" alt=\"ind\u00e9fini\"> <br \/> <img decoding=\"async\" src=\"https:\/\/cf.cjdropshipping.com\/quick\/product\/3bd1e115-4c81-4bd1-99fa-7ee2e9282ecd.jpg\" alt=\"ind\u00e9fini\"> <br \/> <img decoding=\"async\" src=\"https:\/\/cf.cjdropshipping.com\/quick\/product\/bc172b97-6ad4-4bff-a814-6cf7d2eaad36.jpg\" alt=\"ind\u00e9fini\"> <br \/> <img decoding=\"async\" src=\"https:\/\/cf.cjdropshipping.com\/quick\/product\/83d12b6d-768d-44ff-98e6-c1f6ee155688.jpg\" alt=\"ind\u00e9fini\"> <br \/> <img decoding=\"async\" src=\"https:\/\/cf.cjdropshipping.com\/quick\/product\/5da36385-ed4d-4db0-8a68-c528c01a0a0e.jpg\" alt=\"ind\u00e9fini\"> <br \/> <img decoding=\"async\" src=\"https:\/\/cf.cjdropshipping.com\/quick\/product\/536f8a17-51cf-4689-8dce-2c56d96e529b.jpg\" alt=\"ind\u00e9fini\"> <br \/> <img decoding=\"async\" src=\"https:\/\/cf.cjdropshipping.com\/quick\/product\/888346d7-f397-4220-9240-27195302f610.jpg\" alt=\"ind\u00e9fini\"> <br \/> <img decoding=\"async\" src=\"https:\/\/cf.cjdropshipping.com\/quick\/product\/33c873de-75ed-4fd7-9d07-fff3e0340dcb.jpg\" alt=\"ind\u00e9fini\"> <br \/> <img decoding=\"async\" src=\"https:\/\/cf.cjdropshipping.com\/quick\/product\/ab8ae31f-7ba4-4d7e-9792-6645fe25da8c.jpg\" alt=\"ind\u00e9fini\">  <\/p>\n","protected":false},"excerpt":{"rendered":"<p>Informations sur le produit : Mat\u00e9riau : Polyester Capacit\u00e9 : 5L Motif : uni Duret\u00e9 : Douceur : Couleur : gris fonc\u00e9, rouge rose Taille\uff1a Sp\u00e9cifications : S, L Liste d&#8217;emballage : Sac pour animaux de compagnie*1<\/p>\n","protected":false},"featured_media":13551,"comment_status":"open","ping_status":"closed","template":"","meta":{"content-type":""},"product_brand":[],"product_cat":[266],"product_tag":[],"class_list":{"0":"post-21533","1":"product","2":"type-product","3":"status-publish","4":"has-post-thumbnail","6":"product_cat-chiens-et-chats","8":"first","9":"instock","10":"taxable","11":"shipping-taxable","12":"purchasable","13":"product-type-variable","14":"add-to-wishlist-after_add_to_cart"},"yoast_head":"<!-- This site is optimized with the Yoast SEO plugin v27.4 - https:\/\/yoast.com\/product\/yoast-seo-wordpress\/ -->\n<title>Sac de voyage pour chat doublement doubl\u00e9 Anti Scratch And Bite Pet Bags - Aigle Shopping Canada<\/title>\n<meta name=\"robots\" content=\"index, follow, max-snippet:-1, max-image-preview:large, max-video-preview:-1\" \/>\n<link rel=\"canonical\" href=\"https:\/\/aigleshopping.ca\/fr\/produit\/sac-de-voyage-pour-chat-doublement-double-anti-scratch-and-bite-pet-bags\/\" \/>\n<meta property=\"og:locale\" content=\"fr_FR\" \/>\n<meta property=\"og:type\" content=\"article\" \/>\n<meta property=\"og:title\" content=\"Sac de voyage pour chat doublement doubl\u00e9 Anti Scratch And Bite Pet Bags - Aigle Shopping Canada\" \/>\n<meta property=\"og:description\" content=\"Informations sur le produit : Mat\u00e9riau : Polyester Capacit\u00e9 : 5L Motif : uni Duret\u00e9 : Douceur : Couleur : gris fonc\u00e9, rouge rose Taille\uff1a Sp\u00e9cifications : S, L Liste d&#8217;emballage : Sac pour animaux de compagnie*1\" \/>\n<meta property=\"og:url\" content=\"https:\/\/aigleshopping.ca\/fr\/produit\/sac-de-voyage-pour-chat-doublement-double-anti-scratch-and-bite-pet-bags\/\" \/>\n<meta property=\"og:site_name\" content=\"Aigle Shopping Canada\" \/>\n<meta property=\"og:image\" content=\"https:\/\/aigleshopping.ca\/wp-content\/uploads\/2025\/03\/fc4cec0a-e25f-4afe-acb7-010ee654d375.jpg\" \/>\n\t<meta property=\"og:image:width\" content=\"1600\" \/>\n\t<meta property=\"og:image:height\" content=\"1600\" \/>\n\t<meta property=\"og:image:type\" content=\"image\/jpeg\" \/>\n<meta name=\"twitter:card\" content=\"summary_large_image\" \/>\n<script type=\"application\/ld+json\" class=\"yoast-schema-graph\">{\"@context\":\"https:\\\/\\\/schema.org\",\"@graph\":[{\"@type\":\"WebPage\",\"@id\":\"https:\\\/\\\/aigleshopping.ca\\\/fr\\\/produit\\\/sac-de-voyage-pour-chat-doublement-double-anti-scratch-and-bite-pet-bags\\\/\",\"url\":\"https:\\\/\\\/aigleshopping.ca\\\/fr\\\/produit\\\/sac-de-voyage-pour-chat-doublement-double-anti-scratch-and-bite-pet-bags\\\/\",\"name\":\"Sac de voyage pour chat doublement doubl\u00e9 Anti Scratch And Bite Pet Bags - Aigle Shopping Canada\",\"isPartOf\":{\"@id\":\"https:\\\/\\\/aigleshopping.ca\\\/#website\"},\"primaryImageOfPage\":{\"@id\":\"https:\\\/\\\/aigleshopping.ca\\\/fr\\\/produit\\\/sac-de-voyage-pour-chat-doublement-double-anti-scratch-and-bite-pet-bags\\\/#primaryimage\"},\"image\":{\"@id\":\"https:\\\/\\\/aigleshopping.ca\\\/fr\\\/produit\\\/sac-de-voyage-pour-chat-doublement-double-anti-scratch-and-bite-pet-bags\\\/#primaryimage\"},\"thumbnailUrl\":\"https:\\\/\\\/aigleshopping.ca\\\/wp-content\\\/uploads\\\/2025\\\/03\\\/fc4cec0a-e25f-4afe-acb7-010ee654d375.jpg\",\"datePublished\":\"2025-03-07T23:42:16+00:00\",\"breadcrumb\":{\"@id\":\"https:\\\/\\\/aigleshopping.ca\\\/fr\\\/produit\\\/sac-de-voyage-pour-chat-doublement-double-anti-scratch-and-bite-pet-bags\\\/#breadcrumb\"},\"inLanguage\":\"fr-FR\",\"potentialAction\":[{\"@type\":\"ReadAction\",\"target\":[\"https:\\\/\\\/aigleshopping.ca\\\/fr\\\/produit\\\/sac-de-voyage-pour-chat-doublement-double-anti-scratch-and-bite-pet-bags\\\/\"]}]},{\"@type\":\"ImageObject\",\"inLanguage\":\"fr-FR\",\"@id\":\"https:\\\/\\\/aigleshopping.ca\\\/fr\\\/produit\\\/sac-de-voyage-pour-chat-doublement-double-anti-scratch-and-bite-pet-bags\\\/#primaryimage\",\"url\":\"https:\\\/\\\/aigleshopping.ca\\\/wp-content\\\/uploads\\\/2025\\\/03\\\/fc4cec0a-e25f-4afe-acb7-010ee654d375.jpg\",\"contentUrl\":\"https:\\\/\\\/aigleshopping.ca\\\/wp-content\\\/uploads\\\/2025\\\/03\\\/fc4cec0a-e25f-4afe-acb7-010ee654d375.jpg\",\"width\":1600,\"height\":1600},{\"@type\":\"BreadcrumbList\",\"@id\":\"https:\\\/\\\/aigleshopping.ca\\\/fr\\\/produit\\\/sac-de-voyage-pour-chat-doublement-double-anti-scratch-and-bite-pet-bags\\\/#breadcrumb\",\"itemListElement\":[{\"@type\":\"ListItem\",\"position\":1,\"name\":\"Home\",\"item\":\"https:\\\/\\\/aigleshopping.ca\\\/fr\\\/home\\\/\"},{\"@type\":\"ListItem\",\"position\":2,\"name\":\"Products\",\"item\":\"https:\\\/\\\/aigleshopping.ca\\\/shop\\\/\"},{\"@type\":\"ListItem\",\"position\":3,\"name\":\"Sac de voyage pour chat doublement doubl\u00e9 Anti Scratch And Bite Pet Bags\"}]},{\"@type\":\"WebSite\",\"@id\":\"https:\\\/\\\/aigleshopping.ca\\\/#website\",\"url\":\"https:\\\/\\\/aigleshopping.ca\\\/\",\"name\":\"Aigle Shopping Canada\",\"description\":\"Au-del\u00e0 des fronti\u00e8res, pour vous offrir le\u00a0meilleur!\",\"publisher\":{\"@id\":\"https:\\\/\\\/aigleshopping.ca\\\/#organization\"},\"potentialAction\":[{\"@type\":\"SearchAction\",\"target\":{\"@type\":\"EntryPoint\",\"urlTemplate\":\"https:\\\/\\\/aigleshopping.ca\\\/?s={search_term_string}\"},\"query-input\":{\"@type\":\"PropertyValueSpecification\",\"valueRequired\":true,\"valueName\":\"search_term_string\"}}],\"inLanguage\":\"fr-FR\"},{\"@type\":\"Organization\",\"@id\":\"https:\\\/\\\/aigleshopping.ca\\\/#organization\",\"name\":\"Aigle Shopping Canada\",\"url\":\"https:\\\/\\\/aigleshopping.ca\\\/\",\"logo\":{\"@type\":\"ImageObject\",\"inLanguage\":\"fr-FR\",\"@id\":\"https:\\\/\\\/aigleshopping.ca\\\/#\\\/schema\\\/logo\\\/image\\\/\",\"url\":\"https:\\\/\\\/aigleshopping.ca\\\/wp-content\\\/uploads\\\/2025\\\/12\\\/logo_aigleshopping_ca.png\",\"contentUrl\":\"https:\\\/\\\/aigleshopping.ca\\\/wp-content\\\/uploads\\\/2025\\\/12\\\/logo_aigleshopping_ca.png\",\"width\":800,\"height\":233,\"caption\":\"Aigle Shopping Canada\"},\"image\":{\"@id\":\"https:\\\/\\\/aigleshopping.ca\\\/#\\\/schema\\\/logo\\\/image\\\/\"}}]}<\/script>\n<!-- \/ Yoast SEO plugin. -->","yoast_head_json":{"title":"Sac de voyage pour chat doublement doubl\u00e9 Anti Scratch And Bite Pet Bags - Aigle Shopping Canada","robots":{"index":"index","follow":"follow","max-snippet":"max-snippet:-1","max-image-preview":"max-image-preview:large","max-video-preview":"max-video-preview:-1"},"canonical":"https:\/\/aigleshopping.ca\/fr\/produit\/sac-de-voyage-pour-chat-doublement-double-anti-scratch-and-bite-pet-bags\/","og_locale":"fr_FR","og_type":"article","og_title":"Sac de voyage pour chat doublement doubl\u00e9 Anti Scratch And Bite Pet Bags - Aigle Shopping Canada","og_description":"Informations sur le produit : Mat\u00e9riau : Polyester Capacit\u00e9 : 5L Motif : uni Duret\u00e9 : Douceur : Couleur : gris fonc\u00e9, rouge rose Taille\uff1a Sp\u00e9cifications : S, L Liste d&#8217;emballage : Sac pour animaux de compagnie*1","og_url":"https:\/\/aigleshopping.ca\/fr\/produit\/sac-de-voyage-pour-chat-doublement-double-anti-scratch-and-bite-pet-bags\/","og_site_name":"Aigle Shopping Canada","og_image":[{"width":1600,"height":1600,"url":"https:\/\/aigleshopping.ca\/wp-content\/uploads\/2025\/03\/fc4cec0a-e25f-4afe-acb7-010ee654d375.jpg","type":"image\/jpeg"}],"twitter_card":"summary_large_image","schema":{"@context":"https:\/\/schema.org","@graph":[{"@type":"WebPage","@id":"https:\/\/aigleshopping.ca\/fr\/produit\/sac-de-voyage-pour-chat-doublement-double-anti-scratch-and-bite-pet-bags\/","url":"https:\/\/aigleshopping.ca\/fr\/produit\/sac-de-voyage-pour-chat-doublement-double-anti-scratch-and-bite-pet-bags\/","name":"Sac de voyage pour chat doublement doubl\u00e9 Anti Scratch And Bite Pet Bags - Aigle Shopping Canada","isPartOf":{"@id":"https:\/\/aigleshopping.ca\/#website"},"primaryImageOfPage":{"@id":"https:\/\/aigleshopping.ca\/fr\/produit\/sac-de-voyage-pour-chat-doublement-double-anti-scratch-and-bite-pet-bags\/#primaryimage"},"image":{"@id":"https:\/\/aigleshopping.ca\/fr\/produit\/sac-de-voyage-pour-chat-doublement-double-anti-scratch-and-bite-pet-bags\/#primaryimage"},"thumbnailUrl":"https:\/\/aigleshopping.ca\/wp-content\/uploads\/2025\/03\/fc4cec0a-e25f-4afe-acb7-010ee654d375.jpg","datePublished":"2025-03-07T23:42:16+00:00","breadcrumb":{"@id":"https:\/\/aigleshopping.ca\/fr\/produit\/sac-de-voyage-pour-chat-doublement-double-anti-scratch-and-bite-pet-bags\/#breadcrumb"},"inLanguage":"fr-FR","potentialAction":[{"@type":"ReadAction","target":["https:\/\/aigleshopping.ca\/fr\/produit\/sac-de-voyage-pour-chat-doublement-double-anti-scratch-and-bite-pet-bags\/"]}]},{"@type":"ImageObject","inLanguage":"fr-FR","@id":"https:\/\/aigleshopping.ca\/fr\/produit\/sac-de-voyage-pour-chat-doublement-double-anti-scratch-and-bite-pet-bags\/#primaryimage","url":"https:\/\/aigleshopping.ca\/wp-content\/uploads\/2025\/03\/fc4cec0a-e25f-4afe-acb7-010ee654d375.jpg","contentUrl":"https:\/\/aigleshopping.ca\/wp-content\/uploads\/2025\/03\/fc4cec0a-e25f-4afe-acb7-010ee654d375.jpg","width":1600,"height":1600},{"@type":"BreadcrumbList","@id":"https:\/\/aigleshopping.ca\/fr\/produit\/sac-de-voyage-pour-chat-doublement-double-anti-scratch-and-bite-pet-bags\/#breadcrumb","itemListElement":[{"@type":"ListItem","position":1,"name":"Home","item":"https:\/\/aigleshopping.ca\/fr\/home\/"},{"@type":"ListItem","position":2,"name":"Products","item":"https:\/\/aigleshopping.ca\/shop\/"},{"@type":"ListItem","position":3,"name":"Sac de voyage pour chat doublement doubl\u00e9 Anti Scratch And Bite Pet Bags"}]},{"@type":"WebSite","@id":"https:\/\/aigleshopping.ca\/#website","url":"https:\/\/aigleshopping.ca\/","name":"Aigle Shopping Canada","description":"Au-del\u00e0 des fronti\u00e8res, pour vous offrir le\u00a0meilleur!","publisher":{"@id":"https:\/\/aigleshopping.ca\/#organization"},"potentialAction":[{"@type":"SearchAction","target":{"@type":"EntryPoint","urlTemplate":"https:\/\/aigleshopping.ca\/?s={search_term_string}"},"query-input":{"@type":"PropertyValueSpecification","valueRequired":true,"valueName":"search_term_string"}}],"inLanguage":"fr-FR"},{"@type":"Organization","@id":"https:\/\/aigleshopping.ca\/#organization","name":"Aigle Shopping Canada","url":"https:\/\/aigleshopping.ca\/","logo":{"@type":"ImageObject","inLanguage":"fr-FR","@id":"https:\/\/aigleshopping.ca\/#\/schema\/logo\/image\/","url":"https:\/\/aigleshopping.ca\/wp-content\/uploads\/2025\/12\/logo_aigleshopping_ca.png","contentUrl":"https:\/\/aigleshopping.ca\/wp-content\/uploads\/2025\/12\/logo_aigleshopping_ca.png","width":800,"height":233,"caption":"Aigle Shopping Canada"},"image":{"@id":"https:\/\/aigleshopping.ca\/#\/schema\/logo\/image\/"}}]}},"jetpack_sharing_enabled":true,"_links":{"self":[{"href":"https:\/\/aigleshopping.ca\/fr\/wp-json\/wp\/v2\/product\/21533","targetHints":{"allow":["GET"]}}],"collection":[{"href":"https:\/\/aigleshopping.ca\/fr\/wp-json\/wp\/v2\/product"}],"about":[{"href":"https:\/\/aigleshopping.ca\/fr\/wp-json\/wp\/v2\/types\/product"}],"replies":[{"embeddable":true,"href":"https:\/\/aigleshopping.ca\/fr\/wp-json\/wp\/v2\/comments?post=21533"}],"wp:featuredmedia":[{"embeddable":true,"href":"https:\/\/aigleshopping.ca\/fr\/wp-json\/wp\/v2\/media\/13551"}],"wp:attachment":[{"href":"https:\/\/aigleshopping.ca\/fr\/wp-json\/wp\/v2\/media?parent=21533"}],"wp:term":[{"taxonomy":"product_brand","embeddable":true,"href":"https:\/\/aigleshopping.ca\/fr\/wp-json\/wp\/v2\/product_brand?post=21533"},{"taxonomy":"product_cat","embeddable":true,"href":"https:\/\/aigleshopping.ca\/fr\/wp-json\/wp\/v2\/product_cat?post=21533"},{"taxonomy":"product_tag","embeddable":true,"href":"https:\/\/aigleshopping.ca\/fr\/wp-json\/wp\/v2\/product_tag?post=21533"}],"curies":[{"name":"wp","href":"https:\/\/api.w.org\/{rel}","templated":true}]}}