{"id":21534,"date":"2025-03-07T23:37:47","date_gmt":"2025-03-07T23:37:47","guid":{"rendered":"https:\/\/aigleshopping.ca\/produit\/sac-a-dos-de-transport-pour-animaux-de-compagnie-sacs-a-dos-de-voyage-en-maille-respirante-pour-lexterieur\/"},"modified":"2025-03-07T23:37:47","modified_gmt":"2025-03-07T23:37:47","slug":"sac-a-dos-de-transport-pour-animaux-de-compagnie-sacs-a-dos-de-voyage-en-maille-respirante-pour-lexterieur","status":"publish","type":"product","link":"https:\/\/aigleshopping.ca\/fr\/produit\/sac-a-dos-de-transport-pour-animaux-de-compagnie-sacs-a-dos-de-voyage-en-maille-respirante-pour-lexterieur\/","title":{"rendered":"Sac \u00e0 dos de transport pour animaux de compagnie Sacs \u00e0 dos de voyage en maille respirante pour l&rsquo;ext\u00e9rieur"},"content":{"rendered":"<p> <span style=\"font-weight: bold\">Vue d&rsquo;ensemble\uff1a<\/span>  <\/p>\n<p>  1. Sac de transport pour chien neuf et de haute qualit\u00e9.   <br \/>  2. Durable et lavable.   <br \/>  3. Sac de transport pour animaux de compagnie avec ouverture sur le dessus et pattes \u00e0 l&rsquo;ext\u00e9rieur.   <br \/>  4. Fermetures \u00e9clair lat\u00e9rales faciles d&rsquo;acc\u00e8s, fermeture \u00e9lastique sur le dessus, tissu en maille respirante offrant un rembourrage confortable pour vous et votre animal de compagnie.   <br \/>  5. Bretelles enti\u00e8rement r\u00e9glables, avec attache interne pour la laisse.   <br \/>  6. Il peut \u00eatre port\u00e9 sur le devant ou sur le dos. Lorsque vous transportez un chat ou un chien, l&rsquo;extension de la jambe et la conception de la queue garantissent la s\u00e9curit\u00e9 et le confort de votre animal.    <\/p>\n<p> <span style=\"font-weight: bold\">Specification\uff1a<\/span> <br \/> Yards : M\/L <br \/> Tissu : Tissu Oxford imperm\u00e9able + tissu nylon + filet <br \/> Couleur : gris\/bleu\/rose gris\/vert et noir <br \/> Poids\uff1a330g <br \/> Taille\uff1a47*30*2 cm  <\/p>\n<p> <span style=\"font-weight: bold\">Contenu du paquet\uff1a<\/span>  <\/p>\n<p>1x sac \u00e0 dos pour animaux de compagnie<\/p>\n<p> <\/p>\n<p> <img decoding=\"async\" src=\"https:\/\/cf.cjdropshipping.com\/a17e23d0-b09a-41fa-bcea-538eb109470a.jpg\"> <img decoding=\"async\" src=\"https:\/\/cf.cjdropshipping.com\/6c717a45-68d8-4b92-b9c4-4443ecf47cee.jpg\"> <img decoding=\"async\" src=\"https:\/\/cf.cjdropshipping.com\/5497207c-0edc-40c0-a7fe-9131e3f1dec0.jpg\"> <img decoding=\"async\" src=\"https:\/\/cf.cjdropshipping.com\/b228adc7-413d-4c4b-aaa3-7fe538db0225.jpg\"> <img decoding=\"async\" src=\"https:\/\/cf.cjdropshipping.com\/5da6d8ca-084b-44df-bd7f-dac31f29293b.jpg\"> <img decoding=\"async\" src=\"https:\/\/cf.cjdropshipping.com\/667ff268-c44f-4c58-a2e7-931804b7825d.jpg\"> <img decoding=\"async\" src=\"https:\/\/cf.cjdropshipping.com\/1b2c6be1-e1be-40e1-9bdc-1f47b7546998.jpg\"> <\/p>\n","protected":false},"excerpt":{"rendered":"<p>Vue d&rsquo;ensemble\uff1a 1. Sac de transport pour chien neuf et de haute qualit\u00e9. 2. Durable et lavable. 3. Sac de transport pour animaux de compagnie avec ouverture sur le dessus et pattes \u00e0 l&rsquo;ext\u00e9rieur. 4. Fermetures \u00e9clair lat\u00e9rales faciles d&rsquo;acc\u00e8s, fermeture \u00e9lastique sur le dessus, tissu en maille respirante offrant un rembourrage confortable pour vous [&hellip;]<\/p>\n","protected":false},"featured_media":13294,"comment_status":"open","ping_status":"closed","template":"","meta":{"content-type":""},"product_brand":[],"product_cat":[266],"product_tag":[],"class_list":{"0":"post-21534","1":"product","2":"type-product","3":"status-publish","4":"has-post-thumbnail","6":"product_cat-chiens-et-chats","8":"first","9":"instock","10":"taxable","11":"shipping-taxable","12":"purchasable","13":"product-type-variable","14":"add-to-wishlist-after_add_to_cart"},"yoast_head":"<!-- This site is optimized with the Yoast SEO plugin v27.4 - https:\/\/yoast.com\/product\/yoast-seo-wordpress\/ -->\n<title>Sac \u00e0 dos de transport pour animaux de compagnie Sacs \u00e0 dos de voyage en maille respirante pour l&#039;ext\u00e9rieur - Aigle Shopping Canada<\/title>\n<meta name=\"robots\" content=\"index, follow, max-snippet:-1, max-image-preview:large, max-video-preview:-1\" \/>\n<link rel=\"canonical\" href=\"https:\/\/aigleshopping.ca\/fr\/produit\/sac-a-dos-de-transport-pour-animaux-de-compagnie-sacs-a-dos-de-voyage-en-maille-respirante-pour-lexterieur\/\" \/>\n<meta property=\"og:locale\" content=\"fr_FR\" \/>\n<meta property=\"og:type\" content=\"article\" \/>\n<meta property=\"og:title\" content=\"Sac \u00e0 dos de transport pour animaux de compagnie Sacs \u00e0 dos de voyage en maille respirante pour l&#039;ext\u00e9rieur - Aigle Shopping Canada\" \/>\n<meta property=\"og:description\" content=\"Vue d&rsquo;ensemble\uff1a 1. Sac de transport pour chien neuf et de haute qualit\u00e9. 2. Durable et lavable. 3. Sac de transport pour animaux de compagnie avec ouverture sur le dessus et pattes \u00e0 l&rsquo;ext\u00e9rieur. 4. Fermetures \u00e9clair lat\u00e9rales faciles d&rsquo;acc\u00e8s, fermeture \u00e9lastique sur le dessus, tissu en maille respirante offrant un rembourrage confortable pour vous [&hellip;]\" \/>\n<meta property=\"og:url\" content=\"https:\/\/aigleshopping.ca\/fr\/produit\/sac-a-dos-de-transport-pour-animaux-de-compagnie-sacs-a-dos-de-voyage-en-maille-respirante-pour-lexterieur\/\" \/>\n<meta property=\"og:site_name\" content=\"Aigle Shopping Canada\" \/>\n<meta property=\"og:image\" content=\"https:\/\/aigleshopping.ca\/wp-content\/uploads\/2025\/03\/4050769088348.jpg\" \/>\n\t<meta property=\"og:image:width\" content=\"800\" \/>\n\t<meta property=\"og:image:height\" content=\"800\" \/>\n\t<meta property=\"og:image:type\" content=\"image\/jpeg\" \/>\n<meta name=\"twitter:card\" content=\"summary_large_image\" \/>\n<meta name=\"twitter:label1\" content=\"Dur\u00e9e de lecture estim\u00e9e\" \/>\n\t<meta name=\"twitter:data1\" content=\"1 minute\" \/>\n<script type=\"application\/ld+json\" class=\"yoast-schema-graph\">{\"@context\":\"https:\\\/\\\/schema.org\",\"@graph\":[{\"@type\":\"WebPage\",\"@id\":\"https:\\\/\\\/aigleshopping.ca\\\/fr\\\/produit\\\/sac-a-dos-de-transport-pour-animaux-de-compagnie-sacs-a-dos-de-voyage-en-maille-respirante-pour-lexterieur\\\/\",\"url\":\"https:\\\/\\\/aigleshopping.ca\\\/fr\\\/produit\\\/sac-a-dos-de-transport-pour-animaux-de-compagnie-sacs-a-dos-de-voyage-en-maille-respirante-pour-lexterieur\\\/\",\"name\":\"Sac \u00e0 dos de transport pour animaux de compagnie Sacs \u00e0 dos de voyage en maille respirante pour l'ext\u00e9rieur - Aigle Shopping Canada\",\"isPartOf\":{\"@id\":\"https:\\\/\\\/aigleshopping.ca\\\/#website\"},\"primaryImageOfPage\":{\"@id\":\"https:\\\/\\\/aigleshopping.ca\\\/fr\\\/produit\\\/sac-a-dos-de-transport-pour-animaux-de-compagnie-sacs-a-dos-de-voyage-en-maille-respirante-pour-lexterieur\\\/#primaryimage\"},\"image\":{\"@id\":\"https:\\\/\\\/aigleshopping.ca\\\/fr\\\/produit\\\/sac-a-dos-de-transport-pour-animaux-de-compagnie-sacs-a-dos-de-voyage-en-maille-respirante-pour-lexterieur\\\/#primaryimage\"},\"thumbnailUrl\":\"https:\\\/\\\/aigleshopping.ca\\\/wp-content\\\/uploads\\\/2025\\\/03\\\/4050769088348.jpg\",\"datePublished\":\"2025-03-07T23:37:47+00:00\",\"breadcrumb\":{\"@id\":\"https:\\\/\\\/aigleshopping.ca\\\/fr\\\/produit\\\/sac-a-dos-de-transport-pour-animaux-de-compagnie-sacs-a-dos-de-voyage-en-maille-respirante-pour-lexterieur\\\/#breadcrumb\"},\"inLanguage\":\"fr-FR\",\"potentialAction\":[{\"@type\":\"ReadAction\",\"target\":[\"https:\\\/\\\/aigleshopping.ca\\\/fr\\\/produit\\\/sac-a-dos-de-transport-pour-animaux-de-compagnie-sacs-a-dos-de-voyage-en-maille-respirante-pour-lexterieur\\\/\"]}]},{\"@type\":\"ImageObject\",\"inLanguage\":\"fr-FR\",\"@id\":\"https:\\\/\\\/aigleshopping.ca\\\/fr\\\/produit\\\/sac-a-dos-de-transport-pour-animaux-de-compagnie-sacs-a-dos-de-voyage-en-maille-respirante-pour-lexterieur\\\/#primaryimage\",\"url\":\"https:\\\/\\\/aigleshopping.ca\\\/wp-content\\\/uploads\\\/2025\\\/03\\\/4050769088348.jpg\",\"contentUrl\":\"https:\\\/\\\/aigleshopping.ca\\\/wp-content\\\/uploads\\\/2025\\\/03\\\/4050769088348.jpg\",\"width\":800,\"height\":800},{\"@type\":\"BreadcrumbList\",\"@id\":\"https:\\\/\\\/aigleshopping.ca\\\/fr\\\/produit\\\/sac-a-dos-de-transport-pour-animaux-de-compagnie-sacs-a-dos-de-voyage-en-maille-respirante-pour-lexterieur\\\/#breadcrumb\",\"itemListElement\":[{\"@type\":\"ListItem\",\"position\":1,\"name\":\"Home\",\"item\":\"https:\\\/\\\/aigleshopping.ca\\\/fr\\\/home\\\/\"},{\"@type\":\"ListItem\",\"position\":2,\"name\":\"Products\",\"item\":\"https:\\\/\\\/aigleshopping.ca\\\/shop\\\/\"},{\"@type\":\"ListItem\",\"position\":3,\"name\":\"Sac \u00e0 dos de transport pour animaux de compagnie Sacs \u00e0 dos de voyage en maille respirante pour l&#8217;ext\u00e9rieur\"}]},{\"@type\":\"WebSite\",\"@id\":\"https:\\\/\\\/aigleshopping.ca\\\/#website\",\"url\":\"https:\\\/\\\/aigleshopping.ca\\\/\",\"name\":\"Aigle Shopping Canada\",\"description\":\"Au-del\u00e0 des fronti\u00e8res, pour vous offrir le\u00a0meilleur!\",\"publisher\":{\"@id\":\"https:\\\/\\\/aigleshopping.ca\\\/#organization\"},\"potentialAction\":[{\"@type\":\"SearchAction\",\"target\":{\"@type\":\"EntryPoint\",\"urlTemplate\":\"https:\\\/\\\/aigleshopping.ca\\\/?s={search_term_string}\"},\"query-input\":{\"@type\":\"PropertyValueSpecification\",\"valueRequired\":true,\"valueName\":\"search_term_string\"}}],\"inLanguage\":\"fr-FR\"},{\"@type\":\"Organization\",\"@id\":\"https:\\\/\\\/aigleshopping.ca\\\/#organization\",\"name\":\"Aigle Shopping Canada\",\"url\":\"https:\\\/\\\/aigleshopping.ca\\\/\",\"logo\":{\"@type\":\"ImageObject\",\"inLanguage\":\"fr-FR\",\"@id\":\"https:\\\/\\\/aigleshopping.ca\\\/#\\\/schema\\\/logo\\\/image\\\/\",\"url\":\"https:\\\/\\\/aigleshopping.ca\\\/wp-content\\\/uploads\\\/2025\\\/12\\\/logo_aigleshopping_ca.png\",\"contentUrl\":\"https:\\\/\\\/aigleshopping.ca\\\/wp-content\\\/uploads\\\/2025\\\/12\\\/logo_aigleshopping_ca.png\",\"width\":800,\"height\":233,\"caption\":\"Aigle Shopping Canada\"},\"image\":{\"@id\":\"https:\\\/\\\/aigleshopping.ca\\\/#\\\/schema\\\/logo\\\/image\\\/\"}}]}<\/script>\n<!-- \/ Yoast SEO plugin. -->","yoast_head_json":{"title":"Sac \u00e0 dos de transport pour animaux de compagnie Sacs \u00e0 dos de voyage en maille respirante pour l'ext\u00e9rieur - Aigle Shopping Canada","robots":{"index":"index","follow":"follow","max-snippet":"max-snippet:-1","max-image-preview":"max-image-preview:large","max-video-preview":"max-video-preview:-1"},"canonical":"https:\/\/aigleshopping.ca\/fr\/produit\/sac-a-dos-de-transport-pour-animaux-de-compagnie-sacs-a-dos-de-voyage-en-maille-respirante-pour-lexterieur\/","og_locale":"fr_FR","og_type":"article","og_title":"Sac \u00e0 dos de transport pour animaux de compagnie Sacs \u00e0 dos de voyage en maille respirante pour l'ext\u00e9rieur - Aigle Shopping Canada","og_description":"Vue d&rsquo;ensemble\uff1a 1. Sac de transport pour chien neuf et de haute qualit\u00e9. 2. Durable et lavable. 3. Sac de transport pour animaux de compagnie avec ouverture sur le dessus et pattes \u00e0 l&rsquo;ext\u00e9rieur. 4. Fermetures \u00e9clair lat\u00e9rales faciles d&rsquo;acc\u00e8s, fermeture \u00e9lastique sur le dessus, tissu en maille respirante offrant un rembourrage confortable pour vous [&hellip;]","og_url":"https:\/\/aigleshopping.ca\/fr\/produit\/sac-a-dos-de-transport-pour-animaux-de-compagnie-sacs-a-dos-de-voyage-en-maille-respirante-pour-lexterieur\/","og_site_name":"Aigle Shopping Canada","og_image":[{"width":800,"height":800,"url":"https:\/\/aigleshopping.ca\/wp-content\/uploads\/2025\/03\/4050769088348.jpg","type":"image\/jpeg"}],"twitter_card":"summary_large_image","twitter_misc":{"Dur\u00e9e de lecture estim\u00e9e":"1 minute"},"schema":{"@context":"https:\/\/schema.org","@graph":[{"@type":"WebPage","@id":"https:\/\/aigleshopping.ca\/fr\/produit\/sac-a-dos-de-transport-pour-animaux-de-compagnie-sacs-a-dos-de-voyage-en-maille-respirante-pour-lexterieur\/","url":"https:\/\/aigleshopping.ca\/fr\/produit\/sac-a-dos-de-transport-pour-animaux-de-compagnie-sacs-a-dos-de-voyage-en-maille-respirante-pour-lexterieur\/","name":"Sac \u00e0 dos de transport pour animaux de compagnie Sacs \u00e0 dos de voyage en maille respirante pour l'ext\u00e9rieur - Aigle Shopping Canada","isPartOf":{"@id":"https:\/\/aigleshopping.ca\/#website"},"primaryImageOfPage":{"@id":"https:\/\/aigleshopping.ca\/fr\/produit\/sac-a-dos-de-transport-pour-animaux-de-compagnie-sacs-a-dos-de-voyage-en-maille-respirante-pour-lexterieur\/#primaryimage"},"image":{"@id":"https:\/\/aigleshopping.ca\/fr\/produit\/sac-a-dos-de-transport-pour-animaux-de-compagnie-sacs-a-dos-de-voyage-en-maille-respirante-pour-lexterieur\/#primaryimage"},"thumbnailUrl":"https:\/\/aigleshopping.ca\/wp-content\/uploads\/2025\/03\/4050769088348.jpg","datePublished":"2025-03-07T23:37:47+00:00","breadcrumb":{"@id":"https:\/\/aigleshopping.ca\/fr\/produit\/sac-a-dos-de-transport-pour-animaux-de-compagnie-sacs-a-dos-de-voyage-en-maille-respirante-pour-lexterieur\/#breadcrumb"},"inLanguage":"fr-FR","potentialAction":[{"@type":"ReadAction","target":["https:\/\/aigleshopping.ca\/fr\/produit\/sac-a-dos-de-transport-pour-animaux-de-compagnie-sacs-a-dos-de-voyage-en-maille-respirante-pour-lexterieur\/"]}]},{"@type":"ImageObject","inLanguage":"fr-FR","@id":"https:\/\/aigleshopping.ca\/fr\/produit\/sac-a-dos-de-transport-pour-animaux-de-compagnie-sacs-a-dos-de-voyage-en-maille-respirante-pour-lexterieur\/#primaryimage","url":"https:\/\/aigleshopping.ca\/wp-content\/uploads\/2025\/03\/4050769088348.jpg","contentUrl":"https:\/\/aigleshopping.ca\/wp-content\/uploads\/2025\/03\/4050769088348.jpg","width":800,"height":800},{"@type":"BreadcrumbList","@id":"https:\/\/aigleshopping.ca\/fr\/produit\/sac-a-dos-de-transport-pour-animaux-de-compagnie-sacs-a-dos-de-voyage-en-maille-respirante-pour-lexterieur\/#breadcrumb","itemListElement":[{"@type":"ListItem","position":1,"name":"Home","item":"https:\/\/aigleshopping.ca\/fr\/home\/"},{"@type":"ListItem","position":2,"name":"Products","item":"https:\/\/aigleshopping.ca\/shop\/"},{"@type":"ListItem","position":3,"name":"Sac \u00e0 dos de transport pour animaux de compagnie Sacs \u00e0 dos de voyage en maille respirante pour l&#8217;ext\u00e9rieur"}]},{"@type":"WebSite","@id":"https:\/\/aigleshopping.ca\/#website","url":"https:\/\/aigleshopping.ca\/","name":"Aigle Shopping Canada","description":"Au-del\u00e0 des fronti\u00e8res, pour vous offrir le\u00a0meilleur!","publisher":{"@id":"https:\/\/aigleshopping.ca\/#organization"},"potentialAction":[{"@type":"SearchAction","target":{"@type":"EntryPoint","urlTemplate":"https:\/\/aigleshopping.ca\/?s={search_term_string}"},"query-input":{"@type":"PropertyValueSpecification","valueRequired":true,"valueName":"search_term_string"}}],"inLanguage":"fr-FR"},{"@type":"Organization","@id":"https:\/\/aigleshopping.ca\/#organization","name":"Aigle Shopping Canada","url":"https:\/\/aigleshopping.ca\/","logo":{"@type":"ImageObject","inLanguage":"fr-FR","@id":"https:\/\/aigleshopping.ca\/#\/schema\/logo\/image\/","url":"https:\/\/aigleshopping.ca\/wp-content\/uploads\/2025\/12\/logo_aigleshopping_ca.png","contentUrl":"https:\/\/aigleshopping.ca\/wp-content\/uploads\/2025\/12\/logo_aigleshopping_ca.png","width":800,"height":233,"caption":"Aigle Shopping Canada"},"image":{"@id":"https:\/\/aigleshopping.ca\/#\/schema\/logo\/image\/"}}]}},"jetpack_sharing_enabled":true,"_links":{"self":[{"href":"https:\/\/aigleshopping.ca\/fr\/wp-json\/wp\/v2\/product\/21534","targetHints":{"allow":["GET"]}}],"collection":[{"href":"https:\/\/aigleshopping.ca\/fr\/wp-json\/wp\/v2\/product"}],"about":[{"href":"https:\/\/aigleshopping.ca\/fr\/wp-json\/wp\/v2\/types\/product"}],"replies":[{"embeddable":true,"href":"https:\/\/aigleshopping.ca\/fr\/wp-json\/wp\/v2\/comments?post=21534"}],"wp:featuredmedia":[{"embeddable":true,"href":"https:\/\/aigleshopping.ca\/fr\/wp-json\/wp\/v2\/media\/13294"}],"wp:attachment":[{"href":"https:\/\/aigleshopping.ca\/fr\/wp-json\/wp\/v2\/media?parent=21534"}],"wp:term":[{"taxonomy":"product_brand","embeddable":true,"href":"https:\/\/aigleshopping.ca\/fr\/wp-json\/wp\/v2\/product_brand?post=21534"},{"taxonomy":"product_cat","embeddable":true,"href":"https:\/\/aigleshopping.ca\/fr\/wp-json\/wp\/v2\/product_cat?post=21534"},{"taxonomy":"product_tag","embeddable":true,"href":"https:\/\/aigleshopping.ca\/fr\/wp-json\/wp\/v2\/product_tag?post=21534"}],"curies":[{"name":"wp","href":"https:\/\/api.w.org\/{rel}","templated":true}]}}