{"id":21547,"date":"2025-03-07T23:42:55","date_gmt":"2025-03-07T23:42:55","guid":{"rendered":"https:\/\/aigleshopping.ca\/produit\/sac-a-dos-portable-pliable-pour-animaux-de-compagnie-sac-a-dos-de-voyage-pour-chats-avec-roue-universelle-sac-a-roulettes-pour-animaux-de-compagnie\/"},"modified":"2025-03-07T23:42:55","modified_gmt":"2025-03-07T23:42:55","slug":"sac-a-dos-portable-pliable-pour-animaux-de-compagnie-sac-a-dos-de-voyage-pour-chats-avec-roue-universelle-sac-a-roulettes-pour-animaux-de-compagnie","status":"publish","type":"product","link":"https:\/\/aigleshopping.ca\/fr\/produit\/sac-a-dos-portable-pliable-pour-animaux-de-compagnie-sac-a-dos-de-voyage-pour-chats-avec-roue-universelle-sac-a-roulettes-pour-animaux-de-compagnie\/","title":{"rendered":"Sac \u00e0 dos portable pliable pour animaux de compagnie Sac \u00e0 dos de voyage pour chats Avec roue universelle Sac \u00e0 roulettes pour animaux de compagnie"},"content":{"rendered":"<p> <b>Vue d&rsquo;ensemble :<\/b> <\/p>\n<p>  \u3010With or WIthout Trolley Pet Carrier Bag\u3011 \u3010Perfection des sacs \u00e0 dos pour chats et chiens\u3011 Poids sugg\u00e9r\u00e9 : 0-12lbs pour les chats petits \u00e0 moyens, 0-12lbs pour les chiens, les chiots. Approuv\u00e9 par la plupart des compagnies a\u00e9riennes sous le si\u00e8ge. Important : Veuillez v\u00e9rifier les exigences de votre compagnie a\u00e9rienne avant de voyager. <br \/> \u3010SPACE CAPSULE APPEARANCE\u3011- Le design unique et populaire de la capsule spatiale permet \u00e0 votre animal de se sentir plus en s\u00e9curit\u00e9, confortable et lui permet d&rsquo;avoir une vision plus large de l&rsquo;ext\u00e9rieur <br \/> \u3010BREATHABLE &amp; DURABLE \u3011- Le mat\u00e9riau ABS solide et le tissu oxford avec neuf trous et un filet d&rsquo;air apportent \u00e0 la fois une meilleure circulation de l&rsquo;air et un effet anti-rayures <br \/> \u3010Transparent Design\u3011Protection de votre animal de compagnie sous la poussi\u00e8re. Le mat\u00e9riau utilis\u00e9 pour la cage de transport permet \u00e0 votre animal de compagnie de profiter du soleil et du paysage et d&rsquo;interagir avec le monde ext\u00e9rieur. La conception transparente permet une vision facile afin que votre animal puisse voir le monde et que vous puissiez voir votre animal.      <br \/>  \u3010Easy to carry\u3011Le porte-sac \u00e0 dos pour animaux de compagnie offre plus de possibilit\u00e9s \u00e0 l&rsquo;ext\u00e9rieur, comme les voyages, l&rsquo;\u00e9quitation, la marche, le camping, la randonn\u00e9e et d&rsquo;autres activit\u00e9s de plein air.  <\/p>\n<p> <b>Sp\u00e9cifications :<\/b> <\/p>\n<p>  Mat\u00e9riau : Nylon <br \/> Capacit\u00e9 : 20 <br \/> Motif : simple <br \/> Duret\u00e9 : moyenne \u00e0 dure  <\/p>\n<p> <b>Contenu de l&#8217;emballage<\/b> <\/p>\n<p>  Sac \u00e0 dos trolley pour animaux de compagnie *1  <\/p>\n<p> <img decoding=\"async\" src=\"https:\/\/cf.cjdropshipping.com\/17089920\/2402270401310328400.jpg\"> <img decoding=\"async\" src=\"https:\/\/cf.cjdropshipping.com\/17089920\/2402270401310329200.jpg\">  <\/p>\n<p> <img decoding=\"async\" src=\"https:\/\/cf.cjdropshipping.com\/17089920\/2402270401310329800.jpg\"> <img decoding=\"async\" src=\"https:\/\/cf.cjdropshipping.com\/17089920\/2402270401320320900.jpg\"> <img decoding=\"async\" src=\"https:\/\/cf.cjdropshipping.com\/17089920\/2402270401320321200.jpg\"> <img decoding=\"async\" src=\"https:\/\/cf.cjdropshipping.com\/17089920\/2402270401320321800.jpg\"> <img decoding=\"async\" src=\"https:\/\/cf.cjdropshipping.com\/17089920\/2402270401320323400.jpg\"> <img decoding=\"async\" src=\"https:\/\/cf.cjdropshipping.com\/17089920\/2402270401320324300.jpg\"> <img decoding=\"async\" src=\"https:\/\/cf.cjdropshipping.com\/17089920\/2402270401320325100.jpg\">  <\/p>\n<p> <img decoding=\"async\" src=\"https:\/\/cf.cjdropshipping.com\/17089920\/2402270401320326000.jpg\"> <img decoding=\"async\" src=\"https:\/\/cf.cjdropshipping.com\/17089920\/2402270401320326700.jpg\"> <img decoding=\"async\" src=\"https:\/\/cf.cjdropshipping.com\/17089920\/2402270401320327300.jpg\"> <img decoding=\"async\" src=\"https:\/\/cf.cjdropshipping.com\/17089920\/2402270401320328400.jpg\"> <img decoding=\"async\" src=\"https:\/\/cf.cjdropshipping.com\/17089920\/2402270401320329000.jpg\"> <img decoding=\"async\" src=\"https:\/\/cf.cjdropshipping.com\/17089920\/2402270401320329700.jpg\">  <\/p>\n","protected":false},"excerpt":{"rendered":"<p>Vue d&rsquo;ensemble : \u3010With or WIthout Trolley Pet Carrier Bag\u3011 \u3010Perfection des sacs \u00e0 dos pour chats et chiens\u3011 Poids sugg\u00e9r\u00e9 : 0-12lbs pour les chats petits \u00e0 moyens, 0-12lbs pour les chiens, les chiots. Approuv\u00e9 par la plupart des compagnies a\u00e9riennes sous le si\u00e8ge. Important : Veuillez v\u00e9rifier les exigences de votre compagnie a\u00e9rienne [&hellip;]<\/p>\n","protected":false},"featured_media":13573,"comment_status":"open","ping_status":"closed","template":"","meta":{"content-type":""},"product_brand":[],"product_cat":[266],"product_tag":[],"class_list":{"0":"post-21547","1":"product","2":"type-product","3":"status-publish","4":"has-post-thumbnail","6":"product_cat-chiens-et-chats","8":"first","9":"instock","10":"taxable","11":"shipping-taxable","12":"purchasable","13":"product-type-variable","14":"add-to-wishlist-after_add_to_cart"},"yoast_head":"<!-- This site is optimized with the Yoast SEO plugin v27.4 - https:\/\/yoast.com\/product\/yoast-seo-wordpress\/ -->\n<title>Sac \u00e0 dos portable pliable pour animaux de compagnie Sac \u00e0 dos de voyage pour chats Avec roue universelle Sac \u00e0 roulettes pour animaux de compagnie - Aigle Shopping Canada<\/title>\n<meta name=\"robots\" content=\"index, follow, max-snippet:-1, max-image-preview:large, max-video-preview:-1\" \/>\n<link rel=\"canonical\" href=\"https:\/\/aigleshopping.ca\/fr\/produit\/sac-a-dos-portable-pliable-pour-animaux-de-compagnie-sac-a-dos-de-voyage-pour-chats-avec-roue-universelle-sac-a-roulettes-pour-animaux-de-compagnie\/\" \/>\n<meta property=\"og:locale\" content=\"fr_FR\" \/>\n<meta property=\"og:type\" content=\"article\" \/>\n<meta property=\"og:title\" content=\"Sac \u00e0 dos portable pliable pour animaux de compagnie Sac \u00e0 dos de voyage pour chats Avec roue universelle Sac \u00e0 roulettes pour animaux de compagnie - Aigle Shopping Canada\" \/>\n<meta property=\"og:description\" content=\"Vue d&rsquo;ensemble : \u3010With or WIthout Trolley Pet Carrier Bag\u3011 \u3010Perfection des sacs \u00e0 dos pour chats et chiens\u3011 Poids sugg\u00e9r\u00e9 : 0-12lbs pour les chats petits \u00e0 moyens, 0-12lbs pour les chiens, les chiots. Approuv\u00e9 par la plupart des compagnies a\u00e9riennes sous le si\u00e8ge. Important : Veuillez v\u00e9rifier les exigences de votre compagnie a\u00e9rienne [&hellip;]\" \/>\n<meta property=\"og:url\" content=\"https:\/\/aigleshopping.ca\/fr\/produit\/sac-a-dos-portable-pliable-pour-animaux-de-compagnie-sac-a-dos-de-voyage-pour-chats-avec-roue-universelle-sac-a-roulettes-pour-animaux-de-compagnie\/\" \/>\n<meta property=\"og:site_name\" content=\"Aigle Shopping Canada\" \/>\n<meta property=\"og:image\" content=\"https:\/\/aigleshopping.ca\/wp-content\/uploads\/2025\/03\/1615723596153.jpg\" \/>\n\t<meta property=\"og:image:width\" content=\"800\" \/>\n\t<meta property=\"og:image:height\" content=\"800\" \/>\n\t<meta property=\"og:image:type\" content=\"image\/jpeg\" \/>\n<meta name=\"twitter:card\" content=\"summary_large_image\" \/>\n<meta name=\"twitter:label1\" content=\"Dur\u00e9e de lecture estim\u00e9e\" \/>\n\t<meta name=\"twitter:data1\" content=\"1 minute\" \/>\n<script type=\"application\/ld+json\" class=\"yoast-schema-graph\">{\"@context\":\"https:\\\/\\\/schema.org\",\"@graph\":[{\"@type\":\"WebPage\",\"@id\":\"https:\\\/\\\/aigleshopping.ca\\\/fr\\\/produit\\\/sac-a-dos-portable-pliable-pour-animaux-de-compagnie-sac-a-dos-de-voyage-pour-chats-avec-roue-universelle-sac-a-roulettes-pour-animaux-de-compagnie\\\/\",\"url\":\"https:\\\/\\\/aigleshopping.ca\\\/fr\\\/produit\\\/sac-a-dos-portable-pliable-pour-animaux-de-compagnie-sac-a-dos-de-voyage-pour-chats-avec-roue-universelle-sac-a-roulettes-pour-animaux-de-compagnie\\\/\",\"name\":\"Sac \u00e0 dos portable pliable pour animaux de compagnie Sac \u00e0 dos de voyage pour chats Avec roue universelle Sac \u00e0 roulettes pour animaux de compagnie - Aigle Shopping Canada\",\"isPartOf\":{\"@id\":\"https:\\\/\\\/aigleshopping.ca\\\/#website\"},\"primaryImageOfPage\":{\"@id\":\"https:\\\/\\\/aigleshopping.ca\\\/fr\\\/produit\\\/sac-a-dos-portable-pliable-pour-animaux-de-compagnie-sac-a-dos-de-voyage-pour-chats-avec-roue-universelle-sac-a-roulettes-pour-animaux-de-compagnie\\\/#primaryimage\"},\"image\":{\"@id\":\"https:\\\/\\\/aigleshopping.ca\\\/fr\\\/produit\\\/sac-a-dos-portable-pliable-pour-animaux-de-compagnie-sac-a-dos-de-voyage-pour-chats-avec-roue-universelle-sac-a-roulettes-pour-animaux-de-compagnie\\\/#primaryimage\"},\"thumbnailUrl\":\"https:\\\/\\\/aigleshopping.ca\\\/wp-content\\\/uploads\\\/2025\\\/03\\\/1615723596153.jpg\",\"datePublished\":\"2025-03-07T23:42:55+00:00\",\"breadcrumb\":{\"@id\":\"https:\\\/\\\/aigleshopping.ca\\\/fr\\\/produit\\\/sac-a-dos-portable-pliable-pour-animaux-de-compagnie-sac-a-dos-de-voyage-pour-chats-avec-roue-universelle-sac-a-roulettes-pour-animaux-de-compagnie\\\/#breadcrumb\"},\"inLanguage\":\"fr-FR\",\"potentialAction\":[{\"@type\":\"ReadAction\",\"target\":[\"https:\\\/\\\/aigleshopping.ca\\\/fr\\\/produit\\\/sac-a-dos-portable-pliable-pour-animaux-de-compagnie-sac-a-dos-de-voyage-pour-chats-avec-roue-universelle-sac-a-roulettes-pour-animaux-de-compagnie\\\/\"]}]},{\"@type\":\"ImageObject\",\"inLanguage\":\"fr-FR\",\"@id\":\"https:\\\/\\\/aigleshopping.ca\\\/fr\\\/produit\\\/sac-a-dos-portable-pliable-pour-animaux-de-compagnie-sac-a-dos-de-voyage-pour-chats-avec-roue-universelle-sac-a-roulettes-pour-animaux-de-compagnie\\\/#primaryimage\",\"url\":\"https:\\\/\\\/aigleshopping.ca\\\/wp-content\\\/uploads\\\/2025\\\/03\\\/1615723596153.jpg\",\"contentUrl\":\"https:\\\/\\\/aigleshopping.ca\\\/wp-content\\\/uploads\\\/2025\\\/03\\\/1615723596153.jpg\",\"width\":800,\"height\":800},{\"@type\":\"BreadcrumbList\",\"@id\":\"https:\\\/\\\/aigleshopping.ca\\\/fr\\\/produit\\\/sac-a-dos-portable-pliable-pour-animaux-de-compagnie-sac-a-dos-de-voyage-pour-chats-avec-roue-universelle-sac-a-roulettes-pour-animaux-de-compagnie\\\/#breadcrumb\",\"itemListElement\":[{\"@type\":\"ListItem\",\"position\":1,\"name\":\"Home\",\"item\":\"https:\\\/\\\/aigleshopping.ca\\\/fr\\\/home\\\/\"},{\"@type\":\"ListItem\",\"position\":2,\"name\":\"Products\",\"item\":\"https:\\\/\\\/aigleshopping.ca\\\/shop\\\/\"},{\"@type\":\"ListItem\",\"position\":3,\"name\":\"Sac \u00e0 dos portable pliable pour animaux de compagnie Sac \u00e0 dos de voyage pour chats Avec roue universelle Sac \u00e0 roulettes pour animaux de compagnie\"}]},{\"@type\":\"WebSite\",\"@id\":\"https:\\\/\\\/aigleshopping.ca\\\/#website\",\"url\":\"https:\\\/\\\/aigleshopping.ca\\\/\",\"name\":\"Aigle Shopping Canada\",\"description\":\"Au-del\u00e0 des fronti\u00e8res, pour vous offrir le\u00a0meilleur!\",\"publisher\":{\"@id\":\"https:\\\/\\\/aigleshopping.ca\\\/#organization\"},\"potentialAction\":[{\"@type\":\"SearchAction\",\"target\":{\"@type\":\"EntryPoint\",\"urlTemplate\":\"https:\\\/\\\/aigleshopping.ca\\\/?s={search_term_string}\"},\"query-input\":{\"@type\":\"PropertyValueSpecification\",\"valueRequired\":true,\"valueName\":\"search_term_string\"}}],\"inLanguage\":\"fr-FR\"},{\"@type\":\"Organization\",\"@id\":\"https:\\\/\\\/aigleshopping.ca\\\/#organization\",\"name\":\"Aigle Shopping Canada\",\"url\":\"https:\\\/\\\/aigleshopping.ca\\\/\",\"logo\":{\"@type\":\"ImageObject\",\"inLanguage\":\"fr-FR\",\"@id\":\"https:\\\/\\\/aigleshopping.ca\\\/#\\\/schema\\\/logo\\\/image\\\/\",\"url\":\"https:\\\/\\\/aigleshopping.ca\\\/wp-content\\\/uploads\\\/2025\\\/12\\\/logo_aigleshopping_ca.png\",\"contentUrl\":\"https:\\\/\\\/aigleshopping.ca\\\/wp-content\\\/uploads\\\/2025\\\/12\\\/logo_aigleshopping_ca.png\",\"width\":800,\"height\":233,\"caption\":\"Aigle Shopping Canada\"},\"image\":{\"@id\":\"https:\\\/\\\/aigleshopping.ca\\\/#\\\/schema\\\/logo\\\/image\\\/\"}}]}<\/script>\n<!-- \/ Yoast SEO plugin. -->","yoast_head_json":{"title":"Sac \u00e0 dos portable pliable pour animaux de compagnie Sac \u00e0 dos de voyage pour chats Avec roue universelle Sac \u00e0 roulettes pour animaux de compagnie - Aigle Shopping Canada","robots":{"index":"index","follow":"follow","max-snippet":"max-snippet:-1","max-image-preview":"max-image-preview:large","max-video-preview":"max-video-preview:-1"},"canonical":"https:\/\/aigleshopping.ca\/fr\/produit\/sac-a-dos-portable-pliable-pour-animaux-de-compagnie-sac-a-dos-de-voyage-pour-chats-avec-roue-universelle-sac-a-roulettes-pour-animaux-de-compagnie\/","og_locale":"fr_FR","og_type":"article","og_title":"Sac \u00e0 dos portable pliable pour animaux de compagnie Sac \u00e0 dos de voyage pour chats Avec roue universelle Sac \u00e0 roulettes pour animaux de compagnie - Aigle Shopping Canada","og_description":"Vue d&rsquo;ensemble : \u3010With or WIthout Trolley Pet Carrier Bag\u3011 \u3010Perfection des sacs \u00e0 dos pour chats et chiens\u3011 Poids sugg\u00e9r\u00e9 : 0-12lbs pour les chats petits \u00e0 moyens, 0-12lbs pour les chiens, les chiots. Approuv\u00e9 par la plupart des compagnies a\u00e9riennes sous le si\u00e8ge. Important : Veuillez v\u00e9rifier les exigences de votre compagnie a\u00e9rienne [&hellip;]","og_url":"https:\/\/aigleshopping.ca\/fr\/produit\/sac-a-dos-portable-pliable-pour-animaux-de-compagnie-sac-a-dos-de-voyage-pour-chats-avec-roue-universelle-sac-a-roulettes-pour-animaux-de-compagnie\/","og_site_name":"Aigle Shopping Canada","og_image":[{"width":800,"height":800,"url":"https:\/\/aigleshopping.ca\/wp-content\/uploads\/2025\/03\/1615723596153.jpg","type":"image\/jpeg"}],"twitter_card":"summary_large_image","twitter_misc":{"Dur\u00e9e de lecture estim\u00e9e":"1 minute"},"schema":{"@context":"https:\/\/schema.org","@graph":[{"@type":"WebPage","@id":"https:\/\/aigleshopping.ca\/fr\/produit\/sac-a-dos-portable-pliable-pour-animaux-de-compagnie-sac-a-dos-de-voyage-pour-chats-avec-roue-universelle-sac-a-roulettes-pour-animaux-de-compagnie\/","url":"https:\/\/aigleshopping.ca\/fr\/produit\/sac-a-dos-portable-pliable-pour-animaux-de-compagnie-sac-a-dos-de-voyage-pour-chats-avec-roue-universelle-sac-a-roulettes-pour-animaux-de-compagnie\/","name":"Sac \u00e0 dos portable pliable pour animaux de compagnie Sac \u00e0 dos de voyage pour chats Avec roue universelle Sac \u00e0 roulettes pour animaux de compagnie - Aigle Shopping Canada","isPartOf":{"@id":"https:\/\/aigleshopping.ca\/#website"},"primaryImageOfPage":{"@id":"https:\/\/aigleshopping.ca\/fr\/produit\/sac-a-dos-portable-pliable-pour-animaux-de-compagnie-sac-a-dos-de-voyage-pour-chats-avec-roue-universelle-sac-a-roulettes-pour-animaux-de-compagnie\/#primaryimage"},"image":{"@id":"https:\/\/aigleshopping.ca\/fr\/produit\/sac-a-dos-portable-pliable-pour-animaux-de-compagnie-sac-a-dos-de-voyage-pour-chats-avec-roue-universelle-sac-a-roulettes-pour-animaux-de-compagnie\/#primaryimage"},"thumbnailUrl":"https:\/\/aigleshopping.ca\/wp-content\/uploads\/2025\/03\/1615723596153.jpg","datePublished":"2025-03-07T23:42:55+00:00","breadcrumb":{"@id":"https:\/\/aigleshopping.ca\/fr\/produit\/sac-a-dos-portable-pliable-pour-animaux-de-compagnie-sac-a-dos-de-voyage-pour-chats-avec-roue-universelle-sac-a-roulettes-pour-animaux-de-compagnie\/#breadcrumb"},"inLanguage":"fr-FR","potentialAction":[{"@type":"ReadAction","target":["https:\/\/aigleshopping.ca\/fr\/produit\/sac-a-dos-portable-pliable-pour-animaux-de-compagnie-sac-a-dos-de-voyage-pour-chats-avec-roue-universelle-sac-a-roulettes-pour-animaux-de-compagnie\/"]}]},{"@type":"ImageObject","inLanguage":"fr-FR","@id":"https:\/\/aigleshopping.ca\/fr\/produit\/sac-a-dos-portable-pliable-pour-animaux-de-compagnie-sac-a-dos-de-voyage-pour-chats-avec-roue-universelle-sac-a-roulettes-pour-animaux-de-compagnie\/#primaryimage","url":"https:\/\/aigleshopping.ca\/wp-content\/uploads\/2025\/03\/1615723596153.jpg","contentUrl":"https:\/\/aigleshopping.ca\/wp-content\/uploads\/2025\/03\/1615723596153.jpg","width":800,"height":800},{"@type":"BreadcrumbList","@id":"https:\/\/aigleshopping.ca\/fr\/produit\/sac-a-dos-portable-pliable-pour-animaux-de-compagnie-sac-a-dos-de-voyage-pour-chats-avec-roue-universelle-sac-a-roulettes-pour-animaux-de-compagnie\/#breadcrumb","itemListElement":[{"@type":"ListItem","position":1,"name":"Home","item":"https:\/\/aigleshopping.ca\/fr\/home\/"},{"@type":"ListItem","position":2,"name":"Products","item":"https:\/\/aigleshopping.ca\/shop\/"},{"@type":"ListItem","position":3,"name":"Sac \u00e0 dos portable pliable pour animaux de compagnie Sac \u00e0 dos de voyage pour chats Avec roue universelle Sac \u00e0 roulettes pour animaux de compagnie"}]},{"@type":"WebSite","@id":"https:\/\/aigleshopping.ca\/#website","url":"https:\/\/aigleshopping.ca\/","name":"Aigle Shopping Canada","description":"Au-del\u00e0 des fronti\u00e8res, pour vous offrir le\u00a0meilleur!","publisher":{"@id":"https:\/\/aigleshopping.ca\/#organization"},"potentialAction":[{"@type":"SearchAction","target":{"@type":"EntryPoint","urlTemplate":"https:\/\/aigleshopping.ca\/?s={search_term_string}"},"query-input":{"@type":"PropertyValueSpecification","valueRequired":true,"valueName":"search_term_string"}}],"inLanguage":"fr-FR"},{"@type":"Organization","@id":"https:\/\/aigleshopping.ca\/#organization","name":"Aigle Shopping Canada","url":"https:\/\/aigleshopping.ca\/","logo":{"@type":"ImageObject","inLanguage":"fr-FR","@id":"https:\/\/aigleshopping.ca\/#\/schema\/logo\/image\/","url":"https:\/\/aigleshopping.ca\/wp-content\/uploads\/2025\/12\/logo_aigleshopping_ca.png","contentUrl":"https:\/\/aigleshopping.ca\/wp-content\/uploads\/2025\/12\/logo_aigleshopping_ca.png","width":800,"height":233,"caption":"Aigle Shopping Canada"},"image":{"@id":"https:\/\/aigleshopping.ca\/#\/schema\/logo\/image\/"}}]}},"jetpack_sharing_enabled":true,"_links":{"self":[{"href":"https:\/\/aigleshopping.ca\/fr\/wp-json\/wp\/v2\/product\/21547","targetHints":{"allow":["GET"]}}],"collection":[{"href":"https:\/\/aigleshopping.ca\/fr\/wp-json\/wp\/v2\/product"}],"about":[{"href":"https:\/\/aigleshopping.ca\/fr\/wp-json\/wp\/v2\/types\/product"}],"replies":[{"embeddable":true,"href":"https:\/\/aigleshopping.ca\/fr\/wp-json\/wp\/v2\/comments?post=21547"}],"wp:featuredmedia":[{"embeddable":true,"href":"https:\/\/aigleshopping.ca\/fr\/wp-json\/wp\/v2\/media\/13573"}],"wp:attachment":[{"href":"https:\/\/aigleshopping.ca\/fr\/wp-json\/wp\/v2\/media?parent=21547"}],"wp:term":[{"taxonomy":"product_brand","embeddable":true,"href":"https:\/\/aigleshopping.ca\/fr\/wp-json\/wp\/v2\/product_brand?post=21547"},{"taxonomy":"product_cat","embeddable":true,"href":"https:\/\/aigleshopping.ca\/fr\/wp-json\/wp\/v2\/product_cat?post=21547"},{"taxonomy":"product_tag","embeddable":true,"href":"https:\/\/aigleshopping.ca\/fr\/wp-json\/wp\/v2\/product_tag?post=21547"}],"curies":[{"name":"wp","href":"https:\/\/api.w.org\/{rel}","templated":true}]}}